{"id":182607,"date":"2023-02-13T14:50:55","date_gmt":"2023-02-13T17:50:55","guid":{"rendered":"https:\/\/www.trustedtranslations.com\/?page_id=182607"},"modified":"2024-09-09T18:07:47","modified_gmt":"2024-09-09T21:07:47","slug":"data-anonymization","status":"publish","type":"page","link":"https:\/\/www.trustedtranslations.com\/it\/servizi\/automatica\/data-anonymization","title":{"rendered":"Anonimizzazione dei dati"},"content":{"rendered":"","protected":false},"excerpt":{"rendered":"","protected":false},"author":1,"featured_media":248082,"parent":123299,"menu_order":5,"comment_status":"closed","ping_status":"closed","template":"","meta":{"site-sidebar-layout":"default","site-content-layout":"default","ast-site-content-layout":"default","site-content-style":"default","site-sidebar-style":"default","ast-global-header-display":"","ast-banner-title-visibility":"","ast-main-header-display":"","ast-hfb-above-header-display":"","ast-hfb-below-header-display":"","ast-hfb-mobile-header-display":"","site-post-title":"disabled","ast-breadcrumbs-content":"","ast-featured-img":"","footer-sml-layout":"","ast-disable-related-posts":"","theme-transparent-header-meta":"default","adv-header-id-meta":"","stick-header-meta":"","header-above-stick-meta":"","header-main-stick-meta":"","header-below-stick-meta":"","astra-migrate-meta-layouts":"set","ast-page-background-enabled":"default","ast-page-background-meta":{"desktop":{"background-color":"var(--ast-global-color-4)","background-image":"","background-repeat":"repeat","background-position":"center center","background-size":"auto","background-attachment":"scroll","background-type":"","background-media":"","overlay-type":"","overlay-color":"","overlay-opacity":"","overlay-gradient":""},"tablet":{"background-color":"","background-image":"","background-repeat":"repeat","background-position":"center center","background-size":"auto","background-attachment":"scroll","background-type":"","background-media":"","overlay-type":"","overlay-color":"","overlay-opacity":"","overlay-gradient":""},"mobile":{"background-color":"","background-image":"","background-repeat":"repeat","background-position":"center center","background-size":"auto","background-attachment":"scroll","background-type":"","background-media":"","overlay-type":"","overlay-color":"","overlay-opacity":"","overlay-gradient":""}},"ast-content-background-meta":{"desktop":{"background-color":"var(--ast-global-color-5)","background-image":"","background-repeat":"repeat","background-position":"center center","background-size":"auto","background-attachment":"scroll","background-type":"","background-media":"","overlay-type":"","overlay-color":"","overlay-opacity":"","overlay-gradient":""},"tablet":{"background-color":"var(--ast-global-color-5)","background-image":"","background-repeat":"repeat","background-position":"center center","background-size":"auto","background-attachment":"scroll","background-type":"","background-media":"","overlay-type":"","overlay-color":"","overlay-opacity":"","overlay-gradient":""},"mobile":{"background-color":"var(--ast-global-color-5)","background-image":"","background-repeat":"repeat","background-position":"center center","background-size":"auto","background-attachment":"scroll","background-type":"","background-media":"","overlay-type":"","overlay-color":"","overlay-opacity":"","overlay-gradient":""}},"footnotes":""},"class_list":["post-182607","page","type-page","status-publish","has-post-thumbnail","hentry"],"yoast_head":"<!-- This site is optimized with the Yoast SEO plugin v27.5 - https:\/\/yoast.com\/product\/yoast-seo-wordpress\/ -->\n<title>Anonimizzazione dei dati per le traduzioni - Trusted Translations, Inc.<\/title>\n<meta name=\"description\" content=\"Gran parte del lavoro di Trusted Translations richiede la gestione di informazioni altamente sensibili: personali, finanziarie e relative alla salute, tra i molti altri aspetti.\" \/>\n<meta name=\"robots\" content=\"index, follow, max-snippet:-1, max-image-preview:large, max-video-preview:-1\" \/>\n<link rel=\"canonical\" href=\"https:\/\/www.trustedtranslations.com\/it\/servizi\/automatica\/data-anonymization\" \/>\n<meta property=\"og:locale\" content=\"it_IT\" \/>\n<meta property=\"og:type\" content=\"article\" \/>\n<meta property=\"og:title\" content=\"Anonimizzazione dei dati per le traduzioni - Trusted Translations, Inc.\" \/>\n<meta property=\"og:description\" content=\"Gran parte del lavoro di Trusted Translations richiede la gestione di informazioni altamente sensibili: personali, finanziarie e relative alla salute, tra i molti altri aspetti.\" \/>\n<meta property=\"og:url\" content=\"https:\/\/www.trustedtranslations.com\/it\/servizi\/automatica\/data-anonymization\" \/>\n<meta property=\"og:site_name\" content=\"Trusted Translations, Inc.\" \/>\n<meta property=\"article:publisher\" content=\"https:\/\/www.facebook.com\/Trusted.Translations\" \/>\n<meta property=\"article:modified_time\" content=\"2024-09-09T21:07:47+00:00\" \/>\n<meta property=\"og:image\" content=\"https:\/\/static.trustedtranslations.com\/wp-content\/uploads\/2024\/02\/Recurso-13-1.png\" \/>\n\t<meta property=\"og:image:width\" content=\"150\" \/>\n\t<meta property=\"og:image:height\" content=\"150\" \/>\n\t<meta property=\"og:image:type\" content=\"image\/png\" \/>\n<meta name=\"twitter:card\" content=\"summary_large_image\" \/>\n<meta name=\"twitter:site\" content=\"@TrustedT9ns\" \/>\n<script type=\"application\/ld+json\" class=\"yoast-schema-graph\">{\"@context\":\"https:\\\/\\\/schema.org\",\"@graph\":[{\"@type\":\"WebPage\",\"@id\":\"https:\\\/\\\/www.trustedtranslations.com\\\/it\\\/servizi\\\/automatica\\\/data-anonymization\",\"url\":\"https:\\\/\\\/www.trustedtranslations.com\\\/it\\\/servizi\\\/automatica\\\/data-anonymization\",\"name\":\"Anonimizzazione dei dati per le traduzioni - Trusted Translations, Inc.\",\"isPartOf\":{\"@id\":\"https:\\\/\\\/www.trustedtranslations.com\\\/it\\\/#website\"},\"primaryImageOfPage\":{\"@id\":\"https:\\\/\\\/www.trustedtranslations.com\\\/it\\\/servizi\\\/automatica\\\/data-anonymization#primaryimage\"},\"image\":{\"@id\":\"https:\\\/\\\/www.trustedtranslations.com\\\/it\\\/servizi\\\/automatica\\\/data-anonymization#primaryimage\"},\"thumbnailUrl\":\"https:\\\/\\\/www.trustedtranslations.com\\\/wp-content\\\/uploads\\\/2024\\\/02\\\/Recurso-13-1.png\",\"description\":\"Gran parte del lavoro di Trusted Translations richiede la gestione di informazioni altamente sensibili: personali, finanziarie e relative alla salute, tra i molti altri aspetti.\",\"breadcrumb\":{\"@id\":\"https:\\\/\\\/www.trustedtranslations.com\\\/it\\\/servizi\\\/automatica\\\/data-anonymization#breadcrumb\"},\"inLanguage\":\"it-IT\",\"potentialAction\":[{\"@type\":\"ReadAction\",\"target\":[\"https:\\\/\\\/www.trustedtranslations.com\\\/it\\\/servizi\\\/automatica\\\/data-anonymization\"]}]},{\"@type\":\"ImageObject\",\"inLanguage\":\"it-IT\",\"@id\":\"https:\\\/\\\/www.trustedtranslations.com\\\/it\\\/servizi\\\/automatica\\\/data-anonymization#primaryimage\",\"url\":\"https:\\\/\\\/www.trustedtranslations.com\\\/wp-content\\\/uploads\\\/2024\\\/02\\\/Recurso-13-1.png\",\"contentUrl\":\"https:\\\/\\\/www.trustedtranslations.com\\\/wp-content\\\/uploads\\\/2024\\\/02\\\/Recurso-13-1.png\",\"width\":150,\"height\":150,\"caption\":\"Recurso 13 1\"},{\"@type\":\"BreadcrumbList\",\"@id\":\"https:\\\/\\\/www.trustedtranslations.com\\\/it\\\/servizi\\\/automatica\\\/data-anonymization#breadcrumb\",\"itemListElement\":[{\"@type\":\"ListItem\",\"position\":1,\"name\":\"Home\",\"item\":\"https:\\\/\\\/www.trustedtranslations.com\\\/it\"},{\"@type\":\"ListItem\",\"position\":2,\"name\":\"Servizi\",\"item\":\"https:\\\/\\\/www.trustedtranslations.com\\\/it\\\/servizi\"},{\"@type\":\"ListItem\",\"position\":3,\"name\":\"Traduzione automatica\",\"item\":\"https:\\\/\\\/www.trustedtranslations.com\\\/it\\\/servizi\\\/automatica\"},{\"@type\":\"ListItem\",\"position\":4,\"name\":\"Anonimizzazione dei dati\"}]},{\"@type\":\"WebSite\",\"@id\":\"https:\\\/\\\/www.trustedtranslations.com\\\/it\\\/#website\",\"url\":\"https:\\\/\\\/www.trustedtranslations.com\\\/it\\\/\",\"name\":\"Trusted Translations, Inc.\",\"description\":\"Leader in translation and interpretation services.\",\"publisher\":{\"@id\":\"https:\\\/\\\/www.trustedtranslations.com\\\/it\\\/#organization\"},\"alternateName\":\"Trusted Translations\",\"potentialAction\":[{\"@type\":\"SearchAction\",\"target\":{\"@type\":\"EntryPoint\",\"urlTemplate\":\"https:\\\/\\\/www.trustedtranslations.com\\\/it\\\/?s={search_term_string}\"},\"query-input\":{\"@type\":\"PropertyValueSpecification\",\"valueRequired\":true,\"valueName\":\"search_term_string\"}}],\"inLanguage\":\"it-IT\"},{\"@type\":\"Organization\",\"@id\":\"https:\\\/\\\/www.trustedtranslations.com\\\/it\\\/#organization\",\"name\":\"Trusted Translations\",\"alternateName\":\"Trusted Translations, Inc.\",\"url\":\"https:\\\/\\\/www.trustedtranslations.com\\\/it\\\/\",\"logo\":{\"@type\":\"ImageObject\",\"inLanguage\":\"it-IT\",\"@id\":\"https:\\\/\\\/www.trustedtranslations.com\\\/it\\\/#\\\/schema\\\/logo\\\/image\\\/\",\"url\":\"https:\\\/\\\/static.trustedtranslations.com\\\/wp-content\\\/uploads\\\/2022\\\/01\\\/TT_logo_WSIColors-2.png\",\"contentUrl\":\"https:\\\/\\\/static.trustedtranslations.com\\\/wp-content\\\/uploads\\\/2022\\\/01\\\/TT_logo_WSIColors-2.png\",\"width\":500,\"height\":196,\"caption\":\"Trusted Translations\"},\"image\":{\"@id\":\"https:\\\/\\\/www.trustedtranslations.com\\\/it\\\/#\\\/schema\\\/logo\\\/image\\\/\"},\"sameAs\":[\"https:\\\/\\\/www.facebook.com\\\/Trusted.Translations\",\"https:\\\/\\\/x.com\\\/TrustedT9ns\",\"https:\\\/\\\/www.linkedin.com\\\/company\\\/trusted-translations\"]}]}<\/script>\n<!-- \/ Yoast SEO plugin. -->","yoast_head_json":{"title":"Anonimizzazione dei dati per le traduzioni - Trusted Translations, Inc.","description":"Gran parte del lavoro di Trusted Translations richiede la gestione di informazioni altamente sensibili: personali, finanziarie e relative alla salute, tra i molti altri aspetti.","robots":{"index":"index","follow":"follow","max-snippet":"max-snippet:-1","max-image-preview":"max-image-preview:large","max-video-preview":"max-video-preview:-1"},"canonical":"https:\/\/www.trustedtranslations.com\/it\/servizi\/automatica\/data-anonymization","og_locale":"it_IT","og_type":"article","og_title":"Anonimizzazione dei dati per le traduzioni - Trusted Translations, Inc.","og_description":"Gran parte del lavoro di Trusted Translations richiede la gestione di informazioni altamente sensibili: personali, finanziarie e relative alla salute, tra i molti altri aspetti.","og_url":"https:\/\/www.trustedtranslations.com\/it\/servizi\/automatica\/data-anonymization","og_site_name":"Trusted Translations, Inc.","article_publisher":"https:\/\/www.facebook.com\/Trusted.Translations","article_modified_time":"2024-09-09T21:07:47+00:00","og_image":[{"width":150,"height":150,"url":"https:\/\/static.trustedtranslations.com\/wp-content\/uploads\/2024\/02\/Recurso-13-1.png","type":"image\/png"}],"twitter_card":"summary_large_image","twitter_site":"@TrustedT9ns","schema":{"@context":"https:\/\/schema.org","@graph":[{"@type":"WebPage","@id":"https:\/\/www.trustedtranslations.com\/it\/servizi\/automatica\/data-anonymization","url":"https:\/\/www.trustedtranslations.com\/it\/servizi\/automatica\/data-anonymization","name":"Anonimizzazione dei dati per le traduzioni - Trusted Translations, Inc.","isPartOf":{"@id":"https:\/\/www.trustedtranslations.com\/it\/#website"},"primaryImageOfPage":{"@id":"https:\/\/www.trustedtranslations.com\/it\/servizi\/automatica\/data-anonymization#primaryimage"},"image":{"@id":"https:\/\/www.trustedtranslations.com\/it\/servizi\/automatica\/data-anonymization#primaryimage"},"thumbnailUrl":"https:\/\/www.trustedtranslations.com\/wp-content\/uploads\/2024\/02\/Recurso-13-1.png","description":"Gran parte del lavoro di Trusted Translations richiede la gestione di informazioni altamente sensibili: personali, finanziarie e relative alla salute, tra i molti altri aspetti.","breadcrumb":{"@id":"https:\/\/www.trustedtranslations.com\/it\/servizi\/automatica\/data-anonymization#breadcrumb"},"inLanguage":"it-IT","potentialAction":[{"@type":"ReadAction","target":["https:\/\/www.trustedtranslations.com\/it\/servizi\/automatica\/data-anonymization"]}]},{"@type":"ImageObject","inLanguage":"it-IT","@id":"https:\/\/www.trustedtranslations.com\/it\/servizi\/automatica\/data-anonymization#primaryimage","url":"https:\/\/www.trustedtranslations.com\/wp-content\/uploads\/2024\/02\/Recurso-13-1.png","contentUrl":"https:\/\/www.trustedtranslations.com\/wp-content\/uploads\/2024\/02\/Recurso-13-1.png","width":150,"height":150,"caption":"Recurso 13 1"},{"@type":"BreadcrumbList","@id":"https:\/\/www.trustedtranslations.com\/it\/servizi\/automatica\/data-anonymization#breadcrumb","itemListElement":[{"@type":"ListItem","position":1,"name":"Home","item":"https:\/\/www.trustedtranslations.com\/it"},{"@type":"ListItem","position":2,"name":"Servizi","item":"https:\/\/www.trustedtranslations.com\/it\/servizi"},{"@type":"ListItem","position":3,"name":"Traduzione automatica","item":"https:\/\/www.trustedtranslations.com\/it\/servizi\/automatica"},{"@type":"ListItem","position":4,"name":"Anonimizzazione dei dati"}]},{"@type":"WebSite","@id":"https:\/\/www.trustedtranslations.com\/it\/#website","url":"https:\/\/www.trustedtranslations.com\/it\/","name":"Trusted Translations, Inc.","description":"Leader in translation and interpretation services.","publisher":{"@id":"https:\/\/www.trustedtranslations.com\/it\/#organization"},"alternateName":"Trusted Translations","potentialAction":[{"@type":"SearchAction","target":{"@type":"EntryPoint","urlTemplate":"https:\/\/www.trustedtranslations.com\/it\/?s={search_term_string}"},"query-input":{"@type":"PropertyValueSpecification","valueRequired":true,"valueName":"search_term_string"}}],"inLanguage":"it-IT"},{"@type":"Organization","@id":"https:\/\/www.trustedtranslations.com\/it\/#organization","name":"Trusted Translations","alternateName":"Trusted Translations, Inc.","url":"https:\/\/www.trustedtranslations.com\/it\/","logo":{"@type":"ImageObject","inLanguage":"it-IT","@id":"https:\/\/www.trustedtranslations.com\/it\/#\/schema\/logo\/image\/","url":"https:\/\/static.trustedtranslations.com\/wp-content\/uploads\/2022\/01\/TT_logo_WSIColors-2.png","contentUrl":"https:\/\/static.trustedtranslations.com\/wp-content\/uploads\/2022\/01\/TT_logo_WSIColors-2.png","width":500,"height":196,"caption":"Trusted Translations"},"image":{"@id":"https:\/\/www.trustedtranslations.com\/it\/#\/schema\/logo\/image\/"},"sameAs":["https:\/\/www.facebook.com\/Trusted.Translations","https:\/\/x.com\/TrustedT9ns","https:\/\/www.linkedin.com\/company\/trusted-translations"]}]}},"toolset-meta":{"dyk":{"mensaje-1":{"type":"textfield","raw":"Rispettiamo la sezione 508 dello United States Workforce Rehabilitation Act del 1973."},"mensaje-2":{"type":"textfield","raw":"<em>Trusted Translations<\/em> crede nell\u2019importanza di fornire la stessa accessibilit\u00e0 a tutti gli utenti."},"mensaje-3":{"type":"textfield","raw":"Ci assicuriamo che i vostri documenti soddisfino tutti gli standard di accessibilit\u00e0 web WCAG."},"mensaje-4":{"type":"textfield","raw":"Rendiamo accessibile il vostro sito web in modo che possiate raggiungere un pubblico pi\u00f9 ampio possibile."},"mensaje-5":{"type":"textfield","raw":""},"mensaje-6":{"type":"textfield","raw":""}},"single-page-template-fields":{"imgs-temp":{"type":"image","raw":["https:\/\/static.trustedtranslations.com\/wp-content\/uploads\/2024\/07\/Anonymization-2-1.webp"],"repeatable":[{"raw":"https:\/\/static.trustedtranslations.com\/wp-content\/uploads\/2024\/07\/Anonymization-2-1.webp"}]},"imgs-temp-cel":{"type":"image","raw":[""],"repeatable":[{"raw":""}]},"img-temp-one-cel":{"type":"image","raw":"https:\/\/static.trustedtranslations.com\/wp-content\/uploads\/2024\/07\/Anonymization-3.webp","attachment_id":null},"quotes":{"type":"textarea","raw":"<h1 style=\"margin-bottom: 12px;\">Anonimizzazione dei dati<\/h1>\r\nNell\u2019era digitale, fare affari nel mondo globalizzato dipende sempre pi\u00f9 dalla disponibilit\u00e0 di tecnologie all\u2019avanguardia. Ogni giorno vengono generate grandi quantit\u00e0 di dati, spesso sensibili e personali. Spesso necessari per svolgere delicati servizi a pagamento da parte di fornitori fintech e sanitari (e di societ\u00e0 di traduzione come Trusted Translations), i dati personali offrono anche ai professionisti del marketing informazioni inestimabili sulle preferenze dei consumatori; pertanto, la protezione dei dati sta diventando un fattore sempre pi\u00f9 importante per strategie aziendali efficaci.\r\n<div style=\"margin-top: 2.5vw;\"><a class=\"tt-btn-main-cta\" href=\"https:\/\/www.trustedtranslations.com\/it\/quote\">Richiedi un preventivo gratuito<\/a><\/div>"},"text-1":{"type":"textarea","raw":"<h2>Anonimizzazione dei dati: proteggere la privacy e migliorare le offerte per i consumatori<\/h2>\u00c8 qui che entra in gioco l\u2019anonimizzazione dei dati, che protegge le informazioni riservate rimuovendo o crittografando gli identificatori individuali. Consentendo la condivisione dei dati senza rischi tra piattaforme di media digitali, promuove offerte pi\u00f9 interessanti per i consumatori.\r\n<h2>Cos\u2019\u00e8 l'anonimizzazione dei dati?<img class=\"wp-image-177111 alignleft\" src=\"https:\/\/static.trustedtranslations.com\/wp-content\/uploads\/2023\/01\/Anonymization-1-300x215.jpg\" alt=\"\" width=\"500\" height=\"358\" \/><\/h2>\r\nQuando le informazioni sensibili e\/o personali vengono archiviate nei database aziendali (spesso associando nomi utente a nomi legali, numeri di telefono, numeri di previdenza sociale, e-mail e indirizzi), c\u2019\u00e8 sempre il rischio di fughe di notizie. Anche il software pi\u00f9 sicuro pu\u00f2 essere attaccato dagli hacker attraverso scappatoie impreviste e backdoor dannose.\r\n\r\nTuttavia, sottoporre tali informazioni a un processo di anonimizzazione evita l\u2019identificazione della fonte. Nuove normative sulla protezione dei dati stanno entrando in vigore in tutto il mondo, come il Regolamento generale sulla protezione dei dati (GDPR) in Europa, che consente alle aziende di raccogliere dati anonimi senza richiedere il consenso individuale. Tutto ci\u00f2 che serve \u00e8 rimuovere gli identificatori dei dati. La legislazione pi\u00f9 recente include la LGPD in Brasile e il POPI in Sud Africa, con leggi simili promulgate in alcuni stati degli Stati Uniti.\r\n<h2>Tecniche di anonimizzazione dei dati<\/h2>\r\nVi sono pi\u00f9 modi per rendere anonimi i dati. A seconda degli scopi pianificati e dei sistemi che utilizzano tali informazioni, le attuali tecnologie di anonimizzazione includono:\r\n<ul>\r\n \t<li><strong>Pseudonimizzazione:<\/strong> sostituisce gli identificatori privati con pseudonimi (come cambiare casualmente ogni Miller, ad esempio, in Baker, Cooper, Porter o Smith), pur mantenendo la piena integrit\u00e0 e accuratezza dei dati, una soluzione ideale a scopo di test e formazione;<\/li>\r\n \t<li><strong>Generalizzazione:<\/strong> riduce l\u2019identificabilit\u00e0 alterando i dettagli (come i numeri degli appartamenti o le citt\u00e0), mentre le informazioni rimangono comunque sufficientemente accurate per gli scopi pianificati;<\/li>\r\n \t<li><strong>Scrambling dei dati:<\/strong> \u00e8 una tecnica ampiamente utilizzata che mescola le cifre o le lettere in un attributo in modo irreversibile, quindi i dati non potranno mai essere ricondotti ai record originali;<\/li>\r\n \t<li><strong>Mascheramento dei dati:<\/strong> nasconde i dati tramite valori alterati in database duplicati in cui \u00e8 possibile utilizzare tecniche di modifica, come la sostituzione di caratteri e parole, la crittografia e lo shuffling, sebbene inadatte all\u2019ingegneria inversa;<\/li>\r\n \t<li><strong>Sfocatura dei dati:<\/strong> riduce le informazioni in modo accurato, poich\u00e9 questa tecnica di approssimazione altera i valori quel tanto che basta per ridurre al minimo le possibilit\u00e0 di identificazione, garantendo cos\u00ec l\u2019anonimato individuale;<\/li>\r\n \t<li><strong>Scambi di dati:<\/strong> alterano i valori degli attributi (nomi, date di nascita) nei set di dati, che quindi non corrispondono ai record originali, garantendo un\u2019anonimizzazione pi\u00f9 efficace del database;<\/li>\r\n \t<li><strong>Crittografia dei dati:<\/strong> \u00e8 forse la tecnica di anonimizzazione dei dati pi\u00f9 efficace, che trasforma le informazioni personali in forma codificata illeggibile protetta da password, recuperabile nel formato originale solo da utenti autorizzati.<\/li>\r\n<\/ul>"},"shortcode-map":{"type":"textfield","raw":""},"dyk-shortcode":{"type":"textfield","raw":"[elementor-template id=\"146751\"]"},"text-2":{"type":"textarea","raw":"<h2>Pro e contro dell\u2019anonimizzazione dei dati<img class=\"alignright wp-image-177150\" src=\"https:\/\/static.trustedtranslations.com\/wp-content\/uploads\/2023\/01\/secure-login-1-300x200.jpg\" alt=\"\" width=\"500\" height=\"334\" \/><\/h2>\r\n<strong>Vantaggi:<\/strong> la conformit\u00e0 alle leggi sulla sicurezza dei dati consente ai consumatori di sentirsi pi\u00f9 a proprio agio nel condividere le proprie informazioni personali con le aziende. Seguire buoni principi di gestione dei dati (che ovviamente variano a seconda del settore e del paese) aiuta le aziende a evitare titoli negativi che ne offuscano la reputazione e ne riducono i margini di profitto.\r\n\r\n<strong>Svantaggi:<\/strong> quando i dati vengono raccolti senza identificatori personali, il loro valore di marketing precipita. Offrendo meno informazioni significative sulle preferenze dei clienti, impongono vincoli alle comunicazioni personalizzate. Pur prevenendo disastrose violazioni dei dati da parte di hacker esterni, i dati resi anonimi facilitano l\u2019individuazione dei colpevoli interni. Questo perch\u00e9 solo il personale autorizzato pu\u00f2 accedere ai dati sensibili tramite accessi e password sicuri con registrazione temporale.\r\n<h2>Anonimizzazione dei dati per le traduzioni<\/h2>\r\nGran parte del lavoro di Trusted Translations richiede la gestione di informazioni altamente sensibili: personali, finanziarie e relative alla salute, tra i molti altri aspetti. Ecco perch\u00e9 l\u2019anonimizzazione dei dati \u00e8 uno dei servizi di gestione dei documenti di Trusted Translations, per garantire conformit\u00e0 e tranquillit\u00e0 a tutti i nostri clienti."},"state":{"type":"textfield","raw":""},"city":{"type":"textarea","raw":[]}}},"_links":{"self":[{"href":"https:\/\/www.trustedtranslations.com\/it\/wp-json\/wp\/v2\/pages\/182607","targetHints":{"allow":["GET"]}}],"collection":[{"href":"https:\/\/www.trustedtranslations.com\/it\/wp-json\/wp\/v2\/pages"}],"about":[{"href":"https:\/\/www.trustedtranslations.com\/it\/wp-json\/wp\/v2\/types\/page"}],"author":[{"embeddable":true,"href":"https:\/\/www.trustedtranslations.com\/it\/wp-json\/wp\/v2\/users\/1"}],"replies":[{"embeddable":true,"href":"https:\/\/www.trustedtranslations.com\/it\/wp-json\/wp\/v2\/comments?post=182607"}],"version-history":[{"count":0,"href":"https:\/\/www.trustedtranslations.com\/it\/wp-json\/wp\/v2\/pages\/182607\/revisions"}],"up":[{"embeddable":true,"href":"https:\/\/www.trustedtranslations.com\/it\/wp-json\/wp\/v2\/pages\/123299"}],"wp:featuredmedia":[{"embeddable":true,"href":"https:\/\/www.trustedtranslations.com\/it\/wp-json\/wp\/v2\/media\/248082"}],"wp:attachment":[{"href":"https:\/\/www.trustedtranslations.com\/it\/wp-json\/wp\/v2\/media?parent=182607"}],"curies":[{"name":"wp","href":"https:\/\/api.w.org\/{rel}","templated":true}]}}