{"id":182609,"date":"2023-02-10T16:58:13","date_gmt":"2023-02-10T19:58:13","guid":{"rendered":"https:\/\/www.trustedtranslations.com\/?page_id=182609"},"modified":"2024-09-10T18:29:28","modified_gmt":"2024-09-10T21:29:28","slug":"teams","status":"publish","type":"page","link":"https:\/\/www.trustedtranslations.com\/it\/servizi\/vri\/teams","title":{"rendered":"Teams"},"content":{"rendered":"","protected":false},"excerpt":{"rendered":"","protected":false},"author":1,"featured_media":244618,"parent":160045,"menu_order":1,"comment_status":"closed","ping_status":"closed","template":"","meta":{"site-sidebar-layout":"default","site-content-layout":"default","ast-site-content-layout":"default","site-content-style":"default","site-sidebar-style":"default","ast-global-header-display":"","ast-banner-title-visibility":"","ast-main-header-display":"","ast-hfb-above-header-display":"","ast-hfb-below-header-display":"","ast-hfb-mobile-header-display":"","site-post-title":"disabled","ast-breadcrumbs-content":"","ast-featured-img":"","footer-sml-layout":"","ast-disable-related-posts":"","theme-transparent-header-meta":"default","adv-header-id-meta":"","stick-header-meta":"","header-above-stick-meta":"","header-main-stick-meta":"","header-below-stick-meta":"","astra-migrate-meta-layouts":"set","ast-page-background-enabled":"default","ast-page-background-meta":{"desktop":{"background-color":"var(--ast-global-color-4)","background-image":"","background-repeat":"repeat","background-position":"center center","background-size":"auto","background-attachment":"scroll","background-type":"","background-media":"","overlay-type":"","overlay-color":"","overlay-opacity":"","overlay-gradient":""},"tablet":{"background-color":"","background-image":"","background-repeat":"repeat","background-position":"center center","background-size":"auto","background-attachment":"scroll","background-type":"","background-media":"","overlay-type":"","overlay-color":"","overlay-opacity":"","overlay-gradient":""},"mobile":{"background-color":"","background-image":"","background-repeat":"repeat","background-position":"center center","background-size":"auto","background-attachment":"scroll","background-type":"","background-media":"","overlay-type":"","overlay-color":"","overlay-opacity":"","overlay-gradient":""}},"ast-content-background-meta":{"desktop":{"background-color":"var(--ast-global-color-5)","background-image":"","background-repeat":"repeat","background-position":"center center","background-size":"auto","background-attachment":"scroll","background-type":"","background-media":"","overlay-type":"","overlay-color":"","overlay-opacity":"","overlay-gradient":""},"tablet":{"background-color":"var(--ast-global-color-5)","background-image":"","background-repeat":"repeat","background-position":"center center","background-size":"auto","background-attachment":"scroll","background-type":"","background-media":"","overlay-type":"","overlay-color":"","overlay-opacity":"","overlay-gradient":""},"mobile":{"background-color":"var(--ast-global-color-5)","background-image":"","background-repeat":"repeat","background-position":"center center","background-size":"auto","background-attachment":"scroll","background-type":"","background-media":"","overlay-type":"","overlay-color":"","overlay-opacity":"","overlay-gradient":""}},"footnotes":""},"class_list":["post-182609","page","type-page","status-publish","has-post-thumbnail","hentry"],"yoast_head":"<!-- This site is optimized with the Yoast SEO plugin v27.3 - https:\/\/yoast.com\/product\/yoast-seo-wordpress\/ -->\n<title>Servizi di interpretariato su Microsoft Teams - Trusted Translations, Inc.<\/title>\n<meta name=\"description\" content=\"Trusted Translations \u00e8 leader nei servizi di interpretariato linguistico su Microsoft Teams. Chiamateci per richiedere un preventivo o una consulenza gratuita.\" \/>\n<meta name=\"robots\" content=\"index, follow, max-snippet:-1, max-image-preview:large, max-video-preview:-1\" \/>\n<link rel=\"canonical\" href=\"https:\/\/www.trustedtranslations.com\/it\/servizi\/vri\/teams\" \/>\n<meta property=\"og:locale\" content=\"it_IT\" \/>\n<meta property=\"og:type\" content=\"article\" \/>\n<meta property=\"og:title\" content=\"Servizi di interpretariato su Microsoft Teams - Trusted Translations, Inc.\" \/>\n<meta property=\"og:description\" content=\"Trusted Translations \u00e8 leader nei servizi di interpretariato linguistico su Microsoft Teams. Chiamateci per richiedere un preventivo o una consulenza gratuita.\" \/>\n<meta property=\"og:url\" content=\"https:\/\/www.trustedtranslations.com\/it\/servizi\/vri\/teams\" \/>\n<meta property=\"og:site_name\" content=\"Trusted Translations, Inc.\" \/>\n<meta property=\"article:publisher\" content=\"https:\/\/www.facebook.com\/Trusted.Translations\" \/>\n<meta property=\"article:modified_time\" content=\"2024-09-10T21:29:28+00:00\" \/>\n<meta property=\"og:image\" content=\"https:\/\/static.trustedtranslations.com\/wp-content\/uploads\/2024\/02\/TT-ICON_Remote-Multilingual-Inte-10.webp\" \/>\n\t<meta property=\"og:image:width\" content=\"151\" \/>\n\t<meta property=\"og:image:height\" content=\"151\" \/>\n\t<meta property=\"og:image:type\" content=\"image\/webp\" \/>\n<meta name=\"twitter:card\" content=\"summary_large_image\" \/>\n<meta name=\"twitter:site\" content=\"@TrustedT9ns\" \/>\n<script type=\"application\/ld+json\" class=\"yoast-schema-graph\">{\"@context\":\"https:\\\/\\\/schema.org\",\"@graph\":[{\"@type\":\"WebPage\",\"@id\":\"https:\\\/\\\/www.trustedtranslations.com\\\/it\\\/servizi\\\/vri\\\/teams\",\"url\":\"https:\\\/\\\/www.trustedtranslations.com\\\/it\\\/servizi\\\/vri\\\/teams\",\"name\":\"Servizi di interpretariato su Microsoft Teams - Trusted Translations, Inc.\",\"isPartOf\":{\"@id\":\"https:\\\/\\\/www.trustedtranslations.com\\\/it\\\/#website\"},\"primaryImageOfPage\":{\"@id\":\"https:\\\/\\\/www.trustedtranslations.com\\\/it\\\/servizi\\\/vri\\\/teams#primaryimage\"},\"image\":{\"@id\":\"https:\\\/\\\/www.trustedtranslations.com\\\/it\\\/servizi\\\/vri\\\/teams#primaryimage\"},\"thumbnailUrl\":\"https:\\\/\\\/www.trustedtranslations.com\\\/wp-content\\\/uploads\\\/2024\\\/02\\\/TT-ICON_Remote-Multilingual-Inte-10.webp\",\"description\":\"Trusted Translations \u00e8 leader nei servizi di interpretariato linguistico su Microsoft Teams. Chiamateci per richiedere un preventivo o una consulenza gratuita.\",\"breadcrumb\":{\"@id\":\"https:\\\/\\\/www.trustedtranslations.com\\\/it\\\/servizi\\\/vri\\\/teams#breadcrumb\"},\"inLanguage\":\"it-IT\",\"potentialAction\":[{\"@type\":\"ReadAction\",\"target\":[\"https:\\\/\\\/www.trustedtranslations.com\\\/it\\\/servizi\\\/vri\\\/teams\"]}]},{\"@type\":\"ImageObject\",\"inLanguage\":\"it-IT\",\"@id\":\"https:\\\/\\\/www.trustedtranslations.com\\\/it\\\/servizi\\\/vri\\\/teams#primaryimage\",\"url\":\"https:\\\/\\\/www.trustedtranslations.com\\\/wp-content\\\/uploads\\\/2024\\\/02\\\/TT-ICON_Remote-Multilingual-Inte-10.webp\",\"contentUrl\":\"https:\\\/\\\/www.trustedtranslations.com\\\/wp-content\\\/uploads\\\/2024\\\/02\\\/TT-ICON_Remote-Multilingual-Inte-10.webp\",\"width\":151,\"height\":151,\"caption\":\"TT ICON Remote Multilingual Inte 10\"},{\"@type\":\"BreadcrumbList\",\"@id\":\"https:\\\/\\\/www.trustedtranslations.com\\\/it\\\/servizi\\\/vri\\\/teams#breadcrumb\",\"itemListElement\":[{\"@type\":\"ListItem\",\"position\":1,\"name\":\"Home\",\"item\":\"https:\\\/\\\/www.trustedtranslations.com\\\/it\"},{\"@type\":\"ListItem\",\"position\":2,\"name\":\"Servizi\",\"item\":\"https:\\\/\\\/www.trustedtranslations.com\\\/it\\\/servizi\"},{\"@type\":\"ListItem\",\"position\":3,\"name\":\"Interpretariato video da remoto (VRI)\",\"item\":\"https:\\\/\\\/www.trustedtranslations.com\\\/it\\\/servizi\\\/vri\"},{\"@type\":\"ListItem\",\"position\":4,\"name\":\"Teams\"}]},{\"@type\":\"WebSite\",\"@id\":\"https:\\\/\\\/www.trustedtranslations.com\\\/it\\\/#website\",\"url\":\"https:\\\/\\\/www.trustedtranslations.com\\\/it\\\/\",\"name\":\"Trusted Translations, Inc.\",\"description\":\"Leader in translation and interpretation services.\",\"publisher\":{\"@id\":\"https:\\\/\\\/www.trustedtranslations.com\\\/it\\\/#organization\"},\"alternateName\":\"Trusted Translations\",\"potentialAction\":[{\"@type\":\"SearchAction\",\"target\":{\"@type\":\"EntryPoint\",\"urlTemplate\":\"https:\\\/\\\/www.trustedtranslations.com\\\/it\\\/?s={search_term_string}\"},\"query-input\":{\"@type\":\"PropertyValueSpecification\",\"valueRequired\":true,\"valueName\":\"search_term_string\"}}],\"inLanguage\":\"it-IT\"},{\"@type\":\"Organization\",\"@id\":\"https:\\\/\\\/www.trustedtranslations.com\\\/it\\\/#organization\",\"name\":\"Trusted Translations\",\"alternateName\":\"Trusted Translations, Inc.\",\"url\":\"https:\\\/\\\/www.trustedtranslations.com\\\/it\\\/\",\"logo\":{\"@type\":\"ImageObject\",\"inLanguage\":\"it-IT\",\"@id\":\"https:\\\/\\\/www.trustedtranslations.com\\\/it\\\/#\\\/schema\\\/logo\\\/image\\\/\",\"url\":\"https:\\\/\\\/static.trustedtranslations.com\\\/wp-content\\\/uploads\\\/2022\\\/01\\\/TT_logo_WSIColors-2.png\",\"contentUrl\":\"https:\\\/\\\/static.trustedtranslations.com\\\/wp-content\\\/uploads\\\/2022\\\/01\\\/TT_logo_WSIColors-2.png\",\"width\":500,\"height\":196,\"caption\":\"Trusted Translations\"},\"image\":{\"@id\":\"https:\\\/\\\/www.trustedtranslations.com\\\/it\\\/#\\\/schema\\\/logo\\\/image\\\/\"},\"sameAs\":[\"https:\\\/\\\/www.facebook.com\\\/Trusted.Translations\",\"https:\\\/\\\/x.com\\\/TrustedT9ns\",\"https:\\\/\\\/www.linkedin.com\\\/company\\\/trusted-translations\"]}]}<\/script>\n<!-- \/ Yoast SEO plugin. -->","yoast_head_json":{"title":"Servizi di interpretariato su Microsoft Teams - Trusted Translations, Inc.","description":"Trusted Translations \u00e8 leader nei servizi di interpretariato linguistico su Microsoft Teams. Chiamateci per richiedere un preventivo o una consulenza gratuita.","robots":{"index":"index","follow":"follow","max-snippet":"max-snippet:-1","max-image-preview":"max-image-preview:large","max-video-preview":"max-video-preview:-1"},"canonical":"https:\/\/www.trustedtranslations.com\/it\/servizi\/vri\/teams","og_locale":"it_IT","og_type":"article","og_title":"Servizi di interpretariato su Microsoft Teams - Trusted Translations, Inc.","og_description":"Trusted Translations \u00e8 leader nei servizi di interpretariato linguistico su Microsoft Teams. Chiamateci per richiedere un preventivo o una consulenza gratuita.","og_url":"https:\/\/www.trustedtranslations.com\/it\/servizi\/vri\/teams","og_site_name":"Trusted Translations, Inc.","article_publisher":"https:\/\/www.facebook.com\/Trusted.Translations","article_modified_time":"2024-09-10T21:29:28+00:00","og_image":[{"width":151,"height":151,"url":"https:\/\/static.trustedtranslations.com\/wp-content\/uploads\/2024\/02\/TT-ICON_Remote-Multilingual-Inte-10.webp","type":"image\/webp"}],"twitter_card":"summary_large_image","twitter_site":"@TrustedT9ns","schema":{"@context":"https:\/\/schema.org","@graph":[{"@type":"WebPage","@id":"https:\/\/www.trustedtranslations.com\/it\/servizi\/vri\/teams","url":"https:\/\/www.trustedtranslations.com\/it\/servizi\/vri\/teams","name":"Servizi di interpretariato su Microsoft Teams - Trusted Translations, Inc.","isPartOf":{"@id":"https:\/\/www.trustedtranslations.com\/it\/#website"},"primaryImageOfPage":{"@id":"https:\/\/www.trustedtranslations.com\/it\/servizi\/vri\/teams#primaryimage"},"image":{"@id":"https:\/\/www.trustedtranslations.com\/it\/servizi\/vri\/teams#primaryimage"},"thumbnailUrl":"https:\/\/www.trustedtranslations.com\/wp-content\/uploads\/2024\/02\/TT-ICON_Remote-Multilingual-Inte-10.webp","description":"Trusted Translations \u00e8 leader nei servizi di interpretariato linguistico su Microsoft Teams. Chiamateci per richiedere un preventivo o una consulenza gratuita.","breadcrumb":{"@id":"https:\/\/www.trustedtranslations.com\/it\/servizi\/vri\/teams#breadcrumb"},"inLanguage":"it-IT","potentialAction":[{"@type":"ReadAction","target":["https:\/\/www.trustedtranslations.com\/it\/servizi\/vri\/teams"]}]},{"@type":"ImageObject","inLanguage":"it-IT","@id":"https:\/\/www.trustedtranslations.com\/it\/servizi\/vri\/teams#primaryimage","url":"https:\/\/www.trustedtranslations.com\/wp-content\/uploads\/2024\/02\/TT-ICON_Remote-Multilingual-Inte-10.webp","contentUrl":"https:\/\/www.trustedtranslations.com\/wp-content\/uploads\/2024\/02\/TT-ICON_Remote-Multilingual-Inte-10.webp","width":151,"height":151,"caption":"TT ICON Remote Multilingual Inte 10"},{"@type":"BreadcrumbList","@id":"https:\/\/www.trustedtranslations.com\/it\/servizi\/vri\/teams#breadcrumb","itemListElement":[{"@type":"ListItem","position":1,"name":"Home","item":"https:\/\/www.trustedtranslations.com\/it"},{"@type":"ListItem","position":2,"name":"Servizi","item":"https:\/\/www.trustedtranslations.com\/it\/servizi"},{"@type":"ListItem","position":3,"name":"Interpretariato video da remoto (VRI)","item":"https:\/\/www.trustedtranslations.com\/it\/servizi\/vri"},{"@type":"ListItem","position":4,"name":"Teams"}]},{"@type":"WebSite","@id":"https:\/\/www.trustedtranslations.com\/it\/#website","url":"https:\/\/www.trustedtranslations.com\/it\/","name":"Trusted Translations, Inc.","description":"Leader in translation and interpretation services.","publisher":{"@id":"https:\/\/www.trustedtranslations.com\/it\/#organization"},"alternateName":"Trusted Translations","potentialAction":[{"@type":"SearchAction","target":{"@type":"EntryPoint","urlTemplate":"https:\/\/www.trustedtranslations.com\/it\/?s={search_term_string}"},"query-input":{"@type":"PropertyValueSpecification","valueRequired":true,"valueName":"search_term_string"}}],"inLanguage":"it-IT"},{"@type":"Organization","@id":"https:\/\/www.trustedtranslations.com\/it\/#organization","name":"Trusted Translations","alternateName":"Trusted Translations, Inc.","url":"https:\/\/www.trustedtranslations.com\/it\/","logo":{"@type":"ImageObject","inLanguage":"it-IT","@id":"https:\/\/www.trustedtranslations.com\/it\/#\/schema\/logo\/image\/","url":"https:\/\/static.trustedtranslations.com\/wp-content\/uploads\/2022\/01\/TT_logo_WSIColors-2.png","contentUrl":"https:\/\/static.trustedtranslations.com\/wp-content\/uploads\/2022\/01\/TT_logo_WSIColors-2.png","width":500,"height":196,"caption":"Trusted Translations"},"image":{"@id":"https:\/\/www.trustedtranslations.com\/it\/#\/schema\/logo\/image\/"},"sameAs":["https:\/\/www.facebook.com\/Trusted.Translations","https:\/\/x.com\/TrustedT9ns","https:\/\/www.linkedin.com\/company\/trusted-translations"]}]}},"toolset-meta":{"dyk":{"mensaje-1":{"type":"textfield","raw":"Forniamo traduzioni alle aziende Fortune 500 a tariffe inferiori del 25-50% rispetto al mercato."},"mensaje-2":{"type":"textfield","raw":"Ogni traduzione eseguita dai nostri team di esperti \u00e8 supportata dai Lloyd\u2019s di Londra."},"mensaje-3":{"type":"textfield","raw":"Trusted Translations \u00e8 un orgoglioso sostenitore del St. Jude Children\u2019s Research Hospital."},"mensaje-4":{"type":"textfield","raw":"Siamo stati nominati tra le \u201c500 migliori attivit\u00e0 di propriet\u00e0 ispano-americana\u201d negli Stati Uniti."},"mensaje-5":{"type":"textfield","raw":"Trusted Translations vanta oltre 5.000 clienti soddisfatti in quasi tutti i settori."},"mensaje-6":{"type":"textfield","raw":""}},"single-page-template-fields":{"imgs-temp":{"type":"image","raw":["https:\/\/static.trustedtranslations.com\/wp-content\/uploads\/2024\/07\/ms-teams-1.webp","https:\/\/static.trustedtranslations.com\/wp-content\/uploads\/2024\/07\/ms-teams-3-1.webp"],"repeatable":[{"raw":"https:\/\/static.trustedtranslations.com\/wp-content\/uploads\/2024\/07\/ms-teams-1.webp"},{"raw":"https:\/\/static.trustedtranslations.com\/wp-content\/uploads\/2024\/07\/ms-teams-3-1.webp"}]},"imgs-temp-cel":{"type":"image","raw":[""],"repeatable":[{"raw":""}]},"img-temp-one-cel":{"type":"image","raw":"https:\/\/static.trustedtranslations.com\/wp-content\/uploads\/2024\/07\/ms-teams-2-1.webp","attachment_id":null},"quotes":{"type":"textarea","raw":"<h1 style=\"margin-bottom: 12px;\">Servizi di interpretariato multilingue a distanza su Teams<\/h1>\r\nTra le molte opzioni per le piattaforme di lavoro da remoto, Microsoft Teams \u00e8 emerso come leader globale e principale alternativa a Zoom. Noi di Trusted Translations forniamo servizi di interpretariato professionale da remoto di alta qualit\u00e0 per riunioni, webinar e altri eventi su Teams.\r\n<div style=\"margin-top: 2.5vw;\"><a class=\"tt-btn-main-cta\" href=\"https:\/\/www.trustedtranslations.com\/it\/quote\">Richiedi un preventivo gratuito<\/a><\/div>"},"text-1":{"type":"textarea","raw":"<h2>Interpretariato professionale per riunioni di team e webinar<\/h2>\r\n<img class=\"alignleft wp-image-177225\" src=\"https:\/\/static.trustedtranslations.com\/wp-content\/uploads\/2023\/01\/ms-teams-3-1-1-300x200.jpg\" alt=\"\" width=\"500\" height=\"334\" \/>\r\n\r\nSviluppato dalla potentissima Microsoft, non sorprende che Microsoft Teams sia una piattaforma di collaborazione leader a livello globale. Infatti, con circa 270 milioni di utenti attivi al mese nel 2022, Teams \u00e8 la piattaforma di comunicazione aziendale pi\u00f9 utilizzata al mondo. Se state cercando servizi di interpretariato professionale per le riunioni su Teams, Trusted Translations lavorer\u00e0 con voi per assegnare interpreti esperti per l\u2019interpretariato in simultanea o in consecutiva a distanza.\r\n\r\nA partire da settembre 2022, Teams ha reso generalmente disponibile l\u2019interpretariato linguistico per riunioni pianificate, riunioni di canale, riunioni con un massimo di 1.000 partecipanti e webinar. Quando si aggiunge l\u2019interpretariato multilingue a Teams, gli organizzatori possono aggiungere fino a 16 combinazioni linguistiche diverse (ad esempio, dall\u2019inglese allo spagnolo) e tutti gli interpreti necessari alle 16 coppie linguistiche.\r\nDopo aver abilitato l\u2019interpretariato linguistico nelle impostazioni di Teams, all\u2019organizzatore baster\u00e0 cercare o selezionare il nome di un interprete e scegliere la lingua di origine e quella di destinazione. Tenete presente che, poich\u00e9 Teams attualmente consente solo l\u2019interpretariato unidirezionale, per le riunioni che coinvolgono pi\u00f9 lingue di origine sar\u00e0 necessario aggiungere altri interpreti.\r\n<h2>Vantaggi delle riunioni multilingue di Teams<\/h2>\r\nPerch\u00e9 utilizzare Teams per l\u2019interpretariato multilingue da remoto? A differenza di Zoom, che \u00e8 solo una piattaforma di videoconferenza, la natura pi\u00f9 completa di Teams offre alcuni vantaggi extra:\r\n<ul>\r\n \t<li>la profonda integrazione con i prodotti Office 365 offre facilit\u00e0 di coordinamento di documenti, fogli di calcolo, elenchi di cose da fare, etc.;<\/li>\r\n \t<li>\u00a0supportato da Microsoft, che offre supporto tecnico in oltre 40 lingue;<\/li>\r\n \t<li>nessun costo aggiuntivo se si dispone gi\u00e0 di un account Microsoft Business;<\/li>\r\n \t<li>viene gi\u00e0 utilizzato da numerose organizzazioni internazionali in tutto il mondo.<\/li>\r\n<\/ul>\r\nIn generale, l\u2019interpretariato video a distanza pu\u00f2 anche far risparmiare sui costi di viaggio e noleggio delle attrezzature, migliorando al contempo l\u2019accessibilit\u00e0 a un pubblico pi\u00f9 ampio."},"shortcode-map":{"type":"textfield","raw":""},"dyk-shortcode":{"type":"textfield","raw":"[elementor-template id=\"146751\"]"},"text-2":{"type":"textarea","raw":"<h2>Limitazioni di Teams per l\u2019interpretariato a distanza<\/h2>\r\nInsieme ai suoi numerosi vantaggi, vi sono diverse funzionalit\u00e0 di Microsoft Teams di cui tenere conto quando si prende una decisione in merito all\u2019adozione di una piattaforma di interpretariato da remoto:\r\n<ul>\r\n \t<li>l\u2019interpretariato in una riunione principale non viene trasferito nelle stanze per sottogruppi di lavoro;<\/li>\r\n \t<li>in una sessione registrata, l\u2019audio dell\u2019interprete non sar\u00e0 presente nella registrazione;<\/li>\r\n \t<li>l\u2019interpretariato non \u00e8 disponibile nelle riunioni crittografate end-to-end (E2EE);<\/li>\r\n \t<li>pu\u00f2 essere difficile assegnare i permessi e impostare la privacy, soprattutto per gli interpreti ospiti\/esterni;<\/li>\r\n \t<li>l\u2019interfaccia utente di Teams \u00e8 pi\u00f9 complessa rispetto a quella di Zoom.<\/li>\r\n<\/ul>\r\nAd esempio, se l\u2019oggetto della riunione deve essere crittografato o se prevedete di registrare sessioni multilingue per il successivo download, Teams potrebbe non essere la scelta giusta. Allo stesso modo, la pi\u00f9 complessa interfaccia utente di Teams potrebbe rappresentare un ostacolo se non tutti i partecipanti hanno familiarit\u00e0 con questa piattaforma. D\u2019altra parte, le funzionalit\u00e0 di produttivit\u00e0 integrate di Teams potrebbero essere di gran lunga preferibili per gli eventi interni della vostra azienda.\r\n<h2>Il nostro staff<img class=\"alignright wp-image-177240\" src=\"https:\/\/static.trustedtranslations.com\/wp-content\/uploads\/2023\/01\/video-remote-interpreter-300x200.jpg\" alt=\"\" width=\"500\" height=\"334\" \/><\/h2>\r\nNon siete sicuri che Teams sia adatto alle vostre esigenze di interpretariato da remoto? <em>Trusted Translations<\/em> offre interpretariato in simultanea e in consecutiva e pu\u00f2 aiutarvi a determinare quali servizi di interpretariato siano pi\u00f9 adatti alla vostra situazione. Conosciamo bene le complessit\u00e0 della piattaforma Microsoft Teams e come sfruttare al meglio l\u2019interpretariato da remoto per creare connessioni globali."},"state":{"type":"textfield","raw":""},"city":{"type":"textarea","raw":[]}}},"_links":{"self":[{"href":"https:\/\/www.trustedtranslations.com\/it\/wp-json\/wp\/v2\/pages\/182609","targetHints":{"allow":["GET"]}}],"collection":[{"href":"https:\/\/www.trustedtranslations.com\/it\/wp-json\/wp\/v2\/pages"}],"about":[{"href":"https:\/\/www.trustedtranslations.com\/it\/wp-json\/wp\/v2\/types\/page"}],"author":[{"embeddable":true,"href":"https:\/\/www.trustedtranslations.com\/it\/wp-json\/wp\/v2\/users\/1"}],"replies":[{"embeddable":true,"href":"https:\/\/www.trustedtranslations.com\/it\/wp-json\/wp\/v2\/comments?post=182609"}],"version-history":[{"count":0,"href":"https:\/\/www.trustedtranslations.com\/it\/wp-json\/wp\/v2\/pages\/182609\/revisions"}],"up":[{"embeddable":true,"href":"https:\/\/www.trustedtranslations.com\/it\/wp-json\/wp\/v2\/pages\/160045"}],"wp:featuredmedia":[{"embeddable":true,"href":"https:\/\/www.trustedtranslations.com\/it\/wp-json\/wp\/v2\/media\/244618"}],"wp:attachment":[{"href":"https:\/\/www.trustedtranslations.com\/it\/wp-json\/wp\/v2\/media?parent=182609"}],"curies":[{"name":"wp","href":"https:\/\/api.w.org\/{rel}","templated":true}]}}