{"id":182613,"date":"2023-02-10T17:53:13","date_gmt":"2023-02-10T20:53:13","guid":{"rendered":"https:\/\/www.trustedtranslations.com\/?page_id=182613"},"modified":"2024-09-23T17:10:32","modified_gmt":"2024-09-23T20:10:32","slug":"cisco-webex","status":"publish","type":"page","link":"https:\/\/www.trustedtranslations.com\/it\/servizi\/vri\/cisco-webex","title":{"rendered":"Cisco Webex"},"content":{"rendered":"","protected":false},"excerpt":{"rendered":"","protected":false},"author":1,"featured_media":244630,"parent":160045,"menu_order":3,"comment_status":"closed","ping_status":"closed","template":"","meta":{"site-sidebar-layout":"default","site-content-layout":"default","ast-site-content-layout":"default","site-content-style":"default","site-sidebar-style":"default","ast-global-header-display":"","ast-banner-title-visibility":"","ast-main-header-display":"","ast-hfb-above-header-display":"","ast-hfb-below-header-display":"","ast-hfb-mobile-header-display":"","site-post-title":"disabled","ast-breadcrumbs-content":"","ast-featured-img":"","footer-sml-layout":"","ast-disable-related-posts":"","theme-transparent-header-meta":"default","adv-header-id-meta":"","stick-header-meta":"","header-above-stick-meta":"","header-main-stick-meta":"","header-below-stick-meta":"","astra-migrate-meta-layouts":"set","ast-page-background-enabled":"default","ast-page-background-meta":{"desktop":{"background-color":"var(--ast-global-color-4)","background-image":"","background-repeat":"repeat","background-position":"center center","background-size":"auto","background-attachment":"scroll","background-type":"","background-media":"","overlay-type":"","overlay-color":"","overlay-opacity":"","overlay-gradient":""},"tablet":{"background-color":"","background-image":"","background-repeat":"repeat","background-position":"center center","background-size":"auto","background-attachment":"scroll","background-type":"","background-media":"","overlay-type":"","overlay-color":"","overlay-opacity":"","overlay-gradient":""},"mobile":{"background-color":"","background-image":"","background-repeat":"repeat","background-position":"center center","background-size":"auto","background-attachment":"scroll","background-type":"","background-media":"","overlay-type":"","overlay-color":"","overlay-opacity":"","overlay-gradient":""}},"ast-content-background-meta":{"desktop":{"background-color":"var(--ast-global-color-5)","background-image":"","background-repeat":"repeat","background-position":"center center","background-size":"auto","background-attachment":"scroll","background-type":"","background-media":"","overlay-type":"","overlay-color":"","overlay-opacity":"","overlay-gradient":""},"tablet":{"background-color":"var(--ast-global-color-5)","background-image":"","background-repeat":"repeat","background-position":"center center","background-size":"auto","background-attachment":"scroll","background-type":"","background-media":"","overlay-type":"","overlay-color":"","overlay-opacity":"","overlay-gradient":""},"mobile":{"background-color":"var(--ast-global-color-5)","background-image":"","background-repeat":"repeat","background-position":"center center","background-size":"auto","background-attachment":"scroll","background-type":"","background-media":"","overlay-type":"","overlay-color":"","overlay-opacity":"","overlay-gradient":""}},"footnotes":""},"class_list":["post-182613","page","type-page","status-publish","has-post-thumbnail","hentry"],"yoast_head":"<!-- This site is optimized with the Yoast SEO plugin v27.3 - https:\/\/yoast.com\/product\/yoast-seo-wordpress\/ -->\n<title>Servizi di interpretariato su Cisco Webex - Trusted Translations, Inc.<\/title>\n<meta name=\"description\" content=\"Trusted Translations \u00e8 leader nei servizi di interpretariato linguistico su Cisco Webex. Chiamateci per richiedere un preventivo o una consulenza gratuita.\" \/>\n<meta name=\"robots\" content=\"index, follow, max-snippet:-1, max-image-preview:large, max-video-preview:-1\" \/>\n<link rel=\"canonical\" href=\"https:\/\/www.trustedtranslations.com\/it\/servizi\/vri\/cisco-webex\" \/>\n<meta property=\"og:locale\" content=\"it_IT\" \/>\n<meta property=\"og:type\" content=\"article\" \/>\n<meta property=\"og:title\" content=\"Servizi di interpretariato su Cisco Webex - Trusted Translations, Inc.\" \/>\n<meta property=\"og:description\" content=\"Trusted Translations \u00e8 leader nei servizi di interpretariato linguistico su Cisco Webex. Chiamateci per richiedere un preventivo o una consulenza gratuita.\" \/>\n<meta property=\"og:url\" content=\"https:\/\/www.trustedtranslations.com\/it\/servizi\/vri\/cisco-webex\" \/>\n<meta property=\"og:site_name\" content=\"Trusted Translations, Inc.\" \/>\n<meta property=\"article:publisher\" content=\"https:\/\/www.facebook.com\/Trusted.Translations\" \/>\n<meta property=\"article:modified_time\" content=\"2024-09-23T20:10:32+00:00\" \/>\n<meta property=\"og:image\" content=\"https:\/\/static.trustedtranslations.com\/wp-content\/uploads\/2024\/02\/TT-ICON_Remote-Multilingual-Inte-9.webp\" \/>\n\t<meta property=\"og:image:width\" content=\"151\" \/>\n\t<meta property=\"og:image:height\" content=\"151\" \/>\n\t<meta property=\"og:image:type\" content=\"image\/webp\" \/>\n<meta name=\"twitter:card\" content=\"summary_large_image\" \/>\n<meta name=\"twitter:site\" content=\"@TrustedT9ns\" \/>\n<script type=\"application\/ld+json\" class=\"yoast-schema-graph\">{\"@context\":\"https:\\\/\\\/schema.org\",\"@graph\":[{\"@type\":\"WebPage\",\"@id\":\"https:\\\/\\\/www.trustedtranslations.com\\\/it\\\/servizi\\\/vri\\\/cisco-webex\",\"url\":\"https:\\\/\\\/www.trustedtranslations.com\\\/it\\\/servizi\\\/vri\\\/cisco-webex\",\"name\":\"Servizi di interpretariato su Cisco Webex - Trusted Translations, Inc.\",\"isPartOf\":{\"@id\":\"https:\\\/\\\/www.trustedtranslations.com\\\/it\\\/#website\"},\"primaryImageOfPage\":{\"@id\":\"https:\\\/\\\/www.trustedtranslations.com\\\/it\\\/servizi\\\/vri\\\/cisco-webex#primaryimage\"},\"image\":{\"@id\":\"https:\\\/\\\/www.trustedtranslations.com\\\/it\\\/servizi\\\/vri\\\/cisco-webex#primaryimage\"},\"thumbnailUrl\":\"https:\\\/\\\/www.trustedtranslations.com\\\/wp-content\\\/uploads\\\/2024\\\/02\\\/TT-ICON_Remote-Multilingual-Inte-9.webp\",\"description\":\"Trusted Translations \u00e8 leader nei servizi di interpretariato linguistico su Cisco Webex. Chiamateci per richiedere un preventivo o una consulenza gratuita.\",\"breadcrumb\":{\"@id\":\"https:\\\/\\\/www.trustedtranslations.com\\\/it\\\/servizi\\\/vri\\\/cisco-webex#breadcrumb\"},\"inLanguage\":\"it-IT\",\"potentialAction\":[{\"@type\":\"ReadAction\",\"target\":[\"https:\\\/\\\/www.trustedtranslations.com\\\/it\\\/servizi\\\/vri\\\/cisco-webex\"]}]},{\"@type\":\"ImageObject\",\"inLanguage\":\"it-IT\",\"@id\":\"https:\\\/\\\/www.trustedtranslations.com\\\/it\\\/servizi\\\/vri\\\/cisco-webex#primaryimage\",\"url\":\"https:\\\/\\\/www.trustedtranslations.com\\\/wp-content\\\/uploads\\\/2024\\\/02\\\/TT-ICON_Remote-Multilingual-Inte-9.webp\",\"contentUrl\":\"https:\\\/\\\/www.trustedtranslations.com\\\/wp-content\\\/uploads\\\/2024\\\/02\\\/TT-ICON_Remote-Multilingual-Inte-9.webp\",\"width\":151,\"height\":151,\"caption\":\"TT ICON Remote Multilingual Inte 9\"},{\"@type\":\"BreadcrumbList\",\"@id\":\"https:\\\/\\\/www.trustedtranslations.com\\\/it\\\/servizi\\\/vri\\\/cisco-webex#breadcrumb\",\"itemListElement\":[{\"@type\":\"ListItem\",\"position\":1,\"name\":\"Home\",\"item\":\"https:\\\/\\\/www.trustedtranslations.com\\\/it\"},{\"@type\":\"ListItem\",\"position\":2,\"name\":\"Servizi\",\"item\":\"https:\\\/\\\/www.trustedtranslations.com\\\/it\\\/servizi\"},{\"@type\":\"ListItem\",\"position\":3,\"name\":\"Interpretariato video da remoto (VRI)\",\"item\":\"https:\\\/\\\/www.trustedtranslations.com\\\/it\\\/servizi\\\/vri\"},{\"@type\":\"ListItem\",\"position\":4,\"name\":\"Cisco Webex\"}]},{\"@type\":\"WebSite\",\"@id\":\"https:\\\/\\\/www.trustedtranslations.com\\\/it\\\/#website\",\"url\":\"https:\\\/\\\/www.trustedtranslations.com\\\/it\\\/\",\"name\":\"Trusted Translations, Inc.\",\"description\":\"Leader in translation and interpretation services.\",\"publisher\":{\"@id\":\"https:\\\/\\\/www.trustedtranslations.com\\\/it\\\/#organization\"},\"alternateName\":\"Trusted Translations\",\"potentialAction\":[{\"@type\":\"SearchAction\",\"target\":{\"@type\":\"EntryPoint\",\"urlTemplate\":\"https:\\\/\\\/www.trustedtranslations.com\\\/it\\\/?s={search_term_string}\"},\"query-input\":{\"@type\":\"PropertyValueSpecification\",\"valueRequired\":true,\"valueName\":\"search_term_string\"}}],\"inLanguage\":\"it-IT\"},{\"@type\":\"Organization\",\"@id\":\"https:\\\/\\\/www.trustedtranslations.com\\\/it\\\/#organization\",\"name\":\"Trusted Translations\",\"alternateName\":\"Trusted Translations, Inc.\",\"url\":\"https:\\\/\\\/www.trustedtranslations.com\\\/it\\\/\",\"logo\":{\"@type\":\"ImageObject\",\"inLanguage\":\"it-IT\",\"@id\":\"https:\\\/\\\/www.trustedtranslations.com\\\/it\\\/#\\\/schema\\\/logo\\\/image\\\/\",\"url\":\"https:\\\/\\\/static.trustedtranslations.com\\\/wp-content\\\/uploads\\\/2022\\\/01\\\/TT_logo_WSIColors-2.png\",\"contentUrl\":\"https:\\\/\\\/static.trustedtranslations.com\\\/wp-content\\\/uploads\\\/2022\\\/01\\\/TT_logo_WSIColors-2.png\",\"width\":500,\"height\":196,\"caption\":\"Trusted Translations\"},\"image\":{\"@id\":\"https:\\\/\\\/www.trustedtranslations.com\\\/it\\\/#\\\/schema\\\/logo\\\/image\\\/\"},\"sameAs\":[\"https:\\\/\\\/www.facebook.com\\\/Trusted.Translations\",\"https:\\\/\\\/x.com\\\/TrustedT9ns\",\"https:\\\/\\\/www.linkedin.com\\\/company\\\/trusted-translations\"]}]}<\/script>\n<!-- \/ Yoast SEO plugin. -->","yoast_head_json":{"title":"Servizi di interpretariato su Cisco Webex - Trusted Translations, Inc.","description":"Trusted Translations \u00e8 leader nei servizi di interpretariato linguistico su Cisco Webex. Chiamateci per richiedere un preventivo o una consulenza gratuita.","robots":{"index":"index","follow":"follow","max-snippet":"max-snippet:-1","max-image-preview":"max-image-preview:large","max-video-preview":"max-video-preview:-1"},"canonical":"https:\/\/www.trustedtranslations.com\/it\/servizi\/vri\/cisco-webex","og_locale":"it_IT","og_type":"article","og_title":"Servizi di interpretariato su Cisco Webex - Trusted Translations, Inc.","og_description":"Trusted Translations \u00e8 leader nei servizi di interpretariato linguistico su Cisco Webex. Chiamateci per richiedere un preventivo o una consulenza gratuita.","og_url":"https:\/\/www.trustedtranslations.com\/it\/servizi\/vri\/cisco-webex","og_site_name":"Trusted Translations, Inc.","article_publisher":"https:\/\/www.facebook.com\/Trusted.Translations","article_modified_time":"2024-09-23T20:10:32+00:00","og_image":[{"width":151,"height":151,"url":"https:\/\/static.trustedtranslations.com\/wp-content\/uploads\/2024\/02\/TT-ICON_Remote-Multilingual-Inte-9.webp","type":"image\/webp"}],"twitter_card":"summary_large_image","twitter_site":"@TrustedT9ns","schema":{"@context":"https:\/\/schema.org","@graph":[{"@type":"WebPage","@id":"https:\/\/www.trustedtranslations.com\/it\/servizi\/vri\/cisco-webex","url":"https:\/\/www.trustedtranslations.com\/it\/servizi\/vri\/cisco-webex","name":"Servizi di interpretariato su Cisco Webex - Trusted Translations, Inc.","isPartOf":{"@id":"https:\/\/www.trustedtranslations.com\/it\/#website"},"primaryImageOfPage":{"@id":"https:\/\/www.trustedtranslations.com\/it\/servizi\/vri\/cisco-webex#primaryimage"},"image":{"@id":"https:\/\/www.trustedtranslations.com\/it\/servizi\/vri\/cisco-webex#primaryimage"},"thumbnailUrl":"https:\/\/www.trustedtranslations.com\/wp-content\/uploads\/2024\/02\/TT-ICON_Remote-Multilingual-Inte-9.webp","description":"Trusted Translations \u00e8 leader nei servizi di interpretariato linguistico su Cisco Webex. Chiamateci per richiedere un preventivo o una consulenza gratuita.","breadcrumb":{"@id":"https:\/\/www.trustedtranslations.com\/it\/servizi\/vri\/cisco-webex#breadcrumb"},"inLanguage":"it-IT","potentialAction":[{"@type":"ReadAction","target":["https:\/\/www.trustedtranslations.com\/it\/servizi\/vri\/cisco-webex"]}]},{"@type":"ImageObject","inLanguage":"it-IT","@id":"https:\/\/www.trustedtranslations.com\/it\/servizi\/vri\/cisco-webex#primaryimage","url":"https:\/\/www.trustedtranslations.com\/wp-content\/uploads\/2024\/02\/TT-ICON_Remote-Multilingual-Inte-9.webp","contentUrl":"https:\/\/www.trustedtranslations.com\/wp-content\/uploads\/2024\/02\/TT-ICON_Remote-Multilingual-Inte-9.webp","width":151,"height":151,"caption":"TT ICON Remote Multilingual Inte 9"},{"@type":"BreadcrumbList","@id":"https:\/\/www.trustedtranslations.com\/it\/servizi\/vri\/cisco-webex#breadcrumb","itemListElement":[{"@type":"ListItem","position":1,"name":"Home","item":"https:\/\/www.trustedtranslations.com\/it"},{"@type":"ListItem","position":2,"name":"Servizi","item":"https:\/\/www.trustedtranslations.com\/it\/servizi"},{"@type":"ListItem","position":3,"name":"Interpretariato video da remoto (VRI)","item":"https:\/\/www.trustedtranslations.com\/it\/servizi\/vri"},{"@type":"ListItem","position":4,"name":"Cisco Webex"}]},{"@type":"WebSite","@id":"https:\/\/www.trustedtranslations.com\/it\/#website","url":"https:\/\/www.trustedtranslations.com\/it\/","name":"Trusted Translations, Inc.","description":"Leader in translation and interpretation services.","publisher":{"@id":"https:\/\/www.trustedtranslations.com\/it\/#organization"},"alternateName":"Trusted Translations","potentialAction":[{"@type":"SearchAction","target":{"@type":"EntryPoint","urlTemplate":"https:\/\/www.trustedtranslations.com\/it\/?s={search_term_string}"},"query-input":{"@type":"PropertyValueSpecification","valueRequired":true,"valueName":"search_term_string"}}],"inLanguage":"it-IT"},{"@type":"Organization","@id":"https:\/\/www.trustedtranslations.com\/it\/#organization","name":"Trusted Translations","alternateName":"Trusted Translations, Inc.","url":"https:\/\/www.trustedtranslations.com\/it\/","logo":{"@type":"ImageObject","inLanguage":"it-IT","@id":"https:\/\/www.trustedtranslations.com\/it\/#\/schema\/logo\/image\/","url":"https:\/\/static.trustedtranslations.com\/wp-content\/uploads\/2022\/01\/TT_logo_WSIColors-2.png","contentUrl":"https:\/\/static.trustedtranslations.com\/wp-content\/uploads\/2022\/01\/TT_logo_WSIColors-2.png","width":500,"height":196,"caption":"Trusted Translations"},"image":{"@id":"https:\/\/www.trustedtranslations.com\/it\/#\/schema\/logo\/image\/"},"sameAs":["https:\/\/www.facebook.com\/Trusted.Translations","https:\/\/x.com\/TrustedT9ns","https:\/\/www.linkedin.com\/company\/trusted-translations"]}]}},"toolset-meta":{"dyk":{"mensaje-1":{"type":"textfield","raw":"Forniamo traduzioni alle aziende Fortune 500 a tariffe inferiori del 25-50% rispetto al mercato."},"mensaje-2":{"type":"textfield","raw":"Ogni traduzione eseguita dai nostri team di esperti \u00e8 supportata dai Lloyd\u2019s di Londra."},"mensaje-3":{"type":"textfield","raw":"Trusted Translations \u00e8 un orgoglioso sostenitore del St. Jude Children\u2019s Research Hospital."},"mensaje-4":{"type":"textfield","raw":"Siamo stati nominati tra le \u201c500 migliori attivit\u00e0 di propriet\u00e0 ispano-americana\u201d negli Stati Uniti."},"mensaje-5":{"type":"textfield","raw":"Trusted Translations vanta oltre 5.000 clienti soddisfatti in quasi tutti i settori."},"mensaje-6":{"type":"textfield","raw":""}},"single-page-template-fields":{"imgs-temp":{"type":"image","raw":["https:\/\/static.trustedtranslations.com\/wp-content\/uploads\/2024\/07\/cisco-webwx-1.webp","https:\/\/static.trustedtranslations.com\/wp-content\/uploads\/2024\/07\/cisco-webwx-2-1.webp"],"repeatable":[{"raw":"https:\/\/static.trustedtranslations.com\/wp-content\/uploads\/2024\/07\/cisco-webwx-1.webp"},{"raw":"https:\/\/static.trustedtranslations.com\/wp-content\/uploads\/2024\/07\/cisco-webwx-2-1.webp"}]},"imgs-temp-cel":{"type":"image","raw":[""],"repeatable":[{"raw":""}]},"img-temp-one-cel":{"type":"image","raw":"https:\/\/static.trustedtranslations.com\/wp-content\/uploads\/2024\/07\/cisco-webex-1.webp","attachment_id":null},"quotes":{"type":"textarea","raw":"<h1 style=\"margin-bottom: 12px;\">Servizi di interpretariato multilingue da remoto su Webex<\/h1>\r\nCisco Webex \u00e8 una popolare piattaforma di videoconferenza su cui fanno affidamento aziende di tutto il mondo. Il team di Trusted Translations pu\u00f2 aiutarvi a utilizzare al meglio le speciali funzioni di interpretazione da remoto di Webex per soddisfare le vostre esigenze multilingue.\r\n<div style=\"margin-top: 2.5vw;\"><a class=\"tt-btn-main-cta\" href=\"https:\/\/www.trustedtranslations.com\/it\/quote\">Richiedi un preventivo gratuito<\/a>"},"text-1":{"type":"textarea","raw":"<h2 style=\"margin-top: 5px;\">Interpretariato professionale per riunioni e webinar<\/h2>\r\nLa societ\u00e0 SaaS (software as a service) con sede in California Webex \u00e8 stata fondata nel 1995, quindi ha avuto molto tempo per affinare i propri prodotti di videoconferenza, con risultati eccellenti. A partire dal 2022, Cisco Webex \u00e8 il provider di chiamate cloud pi\u00f9 utilizzato al mondo e supporta oltre 39 milioni di utenti per chiamate cloud in tutto il mondo.\r\n\r\nEssendo il prodotto preferito di molte aziende internazionali, Webex dispone di un\u2019impressionante serie di funzionalit\u00e0 progettate specificamente per l\u2019interpretariato in simultanea da remoto. In qualit\u00e0 di organizzatore, \u00e8 possibile abilitare facilmente l\u2019interpretazione in simultanea per una riunione, gestire nuovi canali linguistici e assegnare interpreti durante le riunioni e persino pre-assegnare interpreti in Webex Meetings e Webinar (ma non in una sala riunioni personale). Durante la riunione gli interpreti sono designati da un simbolo speciale.\r\n<h2>Vantaggi delle riunioni multilingua di Cisco Webex<img class=\"alignright wp-image-177376\" src=\"https:\/\/static.trustedtranslations.com\/wp-content\/uploads\/2023\/01\/webex-1.jpg\" alt=\"\" width=\"500\" height=\"334\" \/><\/h2>\r\n<strong>\u00a0<\/strong>Nel complesso, Webex offre molte funzionalit\u00e0 che possono aiutare a supportare l\u2019interpretariato linguistico in consecutiva e in simultanea.\r\n<ul>\r\n \t<li>gli host possono aggiungere tutti gli interpreti che desiderano;<\/li>\r\n \t<li>lo stesso Webex Meetings supporta oltre 25 lingue;<\/li>\r\n \t<li>Webex consente l\u2019interpretazione linguistica bidirezionale;<\/li>\r\n \t<li>i partecipanti possono preselezionare il canale per la loro lingua preferita;<\/li>\r\n \t<li>\u00e8 basato su web, quindi i partecipanti non necessitano di scaricare software.<\/li>\r\n<\/ul>\r\nForse la caratteristica migliore da evidenziare \u00e8 che Webex consente l\u2019interpretazione bidirezionale, un miglioramento rispetto alle piattaforme unidirezionali come Microsoft Teams. Ci\u00f2 significa che in Webex \u00e8 possibile cambiare la direzione della lingua di destinazione se si svolge interpretariato in entrambe le direzioni."},"shortcode-map":{"type":"textfield","raw":""},"dyk-shortcode":{"type":"textfield","raw":"[elementor-template id=\"146751\"]"},"text-2":{"type":"textarea","raw":"<h2>Limitazioni di Cisco Webex per l\u2019interpretariato da remoto<\/h2>\r\n<strong>\u00a0<\/strong>Nonostante i suoi numerosi vantaggi, Webex presenta alcuni potenziali svantaggi da tenere a mente:\r\n<ul>\r\n \t<li>l\u2019interpretariato in simultanea non \u00e8 disponibile per i webinar nella visualizzazione webcast;<\/li>\r\n \t<li>WebEx Meetings consente di invitare (a seconda del piano) fino a 200 partecipanti;<\/li>\r\n \t<li>non \u00e8 possibile creare gruppi di lavoro o sessioni di esercitazione insieme all\u2019interpretazione;<\/li>\r\n \t<li>le registrazioni catturano solo l\u2019audio originale, senza interpretazione;<\/li>\r\n \t<li>alcuni problemi di interfaccia utente lenta e supporto per l\u2019integrazione di terze parti.<\/li>\r\n<\/ul>\r\nCome i concorrenti Google Meet e GoTo Meeting, Webex Meetings non \u00e8 progettato per eventi di vasta portata: il suo piano pi\u00f9 grande consente di includere fino a 200 partecipanti (un passo indietro rispetto ai 250 di Google Meet e GoTo Meeting) e il suo account gratuito solo fino a 100. Altre limitazioni, come la mancanza di interpreriato in simultanea nella visualizzazione webcast e l\u2019impossibilit\u00e0 di utilizzare gruppi di lavoro insieme all\u2019interpretariato da remoto, potrebbero rappresentare un serio problema per conferenze e webinar.\r\n\r\nNegli ultimi anni Webex ha anche introdotto aggiornamenti e upgrade significativi dalle versioni precedenti e legacy a quelle pi\u00f9 recenti. Se la vostra azienda utilizza Webex da molti anni, potreste aver notato alcuni problemi di crescita: alcuni utenti hanno segnalato che i trasferimenti sono difficili, che l\u2019interfaccia utente di Webex pu\u00f2 creare confusione e consuma molte risorse del computer e che Webex non integra app di terze parti e una piattaforma come invece fa Zoom.\r\n<h2>Il nostro staff<\/h2>\r\nIn qualit\u00e0 di partner di numerose societ\u00e0 multinazionali, studi legali, universit\u00e0 e altro ancora, <em>Trusted Translations<\/em> fornisce interpretariato da remoto di alto livello per tutte le vostre esigenze organizzative. Conosciamo inoltre a fondo la gamma di piattaforme di videoconferenza disponibili sul mercato e possiamo aiutarvi a scegliere quella pi\u00f9 adatta in base alle informazioni pi\u00f9"},"state":{"type":"textfield","raw":""},"city":{"type":"textarea","raw":[]}}},"_links":{"self":[{"href":"https:\/\/www.trustedtranslations.com\/it\/wp-json\/wp\/v2\/pages\/182613","targetHints":{"allow":["GET"]}}],"collection":[{"href":"https:\/\/www.trustedtranslations.com\/it\/wp-json\/wp\/v2\/pages"}],"about":[{"href":"https:\/\/www.trustedtranslations.com\/it\/wp-json\/wp\/v2\/types\/page"}],"author":[{"embeddable":true,"href":"https:\/\/www.trustedtranslations.com\/it\/wp-json\/wp\/v2\/users\/1"}],"replies":[{"embeddable":true,"href":"https:\/\/www.trustedtranslations.com\/it\/wp-json\/wp\/v2\/comments?post=182613"}],"version-history":[{"count":0,"href":"https:\/\/www.trustedtranslations.com\/it\/wp-json\/wp\/v2\/pages\/182613\/revisions"}],"up":[{"embeddable":true,"href":"https:\/\/www.trustedtranslations.com\/it\/wp-json\/wp\/v2\/pages\/160045"}],"wp:featuredmedia":[{"embeddable":true,"href":"https:\/\/www.trustedtranslations.com\/it\/wp-json\/wp\/v2\/media\/244630"}],"wp:attachment":[{"href":"https:\/\/www.trustedtranslations.com\/it\/wp-json\/wp\/v2\/media?parent=182613"}],"curies":[{"name":"wp","href":"https:\/\/api.w.org\/{rel}","templated":true}]}}