{"id":182615,"date":"2023-02-13T16:33:08","date_gmt":"2023-02-13T19:33:08","guid":{"rendered":"https:\/\/www.trustedtranslations.com\/?page_id=182615"},"modified":"2024-09-11T11:13:58","modified_gmt":"2024-09-11T14:13:58","slug":"skype","status":"publish","type":"page","link":"https:\/\/www.trustedtranslations.com\/it\/servizi\/vri\/skype","title":{"rendered":"Skype"},"content":{"rendered":"","protected":false},"excerpt":{"rendered":"","protected":false},"author":1,"featured_media":244606,"parent":160045,"menu_order":4,"comment_status":"closed","ping_status":"closed","template":"","meta":{"site-sidebar-layout":"default","site-content-layout":"default","ast-site-content-layout":"default","site-content-style":"default","site-sidebar-style":"default","ast-global-header-display":"","ast-banner-title-visibility":"","ast-main-header-display":"","ast-hfb-above-header-display":"","ast-hfb-below-header-display":"","ast-hfb-mobile-header-display":"","site-post-title":"disabled","ast-breadcrumbs-content":"","ast-featured-img":"","footer-sml-layout":"","ast-disable-related-posts":"","theme-transparent-header-meta":"default","adv-header-id-meta":"","stick-header-meta":"","header-above-stick-meta":"","header-main-stick-meta":"","header-below-stick-meta":"","astra-migrate-meta-layouts":"set","ast-page-background-enabled":"default","ast-page-background-meta":{"desktop":{"background-color":"var(--ast-global-color-4)","background-image":"","background-repeat":"repeat","background-position":"center center","background-size":"auto","background-attachment":"scroll","background-type":"","background-media":"","overlay-type":"","overlay-color":"","overlay-opacity":"","overlay-gradient":""},"tablet":{"background-color":"","background-image":"","background-repeat":"repeat","background-position":"center center","background-size":"auto","background-attachment":"scroll","background-type":"","background-media":"","overlay-type":"","overlay-color":"","overlay-opacity":"","overlay-gradient":""},"mobile":{"background-color":"","background-image":"","background-repeat":"repeat","background-position":"center center","background-size":"auto","background-attachment":"scroll","background-type":"","background-media":"","overlay-type":"","overlay-color":"","overlay-opacity":"","overlay-gradient":""}},"ast-content-background-meta":{"desktop":{"background-color":"var(--ast-global-color-5)","background-image":"","background-repeat":"repeat","background-position":"center center","background-size":"auto","background-attachment":"scroll","background-type":"","background-media":"","overlay-type":"","overlay-color":"","overlay-opacity":"","overlay-gradient":""},"tablet":{"background-color":"var(--ast-global-color-5)","background-image":"","background-repeat":"repeat","background-position":"center center","background-size":"auto","background-attachment":"scroll","background-type":"","background-media":"","overlay-type":"","overlay-color":"","overlay-opacity":"","overlay-gradient":""},"mobile":{"background-color":"var(--ast-global-color-5)","background-image":"","background-repeat":"repeat","background-position":"center center","background-size":"auto","background-attachment":"scroll","background-type":"","background-media":"","overlay-type":"","overlay-color":"","overlay-opacity":"","overlay-gradient":""}},"footnotes":""},"class_list":["post-182615","page","type-page","status-publish","has-post-thumbnail","hentry"],"yoast_head":"<!-- This site is optimized with the Yoast SEO plugin v27.3 - https:\/\/yoast.com\/product\/yoast-seo-wordpress\/ -->\n<title>Servizio di interpretariato su Skype - Trusted Translations, Inc.<\/title>\n<meta name=\"description\" content=\"Trusted Translations \u00e8 leader nei servizi di interpretariato linguistico per chiamate, riunioni e webinar su Skype. Chiamateci per richiedere un preventivo o una consulenza gratuita.\" \/>\n<meta name=\"robots\" content=\"index, follow, max-snippet:-1, max-image-preview:large, max-video-preview:-1\" \/>\n<link rel=\"canonical\" href=\"https:\/\/www.trustedtranslations.com\/it\/servizi\/vri\/skype\" \/>\n<meta property=\"og:locale\" content=\"it_IT\" \/>\n<meta property=\"og:type\" content=\"article\" \/>\n<meta property=\"og:title\" content=\"Servizio di interpretariato su Skype - Trusted Translations, Inc.\" \/>\n<meta property=\"og:description\" content=\"Trusted Translations \u00e8 leader nei servizi di interpretariato linguistico per chiamate, riunioni e webinar su Skype. Chiamateci per richiedere un preventivo o una consulenza gratuita.\" \/>\n<meta property=\"og:url\" content=\"https:\/\/www.trustedtranslations.com\/it\/servizi\/vri\/skype\" \/>\n<meta property=\"og:site_name\" content=\"Trusted Translations, Inc.\" \/>\n<meta property=\"article:publisher\" content=\"https:\/\/www.facebook.com\/Trusted.Translations\" \/>\n<meta property=\"article:modified_time\" content=\"2024-09-11T14:13:58+00:00\" \/>\n<meta property=\"og:image\" content=\"https:\/\/static.trustedtranslations.com\/wp-content\/uploads\/2024\/02\/TT-ICON_Remote-Multilingual-Inte-11.webp\" \/>\n\t<meta property=\"og:image:width\" content=\"151\" \/>\n\t<meta property=\"og:image:height\" content=\"151\" \/>\n\t<meta property=\"og:image:type\" content=\"image\/webp\" \/>\n<meta name=\"twitter:card\" content=\"summary_large_image\" \/>\n<meta name=\"twitter:site\" content=\"@TrustedT9ns\" \/>\n<script type=\"application\/ld+json\" class=\"yoast-schema-graph\">{\"@context\":\"https:\\\/\\\/schema.org\",\"@graph\":[{\"@type\":\"WebPage\",\"@id\":\"https:\\\/\\\/www.trustedtranslations.com\\\/it\\\/servizi\\\/vri\\\/skype\",\"url\":\"https:\\\/\\\/www.trustedtranslations.com\\\/it\\\/servizi\\\/vri\\\/skype\",\"name\":\"Servizio di interpretariato su Skype - Trusted Translations, Inc.\",\"isPartOf\":{\"@id\":\"https:\\\/\\\/www.trustedtranslations.com\\\/it\\\/#website\"},\"primaryImageOfPage\":{\"@id\":\"https:\\\/\\\/www.trustedtranslations.com\\\/it\\\/servizi\\\/vri\\\/skype#primaryimage\"},\"image\":{\"@id\":\"https:\\\/\\\/www.trustedtranslations.com\\\/it\\\/servizi\\\/vri\\\/skype#primaryimage\"},\"thumbnailUrl\":\"https:\\\/\\\/www.trustedtranslations.com\\\/wp-content\\\/uploads\\\/2024\\\/02\\\/TT-ICON_Remote-Multilingual-Inte-11.webp\",\"description\":\"Trusted Translations \u00e8 leader nei servizi di interpretariato linguistico per chiamate, riunioni e webinar su Skype. Chiamateci per richiedere un preventivo o una consulenza gratuita.\",\"breadcrumb\":{\"@id\":\"https:\\\/\\\/www.trustedtranslations.com\\\/it\\\/servizi\\\/vri\\\/skype#breadcrumb\"},\"inLanguage\":\"it-IT\",\"potentialAction\":[{\"@type\":\"ReadAction\",\"target\":[\"https:\\\/\\\/www.trustedtranslations.com\\\/it\\\/servizi\\\/vri\\\/skype\"]}]},{\"@type\":\"ImageObject\",\"inLanguage\":\"it-IT\",\"@id\":\"https:\\\/\\\/www.trustedtranslations.com\\\/it\\\/servizi\\\/vri\\\/skype#primaryimage\",\"url\":\"https:\\\/\\\/www.trustedtranslations.com\\\/wp-content\\\/uploads\\\/2024\\\/02\\\/TT-ICON_Remote-Multilingual-Inte-11.webp\",\"contentUrl\":\"https:\\\/\\\/www.trustedtranslations.com\\\/wp-content\\\/uploads\\\/2024\\\/02\\\/TT-ICON_Remote-Multilingual-Inte-11.webp\",\"width\":151,\"height\":151,\"caption\":\"TT ICON Remote Multilingual Inte 11\"},{\"@type\":\"BreadcrumbList\",\"@id\":\"https:\\\/\\\/www.trustedtranslations.com\\\/it\\\/servizi\\\/vri\\\/skype#breadcrumb\",\"itemListElement\":[{\"@type\":\"ListItem\",\"position\":1,\"name\":\"Home\",\"item\":\"https:\\\/\\\/www.trustedtranslations.com\\\/it\"},{\"@type\":\"ListItem\",\"position\":2,\"name\":\"Servizi\",\"item\":\"https:\\\/\\\/www.trustedtranslations.com\\\/it\\\/servizi\"},{\"@type\":\"ListItem\",\"position\":3,\"name\":\"Interpretariato video da remoto (VRI)\",\"item\":\"https:\\\/\\\/www.trustedtranslations.com\\\/it\\\/servizi\\\/vri\"},{\"@type\":\"ListItem\",\"position\":4,\"name\":\"Skype\"}]},{\"@type\":\"WebSite\",\"@id\":\"https:\\\/\\\/www.trustedtranslations.com\\\/it\\\/#website\",\"url\":\"https:\\\/\\\/www.trustedtranslations.com\\\/it\\\/\",\"name\":\"Trusted Translations, Inc.\",\"description\":\"Leader in translation and interpretation services.\",\"publisher\":{\"@id\":\"https:\\\/\\\/www.trustedtranslations.com\\\/it\\\/#organization\"},\"alternateName\":\"Trusted Translations\",\"potentialAction\":[{\"@type\":\"SearchAction\",\"target\":{\"@type\":\"EntryPoint\",\"urlTemplate\":\"https:\\\/\\\/www.trustedtranslations.com\\\/it\\\/?s={search_term_string}\"},\"query-input\":{\"@type\":\"PropertyValueSpecification\",\"valueRequired\":true,\"valueName\":\"search_term_string\"}}],\"inLanguage\":\"it-IT\"},{\"@type\":\"Organization\",\"@id\":\"https:\\\/\\\/www.trustedtranslations.com\\\/it\\\/#organization\",\"name\":\"Trusted Translations\",\"alternateName\":\"Trusted Translations, Inc.\",\"url\":\"https:\\\/\\\/www.trustedtranslations.com\\\/it\\\/\",\"logo\":{\"@type\":\"ImageObject\",\"inLanguage\":\"it-IT\",\"@id\":\"https:\\\/\\\/www.trustedtranslations.com\\\/it\\\/#\\\/schema\\\/logo\\\/image\\\/\",\"url\":\"https:\\\/\\\/static.trustedtranslations.com\\\/wp-content\\\/uploads\\\/2022\\\/01\\\/TT_logo_WSIColors-2.png\",\"contentUrl\":\"https:\\\/\\\/static.trustedtranslations.com\\\/wp-content\\\/uploads\\\/2022\\\/01\\\/TT_logo_WSIColors-2.png\",\"width\":500,\"height\":196,\"caption\":\"Trusted Translations\"},\"image\":{\"@id\":\"https:\\\/\\\/www.trustedtranslations.com\\\/it\\\/#\\\/schema\\\/logo\\\/image\\\/\"},\"sameAs\":[\"https:\\\/\\\/www.facebook.com\\\/Trusted.Translations\",\"https:\\\/\\\/x.com\\\/TrustedT9ns\",\"https:\\\/\\\/www.linkedin.com\\\/company\\\/trusted-translations\"]}]}<\/script>\n<!-- \/ Yoast SEO plugin. -->","yoast_head_json":{"title":"Servizio di interpretariato su Skype - Trusted Translations, Inc.","description":"Trusted Translations \u00e8 leader nei servizi di interpretariato linguistico per chiamate, riunioni e webinar su Skype. Chiamateci per richiedere un preventivo o una consulenza gratuita.","robots":{"index":"index","follow":"follow","max-snippet":"max-snippet:-1","max-image-preview":"max-image-preview:large","max-video-preview":"max-video-preview:-1"},"canonical":"https:\/\/www.trustedtranslations.com\/it\/servizi\/vri\/skype","og_locale":"it_IT","og_type":"article","og_title":"Servizio di interpretariato su Skype - Trusted Translations, Inc.","og_description":"Trusted Translations \u00e8 leader nei servizi di interpretariato linguistico per chiamate, riunioni e webinar su Skype. Chiamateci per richiedere un preventivo o una consulenza gratuita.","og_url":"https:\/\/www.trustedtranslations.com\/it\/servizi\/vri\/skype","og_site_name":"Trusted Translations, Inc.","article_publisher":"https:\/\/www.facebook.com\/Trusted.Translations","article_modified_time":"2024-09-11T14:13:58+00:00","og_image":[{"width":151,"height":151,"url":"https:\/\/static.trustedtranslations.com\/wp-content\/uploads\/2024\/02\/TT-ICON_Remote-Multilingual-Inte-11.webp","type":"image\/webp"}],"twitter_card":"summary_large_image","twitter_site":"@TrustedT9ns","schema":{"@context":"https:\/\/schema.org","@graph":[{"@type":"WebPage","@id":"https:\/\/www.trustedtranslations.com\/it\/servizi\/vri\/skype","url":"https:\/\/www.trustedtranslations.com\/it\/servizi\/vri\/skype","name":"Servizio di interpretariato su Skype - Trusted Translations, Inc.","isPartOf":{"@id":"https:\/\/www.trustedtranslations.com\/it\/#website"},"primaryImageOfPage":{"@id":"https:\/\/www.trustedtranslations.com\/it\/servizi\/vri\/skype#primaryimage"},"image":{"@id":"https:\/\/www.trustedtranslations.com\/it\/servizi\/vri\/skype#primaryimage"},"thumbnailUrl":"https:\/\/www.trustedtranslations.com\/wp-content\/uploads\/2024\/02\/TT-ICON_Remote-Multilingual-Inte-11.webp","description":"Trusted Translations \u00e8 leader nei servizi di interpretariato linguistico per chiamate, riunioni e webinar su Skype. Chiamateci per richiedere un preventivo o una consulenza gratuita.","breadcrumb":{"@id":"https:\/\/www.trustedtranslations.com\/it\/servizi\/vri\/skype#breadcrumb"},"inLanguage":"it-IT","potentialAction":[{"@type":"ReadAction","target":["https:\/\/www.trustedtranslations.com\/it\/servizi\/vri\/skype"]}]},{"@type":"ImageObject","inLanguage":"it-IT","@id":"https:\/\/www.trustedtranslations.com\/it\/servizi\/vri\/skype#primaryimage","url":"https:\/\/www.trustedtranslations.com\/wp-content\/uploads\/2024\/02\/TT-ICON_Remote-Multilingual-Inte-11.webp","contentUrl":"https:\/\/www.trustedtranslations.com\/wp-content\/uploads\/2024\/02\/TT-ICON_Remote-Multilingual-Inte-11.webp","width":151,"height":151,"caption":"TT ICON Remote Multilingual Inte 11"},{"@type":"BreadcrumbList","@id":"https:\/\/www.trustedtranslations.com\/it\/servizi\/vri\/skype#breadcrumb","itemListElement":[{"@type":"ListItem","position":1,"name":"Home","item":"https:\/\/www.trustedtranslations.com\/it"},{"@type":"ListItem","position":2,"name":"Servizi","item":"https:\/\/www.trustedtranslations.com\/it\/servizi"},{"@type":"ListItem","position":3,"name":"Interpretariato video da remoto (VRI)","item":"https:\/\/www.trustedtranslations.com\/it\/servizi\/vri"},{"@type":"ListItem","position":4,"name":"Skype"}]},{"@type":"WebSite","@id":"https:\/\/www.trustedtranslations.com\/it\/#website","url":"https:\/\/www.trustedtranslations.com\/it\/","name":"Trusted Translations, Inc.","description":"Leader in translation and interpretation services.","publisher":{"@id":"https:\/\/www.trustedtranslations.com\/it\/#organization"},"alternateName":"Trusted Translations","potentialAction":[{"@type":"SearchAction","target":{"@type":"EntryPoint","urlTemplate":"https:\/\/www.trustedtranslations.com\/it\/?s={search_term_string}"},"query-input":{"@type":"PropertyValueSpecification","valueRequired":true,"valueName":"search_term_string"}}],"inLanguage":"it-IT"},{"@type":"Organization","@id":"https:\/\/www.trustedtranslations.com\/it\/#organization","name":"Trusted Translations","alternateName":"Trusted Translations, Inc.","url":"https:\/\/www.trustedtranslations.com\/it\/","logo":{"@type":"ImageObject","inLanguage":"it-IT","@id":"https:\/\/www.trustedtranslations.com\/it\/#\/schema\/logo\/image\/","url":"https:\/\/static.trustedtranslations.com\/wp-content\/uploads\/2022\/01\/TT_logo_WSIColors-2.png","contentUrl":"https:\/\/static.trustedtranslations.com\/wp-content\/uploads\/2022\/01\/TT_logo_WSIColors-2.png","width":500,"height":196,"caption":"Trusted Translations"},"image":{"@id":"https:\/\/www.trustedtranslations.com\/it\/#\/schema\/logo\/image\/"},"sameAs":["https:\/\/www.facebook.com\/Trusted.Translations","https:\/\/x.com\/TrustedT9ns","https:\/\/www.linkedin.com\/company\/trusted-translations"]}]}},"toolset-meta":{"dyk":{"mensaje-1":{"type":"textfield","raw":"Forniamo traduzioni alle aziende Fortune 500 a tariffe inferiori del 25-50% rispetto al mercato."},"mensaje-2":{"type":"textfield","raw":"Ogni traduzione eseguita dai nostri team di esperti \u00e8 supportata dai Lloyd\u2019s di Londra."},"mensaje-3":{"type":"textfield","raw":"Trusted Translations \u00e8 un orgoglioso sostenitore del St. Jude Children\u2019s Research Hospital."},"mensaje-4":{"type":"textfield","raw":"Siamo stati nominati tra le \u201c500 migliori attivit\u00e0 di propriet\u00e0 ispano-americana\u201d negli Stati Uniti."},"mensaje-5":{"type":"textfield","raw":"Trusted Translations vanta oltre 5.000 clienti soddisfatti in quasi tutti i settori."},"mensaje-6":{"type":"textfield","raw":""}},"single-page-template-fields":{"imgs-temp":{"type":"image","raw":["https:\/\/static.trustedtranslations.com\/wp-content\/uploads\/2024\/07\/skype-1.webp","https:\/\/static.trustedtranslations.com\/wp-content\/uploads\/2024\/07\/skype-3-1.webp"],"repeatable":[{"raw":"https:\/\/static.trustedtranslations.com\/wp-content\/uploads\/2024\/07\/skype-1.webp"},{"raw":"https:\/\/static.trustedtranslations.com\/wp-content\/uploads\/2024\/07\/skype-3-1.webp"}]},"imgs-temp-cel":{"type":"image","raw":[""],"repeatable":[{"raw":""}]},"img-temp-one-cel":{"type":"image","raw":"https:\/\/static.trustedtranslations.com\/wp-content\/uploads\/2024\/07\/skype-2-1.webp","attachment_id":null},"quotes":{"type":"textarea","raw":"<h1 style=\"margin-bottom: 12px;\">Servizi di interpretariato multilingue a distanza su Skype<\/h1><p>Essendo una delle piattaforme di videoconferenza pi\u00f9 longeve in circolazione, Skype \u00e8 conosciuta da aziende e utenti in tutto il mondo. I nostri esperti possono fornirvi servizi di interpretariato professionale da remoto via Skype per tutte le vostre esigenze comunicative.<\/p><div style=\"margin-top: 2.5vw;\"><a class=\"tt-btn-main-cta\" href=\"https:\/\/www.trustedtranslations.com\/it\/quote\">Richiedi un preventivo gratuito<\/a><\/div>"},"text-1":{"type":"textarea","raw":"<h2>Interpretariato professionale tramite Skype<img class=\"wp-image-177588 alignleft\" src=\"https:\/\/static.trustedtranslations.com\/wp-content\/uploads\/2023\/01\/skype-5-1.jpg\" alt=\"\" width=\"500\" height=\"333\" \/><\/h2>\r\nLanciato per la prima volta nel 2003, Skype \u00e8 diventato un nome familiare quando si tratta di opzioni di videoconferenza da remoto. Sebbene la piattaforma di propriet\u00e0 di Microsoft abbia affrontato una forte concorrenza durante la pandemia di COVID-19, rimane molto diffusa in tutto il mondo, con oltre 300 milioni di utenti attivi mensili.\r\n\r\nCome piattaforma VoIP (Voice over Internet Protocol), Skype utilizza una connessione Internet per effettuare e ricevere chiamate. Gli host scaricano l\u2019app Skype, creano un account e accedono; per le riunioni Skype, aggiungerete un interprete proprio come fareste con qualsiasi altro partecipante.\r\n\r\nGran parte della documentazione di supporto linguistico di Skype \u00e8 per Skype Translator, il traduttore vocale della piattaforma. Tuttavia, i traduttori automatici non possono sostituire un interprete umano in tempo reale, specialmente nei settori ad alta posta in gioco o ad alta complessit\u00e0. Quando si tratta di interpretariato in tempo reale, Skype non ha ancora le stesse caratteristiche speciali sviluppate da altre piattaforme, come i canali linguistici dedicati e le designazioni per gli interpreti.\r\n<h2>Vantaggi di Skype per l\u2019interpretariato da remoto<\/h2>\r\nCi\u00f2 significa che Skype non \u00e8 una buona soluzione per le organizzazioni multilingue? Niente affatto: Skype \u00e8 ancora il preferito di molte aziende e include diverse caratteristiche positive da prendere in considerazione quando si sceglie la piattaforma di interpretariato video da remoto, come ad esempio:\r\n<ul>\r\n \t<li>videochiamate di gruppo fino a 100 persone con la versione gratuita;<\/li>\r\n \t<li>ampiamente utilizzato in tutto il mondo;<\/li>\r\n \t<li>disponibilit\u00e0 su numerosi dispositivi;<\/li>\r\n \t<li>convenienza, con una buona versione gratuita.<\/li>\r\n<\/ul>\r\nSkype si distingue per la sua ampia disponibilit\u00e0 e convenienza generale. Skype ha costi relativamente bassi; infatti, la maggior parte delle persone ritiene che la versione gratuita di Skype soddisfi le proprie esigenze individuali o per piccole riunioni. Skype \u00e8 disponibile anche su pi\u00f9 dispositivi rispetto a molti dei suoi concorrenti, in particolare su tablet, Alexa e persino Xbox, un aspetto che pu\u00f2 aiutarvi a estendere la vostra portata globale prestando attenzione al budget."},"shortcode-map":{"type":"textfield","raw":""},"dyk-shortcode":{"type":"textfield","raw":"[elementor-template id=\"146751\"]"},"text-2":{"type":"textarea","raw":"<h2><img class=\"alignright wp-image-177603\" src=\"https:\/\/static.trustedtranslations.com\/wp-content\/uploads\/2023\/01\/skype-6-1.jpg\" alt=\"\" width=\"500\" height=\"282\" \/>Svantaggi di Skype per l\u2019interpretariato da remoto<\/h2>\r\nTuttavia, ci sono alcune limitazioni quando si tratta di utilizzare Skype per necessit\u00e0 di interpretariato:\r\n<ul>\r\n \t<li>gli utenti segnalano problemi di ritardi, blocchi e perdita di audio;<\/li>\r\n \t<li>richiesto credito Skype o abbonamento per chiamate su rete mobile\/fissa;<\/li>\r\n \t<li>problemi di sicurezza; il servizio potrebbe essere bloccato in alcuni paesi;<\/li>\r\n \t<li>mancanza di funzionalit\u00e0 di collaborazione rispetto ad altre piattaforme.<\/li>\r\n<\/ul>\r\nSkype richiede l\u2019utilizzo del credito Skype o l\u2019acquisto di un abbonamento per chiamare cellulari e telefoni fissi e le chiamate internazionali vengono addebitate a tariffe che variano in base al Paese. Poich\u00e9 uno dei vantaggi dell\u2019interpretariato da remoto \u00e8 la possibilit\u00e0 di reperire interpreti di qualit\u00e0 provenienti da tutto il mondo, \u00e8 necessario tenere in considerazione questi costi.\r\n\r\nInoltre, Skype \u00e8 bloccato o limitato in diversi paesi che limitano l\u2019utilizzo di VoIP a causa di problemi di sicurezza, come Qatar e Guyana, o a favore dei propri servizi di telecomunicazione VoIP nazionali, come Brasile e Belize. Se si utilizza Skype, \u00e8 necessaria una certa attenzione per accertarsi che sia possibile raggiungere i propri mercati target.\r\n<h2>Il nostro staff<\/h2>\r\n<em>Trusted Translations<\/em> offre traduttori professionisti esperti nell\u2019interpretariato da remoto in simultanea e in consecutiva su Skype. Se non siete sicuri di quale piattaforma di interpretazione video remota sia adatta alle vostre esigenze, il nostro team di esperti potr\u00e0 aiutarvi a fare la scelta giusta per la vostra attivit\u00e0."},"state":{"type":"textfield","raw":""},"city":{"type":"textarea","raw":[]}}},"_links":{"self":[{"href":"https:\/\/www.trustedtranslations.com\/it\/wp-json\/wp\/v2\/pages\/182615","targetHints":{"allow":["GET"]}}],"collection":[{"href":"https:\/\/www.trustedtranslations.com\/it\/wp-json\/wp\/v2\/pages"}],"about":[{"href":"https:\/\/www.trustedtranslations.com\/it\/wp-json\/wp\/v2\/types\/page"}],"author":[{"embeddable":true,"href":"https:\/\/www.trustedtranslations.com\/it\/wp-json\/wp\/v2\/users\/1"}],"replies":[{"embeddable":true,"href":"https:\/\/www.trustedtranslations.com\/it\/wp-json\/wp\/v2\/comments?post=182615"}],"version-history":[{"count":0,"href":"https:\/\/www.trustedtranslations.com\/it\/wp-json\/wp\/v2\/pages\/182615\/revisions"}],"up":[{"embeddable":true,"href":"https:\/\/www.trustedtranslations.com\/it\/wp-json\/wp\/v2\/pages\/160045"}],"wp:featuredmedia":[{"embeddable":true,"href":"https:\/\/www.trustedtranslations.com\/it\/wp-json\/wp\/v2\/media\/244606"}],"wp:attachment":[{"href":"https:\/\/www.trustedtranslations.com\/it\/wp-json\/wp\/v2\/media?parent=182615"}],"curies":[{"name":"wp","href":"https:\/\/api.w.org\/{rel}","templated":true}]}}