{"id":182617,"date":"2023-02-13T17:33:55","date_gmt":"2023-02-13T20:33:55","guid":{"rendered":"https:\/\/www.trustedtranslations.com\/?page_id=182617"},"modified":"2024-09-11T11:23:23","modified_gmt":"2024-09-11T14:23:23","slug":"goto-meeting","status":"publish","type":"page","link":"https:\/\/www.trustedtranslations.com\/it\/servizi\/vri\/goto-meeting","title":{"rendered":"GoTo Meeting"},"content":{"rendered":"","protected":false},"excerpt":{"rendered":"","protected":false},"author":1,"featured_media":244594,"parent":160045,"menu_order":5,"comment_status":"closed","ping_status":"closed","template":"","meta":{"site-sidebar-layout":"default","site-content-layout":"default","ast-site-content-layout":"default","site-content-style":"default","site-sidebar-style":"default","ast-global-header-display":"","ast-banner-title-visibility":"","ast-main-header-display":"","ast-hfb-above-header-display":"","ast-hfb-below-header-display":"","ast-hfb-mobile-header-display":"","site-post-title":"disabled","ast-breadcrumbs-content":"","ast-featured-img":"","footer-sml-layout":"","ast-disable-related-posts":"","theme-transparent-header-meta":"default","adv-header-id-meta":"","stick-header-meta":"","header-above-stick-meta":"","header-main-stick-meta":"","header-below-stick-meta":"","astra-migrate-meta-layouts":"set","ast-page-background-enabled":"default","ast-page-background-meta":{"desktop":{"background-color":"var(--ast-global-color-4)","background-image":"","background-repeat":"repeat","background-position":"center center","background-size":"auto","background-attachment":"scroll","background-type":"","background-media":"","overlay-type":"","overlay-color":"","overlay-opacity":"","overlay-gradient":""},"tablet":{"background-color":"","background-image":"","background-repeat":"repeat","background-position":"center center","background-size":"auto","background-attachment":"scroll","background-type":"","background-media":"","overlay-type":"","overlay-color":"","overlay-opacity":"","overlay-gradient":""},"mobile":{"background-color":"","background-image":"","background-repeat":"repeat","background-position":"center center","background-size":"auto","background-attachment":"scroll","background-type":"","background-media":"","overlay-type":"","overlay-color":"","overlay-opacity":"","overlay-gradient":""}},"ast-content-background-meta":{"desktop":{"background-color":"var(--ast-global-color-5)","background-image":"","background-repeat":"repeat","background-position":"center center","background-size":"auto","background-attachment":"scroll","background-type":"","background-media":"","overlay-type":"","overlay-color":"","overlay-opacity":"","overlay-gradient":""},"tablet":{"background-color":"var(--ast-global-color-5)","background-image":"","background-repeat":"repeat","background-position":"center center","background-size":"auto","background-attachment":"scroll","background-type":"","background-media":"","overlay-type":"","overlay-color":"","overlay-opacity":"","overlay-gradient":""},"mobile":{"background-color":"var(--ast-global-color-5)","background-image":"","background-repeat":"repeat","background-position":"center center","background-size":"auto","background-attachment":"scroll","background-type":"","background-media":"","overlay-type":"","overlay-color":"","overlay-opacity":"","overlay-gradient":""}},"footnotes":""},"class_list":["post-182617","page","type-page","status-publish","has-post-thumbnail","hentry"],"yoast_head":"<!-- This site is optimized with the Yoast SEO plugin v27.5 - https:\/\/yoast.com\/product\/yoast-seo-wordpress\/ -->\n<title>Servizi di interpretariato su GoTo Meeting - Trusted Translations, Inc.<\/title>\n<meta name=\"description\" content=\"Trusted Translations \u00e8 leader nei servizi di interpretariato linguistico su GoTo Meeting. Chiamateci per richiedere un preventivo o una consulenza gratuita.\" \/>\n<meta name=\"robots\" content=\"index, follow, max-snippet:-1, max-image-preview:large, max-video-preview:-1\" \/>\n<link rel=\"canonical\" href=\"https:\/\/www.trustedtranslations.com\/it\/servizi\/vri\/goto-meeting\" \/>\n<meta property=\"og:locale\" content=\"it_IT\" \/>\n<meta property=\"og:type\" content=\"article\" \/>\n<meta property=\"og:title\" content=\"Servizi di interpretariato su GoTo Meeting - Trusted Translations, Inc.\" \/>\n<meta property=\"og:description\" content=\"Trusted Translations \u00e8 leader nei servizi di interpretariato linguistico su GoTo Meeting. Chiamateci per richiedere un preventivo o una consulenza gratuita.\" \/>\n<meta property=\"og:url\" content=\"https:\/\/www.trustedtranslations.com\/it\/servizi\/vri\/goto-meeting\" \/>\n<meta property=\"og:site_name\" content=\"Trusted Translations, Inc.\" \/>\n<meta property=\"article:publisher\" content=\"https:\/\/www.facebook.com\/Trusted.Translations\" \/>\n<meta property=\"article:modified_time\" content=\"2024-09-11T14:23:23+00:00\" \/>\n<meta property=\"og:image\" content=\"https:\/\/static.trustedtranslations.com\/wp-content\/uploads\/2024\/02\/TT-ICON_Remote-Multilingual-Inte-12.webp\" \/>\n\t<meta property=\"og:image:width\" content=\"151\" \/>\n\t<meta property=\"og:image:height\" content=\"151\" \/>\n\t<meta property=\"og:image:type\" content=\"image\/webp\" \/>\n<meta name=\"twitter:card\" content=\"summary_large_image\" \/>\n<meta name=\"twitter:site\" content=\"@TrustedT9ns\" \/>\n<script type=\"application\/ld+json\" class=\"yoast-schema-graph\">{\"@context\":\"https:\\\/\\\/schema.org\",\"@graph\":[{\"@type\":\"WebPage\",\"@id\":\"https:\\\/\\\/www.trustedtranslations.com\\\/it\\\/servizi\\\/vri\\\/goto-meeting\",\"url\":\"https:\\\/\\\/www.trustedtranslations.com\\\/it\\\/servizi\\\/vri\\\/goto-meeting\",\"name\":\"Servizi di interpretariato su GoTo Meeting - Trusted Translations, Inc.\",\"isPartOf\":{\"@id\":\"https:\\\/\\\/www.trustedtranslations.com\\\/it\\\/#website\"},\"primaryImageOfPage\":{\"@id\":\"https:\\\/\\\/www.trustedtranslations.com\\\/it\\\/servizi\\\/vri\\\/goto-meeting#primaryimage\"},\"image\":{\"@id\":\"https:\\\/\\\/www.trustedtranslations.com\\\/it\\\/servizi\\\/vri\\\/goto-meeting#primaryimage\"},\"thumbnailUrl\":\"https:\\\/\\\/www.trustedtranslations.com\\\/wp-content\\\/uploads\\\/2024\\\/02\\\/TT-ICON_Remote-Multilingual-Inte-12.webp\",\"description\":\"Trusted Translations \u00e8 leader nei servizi di interpretariato linguistico su GoTo Meeting. Chiamateci per richiedere un preventivo o una consulenza gratuita.\",\"breadcrumb\":{\"@id\":\"https:\\\/\\\/www.trustedtranslations.com\\\/it\\\/servizi\\\/vri\\\/goto-meeting#breadcrumb\"},\"inLanguage\":\"it-IT\",\"potentialAction\":[{\"@type\":\"ReadAction\",\"target\":[\"https:\\\/\\\/www.trustedtranslations.com\\\/it\\\/servizi\\\/vri\\\/goto-meeting\"]}]},{\"@type\":\"ImageObject\",\"inLanguage\":\"it-IT\",\"@id\":\"https:\\\/\\\/www.trustedtranslations.com\\\/it\\\/servizi\\\/vri\\\/goto-meeting#primaryimage\",\"url\":\"https:\\\/\\\/www.trustedtranslations.com\\\/wp-content\\\/uploads\\\/2024\\\/02\\\/TT-ICON_Remote-Multilingual-Inte-12.webp\",\"contentUrl\":\"https:\\\/\\\/www.trustedtranslations.com\\\/wp-content\\\/uploads\\\/2024\\\/02\\\/TT-ICON_Remote-Multilingual-Inte-12.webp\",\"width\":151,\"height\":151,\"caption\":\"TT ICON Remote Multilingual Inte 12\"},{\"@type\":\"BreadcrumbList\",\"@id\":\"https:\\\/\\\/www.trustedtranslations.com\\\/it\\\/servizi\\\/vri\\\/goto-meeting#breadcrumb\",\"itemListElement\":[{\"@type\":\"ListItem\",\"position\":1,\"name\":\"Home\",\"item\":\"https:\\\/\\\/www.trustedtranslations.com\\\/it\"},{\"@type\":\"ListItem\",\"position\":2,\"name\":\"Servizi\",\"item\":\"https:\\\/\\\/www.trustedtranslations.com\\\/it\\\/servizi\"},{\"@type\":\"ListItem\",\"position\":3,\"name\":\"Interpretariato video da remoto (VRI)\",\"item\":\"https:\\\/\\\/www.trustedtranslations.com\\\/it\\\/servizi\\\/vri\"},{\"@type\":\"ListItem\",\"position\":4,\"name\":\"GoTo Meeting\"}]},{\"@type\":\"WebSite\",\"@id\":\"https:\\\/\\\/www.trustedtranslations.com\\\/it\\\/#website\",\"url\":\"https:\\\/\\\/www.trustedtranslations.com\\\/it\\\/\",\"name\":\"Trusted Translations, Inc.\",\"description\":\"Leader in translation and interpretation services.\",\"publisher\":{\"@id\":\"https:\\\/\\\/www.trustedtranslations.com\\\/it\\\/#organization\"},\"alternateName\":\"Trusted Translations\",\"potentialAction\":[{\"@type\":\"SearchAction\",\"target\":{\"@type\":\"EntryPoint\",\"urlTemplate\":\"https:\\\/\\\/www.trustedtranslations.com\\\/it\\\/?s={search_term_string}\"},\"query-input\":{\"@type\":\"PropertyValueSpecification\",\"valueRequired\":true,\"valueName\":\"search_term_string\"}}],\"inLanguage\":\"it-IT\"},{\"@type\":\"Organization\",\"@id\":\"https:\\\/\\\/www.trustedtranslations.com\\\/it\\\/#organization\",\"name\":\"Trusted Translations\",\"alternateName\":\"Trusted Translations, Inc.\",\"url\":\"https:\\\/\\\/www.trustedtranslations.com\\\/it\\\/\",\"logo\":{\"@type\":\"ImageObject\",\"inLanguage\":\"it-IT\",\"@id\":\"https:\\\/\\\/www.trustedtranslations.com\\\/it\\\/#\\\/schema\\\/logo\\\/image\\\/\",\"url\":\"https:\\\/\\\/static.trustedtranslations.com\\\/wp-content\\\/uploads\\\/2022\\\/01\\\/TT_logo_WSIColors-2.png\",\"contentUrl\":\"https:\\\/\\\/static.trustedtranslations.com\\\/wp-content\\\/uploads\\\/2022\\\/01\\\/TT_logo_WSIColors-2.png\",\"width\":500,\"height\":196,\"caption\":\"Trusted Translations\"},\"image\":{\"@id\":\"https:\\\/\\\/www.trustedtranslations.com\\\/it\\\/#\\\/schema\\\/logo\\\/image\\\/\"},\"sameAs\":[\"https:\\\/\\\/www.facebook.com\\\/Trusted.Translations\",\"https:\\\/\\\/x.com\\\/TrustedT9ns\",\"https:\\\/\\\/www.linkedin.com\\\/company\\\/trusted-translations\"]}]}<\/script>\n<!-- \/ Yoast SEO plugin. -->","yoast_head_json":{"title":"Servizi di interpretariato su GoTo Meeting - Trusted Translations, Inc.","description":"Trusted Translations \u00e8 leader nei servizi di interpretariato linguistico su GoTo Meeting. Chiamateci per richiedere un preventivo o una consulenza gratuita.","robots":{"index":"index","follow":"follow","max-snippet":"max-snippet:-1","max-image-preview":"max-image-preview:large","max-video-preview":"max-video-preview:-1"},"canonical":"https:\/\/www.trustedtranslations.com\/it\/servizi\/vri\/goto-meeting","og_locale":"it_IT","og_type":"article","og_title":"Servizi di interpretariato su GoTo Meeting - Trusted Translations, Inc.","og_description":"Trusted Translations \u00e8 leader nei servizi di interpretariato linguistico su GoTo Meeting. Chiamateci per richiedere un preventivo o una consulenza gratuita.","og_url":"https:\/\/www.trustedtranslations.com\/it\/servizi\/vri\/goto-meeting","og_site_name":"Trusted Translations, Inc.","article_publisher":"https:\/\/www.facebook.com\/Trusted.Translations","article_modified_time":"2024-09-11T14:23:23+00:00","og_image":[{"width":151,"height":151,"url":"https:\/\/static.trustedtranslations.com\/wp-content\/uploads\/2024\/02\/TT-ICON_Remote-Multilingual-Inte-12.webp","type":"image\/webp"}],"twitter_card":"summary_large_image","twitter_site":"@TrustedT9ns","schema":{"@context":"https:\/\/schema.org","@graph":[{"@type":"WebPage","@id":"https:\/\/www.trustedtranslations.com\/it\/servizi\/vri\/goto-meeting","url":"https:\/\/www.trustedtranslations.com\/it\/servizi\/vri\/goto-meeting","name":"Servizi di interpretariato su GoTo Meeting - Trusted Translations, Inc.","isPartOf":{"@id":"https:\/\/www.trustedtranslations.com\/it\/#website"},"primaryImageOfPage":{"@id":"https:\/\/www.trustedtranslations.com\/it\/servizi\/vri\/goto-meeting#primaryimage"},"image":{"@id":"https:\/\/www.trustedtranslations.com\/it\/servizi\/vri\/goto-meeting#primaryimage"},"thumbnailUrl":"https:\/\/www.trustedtranslations.com\/wp-content\/uploads\/2024\/02\/TT-ICON_Remote-Multilingual-Inte-12.webp","description":"Trusted Translations \u00e8 leader nei servizi di interpretariato linguistico su GoTo Meeting. Chiamateci per richiedere un preventivo o una consulenza gratuita.","breadcrumb":{"@id":"https:\/\/www.trustedtranslations.com\/it\/servizi\/vri\/goto-meeting#breadcrumb"},"inLanguage":"it-IT","potentialAction":[{"@type":"ReadAction","target":["https:\/\/www.trustedtranslations.com\/it\/servizi\/vri\/goto-meeting"]}]},{"@type":"ImageObject","inLanguage":"it-IT","@id":"https:\/\/www.trustedtranslations.com\/it\/servizi\/vri\/goto-meeting#primaryimage","url":"https:\/\/www.trustedtranslations.com\/wp-content\/uploads\/2024\/02\/TT-ICON_Remote-Multilingual-Inte-12.webp","contentUrl":"https:\/\/www.trustedtranslations.com\/wp-content\/uploads\/2024\/02\/TT-ICON_Remote-Multilingual-Inte-12.webp","width":151,"height":151,"caption":"TT ICON Remote Multilingual Inte 12"},{"@type":"BreadcrumbList","@id":"https:\/\/www.trustedtranslations.com\/it\/servizi\/vri\/goto-meeting#breadcrumb","itemListElement":[{"@type":"ListItem","position":1,"name":"Home","item":"https:\/\/www.trustedtranslations.com\/it"},{"@type":"ListItem","position":2,"name":"Servizi","item":"https:\/\/www.trustedtranslations.com\/it\/servizi"},{"@type":"ListItem","position":3,"name":"Interpretariato video da remoto (VRI)","item":"https:\/\/www.trustedtranslations.com\/it\/servizi\/vri"},{"@type":"ListItem","position":4,"name":"GoTo Meeting"}]},{"@type":"WebSite","@id":"https:\/\/www.trustedtranslations.com\/it\/#website","url":"https:\/\/www.trustedtranslations.com\/it\/","name":"Trusted Translations, Inc.","description":"Leader in translation and interpretation services.","publisher":{"@id":"https:\/\/www.trustedtranslations.com\/it\/#organization"},"alternateName":"Trusted Translations","potentialAction":[{"@type":"SearchAction","target":{"@type":"EntryPoint","urlTemplate":"https:\/\/www.trustedtranslations.com\/it\/?s={search_term_string}"},"query-input":{"@type":"PropertyValueSpecification","valueRequired":true,"valueName":"search_term_string"}}],"inLanguage":"it-IT"},{"@type":"Organization","@id":"https:\/\/www.trustedtranslations.com\/it\/#organization","name":"Trusted Translations","alternateName":"Trusted Translations, Inc.","url":"https:\/\/www.trustedtranslations.com\/it\/","logo":{"@type":"ImageObject","inLanguage":"it-IT","@id":"https:\/\/www.trustedtranslations.com\/it\/#\/schema\/logo\/image\/","url":"https:\/\/static.trustedtranslations.com\/wp-content\/uploads\/2022\/01\/TT_logo_WSIColors-2.png","contentUrl":"https:\/\/static.trustedtranslations.com\/wp-content\/uploads\/2022\/01\/TT_logo_WSIColors-2.png","width":500,"height":196,"caption":"Trusted Translations"},"image":{"@id":"https:\/\/www.trustedtranslations.com\/it\/#\/schema\/logo\/image\/"},"sameAs":["https:\/\/www.facebook.com\/Trusted.Translations","https:\/\/x.com\/TrustedT9ns","https:\/\/www.linkedin.com\/company\/trusted-translations"]}]}},"toolset-meta":{"dyk":{"mensaje-1":{"type":"textfield","raw":"Forniamo traduzioni alle aziende Fortune 500 a tariffe inferiori del 25-50% rispetto al mercato."},"mensaje-2":{"type":"textfield","raw":"Ogni traduzione eseguita dai nostri team di esperti \u00e8 supportata dai Lloyd\u2019s di Londra."},"mensaje-3":{"type":"textfield","raw":"Trusted Translations \u00e8 un orgoglioso sostenitore del St. Jude Children\u2019s Research Hospital."},"mensaje-4":{"type":"textfield","raw":"Siamo stati nominati tra le \u201c500 migliori attivit\u00e0 di propriet\u00e0 ispano-americana\u201d negli Stati Uniti."},"mensaje-5":{"type":"textfield","raw":"Trusted Translations vanta oltre 5.000 clienti soddisfatti in quasi tutti i settori."},"mensaje-6":{"type":"textfield","raw":""}},"single-page-template-fields":{"imgs-temp":{"type":"image","raw":["https:\/\/static.trustedtranslations.com\/wp-content\/uploads\/2024\/07\/gotomeeting-1.webp"],"repeatable":[{"raw":"https:\/\/static.trustedtranslations.com\/wp-content\/uploads\/2024\/07\/gotomeeting-1.webp"}]},"imgs-temp-cel":{"type":"image","raw":[""],"repeatable":[{"raw":""}]},"img-temp-one-cel":{"type":"image","raw":"https:\/\/static.trustedtranslations.com\/wp-content\/uploads\/2024\/07\/gotomeeting-1-1.webp","attachment_id":null},"quotes":{"type":"textarea","raw":"<h1 style=\"margin-bottom: 12px;\">Servizi di interpretariato multilingue a distanza su GoTo Meeting<\/h1>\r\nPotreste chiedervi a chi rivolgervi per un interpretariato di qualit\u00e0 se la vostra azienda preferisce una piattaforma di lavoro da remoto meno conosciuta, come GoTo Meeting. Fortunatamente, quando si tratta di comunicazioni multilingue, il team di Trusted Translations \u00e8 pronto a lavorare con gli strumenti che gi\u00e0 possedete e preferite. I nostri esperti possono fornire servizi di interpretariato eccezionali su GoTo Meeting per qualsiasi esigenza.\r\n<div style=\"margin-top: 2.5vw;\"><a class=\"tt-btn-main-cta\" href=\"https:\/\/www.trustedtranslations.com\/it\/quote\">Richiedi un preventivo gratuito<\/a><\/div>"},"text-1":{"type":"textarea","raw":"<h2>Interpretariato professionale per eventi su GoTo Meeting<\/h2>\r\nAppartenente a una suite di prodotti di comunicazione e collaborazione creati da GoTo (precedentemente noto come LogMeIn), GoTo Meeting \u00e8 una piattaforma di videoconferenza da remoto originariamente sviluppata nel 2004. GoTo Meeting \u00e8 disponibile in oltre 190 paesi in tutto il mondo, con circa la met\u00e0 degli utenti con sede negli Stati Uniti e con l\u2019India come seconda base di utenti pi\u00f9 popolare.<img class=\"wp-image-177793 alignleft\" src=\"https:\/\/static.trustedtranslations.com\/wp-content\/uploads\/2023\/01\/meeting.jpg\" alt=\"\" width=\"500\" height=\"282\" \/> La piattaforma stessa supporta sette lingue di visualizzazione, che possono essere modificate in qualsiasi momento durante ciascuna sessione: inglese, spagnolo, cinese, francese, italiano, tedesco e portoghese brasiliano.\r\n\r\nAl di fuori di questo supporto linguistico per gli utenti, GoTo Meeting non offre funzionalit\u00e0 progettate specificamente per l\u2019interpretariato da remoto. Per aggiungere un interprete in simultanea da remoto a una sessione GoTo Meeting, questi dovr\u00e0 unirsi alla riunione in un\u2019altra finestra, come qualsiasi altro nuovo partecipante. Detto questo, alcune delle funzionalit\u00e0 intrinseche di GoTo Meeting possono essere di beneficio generale per gli interpreti da remoto, come la soppressione del rumore di fondo e la sua eccellente app per telefoni cellulari.\r\n<h2>Vantaggi di GoTo Meeting per le riunioni multilingue<\/h2>\r\n<strong>\u00a0<\/strong>Anche se forse non \u00e8 noto quanto concorrenti come Zoom e Teams, GoTo Meeting ha alcuni elementi che lo distinguono dalla massa:\r\n<ul>\r\n \t<li>offre un tempo di attivit\u00e0 del servizio leader del settore del 99,9% (\u00e8 estremamente affidabile);<\/li>\r\n \t<li>numero verde e opzioni Chiamami disponibili in oltre 50 paesi;<\/li>\r\n \t<li>funzionalit\u00e0 di sicurezza di livello aziendale, attualmente in fase di sviluppo della crittografia E2E;<\/li>\r\n \t<li>strumenti di collaborazioni (strumenti di disegno, etc.) tutti amministrati da GoTo;<\/li>\r\n \t<li>non \u00e8 necessario scaricare software o app.<\/li>\r\n<\/ul>\r\nDurante la pandemia di COVID-19, GoTo ha anche lanciato <a href=\"https:\/\/support.goto.com\/meeting\/help\/plan-overview-gotomeeting-for-healthcare\" target=\"_blank\" rel=\"noopener\">GoTo Meeting for Healthcare<\/a> per i clienti del Nord America, evidenziando il suo servizio compatibile HIPAA su misura per le strutture sanitarie."},"shortcode-map":{"type":"textfield","raw":""},"dyk-shortcode":{"type":"textfield","raw":"[elementor-template id=\"146751\"]"},"text-2":{"type":"textarea","raw":"<h2>Limitazioni di GoTo Meeting per l\u2019interpretariato da remoto<\/h2>\r\nIl limite di partecipanti di GoTo Meeting varia in base al piano di abbonamento, ma il massimo (per i piani Business o Enterprise) \u00e8 di 250 partecipanti, come per Google Meet. Ci\u00f2 rende GoTo Meeting meno adatto a conferenze molto grandi. GoTo offre un prodotto separato, GoTo Webinar, che supporta conferenze ed eventi virtuali per un massimo (a seconda del piano) di 3.000 partecipanti. Tuttavia, a seconda del budget, delle esigenze e del numero di spettatori stimato, potreste non voler acquistare un prodotto diverso per ottenere la funzionalit\u00e0 di cui necessitate.\r\n\r\nUn altro svantaggio \u00e8 che GoTo Meeting non dispone di funzionalit\u00e0 di sottotitolazione, sebbene l\u2019azienda raccomandi alcune <a href=\"https:\/\/support.goto.com\/webinar\/help\/how-do-i-use-google-slides-or-microsoft-powerpoint-for-closed-captions\" target=\"_blank\" rel=\"noopener\">soluzioni alternative per i sottotitoli in tempo reale<\/a>. La piattaforma include le trascrizioni delle riunioni dopo il completamento. Tuttavia, gli interpreti in tempo reale potrebbero scoprire che GoTo Meeting \u00e8 leggermente inferiore rispetto ad altre piattaforme che offrono elementi pi\u00f9 specifici per l\u2019interpretariato.\r\n<h2>Il nostro staff<\/h2>\r\nGli interpreti di <em>Trusted Translations<\/em> hanno familiarit\u00e0 con GoTo Meeting e sono abituati a fornire un servizio di alta qualit\u00e0, indipendentemente dalla piattaforma. Inoltre, se non siete ancora sicuri che GoTo Meeting sia adatto alle vostre esigenze aziendali, possiamo offrirvi una guida su come raggiungere al meglio gli obiettivi di comunicazione da remoto della vostra organizzazione."},"state":{"type":"textfield","raw":""},"city":{"type":"textarea","raw":[]}}},"_links":{"self":[{"href":"https:\/\/www.trustedtranslations.com\/it\/wp-json\/wp\/v2\/pages\/182617","targetHints":{"allow":["GET"]}}],"collection":[{"href":"https:\/\/www.trustedtranslations.com\/it\/wp-json\/wp\/v2\/pages"}],"about":[{"href":"https:\/\/www.trustedtranslations.com\/it\/wp-json\/wp\/v2\/types\/page"}],"author":[{"embeddable":true,"href":"https:\/\/www.trustedtranslations.com\/it\/wp-json\/wp\/v2\/users\/1"}],"replies":[{"embeddable":true,"href":"https:\/\/www.trustedtranslations.com\/it\/wp-json\/wp\/v2\/comments?post=182617"}],"version-history":[{"count":0,"href":"https:\/\/www.trustedtranslations.com\/it\/wp-json\/wp\/v2\/pages\/182617\/revisions"}],"up":[{"embeddable":true,"href":"https:\/\/www.trustedtranslations.com\/it\/wp-json\/wp\/v2\/pages\/160045"}],"wp:featuredmedia":[{"embeddable":true,"href":"https:\/\/www.trustedtranslations.com\/it\/wp-json\/wp\/v2\/media\/244594"}],"wp:attachment":[{"href":"https:\/\/www.trustedtranslations.com\/it\/wp-json\/wp\/v2\/media?parent=182617"}],"curies":[{"name":"wp","href":"https:\/\/api.w.org\/{rel}","templated":true}]}}