{"id":189269,"date":"2023-02-24T00:37:31","date_gmt":"2023-02-24T03:37:31","guid":{"rendered":"https:\/\/www.trustedtranslations.com\/?page_id=189269"},"modified":"2024-09-23T17:00:57","modified_gmt":"2024-09-23T20:00:57","slug":"agenzia-per-la-lingua-spagnola","status":"publish","type":"page","link":"https:\/\/www.trustedtranslations.com\/it\/chi-siamo\/agenzia-per-la-lingua-spagnola","title":{"rendered":"Agenzia per la lingua spagnola"},"content":{"rendered":"","protected":false},"excerpt":{"rendered":"","protected":false},"author":1,"featured_media":160117,"parent":123362,"menu_order":0,"comment_status":"closed","ping_status":"closed","template":"","meta":{"site-sidebar-layout":"default","site-content-layout":"default","ast-site-content-layout":"default","site-content-style":"default","site-sidebar-style":"default","ast-global-header-display":"","ast-banner-title-visibility":"","ast-main-header-display":"","ast-hfb-above-header-display":"","ast-hfb-below-header-display":"","ast-hfb-mobile-header-display":"","site-post-title":"disabled","ast-breadcrumbs-content":"","ast-featured-img":"","footer-sml-layout":"","ast-disable-related-posts":"","theme-transparent-header-meta":"default","adv-header-id-meta":"","stick-header-meta":"","header-above-stick-meta":"","header-main-stick-meta":"","header-below-stick-meta":"","astra-migrate-meta-layouts":"set","ast-page-background-enabled":"default","ast-page-background-meta":{"desktop":{"background-color":"var(--ast-global-color-4)","background-image":"","background-repeat":"repeat","background-position":"center center","background-size":"auto","background-attachment":"scroll","background-type":"","background-media":"","overlay-type":"","overlay-color":"","overlay-opacity":"","overlay-gradient":""},"tablet":{"background-color":"","background-image":"","background-repeat":"repeat","background-position":"center center","background-size":"auto","background-attachment":"scroll","background-type":"","background-media":"","overlay-type":"","overlay-color":"","overlay-opacity":"","overlay-gradient":""},"mobile":{"background-color":"","background-image":"","background-repeat":"repeat","background-position":"center center","background-size":"auto","background-attachment":"scroll","background-type":"","background-media":"","overlay-type":"","overlay-color":"","overlay-opacity":"","overlay-gradient":""}},"ast-content-background-meta":{"desktop":{"background-color":"var(--ast-global-color-5)","background-image":"","background-repeat":"repeat","background-position":"center center","background-size":"auto","background-attachment":"scroll","background-type":"","background-media":"","overlay-type":"","overlay-color":"","overlay-opacity":"","overlay-gradient":""},"tablet":{"background-color":"var(--ast-global-color-5)","background-image":"","background-repeat":"repeat","background-position":"center center","background-size":"auto","background-attachment":"scroll","background-type":"","background-media":"","overlay-type":"","overlay-color":"","overlay-opacity":"","overlay-gradient":""},"mobile":{"background-color":"var(--ast-global-color-5)","background-image":"","background-repeat":"repeat","background-position":"center center","background-size":"auto","background-attachment":"scroll","background-type":"","background-media":"","overlay-type":"","overlay-color":"","overlay-opacity":"","overlay-gradient":""}},"footnotes":""},"class_list":["post-189269","page","type-page","status-publish","has-post-thumbnail","hentry"],"yoast_head":"<!-- This site is optimized with the Yoast SEO plugin v27.5 - https:\/\/yoast.com\/product\/yoast-seo-wordpress\/ -->\n<title>Agenzia di traduzioni in spagnolo - Societ\u00e0 leader di traduzioni in spagnolo: Trusted Translations<\/title>\n<meta name=\"description\" content=\"Scoprite Trusted Translations: traduzione in spagnolo da parte di esperti con garanzia di qualit\u00e0. Richiedi un preventivo gratuito.\" \/>\n<meta name=\"robots\" content=\"index, follow, max-snippet:-1, max-image-preview:large, max-video-preview:-1\" \/>\n<link rel=\"canonical\" href=\"https:\/\/www.trustedtranslations.com\/it\/chi-siamo\/agenzia-per-la-lingua-spagnola\" \/>\n<meta property=\"og:locale\" content=\"it_IT\" \/>\n<meta property=\"og:type\" content=\"article\" \/>\n<meta property=\"og:title\" content=\"Agenzia di traduzioni in spagnolo - Societ\u00e0 leader di traduzioni in spagnolo: Trusted Translations\" \/>\n<meta property=\"og:description\" content=\"Scoprite Trusted Translations: traduzione in spagnolo da parte di esperti con garanzia di qualit\u00e0. Richiedi un preventivo gratuito.\" \/>\n<meta property=\"og:url\" content=\"https:\/\/www.trustedtranslations.com\/it\/chi-siamo\/agenzia-per-la-lingua-spagnola\" \/>\n<meta property=\"og:site_name\" content=\"Trusted Translations, Inc.\" \/>\n<meta property=\"article:publisher\" content=\"https:\/\/www.facebook.com\/Trusted.Translations\" \/>\n<meta property=\"article:modified_time\" content=\"2024-09-23T20:00:57+00:00\" \/>\n<meta property=\"og:image\" content=\"https:\/\/static.trustedtranslations.com\/wp-content\/uploads\/2022\/08\/TT_NEW_FB-1.png\" \/>\n\t<meta property=\"og:image:width\" content=\"1\" \/>\n\t<meta property=\"og:image:height\" content=\"1\" \/>\n\t<meta property=\"og:image:type\" content=\"image\/jpeg\" \/>\n<meta name=\"twitter:card\" content=\"summary_large_image\" \/>\n<meta name=\"twitter:site\" content=\"@TrustedT9ns\" \/>\n<script type=\"application\/ld+json\" class=\"yoast-schema-graph\">{\"@context\":\"https:\\\/\\\/schema.org\",\"@graph\":[{\"@type\":\"WebPage\",\"@id\":\"https:\\\/\\\/www.trustedtranslations.com\\\/it\\\/chi-siamo\\\/agenzia-per-la-lingua-spagnola\",\"url\":\"https:\\\/\\\/www.trustedtranslations.com\\\/it\\\/chi-siamo\\\/agenzia-per-la-lingua-spagnola\",\"name\":\"Agenzia di traduzioni in spagnolo - Societ\u00e0 leader di traduzioni in spagnolo: Trusted Translations\",\"isPartOf\":{\"@id\":\"https:\\\/\\\/www.trustedtranslations.com\\\/it\\\/#website\"},\"primaryImageOfPage\":{\"@id\":\"https:\\\/\\\/www.trustedtranslations.com\\\/it\\\/chi-siamo\\\/agenzia-per-la-lingua-spagnola#primaryimage\"},\"image\":{\"@id\":\"https:\\\/\\\/www.trustedtranslations.com\\\/it\\\/chi-siamo\\\/agenzia-per-la-lingua-spagnola#primaryimage\"},\"thumbnailUrl\":\"https:\\\/\\\/www.trustedtranslations.com\\\/wp-content\\\/uploads\\\/2022\\\/08\\\/TT_NEW_FB-1.png\",\"description\":\"Scoprite Trusted Translations: traduzione in spagnolo da parte di esperti con garanzia di qualit\u00e0. Richiedi un preventivo gratuito.\",\"breadcrumb\":{\"@id\":\"https:\\\/\\\/www.trustedtranslations.com\\\/it\\\/chi-siamo\\\/agenzia-per-la-lingua-spagnola#breadcrumb\"},\"inLanguage\":\"it-IT\",\"potentialAction\":[{\"@type\":\"ReadAction\",\"target\":[\"https:\\\/\\\/www.trustedtranslations.com\\\/it\\\/chi-siamo\\\/agenzia-per-la-lingua-spagnola\"]}]},{\"@type\":\"ImageObject\",\"inLanguage\":\"it-IT\",\"@id\":\"https:\\\/\\\/www.trustedtranslations.com\\\/it\\\/chi-siamo\\\/agenzia-per-la-lingua-spagnola#primaryimage\",\"url\":\"https:\\\/\\\/www.trustedtranslations.com\\\/wp-content\\\/uploads\\\/2022\\\/08\\\/TT_NEW_FB-1.png\",\"contentUrl\":\"https:\\\/\\\/www.trustedtranslations.com\\\/wp-content\\\/uploads\\\/2022\\\/08\\\/TT_NEW_FB-1.png\",\"caption\":\"TT NEW FB 1\"},{\"@type\":\"BreadcrumbList\",\"@id\":\"https:\\\/\\\/www.trustedtranslations.com\\\/it\\\/chi-siamo\\\/agenzia-per-la-lingua-spagnola#breadcrumb\",\"itemListElement\":[{\"@type\":\"ListItem\",\"position\":1,\"name\":\"Home\",\"item\":\"https:\\\/\\\/www.trustedtranslations.com\\\/it\"},{\"@type\":\"ListItem\",\"position\":2,\"name\":\"Chi siamo\",\"item\":\"https:\\\/\\\/www.trustedtranslations.com\\\/it\\\/chi-siamo\"},{\"@type\":\"ListItem\",\"position\":3,\"name\":\"Agenzia per la lingua spagnola\"}]},{\"@type\":\"WebSite\",\"@id\":\"https:\\\/\\\/www.trustedtranslations.com\\\/it\\\/#website\",\"url\":\"https:\\\/\\\/www.trustedtranslations.com\\\/it\\\/\",\"name\":\"Trusted Translations, Inc.\",\"description\":\"Leader in translation and interpretation services.\",\"publisher\":{\"@id\":\"https:\\\/\\\/www.trustedtranslations.com\\\/it\\\/#organization\"},\"alternateName\":\"Trusted Translations\",\"potentialAction\":[{\"@type\":\"SearchAction\",\"target\":{\"@type\":\"EntryPoint\",\"urlTemplate\":\"https:\\\/\\\/www.trustedtranslations.com\\\/it\\\/?s={search_term_string}\"},\"query-input\":{\"@type\":\"PropertyValueSpecification\",\"valueRequired\":true,\"valueName\":\"search_term_string\"}}],\"inLanguage\":\"it-IT\"},{\"@type\":\"Organization\",\"@id\":\"https:\\\/\\\/www.trustedtranslations.com\\\/it\\\/#organization\",\"name\":\"Trusted Translations\",\"alternateName\":\"Trusted Translations, Inc.\",\"url\":\"https:\\\/\\\/www.trustedtranslations.com\\\/it\\\/\",\"logo\":{\"@type\":\"ImageObject\",\"inLanguage\":\"it-IT\",\"@id\":\"https:\\\/\\\/www.trustedtranslations.com\\\/it\\\/#\\\/schema\\\/logo\\\/image\\\/\",\"url\":\"https:\\\/\\\/static.trustedtranslations.com\\\/wp-content\\\/uploads\\\/2022\\\/01\\\/TT_logo_WSIColors-2.png\",\"contentUrl\":\"https:\\\/\\\/static.trustedtranslations.com\\\/wp-content\\\/uploads\\\/2022\\\/01\\\/TT_logo_WSIColors-2.png\",\"width\":500,\"height\":196,\"caption\":\"Trusted Translations\"},\"image\":{\"@id\":\"https:\\\/\\\/www.trustedtranslations.com\\\/it\\\/#\\\/schema\\\/logo\\\/image\\\/\"},\"sameAs\":[\"https:\\\/\\\/www.facebook.com\\\/Trusted.Translations\",\"https:\\\/\\\/x.com\\\/TrustedT9ns\",\"https:\\\/\\\/www.linkedin.com\\\/company\\\/trusted-translations\"]}]}<\/script>\n<!-- \/ Yoast SEO plugin. -->","yoast_head_json":{"title":"Agenzia di traduzioni in spagnolo - Societ\u00e0 leader di traduzioni in spagnolo: Trusted Translations","description":"Scoprite Trusted Translations: traduzione in spagnolo da parte di esperti con garanzia di qualit\u00e0. Richiedi un preventivo gratuito.","robots":{"index":"index","follow":"follow","max-snippet":"max-snippet:-1","max-image-preview":"max-image-preview:large","max-video-preview":"max-video-preview:-1"},"canonical":"https:\/\/www.trustedtranslations.com\/it\/chi-siamo\/agenzia-per-la-lingua-spagnola","og_locale":"it_IT","og_type":"article","og_title":"Agenzia di traduzioni in spagnolo - Societ\u00e0 leader di traduzioni in spagnolo: Trusted Translations","og_description":"Scoprite Trusted Translations: traduzione in spagnolo da parte di esperti con garanzia di qualit\u00e0. Richiedi un preventivo gratuito.","og_url":"https:\/\/www.trustedtranslations.com\/it\/chi-siamo\/agenzia-per-la-lingua-spagnola","og_site_name":"Trusted Translations, Inc.","article_publisher":"https:\/\/www.facebook.com\/Trusted.Translations","article_modified_time":"2024-09-23T20:00:57+00:00","og_image":[{"url":"https:\/\/static.trustedtranslations.com\/wp-content\/uploads\/2022\/08\/TT_NEW_FB-1.png","width":1,"height":1,"type":"image\/jpeg"}],"twitter_card":"summary_large_image","twitter_site":"@TrustedT9ns","schema":{"@context":"https:\/\/schema.org","@graph":[{"@type":"WebPage","@id":"https:\/\/www.trustedtranslations.com\/it\/chi-siamo\/agenzia-per-la-lingua-spagnola","url":"https:\/\/www.trustedtranslations.com\/it\/chi-siamo\/agenzia-per-la-lingua-spagnola","name":"Agenzia di traduzioni in spagnolo - Societ\u00e0 leader di traduzioni in spagnolo: Trusted Translations","isPartOf":{"@id":"https:\/\/www.trustedtranslations.com\/it\/#website"},"primaryImageOfPage":{"@id":"https:\/\/www.trustedtranslations.com\/it\/chi-siamo\/agenzia-per-la-lingua-spagnola#primaryimage"},"image":{"@id":"https:\/\/www.trustedtranslations.com\/it\/chi-siamo\/agenzia-per-la-lingua-spagnola#primaryimage"},"thumbnailUrl":"https:\/\/www.trustedtranslations.com\/wp-content\/uploads\/2022\/08\/TT_NEW_FB-1.png","description":"Scoprite Trusted Translations: traduzione in spagnolo da parte di esperti con garanzia di qualit\u00e0. Richiedi un preventivo gratuito.","breadcrumb":{"@id":"https:\/\/www.trustedtranslations.com\/it\/chi-siamo\/agenzia-per-la-lingua-spagnola#breadcrumb"},"inLanguage":"it-IT","potentialAction":[{"@type":"ReadAction","target":["https:\/\/www.trustedtranslations.com\/it\/chi-siamo\/agenzia-per-la-lingua-spagnola"]}]},{"@type":"ImageObject","inLanguage":"it-IT","@id":"https:\/\/www.trustedtranslations.com\/it\/chi-siamo\/agenzia-per-la-lingua-spagnola#primaryimage","url":"https:\/\/www.trustedtranslations.com\/wp-content\/uploads\/2022\/08\/TT_NEW_FB-1.png","contentUrl":"https:\/\/www.trustedtranslations.com\/wp-content\/uploads\/2022\/08\/TT_NEW_FB-1.png","caption":"TT NEW FB 1"},{"@type":"BreadcrumbList","@id":"https:\/\/www.trustedtranslations.com\/it\/chi-siamo\/agenzia-per-la-lingua-spagnola#breadcrumb","itemListElement":[{"@type":"ListItem","position":1,"name":"Home","item":"https:\/\/www.trustedtranslations.com\/it"},{"@type":"ListItem","position":2,"name":"Chi siamo","item":"https:\/\/www.trustedtranslations.com\/it\/chi-siamo"},{"@type":"ListItem","position":3,"name":"Agenzia per la lingua spagnola"}]},{"@type":"WebSite","@id":"https:\/\/www.trustedtranslations.com\/it\/#website","url":"https:\/\/www.trustedtranslations.com\/it\/","name":"Trusted Translations, Inc.","description":"Leader in translation and interpretation services.","publisher":{"@id":"https:\/\/www.trustedtranslations.com\/it\/#organization"},"alternateName":"Trusted Translations","potentialAction":[{"@type":"SearchAction","target":{"@type":"EntryPoint","urlTemplate":"https:\/\/www.trustedtranslations.com\/it\/?s={search_term_string}"},"query-input":{"@type":"PropertyValueSpecification","valueRequired":true,"valueName":"search_term_string"}}],"inLanguage":"it-IT"},{"@type":"Organization","@id":"https:\/\/www.trustedtranslations.com\/it\/#organization","name":"Trusted Translations","alternateName":"Trusted Translations, Inc.","url":"https:\/\/www.trustedtranslations.com\/it\/","logo":{"@type":"ImageObject","inLanguage":"it-IT","@id":"https:\/\/www.trustedtranslations.com\/it\/#\/schema\/logo\/image\/","url":"https:\/\/static.trustedtranslations.com\/wp-content\/uploads\/2022\/01\/TT_logo_WSIColors-2.png","contentUrl":"https:\/\/static.trustedtranslations.com\/wp-content\/uploads\/2022\/01\/TT_logo_WSIColors-2.png","width":500,"height":196,"caption":"Trusted Translations"},"image":{"@id":"https:\/\/www.trustedtranslations.com\/it\/#\/schema\/logo\/image\/"},"sameAs":["https:\/\/www.facebook.com\/Trusted.Translations","https:\/\/x.com\/TrustedT9ns","https:\/\/www.linkedin.com\/company\/trusted-translations"]}]}},"toolset-meta":{"dyk":{"mensaje-1":{"type":"textfield","raw":"Trusted Translations \u00e8 l\u2019agenzia di traduzione in spagnolo pi\u00f9 economica con sede negli Stati Uniti."},"mensaje-2":{"type":"textfield","raw":"Trusted Translations \u00e8 uno dei massimi esperti nella localizzazione in lingua spagnola."},"mensaje-3":{"type":"textfield","raw":"Siamo un comprovato fornitore di traduttori per la Hispanic Communications Network."},"mensaje-4":{"type":"textfield","raw":"Oltre 500.000 persone visitano ogni mese i nostri siti web per consigli sulla lingua spagnola."},"mensaje-5":{"type":"textfield","raw":""},"mensaje-6":{"type":"textfield","raw":""}},"single-page-template-fields":{"imgs-temp":{"type":"image","raw":["https:\/\/static.trustedtranslations.com\/wp-content\/uploads\/2024\/06\/language-spanish-1.webp","https:\/\/static.trustedtranslations.com\/wp-content\/uploads\/2024\/07\/Group-113-1.webp"],"repeatable":[{"raw":"https:\/\/static.trustedtranslations.com\/wp-content\/uploads\/2024\/06\/language-spanish-1.webp"},{"raw":"https:\/\/static.trustedtranslations.com\/wp-content\/uploads\/2024\/07\/Group-113-1.webp"}]},"imgs-temp-cel":{"type":"image","raw":[""],"repeatable":[{"raw":""}]},"img-temp-one-cel":{"type":"image","raw":"https:\/\/static.trustedtranslations.com\/wp-content\/uploads\/2024\/07\/AdobeStock_94103906-1-1.webp","attachment_id":null},"quotes":{"type":"textarea","raw":"<h1 style=\"margin-bottom: 12px;\">La principale agenzia di traduzione in spagnolo<\/h1>\r\n<em>Trusted Translations<\/em> \u00e8 un\u2019agenzia di traduzione di grande esperienza specializzata in traduzioni inglese-spagnolo complesse e di volume elevato. Fondata nell\u2019area metropolitana di Washington DC e con uffici negli Stati Uniti, in Europa e in America Latina, fornisce servizi di traduzione in spagnolo di alta qualit\u00e0 eseguiti da team di traduttori spagnoli selezionati.\r\n<div style=\"margin-top: 2.5vw;\"><a class=\"tt-btn-main-cta\" href=\"https:\/\/www.trustedtranslations.com\/it\/quote\">Richiedi un preventivo gratuito<\/a><\/div>"},"text-1":{"type":"textarea","raw":"<h2>Traduzione esperta dall\u2019inglese allo spagnolo con prezzi competitivi e tempi di consegna rapidi<\/h2>In qualit\u00e0 di azienda di propriet\u00e0 ispanica e fornitore leader di servizi di traduzione inglese-spagnolo di volume elevato, <em>Trusted Translations<\/em> offre prezzi e tempi di consegna fra i pi\u00f9 competitivi del settore. Forniamo una gamma completa di servizi di traduzione e localizzazione per tutti i principali settori e in oltre 150 lingue, ma siamo riconosciuti a livello internazionale per le nostre capacit\u00e0 in lingua spagnola, con oltre 15 anni di comprovata esperienza di traduzione da e verso lo spagnolo.\r\n\r\nI nostri traduttori dall\u2019inglese allo spagnolo elaborano milioni di parole da e verso lo spagnolo ogni mese, servendo clienti in tutto il mondo, comprese aziende Fortune 500, governi e organizzazioni senza scopo di lucro in quasi tutti i principali settori.\r\n<h2>Perch\u00e9 scegliere <em>Trusted Translations<\/em><\/h2>\r\nI clienti scelgono i nostri servizi di traduzione in spagnolo per la nostra accuratezza senza pari, la velocit\u00e0 e i prezzi competitivi. In qualit\u00e0 di partner di <em>Trusted Translations<\/em>, potete essere certi che le vostre traduzioni in spagnolo verranno assegnate ad alcuni dei linguisti pi\u00f9 accreditati del settore. Ogni componente del progetto verr\u00e0 gestito in modo professionale e confidenziale da traduttori scelti con cura per il loro acume linguistico di livello madrelingua e per la loro fluidit\u00e0 culturale.\r\n\r\nPotete anche affidarvi a noi per gestire meticolosamente il flusso di lavoro del progetto. I nostri project manager ed editor supervisionano i progetti di traduzione e applicano il nostro esclusivo processo di garanzia della qualit\u00e0, in cui ogni traduzione viene controllata tre volte. Le nostre policy e procedure approfondite ci consentono di superare gli standard di qualit\u00e0 ISO 9001:2000 per l\u2019accuratezza.\r\n\r\n<em>Trusted Translations<\/em> non crede nel sacrificare l\u2019accuratezza per la velocit\u00e0. Fin dall\u2019inizio, abbiamo costantemente fornito prodotti di alta qualit\u00e0 in tempi di consegna che le agenzie concorrenti consideravano impossibili. Indipendentemente dalla complessit\u00e0 del progetto, possiamo consegnare le traduzioni in tempo, rispettando il budget e con un livello di qualit\u00e0 eccezionale."},"shortcode-map":{"type":"textfield","raw":""},"dyk-shortcode":{"type":"textfield","raw":"[elementor-template id=\"146751\"]"},"text-2":{"type":"textarea","raw":"<h2>Perch\u00e9 siamo la principale agenzia di traduzioni in spagnolo<\/h2>\r\nIn qualit\u00e0 di societ\u00e0 di traduzione leader, <em>Trusted Translations<\/em> \u00e8 riconosciuta come una delle massime autorit\u00e0 in lingua spagnola del settore. Ecco solo alcune delle caratteristiche che distinguono <em>Trusted Translations<\/em> dal resto della concorrenza:\r\n<ul>\r\n \t<li>\r\n<h3>Autorit\u00e0 riconosciuta nella traduzione da e verso lo spagnolo<\/h3>\r\n<\/li>\r\n<\/ul>\r\nOltre 500.000 esperti di localizzazione in spagnolo, studiosi, traduttori e persone provenienti da Messico, Spagna, Centro e Sud America, Stati Uniti e paesi esteri consultano ogni mese i contenuti e i siti online di <em>Trusted Translations<\/em> per ricercare questioni relative allo spagnolo, rendendoci uno degli specialisti di lingua spagnola leader nel settore della traduzione globale.\r\n<ul>\r\n \t<li>\r\n<h3>Anni di esperienza nelle traduzioni inglese\/spagnolo<\/h3>\r\n<\/li>\r\n<\/ul>\r\nFondata e gestita da ispanici residenti negli Stati Uniti,\u00a0 <em>Trusted Translations<\/em> \u00e8 una delle poche agenzie di traduzione con oltre 25 anni di esperienza linguistica diretta e pluripremiata nel mercato ispanico. Tra i vari riconoscimenti, siamo stati riconosciuti come una delle 500 migliori aziende di propriet\u00e0 ispano-americana negli Stati Uniti e come fornitore di minoranza riconosciuto nello Stato della Florida.\r\n<ul>\r\n \t<li>\r\n<h3>Esperti giuridici inglese-spagnolo nel personale<\/h3>\r\n<\/li>\r\n<\/ul>\r\nUnici tra le societ\u00e0 di traduzione, disponiamo di avvocati bilingue (inglese-spagnolo) autorizzati negli Stati Uniti, inclusi traduttori giudiziari approvati a livello federale. I nostri avvocati garantiscono che ogni documento giuridicamente sensibile che traduciamo utilizzi la terminologia legale corretta nella lingua di destinazione. Sono inoltre qualificati per fornire certificazioni legali notarili per convalidare ulteriormente l\u2019accuratezza delle nostre traduzioni.\r\n<ul>\r\n \t<li>\r\n<h3>Traduzioni dall\u2019inglese allo spagnolo della massima qualit\u00e0 e al prezzo pi\u00f9 competitivo<\/h3>\r\n<\/li>\r\n<\/ul>\r\nPoich\u00e9 siamo specializzati in traduzioni inglese-spagnolo, disponiamo di oltre 10.000 linguisti inglese-spagnolo ben collaudati nel nostro staff. Disponiamo di traduttori interni certificati e testati che lavorano esclusivamente per <em>Trusted Translations<\/em>. Questo ci consente di fornire un livello di servizio di qualit\u00e0 superiore ai prezzi pi\u00f9 competitivi del settore.\r\n<ul>\r\n \t<li>\r\n<h3>Massima competenza medica dall\u2019inglese allo spagnolo<\/h3>\r\n<\/li>\r\n<\/ul>\r\nDisponiamo di personale medico bilingue con licenza che offre oltre 40 anni di esperienza nel campo della medicina e dei contenuti relativi all\u2019assistenza sanitaria. I nostri esperti medici si assicurano che tutta la terminologia medica sia tradotta correttamente in un livello di spagnolo compreso dalla maggioranza della popolazione ispanica. Abbiamo lavorato con le principali istituzioni sanitarie e mediche sia negli Stati Uniti che a livello internazionale.\r\n\r\nContattate <em>Trusted Translations<\/em> oggi stesso per sapere come possiamo soddisfare le vostre esigenze di traduzione da e verso lo spagnolo."},"state":{"type":"textfield","raw":""},"city":{"type":"textarea","raw":[]}}},"_links":{"self":[{"href":"https:\/\/www.trustedtranslations.com\/it\/wp-json\/wp\/v2\/pages\/189269","targetHints":{"allow":["GET"]}}],"collection":[{"href":"https:\/\/www.trustedtranslations.com\/it\/wp-json\/wp\/v2\/pages"}],"about":[{"href":"https:\/\/www.trustedtranslations.com\/it\/wp-json\/wp\/v2\/types\/page"}],"author":[{"embeddable":true,"href":"https:\/\/www.trustedtranslations.com\/it\/wp-json\/wp\/v2\/users\/1"}],"replies":[{"embeddable":true,"href":"https:\/\/www.trustedtranslations.com\/it\/wp-json\/wp\/v2\/comments?post=189269"}],"version-history":[{"count":0,"href":"https:\/\/www.trustedtranslations.com\/it\/wp-json\/wp\/v2\/pages\/189269\/revisions"}],"up":[{"embeddable":true,"href":"https:\/\/www.trustedtranslations.com\/it\/wp-json\/wp\/v2\/pages\/123362"}],"wp:featuredmedia":[{"embeddable":true,"href":"https:\/\/www.trustedtranslations.com\/it\/wp-json\/wp\/v2\/media\/160117"}],"wp:attachment":[{"href":"https:\/\/www.trustedtranslations.com\/it\/wp-json\/wp\/v2\/media?parent=189269"}],"curies":[{"name":"wp","href":"https:\/\/api.w.org\/{rel}","templated":true}]}}