{"id":201509,"date":"2023-04-25T15:05:14","date_gmt":"2023-04-25T18:05:14","guid":{"rendered":"https:\/\/www.trustedtranslations.com\/?page_id=201509"},"modified":"2024-09-11T12:45:25","modified_gmt":"2024-09-11T15:45:25","slug":"accessibilita","status":"publish","type":"page","link":"https:\/\/www.trustedtranslations.com\/it\/servizi\/human\/accessibilita","title":{"rendered":"Accessibilit\u00e0"},"content":{"rendered":"","protected":false},"excerpt":{"rendered":"","protected":false},"author":1,"featured_media":235545,"parent":123306,"menu_order":11,"comment_status":"closed","ping_status":"closed","template":"","meta":{"site-sidebar-layout":"default","site-content-layout":"default","ast-site-content-layout":"default","site-content-style":"default","site-sidebar-style":"default","ast-global-header-display":"","ast-banner-title-visibility":"","ast-main-header-display":"","ast-hfb-above-header-display":"","ast-hfb-below-header-display":"","ast-hfb-mobile-header-display":"","site-post-title":"disabled","ast-breadcrumbs-content":"","ast-featured-img":"","footer-sml-layout":"","theme-transparent-header-meta":"default","adv-header-id-meta":"","stick-header-meta":"","header-above-stick-meta":"","header-main-stick-meta":"","header-below-stick-meta":"","astra-migrate-meta-layouts":"set","ast-page-background-enabled":"default","ast-page-background-meta":{"desktop":{"background-color":"var(--ast-global-color-4)","background-image":"","background-repeat":"repeat","background-position":"center center","background-size":"auto","background-attachment":"scroll","background-type":"","background-media":"","overlay-type":"","overlay-color":"","overlay-opacity":"","overlay-gradient":""},"tablet":{"background-color":"","background-image":"","background-repeat":"repeat","background-position":"center center","background-size":"auto","background-attachment":"scroll","background-type":"","background-media":"","overlay-type":"","overlay-color":"","overlay-opacity":"","overlay-gradient":""},"mobile":{"background-color":"","background-image":"","background-repeat":"repeat","background-position":"center center","background-size":"auto","background-attachment":"scroll","background-type":"","background-media":"","overlay-type":"","overlay-color":"","overlay-opacity":"","overlay-gradient":""}},"ast-content-background-meta":{"desktop":{"background-color":"var(--ast-global-color-5)","background-image":"","background-repeat":"repeat","background-position":"center center","background-size":"auto","background-attachment":"scroll","background-type":"","background-media":"","overlay-type":"","overlay-color":"","overlay-opacity":"","overlay-gradient":""},"tablet":{"background-color":"var(--ast-global-color-5)","background-image":"","background-repeat":"repeat","background-position":"center center","background-size":"auto","background-attachment":"scroll","background-type":"","background-media":"","overlay-type":"","overlay-color":"","overlay-opacity":"","overlay-gradient":""},"mobile":{"background-color":"var(--ast-global-color-5)","background-image":"","background-repeat":"repeat","background-position":"center center","background-size":"auto","background-attachment":"scroll","background-type":"","background-media":"","overlay-type":"","overlay-color":"","overlay-opacity":"","overlay-gradient":""}},"footnotes":""},"class_list":["post-201509","page","type-page","status-publish","has-post-thumbnail","hentry"],"yoast_head":"<!-- This site is optimized with the Yoast SEO plugin v27.5 - https:\/\/yoast.com\/product\/yoast-seo-wordpress\/ -->\n<title>Standard di accessibilit\u00e0 e traduzioni - Trusted Translations, Inc.<\/title>\n<meta name=\"description\" content=\"L\u2019obiettivo principale di Trusted Translations \u00e8 localizzare contenuti e garantirne la fruibilit\u00e0 per un pubblico pi\u00f9 ampio possibile, rispettando tutti gli standard di accessibilit\u00e0.\" \/>\n<meta name=\"robots\" content=\"index, follow, max-snippet:-1, max-image-preview:large, max-video-preview:-1\" \/>\n<link rel=\"canonical\" href=\"https:\/\/www.trustedtranslations.com\/it\/servizi\/human\/accessibilita\" \/>\n<meta property=\"og:locale\" content=\"it_IT\" \/>\n<meta property=\"og:type\" content=\"article\" \/>\n<meta property=\"og:title\" content=\"Standard di accessibilit\u00e0 e traduzioni - Trusted Translations, Inc.\" \/>\n<meta property=\"og:description\" content=\"L\u2019obiettivo principale di Trusted Translations \u00e8 localizzare contenuti e garantirne la fruibilit\u00e0 per un pubblico pi\u00f9 ampio possibile, rispettando tutti gli standard di accessibilit\u00e0.\" \/>\n<meta property=\"og:url\" content=\"https:\/\/www.trustedtranslations.com\/it\/servizi\/human\/accessibilita\" \/>\n<meta property=\"og:site_name\" content=\"Trusted Translations, Inc.\" \/>\n<meta property=\"article:publisher\" content=\"https:\/\/www.facebook.com\/Trusted.Translations\" \/>\n<meta property=\"article:modified_time\" content=\"2024-09-11T15:45:25+00:00\" \/>\n<meta property=\"og:image\" content=\"https:\/\/static.trustedtranslations.com\/wp-content\/uploads\/2024\/02\/TT-ICON_Accessibility-Standards-.webp\" \/>\n\t<meta property=\"og:image:width\" content=\"151\" \/>\n\t<meta property=\"og:image:height\" content=\"151\" \/>\n\t<meta property=\"og:image:type\" content=\"image\/webp\" \/>\n<meta name=\"twitter:card\" content=\"summary_large_image\" \/>\n<meta name=\"twitter:site\" content=\"@TrustedT9ns\" \/>\n<script type=\"application\/ld+json\" class=\"yoast-schema-graph\">{\"@context\":\"https:\\\/\\\/schema.org\",\"@graph\":[{\"@type\":\"WebPage\",\"@id\":\"https:\\\/\\\/www.trustedtranslations.com\\\/it\\\/servizi\\\/human\\\/accessibilita\",\"url\":\"https:\\\/\\\/www.trustedtranslations.com\\\/it\\\/servizi\\\/human\\\/accessibilita\",\"name\":\"Standard di accessibilit\u00e0 e traduzioni - Trusted Translations, Inc.\",\"isPartOf\":{\"@id\":\"https:\\\/\\\/www.trustedtranslations.com\\\/it\\\/#website\"},\"primaryImageOfPage\":{\"@id\":\"https:\\\/\\\/www.trustedtranslations.com\\\/it\\\/servizi\\\/human\\\/accessibilita#primaryimage\"},\"image\":{\"@id\":\"https:\\\/\\\/www.trustedtranslations.com\\\/it\\\/servizi\\\/human\\\/accessibilita#primaryimage\"},\"thumbnailUrl\":\"https:\\\/\\\/www.trustedtranslations.com\\\/wp-content\\\/uploads\\\/2024\\\/02\\\/TT-ICON_Accessibility-Standards-.webp\",\"description\":\"L\u2019obiettivo principale di Trusted Translations \u00e8 localizzare contenuti e garantirne la fruibilit\u00e0 per un pubblico pi\u00f9 ampio possibile, rispettando tutti gli standard di accessibilit\u00e0.\",\"breadcrumb\":{\"@id\":\"https:\\\/\\\/www.trustedtranslations.com\\\/it\\\/servizi\\\/human\\\/accessibilita#breadcrumb\"},\"inLanguage\":\"it-IT\",\"potentialAction\":[{\"@type\":\"ReadAction\",\"target\":[\"https:\\\/\\\/www.trustedtranslations.com\\\/it\\\/servizi\\\/human\\\/accessibilita\"]}]},{\"@type\":\"ImageObject\",\"inLanguage\":\"it-IT\",\"@id\":\"https:\\\/\\\/www.trustedtranslations.com\\\/it\\\/servizi\\\/human\\\/accessibilita#primaryimage\",\"url\":\"https:\\\/\\\/www.trustedtranslations.com\\\/wp-content\\\/uploads\\\/2024\\\/02\\\/TT-ICON_Accessibility-Standards-.webp\",\"contentUrl\":\"https:\\\/\\\/www.trustedtranslations.com\\\/wp-content\\\/uploads\\\/2024\\\/02\\\/TT-ICON_Accessibility-Standards-.webp\",\"width\":151,\"height\":151,\"caption\":\"TT ICON Accessibility Standards\"},{\"@type\":\"BreadcrumbList\",\"@id\":\"https:\\\/\\\/www.trustedtranslations.com\\\/it\\\/servizi\\\/human\\\/accessibilita#breadcrumb\",\"itemListElement\":[{\"@type\":\"ListItem\",\"position\":1,\"name\":\"Home\",\"item\":\"https:\\\/\\\/www.trustedtranslations.com\\\/it\"},{\"@type\":\"ListItem\",\"position\":2,\"name\":\"Servizi\",\"item\":\"https:\\\/\\\/www.trustedtranslations.com\\\/it\\\/servizi\"},{\"@type\":\"ListItem\",\"position\":3,\"name\":\"Traduzione umana\",\"item\":\"https:\\\/\\\/www.trustedtranslations.com\\\/it\\\/servizi\\\/human\"},{\"@type\":\"ListItem\",\"position\":4,\"name\":\"Accessibilit\u00e0\"}]},{\"@type\":\"WebSite\",\"@id\":\"https:\\\/\\\/www.trustedtranslations.com\\\/it\\\/#website\",\"url\":\"https:\\\/\\\/www.trustedtranslations.com\\\/it\\\/\",\"name\":\"Trusted Translations, Inc.\",\"description\":\"Leader in translation and interpretation services.\",\"publisher\":{\"@id\":\"https:\\\/\\\/www.trustedtranslations.com\\\/it\\\/#organization\"},\"alternateName\":\"Trusted Translations\",\"potentialAction\":[{\"@type\":\"SearchAction\",\"target\":{\"@type\":\"EntryPoint\",\"urlTemplate\":\"https:\\\/\\\/www.trustedtranslations.com\\\/it\\\/?s={search_term_string}\"},\"query-input\":{\"@type\":\"PropertyValueSpecification\",\"valueRequired\":true,\"valueName\":\"search_term_string\"}}],\"inLanguage\":\"it-IT\"},{\"@type\":\"Organization\",\"@id\":\"https:\\\/\\\/www.trustedtranslations.com\\\/it\\\/#organization\",\"name\":\"Trusted Translations\",\"alternateName\":\"Trusted Translations, Inc.\",\"url\":\"https:\\\/\\\/www.trustedtranslations.com\\\/it\\\/\",\"logo\":{\"@type\":\"ImageObject\",\"inLanguage\":\"it-IT\",\"@id\":\"https:\\\/\\\/www.trustedtranslations.com\\\/it\\\/#\\\/schema\\\/logo\\\/image\\\/\",\"url\":\"https:\\\/\\\/static.trustedtranslations.com\\\/wp-content\\\/uploads\\\/2022\\\/01\\\/TT_logo_WSIColors-2.png\",\"contentUrl\":\"https:\\\/\\\/static.trustedtranslations.com\\\/wp-content\\\/uploads\\\/2022\\\/01\\\/TT_logo_WSIColors-2.png\",\"width\":500,\"height\":196,\"caption\":\"Trusted Translations\"},\"image\":{\"@id\":\"https:\\\/\\\/www.trustedtranslations.com\\\/it\\\/#\\\/schema\\\/logo\\\/image\\\/\"},\"sameAs\":[\"https:\\\/\\\/www.facebook.com\\\/Trusted.Translations\",\"https:\\\/\\\/x.com\\\/TrustedT9ns\",\"https:\\\/\\\/www.linkedin.com\\\/company\\\/trusted-translations\"]}]}<\/script>\n<!-- \/ Yoast SEO plugin. -->","yoast_head_json":{"title":"Standard di accessibilit\u00e0 e traduzioni - Trusted Translations, Inc.","description":"L\u2019obiettivo principale di Trusted Translations \u00e8 localizzare contenuti e garantirne la fruibilit\u00e0 per un pubblico pi\u00f9 ampio possibile, rispettando tutti gli standard di accessibilit\u00e0.","robots":{"index":"index","follow":"follow","max-snippet":"max-snippet:-1","max-image-preview":"max-image-preview:large","max-video-preview":"max-video-preview:-1"},"canonical":"https:\/\/www.trustedtranslations.com\/it\/servizi\/human\/accessibilita","og_locale":"it_IT","og_type":"article","og_title":"Standard di accessibilit\u00e0 e traduzioni - Trusted Translations, Inc.","og_description":"L\u2019obiettivo principale di Trusted Translations \u00e8 localizzare contenuti e garantirne la fruibilit\u00e0 per un pubblico pi\u00f9 ampio possibile, rispettando tutti gli standard di accessibilit\u00e0.","og_url":"https:\/\/www.trustedtranslations.com\/it\/servizi\/human\/accessibilita","og_site_name":"Trusted Translations, Inc.","article_publisher":"https:\/\/www.facebook.com\/Trusted.Translations","article_modified_time":"2024-09-11T15:45:25+00:00","og_image":[{"width":151,"height":151,"url":"https:\/\/static.trustedtranslations.com\/wp-content\/uploads\/2024\/02\/TT-ICON_Accessibility-Standards-.webp","type":"image\/webp"}],"twitter_card":"summary_large_image","twitter_site":"@TrustedT9ns","schema":{"@context":"https:\/\/schema.org","@graph":[{"@type":"WebPage","@id":"https:\/\/www.trustedtranslations.com\/it\/servizi\/human\/accessibilita","url":"https:\/\/www.trustedtranslations.com\/it\/servizi\/human\/accessibilita","name":"Standard di accessibilit\u00e0 e traduzioni - Trusted Translations, Inc.","isPartOf":{"@id":"https:\/\/www.trustedtranslations.com\/it\/#website"},"primaryImageOfPage":{"@id":"https:\/\/www.trustedtranslations.com\/it\/servizi\/human\/accessibilita#primaryimage"},"image":{"@id":"https:\/\/www.trustedtranslations.com\/it\/servizi\/human\/accessibilita#primaryimage"},"thumbnailUrl":"https:\/\/www.trustedtranslations.com\/wp-content\/uploads\/2024\/02\/TT-ICON_Accessibility-Standards-.webp","description":"L\u2019obiettivo principale di Trusted Translations \u00e8 localizzare contenuti e garantirne la fruibilit\u00e0 per un pubblico pi\u00f9 ampio possibile, rispettando tutti gli standard di accessibilit\u00e0.","breadcrumb":{"@id":"https:\/\/www.trustedtranslations.com\/it\/servizi\/human\/accessibilita#breadcrumb"},"inLanguage":"it-IT","potentialAction":[{"@type":"ReadAction","target":["https:\/\/www.trustedtranslations.com\/it\/servizi\/human\/accessibilita"]}]},{"@type":"ImageObject","inLanguage":"it-IT","@id":"https:\/\/www.trustedtranslations.com\/it\/servizi\/human\/accessibilita#primaryimage","url":"https:\/\/www.trustedtranslations.com\/wp-content\/uploads\/2024\/02\/TT-ICON_Accessibility-Standards-.webp","contentUrl":"https:\/\/www.trustedtranslations.com\/wp-content\/uploads\/2024\/02\/TT-ICON_Accessibility-Standards-.webp","width":151,"height":151,"caption":"TT ICON Accessibility Standards"},{"@type":"BreadcrumbList","@id":"https:\/\/www.trustedtranslations.com\/it\/servizi\/human\/accessibilita#breadcrumb","itemListElement":[{"@type":"ListItem","position":1,"name":"Home","item":"https:\/\/www.trustedtranslations.com\/it"},{"@type":"ListItem","position":2,"name":"Servizi","item":"https:\/\/www.trustedtranslations.com\/it\/servizi"},{"@type":"ListItem","position":3,"name":"Traduzione umana","item":"https:\/\/www.trustedtranslations.com\/it\/servizi\/human"},{"@type":"ListItem","position":4,"name":"Accessibilit\u00e0"}]},{"@type":"WebSite","@id":"https:\/\/www.trustedtranslations.com\/it\/#website","url":"https:\/\/www.trustedtranslations.com\/it\/","name":"Trusted Translations, Inc.","description":"Leader in translation and interpretation services.","publisher":{"@id":"https:\/\/www.trustedtranslations.com\/it\/#organization"},"alternateName":"Trusted Translations","potentialAction":[{"@type":"SearchAction","target":{"@type":"EntryPoint","urlTemplate":"https:\/\/www.trustedtranslations.com\/it\/?s={search_term_string}"},"query-input":{"@type":"PropertyValueSpecification","valueRequired":true,"valueName":"search_term_string"}}],"inLanguage":"it-IT"},{"@type":"Organization","@id":"https:\/\/www.trustedtranslations.com\/it\/#organization","name":"Trusted Translations","alternateName":"Trusted Translations, Inc.","url":"https:\/\/www.trustedtranslations.com\/it\/","logo":{"@type":"ImageObject","inLanguage":"it-IT","@id":"https:\/\/www.trustedtranslations.com\/it\/#\/schema\/logo\/image\/","url":"https:\/\/static.trustedtranslations.com\/wp-content\/uploads\/2022\/01\/TT_logo_WSIColors-2.png","contentUrl":"https:\/\/static.trustedtranslations.com\/wp-content\/uploads\/2022\/01\/TT_logo_WSIColors-2.png","width":500,"height":196,"caption":"Trusted Translations"},"image":{"@id":"https:\/\/www.trustedtranslations.com\/it\/#\/schema\/logo\/image\/"},"sameAs":["https:\/\/www.facebook.com\/Trusted.Translations","https:\/\/x.com\/TrustedT9ns","https:\/\/www.linkedin.com\/company\/trusted-translations"]}]}},"toolset-meta":{"dyk":{"mensaje-1":{"type":"textfield","raw":"Rispettiamo la sezione 508 dello United States Workforce Rehabilitation Act del 1973."},"mensaje-2":{"type":"textfield","raw":"Noi di Trusted Translations crediamo nell\u2019importanza di fornire la stessa accessibilit\u00e0 a tutti gli utenti."},"mensaje-3":{"type":"textfield","raw":"Ci assicuriamo che i vostri documenti soddisfino tutti gli standard di accessibilit\u00e0 web WCAG."},"mensaje-4":{"type":"textfield","raw":"Rendiamo accessibile il vostro sito web in modo che possiate raggiungere un pubblico pi\u00f9 ampio possibile."},"mensaje-5":{"type":"textfield","raw":""},"mensaje-6":{"type":"textfield","raw":""}},"single-page-template-fields":{"imgs-temp":{"type":"image","raw":["https:\/\/static.trustedtranslations.com\/wp-content\/uploads\/2023\/05\/Group-134.jpg"],"repeatable":[{"raw":"https:\/\/static.trustedtranslations.com\/wp-content\/uploads\/2023\/05\/Group-134.jpg"}]},"imgs-temp-cel":{"type":"image","raw":["https:\/\/static.trustedtranslations.com\/wp-content\/uploads\/2022\/03\/AdobeStock_87618557-3-1.jpg"],"repeatable":[{"raw":"https:\/\/static.trustedtranslations.com\/wp-content\/uploads\/2022\/03\/AdobeStock_87618557-3-1.jpg"}]},"img-temp-one-cel":{"type":"image","raw":"","attachment_id":null},"quotes":{"type":"textarea","raw":"<h1>Standard di accessibilit\u00e0: conforme a WCAG\/508<\/h1><br>L\u2019obiettivo principale di Trusted Translations \u00e8 rendere i contenuti disponibili a un pubblico pi\u00f9 ampio possibile, non solo attraverso la traduzione, ma rispettando le Linee guida per l\u2019accessibilit\u00e0 dei contenuti Web (WGAC), indicate anche come sezione 508 dello United States Workforce Rehabilitation Act del 1973, modificato nel 1988. Ci\u00f2 significa che, su richiesta, faremo in modo che il contenuto della vostra traduzione fornisca lo stesso livello di accessibilit\u00e0 a tutti.<div style=\"margin-top: 2.5vw;\"><a class=\"tt-btn-main-cta\" href=\"\/it\/quote\">RICHIEDI UN PREVENTIVO GRATUITO<\/a><\/div>"},"text-1":{"type":"textarea","raw":"<h2 style=\"margin-top: -10px\">Accessibile a tutti<\/h2><br>Possiamo aiutarvi a fornire la stessa accessibilit\u00e0 a tutti gli utenti, che abbiano problemi uditivi, visivi o fisici. Noi di Trusted Translations non solo traduciamo, localizziamo e globalizziamo i vostri progetti di traduzione, ma siamo disposti anche a fare un passo in pi\u00f9 per assicurarci che i contenuti siano disponibili per un pubblico pi\u00f9 ampio possibile. <h2>Servizi di traduzione conformi a WCAG \/ 508<\/h2><br> Che voi stiate cercando di rendere la vostra applicazione software, sistema operativo, video o altre informazioni multimediali o basate sul web, tra gli altri tipi di contenuti elettronici e informatici, conformi agli standard di accessibilit\u00e0 WCAG\/508, il team di Trusted Translations dispone dell\u2019esperienza necessaria per garantire che ogni progetto soddisfi i requisiti di accessibilit\u00e0 richiesti. Comprendiamo che ci sono tre fattori essenziali da tenere a mente quando un progetto soddisfa queste specifiche: <ul>     <li>Requisiti tecnici: assicurarsi che la codifica di un sito web, sistema operativo o software, tra gli altri, sia compatibile con dispositivi assistivi, adattivi e riabilitativi; ci\u00f2 \u00e8 noto anche come tecnologia assistiva.<\/li>     <li>Richieste funzionali: garantire che il sistema nel suo insieme sia adattabile per essere utilizzato da persone con disabilit\u00e0.<\/li>     <li>Requisiti di supporto: fornire accessibilit\u00e0 a documenti di supporto e informazioni alternative alle persone con disabilit\u00e0.<\/li> <\/ul> Se un progetto non soddisfa i tre requisiti di cui sopra, per legge, non \u00e8 considerato conforme a WCAG\/508. Trusted Translations presta particolare attenzione a garantire che, alla richiesta di servizi di conformit\u00e0 WCAG\/508, ogni requisito sia soddisfatto con la massima precisione. <h2>Conformit\u00e0 all\u2019accessibilit\u00e0 dell\u2019input di localizzazione<\/h2><br> Indipendentemente dal livello di conformit\u00e0 dei materiali di partenza per il vostro progetto di localizzazione\/traduzione, ci assicureremo di consigliarvi quando \u00e8 necessario apportare modifiche al SOW per ottenere il livello di conformit\u00e0 necessario.<br><br> Il contenuto di origine potrebbe non essere affatto conforme o potrebbe essere stato sviluppato molto tempo fa e richiedere aggiornamenti per raggiungere il livello di conformit\u00e0 richiesto. In ogni caso, disponiamo delle competenze e delle risorse necessarie per fornire il servizio che vi aiuter\u00e0 a raggiungere il livello atteso."},"shortcode-map":{"type":"textfield","raw":""},"dyk-shortcode":{"type":"textfield","raw":""},"text-2":{"type":"textarea","raw":"<h2>Siti web e conformit\u00e0 WCAG<\/h2><br>L\u2019accessibilit\u00e0 \u00e8 stata argomento di grandi dibattiti sin dall\u2019inizio dell\u2019era di Internet. Sono stati delineati livelli chiari, come stabilito dalle Linee guida per l\u2019accessibilit\u00e0 dei contenuti web (WCAG).<br><br> Ad esempio, quando si tratta di soddisfare i requisiti per il vostro sito web, la maggior parte di essi pu\u00f2 essere resa accessibile alle persone con disabilit\u00e0 senza la necessit\u00e0 di modificare drasticamente la grafica del sito. Per le persone con disabilit\u00e0 visive, ad esempio, un\u2019immagine sul sito pu\u00f2 avere una descrizione alternativa che descriva in modo rapido e chiaro l\u2019immagine. Allo stesso modo, per le persone daltoniche si possono sfruttare alcune combinazioni di colori alternative che soddisfino le esigenze del lettore. \u00c8 qui che entra in gioco il nostro team di esperti di desktop publishing. I nostri grafici e ingegneri informatici interni sono massimamente scrupolosi e garantiranno che il vostro sito web sia facile da navigare, pur mantenendo il suo fascino originale. Un ulteriore vantaggio del rendere i contenuti accessibili a tutto il pubblico \u00e8 che ci\u00f2 si tradurr\u00e0 anche in un miglioramento del posizionamento sui motori di ricerca, nonch\u00e9 nell\u2019ottimizzazione delle prestazioni sui dispositivi di dimensioni ridotte. <h2>PDF-Requisiti di accessibilit\u00e0 della traduzione<\/h2><br> Uno degli obiettivi principali di Trusted Translations \u00e8 rendere i vostri contenuti disponibili a un\u2019ampia gamma di persone e di pubblico. Ovviamente questo risultato si pu\u00f2 ottenere in parte attraverso la traduzione e la localizzazione professionale. Tuttavia, comprendiamo che per raggiungere davvero un pubblico pi\u00f9 ampio, dobbiamo rendere i contenuti accessibili a tutti.<br><br> Questo \u00e8 il motivo per cui, su richiesta, non solo tradurremo i vostri documenti PDF (e ve li restituiremo in formato PDF pronto per l\u2019utilizzo immediato) ma ci assicureremo anche che soddisfino tutti i requisiti di accessibilit\u00e0. Ci\u00f2 significa che il vostro documento PDF sar\u00e0 accessibile a tutti gli utenti, anche quelli con disabilit\u00e0 che potrebbero rendere pi\u00f9 difficile la navigazione in un file normale.<br><br> Nei molti anni in cui abbiamo lavorato per il governo federale degli Stati Uniti, cos\u00ec come per agenzie governative statali e locali, tutte impegnate nell\u2019applicazione delle politiche e delle linee guida in vigore dal Rehabilitation Act del 1973, abbiamo maturato un livello di esperienza significativo. E stiamo iniziando a sfruttare tale esperienza anche nel settore privato, con verticali come l\u2019assistenza sanitaria che promuovono l\u2019accessibilit\u00e0 a tutti i membri.<br><br> In sintesi, e nonostante il fatto che assicurarsi che i contenuti siano disponibili a tutti pu\u00f2 essere un processo complesso, il nostro team di esperti nel settore del desktop publishing \u00e8 formato professionalmente per garantire che i vostri documenti PDF soddisfino tutti i requisiti di accessibilit\u00e0."},"state":{"type":"textfield","raw":""},"city":{"type":"textarea","raw":[]}}},"_links":{"self":[{"href":"https:\/\/www.trustedtranslations.com\/it\/wp-json\/wp\/v2\/pages\/201509","targetHints":{"allow":["GET"]}}],"collection":[{"href":"https:\/\/www.trustedtranslations.com\/it\/wp-json\/wp\/v2\/pages"}],"about":[{"href":"https:\/\/www.trustedtranslations.com\/it\/wp-json\/wp\/v2\/types\/page"}],"author":[{"embeddable":true,"href":"https:\/\/www.trustedtranslations.com\/it\/wp-json\/wp\/v2\/users\/1"}],"replies":[{"embeddable":true,"href":"https:\/\/www.trustedtranslations.com\/it\/wp-json\/wp\/v2\/comments?post=201509"}],"version-history":[{"count":0,"href":"https:\/\/www.trustedtranslations.com\/it\/wp-json\/wp\/v2\/pages\/201509\/revisions"}],"up":[{"embeddable":true,"href":"https:\/\/www.trustedtranslations.com\/it\/wp-json\/wp\/v2\/pages\/123306"}],"wp:featuredmedia":[{"embeddable":true,"href":"https:\/\/www.trustedtranslations.com\/it\/wp-json\/wp\/v2\/media\/235545"}],"wp:attachment":[{"href":"https:\/\/www.trustedtranslations.com\/it\/wp-json\/wp\/v2\/media?parent=201509"}],"curies":[{"name":"wp","href":"https:\/\/api.w.org\/{rel}","templated":true}]}}