{"id":204229,"date":"2023-05-08T13:43:08","date_gmt":"2023-05-08T16:43:08","guid":{"rendered":"https:\/\/www.trustedtranslations.com\/?page_id=204229"},"modified":"2024-09-23T17:10:55","modified_gmt":"2024-09-23T20:10:55","slug":"vietnamita","status":"publish","type":"page","link":"https:\/\/www.trustedtranslations.com\/it\/lingua\/vietnamita","title":{"rendered":"vietnamita"},"content":{"rendered":"","protected":false},"excerpt":{"rendered":"","protected":false},"author":1,"featured_media":222933,"parent":123365,"menu_order":0,"comment_status":"closed","ping_status":"closed","template":"","meta":{"site-sidebar-layout":"default","site-content-layout":"default","ast-site-content-layout":"default","site-content-style":"default","site-sidebar-style":"default","ast-global-header-display":"","ast-banner-title-visibility":"","ast-main-header-display":"","ast-hfb-above-header-display":"","ast-hfb-below-header-display":"","ast-hfb-mobile-header-display":"","site-post-title":"disabled","ast-breadcrumbs-content":"","ast-featured-img":"","footer-sml-layout":"","theme-transparent-header-meta":"default","adv-header-id-meta":"","stick-header-meta":"","header-above-stick-meta":"","header-main-stick-meta":"","header-below-stick-meta":"","astra-migrate-meta-layouts":"set","ast-page-background-enabled":"default","ast-page-background-meta":{"desktop":{"background-color":"var(--ast-global-color-4)","background-image":"","background-repeat":"repeat","background-position":"center center","background-size":"auto","background-attachment":"scroll","background-type":"","background-media":"","overlay-type":"","overlay-color":"","overlay-opacity":"","overlay-gradient":""},"tablet":{"background-color":"","background-image":"","background-repeat":"repeat","background-position":"center center","background-size":"auto","background-attachment":"scroll","background-type":"","background-media":"","overlay-type":"","overlay-color":"","overlay-opacity":"","overlay-gradient":""},"mobile":{"background-color":"","background-image":"","background-repeat":"repeat","background-position":"center center","background-size":"auto","background-attachment":"scroll","background-type":"","background-media":"","overlay-type":"","overlay-color":"","overlay-opacity":"","overlay-gradient":""}},"ast-content-background-meta":{"desktop":{"background-color":"var(--ast-global-color-5)","background-image":"","background-repeat":"repeat","background-position":"center center","background-size":"auto","background-attachment":"scroll","background-type":"","background-media":"","overlay-type":"","overlay-color":"","overlay-opacity":"","overlay-gradient":""},"tablet":{"background-color":"var(--ast-global-color-5)","background-image":"","background-repeat":"repeat","background-position":"center center","background-size":"auto","background-attachment":"scroll","background-type":"","background-media":"","overlay-type":"","overlay-color":"","overlay-opacity":"","overlay-gradient":""},"mobile":{"background-color":"var(--ast-global-color-5)","background-image":"","background-repeat":"repeat","background-position":"center center","background-size":"auto","background-attachment":"scroll","background-type":"","background-media":"","overlay-type":"","overlay-color":"","overlay-opacity":"","overlay-gradient":""}},"footnotes":""},"class_list":["post-204229","page","type-page","status-publish","has-post-thumbnail","hentry"],"yoast_head":"<!-- This site is optimized with the Yoast SEO plugin v27.5 - https:\/\/yoast.com\/product\/yoast-seo-wordpress\/ -->\n<title>Servizi di traduzione da e verso il vietnamita - Trusted Translations, Inc.<\/title>\n<meta name=\"description\" content=\"Trusted Translations: leader nei servizi di traduzione in vietnamita da parte di team di traduttori esperti in vietnamita. Richiedete un preventivo gratuito.\" \/>\n<meta name=\"robots\" content=\"index, follow, max-snippet:-1, max-image-preview:large, max-video-preview:-1\" \/>\n<link rel=\"canonical\" href=\"https:\/\/www.trustedtranslations.com\/it\/lingua\/vietnamita\" \/>\n<meta property=\"og:locale\" content=\"it_IT\" \/>\n<meta property=\"og:type\" content=\"article\" \/>\n<meta property=\"og:title\" content=\"Servizi di traduzione da e verso il vietnamita - Trusted Translations, Inc.\" \/>\n<meta property=\"og:description\" content=\"Trusted Translations: leader nei servizi di traduzione in vietnamita da parte di team di traduttori esperti in vietnamita. Richiedete un preventivo gratuito.\" \/>\n<meta property=\"og:url\" content=\"https:\/\/www.trustedtranslations.com\/it\/lingua\/vietnamita\" \/>\n<meta property=\"og:site_name\" content=\"Trusted Translations, Inc.\" \/>\n<meta property=\"article:publisher\" content=\"https:\/\/www.facebook.com\/Trusted.Translations\" \/>\n<meta property=\"article:modified_time\" content=\"2024-09-23T20:10:55+00:00\" \/>\n<meta property=\"og:image\" content=\"https:\/\/static.trustedtranslations.com\/wp-content\/uploads\/2022\/08\/TT_NEW_FB-1.png\" \/>\n\t<meta property=\"og:image:width\" content=\"1\" \/>\n\t<meta property=\"og:image:height\" content=\"1\" \/>\n\t<meta property=\"og:image:type\" content=\"image\/jpeg\" \/>\n<meta name=\"twitter:card\" content=\"summary_large_image\" \/>\n<meta name=\"twitter:site\" content=\"@TrustedT9ns\" \/>\n<script type=\"application\/ld+json\" class=\"yoast-schema-graph\">{\"@context\":\"https:\\\/\\\/schema.org\",\"@graph\":[{\"@type\":\"WebPage\",\"@id\":\"https:\\\/\\\/www.trustedtranslations.com\\\/it\\\/lingua\\\/vietnamita\",\"url\":\"https:\\\/\\\/www.trustedtranslations.com\\\/it\\\/lingua\\\/vietnamita\",\"name\":\"Servizi di traduzione da e verso il vietnamita - Trusted Translations, Inc.\",\"isPartOf\":{\"@id\":\"https:\\\/\\\/www.trustedtranslations.com\\\/it\\\/#website\"},\"primaryImageOfPage\":{\"@id\":\"https:\\\/\\\/www.trustedtranslations.com\\\/it\\\/lingua\\\/vietnamita#primaryimage\"},\"image\":{\"@id\":\"https:\\\/\\\/www.trustedtranslations.com\\\/it\\\/lingua\\\/vietnamita#primaryimage\"},\"thumbnailUrl\":\"https:\\\/\\\/www.trustedtranslations.com\\\/wp-content\\\/uploads\\\/2022\\\/08\\\/TT_NEW_FB-1.png\",\"description\":\"Trusted Translations: leader nei servizi di traduzione in vietnamita da parte di team di traduttori esperti in vietnamita. Richiedete un preventivo gratuito.\",\"breadcrumb\":{\"@id\":\"https:\\\/\\\/www.trustedtranslations.com\\\/it\\\/lingua\\\/vietnamita#breadcrumb\"},\"inLanguage\":\"it-IT\",\"potentialAction\":[{\"@type\":\"ReadAction\",\"target\":[\"https:\\\/\\\/www.trustedtranslations.com\\\/it\\\/lingua\\\/vietnamita\"]}]},{\"@type\":\"ImageObject\",\"inLanguage\":\"it-IT\",\"@id\":\"https:\\\/\\\/www.trustedtranslations.com\\\/it\\\/lingua\\\/vietnamita#primaryimage\",\"url\":\"https:\\\/\\\/www.trustedtranslations.com\\\/wp-content\\\/uploads\\\/2022\\\/08\\\/TT_NEW_FB-1.png\",\"contentUrl\":\"https:\\\/\\\/www.trustedtranslations.com\\\/wp-content\\\/uploads\\\/2022\\\/08\\\/TT_NEW_FB-1.png\",\"caption\":\"TT NEW FB 1\"},{\"@type\":\"BreadcrumbList\",\"@id\":\"https:\\\/\\\/www.trustedtranslations.com\\\/it\\\/lingua\\\/vietnamita#breadcrumb\",\"itemListElement\":[{\"@type\":\"ListItem\",\"position\":1,\"name\":\"Home\",\"item\":\"https:\\\/\\\/www.trustedtranslations.com\\\/it\"},{\"@type\":\"ListItem\",\"position\":2,\"name\":\"Lingue\",\"item\":\"https:\\\/\\\/www.trustedtranslations.com\\\/it\\\/lingua\"},{\"@type\":\"ListItem\",\"position\":3,\"name\":\"vietnamita\"}]},{\"@type\":\"WebSite\",\"@id\":\"https:\\\/\\\/www.trustedtranslations.com\\\/it\\\/#website\",\"url\":\"https:\\\/\\\/www.trustedtranslations.com\\\/it\\\/\",\"name\":\"Trusted Translations, Inc.\",\"description\":\"Leader in translation and interpretation services.\",\"publisher\":{\"@id\":\"https:\\\/\\\/www.trustedtranslations.com\\\/it\\\/#organization\"},\"alternateName\":\"Trusted Translations\",\"potentialAction\":[{\"@type\":\"SearchAction\",\"target\":{\"@type\":\"EntryPoint\",\"urlTemplate\":\"https:\\\/\\\/www.trustedtranslations.com\\\/it\\\/?s={search_term_string}\"},\"query-input\":{\"@type\":\"PropertyValueSpecification\",\"valueRequired\":true,\"valueName\":\"search_term_string\"}}],\"inLanguage\":\"it-IT\"},{\"@type\":\"Organization\",\"@id\":\"https:\\\/\\\/www.trustedtranslations.com\\\/it\\\/#organization\",\"name\":\"Trusted Translations\",\"alternateName\":\"Trusted Translations, Inc.\",\"url\":\"https:\\\/\\\/www.trustedtranslations.com\\\/it\\\/\",\"logo\":{\"@type\":\"ImageObject\",\"inLanguage\":\"it-IT\",\"@id\":\"https:\\\/\\\/www.trustedtranslations.com\\\/it\\\/#\\\/schema\\\/logo\\\/image\\\/\",\"url\":\"https:\\\/\\\/static.trustedtranslations.com\\\/wp-content\\\/uploads\\\/2022\\\/01\\\/TT_logo_WSIColors-2.png\",\"contentUrl\":\"https:\\\/\\\/static.trustedtranslations.com\\\/wp-content\\\/uploads\\\/2022\\\/01\\\/TT_logo_WSIColors-2.png\",\"width\":500,\"height\":196,\"caption\":\"Trusted Translations\"},\"image\":{\"@id\":\"https:\\\/\\\/www.trustedtranslations.com\\\/it\\\/#\\\/schema\\\/logo\\\/image\\\/\"},\"sameAs\":[\"https:\\\/\\\/www.facebook.com\\\/Trusted.Translations\",\"https:\\\/\\\/x.com\\\/TrustedT9ns\",\"https:\\\/\\\/www.linkedin.com\\\/company\\\/trusted-translations\"]}]}<\/script>\n<!-- \/ Yoast SEO plugin. -->","yoast_head_json":{"title":"Servizi di traduzione da e verso il vietnamita - Trusted Translations, Inc.","description":"Trusted Translations: leader nei servizi di traduzione in vietnamita da parte di team di traduttori esperti in vietnamita. Richiedete un preventivo gratuito.","robots":{"index":"index","follow":"follow","max-snippet":"max-snippet:-1","max-image-preview":"max-image-preview:large","max-video-preview":"max-video-preview:-1"},"canonical":"https:\/\/www.trustedtranslations.com\/it\/lingua\/vietnamita","og_locale":"it_IT","og_type":"article","og_title":"Servizi di traduzione da e verso il vietnamita - Trusted Translations, Inc.","og_description":"Trusted Translations: leader nei servizi di traduzione in vietnamita da parte di team di traduttori esperti in vietnamita. Richiedete un preventivo gratuito.","og_url":"https:\/\/www.trustedtranslations.com\/it\/lingua\/vietnamita","og_site_name":"Trusted Translations, Inc.","article_publisher":"https:\/\/www.facebook.com\/Trusted.Translations","article_modified_time":"2024-09-23T20:10:55+00:00","og_image":[{"url":"https:\/\/static.trustedtranslations.com\/wp-content\/uploads\/2022\/08\/TT_NEW_FB-1.png","width":1,"height":1,"type":"image\/jpeg"}],"twitter_card":"summary_large_image","twitter_site":"@TrustedT9ns","schema":{"@context":"https:\/\/schema.org","@graph":[{"@type":"WebPage","@id":"https:\/\/www.trustedtranslations.com\/it\/lingua\/vietnamita","url":"https:\/\/www.trustedtranslations.com\/it\/lingua\/vietnamita","name":"Servizi di traduzione da e verso il vietnamita - Trusted Translations, Inc.","isPartOf":{"@id":"https:\/\/www.trustedtranslations.com\/it\/#website"},"primaryImageOfPage":{"@id":"https:\/\/www.trustedtranslations.com\/it\/lingua\/vietnamita#primaryimage"},"image":{"@id":"https:\/\/www.trustedtranslations.com\/it\/lingua\/vietnamita#primaryimage"},"thumbnailUrl":"https:\/\/www.trustedtranslations.com\/wp-content\/uploads\/2022\/08\/TT_NEW_FB-1.png","description":"Trusted Translations: leader nei servizi di traduzione in vietnamita da parte di team di traduttori esperti in vietnamita. Richiedete un preventivo gratuito.","breadcrumb":{"@id":"https:\/\/www.trustedtranslations.com\/it\/lingua\/vietnamita#breadcrumb"},"inLanguage":"it-IT","potentialAction":[{"@type":"ReadAction","target":["https:\/\/www.trustedtranslations.com\/it\/lingua\/vietnamita"]}]},{"@type":"ImageObject","inLanguage":"it-IT","@id":"https:\/\/www.trustedtranslations.com\/it\/lingua\/vietnamita#primaryimage","url":"https:\/\/www.trustedtranslations.com\/wp-content\/uploads\/2022\/08\/TT_NEW_FB-1.png","contentUrl":"https:\/\/www.trustedtranslations.com\/wp-content\/uploads\/2022\/08\/TT_NEW_FB-1.png","caption":"TT NEW FB 1"},{"@type":"BreadcrumbList","@id":"https:\/\/www.trustedtranslations.com\/it\/lingua\/vietnamita#breadcrumb","itemListElement":[{"@type":"ListItem","position":1,"name":"Home","item":"https:\/\/www.trustedtranslations.com\/it"},{"@type":"ListItem","position":2,"name":"Lingue","item":"https:\/\/www.trustedtranslations.com\/it\/lingua"},{"@type":"ListItem","position":3,"name":"vietnamita"}]},{"@type":"WebSite","@id":"https:\/\/www.trustedtranslations.com\/it\/#website","url":"https:\/\/www.trustedtranslations.com\/it\/","name":"Trusted Translations, Inc.","description":"Leader in translation and interpretation services.","publisher":{"@id":"https:\/\/www.trustedtranslations.com\/it\/#organization"},"alternateName":"Trusted Translations","potentialAction":[{"@type":"SearchAction","target":{"@type":"EntryPoint","urlTemplate":"https:\/\/www.trustedtranslations.com\/it\/?s={search_term_string}"},"query-input":{"@type":"PropertyValueSpecification","valueRequired":true,"valueName":"search_term_string"}}],"inLanguage":"it-IT"},{"@type":"Organization","@id":"https:\/\/www.trustedtranslations.com\/it\/#organization","name":"Trusted Translations","alternateName":"Trusted Translations, Inc.","url":"https:\/\/www.trustedtranslations.com\/it\/","logo":{"@type":"ImageObject","inLanguage":"it-IT","@id":"https:\/\/www.trustedtranslations.com\/it\/#\/schema\/logo\/image\/","url":"https:\/\/static.trustedtranslations.com\/wp-content\/uploads\/2022\/01\/TT_logo_WSIColors-2.png","contentUrl":"https:\/\/static.trustedtranslations.com\/wp-content\/uploads\/2022\/01\/TT_logo_WSIColors-2.png","width":500,"height":196,"caption":"Trusted Translations"},"image":{"@id":"https:\/\/www.trustedtranslations.com\/it\/#\/schema\/logo\/image\/"},"sameAs":["https:\/\/www.facebook.com\/Trusted.Translations","https:\/\/x.com\/TrustedT9ns","https:\/\/www.linkedin.com\/company\/trusted-translations"]}]}},"toolset-meta":{"dyk":{"mensaje-1":{"type":"textfield","raw":"Il vietnamita \u00e8 la sesta lingua pi\u00f9 parlata negli Stati Uniti."},"mensaje-2":{"type":"textfield","raw":"Questa lingua presenta tre varianti principali: settentrionale, centrale e meridionale."},"mensaje-3":{"type":"textfield","raw":"Il Vietnam \u00e8 il secondo produttore mondiale di caff\u00e8, dopo il Brasile."},"mensaje-4":{"type":"textfield","raw":"Il Vietnam \u00e8 un importante esportatore di abbigliamento e tessuti, prodotti elettronici e smartphone."},"mensaje-5":{"type":"textfield","raw":"Trusted Translations vanta oltre 5.000 clienti soddisfatti in quasi tutti i settori."},"mensaje-6":{"type":"textfield","raw":""}},"single-page-template-fields":{"imgs-temp":{"type":"image","raw":["https:\/\/static.trustedtranslations.com\/wp-content\/uploads\/2023\/05\/Vietnamese.jpg"],"repeatable":[{"raw":"https:\/\/static.trustedtranslations.com\/wp-content\/uploads\/2023\/05\/Vietnamese.jpg"}]},"imgs-temp-cel":{"type":"image","raw":["https:\/\/static.trustedtranslations.com\/wp-content\/uploads\/2023\/04\/image_mfkussK2_1682003759036_raw-1.jpg"],"repeatable":[{"raw":"https:\/\/static.trustedtranslations.com\/wp-content\/uploads\/2023\/04\/image_mfkussK2_1682003759036_raw-1.jpg"}]},"img-temp-one-cel":{"type":"image","raw":"","attachment_id":null},"quotes":{"type":"textarea","raw":"<h1 style=\"margin-bottom: 12px;\">Servizi di traduzione in vietnamita<\/h1>Fornitore esperto di servizi di traduzione in vietnamita a tariffe competitive, <em>Trusted Translations<\/em> offre soluzioni convenienti per progetti di ogni dimensione. I nostri traduttori madrelingua sono esperti nella localizzazione e sono in grado di fornire traduzioni culturalmente sensibili e accurate in tempi ristretti. <div style=\"margin-top: 2.5vw;\"><a class=\"tt-btn-main-cta\" href=\"\/quote\">Richiedi un preventivo gratuito<\/a><\/div>"},"text-1":{"type":"textarea","raw":"<h2>Comunicazione fluida in vietnamita, inglese e altro ancora<\/h2>Per la documentazione che coinvolge vietnamita, inglese e molte altre lingue europee e asiatiche, i team biculturali e bilingue di Trusted Translations si assicurano che i nostri clienti riescano a comunicare senza problemi con i loro clienti.<h2 style=\"margin-bottom: 20px\">Il vietnamita nel mondo<\/h2><br><br>\r\nLa diaspora vietnamita \u00e8 tra le pi\u00f9 grandi al mondo. \u00c8 stata alimentata in gran parte da ondate migratorie a partire dalla seconda met\u00e0 del XX secolo con la fine della prima guerra d'Indocina (1946-1954) e la successiva spartizione del Vietnam.<br><br> Migliaia di famiglie vietnamite sono fuggite dalla loro patria dopo la guerra del Vietnam (1954-1975) cercando rifugio in altri paesi. Oggi si stima che circa 4,5 milioni di vietnamiti vivano al di fuori della loro patria, con fiorenti comunit\u00e0 in Stati Uniti, Canada, Australia, Francia e Germania.<br><br> Riflettendo la lunga storia condivisa con altre societ\u00e0 orientali, la famiglia rimane un pilastro della cultura vietnamita. I legami familiari sono forti e abitare in case in cui risiedono pi\u00f9 generazioni \u00e8 un fenomeno all\u2019ordine del giorno. Ci si aspetta che i figli si prendano cura dei genitori anziani. <h2 style=\"margin-bottom: 20px\">Fare affari in Vietnam<\/h2><br><br>\r\nCon la sua economia in rapida crescita, il Vietnam \u00e8 una destinazione allettante per gli investimenti stranieri. Questo fascino \u00e8 sostenuto dalla sua posizione strategica e dai forti collegamenti con altri mercati nel Sud-Est Asiatico e oltre.<br><br>  Con una popolazione di oltre 96 milioni di persone e una classe media in crescita, il Vietnam \u00e8 un mercato potenzialmente molto redditizio. Inoltre, gli investimenti esteri vengono incoraggiati tramite incentivi governativi come agevolazioni fiscali e benefici regionali.<br><br>  I principi del confucianesimo sono importanti in tutta la societ\u00e0 vietnamita, in particolare il dovere e la rettitudine morale. Anche dimostrare rispetto e deferenza per l\u2019anzianit\u00e0 e l\u2019autorit\u00e0 \u00e8 fondamentale.<br><br>  Inoltre, gli stranieri dovrebbero ricordare che la cultura imprenditoriale del Vietnam \u00e8 radicata nelle relazioni e nelle gerarchie. Ci\u00f2 significa che creare fiducia e stabilire forti legami personali sono fattori fondamentali per il successo."},"shortcode-map":{"type":"textfield","raw":""},"dyk-shortcode":{"type":"textfield","raw":"[elementor-template id=\"146751\"]"},"text-2":{"type":"textarea","raw":"<h2 style=\"margin-bottom: 20px\">Vietnamita: una lingua bella e culturalmente complessa<\/h2><br><br>\r\nLingua ufficiale del Vietnam e parlata da quasi 100 milioni di persone in tutto il mondo, il vietnamita \u00e8 una lingua tonale. Ha sei toni: neutro, ascendente, lentamente discendente, decisamente discendente, discendente e poi ascendente e ascendente in due tempi. Ci\u00f2 pu\u00f2 risultare complicato per i parlanti occidentali, poich\u00e9 il tono di una parola pu\u00f2 cambiarne il significato.<br><br> L\u2019alfabeto vietnamita ha 29 lettere ed \u00e8 scritto con i caratteri latini (\u00e8 stato introdotto dai coloni francesi nel XVII secolo). Alcuni caratteri presentano segni diacritici, che indicano il tono e la pronuncia.<br><br> La grammatica relativamente semplice non presenta coniugazioni verbali, genere o forme plurali. Invece, le parole vengono modificate da particelle che esprimono tempi e altre funzioni. Molte frasi riflettono i valori e le credenze tradizionali vietnamite, influenzate dal confucianesimo. <h2 style=\"margin-bottom: 20px\">Team di esperti in traduzione in vietnamita<\/h2><br><br>\r\nSebbene molti professionisti vietnamiti istruiti parlino bene l\u2019inglese, i dirigenti stranieri dovrebbero fare un piccolo sforzo in pi\u00f9. Comprendere la cultura aziendale locale significa lavorare con partner locali fidati per garantire il successo.<br><br>  Ecco perch\u00e9 gli esperti in lingua vietnamita altamente qualificati di <em>Trusted Translations<\/em> faranno il possibile, correggendo le bozze dei vostri materiali per conferire loro consapevolezza culturale e una grammatica impeccabile. Questa cura meticolosa garantisce il rispetto dei rigorosi standard ISO 9001:2015, in sintonia con la cultura unica del Vietnam."},"state":{"type":"textfield","raw":""},"city":{"type":"textarea","raw":[]}}},"_links":{"self":[{"href":"https:\/\/www.trustedtranslations.com\/it\/wp-json\/wp\/v2\/pages\/204229","targetHints":{"allow":["GET"]}}],"collection":[{"href":"https:\/\/www.trustedtranslations.com\/it\/wp-json\/wp\/v2\/pages"}],"about":[{"href":"https:\/\/www.trustedtranslations.com\/it\/wp-json\/wp\/v2\/types\/page"}],"author":[{"embeddable":true,"href":"https:\/\/www.trustedtranslations.com\/it\/wp-json\/wp\/v2\/users\/1"}],"replies":[{"embeddable":true,"href":"https:\/\/www.trustedtranslations.com\/it\/wp-json\/wp\/v2\/comments?post=204229"}],"version-history":[{"count":0,"href":"https:\/\/www.trustedtranslations.com\/it\/wp-json\/wp\/v2\/pages\/204229\/revisions"}],"up":[{"embeddable":true,"href":"https:\/\/www.trustedtranslations.com\/it\/wp-json\/wp\/v2\/pages\/123365"}],"wp:featuredmedia":[{"embeddable":true,"href":"https:\/\/www.trustedtranslations.com\/it\/wp-json\/wp\/v2\/media\/222933"}],"wp:attachment":[{"href":"https:\/\/www.trustedtranslations.com\/it\/wp-json\/wp\/v2\/media?parent=204229"}],"curies":[{"name":"wp","href":"https:\/\/api.w.org\/{rel}","templated":true}]}}