{"id":208912,"date":"2023-06-06T14:43:28","date_gmt":"2023-06-06T17:43:28","guid":{"rendered":"https:\/\/www.trustedtranslations.com\/?page_id=208912"},"modified":"2025-11-21T13:07:59","modified_gmt":"2025-11-21T16:07:59","slug":"houston","status":"publish","type":"page","link":"https:\/\/www.trustedtranslations.com\/it\/chi-siamo\/contatti\/houston","title":{"rendered":"Houston"},"content":{"rendered":"","protected":false},"excerpt":{"rendered":"","protected":false},"author":1,"featured_media":0,"parent":123250,"menu_order":0,"comment_status":"closed","ping_status":"closed","template":"","meta":{"site-sidebar-layout":"no-sidebar","site-content-layout":"page-builder","ast-site-content-layout":"full-width-container","site-content-style":"unboxed","site-sidebar-style":"unboxed","ast-global-header-display":"","ast-banner-title-visibility":"","ast-main-header-display":"","ast-hfb-above-header-display":"","ast-hfb-below-header-display":"","ast-hfb-mobile-header-display":"","site-post-title":"disabled","ast-breadcrumbs-content":"","ast-featured-img":"disabled","footer-sml-layout":"","ast-disable-related-posts":"","theme-transparent-header-meta":"default","adv-header-id-meta":"","stick-header-meta":"","header-above-stick-meta":"","header-main-stick-meta":"","header-below-stick-meta":"","astra-migrate-meta-layouts":"set","ast-page-background-enabled":"default","ast-page-background-meta":{"desktop":{"background-color":"var(--ast-global-color-4)","background-image":"","background-repeat":"repeat","background-position":"center center","background-size":"auto","background-attachment":"scroll","background-type":"","background-media":"","overlay-type":"","overlay-color":"","overlay-opacity":"","overlay-gradient":""},"tablet":{"background-color":"","background-image":"","background-repeat":"repeat","background-position":"center center","background-size":"auto","background-attachment":"scroll","background-type":"","background-media":"","overlay-type":"","overlay-color":"","overlay-opacity":"","overlay-gradient":""},"mobile":{"background-color":"","background-image":"","background-repeat":"repeat","background-position":"center center","background-size":"auto","background-attachment":"scroll","background-type":"","background-media":"","overlay-type":"","overlay-color":"","overlay-opacity":"","overlay-gradient":""}},"ast-content-background-meta":{"desktop":{"background-color":"var(--ast-global-color-5)","background-image":"","background-repeat":"repeat","background-position":"center center","background-size":"auto","background-attachment":"scroll","background-type":"","background-media":"","overlay-type":"","overlay-color":"","overlay-opacity":"","overlay-gradient":""},"tablet":{"background-color":"var(--ast-global-color-5)","background-image":"","background-repeat":"repeat","background-position":"center center","background-size":"auto","background-attachment":"scroll","background-type":"","background-media":"","overlay-type":"","overlay-color":"","overlay-opacity":"","overlay-gradient":""},"mobile":{"background-color":"var(--ast-global-color-5)","background-image":"","background-repeat":"repeat","background-position":"center center","background-size":"auto","background-attachment":"scroll","background-type":"","background-media":"","overlay-type":"","overlay-color":"","overlay-opacity":"","overlay-gradient":""}},"footnotes":""},"class_list":["post-208912","page","type-page","status-publish","hentry"],"yoast_head":"<!-- This site is optimized with the Yoast SEO plugin v27.3 - https:\/\/yoast.com\/product\/yoast-seo-wordpress\/ -->\n<title>Houston - Trusted Translations, Inc.<\/title>\n<meta name=\"description\" content=\"Trusted Translations, Inc. Houston, Texas. Servizi di traduzione di comprovata qualit\u00e0 alle migliori tariffe. Richiedi un preventivo o una consulenza gratuita. Contattaci oggi stesso.\" \/>\n<meta name=\"robots\" content=\"index, follow, max-snippet:-1, max-image-preview:large, max-video-preview:-1\" \/>\n<link rel=\"canonical\" href=\"https:\/\/www.trustedtranslations.com\/it\/chi-siamo\/contatti\/houston\" \/>\n<meta property=\"og:locale\" content=\"it_IT\" \/>\n<meta property=\"og:type\" content=\"article\" \/>\n<meta property=\"og:title\" content=\"Houston - Trusted Translations, Inc.\" \/>\n<meta property=\"og:description\" content=\"Trusted Translations, Inc. Houston, Texas. Servizi di traduzione di comprovata qualit\u00e0 alle migliori tariffe. Richiedi un preventivo o una consulenza gratuita. Contattaci oggi stesso.\" \/>\n<meta property=\"og:url\" content=\"https:\/\/www.trustedtranslations.com\/it\/chi-siamo\/contatti\/houston\" \/>\n<meta property=\"og:site_name\" content=\"Trusted Translations, Inc.\" \/>\n<meta property=\"article:publisher\" content=\"https:\/\/www.facebook.com\/Trusted.Translations\" \/>\n<meta property=\"article:modified_time\" content=\"2025-11-21T16:07:59+00:00\" \/>\n<meta property=\"og:image\" content=\"https:\/\/www.trustedtranslations.com\/wp-content\/uploads\/2022\/06\/tt-logo-2-1.webp\" \/>\n\t<meta property=\"og:image:width\" content=\"216\" \/>\n\t<meta property=\"og:image:height\" content=\"94\" \/>\n\t<meta property=\"og:image:type\" content=\"image\/webp\" \/>\n<meta name=\"twitter:card\" content=\"summary_large_image\" \/>\n<meta name=\"twitter:site\" content=\"@TrustedT9ns\" \/>\n<script type=\"application\/ld+json\" class=\"yoast-schema-graph\">{\"@context\":\"https:\\\/\\\/schema.org\",\"@graph\":[{\"@type\":\"WebPage\",\"@id\":\"https:\\\/\\\/www.trustedtranslations.com\\\/it\\\/chi-siamo\\\/contatti\\\/houston\",\"url\":\"https:\\\/\\\/www.trustedtranslations.com\\\/it\\\/chi-siamo\\\/contatti\\\/houston\",\"name\":\"Houston - Trusted Translations, Inc.\",\"isPartOf\":{\"@id\":\"https:\\\/\\\/www.trustedtranslations.com\\\/it\\\/#website\"},\"description\":\"Trusted Translations, Inc. Houston, Texas. Servizi di traduzione di comprovata qualit\u00e0 alle migliori tariffe. Richiedi un preventivo o una consulenza gratuita. Contattaci oggi stesso.\",\"breadcrumb\":{\"@id\":\"https:\\\/\\\/www.trustedtranslations.com\\\/it\\\/chi-siamo\\\/contatti\\\/houston#breadcrumb\"},\"inLanguage\":\"it-IT\",\"potentialAction\":[{\"@type\":\"ReadAction\",\"target\":[\"https:\\\/\\\/www.trustedtranslations.com\\\/it\\\/chi-siamo\\\/contatti\\\/houston\"]}]},{\"@type\":\"BreadcrumbList\",\"@id\":\"https:\\\/\\\/www.trustedtranslations.com\\\/it\\\/chi-siamo\\\/contatti\\\/houston#breadcrumb\",\"itemListElement\":[{\"@type\":\"ListItem\",\"position\":1,\"name\":\"Home\",\"item\":\"https:\\\/\\\/www.trustedtranslations.com\\\/it\"},{\"@type\":\"ListItem\",\"position\":2,\"name\":\"Chi siamo\",\"item\":\"https:\\\/\\\/www.trustedtranslations.com\\\/it\\\/chi-siamo\"},{\"@type\":\"ListItem\",\"position\":3,\"name\":\"Contatti\",\"item\":\"https:\\\/\\\/www.trustedtranslations.com\\\/it\\\/chi-siamo\\\/contatti\"},{\"@type\":\"ListItem\",\"position\":4,\"name\":\"Houston\"}]},{\"@type\":\"WebSite\",\"@id\":\"https:\\\/\\\/www.trustedtranslations.com\\\/it\\\/#website\",\"url\":\"https:\\\/\\\/www.trustedtranslations.com\\\/it\\\/\",\"name\":\"Trusted Translations, Inc.\",\"description\":\"Leader in translation and interpretation services.\",\"publisher\":{\"@id\":\"https:\\\/\\\/www.trustedtranslations.com\\\/it\\\/#organization\"},\"alternateName\":\"Trusted Translations\",\"potentialAction\":[{\"@type\":\"SearchAction\",\"target\":{\"@type\":\"EntryPoint\",\"urlTemplate\":\"https:\\\/\\\/www.trustedtranslations.com\\\/it\\\/?s={search_term_string}\"},\"query-input\":{\"@type\":\"PropertyValueSpecification\",\"valueRequired\":true,\"valueName\":\"search_term_string\"}}],\"inLanguage\":\"it-IT\"},{\"@type\":\"Organization\",\"@id\":\"https:\\\/\\\/www.trustedtranslations.com\\\/it\\\/#organization\",\"name\":\"Trusted Translations\",\"alternateName\":\"Trusted Translations, Inc.\",\"url\":\"https:\\\/\\\/www.trustedtranslations.com\\\/it\\\/\",\"logo\":{\"@type\":\"ImageObject\",\"inLanguage\":\"it-IT\",\"@id\":\"https:\\\/\\\/www.trustedtranslations.com\\\/it\\\/#\\\/schema\\\/logo\\\/image\\\/\",\"url\":\"https:\\\/\\\/static.trustedtranslations.com\\\/wp-content\\\/uploads\\\/2022\\\/01\\\/TT_logo_WSIColors-2.png\",\"contentUrl\":\"https:\\\/\\\/static.trustedtranslations.com\\\/wp-content\\\/uploads\\\/2022\\\/01\\\/TT_logo_WSIColors-2.png\",\"width\":500,\"height\":196,\"caption\":\"Trusted Translations\"},\"image\":{\"@id\":\"https:\\\/\\\/www.trustedtranslations.com\\\/it\\\/#\\\/schema\\\/logo\\\/image\\\/\"},\"sameAs\":[\"https:\\\/\\\/www.facebook.com\\\/Trusted.Translations\",\"https:\\\/\\\/x.com\\\/TrustedT9ns\",\"https:\\\/\\\/www.linkedin.com\\\/company\\\/trusted-translations\"]}]}<\/script>\n<!-- \/ Yoast SEO plugin. -->","yoast_head_json":{"title":"Houston - Trusted Translations, Inc.","description":"Trusted Translations, Inc. Houston, Texas. Servizi di traduzione di comprovata qualit\u00e0 alle migliori tariffe. Richiedi un preventivo o una consulenza gratuita. Contattaci oggi stesso.","robots":{"index":"index","follow":"follow","max-snippet":"max-snippet:-1","max-image-preview":"max-image-preview:large","max-video-preview":"max-video-preview:-1"},"canonical":"https:\/\/www.trustedtranslations.com\/it\/chi-siamo\/contatti\/houston","og_locale":"it_IT","og_type":"article","og_title":"Houston - Trusted Translations, Inc.","og_description":"Trusted Translations, Inc. Houston, Texas. Servizi di traduzione di comprovata qualit\u00e0 alle migliori tariffe. Richiedi un preventivo o una consulenza gratuita. Contattaci oggi stesso.","og_url":"https:\/\/www.trustedtranslations.com\/it\/chi-siamo\/contatti\/houston","og_site_name":"Trusted Translations, Inc.","article_publisher":"https:\/\/www.facebook.com\/Trusted.Translations","article_modified_time":"2025-11-21T16:07:59+00:00","og_image":[{"width":216,"height":94,"url":"https:\/\/www.trustedtranslations.com\/wp-content\/uploads\/2022\/06\/tt-logo-2-1.webp","type":"image\/webp"}],"twitter_card":"summary_large_image","twitter_site":"@TrustedT9ns","schema":{"@context":"https:\/\/schema.org","@graph":[{"@type":"WebPage","@id":"https:\/\/www.trustedtranslations.com\/it\/chi-siamo\/contatti\/houston","url":"https:\/\/www.trustedtranslations.com\/it\/chi-siamo\/contatti\/houston","name":"Houston - Trusted Translations, Inc.","isPartOf":{"@id":"https:\/\/www.trustedtranslations.com\/it\/#website"},"description":"Trusted Translations, Inc. Houston, Texas. Servizi di traduzione di comprovata qualit\u00e0 alle migliori tariffe. Richiedi un preventivo o una consulenza gratuita. Contattaci oggi stesso.","breadcrumb":{"@id":"https:\/\/www.trustedtranslations.com\/it\/chi-siamo\/contatti\/houston#breadcrumb"},"inLanguage":"it-IT","potentialAction":[{"@type":"ReadAction","target":["https:\/\/www.trustedtranslations.com\/it\/chi-siamo\/contatti\/houston"]}]},{"@type":"BreadcrumbList","@id":"https:\/\/www.trustedtranslations.com\/it\/chi-siamo\/contatti\/houston#breadcrumb","itemListElement":[{"@type":"ListItem","position":1,"name":"Home","item":"https:\/\/www.trustedtranslations.com\/it"},{"@type":"ListItem","position":2,"name":"Chi siamo","item":"https:\/\/www.trustedtranslations.com\/it\/chi-siamo"},{"@type":"ListItem","position":3,"name":"Contatti","item":"https:\/\/www.trustedtranslations.com\/it\/chi-siamo\/contatti"},{"@type":"ListItem","position":4,"name":"Houston"}]},{"@type":"WebSite","@id":"https:\/\/www.trustedtranslations.com\/it\/#website","url":"https:\/\/www.trustedtranslations.com\/it\/","name":"Trusted Translations, Inc.","description":"Leader in translation and interpretation services.","publisher":{"@id":"https:\/\/www.trustedtranslations.com\/it\/#organization"},"alternateName":"Trusted Translations","potentialAction":[{"@type":"SearchAction","target":{"@type":"EntryPoint","urlTemplate":"https:\/\/www.trustedtranslations.com\/it\/?s={search_term_string}"},"query-input":{"@type":"PropertyValueSpecification","valueRequired":true,"valueName":"search_term_string"}}],"inLanguage":"it-IT"},{"@type":"Organization","@id":"https:\/\/www.trustedtranslations.com\/it\/#organization","name":"Trusted Translations","alternateName":"Trusted Translations, Inc.","url":"https:\/\/www.trustedtranslations.com\/it\/","logo":{"@type":"ImageObject","inLanguage":"it-IT","@id":"https:\/\/www.trustedtranslations.com\/it\/#\/schema\/logo\/image\/","url":"https:\/\/static.trustedtranslations.com\/wp-content\/uploads\/2022\/01\/TT_logo_WSIColors-2.png","contentUrl":"https:\/\/static.trustedtranslations.com\/wp-content\/uploads\/2022\/01\/TT_logo_WSIColors-2.png","width":500,"height":196,"caption":"Trusted Translations"},"image":{"@id":"https:\/\/www.trustedtranslations.com\/it\/#\/schema\/logo\/image\/"},"sameAs":["https:\/\/www.facebook.com\/Trusted.Translations","https:\/\/x.com\/TrustedT9ns","https:\/\/www.linkedin.com\/company\/trusted-translations"]}]}},"toolset-meta":{"dyk":{"mensaje-1":{"type":"textfield","raw":"Un residente su quattro nell\u2019area di Houston \u00e8 nato all\u2019estero."},"mensaje-2":{"type":"textfield","raw":"24 societ\u00e0 Fortune 500 hanno sede a Houston."},"mensaje-3":{"type":"textfield","raw":"Il porto di Houston \u00e8 il pi\u00f9 grande porto per container della costa del Golfo del Messico."},"mensaje-4":{"type":"textfield","raw":"L\u2019area di Houston ha rapporti commerciali con oltre 200 paesi."},"mensaje-5":{"type":"textfield","raw":"Trusted Translations vanta oltre 5.000 clienti soddisfatti in quasi tutti i settori."},"mensaje-6":{"type":"textfield","raw":""}},"single-page-template-fields":{"imgs-temp":{"type":"image","raw":["https:\/\/static.trustedtranslations.com\/wp-content\/uploads\/2024\/05\/Group-135-1.webp"],"repeatable":[{"raw":"https:\/\/static.trustedtranslations.com\/wp-content\/uploads\/2024\/05\/Group-135-1.webp"}]},"imgs-temp-cel":{"type":"image","raw":[""],"repeatable":[{"raw":""}]},"img-temp-one-cel":{"type":"image","raw":"https:\/\/static.trustedtranslations.com\/wp-content\/uploads\/2024\/05\/houston-1-scaled-1.webp","attachment_id":null},"quotes":{"type":"textarea","raw":"<h1 style=\"margin-bottom:12px\">Servizi di traduzione a Houston<\/h1>\r\n<p>\r\n    <a style=\"color: #2a2a2a; text-decoration: none;\" href=\"https:\/\/goo.gl\/maps\/TdmBCFkvakeqsUjA6?coh=178572&entry=tt\"><i class=\"fa fa-map-pin\"><\/i> 16211 Clay Rd,\r\n        110 Suite, Houston, Texas, 77084\r\n        United States<\/a>\r\n    <a style=\"color: #2a2a2a; text-decoration: none;\" href=\"tel:+12819144373\"><i class=\"fa fa-phone\"><\/i> +1 (281) 914-4373<\/a>\r\n    <a style=\"color: #2a2a2a; text-decoration: none;\" href=\"mailto:houston@trustedtranslations.com\"><i class=\"fa fa-envelope\"><\/i>houston@trustedtranslations.com<\/a>\r\n<\/p>\r\n<div style=\"margin-top: 2.5vw;\"><a class=\"tt-btn-main-cta\" href=\"#tree-form\">Richiedi un preventivo gratuito<\/a><\/div>"},"text-1":{"type":"textarea","raw":"<h2>Mappa della filiale di Houston<\/h2>"},"shortcode-map":{"type":"textfield","raw":"[mostrar_mapa url=\"https:\/\/www.google.com\/maps\/embed?pb=!1m18!1m12!1m3!1d3460.998297315397!2d-95.6494676255686!3d29.83547092844362!2m3!1f0!2f0!3f0!3m2!1i1024!2i768!4f13.1!3m3!1m2!1s0x8640d9f5e8f38065%3A0x392cb9cb1db3b38a!2s16211%20Clay%20Rd%2C%20Houston%2C%20TX%2077084%2C%20EE.%20UU.!5e0!3m2!1ses-419!2sar!4v1684163456351!5m2!1ses-419!2sar\" width=\"600px\" height=\"450px\"]"},"dyk-shortcode":{"type":"textfield","raw":"[elementor-template id=\"146751\"]"},"text-2":{"type":"textarea","raw":"<h2>Servizi di traduzione professionale a Houston<\/h2>\r\n<img class=\"alignright wp-image-206186\" src=\"https:\/\/static.trustedtranslations.com\/wp-content\/uploads\/2023\/05\/houston-2.jpg\" alt=\"\" width=\"500\" height=\"334\" \/>\r\n\r\nEpicentro dell\u2019industria energetica statunitense, l\u2019area metropolitana di Houston ospita numerose aziende Fortune 500 e <a href=\"https:\/\/www.trustedtranslations.com\/it\/industrie\/business\">organizzazioni multinazionali<\/a>, con un fiorente settore aerospaziale, biotecnologico e <a href=\"https:\/\/www.trustedtranslations.com\/it\/industrie\/medico\">sanitario<\/a> e <a href=\"https:\/\/www.trustedtranslations.com\/it\/industrie\/produzione\">manifatturiero<\/a>, oltre a petrolio e gas. <strong><em>Trusted Translations<\/em><\/strong> \u00e8 partner di fiducia di numerosi clienti con sede a Houston, tra cui Baylor College of Medicine, Goodman Global Inc., Daikin Manufacturing, Walker & Taylor PLLC, Powell Electrical Systems e ProEnergy, tra gli altri.\r\n\r\nPoich\u00e9 nell'area metropolitana di Houston si parlano <a href=\"https:\/\/www.trustedtranslations.com\/it\/lingua\/multilingue\">oltre 145 lingue<\/a>, \u00e8 essenziale fornire traduzioni di alta qualit\u00e0 che possano essere adattate alle esigenze linguistiche <a href=\"https:\/\/www.trustedtranslations.com\/it\/servizi\/human\/localizzazione\">locali<\/a> e <a href=\"https:\/\/www.trustedtranslations.com\/it\/servizi\/human\/globalizzazione\">globali<\/a>. Oltre 1,3 milioni di residenti di Houston parlano <a href=\"https:\/\/www.trustedtranslations.com\/it\/lingua\/spagnolo\/traduzione-dallinglese-allo-spagnolo\">spagnolo<\/a> nel nucleo familiare, compresi ispanofoni provenienti del Messico e dal resto <a href=\"https:\/\/www.trustedtranslations.com\/it\/lingua\/spagnolo\/caratteristiche\/latino-americano-spagnolo\">dell\u2019America Latina<\/a>. Houston vanta anche la seconda pi\u00f9 grande popolazione <a href=\"https:\/\/www.trustedtranslations.com\/it\/lingua\/vietnamita\">vietnamita<\/a> del paese, oltre a un numero significativo di madrelingua <a href=\"https:\/\/www.trustedtranslations.com\/it\/lingua\/cinese\">cinesi<\/a>, <a href=\"https:\/\/www.trustedtranslations.com\/it\/lingua\/arabo\">arabi<\/a> e <a href=\"https:\/\/www.trustedtranslations.com\/it\/lingua\/francese\">francesi<\/a>.\r\n<h2 style=\"margin-bottom:20px\">Informazioni sulla citt\u00e0 di Houston<\/h2>\r\nInsieme all\u2019area metropolitana circostante, che comprende The Woodlands e Sugar Land, Houston ha il quarto PIL pi\u00f9 elevato degli Stati Uniti. Pi\u00f9 della met\u00e0 delle 100 pi\u00f9 grandi societ\u00e0 non statunitensi al mondo ha filiali a Houston e la Greater Houston \u00e8 una delle aree metropolitane pi\u00f9 etnicamente diversificate del paese."},"state":{"type":"textfield","raw":""},"city":{"type":"textarea","raw":[""]}}},"_links":{"self":[{"href":"https:\/\/www.trustedtranslations.com\/it\/wp-json\/wp\/v2\/pages\/208912","targetHints":{"allow":["GET"]}}],"collection":[{"href":"https:\/\/www.trustedtranslations.com\/it\/wp-json\/wp\/v2\/pages"}],"about":[{"href":"https:\/\/www.trustedtranslations.com\/it\/wp-json\/wp\/v2\/types\/page"}],"author":[{"embeddable":true,"href":"https:\/\/www.trustedtranslations.com\/it\/wp-json\/wp\/v2\/users\/1"}],"replies":[{"embeddable":true,"href":"https:\/\/www.trustedtranslations.com\/it\/wp-json\/wp\/v2\/comments?post=208912"}],"version-history":[{"count":0,"href":"https:\/\/www.trustedtranslations.com\/it\/wp-json\/wp\/v2\/pages\/208912\/revisions"}],"up":[{"embeddable":true,"href":"https:\/\/www.trustedtranslations.com\/it\/wp-json\/wp\/v2\/pages\/123250"}],"wp:attachment":[{"href":"https:\/\/www.trustedtranslations.com\/it\/wp-json\/wp\/v2\/media?parent=208912"}],"curies":[{"name":"wp","href":"https:\/\/api.w.org\/{rel}","templated":true}]}}