{"id":208918,"date":"2023-06-06T14:37:52","date_gmt":"2023-06-06T17:37:52","guid":{"rendered":"https:\/\/www.trustedtranslations.com\/?page_id=208918"},"modified":"2025-11-21T17:07:11","modified_gmt":"2025-11-21T20:07:11","slug":"detroit","status":"publish","type":"page","link":"https:\/\/www.trustedtranslations.com\/it\/chi-siamo\/contatti\/detroit","title":{"rendered":"Detroit"},"content":{"rendered":"","protected":false},"excerpt":{"rendered":"","protected":false},"author":1,"featured_media":257071,"parent":123250,"menu_order":0,"comment_status":"closed","ping_status":"closed","template":"","meta":{"site-sidebar-layout":"no-sidebar","site-content-layout":"page-builder","ast-site-content-layout":"full-width-container","site-content-style":"unboxed","site-sidebar-style":"unboxed","ast-global-header-display":"","ast-banner-title-visibility":"","ast-main-header-display":"","ast-hfb-above-header-display":"","ast-hfb-below-header-display":"","ast-hfb-mobile-header-display":"","site-post-title":"disabled","ast-breadcrumbs-content":"","ast-featured-img":"disabled","footer-sml-layout":"","ast-disable-related-posts":"","theme-transparent-header-meta":"default","adv-header-id-meta":"","stick-header-meta":"","header-above-stick-meta":"","header-main-stick-meta":"","header-below-stick-meta":"","astra-migrate-meta-layouts":"set","ast-page-background-enabled":"default","ast-page-background-meta":{"desktop":{"background-color":"var(--ast-global-color-4)","background-image":"","background-repeat":"repeat","background-position":"center center","background-size":"auto","background-attachment":"scroll","background-type":"","background-media":"","overlay-type":"","overlay-color":"","overlay-opacity":"","overlay-gradient":""},"tablet":{"background-color":"","background-image":"","background-repeat":"repeat","background-position":"center center","background-size":"auto","background-attachment":"scroll","background-type":"","background-media":"","overlay-type":"","overlay-color":"","overlay-opacity":"","overlay-gradient":""},"mobile":{"background-color":"","background-image":"","background-repeat":"repeat","background-position":"center center","background-size":"auto","background-attachment":"scroll","background-type":"","background-media":"","overlay-type":"","overlay-color":"","overlay-opacity":"","overlay-gradient":""}},"ast-content-background-meta":{"desktop":{"background-color":"var(--ast-global-color-5)","background-image":"","background-repeat":"repeat","background-position":"center center","background-size":"auto","background-attachment":"scroll","background-type":"","background-media":"","overlay-type":"","overlay-color":"","overlay-opacity":"","overlay-gradient":""},"tablet":{"background-color":"var(--ast-global-color-5)","background-image":"","background-repeat":"repeat","background-position":"center center","background-size":"auto","background-attachment":"scroll","background-type":"","background-media":"","overlay-type":"","overlay-color":"","overlay-opacity":"","overlay-gradient":""},"mobile":{"background-color":"var(--ast-global-color-5)","background-image":"","background-repeat":"repeat","background-position":"center center","background-size":"auto","background-attachment":"scroll","background-type":"","background-media":"","overlay-type":"","overlay-color":"","overlay-opacity":"","overlay-gradient":""}},"footnotes":""},"class_list":["post-208918","page","type-page","status-publish","has-post-thumbnail","hentry"],"yoast_head":"<!-- This site is optimized with the Yoast SEO plugin v27.5 - https:\/\/yoast.com\/product\/yoast-seo-wordpress\/ -->\n<title>Servizi di traduzione a Detroit - Azienda leader nel settore delle traduzioni in Michigan - Trusted Translations, Inc.<\/title>\n<meta name=\"description\" content=\"Trusted Translations, Inc. Detroit, Michigan. Servizi di traduzione di comprovata qualit\u00e0 alle migliori tariffe. Richiedi un preventivo o una consulenza gratuita. Contattaci oggi stesso.\" \/>\n<meta name=\"robots\" content=\"index, follow, max-snippet:-1, max-image-preview:large, max-video-preview:-1\" \/>\n<link rel=\"canonical\" href=\"https:\/\/www.trustedtranslations.com\/it\/chi-siamo\/contatti\/detroit\" \/>\n<meta property=\"og:locale\" content=\"it_IT\" \/>\n<meta property=\"og:type\" content=\"article\" \/>\n<meta property=\"og:title\" content=\"Servizi di traduzione a Detroit - Azienda leader nel settore delle traduzioni in Michigan - Trusted Translations, Inc.\" \/>\n<meta property=\"og:description\" content=\"Trusted Translations, Inc. Detroit, Michigan. Servizi di traduzione di comprovata qualit\u00e0 alle migliori tariffe. Richiedi un preventivo o una consulenza gratuita. Contattaci oggi stesso.\" \/>\n<meta property=\"og:url\" content=\"https:\/\/www.trustedtranslations.com\/it\/chi-siamo\/contatti\/detroit\" \/>\n<meta property=\"og:site_name\" content=\"Trusted Translations, Inc.\" \/>\n<meta property=\"article:publisher\" content=\"https:\/\/www.facebook.com\/Trusted.Translations\" \/>\n<meta property=\"article:modified_time\" content=\"2025-11-21T20:07:11+00:00\" \/>\n<meta property=\"og:image\" content=\"https:\/\/www.trustedtranslations.com\/wp-content\/uploads\/2024\/05\/Detroit-scaled-1.webp\" \/>\n\t<meta property=\"og:image:width\" content=\"2560\" \/>\n\t<meta property=\"og:image:height\" content=\"1033\" \/>\n\t<meta property=\"og:image:type\" content=\"image\/webp\" \/>\n<meta name=\"twitter:card\" content=\"summary_large_image\" \/>\n<meta name=\"twitter:site\" content=\"@TrustedT9ns\" \/>\n<script type=\"application\/ld+json\" class=\"yoast-schema-graph\">{\"@context\":\"https:\\\/\\\/schema.org\",\"@graph\":[{\"@type\":\"WebPage\",\"@id\":\"https:\\\/\\\/www.trustedtranslations.com\\\/it\\\/chi-siamo\\\/contatti\\\/detroit\",\"url\":\"https:\\\/\\\/www.trustedtranslations.com\\\/it\\\/chi-siamo\\\/contatti\\\/detroit\",\"name\":\"Servizi di traduzione a Detroit - Azienda leader nel settore delle traduzioni in Michigan - Trusted Translations, Inc.\",\"isPartOf\":{\"@id\":\"https:\\\/\\\/www.trustedtranslations.com\\\/it\\\/#website\"},\"primaryImageOfPage\":{\"@id\":\"https:\\\/\\\/www.trustedtranslations.com\\\/it\\\/chi-siamo\\\/contatti\\\/detroit#primaryimage\"},\"image\":{\"@id\":\"https:\\\/\\\/www.trustedtranslations.com\\\/it\\\/chi-siamo\\\/contatti\\\/detroit#primaryimage\"},\"thumbnailUrl\":\"https:\\\/\\\/www.trustedtranslations.com\\\/wp-content\\\/uploads\\\/2024\\\/05\\\/Detroit-scaled-1.webp\",\"description\":\"Trusted Translations, Inc. Detroit, Michigan. Servizi di traduzione di comprovata qualit\u00e0 alle migliori tariffe. Richiedi un preventivo o una consulenza gratuita. Contattaci oggi stesso.\",\"breadcrumb\":{\"@id\":\"https:\\\/\\\/www.trustedtranslations.com\\\/it\\\/chi-siamo\\\/contatti\\\/detroit#breadcrumb\"},\"inLanguage\":\"it-IT\",\"potentialAction\":[{\"@type\":\"ReadAction\",\"target\":[\"https:\\\/\\\/www.trustedtranslations.com\\\/it\\\/chi-siamo\\\/contatti\\\/detroit\"]}]},{\"@type\":\"ImageObject\",\"inLanguage\":\"it-IT\",\"@id\":\"https:\\\/\\\/www.trustedtranslations.com\\\/it\\\/chi-siamo\\\/contatti\\\/detroit#primaryimage\",\"url\":\"https:\\\/\\\/www.trustedtranslations.com\\\/wp-content\\\/uploads\\\/2024\\\/05\\\/Detroit-scaled-1.webp\",\"contentUrl\":\"https:\\\/\\\/www.trustedtranslations.com\\\/wp-content\\\/uploads\\\/2024\\\/05\\\/Detroit-scaled-1.webp\",\"width\":2560,\"height\":1033,\"caption\":\"Detroit scaled 1\"},{\"@type\":\"BreadcrumbList\",\"@id\":\"https:\\\/\\\/www.trustedtranslations.com\\\/it\\\/chi-siamo\\\/contatti\\\/detroit#breadcrumb\",\"itemListElement\":[{\"@type\":\"ListItem\",\"position\":1,\"name\":\"Home\",\"item\":\"https:\\\/\\\/www.trustedtranslations.com\\\/it\"},{\"@type\":\"ListItem\",\"position\":2,\"name\":\"Chi siamo\",\"item\":\"https:\\\/\\\/www.trustedtranslations.com\\\/it\\\/chi-siamo\"},{\"@type\":\"ListItem\",\"position\":3,\"name\":\"Contatti\",\"item\":\"https:\\\/\\\/www.trustedtranslations.com\\\/it\\\/chi-siamo\\\/contatti\"},{\"@type\":\"ListItem\",\"position\":4,\"name\":\"Detroit\"}]},{\"@type\":\"WebSite\",\"@id\":\"https:\\\/\\\/www.trustedtranslations.com\\\/it\\\/#website\",\"url\":\"https:\\\/\\\/www.trustedtranslations.com\\\/it\\\/\",\"name\":\"Trusted Translations, Inc.\",\"description\":\"Leader in translation and interpretation services.\",\"publisher\":{\"@id\":\"https:\\\/\\\/www.trustedtranslations.com\\\/it\\\/#organization\"},\"alternateName\":\"Trusted Translations\",\"potentialAction\":[{\"@type\":\"SearchAction\",\"target\":{\"@type\":\"EntryPoint\",\"urlTemplate\":\"https:\\\/\\\/www.trustedtranslations.com\\\/it\\\/?s={search_term_string}\"},\"query-input\":{\"@type\":\"PropertyValueSpecification\",\"valueRequired\":true,\"valueName\":\"search_term_string\"}}],\"inLanguage\":\"it-IT\"},{\"@type\":\"Organization\",\"@id\":\"https:\\\/\\\/www.trustedtranslations.com\\\/it\\\/#organization\",\"name\":\"Trusted Translations\",\"alternateName\":\"Trusted Translations, Inc.\",\"url\":\"https:\\\/\\\/www.trustedtranslations.com\\\/it\\\/\",\"logo\":{\"@type\":\"ImageObject\",\"inLanguage\":\"it-IT\",\"@id\":\"https:\\\/\\\/www.trustedtranslations.com\\\/it\\\/#\\\/schema\\\/logo\\\/image\\\/\",\"url\":\"https:\\\/\\\/static.trustedtranslations.com\\\/wp-content\\\/uploads\\\/2022\\\/01\\\/TT_logo_WSIColors-2.png\",\"contentUrl\":\"https:\\\/\\\/static.trustedtranslations.com\\\/wp-content\\\/uploads\\\/2022\\\/01\\\/TT_logo_WSIColors-2.png\",\"width\":500,\"height\":196,\"caption\":\"Trusted Translations\"},\"image\":{\"@id\":\"https:\\\/\\\/www.trustedtranslations.com\\\/it\\\/#\\\/schema\\\/logo\\\/image\\\/\"},\"sameAs\":[\"https:\\\/\\\/www.facebook.com\\\/Trusted.Translations\",\"https:\\\/\\\/x.com\\\/TrustedT9ns\",\"https:\\\/\\\/www.linkedin.com\\\/company\\\/trusted-translations\"]}]}<\/script>\n<!-- \/ Yoast SEO plugin. -->","yoast_head_json":{"title":"Servizi di traduzione a Detroit - Azienda leader nel settore delle traduzioni in Michigan - Trusted Translations, Inc.","description":"Trusted Translations, Inc. Detroit, Michigan. Servizi di traduzione di comprovata qualit\u00e0 alle migliori tariffe. Richiedi un preventivo o una consulenza gratuita. Contattaci oggi stesso.","robots":{"index":"index","follow":"follow","max-snippet":"max-snippet:-1","max-image-preview":"max-image-preview:large","max-video-preview":"max-video-preview:-1"},"canonical":"https:\/\/www.trustedtranslations.com\/it\/chi-siamo\/contatti\/detroit","og_locale":"it_IT","og_type":"article","og_title":"Servizi di traduzione a Detroit - Azienda leader nel settore delle traduzioni in Michigan - Trusted Translations, Inc.","og_description":"Trusted Translations, Inc. Detroit, Michigan. Servizi di traduzione di comprovata qualit\u00e0 alle migliori tariffe. Richiedi un preventivo o una consulenza gratuita. Contattaci oggi stesso.","og_url":"https:\/\/www.trustedtranslations.com\/it\/chi-siamo\/contatti\/detroit","og_site_name":"Trusted Translations, Inc.","article_publisher":"https:\/\/www.facebook.com\/Trusted.Translations","article_modified_time":"2025-11-21T20:07:11+00:00","og_image":[{"width":2560,"height":1033,"url":"https:\/\/www.trustedtranslations.com\/wp-content\/uploads\/2024\/05\/Detroit-scaled-1.webp","type":"image\/webp"}],"twitter_card":"summary_large_image","twitter_site":"@TrustedT9ns","schema":{"@context":"https:\/\/schema.org","@graph":[{"@type":"WebPage","@id":"https:\/\/www.trustedtranslations.com\/it\/chi-siamo\/contatti\/detroit","url":"https:\/\/www.trustedtranslations.com\/it\/chi-siamo\/contatti\/detroit","name":"Servizi di traduzione a Detroit - Azienda leader nel settore delle traduzioni in Michigan - Trusted Translations, Inc.","isPartOf":{"@id":"https:\/\/www.trustedtranslations.com\/it\/#website"},"primaryImageOfPage":{"@id":"https:\/\/www.trustedtranslations.com\/it\/chi-siamo\/contatti\/detroit#primaryimage"},"image":{"@id":"https:\/\/www.trustedtranslations.com\/it\/chi-siamo\/contatti\/detroit#primaryimage"},"thumbnailUrl":"https:\/\/www.trustedtranslations.com\/wp-content\/uploads\/2024\/05\/Detroit-scaled-1.webp","description":"Trusted Translations, Inc. Detroit, Michigan. Servizi di traduzione di comprovata qualit\u00e0 alle migliori tariffe. Richiedi un preventivo o una consulenza gratuita. Contattaci oggi stesso.","breadcrumb":{"@id":"https:\/\/www.trustedtranslations.com\/it\/chi-siamo\/contatti\/detroit#breadcrumb"},"inLanguage":"it-IT","potentialAction":[{"@type":"ReadAction","target":["https:\/\/www.trustedtranslations.com\/it\/chi-siamo\/contatti\/detroit"]}]},{"@type":"ImageObject","inLanguage":"it-IT","@id":"https:\/\/www.trustedtranslations.com\/it\/chi-siamo\/contatti\/detroit#primaryimage","url":"https:\/\/www.trustedtranslations.com\/wp-content\/uploads\/2024\/05\/Detroit-scaled-1.webp","contentUrl":"https:\/\/www.trustedtranslations.com\/wp-content\/uploads\/2024\/05\/Detroit-scaled-1.webp","width":2560,"height":1033,"caption":"Detroit scaled 1"},{"@type":"BreadcrumbList","@id":"https:\/\/www.trustedtranslations.com\/it\/chi-siamo\/contatti\/detroit#breadcrumb","itemListElement":[{"@type":"ListItem","position":1,"name":"Home","item":"https:\/\/www.trustedtranslations.com\/it"},{"@type":"ListItem","position":2,"name":"Chi siamo","item":"https:\/\/www.trustedtranslations.com\/it\/chi-siamo"},{"@type":"ListItem","position":3,"name":"Contatti","item":"https:\/\/www.trustedtranslations.com\/it\/chi-siamo\/contatti"},{"@type":"ListItem","position":4,"name":"Detroit"}]},{"@type":"WebSite","@id":"https:\/\/www.trustedtranslations.com\/it\/#website","url":"https:\/\/www.trustedtranslations.com\/it\/","name":"Trusted Translations, Inc.","description":"Leader in translation and interpretation services.","publisher":{"@id":"https:\/\/www.trustedtranslations.com\/it\/#organization"},"alternateName":"Trusted Translations","potentialAction":[{"@type":"SearchAction","target":{"@type":"EntryPoint","urlTemplate":"https:\/\/www.trustedtranslations.com\/it\/?s={search_term_string}"},"query-input":{"@type":"PropertyValueSpecification","valueRequired":true,"valueName":"search_term_string"}}],"inLanguage":"it-IT"},{"@type":"Organization","@id":"https:\/\/www.trustedtranslations.com\/it\/#organization","name":"Trusted Translations","alternateName":"Trusted Translations, Inc.","url":"https:\/\/www.trustedtranslations.com\/it\/","logo":{"@type":"ImageObject","inLanguage":"it-IT","@id":"https:\/\/www.trustedtranslations.com\/it\/#\/schema\/logo\/image\/","url":"https:\/\/static.trustedtranslations.com\/wp-content\/uploads\/2022\/01\/TT_logo_WSIColors-2.png","contentUrl":"https:\/\/static.trustedtranslations.com\/wp-content\/uploads\/2022\/01\/TT_logo_WSIColors-2.png","width":500,"height":196,"caption":"Trusted Translations"},"image":{"@id":"https:\/\/www.trustedtranslations.com\/it\/#\/schema\/logo\/image\/"},"sameAs":["https:\/\/www.facebook.com\/Trusted.Translations","https:\/\/x.com\/TrustedT9ns","https:\/\/www.linkedin.com\/company\/trusted-translations"]}]}},"toolset-meta":{"dyk":{"mensaje-1":{"type":"textfield","raw":"Detroit \u00e8 conosciuta anche come la capitale mondiale dell\u2019automobile."},"mensaje-2":{"type":"textfield","raw":"Il passaggio di Detroit-Windsor \u00e8 il valico internazionale pi\u00f9 trafficato degli Stati Uniti."},"mensaje-3":{"type":"textfield","raw":"Detroit \u00e8 stata la prima citt\u00e0 degli Stati Uniti a essere nominata \u201cCitt\u00e0 del design\u201d dall\u2019UNESCO."},"mensaje-4":{"type":"textfield","raw":"Detroit vanta il secondo distretto teatrale pi\u00f9 grande del paese, dopo New York City."},"mensaje-5":{"type":"textfield","raw":""},"mensaje-6":{"type":"textfield","raw":""}},"single-page-template-fields":{"imgs-temp":{"type":"image","raw":["https:\/\/static.trustedtranslations.com\/wp-content\/uploads\/2024\/05\/Group-131-5.webp"],"repeatable":[{"raw":"https:\/\/static.trustedtranslations.com\/wp-content\/uploads\/2024\/05\/Group-131-5.webp"}]},"imgs-temp-cel":{"type":"image","raw":[""],"repeatable":[{"raw":""}]},"img-temp-one-cel":{"type":"image","raw":"https:\/\/static.trustedtranslations.com\/wp-content\/uploads\/2024\/05\/Detroit-scaled-1.webp","attachment_id":null},"quotes":{"type":"textarea","raw":"<h1 style=\"margin-bottom:12px\">Servizi di traduzione a Detroit<\/h1>\r\n<p>\r\n    <a style=\"color: #2a2a2a; text-decoration: none;\" href=\"https:\/\/goo.gl\/maps\/oPM7YC4YS1bW8jCG9?coh=178572&entry=tt\"><i class=\"fa fa-map-pin\"><\/i>  11000 W McNichols Rd\r\n        Suite 323\r\n        Detroit, MI 48221\r\n        United States<\/a>\r\n    <a style=\"color: #2a2a2a; text-decoration: none;\" href=\"tel:+13139181731\"><i class=\"fa fa-phone\"><\/i> +1 (313) 918-1731<\/a>\r\n    <a style=\"color: #2a2a2a; text-decoration: none;\" href=\"mailto:detroit@trustedtranslations.com\"><i class=\"fa fa-envelope\"><\/i>detroit@trustedtranslations.com<\/a>\r\n<\/p>\r\n<div style=\"margin-top: 2.5vw;\"><a class=\"tt-btn-main-cta\" href=\"#tree-form\">Richiedi un preventivo gratuito<\/a><\/div>"},"text-1":{"type":"textarea","raw":"<h2>Mappa della filiale di Detroit<\/h2>"},"shortcode-map":{"type":"textfield","raw":"[mostrar_mapa url=\"https:\/\/www.google.com\/maps\/embed?pb=!1m18!1m12!1m3!1d2945.506745141784!2d-83.17209972489667!3d42.416947431507104!2m3!1f0!2f0!3f0!3m2!1i1024!2i768!4f13.1!3m3!1m2!1s0x8824cbf9efea256d%3A0x1d0e6a93eb004d67!2sWEST%20McNICHOLS%20BLDG.%2C%2011000%20W%20McNichols%20Rd%20%23%20323%2C%20Detroit%2C%20MI%2048221%2C%20EE.%20UU.!5e0!3m2!1ses-419!2sar!4v1685115277894!5m2!1ses-419!2sar\" width=\"600px\" height=\"450px\"]"},"dyk-shortcode":{"type":"textfield","raw":"[elementor-template id=\"146751\"]"},"text-2":{"type":"textarea","raw":"<h2>Servizi di traduzione professionale a Detroit<\/h2>\r\n<img class=\"alignright wp-image-206995 size-full\" src=\"https:\/\/static.trustedtranslations.com\/wp-content\/uploads\/2023\/05\/shutterstock_527158600.jpg\" alt=\"\" width=\"500\" height=\"334\" \/>\r\n\r\nRinomato da tempo come centro dell\u2019industria automobilistica globale, il settore <a href=\"https:\/\/www.trustedtranslations.com\/it\/industrie\/produzione\">manifatturiero<\/a> di Detroit ha anche comportato una crescita significativa in ambiti come energia, ricerca e sviluppo, <a href=\"https:\/\/www.trustedtranslations.com\/it\/industrie\/software\">software<\/a> e <a href=\"https:\/\/www.trustedtranslations.com\/it\/industrie\/tecnica\">tecnologia<\/a> e <a href=\"https:\/\/www.trustedtranslations.com\/it\/industrie\/settore-finanziario\">finanza<\/a>, in particolare nei servizi di contabilit\u00e0. In qualit\u00e0 di fornitore esperto di traduzioni commerciali e manifatturiere, <strong><em>Trusted Translations<\/em><\/strong> ha collaborato con alcune delle <a href=\"https:\/\/www.trustedtranslations.com\/it\/industrie\/business\">principali aziende<\/a> nell\u2019area di Detroit, tra cui CMO Marketing Solutions, The Henry Ford Museum, LIFE Leadership, Filtra-Systems Co., American Institute for Preventive Medicine e Champion Home Builders Inc.\r\n\r\n<strong><em>Trusted Translations<\/em><\/strong> ha grande esperienza nel soddisfare le esigenze linguistiche locali delle numerose enclavi etniche di Detroit. Al giorno d\u2019oggi le lingue straniere pi\u00f9 parlate a Detroit sono l\u2019<a href=\"https:\/\/www.trustedtranslations.com\/it\/lingua\/arabo\">arabo<\/a> e lo <a href=\"https:\/\/www.trustedtranslations.com\/it\/lingua\/spagnolo\/traduzione-dallinglese-allo-spagnolo\">spagnolo<\/a>. Dopo l\u2019inglese, l\u2019arabo \u00e8 la lingua pi\u00f9 parlata nello stato del Michigan, con circa 300.000-350.000 arabi americani residenti nella Greater Detroit. La maggior parte dei madrelingua spagnoli di Detroit \u00e8 di origine <a href=\"https:\/\/www.trustedtranslations.com\/it\/lingua\/spagnolo\/caratteristiche\/latino-americano-spagnolo\">messicana<\/a>. Detroit ospita anche migliaia di persone che parlano <a href=\"https:\/\/www.trustedtranslations.com\/it\/lingua\/hindi\">hindi<\/a> e <a href=\"https:\/\/www.trustedtranslations.com\/it\/lingua\/cinese\">cinese<\/a>, cos\u00ec come la terza pi\u00f9 grande comunit\u00e0 <a href=\"https:\/\/www.trustedtranslations.com\/it\/lingua\/bengalese\">bengalese-americana<\/a> del paese e la pi\u00f9 grande comunit\u00e0 albanese al di fuori dell\u2019Europa.\r\n<h2 style=\"margin-bottom:20px\">Informazioni sulla citt\u00e0 di Detroit<\/h2>\r\nDetroit ha goduto di una recente e continua ripresa della crescita dell\u2019occupazione e degli investimenti, soprattutto nel centro della citt\u00e0. La regione metropolitana di Detroit, che comprende Warren e Dearborn, ha una popolazione di oltre 4,29 milioni di persone. Detroit si trova a circa tre chilometri dal confine con il Canada ed \u00e8 anche la sede del Detroit Metropolitan Airport, un hub internazionale di Delta Airlines."},"state":{"type":"textfield","raw":""},"city":{"type":"textarea","raw":[""]}}},"_links":{"self":[{"href":"https:\/\/www.trustedtranslations.com\/it\/wp-json\/wp\/v2\/pages\/208918","targetHints":{"allow":["GET"]}}],"collection":[{"href":"https:\/\/www.trustedtranslations.com\/it\/wp-json\/wp\/v2\/pages"}],"about":[{"href":"https:\/\/www.trustedtranslations.com\/it\/wp-json\/wp\/v2\/types\/page"}],"author":[{"embeddable":true,"href":"https:\/\/www.trustedtranslations.com\/it\/wp-json\/wp\/v2\/users\/1"}],"replies":[{"embeddable":true,"href":"https:\/\/www.trustedtranslations.com\/it\/wp-json\/wp\/v2\/comments?post=208918"}],"version-history":[{"count":0,"href":"https:\/\/www.trustedtranslations.com\/it\/wp-json\/wp\/v2\/pages\/208918\/revisions"}],"up":[{"embeddable":true,"href":"https:\/\/www.trustedtranslations.com\/it\/wp-json\/wp\/v2\/pages\/123250"}],"wp:featuredmedia":[{"embeddable":true,"href":"https:\/\/www.trustedtranslations.com\/it\/wp-json\/wp\/v2\/media\/257071"}],"wp:attachment":[{"href":"https:\/\/www.trustedtranslations.com\/it\/wp-json\/wp\/v2\/media?parent=208918"}],"curies":[{"name":"wp","href":"https:\/\/api.w.org\/{rel}","templated":true}]}}