{"id":208932,"date":"2023-06-06T14:22:17","date_gmt":"2023-06-06T17:22:17","guid":{"rendered":"https:\/\/www.trustedtranslations.com\/?page_id=208932"},"modified":"2025-11-21T12:28:25","modified_gmt":"2025-11-21T15:28:25","slug":"san-diego","status":"publish","type":"page","link":"https:\/\/www.trustedtranslations.com\/it\/chi-siamo\/contatti\/san-diego","title":{"rendered":"San Diego"},"content":{"rendered":"","protected":false},"excerpt":{"rendered":"","protected":false},"author":1,"featured_media":222933,"parent":123250,"menu_order":0,"comment_status":"closed","ping_status":"closed","template":"","meta":{"site-sidebar-layout":"no-sidebar","site-content-layout":"page-builder","ast-site-content-layout":"full-width-container","site-content-style":"unboxed","site-sidebar-style":"unboxed","ast-global-header-display":"","ast-banner-title-visibility":"","ast-main-header-display":"","ast-hfb-above-header-display":"","ast-hfb-below-header-display":"","ast-hfb-mobile-header-display":"","site-post-title":"disabled","ast-breadcrumbs-content":"","ast-featured-img":"disabled","footer-sml-layout":"","ast-disable-related-posts":"","theme-transparent-header-meta":"default","adv-header-id-meta":"","stick-header-meta":"","header-above-stick-meta":"","header-main-stick-meta":"","header-below-stick-meta":"","astra-migrate-meta-layouts":"set","ast-page-background-enabled":"default","ast-page-background-meta":{"desktop":{"background-color":"var(--ast-global-color-4)","background-image":"","background-repeat":"repeat","background-position":"center center","background-size":"auto","background-attachment":"scroll","background-type":"","background-media":"","overlay-type":"","overlay-color":"","overlay-opacity":"","overlay-gradient":""},"tablet":{"background-color":"","background-image":"","background-repeat":"repeat","background-position":"center center","background-size":"auto","background-attachment":"scroll","background-type":"","background-media":"","overlay-type":"","overlay-color":"","overlay-opacity":"","overlay-gradient":""},"mobile":{"background-color":"","background-image":"","background-repeat":"repeat","background-position":"center center","background-size":"auto","background-attachment":"scroll","background-type":"","background-media":"","overlay-type":"","overlay-color":"","overlay-opacity":"","overlay-gradient":""}},"ast-content-background-meta":{"desktop":{"background-color":"var(--ast-global-color-5)","background-image":"","background-repeat":"repeat","background-position":"center center","background-size":"auto","background-attachment":"scroll","background-type":"","background-media":"","overlay-type":"","overlay-color":"","overlay-opacity":"","overlay-gradient":""},"tablet":{"background-color":"var(--ast-global-color-5)","background-image":"","background-repeat":"repeat","background-position":"center center","background-size":"auto","background-attachment":"scroll","background-type":"","background-media":"","overlay-type":"","overlay-color":"","overlay-opacity":"","overlay-gradient":""},"mobile":{"background-color":"var(--ast-global-color-5)","background-image":"","background-repeat":"repeat","background-position":"center center","background-size":"auto","background-attachment":"scroll","background-type":"","background-media":"","overlay-type":"","overlay-color":"","overlay-opacity":"","overlay-gradient":""}},"footnotes":""},"class_list":["post-208932","page","type-page","status-publish","has-post-thumbnail","hentry"],"yoast_head":"<!-- This site is optimized with the Yoast SEO plugin v27.3 - https:\/\/yoast.com\/product\/yoast-seo-wordpress\/ -->\n<title>Servizi di traduzione a San Diego - Azienda di traduzione leader in California - Trusted Translations, Inc.<\/title>\n<meta name=\"description\" content=\"Trusted Translations, Inc. San Diego, California. Servizi di traduzione di comprovata qualit\u00e0 alle migliori tariffe. Richiedi un preventivo o una consulenza gratuita. Contattaci oggi stesso.\" \/>\n<meta name=\"robots\" content=\"index, follow, max-snippet:-1, max-image-preview:large, max-video-preview:-1\" \/>\n<link rel=\"canonical\" href=\"https:\/\/www.trustedtranslations.com\/it\/chi-siamo\/contatti\/san-diego\" \/>\n<meta property=\"og:locale\" content=\"it_IT\" \/>\n<meta property=\"og:type\" content=\"article\" \/>\n<meta property=\"og:title\" content=\"Servizi di traduzione a San Diego - Azienda di traduzione leader in California - Trusted Translations, Inc.\" \/>\n<meta property=\"og:description\" content=\"Trusted Translations, Inc. San Diego, California. Servizi di traduzione di comprovata qualit\u00e0 alle migliori tariffe. Richiedi un preventivo o una consulenza gratuita. Contattaci oggi stesso.\" \/>\n<meta property=\"og:url\" content=\"https:\/\/www.trustedtranslations.com\/it\/chi-siamo\/contatti\/san-diego\" \/>\n<meta property=\"og:site_name\" content=\"Trusted Translations, Inc.\" \/>\n<meta property=\"article:publisher\" content=\"https:\/\/www.facebook.com\/Trusted.Translations\" \/>\n<meta property=\"article:modified_time\" content=\"2025-11-21T15:28:25+00:00\" \/>\n<meta property=\"og:image\" content=\"https:\/\/www.trustedtranslations.com\/wp-content\/uploads\/2022\/08\/TT_NEW_FB-1.png\" \/>\n\t<meta property=\"og:image:width\" content=\"1\" \/>\n\t<meta property=\"og:image:height\" content=\"1\" \/>\n\t<meta property=\"og:image:type\" content=\"image\/jpeg\" \/>\n<meta name=\"twitter:card\" content=\"summary_large_image\" \/>\n<meta name=\"twitter:site\" content=\"@TrustedT9ns\" \/>\n<script type=\"application\/ld+json\" class=\"yoast-schema-graph\">{\"@context\":\"https:\\\/\\\/schema.org\",\"@graph\":[{\"@type\":\"WebPage\",\"@id\":\"https:\\\/\\\/www.trustedtranslations.com\\\/it\\\/chi-siamo\\\/contatti\\\/san-diego\",\"url\":\"https:\\\/\\\/www.trustedtranslations.com\\\/it\\\/chi-siamo\\\/contatti\\\/san-diego\",\"name\":\"Servizi di traduzione a San Diego - Azienda di traduzione leader in California - Trusted Translations, Inc.\",\"isPartOf\":{\"@id\":\"https:\\\/\\\/www.trustedtranslations.com\\\/it\\\/#website\"},\"primaryImageOfPage\":{\"@id\":\"https:\\\/\\\/www.trustedtranslations.com\\\/it\\\/chi-siamo\\\/contatti\\\/san-diego#primaryimage\"},\"image\":{\"@id\":\"https:\\\/\\\/www.trustedtranslations.com\\\/it\\\/chi-siamo\\\/contatti\\\/san-diego#primaryimage\"},\"thumbnailUrl\":\"https:\\\/\\\/www.trustedtranslations.com\\\/wp-content\\\/uploads\\\/2022\\\/08\\\/TT_NEW_FB-1.png\",\"description\":\"Trusted Translations, Inc. San Diego, California. Servizi di traduzione di comprovata qualit\u00e0 alle migliori tariffe. Richiedi un preventivo o una consulenza gratuita. Contattaci oggi stesso.\",\"breadcrumb\":{\"@id\":\"https:\\\/\\\/www.trustedtranslations.com\\\/it\\\/chi-siamo\\\/contatti\\\/san-diego#breadcrumb\"},\"inLanguage\":\"it-IT\",\"potentialAction\":[{\"@type\":\"ReadAction\",\"target\":[\"https:\\\/\\\/www.trustedtranslations.com\\\/it\\\/chi-siamo\\\/contatti\\\/san-diego\"]}]},{\"@type\":\"ImageObject\",\"inLanguage\":\"it-IT\",\"@id\":\"https:\\\/\\\/www.trustedtranslations.com\\\/it\\\/chi-siamo\\\/contatti\\\/san-diego#primaryimage\",\"url\":\"https:\\\/\\\/www.trustedtranslations.com\\\/wp-content\\\/uploads\\\/2022\\\/08\\\/TT_NEW_FB-1.png\",\"contentUrl\":\"https:\\\/\\\/www.trustedtranslations.com\\\/wp-content\\\/uploads\\\/2022\\\/08\\\/TT_NEW_FB-1.png\",\"caption\":\"TT NEW FB 1\"},{\"@type\":\"BreadcrumbList\",\"@id\":\"https:\\\/\\\/www.trustedtranslations.com\\\/it\\\/chi-siamo\\\/contatti\\\/san-diego#breadcrumb\",\"itemListElement\":[{\"@type\":\"ListItem\",\"position\":1,\"name\":\"Home\",\"item\":\"https:\\\/\\\/www.trustedtranslations.com\\\/it\"},{\"@type\":\"ListItem\",\"position\":2,\"name\":\"Chi siamo\",\"item\":\"https:\\\/\\\/www.trustedtranslations.com\\\/it\\\/chi-siamo\"},{\"@type\":\"ListItem\",\"position\":3,\"name\":\"Contatti\",\"item\":\"https:\\\/\\\/www.trustedtranslations.com\\\/it\\\/chi-siamo\\\/contatti\"},{\"@type\":\"ListItem\",\"position\":4,\"name\":\"San Diego\"}]},{\"@type\":\"WebSite\",\"@id\":\"https:\\\/\\\/www.trustedtranslations.com\\\/it\\\/#website\",\"url\":\"https:\\\/\\\/www.trustedtranslations.com\\\/it\\\/\",\"name\":\"Trusted Translations, Inc.\",\"description\":\"Leader in translation and interpretation services.\",\"publisher\":{\"@id\":\"https:\\\/\\\/www.trustedtranslations.com\\\/it\\\/#organization\"},\"alternateName\":\"Trusted Translations\",\"potentialAction\":[{\"@type\":\"SearchAction\",\"target\":{\"@type\":\"EntryPoint\",\"urlTemplate\":\"https:\\\/\\\/www.trustedtranslations.com\\\/it\\\/?s={search_term_string}\"},\"query-input\":{\"@type\":\"PropertyValueSpecification\",\"valueRequired\":true,\"valueName\":\"search_term_string\"}}],\"inLanguage\":\"it-IT\"},{\"@type\":\"Organization\",\"@id\":\"https:\\\/\\\/www.trustedtranslations.com\\\/it\\\/#organization\",\"name\":\"Trusted Translations\",\"alternateName\":\"Trusted Translations, Inc.\",\"url\":\"https:\\\/\\\/www.trustedtranslations.com\\\/it\\\/\",\"logo\":{\"@type\":\"ImageObject\",\"inLanguage\":\"it-IT\",\"@id\":\"https:\\\/\\\/www.trustedtranslations.com\\\/it\\\/#\\\/schema\\\/logo\\\/image\\\/\",\"url\":\"https:\\\/\\\/static.trustedtranslations.com\\\/wp-content\\\/uploads\\\/2022\\\/01\\\/TT_logo_WSIColors-2.png\",\"contentUrl\":\"https:\\\/\\\/static.trustedtranslations.com\\\/wp-content\\\/uploads\\\/2022\\\/01\\\/TT_logo_WSIColors-2.png\",\"width\":500,\"height\":196,\"caption\":\"Trusted Translations\"},\"image\":{\"@id\":\"https:\\\/\\\/www.trustedtranslations.com\\\/it\\\/#\\\/schema\\\/logo\\\/image\\\/\"},\"sameAs\":[\"https:\\\/\\\/www.facebook.com\\\/Trusted.Translations\",\"https:\\\/\\\/x.com\\\/TrustedT9ns\",\"https:\\\/\\\/www.linkedin.com\\\/company\\\/trusted-translations\"]}]}<\/script>\n<!-- \/ Yoast SEO plugin. -->","yoast_head_json":{"title":"Servizi di traduzione a San Diego - Azienda di traduzione leader in California - Trusted Translations, Inc.","description":"Trusted Translations, Inc. San Diego, California. Servizi di traduzione di comprovata qualit\u00e0 alle migliori tariffe. Richiedi un preventivo o una consulenza gratuita. Contattaci oggi stesso.","robots":{"index":"index","follow":"follow","max-snippet":"max-snippet:-1","max-image-preview":"max-image-preview:large","max-video-preview":"max-video-preview:-1"},"canonical":"https:\/\/www.trustedtranslations.com\/it\/chi-siamo\/contatti\/san-diego","og_locale":"it_IT","og_type":"article","og_title":"Servizi di traduzione a San Diego - Azienda di traduzione leader in California - Trusted Translations, Inc.","og_description":"Trusted Translations, Inc. San Diego, California. Servizi di traduzione di comprovata qualit\u00e0 alle migliori tariffe. Richiedi un preventivo o una consulenza gratuita. Contattaci oggi stesso.","og_url":"https:\/\/www.trustedtranslations.com\/it\/chi-siamo\/contatti\/san-diego","og_site_name":"Trusted Translations, Inc.","article_publisher":"https:\/\/www.facebook.com\/Trusted.Translations","article_modified_time":"2025-11-21T15:28:25+00:00","og_image":[{"url":"https:\/\/www.trustedtranslations.com\/wp-content\/uploads\/2022\/08\/TT_NEW_FB-1.png","width":1,"height":1,"type":"image\/jpeg"}],"twitter_card":"summary_large_image","twitter_site":"@TrustedT9ns","schema":{"@context":"https:\/\/schema.org","@graph":[{"@type":"WebPage","@id":"https:\/\/www.trustedtranslations.com\/it\/chi-siamo\/contatti\/san-diego","url":"https:\/\/www.trustedtranslations.com\/it\/chi-siamo\/contatti\/san-diego","name":"Servizi di traduzione a San Diego - Azienda di traduzione leader in California - Trusted Translations, Inc.","isPartOf":{"@id":"https:\/\/www.trustedtranslations.com\/it\/#website"},"primaryImageOfPage":{"@id":"https:\/\/www.trustedtranslations.com\/it\/chi-siamo\/contatti\/san-diego#primaryimage"},"image":{"@id":"https:\/\/www.trustedtranslations.com\/it\/chi-siamo\/contatti\/san-diego#primaryimage"},"thumbnailUrl":"https:\/\/www.trustedtranslations.com\/wp-content\/uploads\/2022\/08\/TT_NEW_FB-1.png","description":"Trusted Translations, Inc. San Diego, California. Servizi di traduzione di comprovata qualit\u00e0 alle migliori tariffe. Richiedi un preventivo o una consulenza gratuita. Contattaci oggi stesso.","breadcrumb":{"@id":"https:\/\/www.trustedtranslations.com\/it\/chi-siamo\/contatti\/san-diego#breadcrumb"},"inLanguage":"it-IT","potentialAction":[{"@type":"ReadAction","target":["https:\/\/www.trustedtranslations.com\/it\/chi-siamo\/contatti\/san-diego"]}]},{"@type":"ImageObject","inLanguage":"it-IT","@id":"https:\/\/www.trustedtranslations.com\/it\/chi-siamo\/contatti\/san-diego#primaryimage","url":"https:\/\/www.trustedtranslations.com\/wp-content\/uploads\/2022\/08\/TT_NEW_FB-1.png","contentUrl":"https:\/\/www.trustedtranslations.com\/wp-content\/uploads\/2022\/08\/TT_NEW_FB-1.png","caption":"TT NEW FB 1"},{"@type":"BreadcrumbList","@id":"https:\/\/www.trustedtranslations.com\/it\/chi-siamo\/contatti\/san-diego#breadcrumb","itemListElement":[{"@type":"ListItem","position":1,"name":"Home","item":"https:\/\/www.trustedtranslations.com\/it"},{"@type":"ListItem","position":2,"name":"Chi siamo","item":"https:\/\/www.trustedtranslations.com\/it\/chi-siamo"},{"@type":"ListItem","position":3,"name":"Contatti","item":"https:\/\/www.trustedtranslations.com\/it\/chi-siamo\/contatti"},{"@type":"ListItem","position":4,"name":"San Diego"}]},{"@type":"WebSite","@id":"https:\/\/www.trustedtranslations.com\/it\/#website","url":"https:\/\/www.trustedtranslations.com\/it\/","name":"Trusted Translations, Inc.","description":"Leader in translation and interpretation services.","publisher":{"@id":"https:\/\/www.trustedtranslations.com\/it\/#organization"},"alternateName":"Trusted Translations","potentialAction":[{"@type":"SearchAction","target":{"@type":"EntryPoint","urlTemplate":"https:\/\/www.trustedtranslations.com\/it\/?s={search_term_string}"},"query-input":{"@type":"PropertyValueSpecification","valueRequired":true,"valueName":"search_term_string"}}],"inLanguage":"it-IT"},{"@type":"Organization","@id":"https:\/\/www.trustedtranslations.com\/it\/#organization","name":"Trusted Translations","alternateName":"Trusted Translations, Inc.","url":"https:\/\/www.trustedtranslations.com\/it\/","logo":{"@type":"ImageObject","inLanguage":"it-IT","@id":"https:\/\/www.trustedtranslations.com\/it\/#\/schema\/logo\/image\/","url":"https:\/\/static.trustedtranslations.com\/wp-content\/uploads\/2022\/01\/TT_logo_WSIColors-2.png","contentUrl":"https:\/\/static.trustedtranslations.com\/wp-content\/uploads\/2022\/01\/TT_logo_WSIColors-2.png","width":500,"height":196,"caption":"Trusted Translations"},"image":{"@id":"https:\/\/www.trustedtranslations.com\/it\/#\/schema\/logo\/image\/"},"sameAs":["https:\/\/www.facebook.com\/Trusted.Translations","https:\/\/x.com\/TrustedT9ns","https:\/\/www.linkedin.com\/company\/trusted-translations"]}]}},"toolset-meta":{"dyk":{"mensaje-1":{"type":"textfield","raw":"San Diego presenta la pi\u00f9 alta concentrazione al mondo di risorse militari e di difesa."},"mensaje-2":{"type":"textfield","raw":"A San Diego sorgono oltre 80 istituti educativi e di ricerca."},"mensaje-3":{"type":"textfield","raw":"San Diego dista solo circa 27 km dal confine con il Messico, a Tijuana."},"mensaje-4":{"type":"textfield","raw":"San Diego si \u00e8 classificata terza citt\u00e0 migliore del paese per le startup."},"mensaje-5":{"type":"textfield","raw":""},"mensaje-6":{"type":"textfield","raw":""}},"single-page-template-fields":{"imgs-temp":{"type":"image","raw":["https:\/\/static.trustedtranslations.com\/wp-content\/uploads\/2024\/05\/Group-131-11.webp"],"repeatable":[{"raw":"https:\/\/static.trustedtranslations.com\/wp-content\/uploads\/2024\/05\/Group-131-11.webp"}]},"imgs-temp-cel":{"type":"image","raw":[""],"repeatable":[{"raw":""}]},"img-temp-one-cel":{"type":"image","raw":"https:\/\/static.trustedtranslations.com\/wp-content\/uploads\/2024\/05\/san-diego-scaled-1.webp","attachment_id":null},"quotes":{"type":"textarea","raw":"<h1 style=\"margin-bottom:12px\">Servizi di traduzione a San Diego<\/h1>\r\n<p>\r\n    <a style=\"color: #2a2a2a; text-decoration: none;\" href=\"https:\/\/goo.gl\/maps\/7wuBmBFesKnugmRWA?coh=178572&entry=tt\"><i class=\"fa fa-map-pin\"><\/i>421 Broadway #5006\r\n        San Diego, CA 92101\r\n        United States<\/a>\r\n    <a style=\"color: #2a2a2a; text-decoration: none;\" href=\"tel:+16198771382\"><i class=\"fa fa-phone\"><\/i> +1 (619) 877-1382<\/a>\r\n    <a style=\"color: #2a2a2a; text-decoration: none;\" href=\"mailto:sandiego@trustedtranslations.com\"><i class=\"fa fa-envelope\"><\/i>sandiego@trustedtranslations.com<\/a>\r\n<\/p>\r\n<div style=\"margin-top: 2.5vw;\"><a class=\"tt-btn-main-cta\" href=\"#tree-form\">Richiedi un preventivo gratuito<\/a><\/div>"},"text-1":{"type":"textarea","raw":"<h2>Mappa della filiale di San Diego<\/h2>"},"shortcode-map":{"type":"textfield","raw":"[mostrar_mapa url=\"https:\/\/www.google.com\/maps\/embed?pb=!1m18!1m12!1m3!1d3356.889126443479!2d-117.16322732543456!3d32.71557378712545!2m3!1f0!2f0!3f0!3m2!1i1024!2i768!4f13.1!3m3!1m2!1s0x80d954a7edde1ab7%3A0x92ca2b4db8894753!2s421%20Broadway%2C%20San%20Diego%2C%20CA%2092101%2C%20EE.%20UU.!5e0!3m2!1ses-419!2sar!4v1685130006666!5m2!1ses-419!2sar\" width=\"600px\" height=\"450px\"]"},"dyk-shortcode":{"type":"textfield","raw":"[elementor-template id=\"146751\"]"},"text-2":{"type":"textarea","raw":"<h2>Servizi di traduzione professionale a San Diego<\/h2>\r\n<img class=\"alignright wp-image-207544\" src=\"https:\/\/static.trustedtranslations.com\/wp-content\/uploads\/2023\/05\/san-diego-2-300x200.jpg\" alt=\"\" width=\"500\" height=\"333\" \/>\r\n\r\nI quattro settori economici di base di San Diego sono <a href=\"https:\/\/www.trustedtranslations.com\/it\/industrie\/business\">commercio internazionale<\/a>, <a href=\"https:\/\/www.trustedtranslations.com\/it\/industrie\/produzione\">produzione<\/a>, <a href=\"https:\/\/www.trustedtranslations.com\/it\/industrie\/governo\">esercito e difesa<\/a> e turismo; la citt\u00e0 vanta anche uno sviluppo notevole nell\u2019<a href=\"https:\/\/www.trustedtranslations.com\/it\/industrie\/elearning-and-localization\">istruzione<\/a> e nelle <a href=\"https:\/\/www.trustedtranslations.com\/it\/industrie\/medico\">scienze della vita<\/a>. In qualit\u00e0 di affermato fornitore di traduzioni, <strong><em>Trusted Translations<\/em><\/strong> ha collaborato con le migliori organizzazioni nell\u2019area metropolitana di San Diego, come Grand Pacific Resorts, U.S. Customs and Border Protection, Sequenom e NAMI San Diego.\r\n\r\n<strong><em>Trusted Translations<\/em><\/strong> \u00e8 esperta nella fornitura di servizi per la popolazione estremamente multilingue di San Diego, dove si parlano <a href=\"https:\/\/www.trustedtranslations.com\/it\/lingua\/multilingue\">pi\u00f9 di 100 lingue<\/a>. Con la citt\u00e0 situata a soli 24 chilometri dal confine con il Messico, la lingua straniera pi\u00f9 diffusa a San Diego \u00e8 lo <a href=\"https:\/\/www.trustedtranslations.com\/it\/lingua\/spagnolo\/traduzione-dallinglese-allo-spagnolo\">spagnolo<\/a>, in particolare lo <a href=\"https:\/\/www.trustedtranslations.com\/it\/lingua\/spagnolo\/caratteristiche\/latino-americano-spagnolo\">spagnolo messicano<\/a>; poco pi\u00f9 del 22% della popolazione di San Diego parla spagnolo. Altre lingue molto diffuse includono tagalog (filippino), <a href=\"https:\/\/www.trustedtranslations.com\/it\/lingua\/vietnamita\">vietnamita<\/a>, <a href=\"https:\/\/www.trustedtranslations.com\/it\/lingua\/cinese\">cinese<\/a> e <a href=\"https:\/\/www.trustedtranslations.com\/it\/lingua\/arabo\">arabo<\/a>, e molte scuole, strutture sanitarie pubbliche e uffici governativi forniscono materiali in tali lingue per soddisfare le esigenze dei cittadini.\r\n<h2 style=\"margin-bottom:20px\">Informazioni sulla citt\u00e0 di San Diego<\/h2>\r\nSituata sulla costa meridionale della California, San Diego \u00e8 l'ottava citt\u00e0 pi\u00f9 grande degli Stati Uniti e la seconda della California. L\u2019area metropolitana di San Diego-Chula Vista-Carlsbad ha una popolazione di oltre 3,28 milioni di persone e ospita un\u2019alta concentrazione di societ\u00e0 <a href=\"https:\/\/www.trustedtranslations.com\/it\/industrie\/sport\">sportive<\/a>, installazioni militari e istituti di ricerca, tra cui l\u2019Universit\u00e0 della California-San Diego (UCSD). La regione transfrontaliera San Diego-Tijuana \u00e8 un importante <a href=\"https:\/\/www.trustedtranslations.com\/it\/industrie\/business\">snodo commerciale<\/a> tra Stati Uniti e Messico."},"state":{"type":"textfield","raw":""},"city":{"type":"textarea","raw":[""]}}},"_links":{"self":[{"href":"https:\/\/www.trustedtranslations.com\/it\/wp-json\/wp\/v2\/pages\/208932","targetHints":{"allow":["GET"]}}],"collection":[{"href":"https:\/\/www.trustedtranslations.com\/it\/wp-json\/wp\/v2\/pages"}],"about":[{"href":"https:\/\/www.trustedtranslations.com\/it\/wp-json\/wp\/v2\/types\/page"}],"author":[{"embeddable":true,"href":"https:\/\/www.trustedtranslations.com\/it\/wp-json\/wp\/v2\/users\/1"}],"replies":[{"embeddable":true,"href":"https:\/\/www.trustedtranslations.com\/it\/wp-json\/wp\/v2\/comments?post=208932"}],"version-history":[{"count":0,"href":"https:\/\/www.trustedtranslations.com\/it\/wp-json\/wp\/v2\/pages\/208932\/revisions"}],"up":[{"embeddable":true,"href":"https:\/\/www.trustedtranslations.com\/it\/wp-json\/wp\/v2\/pages\/123250"}],"wp:featuredmedia":[{"embeddable":true,"href":"https:\/\/www.trustedtranslations.com\/it\/wp-json\/wp\/v2\/media\/222933"}],"wp:attachment":[{"href":"https:\/\/www.trustedtranslations.com\/it\/wp-json\/wp\/v2\/media?parent=208932"}],"curies":[{"name":"wp","href":"https:\/\/api.w.org\/{rel}","templated":true}]}}