{"id":217441,"date":"2023-08-02T11:25:29","date_gmt":"2023-08-02T14:25:29","guid":{"rendered":"https:\/\/www.trustedtranslations.com\/?page_id=217441"},"modified":"2024-09-23T17:11:23","modified_gmt":"2024-09-23T20:11:23","slug":"tagalog","status":"publish","type":"page","link":"https:\/\/www.trustedtranslations.com\/it\/lingua\/tagalog","title":{"rendered":"Tagalog"},"content":{"rendered":"","protected":false},"excerpt":{"rendered":"","protected":false},"author":1,"featured_media":222933,"parent":123365,"menu_order":0,"comment_status":"closed","ping_status":"closed","template":"","meta":{"site-sidebar-layout":"default","site-content-layout":"default","ast-site-content-layout":"default","site-content-style":"default","site-sidebar-style":"default","ast-global-header-display":"","ast-banner-title-visibility":"","ast-main-header-display":"","ast-hfb-above-header-display":"","ast-hfb-below-header-display":"","ast-hfb-mobile-header-display":"","site-post-title":"","ast-breadcrumbs-content":"","ast-featured-img":"","footer-sml-layout":"","ast-disable-related-posts":"","theme-transparent-header-meta":"default","adv-header-id-meta":"","stick-header-meta":"","header-above-stick-meta":"","header-main-stick-meta":"","header-below-stick-meta":"","astra-migrate-meta-layouts":"set","ast-page-background-enabled":"default","ast-page-background-meta":{"desktop":{"background-color":"var(--ast-global-color-4)","background-image":"","background-repeat":"repeat","background-position":"center center","background-size":"auto","background-attachment":"scroll","background-type":"","background-media":"","overlay-type":"","overlay-color":"","overlay-opacity":"","overlay-gradient":""},"tablet":{"background-color":"","background-image":"","background-repeat":"repeat","background-position":"center center","background-size":"auto","background-attachment":"scroll","background-type":"","background-media":"","overlay-type":"","overlay-color":"","overlay-opacity":"","overlay-gradient":""},"mobile":{"background-color":"","background-image":"","background-repeat":"repeat","background-position":"center center","background-size":"auto","background-attachment":"scroll","background-type":"","background-media":"","overlay-type":"","overlay-color":"","overlay-opacity":"","overlay-gradient":""}},"ast-content-background-meta":{"desktop":{"background-color":"var(--ast-global-color-5)","background-image":"","background-repeat":"repeat","background-position":"center center","background-size":"auto","background-attachment":"scroll","background-type":"","background-media":"","overlay-type":"","overlay-color":"","overlay-opacity":"","overlay-gradient":""},"tablet":{"background-color":"var(--ast-global-color-5)","background-image":"","background-repeat":"repeat","background-position":"center center","background-size":"auto","background-attachment":"scroll","background-type":"","background-media":"","overlay-type":"","overlay-color":"","overlay-opacity":"","overlay-gradient":""},"mobile":{"background-color":"var(--ast-global-color-5)","background-image":"","background-repeat":"repeat","background-position":"center center","background-size":"auto","background-attachment":"scroll","background-type":"","background-media":"","overlay-type":"","overlay-color":"","overlay-opacity":"","overlay-gradient":""}},"footnotes":""},"class_list":["post-217441","page","type-page","status-publish","has-post-thumbnail","hentry"],"yoast_head":"<!-- This site is optimized with the Yoast SEO plugin v27.3 - https:\/\/yoast.com\/product\/yoast-seo-wordpress\/ -->\n<title>Leader nella traduzione in tagalog: Trusted Translations<\/title>\n<meta name=\"description\" content=\"Trusted Translations: leader nei servizi di traduzione in tagalog da parte di team di traduttori esperti in tagalog. Richiedete un preventivo gratuito.\" \/>\n<meta name=\"robots\" content=\"index, follow, max-snippet:-1, max-image-preview:large, max-video-preview:-1\" \/>\n<link rel=\"canonical\" href=\"https:\/\/www.trustedtranslations.com\/it\/lingua\/tagalog\" \/>\n<meta property=\"og:locale\" content=\"it_IT\" \/>\n<meta property=\"og:type\" content=\"article\" \/>\n<meta property=\"og:title\" content=\"Leader nella traduzione in tagalog: Trusted Translations\" \/>\n<meta property=\"og:description\" content=\"Trusted Translations: leader nei servizi di traduzione in tagalog da parte di team di traduttori esperti in tagalog. Richiedete un preventivo gratuito.\" \/>\n<meta property=\"og:url\" content=\"https:\/\/www.trustedtranslations.com\/it\/lingua\/tagalog\" \/>\n<meta property=\"og:site_name\" content=\"Trusted Translations, Inc.\" \/>\n<meta property=\"article:publisher\" content=\"https:\/\/www.facebook.com\/Trusted.Translations\" \/>\n<meta property=\"article:modified_time\" content=\"2024-09-23T20:11:23+00:00\" \/>\n<meta property=\"og:image\" content=\"https:\/\/static.trustedtranslations.com\/wp-content\/uploads\/2022\/08\/TT_NEW_FB-1.png\" \/>\n\t<meta property=\"og:image:width\" content=\"1\" \/>\n\t<meta property=\"og:image:height\" content=\"1\" \/>\n\t<meta property=\"og:image:type\" content=\"image\/jpeg\" \/>\n<meta name=\"twitter:card\" content=\"summary_large_image\" \/>\n<meta name=\"twitter:site\" content=\"@TrustedT9ns\" \/>\n<script type=\"application\/ld+json\" class=\"yoast-schema-graph\">{\"@context\":\"https:\\\/\\\/schema.org\",\"@graph\":[{\"@type\":\"WebPage\",\"@id\":\"https:\\\/\\\/www.trustedtranslations.com\\\/it\\\/lingua\\\/tagalog\",\"url\":\"https:\\\/\\\/www.trustedtranslations.com\\\/it\\\/lingua\\\/tagalog\",\"name\":\"Leader nella traduzione in tagalog: Trusted Translations\",\"isPartOf\":{\"@id\":\"https:\\\/\\\/www.trustedtranslations.com\\\/it\\\/#website\"},\"primaryImageOfPage\":{\"@id\":\"https:\\\/\\\/www.trustedtranslations.com\\\/it\\\/lingua\\\/tagalog#primaryimage\"},\"image\":{\"@id\":\"https:\\\/\\\/www.trustedtranslations.com\\\/it\\\/lingua\\\/tagalog#primaryimage\"},\"thumbnailUrl\":\"https:\\\/\\\/www.trustedtranslations.com\\\/wp-content\\\/uploads\\\/2022\\\/08\\\/TT_NEW_FB-1.png\",\"description\":\"Trusted Translations: leader nei servizi di traduzione in tagalog da parte di team di traduttori esperti in tagalog. Richiedete un preventivo gratuito.\",\"breadcrumb\":{\"@id\":\"https:\\\/\\\/www.trustedtranslations.com\\\/it\\\/lingua\\\/tagalog#breadcrumb\"},\"inLanguage\":\"it-IT\",\"potentialAction\":[{\"@type\":\"ReadAction\",\"target\":[\"https:\\\/\\\/www.trustedtranslations.com\\\/it\\\/lingua\\\/tagalog\"]}]},{\"@type\":\"ImageObject\",\"inLanguage\":\"it-IT\",\"@id\":\"https:\\\/\\\/www.trustedtranslations.com\\\/it\\\/lingua\\\/tagalog#primaryimage\",\"url\":\"https:\\\/\\\/www.trustedtranslations.com\\\/wp-content\\\/uploads\\\/2022\\\/08\\\/TT_NEW_FB-1.png\",\"contentUrl\":\"https:\\\/\\\/www.trustedtranslations.com\\\/wp-content\\\/uploads\\\/2022\\\/08\\\/TT_NEW_FB-1.png\",\"caption\":\"TT NEW FB 1\"},{\"@type\":\"BreadcrumbList\",\"@id\":\"https:\\\/\\\/www.trustedtranslations.com\\\/it\\\/lingua\\\/tagalog#breadcrumb\",\"itemListElement\":[{\"@type\":\"ListItem\",\"position\":1,\"name\":\"Home\",\"item\":\"https:\\\/\\\/www.trustedtranslations.com\\\/it\"},{\"@type\":\"ListItem\",\"position\":2,\"name\":\"Lingue\",\"item\":\"https:\\\/\\\/www.trustedtranslations.com\\\/it\\\/lingua\"},{\"@type\":\"ListItem\",\"position\":3,\"name\":\"Tagalog\"}]},{\"@type\":\"WebSite\",\"@id\":\"https:\\\/\\\/www.trustedtranslations.com\\\/it\\\/#website\",\"url\":\"https:\\\/\\\/www.trustedtranslations.com\\\/it\\\/\",\"name\":\"Trusted Translations, Inc.\",\"description\":\"Leader in translation and interpretation services.\",\"publisher\":{\"@id\":\"https:\\\/\\\/www.trustedtranslations.com\\\/it\\\/#organization\"},\"alternateName\":\"Trusted Translations\",\"potentialAction\":[{\"@type\":\"SearchAction\",\"target\":{\"@type\":\"EntryPoint\",\"urlTemplate\":\"https:\\\/\\\/www.trustedtranslations.com\\\/it\\\/?s={search_term_string}\"},\"query-input\":{\"@type\":\"PropertyValueSpecification\",\"valueRequired\":true,\"valueName\":\"search_term_string\"}}],\"inLanguage\":\"it-IT\"},{\"@type\":\"Organization\",\"@id\":\"https:\\\/\\\/www.trustedtranslations.com\\\/it\\\/#organization\",\"name\":\"Trusted Translations\",\"alternateName\":\"Trusted Translations, Inc.\",\"url\":\"https:\\\/\\\/www.trustedtranslations.com\\\/it\\\/\",\"logo\":{\"@type\":\"ImageObject\",\"inLanguage\":\"it-IT\",\"@id\":\"https:\\\/\\\/www.trustedtranslations.com\\\/it\\\/#\\\/schema\\\/logo\\\/image\\\/\",\"url\":\"https:\\\/\\\/static.trustedtranslations.com\\\/wp-content\\\/uploads\\\/2022\\\/01\\\/TT_logo_WSIColors-2.png\",\"contentUrl\":\"https:\\\/\\\/static.trustedtranslations.com\\\/wp-content\\\/uploads\\\/2022\\\/01\\\/TT_logo_WSIColors-2.png\",\"width\":500,\"height\":196,\"caption\":\"Trusted Translations\"},\"image\":{\"@id\":\"https:\\\/\\\/www.trustedtranslations.com\\\/it\\\/#\\\/schema\\\/logo\\\/image\\\/\"},\"sameAs\":[\"https:\\\/\\\/www.facebook.com\\\/Trusted.Translations\",\"https:\\\/\\\/x.com\\\/TrustedT9ns\",\"https:\\\/\\\/www.linkedin.com\\\/company\\\/trusted-translations\"]}]}<\/script>\n<!-- \/ Yoast SEO plugin. -->","yoast_head_json":{"title":"Leader nella traduzione in tagalog: Trusted Translations","description":"Trusted Translations: leader nei servizi di traduzione in tagalog da parte di team di traduttori esperti in tagalog. Richiedete un preventivo gratuito.","robots":{"index":"index","follow":"follow","max-snippet":"max-snippet:-1","max-image-preview":"max-image-preview:large","max-video-preview":"max-video-preview:-1"},"canonical":"https:\/\/www.trustedtranslations.com\/it\/lingua\/tagalog","og_locale":"it_IT","og_type":"article","og_title":"Leader nella traduzione in tagalog: Trusted Translations","og_description":"Trusted Translations: leader nei servizi di traduzione in tagalog da parte di team di traduttori esperti in tagalog. Richiedete un preventivo gratuito.","og_url":"https:\/\/www.trustedtranslations.com\/it\/lingua\/tagalog","og_site_name":"Trusted Translations, Inc.","article_publisher":"https:\/\/www.facebook.com\/Trusted.Translations","article_modified_time":"2024-09-23T20:11:23+00:00","og_image":[{"url":"https:\/\/static.trustedtranslations.com\/wp-content\/uploads\/2022\/08\/TT_NEW_FB-1.png","width":1,"height":1,"type":"image\/jpeg"}],"twitter_card":"summary_large_image","twitter_site":"@TrustedT9ns","schema":{"@context":"https:\/\/schema.org","@graph":[{"@type":"WebPage","@id":"https:\/\/www.trustedtranslations.com\/it\/lingua\/tagalog","url":"https:\/\/www.trustedtranslations.com\/it\/lingua\/tagalog","name":"Leader nella traduzione in tagalog: Trusted Translations","isPartOf":{"@id":"https:\/\/www.trustedtranslations.com\/it\/#website"},"primaryImageOfPage":{"@id":"https:\/\/www.trustedtranslations.com\/it\/lingua\/tagalog#primaryimage"},"image":{"@id":"https:\/\/www.trustedtranslations.com\/it\/lingua\/tagalog#primaryimage"},"thumbnailUrl":"https:\/\/www.trustedtranslations.com\/wp-content\/uploads\/2022\/08\/TT_NEW_FB-1.png","description":"Trusted Translations: leader nei servizi di traduzione in tagalog da parte di team di traduttori esperti in tagalog. Richiedete un preventivo gratuito.","breadcrumb":{"@id":"https:\/\/www.trustedtranslations.com\/it\/lingua\/tagalog#breadcrumb"},"inLanguage":"it-IT","potentialAction":[{"@type":"ReadAction","target":["https:\/\/www.trustedtranslations.com\/it\/lingua\/tagalog"]}]},{"@type":"ImageObject","inLanguage":"it-IT","@id":"https:\/\/www.trustedtranslations.com\/it\/lingua\/tagalog#primaryimage","url":"https:\/\/www.trustedtranslations.com\/wp-content\/uploads\/2022\/08\/TT_NEW_FB-1.png","contentUrl":"https:\/\/www.trustedtranslations.com\/wp-content\/uploads\/2022\/08\/TT_NEW_FB-1.png","caption":"TT NEW FB 1"},{"@type":"BreadcrumbList","@id":"https:\/\/www.trustedtranslations.com\/it\/lingua\/tagalog#breadcrumb","itemListElement":[{"@type":"ListItem","position":1,"name":"Home","item":"https:\/\/www.trustedtranslations.com\/it"},{"@type":"ListItem","position":2,"name":"Lingue","item":"https:\/\/www.trustedtranslations.com\/it\/lingua"},{"@type":"ListItem","position":3,"name":"Tagalog"}]},{"@type":"WebSite","@id":"https:\/\/www.trustedtranslations.com\/it\/#website","url":"https:\/\/www.trustedtranslations.com\/it\/","name":"Trusted Translations, Inc.","description":"Leader in translation and interpretation services.","publisher":{"@id":"https:\/\/www.trustedtranslations.com\/it\/#organization"},"alternateName":"Trusted Translations","potentialAction":[{"@type":"SearchAction","target":{"@type":"EntryPoint","urlTemplate":"https:\/\/www.trustedtranslations.com\/it\/?s={search_term_string}"},"query-input":{"@type":"PropertyValueSpecification","valueRequired":true,"valueName":"search_term_string"}}],"inLanguage":"it-IT"},{"@type":"Organization","@id":"https:\/\/www.trustedtranslations.com\/it\/#organization","name":"Trusted Translations","alternateName":"Trusted Translations, Inc.","url":"https:\/\/www.trustedtranslations.com\/it\/","logo":{"@type":"ImageObject","inLanguage":"it-IT","@id":"https:\/\/www.trustedtranslations.com\/it\/#\/schema\/logo\/image\/","url":"https:\/\/static.trustedtranslations.com\/wp-content\/uploads\/2022\/01\/TT_logo_WSIColors-2.png","contentUrl":"https:\/\/static.trustedtranslations.com\/wp-content\/uploads\/2022\/01\/TT_logo_WSIColors-2.png","width":500,"height":196,"caption":"Trusted Translations"},"image":{"@id":"https:\/\/www.trustedtranslations.com\/it\/#\/schema\/logo\/image\/"},"sameAs":["https:\/\/www.facebook.com\/Trusted.Translations","https:\/\/x.com\/TrustedT9ns","https:\/\/www.linkedin.com\/company\/trusted-translations"]}]}},"toolset-meta":{"dyk":{"mensaje-1":{"type":"textfield","raw":"Il filippino \u00e8 una variet\u00e0 standardizzata del tagalog."},"mensaje-2":{"type":"textfield","raw":"Il tagalog \u00e8 stato dichiarato lingua nazionale delle Filippine nel 1937."},"mensaje-3":{"type":"textfield","raw":"Negli Stati Uniti vivono circa 1,8 milioni di madrelingua tagalog."},"mensaje-4":{"type":"textfield","raw":"La lingua tagalog presenta circa 4.000 parole di origine spagnola."},"mensaje-5":{"type":"textfield","raw":""},"mensaje-6":{"type":"textfield","raw":""}},"single-page-template-fields":{"imgs-temp":{"type":"image","raw":["https:\/\/static.trustedtranslations.com\/wp-content\/uploads\/2023\/07\/Philippines-port.jpg"],"repeatable":[{"raw":"https:\/\/static.trustedtranslations.com\/wp-content\/uploads\/2023\/07\/Philippines-port.jpg"}]},"imgs-temp-cel":{"type":"image","raw":["https:\/\/static.trustedtranslations.com\/wp-content\/uploads\/2023\/07\/Philippines.jpg"],"repeatable":[{"raw":"https:\/\/static.trustedtranslations.com\/wp-content\/uploads\/2023\/07\/Philippines.jpg"}]},"img-temp-one-cel":{"type":"image","raw":"","attachment_id":null},"quotes":{"type":"textarea","raw":"<h1 style=\"margin-bottom: 12px;\">Servizi di traduzione in lingua tagalog <\/h1>Noto anche come filippino, il tagalog \u00e8 tra le lingue pi\u00f9 parlate nelle Filippine. Lingua madre della maggior parte dei filippini, \u00e8 oggi una delle due lingue ufficiali dell\u2019arcipelago, insieme all\u2019inglese. Ma i traduttori madrelingua che lavorano per <em>Trusted Translations<\/em> sono consapevoli che questa \u00e8 solo la punta bilingue di un iceberg multilingue: quasi 114 milioni di filippini parlano oltre 170 lingue e dialetti! <div style=\"margin-top: 2.5vw;\"><a class=\"tt-btn-main-cta\" href=\"\/it\/quote\">Richiedi un preventivo gratuito<\/a><\/div>"},"text-1":{"type":"textarea","raw":"<h2>Servizi di traduzione in filippino di alta qualit\u00e0<\/h2>Questa diversit\u00e0 si riflette in un concetto centrale della societ\u00e0 filippina: lo spirito bayanihan. Intrecciando tutti questi fili culturali in un tessuto sociale coeso, il bayanihan \u00e8 l\u2019essenza della gentilezza e della cooperazione che ha guidato queste comunit\u00e0 attraverso i secoli.\r\n<h2 style=\"margin-top: -10px;\">Una \u201cStele di Rosetta\u201d pacifica?<\/h2>Una delle tante lingue austronesiane sviluppatesi nella regione dell\u2019Oceano Pacifico, il tagalog condivide il proprio patrimonio linguistico proto-filippino con hawaiano, m\u0101ori e malese. Non sorprende che vi siano poche documentazioni di lingue precolombiane nella regione del Pacifico.<br><br>\r\nTuttavia, nel 1992, fu scoperta la copperplate di Laguna. Risalente al IX secolo, questa antica tavoletta presenta incisioni con caratteri giavanesi, malesi e sanscriti. Ci\u00f2 suggerisce una misteriosa cultura con influenze ind\u00f9 nelle Filippine molto prima dell\u2019arrivo dei musulmani nel XII secolo o della spedizione spagnola guidata dall\u2019esploratore Ferdinando Magellano nel marzo 1521. \r\n\r\n<h2>Liberazione da 500 anni di subordinazione<\/h2>\r\nQuesto fu l\u2019inizio della colonizzazione spagnola. Reprimendo diverse rivolte, la Spagna govern\u00f2 le Filippine fino al 1898, quando cedette le isole agli Stati Uniti dopo la sconfitta nella guerra ispano-americana. Infrangendo le speranze di indipendenza filippine, gli Stati Uniti estesero ulteriormente il dominio coloniale. Tuttavia, le tre isole principali sperimentarono significative riforme economiche ed educative, con modernizzazione strutturale e urbanizzazione. <br><br>\r\nDopo la liberazione dall\u2019occupazione giapponese durante la Seconda Guerra Mondiale, il passo successivo fu il riconoscimento delle Filippine come repubblica indipendente nel 1946. Un aspetto positivo di questa storia \u00e8 che la maggior parte dei filippini \u00e8 multilingue e parla fluentemente il filippino Wikang standardizzato, il tagalog e l\u2019<a href=\"https:\/\/www.trustedtranslations.com\/it\/lingua\/inglese\"><u>inglese<\/u><\/a>. La popolazione giovane e in rapida crescita studia entrambe le lingue ufficiali ai sensi del Bilingual Education Policy Act del 1987."},"shortcode-map":{"type":"textfield","raw":""},"dyk-shortcode":{"type":"textfield","raw":"[elementor-template id=\"146751\"]"},"text-2":{"type":"textarea","raw":"<h2>Prospettive commerciali <\/h2>Mercato emergente e di recente industrializzazione, l\u2019economia delle Filippine si sta allontanando dalle sue radici agricole (principalmente frutta e olio di cocco) passando a un\u2019economia basata maggiormente sulla <a href=\"https:\/\/www.trustedtranslations.com\/it\/industrie\/produzione\"><u>produzione<\/u><\/a> e sui servizi. Con una crescita media annuale di circa il 6%, si tratta di un paese dal grande potenziale nella regione dell\u2019Asia-Pacifico.<br><br>\r\nLe esportazioni primarie includono <a href=\"https:\/\/www.trustedtranslations.com\/it\/industrie\/software\"><u>elettronica e semiconduttori<\/u><\/a>, oltre a prodotti chimici, abbigliamento e mezzi di trasporto. Con cinquantacinque miniere gi\u00e0 operative, i suoi ricchi giacimenti di rame, oro, nichel e altri minerali preziosi sono ancora in gran parte non sfruttati.<br><br>\r\nMercato farmaceutico allettante e con spese per le infrastrutture pubbliche pianificate a oltre il 5,0% del PIL, le Filippine sembrano destinate alla crescita e alla prosperit\u00e0. Durante il primo trimestre del 2023 il totale delle approvazioni di investimenti esteri \u00e8 pi\u00f9 che raddoppiato, passando da quasi 160 milioni a 3 miliardi di dollari, secondo la Philippine Statistics Authority. \r\n<h2>Evitare le insidie sociali nelle Filippine<\/h2>\r\nSebbene lo stato stia al passo con la <a href=\"https:\/\/www.trustedtranslations.com\/it\/industrie\/tecnica\"><u>tecnologia<\/u><\/a> moderna, molte tradizioni filippine sono ancora saldamente radicate nelle azioni quotidiane, in particolare nel profondo rispetto per gli anziani. Per le <a href=\"https:\/\/www.trustedtranslations.com\/it\/industrie\/business\"><u>aziende<\/u><\/a> straniere desiderose di concludere affari, la mossa pi\u00f9 astuta \u00e8 rivolgersi agli esperti linguisti professionisti di <em>Trusted Translations<\/em> per la gestione di tutte le proprie esigenze linguistiche."},"state":{"type":"textfield","raw":""},"city":{"type":"textarea","raw":[]}}},"_links":{"self":[{"href":"https:\/\/www.trustedtranslations.com\/it\/wp-json\/wp\/v2\/pages\/217441","targetHints":{"allow":["GET"]}}],"collection":[{"href":"https:\/\/www.trustedtranslations.com\/it\/wp-json\/wp\/v2\/pages"}],"about":[{"href":"https:\/\/www.trustedtranslations.com\/it\/wp-json\/wp\/v2\/types\/page"}],"author":[{"embeddable":true,"href":"https:\/\/www.trustedtranslations.com\/it\/wp-json\/wp\/v2\/users\/1"}],"replies":[{"embeddable":true,"href":"https:\/\/www.trustedtranslations.com\/it\/wp-json\/wp\/v2\/comments?post=217441"}],"version-history":[{"count":0,"href":"https:\/\/www.trustedtranslations.com\/it\/wp-json\/wp\/v2\/pages\/217441\/revisions"}],"up":[{"embeddable":true,"href":"https:\/\/www.trustedtranslations.com\/it\/wp-json\/wp\/v2\/pages\/123365"}],"wp:featuredmedia":[{"embeddable":true,"href":"https:\/\/www.trustedtranslations.com\/it\/wp-json\/wp\/v2\/media\/222933"}],"wp:attachment":[{"href":"https:\/\/www.trustedtranslations.com\/it\/wp-json\/wp\/v2\/media?parent=217441"}],"curies":[{"name":"wp","href":"https:\/\/api.w.org\/{rel}","templated":true}]}}