{"id":217442,"date":"2023-08-02T11:26:39","date_gmt":"2023-08-02T14:26:39","guid":{"rendered":"https:\/\/www.trustedtranslations.com\/?page_id=217442"},"modified":"2024-09-11T13:43:52","modified_gmt":"2024-09-11T16:43:52","slug":"turco","status":"publish","type":"page","link":"https:\/\/www.trustedtranslations.com\/it\/lingua\/turco","title":{"rendered":"Turco"},"content":{"rendered":"","protected":false},"excerpt":{"rendered":"","protected":false},"author":1,"featured_media":222933,"parent":123365,"menu_order":0,"comment_status":"closed","ping_status":"closed","template":"","meta":{"site-sidebar-layout":"default","site-content-layout":"default","ast-site-content-layout":"default","site-content-style":"default","site-sidebar-style":"default","ast-global-header-display":"","ast-banner-title-visibility":"","ast-main-header-display":"","ast-hfb-above-header-display":"","ast-hfb-below-header-display":"","ast-hfb-mobile-header-display":"","site-post-title":"","ast-breadcrumbs-content":"","ast-featured-img":"","footer-sml-layout":"","ast-disable-related-posts":"","theme-transparent-header-meta":"default","adv-header-id-meta":"","stick-header-meta":"","header-above-stick-meta":"","header-main-stick-meta":"","header-below-stick-meta":"","astra-migrate-meta-layouts":"set","ast-page-background-enabled":"default","ast-page-background-meta":{"desktop":{"background-color":"var(--ast-global-color-4)","background-image":"","background-repeat":"repeat","background-position":"center center","background-size":"auto","background-attachment":"scroll","background-type":"","background-media":"","overlay-type":"","overlay-color":"","overlay-opacity":"","overlay-gradient":""},"tablet":{"background-color":"","background-image":"","background-repeat":"repeat","background-position":"center center","background-size":"auto","background-attachment":"scroll","background-type":"","background-media":"","overlay-type":"","overlay-color":"","overlay-opacity":"","overlay-gradient":""},"mobile":{"background-color":"","background-image":"","background-repeat":"repeat","background-position":"center center","background-size":"auto","background-attachment":"scroll","background-type":"","background-media":"","overlay-type":"","overlay-color":"","overlay-opacity":"","overlay-gradient":""}},"ast-content-background-meta":{"desktop":{"background-color":"var(--ast-global-color-5)","background-image":"","background-repeat":"repeat","background-position":"center center","background-size":"auto","background-attachment":"scroll","background-type":"","background-media":"","overlay-type":"","overlay-color":"","overlay-opacity":"","overlay-gradient":""},"tablet":{"background-color":"var(--ast-global-color-5)","background-image":"","background-repeat":"repeat","background-position":"center center","background-size":"auto","background-attachment":"scroll","background-type":"","background-media":"","overlay-type":"","overlay-color":"","overlay-opacity":"","overlay-gradient":""},"mobile":{"background-color":"var(--ast-global-color-5)","background-image":"","background-repeat":"repeat","background-position":"center center","background-size":"auto","background-attachment":"scroll","background-type":"","background-media":"","overlay-type":"","overlay-color":"","overlay-opacity":"","overlay-gradient":""}},"footnotes":""},"class_list":["post-217442","page","type-page","status-publish","has-post-thumbnail","hentry"],"yoast_head":"<!-- This site is optimized with the Yoast SEO plugin v27.5 - https:\/\/yoast.com\/product\/yoast-seo-wordpress\/ -->\n<title>Servizi di traduzione da e verso il turco - Trusted Translations, Inc.<\/title>\n<meta name=\"description\" content=\"Servizi di traduzione da e verso il turco di alta qualit\u00e0. Gli esperti traduttori madrelingua di Trusted Translations forniscono traduzioni accurate e affidabili. Contattateci per un preventivo gratuito.\" \/>\n<meta name=\"robots\" content=\"index, follow, max-snippet:-1, max-image-preview:large, max-video-preview:-1\" \/>\n<link rel=\"canonical\" href=\"https:\/\/www.trustedtranslations.com\/it\/lingua\/turco\" \/>\n<meta property=\"og:locale\" content=\"it_IT\" \/>\n<meta property=\"og:type\" content=\"article\" \/>\n<meta property=\"og:title\" content=\"Servizi di traduzione da e verso il turco - Trusted Translations, Inc.\" \/>\n<meta property=\"og:description\" content=\"Servizi di traduzione da e verso il turco di alta qualit\u00e0. Gli esperti traduttori madrelingua di Trusted Translations forniscono traduzioni accurate e affidabili. Contattateci per un preventivo gratuito.\" \/>\n<meta property=\"og:url\" content=\"https:\/\/www.trustedtranslations.com\/it\/lingua\/turco\" \/>\n<meta property=\"og:site_name\" content=\"Trusted Translations, Inc.\" \/>\n<meta property=\"article:publisher\" content=\"https:\/\/www.facebook.com\/Trusted.Translations\" \/>\n<meta property=\"article:modified_time\" content=\"2024-09-11T16:43:52+00:00\" \/>\n<meta property=\"og:image\" content=\"https:\/\/static.trustedtranslations.com\/wp-content\/uploads\/2022\/08\/TT_NEW_FB-1.png\" \/>\n\t<meta property=\"og:image:width\" content=\"1\" \/>\n\t<meta property=\"og:image:height\" content=\"1\" \/>\n\t<meta property=\"og:image:type\" content=\"image\/jpeg\" \/>\n<meta name=\"twitter:card\" content=\"summary_large_image\" \/>\n<meta name=\"twitter:site\" content=\"@TrustedT9ns\" \/>\n<script type=\"application\/ld+json\" class=\"yoast-schema-graph\">{\"@context\":\"https:\\\/\\\/schema.org\",\"@graph\":[{\"@type\":\"WebPage\",\"@id\":\"https:\\\/\\\/www.trustedtranslations.com\\\/it\\\/lingua\\\/turco\",\"url\":\"https:\\\/\\\/www.trustedtranslations.com\\\/it\\\/lingua\\\/turco\",\"name\":\"Servizi di traduzione da e verso il turco - Trusted Translations, Inc.\",\"isPartOf\":{\"@id\":\"https:\\\/\\\/www.trustedtranslations.com\\\/it\\\/#website\"},\"primaryImageOfPage\":{\"@id\":\"https:\\\/\\\/www.trustedtranslations.com\\\/it\\\/lingua\\\/turco#primaryimage\"},\"image\":{\"@id\":\"https:\\\/\\\/www.trustedtranslations.com\\\/it\\\/lingua\\\/turco#primaryimage\"},\"thumbnailUrl\":\"https:\\\/\\\/www.trustedtranslations.com\\\/wp-content\\\/uploads\\\/2022\\\/08\\\/TT_NEW_FB-1.png\",\"description\":\"Servizi di traduzione da e verso il turco di alta qualit\u00e0. Gli esperti traduttori madrelingua di Trusted Translations forniscono traduzioni accurate e affidabili. Contattateci per un preventivo gratuito.\",\"breadcrumb\":{\"@id\":\"https:\\\/\\\/www.trustedtranslations.com\\\/it\\\/lingua\\\/turco#breadcrumb\"},\"inLanguage\":\"it-IT\",\"potentialAction\":[{\"@type\":\"ReadAction\",\"target\":[\"https:\\\/\\\/www.trustedtranslations.com\\\/it\\\/lingua\\\/turco\"]}]},{\"@type\":\"ImageObject\",\"inLanguage\":\"it-IT\",\"@id\":\"https:\\\/\\\/www.trustedtranslations.com\\\/it\\\/lingua\\\/turco#primaryimage\",\"url\":\"https:\\\/\\\/www.trustedtranslations.com\\\/wp-content\\\/uploads\\\/2022\\\/08\\\/TT_NEW_FB-1.png\",\"contentUrl\":\"https:\\\/\\\/www.trustedtranslations.com\\\/wp-content\\\/uploads\\\/2022\\\/08\\\/TT_NEW_FB-1.png\",\"caption\":\"TT NEW FB 1\"},{\"@type\":\"BreadcrumbList\",\"@id\":\"https:\\\/\\\/www.trustedtranslations.com\\\/it\\\/lingua\\\/turco#breadcrumb\",\"itemListElement\":[{\"@type\":\"ListItem\",\"position\":1,\"name\":\"Home\",\"item\":\"https:\\\/\\\/www.trustedtranslations.com\\\/it\"},{\"@type\":\"ListItem\",\"position\":2,\"name\":\"Lingue\",\"item\":\"https:\\\/\\\/www.trustedtranslations.com\\\/it\\\/lingua\"},{\"@type\":\"ListItem\",\"position\":3,\"name\":\"Turco\"}]},{\"@type\":\"WebSite\",\"@id\":\"https:\\\/\\\/www.trustedtranslations.com\\\/it\\\/#website\",\"url\":\"https:\\\/\\\/www.trustedtranslations.com\\\/it\\\/\",\"name\":\"Trusted Translations, Inc.\",\"description\":\"Leader in translation and interpretation services.\",\"publisher\":{\"@id\":\"https:\\\/\\\/www.trustedtranslations.com\\\/it\\\/#organization\"},\"alternateName\":\"Trusted Translations\",\"potentialAction\":[{\"@type\":\"SearchAction\",\"target\":{\"@type\":\"EntryPoint\",\"urlTemplate\":\"https:\\\/\\\/www.trustedtranslations.com\\\/it\\\/?s={search_term_string}\"},\"query-input\":{\"@type\":\"PropertyValueSpecification\",\"valueRequired\":true,\"valueName\":\"search_term_string\"}}],\"inLanguage\":\"it-IT\"},{\"@type\":\"Organization\",\"@id\":\"https:\\\/\\\/www.trustedtranslations.com\\\/it\\\/#organization\",\"name\":\"Trusted Translations\",\"alternateName\":\"Trusted Translations, Inc.\",\"url\":\"https:\\\/\\\/www.trustedtranslations.com\\\/it\\\/\",\"logo\":{\"@type\":\"ImageObject\",\"inLanguage\":\"it-IT\",\"@id\":\"https:\\\/\\\/www.trustedtranslations.com\\\/it\\\/#\\\/schema\\\/logo\\\/image\\\/\",\"url\":\"https:\\\/\\\/static.trustedtranslations.com\\\/wp-content\\\/uploads\\\/2022\\\/01\\\/TT_logo_WSIColors-2.png\",\"contentUrl\":\"https:\\\/\\\/static.trustedtranslations.com\\\/wp-content\\\/uploads\\\/2022\\\/01\\\/TT_logo_WSIColors-2.png\",\"width\":500,\"height\":196,\"caption\":\"Trusted Translations\"},\"image\":{\"@id\":\"https:\\\/\\\/www.trustedtranslations.com\\\/it\\\/#\\\/schema\\\/logo\\\/image\\\/\"},\"sameAs\":[\"https:\\\/\\\/www.facebook.com\\\/Trusted.Translations\",\"https:\\\/\\\/x.com\\\/TrustedT9ns\",\"https:\\\/\\\/www.linkedin.com\\\/company\\\/trusted-translations\"]}]}<\/script>\n<!-- \/ Yoast SEO plugin. -->","yoast_head_json":{"title":"Servizi di traduzione da e verso il turco - Trusted Translations, Inc.","description":"Servizi di traduzione da e verso il turco di alta qualit\u00e0. Gli esperti traduttori madrelingua di Trusted Translations forniscono traduzioni accurate e affidabili. Contattateci per un preventivo gratuito.","robots":{"index":"index","follow":"follow","max-snippet":"max-snippet:-1","max-image-preview":"max-image-preview:large","max-video-preview":"max-video-preview:-1"},"canonical":"https:\/\/www.trustedtranslations.com\/it\/lingua\/turco","og_locale":"it_IT","og_type":"article","og_title":"Servizi di traduzione da e verso il turco - Trusted Translations, Inc.","og_description":"Servizi di traduzione da e verso il turco di alta qualit\u00e0. Gli esperti traduttori madrelingua di Trusted Translations forniscono traduzioni accurate e affidabili. Contattateci per un preventivo gratuito.","og_url":"https:\/\/www.trustedtranslations.com\/it\/lingua\/turco","og_site_name":"Trusted Translations, Inc.","article_publisher":"https:\/\/www.facebook.com\/Trusted.Translations","article_modified_time":"2024-09-11T16:43:52+00:00","og_image":[{"url":"https:\/\/static.trustedtranslations.com\/wp-content\/uploads\/2022\/08\/TT_NEW_FB-1.png","width":1,"height":1,"type":"image\/jpeg"}],"twitter_card":"summary_large_image","twitter_site":"@TrustedT9ns","schema":{"@context":"https:\/\/schema.org","@graph":[{"@type":"WebPage","@id":"https:\/\/www.trustedtranslations.com\/it\/lingua\/turco","url":"https:\/\/www.trustedtranslations.com\/it\/lingua\/turco","name":"Servizi di traduzione da e verso il turco - Trusted Translations, Inc.","isPartOf":{"@id":"https:\/\/www.trustedtranslations.com\/it\/#website"},"primaryImageOfPage":{"@id":"https:\/\/www.trustedtranslations.com\/it\/lingua\/turco#primaryimage"},"image":{"@id":"https:\/\/www.trustedtranslations.com\/it\/lingua\/turco#primaryimage"},"thumbnailUrl":"https:\/\/www.trustedtranslations.com\/wp-content\/uploads\/2022\/08\/TT_NEW_FB-1.png","description":"Servizi di traduzione da e verso il turco di alta qualit\u00e0. Gli esperti traduttori madrelingua di Trusted Translations forniscono traduzioni accurate e affidabili. Contattateci per un preventivo gratuito.","breadcrumb":{"@id":"https:\/\/www.trustedtranslations.com\/it\/lingua\/turco#breadcrumb"},"inLanguage":"it-IT","potentialAction":[{"@type":"ReadAction","target":["https:\/\/www.trustedtranslations.com\/it\/lingua\/turco"]}]},{"@type":"ImageObject","inLanguage":"it-IT","@id":"https:\/\/www.trustedtranslations.com\/it\/lingua\/turco#primaryimage","url":"https:\/\/www.trustedtranslations.com\/wp-content\/uploads\/2022\/08\/TT_NEW_FB-1.png","contentUrl":"https:\/\/www.trustedtranslations.com\/wp-content\/uploads\/2022\/08\/TT_NEW_FB-1.png","caption":"TT NEW FB 1"},{"@type":"BreadcrumbList","@id":"https:\/\/www.trustedtranslations.com\/it\/lingua\/turco#breadcrumb","itemListElement":[{"@type":"ListItem","position":1,"name":"Home","item":"https:\/\/www.trustedtranslations.com\/it"},{"@type":"ListItem","position":2,"name":"Lingue","item":"https:\/\/www.trustedtranslations.com\/it\/lingua"},{"@type":"ListItem","position":3,"name":"Turco"}]},{"@type":"WebSite","@id":"https:\/\/www.trustedtranslations.com\/it\/#website","url":"https:\/\/www.trustedtranslations.com\/it\/","name":"Trusted Translations, Inc.","description":"Leader in translation and interpretation services.","publisher":{"@id":"https:\/\/www.trustedtranslations.com\/it\/#organization"},"alternateName":"Trusted Translations","potentialAction":[{"@type":"SearchAction","target":{"@type":"EntryPoint","urlTemplate":"https:\/\/www.trustedtranslations.com\/it\/?s={search_term_string}"},"query-input":{"@type":"PropertyValueSpecification","valueRequired":true,"valueName":"search_term_string"}}],"inLanguage":"it-IT"},{"@type":"Organization","@id":"https:\/\/www.trustedtranslations.com\/it\/#organization","name":"Trusted Translations","alternateName":"Trusted Translations, Inc.","url":"https:\/\/www.trustedtranslations.com\/it\/","logo":{"@type":"ImageObject","inLanguage":"it-IT","@id":"https:\/\/www.trustedtranslations.com\/it\/#\/schema\/logo\/image\/","url":"https:\/\/static.trustedtranslations.com\/wp-content\/uploads\/2022\/01\/TT_logo_WSIColors-2.png","contentUrl":"https:\/\/static.trustedtranslations.com\/wp-content\/uploads\/2022\/01\/TT_logo_WSIColors-2.png","width":500,"height":196,"caption":"Trusted Translations"},"image":{"@id":"https:\/\/www.trustedtranslations.com\/it\/#\/schema\/logo\/image\/"},"sameAs":["https:\/\/www.facebook.com\/Trusted.Translations","https:\/\/x.com\/TrustedT9ns","https:\/\/www.linkedin.com\/company\/trusted-translations"]}]}},"toolset-meta":{"dyk":{"mensaje-1":{"type":"textfield","raw":"L\u2019alfabeto turco \u00e8 stato rivisto nel 1932, dopo la caduta dell\u2019Impero Ottomano."},"mensaje-2":{"type":"textfield","raw":"Il turco presenta molti titoli onorifici e regole relative all\u2019etichetta."},"mensaje-3":{"type":"textfield","raw":"Il turco \u00e8 anche la lingua ufficiale di Cipro."},"mensaje-4":{"type":"textfield","raw":"Nel 2022 le Nazioni Unite hanno accettato il cambio di nome della Turchia in T\u00fcrkiye."},"mensaje-5":{"type":"textfield","raw":""},"mensaje-6":{"type":"textfield","raw":""}},"single-page-template-fields":{"imgs-temp":{"type":"image","raw":["https:\/\/static.trustedtranslations.com\/wp-content\/uploads\/2023\/07\/Turkey-port.jpg"],"repeatable":[{"raw":"https:\/\/static.trustedtranslations.com\/wp-content\/uploads\/2023\/07\/Turkey-port.jpg"}]},"imgs-temp-cel":{"type":"image","raw":["https:\/\/static.trustedtranslations.com\/wp-content\/uploads\/2023\/07\/Turkey.jpg"],"repeatable":[{"raw":"https:\/\/static.trustedtranslations.com\/wp-content\/uploads\/2023\/07\/Turkey.jpg"}]},"img-temp-one-cel":{"type":"image","raw":"","attachment_id":null},"quotes":{"type":"textarea","raw":"<h1 style=\"margin-bottom: 12px;\">Servizi di traduzione in turco<\/h1><em>Trusted Translations<\/em>, fornitore leader di servizi in lingua turca, offre tariffe competitive per progetti di traduzione che coinvolgono turco, inglese e altre lingue. Con grande attenzione alle scadenze ravvicinate, il nostro team culturalmente consapevole \u00e8 ben attrezzato per gestire anche le sfumature linguistiche e culturali delle regioni di lingua turca in Grecia, in Bulgaria e a Cipro.<div style=\"margin-top: 2.5vw;\"><a class=\"tt-btn-main-cta\" href=\"\/it\/quote\">Richiedi un preventivo gratuito<\/a><\/div>"},"text-1":{"type":"textarea","raw":"<h2 style=\"margin-top: -10px;\">La T\u00fcrkiye abbraccia il futuro<\/h2>Antico polo commerciale con un futuro promettente, la Turchia ha recentemente adottato una nuova identit\u00e0 per il XXI secolo: a partire da maggio 2022, il suo nuovo nome ufficiale \u00e8 Repubblica di T\u00fcrkiye. Inoltre, nel corso della sua lunga storia, la sua celebre capitale sul Bosforo ha assunto tre nomi: Bisanzio, Costantinopoli e Istanbul.<br><br>\r\nDopo il declino dell\u2019Impero Ottomano e il suo status di \u201cMalato d\u2019Europa\u201d dopo la Prima Guerra Mondiale, l\u2019odierna T\u00fcrkiye \u00e8 stata sottoposta a un percorso di trasformazione sotto la guida carismatica del nazionalista turco Mustafa Kemal Atat\u00fcrk. Nel 1923 venne istituita la Repubblica di Turchia, con Ankara come nuova capitale.<br><br>\r\nIn qualit\u00e0 di membro della NATO, la T\u00fcrkiye adott\u00f2 rapidamente un sistema di governo in stile occidentale e un alfabeto latino di 29 lettere, con serie di vocali anteriori (e, i, \u00f6, \u00fc) e posteriori (a, \u0131, o, u). Ad oggi il turco (T\u00fcrk\u00e7e) viene parlato da circa 78 milioni di persone in tutto il mondo, di cui quasi il 90% residente in T\u00fcrkiye.\r\n<h2>Accogliere la cultura turca<\/h2>\r\nLa cultura turca \u00e8 caratterizzata da ospitalit\u00e0, cordialit\u00e0 ed enfasi sulla fiducia e sui legami personali. A causa di un complesso sistema di onorificenze per trasmettere rispetto e cortesia, orientarsi tra le varie forme verbali e i pronomi usati per rivolgersi a persone di et\u00e0 e stati sociali diversi richiede l\u2019esperienza di un traduttore madrelingua professionista."},"shortcode-map":{"type":"textfield","raw":""},"dyk-shortcode":{"type":"textfield","raw":"[elementor-template id=\"146751\"]"},"text-2":{"type":"textarea","raw":"<h2>Esplorare le sensibilit\u00e0 culturali nello svolgimento di attivit\u00e0 in T\u00fcrkiye<\/h2>In una societ\u00e0 che apprezza le <a href=\"https:\/\/www.trustedtranslations.com\/it\/industrie\/business\"><u>trattative lunghe<\/u><\/a> e dal ritmo rilassato, disporre di traduttori madrelingua, come il team <em>di Trusted Translations<\/em>, \u00e8 fondamentale, insieme a una grande pazienza, quando ci si impegna in discussioni su termini, condizioni e prezzi.<br><br>\r\nOffrendo tariffe di traduzione competitive e tempi ristretti per progetti in turco e inglese, cos\u00ec come in altre lingue, <em>Trusted Translations<\/em> \u00e8 un fornitore leader di servizi in lingua turca. Il suo personale culturalmente consapevole \u00e8 anche ben qualificato per affrontare le variazioni culturali nelle regioni di lingua turca in Grecia, in Bulgaria e a Cipro."},"state":{"type":"textfield","raw":""},"city":{"type":"textarea","raw":[]}}},"_links":{"self":[{"href":"https:\/\/www.trustedtranslations.com\/it\/wp-json\/wp\/v2\/pages\/217442","targetHints":{"allow":["GET"]}}],"collection":[{"href":"https:\/\/www.trustedtranslations.com\/it\/wp-json\/wp\/v2\/pages"}],"about":[{"href":"https:\/\/www.trustedtranslations.com\/it\/wp-json\/wp\/v2\/types\/page"}],"author":[{"embeddable":true,"href":"https:\/\/www.trustedtranslations.com\/it\/wp-json\/wp\/v2\/users\/1"}],"replies":[{"embeddable":true,"href":"https:\/\/www.trustedtranslations.com\/it\/wp-json\/wp\/v2\/comments?post=217442"}],"version-history":[{"count":0,"href":"https:\/\/www.trustedtranslations.com\/it\/wp-json\/wp\/v2\/pages\/217442\/revisions"}],"up":[{"embeddable":true,"href":"https:\/\/www.trustedtranslations.com\/it\/wp-json\/wp\/v2\/pages\/123365"}],"wp:featuredmedia":[{"embeddable":true,"href":"https:\/\/www.trustedtranslations.com\/it\/wp-json\/wp\/v2\/media\/222933"}],"wp:attachment":[{"href":"https:\/\/www.trustedtranslations.com\/it\/wp-json\/wp\/v2\/media?parent=217442"}],"curies":[{"name":"wp","href":"https:\/\/api.w.org\/{rel}","templated":true}]}}