{"id":286138,"date":"2025-02-24T13:00:26","date_gmt":"2025-02-24T16:00:26","guid":{"rendered":"https:\/\/www.trustedtranslations.com\/?page_id=286138"},"modified":"2025-02-26T11:34:09","modified_gmt":"2025-02-26T14:34:09","slug":"servizi-di-remediation-per-la-sezione-508","status":"publish","type":"page","link":"https:\/\/www.trustedtranslations.com\/it\/servizi\/human\/accessibilita\/servizi-di-remediation-per-la-sezione-508","title":{"rendered":"Servizi di Remediation per la sezione 508"},"content":{"rendered":"","protected":false},"excerpt":{"rendered":"","protected":false},"author":1,"featured_media":0,"parent":201509,"menu_order":0,"comment_status":"closed","ping_status":"closed","template":"","meta":{"site-sidebar-layout":"default","site-content-layout":"","ast-site-content-layout":"default","site-content-style":"default","site-sidebar-style":"default","ast-global-header-display":"","ast-banner-title-visibility":"","ast-main-header-display":"","ast-hfb-above-header-display":"","ast-hfb-below-header-display":"","ast-hfb-mobile-header-display":"","site-post-title":"","ast-breadcrumbs-content":"","ast-featured-img":"","footer-sml-layout":"","theme-transparent-header-meta":"default","adv-header-id-meta":"","stick-header-meta":"","header-above-stick-meta":"","header-main-stick-meta":"","header-below-stick-meta":"","astra-migrate-meta-layouts":"set","ast-page-background-enabled":"default","ast-page-background-meta":{"desktop":{"background-color":"var(--ast-global-color-4)","background-image":"","background-repeat":"repeat","background-position":"center center","background-size":"auto","background-attachment":"scroll","background-type":"","background-media":"","overlay-type":"","overlay-color":"","overlay-opacity":"","overlay-gradient":""},"tablet":{"background-color":"","background-image":"","background-repeat":"repeat","background-position":"center center","background-size":"auto","background-attachment":"scroll","background-type":"","background-media":"","overlay-type":"","overlay-color":"","overlay-opacity":"","overlay-gradient":""},"mobile":{"background-color":"","background-image":"","background-repeat":"repeat","background-position":"center center","background-size":"auto","background-attachment":"scroll","background-type":"","background-media":"","overlay-type":"","overlay-color":"","overlay-opacity":"","overlay-gradient":""}},"ast-content-background-meta":{"desktop":{"background-color":"var(--ast-global-color-5)","background-image":"","background-repeat":"repeat","background-position":"center center","background-size":"auto","background-attachment":"scroll","background-type":"","background-media":"","overlay-type":"","overlay-color":"","overlay-opacity":"","overlay-gradient":""},"tablet":{"background-color":"var(--ast-global-color-5)","background-image":"","background-repeat":"repeat","background-position":"center center","background-size":"auto","background-attachment":"scroll","background-type":"","background-media":"","overlay-type":"","overlay-color":"","overlay-opacity":"","overlay-gradient":""},"mobile":{"background-color":"var(--ast-global-color-5)","background-image":"","background-repeat":"repeat","background-position":"center center","background-size":"auto","background-attachment":"scroll","background-type":"","background-media":"","overlay-type":"","overlay-color":"","overlay-opacity":"","overlay-gradient":""}},"footnotes":""},"class_list":["post-286138","page","type-page","status-publish","hentry"],"yoast_head":"<!-- This site is optimized with the Yoast SEO plugin v27.5 - https:\/\/yoast.com\/product\/yoast-seo-wordpress\/ -->\n<title>Servizi di Remediation per la Sezione 508 | Trusted Translation<\/title>\n<meta name=\"description\" content=\"Garantite l\u2019inclusivit\u00e0 ed evitate rischi legali con i servizi di Remediation per la Sezione 508 di Trusted Translations. Soluzioni specialistiche per garantire l\u2019accessibilit\u00e0 dei documenti e la conformit\u00e0 WCAG.\" \/>\n<meta name=\"robots\" content=\"index, follow, max-snippet:-1, max-image-preview:large, max-video-preview:-1\" \/>\n<link rel=\"canonical\" href=\"https:\/\/www.trustedtranslations.com\/it\/servizi\/human\/accessibilita\/servizi-di-remediation-per-la-sezione-508\" \/>\n<meta property=\"og:locale\" content=\"it_IT\" \/>\n<meta property=\"og:type\" content=\"article\" \/>\n<meta property=\"og:title\" content=\"Servizi di Remediation per la Sezione 508 | Trusted Translation\" \/>\n<meta property=\"og:description\" content=\"Garantite l\u2019inclusivit\u00e0 ed evitate rischi legali con i servizi di Remediation per la Sezione 508 di Trusted Translations. Soluzioni specialistiche per garantire l\u2019accessibilit\u00e0 dei documenti e la conformit\u00e0 WCAG.\" \/>\n<meta property=\"og:url\" content=\"https:\/\/www.trustedtranslations.com\/it\/servizi\/human\/accessibilita\/servizi-di-remediation-per-la-sezione-508\" \/>\n<meta property=\"og:site_name\" content=\"Trusted Translations, Inc.\" \/>\n<meta property=\"article:publisher\" content=\"https:\/\/www.facebook.com\/Trusted.Translations\" \/>\n<meta property=\"article:modified_time\" content=\"2025-02-26T14:34:09+00:00\" \/>\n<meta property=\"og:image\" content=\"https:\/\/www.trustedtranslations.com\/wp-content\/uploads\/2022\/06\/tt-logo-2-1.webp\" \/>\n\t<meta property=\"og:image:width\" content=\"216\" \/>\n\t<meta property=\"og:image:height\" content=\"94\" \/>\n\t<meta property=\"og:image:type\" content=\"image\/webp\" \/>\n<meta name=\"twitter:card\" content=\"summary_large_image\" \/>\n<meta name=\"twitter:site\" content=\"@TrustedT9ns\" \/>\n<script type=\"application\/ld+json\" class=\"yoast-schema-graph\">{\"@context\":\"https:\\\/\\\/schema.org\",\"@graph\":[{\"@type\":\"WebPage\",\"@id\":\"https:\\\/\\\/www.trustedtranslations.com\\\/it\\\/servizi\\\/human\\\/accessibilita\\\/servizi-di-remediation-per-la-sezione-508\",\"url\":\"https:\\\/\\\/www.trustedtranslations.com\\\/it\\\/servizi\\\/human\\\/accessibilita\\\/servizi-di-remediation-per-la-sezione-508\",\"name\":\"Servizi di Remediation per la Sezione 508 | Trusted Translation\",\"isPartOf\":{\"@id\":\"https:\\\/\\\/www.trustedtranslations.com\\\/it\\\/#website\"},\"description\":\"Garantite l\u2019inclusivit\u00e0 ed evitate rischi legali con i servizi di Remediation per la Sezione 508 di Trusted Translations. Soluzioni specialistiche per garantire l\u2019accessibilit\u00e0 dei documenti e la conformit\u00e0 WCAG.\",\"breadcrumb\":{\"@id\":\"https:\\\/\\\/www.trustedtranslations.com\\\/it\\\/servizi\\\/human\\\/accessibilita\\\/servizi-di-remediation-per-la-sezione-508#breadcrumb\"},\"inLanguage\":\"it-IT\",\"potentialAction\":[{\"@type\":\"ReadAction\",\"target\":[\"https:\\\/\\\/www.trustedtranslations.com\\\/it\\\/servizi\\\/human\\\/accessibilita\\\/servizi-di-remediation-per-la-sezione-508\"]}]},{\"@type\":\"BreadcrumbList\",\"@id\":\"https:\\\/\\\/www.trustedtranslations.com\\\/it\\\/servizi\\\/human\\\/accessibilita\\\/servizi-di-remediation-per-la-sezione-508#breadcrumb\",\"itemListElement\":[{\"@type\":\"ListItem\",\"position\":1,\"name\":\"Home\",\"item\":\"https:\\\/\\\/www.trustedtranslations.com\\\/it\"},{\"@type\":\"ListItem\",\"position\":2,\"name\":\"Servizi\",\"item\":\"https:\\\/\\\/www.trustedtranslations.com\\\/it\\\/servizi\"},{\"@type\":\"ListItem\",\"position\":3,\"name\":\"Traduzione umana\",\"item\":\"https:\\\/\\\/www.trustedtranslations.com\\\/it\\\/servizi\\\/human\"},{\"@type\":\"ListItem\",\"position\":4,\"name\":\"Accessibilit\u00e0\",\"item\":\"https:\\\/\\\/www.trustedtranslations.com\\\/it\\\/servizi\\\/human\\\/accessibilita\"},{\"@type\":\"ListItem\",\"position\":5,\"name\":\"Servizi di Remediation per la sezione 508\"}]},{\"@type\":\"WebSite\",\"@id\":\"https:\\\/\\\/www.trustedtranslations.com\\\/it\\\/#website\",\"url\":\"https:\\\/\\\/www.trustedtranslations.com\\\/it\\\/\",\"name\":\"Trusted Translations, Inc.\",\"description\":\"Leader in translation and interpretation services.\",\"publisher\":{\"@id\":\"https:\\\/\\\/www.trustedtranslations.com\\\/it\\\/#organization\"},\"alternateName\":\"Trusted Translations\",\"potentialAction\":[{\"@type\":\"SearchAction\",\"target\":{\"@type\":\"EntryPoint\",\"urlTemplate\":\"https:\\\/\\\/www.trustedtranslations.com\\\/it\\\/?s={search_term_string}\"},\"query-input\":{\"@type\":\"PropertyValueSpecification\",\"valueRequired\":true,\"valueName\":\"search_term_string\"}}],\"inLanguage\":\"it-IT\"},{\"@type\":\"Organization\",\"@id\":\"https:\\\/\\\/www.trustedtranslations.com\\\/it\\\/#organization\",\"name\":\"Trusted Translations\",\"alternateName\":\"Trusted Translations, Inc.\",\"url\":\"https:\\\/\\\/www.trustedtranslations.com\\\/it\\\/\",\"logo\":{\"@type\":\"ImageObject\",\"inLanguage\":\"it-IT\",\"@id\":\"https:\\\/\\\/www.trustedtranslations.com\\\/it\\\/#\\\/schema\\\/logo\\\/image\\\/\",\"url\":\"https:\\\/\\\/static.trustedtranslations.com\\\/wp-content\\\/uploads\\\/2022\\\/01\\\/TT_logo_WSIColors-2.png\",\"contentUrl\":\"https:\\\/\\\/static.trustedtranslations.com\\\/wp-content\\\/uploads\\\/2022\\\/01\\\/TT_logo_WSIColors-2.png\",\"width\":500,\"height\":196,\"caption\":\"Trusted Translations\"},\"image\":{\"@id\":\"https:\\\/\\\/www.trustedtranslations.com\\\/it\\\/#\\\/schema\\\/logo\\\/image\\\/\"},\"sameAs\":[\"https:\\\/\\\/www.facebook.com\\\/Trusted.Translations\",\"https:\\\/\\\/x.com\\\/TrustedT9ns\",\"https:\\\/\\\/www.linkedin.com\\\/company\\\/trusted-translations\"]}]}<\/script>\n<!-- \/ Yoast SEO plugin. -->","yoast_head_json":{"title":"Servizi di Remediation per la Sezione 508 | Trusted Translation","description":"Garantite l\u2019inclusivit\u00e0 ed evitate rischi legali con i servizi di Remediation per la Sezione 508 di Trusted Translations. Soluzioni specialistiche per garantire l\u2019accessibilit\u00e0 dei documenti e la conformit\u00e0 WCAG.","robots":{"index":"index","follow":"follow","max-snippet":"max-snippet:-1","max-image-preview":"max-image-preview:large","max-video-preview":"max-video-preview:-1"},"canonical":"https:\/\/www.trustedtranslations.com\/it\/servizi\/human\/accessibilita\/servizi-di-remediation-per-la-sezione-508","og_locale":"it_IT","og_type":"article","og_title":"Servizi di Remediation per la Sezione 508 | Trusted Translation","og_description":"Garantite l\u2019inclusivit\u00e0 ed evitate rischi legali con i servizi di Remediation per la Sezione 508 di Trusted Translations. Soluzioni specialistiche per garantire l\u2019accessibilit\u00e0 dei documenti e la conformit\u00e0 WCAG.","og_url":"https:\/\/www.trustedtranslations.com\/it\/servizi\/human\/accessibilita\/servizi-di-remediation-per-la-sezione-508","og_site_name":"Trusted Translations, Inc.","article_publisher":"https:\/\/www.facebook.com\/Trusted.Translations","article_modified_time":"2025-02-26T14:34:09+00:00","og_image":[{"width":216,"height":94,"url":"https:\/\/www.trustedtranslations.com\/wp-content\/uploads\/2022\/06\/tt-logo-2-1.webp","type":"image\/webp"}],"twitter_card":"summary_large_image","twitter_site":"@TrustedT9ns","schema":{"@context":"https:\/\/schema.org","@graph":[{"@type":"WebPage","@id":"https:\/\/www.trustedtranslations.com\/it\/servizi\/human\/accessibilita\/servizi-di-remediation-per-la-sezione-508","url":"https:\/\/www.trustedtranslations.com\/it\/servizi\/human\/accessibilita\/servizi-di-remediation-per-la-sezione-508","name":"Servizi di Remediation per la Sezione 508 | Trusted Translation","isPartOf":{"@id":"https:\/\/www.trustedtranslations.com\/it\/#website"},"description":"Garantite l\u2019inclusivit\u00e0 ed evitate rischi legali con i servizi di Remediation per la Sezione 508 di Trusted Translations. Soluzioni specialistiche per garantire l\u2019accessibilit\u00e0 dei documenti e la conformit\u00e0 WCAG.","breadcrumb":{"@id":"https:\/\/www.trustedtranslations.com\/it\/servizi\/human\/accessibilita\/servizi-di-remediation-per-la-sezione-508#breadcrumb"},"inLanguage":"it-IT","potentialAction":[{"@type":"ReadAction","target":["https:\/\/www.trustedtranslations.com\/it\/servizi\/human\/accessibilita\/servizi-di-remediation-per-la-sezione-508"]}]},{"@type":"BreadcrumbList","@id":"https:\/\/www.trustedtranslations.com\/it\/servizi\/human\/accessibilita\/servizi-di-remediation-per-la-sezione-508#breadcrumb","itemListElement":[{"@type":"ListItem","position":1,"name":"Home","item":"https:\/\/www.trustedtranslations.com\/it"},{"@type":"ListItem","position":2,"name":"Servizi","item":"https:\/\/www.trustedtranslations.com\/it\/servizi"},{"@type":"ListItem","position":3,"name":"Traduzione umana","item":"https:\/\/www.trustedtranslations.com\/it\/servizi\/human"},{"@type":"ListItem","position":4,"name":"Accessibilit\u00e0","item":"https:\/\/www.trustedtranslations.com\/it\/servizi\/human\/accessibilita"},{"@type":"ListItem","position":5,"name":"Servizi di Remediation per la sezione 508"}]},{"@type":"WebSite","@id":"https:\/\/www.trustedtranslations.com\/it\/#website","url":"https:\/\/www.trustedtranslations.com\/it\/","name":"Trusted Translations, Inc.","description":"Leader in translation and interpretation services.","publisher":{"@id":"https:\/\/www.trustedtranslations.com\/it\/#organization"},"alternateName":"Trusted Translations","potentialAction":[{"@type":"SearchAction","target":{"@type":"EntryPoint","urlTemplate":"https:\/\/www.trustedtranslations.com\/it\/?s={search_term_string}"},"query-input":{"@type":"PropertyValueSpecification","valueRequired":true,"valueName":"search_term_string"}}],"inLanguage":"it-IT"},{"@type":"Organization","@id":"https:\/\/www.trustedtranslations.com\/it\/#organization","name":"Trusted Translations","alternateName":"Trusted Translations, Inc.","url":"https:\/\/www.trustedtranslations.com\/it\/","logo":{"@type":"ImageObject","inLanguage":"it-IT","@id":"https:\/\/www.trustedtranslations.com\/it\/#\/schema\/logo\/image\/","url":"https:\/\/static.trustedtranslations.com\/wp-content\/uploads\/2022\/01\/TT_logo_WSIColors-2.png","contentUrl":"https:\/\/static.trustedtranslations.com\/wp-content\/uploads\/2022\/01\/TT_logo_WSIColors-2.png","width":500,"height":196,"caption":"Trusted Translations"},"image":{"@id":"https:\/\/www.trustedtranslations.com\/it\/#\/schema\/logo\/image\/"},"sameAs":["https:\/\/www.facebook.com\/Trusted.Translations","https:\/\/x.com\/TrustedT9ns","https:\/\/www.linkedin.com\/company\/trusted-translations"]}]}},"toolset-meta":{"dyk":{"mensaje-1":{"type":"textfield","raw":"Trusted Translations garantisce la conformit\u00e0 alla Sezione 508 per oltre 20 formati digitali, tra cui PDF, documenti Word e siti web."},"mensaje-2":{"type":"textfield","raw":"I nostri servizi di Remediation per la Sezione 508 sono supportati da processi di qualit\u00e0 certificati ISO per garantire accuratezza e conformit\u00e0."},"mensaje-3":{"type":"textfield","raw":"Conformarsi alla Sezione 508 non soltanto evita rischi legali, ma migliora anche l\u2019esperienza utente per ogni tipo di pubblico."},"mensaje-4":{"type":"textfield","raw":"Trusted Translations utilizza una combinazione di tecniche manuali e automatizzate per garantire un\u2019accuratezza del 100% nella conformit\u00e0 alla Sezione 508."},"mensaje-5":{"type":"textfield","raw":""},"mensaje-6":{"type":"textfield","raw":""}},"single-page-template-fields":{"imgs-temp":{"type":"image","raw":["https:\/\/static.trustedtranslations.com\/wp-content\/uploads\/2025\/01\/508-DESK-1.webp"],"repeatable":[{"raw":"https:\/\/static.trustedtranslations.com\/wp-content\/uploads\/2025\/01\/508-DESK-1.webp"}]},"imgs-temp-cel":{"type":"image","raw":[""],"repeatable":[{"raw":""}]},"img-temp-one-cel":{"type":"image","raw":"","attachment_id":null},"quotes":{"type":"textarea","raw":"<h1 style=\"margin-bottom: 12px;\">Servizi di Remediation per la Sezione 508 per una completa conformit\u00e0 ai requisiti di accessibilit\u00e0 <\/h1>Trusted Translations fornisce servizi di Remediation per la Sezione 508 specializzati per garantire che i vostri contenuti digitali siano accessibili a tutti. Che si tratti di documenti, siti web o contenuti multimediali, le nostre soluzioni complete garantiscono il rispetto delle normative sull\u2019accessibilit\u00e0, migliorando al contempo la facilit\u00e0 di utilizzo per le persone con disabilit\u00e0. Vi aiuteremo a soddisfare gli standard della Sezione 508 in modo efficiente ed efficace, promuovendo l\u2019inclusivit\u00e0 e mitigando i rischi legali.<div style=\"margin-top: 2.5vw;\"><a class=\"tt-btn-main-cta\" href=\"\/it\/quote\">Richiedi un preventivo gratuito<\/a><\/div>"},"text-1":{"type":"textarea","raw":"<h2 style=\"margin-top: -10px;\">Cosa sono i servizi di Remediation per la Sezione 508?<\/h2>I servizi di Remediation per la Sezione 508 garantiscono che i contenuti digitali siano accessibili alle persone con disabilit\u00e0, soddisfacendo i requisiti della Sezione 508 del Rehabilitation Act. Questa legge statunitense impone a tutte le agenzie federali e ai contraenti di fornire informazioni digitali accessibili, consentendo agli utenti di tecnologie assistive, come i lettori di schermo, di interagire senza problemi con i contenuti.\r\n\r\nLa Remediation 508 si concentra sull\u2019adattamento di vari formati digitali, tra cui PDF, documenti Word, presentazioni PowerPoint e siti web, al fine di renderli conformi alle Linee guida per l'accessibilit\u00e0 dei contenuti Web (Web Content Accessibility Guidelines - WCAG) e ad altri standard. Tali adattamenti garantiscono l\u2019inclusivit\u00e0 e la fruibilit\u00e0 per le persone con disabilit\u00e0 visive, uditive o cognitive.\r\n\r\n<h2 style=\"margin-top: -10px;\">Chi trae vantaggio dalla conformit\u00e0 alla Sezione 508?<\/h2>\r\n\r\n<h3>I servizi di Remediation per la Sezione 508 avvantaggiano un\u2019ampia gamma di settori e organizzazioni:<\/h3>\r\n<ul>\r\n    <li><strong>Agenzie governative:<\/strong> garantire la conformit\u00e0 legale di tutta la documentazione digitale.<\/li>\r\n    <li><strong>Istituzioni educative:<\/strong> creare ambienti di apprendimento inclusivi per tutti gli studenti. <\/li>\r\n    <li><strong>Fornitori di assistenza sanitaria:<\/strong> rendere maggiormente accessibili le cartelle cliniche e le risorse online ai pazienti con disabilit\u00e0. <\/li>\r\n    <li><strong>Settore aziendale:<\/strong> rafforzare la reputazione del marchio e migliorare l\u2019esperienza dell\u2019utente migliorando l\u2019inclusivit\u00e0. <\/li>\r\n<\/ul>\r\n\r\n<h2 style=\"margin-top: -10px;\">Perch\u00e9 \u00e8 essenziale la conformit\u00e0 alla Sezione 508?<\/h2>\r\n\r\nLa mancata conformit\u00e0 alla Sezione 508 pu\u00f2 comportare sanzioni, rischi legali e danni alla reputazione. Ancora pi\u00f9 importante, la Remediation garantisce che le persone con disabilit\u00e0 possano sfruttare pienamente l\u2019attuale panorama digitale, promuovendo l\u2019inclusivit\u00e0 e la parit\u00e0 di accesso alle informazioni.\r\n\r\n<h3>Principali vantaggi della conformit\u00e0 alla Sezione 508:<\/h3>\r\n<ul>\r\n    <li><strong>Garantisce l\u2019inclusivit\u00e0:<\/strong> rende i contenuti accessibili a tutti, indipendentemente dalle capacit\u00e0. <\/li>\r\n    <li><strong>Evita i rischi legali:<\/strong> riduce il rischio di azioni legali e sanzioni per mancata conformit\u00e0. <\/li>\r\n    <li><strong>Migliora l\u2019esperienza utente:<\/strong> migliora la fruibilit\u00e0 per ogni tipo di pubblico, inclusi coloro che si affidano alle tecnologie assistive. <\/li>\r\n<\/ul>"},"shortcode-map":{"type":"textfield","raw":""},"dyk-shortcode":{"type":"textfield","raw":"[elementor-template id=\"146751\"]"},"text-2":{"type":"textarea","raw":"<h2>Il nostro procedimento completo di Remediation per la Sezione 508<\/h2>Trusted Translations fornisce soluzioni su misura per soddisfare le vostre esigenze di conformit\u00e0. Il nostro procedimento include:\r\n<ul>\r\n    <li><strong>Valutazione:<\/strong> valutiamo i documenti e le risorse digitali esistenti per identificare le lacune in termini di accessibilit\u00e0.<\/li>\r\n    <li><strong>Remediation:<\/strong> utilizzando una combinazione di tecniche manuali e automatizzate, adattiamo i documenti per garantirne la piena conformit\u00e0 agli standard della Sezione 508 e alle linee guida WCAG 2.1. <\/li>\r\n    <li><strong>Garanzia di qualit\u00e0:<\/strong> i nostri esperti svolgono test approfonditi per garantire la compatibilit\u00e0 con le tecnologie assistive, come gli screen reader.<\/li>\r\n    <li><strong>Certificazione e consegna:<\/strong> una volta completato il processo, forniamo file accessibili e ne certifichiamo la conformit\u00e0, per offrire ai nostri clienti la massima tranquillit\u00e0.<\/li>\r\n<\/ul>\r\nQuesto flusso di lavoro strutturato garantisce risultati accurati ed efficienti, indipendentemente dalla complessit\u00e0 dei contenuti.\r\n\r\n<h2>Perch\u00e9 scegliere Trusted Translations per i servizi di Remediation per la Sezione 508?<\/h2>\r\n\r\nTrusted Translations \u00e8 attrezzata in modo unico per soddisfare le vostre esigenze di ambito di accessibilit\u00e0. Le nostre certificazioni e la nostra vasta esperienza nel settore ci distinguono dalla concorrenza:\r\n<ul>\r\n    <li><strong>Competenza certificata:<\/strong> grazie alle certificazioni ISO, rispettiamo gli standard qualitativi pi\u00f9 elevati.<\/li>\r\n    <li><strong>Soluzioni flessibili:<\/strong> offriamo opzioni di ripristino manuali, automatizzate o ibride per soddisfare le vostre esigenze e adattarsi al vostro budget.<\/li>\r\n    <li><strong>Funzionalit\u00e0 multilingue:<\/strong> garantiamo l\u2019accessibilit\u00e0 in pi\u00f9 lingue, rendendo i contenuti inclusivi a livello globale. <\/li>\r\n    <li><strong>Competenza comprovata:<\/strong> siamo i traduttori di fiducia delle principali organizzazioni; i nostri testimonial dimostrano la nostra capacit\u00e0 di fornire risultati eccezionali.<\/li>\r\n<\/ul>\r\n\r\n<h2>Richiedete oggi stesso un preventivo gratuito <\/h2>\r\nPer orientarsi tra le normative sull\u2019accessibilit\u00e0 sono necessarie precisione e competenza. Trusted Translations offre servizi di Remediation completi per aiutarvi a soddisfare tutti i requisiti della Sezione 508. \r\n\r\n<strong>Richiedete un <a href=\"\/it\/quote\">preventivo gratuito<\/a> oggi stesso<\/strong> e assicuratevi che i vostri contenuti siano accessibili e conformi alla Sezione 508!"},"state":{"type":"textfield","raw":""},"city":{"type":"textarea","raw":[""]}}},"_links":{"self":[{"href":"https:\/\/www.trustedtranslations.com\/it\/wp-json\/wp\/v2\/pages\/286138","targetHints":{"allow":["GET"]}}],"collection":[{"href":"https:\/\/www.trustedtranslations.com\/it\/wp-json\/wp\/v2\/pages"}],"about":[{"href":"https:\/\/www.trustedtranslations.com\/it\/wp-json\/wp\/v2\/types\/page"}],"author":[{"embeddable":true,"href":"https:\/\/www.trustedtranslations.com\/it\/wp-json\/wp\/v2\/users\/1"}],"replies":[{"embeddable":true,"href":"https:\/\/www.trustedtranslations.com\/it\/wp-json\/wp\/v2\/comments?post=286138"}],"version-history":[{"count":0,"href":"https:\/\/www.trustedtranslations.com\/it\/wp-json\/wp\/v2\/pages\/286138\/revisions"}],"up":[{"embeddable":true,"href":"https:\/\/www.trustedtranslations.com\/it\/wp-json\/wp\/v2\/pages\/201509"}],"wp:attachment":[{"href":"https:\/\/www.trustedtranslations.com\/it\/wp-json\/wp\/v2\/media?parent=286138"}],"curies":[{"name":"wp","href":"https:\/\/api.w.org\/{rel}","templated":true}]}}