{"id":294138,"date":"2026-03-12T12:30:49","date_gmt":"2026-03-12T15:30:49","guid":{"rendered":"https:\/\/www.trustedtranslations.com\/?page_id=294138"},"modified":"2026-03-27T15:41:48","modified_gmt":"2026-03-27T18:41:48","slug":"servizi-di-conversione-da-testo-a-voce","status":"publish","type":"page","link":"https:\/\/www.trustedtranslations.com\/it\/servizi\/servizi-di-post-produzione-multimediale\/servizi-di-conversione-da-testo-a-voce","title":{"rendered":"Servizi di sintesi vocale"},"content":{"rendered":"","protected":false},"excerpt":{"rendered":"","protected":false},"author":1,"featured_media":235824,"parent":294098,"menu_order":0,"comment_status":"closed","ping_status":"closed","template":"","meta":{"site-sidebar-layout":"default","site-content-layout":"","ast-site-content-layout":"default","site-content-style":"default","site-sidebar-style":"default","ast-global-header-display":"","ast-banner-title-visibility":"","ast-main-header-display":"","ast-hfb-above-header-display":"","ast-hfb-below-header-display":"","ast-hfb-mobile-header-display":"","site-post-title":"","ast-breadcrumbs-content":"","ast-featured-img":"","footer-sml-layout":"","ast-disable-related-posts":"","theme-transparent-header-meta":"default","adv-header-id-meta":"","stick-header-meta":"","header-above-stick-meta":"","header-main-stick-meta":"","header-below-stick-meta":"","astra-migrate-meta-layouts":"set","ast-page-background-enabled":"default","ast-page-background-meta":{"desktop":{"background-color":"var(--ast-global-color-4)","background-image":"","background-repeat":"repeat","background-position":"center center","background-size":"auto","background-attachment":"scroll","background-type":"","background-media":"","overlay-type":"","overlay-color":"","overlay-opacity":"","overlay-gradient":""},"tablet":{"background-color":"","background-image":"","background-repeat":"repeat","background-position":"center center","background-size":"auto","background-attachment":"scroll","background-type":"","background-media":"","overlay-type":"","overlay-color":"","overlay-opacity":"","overlay-gradient":""},"mobile":{"background-color":"","background-image":"","background-repeat":"repeat","background-position":"center center","background-size":"auto","background-attachment":"scroll","background-type":"","background-media":"","overlay-type":"","overlay-color":"","overlay-opacity":"","overlay-gradient":""}},"ast-content-background-meta":{"desktop":{"background-color":"var(--ast-global-color-5)","background-image":"","background-repeat":"repeat","background-position":"center center","background-size":"auto","background-attachment":"scroll","background-type":"","background-media":"","overlay-type":"","overlay-color":"","overlay-opacity":"","overlay-gradient":""},"tablet":{"background-color":"var(--ast-global-color-5)","background-image":"","background-repeat":"repeat","background-position":"center center","background-size":"auto","background-attachment":"scroll","background-type":"","background-media":"","overlay-type":"","overlay-color":"","overlay-opacity":"","overlay-gradient":""},"mobile":{"background-color":"var(--ast-global-color-5)","background-image":"","background-repeat":"repeat","background-position":"center center","background-size":"auto","background-attachment":"scroll","background-type":"","background-media":"","overlay-type":"","overlay-color":"","overlay-opacity":"","overlay-gradient":""}},"footnotes":""},"class_list":["post-294138","page","type-page","status-publish","has-post-thumbnail","hentry"],"yoast_head":"<!-- This site is optimized with the Yoast SEO plugin v27.5 - https:\/\/yoast.com\/product\/yoast-seo-wordpress\/ -->\n<title>Servizi di sintesi vocale - Trusted Translations, Inc.<\/title>\n<meta name=\"robots\" content=\"index, follow, max-snippet:-1, max-image-preview:large, max-video-preview:-1\" \/>\n<link rel=\"canonical\" href=\"https:\/\/www.trustedtranslations.com\/it\/servizi\/servizi-di-post-produzione-multimediale\/servizi-di-conversione-da-testo-a-voce\" \/>\n<meta property=\"og:locale\" content=\"it_IT\" \/>\n<meta property=\"og:type\" content=\"article\" \/>\n<meta property=\"og:title\" content=\"Servizi di sintesi vocale - Trusted Translations, Inc.\" \/>\n<meta property=\"og:url\" content=\"https:\/\/www.trustedtranslations.com\/it\/servizi\/servizi-di-post-produzione-multimediale\/servizi-di-conversione-da-testo-a-voce\" \/>\n<meta property=\"og:site_name\" content=\"Trusted Translations, Inc.\" \/>\n<meta property=\"article:publisher\" content=\"https:\/\/www.facebook.com\/Trusted.Translations\" \/>\n<meta property=\"article:modified_time\" content=\"2026-03-27T18:41:48+00:00\" \/>\n<meta property=\"og:image\" content=\"https:\/\/www.trustedtranslations.com\/wp-content\/uploads\/2024\/02\/TT-ICON_Human-translation.webp\" \/>\n\t<meta property=\"og:image:width\" content=\"150\" \/>\n\t<meta property=\"og:image:height\" content=\"150\" \/>\n\t<meta property=\"og:image:type\" content=\"image\/webp\" \/>\n<meta name=\"twitter:card\" content=\"summary_large_image\" \/>\n<meta name=\"twitter:site\" content=\"@TrustedT9ns\" \/>\n<script type=\"application\/ld+json\" class=\"yoast-schema-graph\">{\"@context\":\"https:\\\/\\\/schema.org\",\"@graph\":[{\"@type\":\"WebPage\",\"@id\":\"https:\\\/\\\/www.trustedtranslations.com\\\/it\\\/servizi\\\/servizi-di-post-produzione-multimediale\\\/servizi-di-conversione-da-testo-a-voce\",\"url\":\"https:\\\/\\\/www.trustedtranslations.com\\\/it\\\/servizi\\\/servizi-di-post-produzione-multimediale\\\/servizi-di-conversione-da-testo-a-voce\",\"name\":\"Servizi di sintesi vocale - Trusted Translations, Inc.\",\"isPartOf\":{\"@id\":\"https:\\\/\\\/www.trustedtranslations.com\\\/it\\\/#website\"},\"primaryImageOfPage\":{\"@id\":\"https:\\\/\\\/www.trustedtranslations.com\\\/it\\\/servizi\\\/servizi-di-post-produzione-multimediale\\\/servizi-di-conversione-da-testo-a-voce#primaryimage\"},\"image\":{\"@id\":\"https:\\\/\\\/www.trustedtranslations.com\\\/it\\\/servizi\\\/servizi-di-post-produzione-multimediale\\\/servizi-di-conversione-da-testo-a-voce#primaryimage\"},\"thumbnailUrl\":\"https:\\\/\\\/www.trustedtranslations.com\\\/wp-content\\\/uploads\\\/2024\\\/02\\\/TT-ICON_Human-translation.webp\",\"breadcrumb\":{\"@id\":\"https:\\\/\\\/www.trustedtranslations.com\\\/it\\\/servizi\\\/servizi-di-post-produzione-multimediale\\\/servizi-di-conversione-da-testo-a-voce#breadcrumb\"},\"inLanguage\":\"it-IT\",\"potentialAction\":[{\"@type\":\"ReadAction\",\"target\":[\"https:\\\/\\\/www.trustedtranslations.com\\\/it\\\/servizi\\\/servizi-di-post-produzione-multimediale\\\/servizi-di-conversione-da-testo-a-voce\"]}]},{\"@type\":\"ImageObject\",\"inLanguage\":\"it-IT\",\"@id\":\"https:\\\/\\\/www.trustedtranslations.com\\\/it\\\/servizi\\\/servizi-di-post-produzione-multimediale\\\/servizi-di-conversione-da-testo-a-voce#primaryimage\",\"url\":\"https:\\\/\\\/www.trustedtranslations.com\\\/wp-content\\\/uploads\\\/2024\\\/02\\\/TT-ICON_Human-translation.webp\",\"contentUrl\":\"https:\\\/\\\/www.trustedtranslations.com\\\/wp-content\\\/uploads\\\/2024\\\/02\\\/TT-ICON_Human-translation.webp\",\"width\":150,\"height\":150,\"caption\":\"TT ICON Human translation\"},{\"@type\":\"BreadcrumbList\",\"@id\":\"https:\\\/\\\/www.trustedtranslations.com\\\/it\\\/servizi\\\/servizi-di-post-produzione-multimediale\\\/servizi-di-conversione-da-testo-a-voce#breadcrumb\",\"itemListElement\":[{\"@type\":\"ListItem\",\"position\":1,\"name\":\"Home\",\"item\":\"https:\\\/\\\/www.trustedtranslations.com\\\/it\"},{\"@type\":\"ListItem\",\"position\":2,\"name\":\"Servizi\",\"item\":\"https:\\\/\\\/www.trustedtranslations.com\\\/it\\\/servizi\"},{\"@type\":\"ListItem\",\"position\":3,\"name\":\"Servizi di post-produzione multimediale\",\"item\":\"https:\\\/\\\/www.trustedtranslations.com\\\/it\\\/servizi\\\/servizi-di-post-produzione-multimediale\"},{\"@type\":\"ListItem\",\"position\":4,\"name\":\"Servizi di sintesi vocale\"}]},{\"@type\":\"WebSite\",\"@id\":\"https:\\\/\\\/www.trustedtranslations.com\\\/it\\\/#website\",\"url\":\"https:\\\/\\\/www.trustedtranslations.com\\\/it\\\/\",\"name\":\"Trusted Translations, Inc.\",\"description\":\"Leader in translation and interpretation services.\",\"publisher\":{\"@id\":\"https:\\\/\\\/www.trustedtranslations.com\\\/it\\\/#organization\"},\"alternateName\":\"Trusted Translations\",\"potentialAction\":[{\"@type\":\"SearchAction\",\"target\":{\"@type\":\"EntryPoint\",\"urlTemplate\":\"https:\\\/\\\/www.trustedtranslations.com\\\/it\\\/?s={search_term_string}\"},\"query-input\":{\"@type\":\"PropertyValueSpecification\",\"valueRequired\":true,\"valueName\":\"search_term_string\"}}],\"inLanguage\":\"it-IT\"},{\"@type\":\"Organization\",\"@id\":\"https:\\\/\\\/www.trustedtranslations.com\\\/it\\\/#organization\",\"name\":\"Trusted Translations\",\"alternateName\":\"Trusted Translations, Inc.\",\"url\":\"https:\\\/\\\/www.trustedtranslations.com\\\/it\\\/\",\"logo\":{\"@type\":\"ImageObject\",\"inLanguage\":\"it-IT\",\"@id\":\"https:\\\/\\\/www.trustedtranslations.com\\\/it\\\/#\\\/schema\\\/logo\\\/image\\\/\",\"url\":\"https:\\\/\\\/static.trustedtranslations.com\\\/wp-content\\\/uploads\\\/2022\\\/01\\\/TT_logo_WSIColors-2.png\",\"contentUrl\":\"https:\\\/\\\/static.trustedtranslations.com\\\/wp-content\\\/uploads\\\/2022\\\/01\\\/TT_logo_WSIColors-2.png\",\"width\":500,\"height\":196,\"caption\":\"Trusted Translations\"},\"image\":{\"@id\":\"https:\\\/\\\/www.trustedtranslations.com\\\/it\\\/#\\\/schema\\\/logo\\\/image\\\/\"},\"sameAs\":[\"https:\\\/\\\/www.facebook.com\\\/Trusted.Translations\",\"https:\\\/\\\/x.com\\\/TrustedT9ns\",\"https:\\\/\\\/www.linkedin.com\\\/company\\\/trusted-translations\"]}]}<\/script>\n<!-- \/ Yoast SEO plugin. -->","yoast_head_json":{"title":"Servizi di sintesi vocale - Trusted Translations, Inc.","robots":{"index":"index","follow":"follow","max-snippet":"max-snippet:-1","max-image-preview":"max-image-preview:large","max-video-preview":"max-video-preview:-1"},"canonical":"https:\/\/www.trustedtranslations.com\/it\/servizi\/servizi-di-post-produzione-multimediale\/servizi-di-conversione-da-testo-a-voce","og_locale":"it_IT","og_type":"article","og_title":"Servizi di sintesi vocale - Trusted Translations, Inc.","og_url":"https:\/\/www.trustedtranslations.com\/it\/servizi\/servizi-di-post-produzione-multimediale\/servizi-di-conversione-da-testo-a-voce","og_site_name":"Trusted Translations, Inc.","article_publisher":"https:\/\/www.facebook.com\/Trusted.Translations","article_modified_time":"2026-03-27T18:41:48+00:00","og_image":[{"width":150,"height":150,"url":"https:\/\/www.trustedtranslations.com\/wp-content\/uploads\/2024\/02\/TT-ICON_Human-translation.webp","type":"image\/webp"}],"twitter_card":"summary_large_image","twitter_site":"@TrustedT9ns","schema":{"@context":"https:\/\/schema.org","@graph":[{"@type":"WebPage","@id":"https:\/\/www.trustedtranslations.com\/it\/servizi\/servizi-di-post-produzione-multimediale\/servizi-di-conversione-da-testo-a-voce","url":"https:\/\/www.trustedtranslations.com\/it\/servizi\/servizi-di-post-produzione-multimediale\/servizi-di-conversione-da-testo-a-voce","name":"Servizi di sintesi vocale - Trusted Translations, Inc.","isPartOf":{"@id":"https:\/\/www.trustedtranslations.com\/it\/#website"},"primaryImageOfPage":{"@id":"https:\/\/www.trustedtranslations.com\/it\/servizi\/servizi-di-post-produzione-multimediale\/servizi-di-conversione-da-testo-a-voce#primaryimage"},"image":{"@id":"https:\/\/www.trustedtranslations.com\/it\/servizi\/servizi-di-post-produzione-multimediale\/servizi-di-conversione-da-testo-a-voce#primaryimage"},"thumbnailUrl":"https:\/\/www.trustedtranslations.com\/wp-content\/uploads\/2024\/02\/TT-ICON_Human-translation.webp","breadcrumb":{"@id":"https:\/\/www.trustedtranslations.com\/it\/servizi\/servizi-di-post-produzione-multimediale\/servizi-di-conversione-da-testo-a-voce#breadcrumb"},"inLanguage":"it-IT","potentialAction":[{"@type":"ReadAction","target":["https:\/\/www.trustedtranslations.com\/it\/servizi\/servizi-di-post-produzione-multimediale\/servizi-di-conversione-da-testo-a-voce"]}]},{"@type":"ImageObject","inLanguage":"it-IT","@id":"https:\/\/www.trustedtranslations.com\/it\/servizi\/servizi-di-post-produzione-multimediale\/servizi-di-conversione-da-testo-a-voce#primaryimage","url":"https:\/\/www.trustedtranslations.com\/wp-content\/uploads\/2024\/02\/TT-ICON_Human-translation.webp","contentUrl":"https:\/\/www.trustedtranslations.com\/wp-content\/uploads\/2024\/02\/TT-ICON_Human-translation.webp","width":150,"height":150,"caption":"TT ICON Human translation"},{"@type":"BreadcrumbList","@id":"https:\/\/www.trustedtranslations.com\/it\/servizi\/servizi-di-post-produzione-multimediale\/servizi-di-conversione-da-testo-a-voce#breadcrumb","itemListElement":[{"@type":"ListItem","position":1,"name":"Home","item":"https:\/\/www.trustedtranslations.com\/it"},{"@type":"ListItem","position":2,"name":"Servizi","item":"https:\/\/www.trustedtranslations.com\/it\/servizi"},{"@type":"ListItem","position":3,"name":"Servizi di post-produzione multimediale","item":"https:\/\/www.trustedtranslations.com\/it\/servizi\/servizi-di-post-produzione-multimediale"},{"@type":"ListItem","position":4,"name":"Servizi di sintesi vocale"}]},{"@type":"WebSite","@id":"https:\/\/www.trustedtranslations.com\/it\/#website","url":"https:\/\/www.trustedtranslations.com\/it\/","name":"Trusted Translations, Inc.","description":"Leader in translation and interpretation services.","publisher":{"@id":"https:\/\/www.trustedtranslations.com\/it\/#organization"},"alternateName":"Trusted Translations","potentialAction":[{"@type":"SearchAction","target":{"@type":"EntryPoint","urlTemplate":"https:\/\/www.trustedtranslations.com\/it\/?s={search_term_string}"},"query-input":{"@type":"PropertyValueSpecification","valueRequired":true,"valueName":"search_term_string"}}],"inLanguage":"it-IT"},{"@type":"Organization","@id":"https:\/\/www.trustedtranslations.com\/it\/#organization","name":"Trusted Translations","alternateName":"Trusted Translations, Inc.","url":"https:\/\/www.trustedtranslations.com\/it\/","logo":{"@type":"ImageObject","inLanguage":"it-IT","@id":"https:\/\/www.trustedtranslations.com\/it\/#\/schema\/logo\/image\/","url":"https:\/\/static.trustedtranslations.com\/wp-content\/uploads\/2022\/01\/TT_logo_WSIColors-2.png","contentUrl":"https:\/\/static.trustedtranslations.com\/wp-content\/uploads\/2022\/01\/TT_logo_WSIColors-2.png","width":500,"height":196,"caption":"Trusted Translations"},"image":{"@id":"https:\/\/www.trustedtranslations.com\/it\/#\/schema\/logo\/image\/"},"sameAs":["https:\/\/www.facebook.com\/Trusted.Translations","https:\/\/x.com\/TrustedT9ns","https:\/\/www.linkedin.com\/company\/trusted-translations"]}]}},"toolset-meta":{"dyk":{"mensaje-1":{"type":"textfield","raw":"La tecnologia di sintesi vocale converte gli scripti in una narrazione dal suono naturale, aiutando i team a produrre pi\u00f9 velocemente audio multilingue."},"mensaje-2":{"type":"textfield","raw":"La sintesi vocale \u00e8 ideale per moduli di formazione, contenuti di eLearning e video didattici che richiedono una trasmissione vocale coerente in tutte le lingue."},"mensaje-3":{"type":"textfield","raw":"La narrazione generata dall\u2019intelligenza artificiale pu\u00f2 ridurre i tempi di produzione, mantenendo al contempo chiarezza, precisione di pronuncia e output audio scalabile."},"mensaje-4":{"type":"textfield","raw":"La sintesi vocale consente di aggiornare facilmente i contenuti audio: basta rivedere lo script anzich\u00e9 dover registrare nuovamente un'intera sessione."},"mensaje-5":{"type":"textfield","raw":""},"mensaje-6":{"type":"textfield","raw":""}},"single-page-template-fields":{"imgs-temp":{"type":"image","raw":["https:\/\/www.trustedtranslations.com\/wp-content\/uploads\/2026\/02\/text-to-voice.webp"],"repeatable":[{"raw":"https:\/\/www.trustedtranslations.com\/wp-content\/uploads\/2026\/02\/text-to-voice.webp","attachment_id":293638}]},"imgs-temp-cel":{"type":"image","raw":[""],"repeatable":[{"raw":""}]},"img-temp-one-cel":{"type":"image","raw":"","attachment_id":null},"quotes":{"type":"textarea","raw":"<h1 style=\"margin-bottom: 12px;\">Servizi di sintesi vocale<\/h1>Trusted Translations fornisce servizi di sintesi vocale per aiutarvi a produrre narrazioni multilingue in modo rapido e coerente. Questa soluzione \u00e8 ideale per contenuti con script che necessitano di un output vocale scalabile, mantenendo al contempo la chiarezza, il controllo della terminologia e risultati professionali. <div style=\"margin-top: 2.5vw;\"><a class=\"tt-btn-main-cta\" href=\"\/it\/quote\">Richiedi un preventivo gratuito<\/a><\/div>"},"text-1":{"type":"textarea","raw":"<h3>Output vocale veloce per contenuti scalabili<\/h3>\r\n\r\n<p>La sintesi vocale \u00e8 una soluzione pratica quando si ha bisogno di produrre rapidamente una narrazione in pi\u00f9 lingue. Funziona particolarmente bene per progetti con script, come contenuti di formazione, aggiornamenti interni, materiali didattici e flussi di lavoro multimediali ripetibili.<\/p>\r\n\r\n<p>Trusted Translations supporta i progetti di sintesi vocale tramite la revisione umana per migliorare la chiarezza, la pronuncia e la coerenza terminologica.<\/p>\r\n\r\n<h3>Cosa ricevete<\/h3>\r\n\r\n<p>Trusted Translations fornisce file di sintesi vocale progettati per supportare flussi di produzione reali, tra cui:<\/p>\r\n\r\n<ul>\r\n  <li>Output vocale multilingue basato sui vostri script<\/li>\r\n  <li>Chiarezza e pronuncia migliorate tramite revisione umana<\/li>\r\n  <li>Terminologia coerente nei progetti ricorrenti<\/li>\r\n  <li>Prodotti pronti per la produzione in base alle vostre specifiche<\/li>\r\n<\/ul>\r\n\r\n<h3>Qualit\u00e0 e riservatezza<\/h3>\r\n\r\n<p>Trusted Translations rispetta rigorosi standard di riservatezza e qualit\u00e0 in ogni progetto di sintesi vocale. Il nostro team si concentra sull\u2019accuratezza, la coerenza e la formattazione professionale per garantire che i prodotti siano adatti alla distribuzione interna o all\u2019utilizzo per la produzione.<\/p>\r\n\r\n<p>I nostri processi sono conformi agli standard ISO 9001; ci\u00f2 garantisce l\u2019applicazione delle <i>best practices<\/i> per la gestione della qualit\u00e0, l'accuratezza della traduzione e il post-editing in tutti i flussi di lavoro di sintesi vocale.<\/p>"},"shortcode-map":{"type":"textfield","raw":""},"dyk-shortcode":{"type":"textfield","raw":"[elementor-template id=\"146751\"]"},"text-2":{"type":"textarea","raw":"<h2>Come la sintesi vocale supporta la produzione di contenuti<\/h2>\r\n\r\n<p>La sintesi vocale \u00e8 la soluzione ideale quando si hanno gi\u00e0 degli script e si ha bisogno di una narrazione veloce, senza la complessit\u00e0 legata ai flussi di lavoro completi del doppiaggio. In base alle esigenze di produzione, questo approccio consente di scalare i contenuti multilingue in modo efficiente, mantenendo al contempo la coerenza tra aggiornamenti e revisioni.<\/p>\r\n\r\n<p>La sintesi vocale viene spesso utilizzata per:<\/p>\r\n\r\n<ul>\r\n  <li>Moduli di formazione ed eLearning per team globali<\/li>\r\n  <li>Comunicazioni interne per organizzazioni multilingue<\/li>\r\n  <li>Contenuti didattici e di onboarding con narrazione basata su script<\/li>\r\n  <li>Librerie di contenuti ricorrenti che richiedono una produzione scalabile<\/li>\r\n  <li>Progetti in cui velocit\u00e0, coerenza e consegna multilingue sono le priorit\u00e0<\/li>\r\n<\/ul>\r\n\r\n<p>I progetti di sintesi vocale richiedono spesso un buon equilibrio tra team addetti ai contenuti, standard linguistici e tempi di produzione. Trusted Translations supporta tale processo fornendo flussi di lavoro strutturati, risultati chiari e una supervisione linguistica che si adatta agli ambienti di produzione esistenti.<\/p>\r\n\r\n<p>Questo approccio consente alle organizzazioni di ampliare la narrazione multilingue mantenendo la coerenza, la chiarezza e il controllo sugli aggiornamenti dei contenuti.<\/p>"},"state":{"type":"textfield","raw":""},"city":{"type":"textarea","raw":[""]}}},"_links":{"self":[{"href":"https:\/\/www.trustedtranslations.com\/it\/wp-json\/wp\/v2\/pages\/294138","targetHints":{"allow":["GET"]}}],"collection":[{"href":"https:\/\/www.trustedtranslations.com\/it\/wp-json\/wp\/v2\/pages"}],"about":[{"href":"https:\/\/www.trustedtranslations.com\/it\/wp-json\/wp\/v2\/types\/page"}],"author":[{"embeddable":true,"href":"https:\/\/www.trustedtranslations.com\/it\/wp-json\/wp\/v2\/users\/1"}],"replies":[{"embeddable":true,"href":"https:\/\/www.trustedtranslations.com\/it\/wp-json\/wp\/v2\/comments?post=294138"}],"version-history":[{"count":2,"href":"https:\/\/www.trustedtranslations.com\/it\/wp-json\/wp\/v2\/pages\/294138\/revisions"}],"predecessor-version":[{"id":294663,"href":"https:\/\/www.trustedtranslations.com\/it\/wp-json\/wp\/v2\/pages\/294138\/revisions\/294663"}],"up":[{"embeddable":true,"href":"https:\/\/www.trustedtranslations.com\/it\/wp-json\/wp\/v2\/pages\/294098"}],"wp:featuredmedia":[{"embeddable":true,"href":"https:\/\/www.trustedtranslations.com\/it\/wp-json\/wp\/v2\/media\/235824"}],"wp:attachment":[{"href":"https:\/\/www.trustedtranslations.com\/it\/wp-json\/wp\/v2\/media?parent=294138"}],"curies":[{"name":"wp","href":"https:\/\/api.w.org\/{rel}","templated":true}]}}