{"id":294158,"date":"2026-03-12T12:14:04","date_gmt":"2026-03-12T15:14:04","guid":{"rendered":"https:\/\/www.trustedtranslations.com\/?page_id=294158"},"modified":"2026-03-27T15:45:47","modified_gmt":"2026-03-27T18:45:47","slug":"doppiaggio-generato-dallia-con-revisione-umana","status":"publish","type":"page","link":"https:\/\/www.trustedtranslations.com\/it\/servizi\/servizi-di-post-produzione-multimediale\/servizi-di-doppiaggio\/doppiaggio-generato-dallia-con-revisione-umana","title":{"rendered":"Doppiaggio generato dall\u2019IA con revisione umana"},"content":{"rendered":"","protected":false},"excerpt":{"rendered":"","protected":false},"author":1,"featured_media":248070,"parent":294113,"menu_order":0,"comment_status":"closed","ping_status":"closed","template":"","meta":{"site-sidebar-layout":"default","site-content-layout":"","ast-site-content-layout":"default","site-content-style":"default","site-sidebar-style":"default","ast-global-header-display":"","ast-banner-title-visibility":"","ast-main-header-display":"","ast-hfb-above-header-display":"","ast-hfb-below-header-display":"","ast-hfb-mobile-header-display":"","site-post-title":"","ast-breadcrumbs-content":"","ast-featured-img":"","footer-sml-layout":"","ast-disable-related-posts":"","theme-transparent-header-meta":"default","adv-header-id-meta":"","stick-header-meta":"","header-above-stick-meta":"","header-main-stick-meta":"","header-below-stick-meta":"","astra-migrate-meta-layouts":"set","ast-page-background-enabled":"default","ast-page-background-meta":{"desktop":{"background-color":"var(--ast-global-color-4)","background-image":"","background-repeat":"repeat","background-position":"center center","background-size":"auto","background-attachment":"scroll","background-type":"","background-media":"","overlay-type":"","overlay-color":"","overlay-opacity":"","overlay-gradient":""},"tablet":{"background-color":"","background-image":"","background-repeat":"repeat","background-position":"center center","background-size":"auto","background-attachment":"scroll","background-type":"","background-media":"","overlay-type":"","overlay-color":"","overlay-opacity":"","overlay-gradient":""},"mobile":{"background-color":"","background-image":"","background-repeat":"repeat","background-position":"center center","background-size":"auto","background-attachment":"scroll","background-type":"","background-media":"","overlay-type":"","overlay-color":"","overlay-opacity":"","overlay-gradient":""}},"ast-content-background-meta":{"desktop":{"background-color":"var(--ast-global-color-5)","background-image":"","background-repeat":"repeat","background-position":"center center","background-size":"auto","background-attachment":"scroll","background-type":"","background-media":"","overlay-type":"","overlay-color":"","overlay-opacity":"","overlay-gradient":""},"tablet":{"background-color":"var(--ast-global-color-5)","background-image":"","background-repeat":"repeat","background-position":"center center","background-size":"auto","background-attachment":"scroll","background-type":"","background-media":"","overlay-type":"","overlay-color":"","overlay-opacity":"","overlay-gradient":""},"mobile":{"background-color":"var(--ast-global-color-5)","background-image":"","background-repeat":"repeat","background-position":"center center","background-size":"auto","background-attachment":"scroll","background-type":"","background-media":"","overlay-type":"","overlay-color":"","overlay-opacity":"","overlay-gradient":""}},"footnotes":""},"class_list":["post-294158","page","type-page","status-publish","has-post-thumbnail","hentry"],"yoast_head":"<!-- This site is optimized with the Yoast SEO plugin v27.5 - https:\/\/yoast.com\/product\/yoast-seo-wordpress\/ -->\n<title>Doppiaggio generato dall\u2019IA con revisione umana - Trusted Translations, Inc.<\/title>\n<meta name=\"robots\" content=\"index, follow, max-snippet:-1, max-image-preview:large, max-video-preview:-1\" \/>\n<link rel=\"canonical\" href=\"https:\/\/www.trustedtranslations.com\/it\/servizi\/servizi-di-post-produzione-multimediale\/servizi-di-doppiaggio\/doppiaggio-generato-dallia-con-revisione-umana\" \/>\n<meta property=\"og:locale\" content=\"it_IT\" \/>\n<meta property=\"og:type\" content=\"article\" \/>\n<meta property=\"og:title\" content=\"Doppiaggio generato dall\u2019IA con revisione umana - Trusted Translations, Inc.\" \/>\n<meta property=\"og:url\" content=\"https:\/\/www.trustedtranslations.com\/it\/servizi\/servizi-di-post-produzione-multimediale\/servizi-di-doppiaggio\/doppiaggio-generato-dallia-con-revisione-umana\" \/>\n<meta property=\"og:site_name\" content=\"Trusted Translations, Inc.\" \/>\n<meta property=\"article:publisher\" content=\"https:\/\/www.facebook.com\/Trusted.Translations\" \/>\n<meta property=\"article:modified_time\" content=\"2026-03-27T18:45:47+00:00\" \/>\n<meta property=\"og:image\" content=\"https:\/\/www.trustedtranslations.com\/wp-content\/uploads\/2024\/02\/Recurso-9-1.png\" \/>\n\t<meta property=\"og:image:width\" content=\"150\" \/>\n\t<meta property=\"og:image:height\" content=\"150\" \/>\n\t<meta property=\"og:image:type\" content=\"image\/png\" \/>\n<meta name=\"twitter:card\" content=\"summary_large_image\" \/>\n<meta name=\"twitter:site\" content=\"@TrustedT9ns\" \/>\n<script type=\"application\/ld+json\" class=\"yoast-schema-graph\">{\"@context\":\"https:\\\/\\\/schema.org\",\"@graph\":[{\"@type\":\"WebPage\",\"@id\":\"https:\\\/\\\/www.trustedtranslations.com\\\/it\\\/servizi\\\/servizi-di-post-produzione-multimediale\\\/servizi-di-doppiaggio\\\/doppiaggio-generato-dallia-con-revisione-umana\",\"url\":\"https:\\\/\\\/www.trustedtranslations.com\\\/it\\\/servizi\\\/servizi-di-post-produzione-multimediale\\\/servizi-di-doppiaggio\\\/doppiaggio-generato-dallia-con-revisione-umana\",\"name\":\"Doppiaggio generato dall\u2019IA con revisione umana - Trusted Translations, Inc.\",\"isPartOf\":{\"@id\":\"https:\\\/\\\/www.trustedtranslations.com\\\/it\\\/#website\"},\"primaryImageOfPage\":{\"@id\":\"https:\\\/\\\/www.trustedtranslations.com\\\/it\\\/servizi\\\/servizi-di-post-produzione-multimediale\\\/servizi-di-doppiaggio\\\/doppiaggio-generato-dallia-con-revisione-umana#primaryimage\"},\"image\":{\"@id\":\"https:\\\/\\\/www.trustedtranslations.com\\\/it\\\/servizi\\\/servizi-di-post-produzione-multimediale\\\/servizi-di-doppiaggio\\\/doppiaggio-generato-dallia-con-revisione-umana#primaryimage\"},\"thumbnailUrl\":\"https:\\\/\\\/www.trustedtranslations.com\\\/wp-content\\\/uploads\\\/2024\\\/02\\\/Recurso-9-1.png\",\"breadcrumb\":{\"@id\":\"https:\\\/\\\/www.trustedtranslations.com\\\/it\\\/servizi\\\/servizi-di-post-produzione-multimediale\\\/servizi-di-doppiaggio\\\/doppiaggio-generato-dallia-con-revisione-umana#breadcrumb\"},\"inLanguage\":\"it-IT\",\"potentialAction\":[{\"@type\":\"ReadAction\",\"target\":[\"https:\\\/\\\/www.trustedtranslations.com\\\/it\\\/servizi\\\/servizi-di-post-produzione-multimediale\\\/servizi-di-doppiaggio\\\/doppiaggio-generato-dallia-con-revisione-umana\"]}]},{\"@type\":\"ImageObject\",\"inLanguage\":\"it-IT\",\"@id\":\"https:\\\/\\\/www.trustedtranslations.com\\\/it\\\/servizi\\\/servizi-di-post-produzione-multimediale\\\/servizi-di-doppiaggio\\\/doppiaggio-generato-dallia-con-revisione-umana#primaryimage\",\"url\":\"https:\\\/\\\/www.trustedtranslations.com\\\/wp-content\\\/uploads\\\/2024\\\/02\\\/Recurso-9-1.png\",\"contentUrl\":\"https:\\\/\\\/www.trustedtranslations.com\\\/wp-content\\\/uploads\\\/2024\\\/02\\\/Recurso-9-1.png\",\"width\":150,\"height\":150,\"caption\":\"Recurso 9 1\"},{\"@type\":\"BreadcrumbList\",\"@id\":\"https:\\\/\\\/www.trustedtranslations.com\\\/it\\\/servizi\\\/servizi-di-post-produzione-multimediale\\\/servizi-di-doppiaggio\\\/doppiaggio-generato-dallia-con-revisione-umana#breadcrumb\",\"itemListElement\":[{\"@type\":\"ListItem\",\"position\":1,\"name\":\"Home\",\"item\":\"https:\\\/\\\/www.trustedtranslations.com\\\/it\"},{\"@type\":\"ListItem\",\"position\":2,\"name\":\"Servizi\",\"item\":\"https:\\\/\\\/www.trustedtranslations.com\\\/it\\\/servizi\"},{\"@type\":\"ListItem\",\"position\":3,\"name\":\"Servizi di post-produzione multimediale\",\"item\":\"https:\\\/\\\/www.trustedtranslations.com\\\/it\\\/servizi\\\/servizi-di-post-produzione-multimediale\"},{\"@type\":\"ListItem\",\"position\":4,\"name\":\"Servizi di doppiaggio\",\"item\":\"https:\\\/\\\/www.trustedtranslations.com\\\/it\\\/services\\\/%e3%83%a1%e3%83%87%e3%82%a3%e3%82%a2%e3%83%9d%e3%82%b9%e3%83%88%e3%83%97%e3%83%ad%e3%83%80%e3%82%af%e3%82%b7%e3%83%a7%e3%83%b3%e3%82%b5%e3%83%bc%e3%83%93%e3%82%b9\\\/%e5%90%b9%e3%81%8d%e6%9b%bf%e3%81%88%e3%82%b5%e3%83%bc%e3%83%93%e3%82%b9\"},{\"@type\":\"ListItem\",\"position\":5,\"name\":\"Doppiaggio generato dall\u2019IA con revisione umana\"}]},{\"@type\":\"WebSite\",\"@id\":\"https:\\\/\\\/www.trustedtranslations.com\\\/it\\\/#website\",\"url\":\"https:\\\/\\\/www.trustedtranslations.com\\\/it\\\/\",\"name\":\"Trusted Translations, Inc.\",\"description\":\"Leader in translation and interpretation services.\",\"publisher\":{\"@id\":\"https:\\\/\\\/www.trustedtranslations.com\\\/it\\\/#organization\"},\"alternateName\":\"Trusted Translations\",\"potentialAction\":[{\"@type\":\"SearchAction\",\"target\":{\"@type\":\"EntryPoint\",\"urlTemplate\":\"https:\\\/\\\/www.trustedtranslations.com\\\/it\\\/?s={search_term_string}\"},\"query-input\":{\"@type\":\"PropertyValueSpecification\",\"valueRequired\":true,\"valueName\":\"search_term_string\"}}],\"inLanguage\":\"it-IT\"},{\"@type\":\"Organization\",\"@id\":\"https:\\\/\\\/www.trustedtranslations.com\\\/it\\\/#organization\",\"name\":\"Trusted Translations\",\"alternateName\":\"Trusted Translations, Inc.\",\"url\":\"https:\\\/\\\/www.trustedtranslations.com\\\/it\\\/\",\"logo\":{\"@type\":\"ImageObject\",\"inLanguage\":\"it-IT\",\"@id\":\"https:\\\/\\\/www.trustedtranslations.com\\\/it\\\/#\\\/schema\\\/logo\\\/image\\\/\",\"url\":\"https:\\\/\\\/static.trustedtranslations.com\\\/wp-content\\\/uploads\\\/2022\\\/01\\\/TT_logo_WSIColors-2.png\",\"contentUrl\":\"https:\\\/\\\/static.trustedtranslations.com\\\/wp-content\\\/uploads\\\/2022\\\/01\\\/TT_logo_WSIColors-2.png\",\"width\":500,\"height\":196,\"caption\":\"Trusted Translations\"},\"image\":{\"@id\":\"https:\\\/\\\/www.trustedtranslations.com\\\/it\\\/#\\\/schema\\\/logo\\\/image\\\/\"},\"sameAs\":[\"https:\\\/\\\/www.facebook.com\\\/Trusted.Translations\",\"https:\\\/\\\/x.com\\\/TrustedT9ns\",\"https:\\\/\\\/www.linkedin.com\\\/company\\\/trusted-translations\"]}]}<\/script>\n<!-- \/ Yoast SEO plugin. -->","yoast_head_json":{"title":"Doppiaggio generato dall\u2019IA con revisione umana - Trusted Translations, Inc.","robots":{"index":"index","follow":"follow","max-snippet":"max-snippet:-1","max-image-preview":"max-image-preview:large","max-video-preview":"max-video-preview:-1"},"canonical":"https:\/\/www.trustedtranslations.com\/it\/servizi\/servizi-di-post-produzione-multimediale\/servizi-di-doppiaggio\/doppiaggio-generato-dallia-con-revisione-umana","og_locale":"it_IT","og_type":"article","og_title":"Doppiaggio generato dall\u2019IA con revisione umana - Trusted Translations, Inc.","og_url":"https:\/\/www.trustedtranslations.com\/it\/servizi\/servizi-di-post-produzione-multimediale\/servizi-di-doppiaggio\/doppiaggio-generato-dallia-con-revisione-umana","og_site_name":"Trusted Translations, Inc.","article_publisher":"https:\/\/www.facebook.com\/Trusted.Translations","article_modified_time":"2026-03-27T18:45:47+00:00","og_image":[{"width":150,"height":150,"url":"https:\/\/www.trustedtranslations.com\/wp-content\/uploads\/2024\/02\/Recurso-9-1.png","type":"image\/png"}],"twitter_card":"summary_large_image","twitter_site":"@TrustedT9ns","schema":{"@context":"https:\/\/schema.org","@graph":[{"@type":"WebPage","@id":"https:\/\/www.trustedtranslations.com\/it\/servizi\/servizi-di-post-produzione-multimediale\/servizi-di-doppiaggio\/doppiaggio-generato-dallia-con-revisione-umana","url":"https:\/\/www.trustedtranslations.com\/it\/servizi\/servizi-di-post-produzione-multimediale\/servizi-di-doppiaggio\/doppiaggio-generato-dallia-con-revisione-umana","name":"Doppiaggio generato dall\u2019IA con revisione umana - Trusted Translations, Inc.","isPartOf":{"@id":"https:\/\/www.trustedtranslations.com\/it\/#website"},"primaryImageOfPage":{"@id":"https:\/\/www.trustedtranslations.com\/it\/servizi\/servizi-di-post-produzione-multimediale\/servizi-di-doppiaggio\/doppiaggio-generato-dallia-con-revisione-umana#primaryimage"},"image":{"@id":"https:\/\/www.trustedtranslations.com\/it\/servizi\/servizi-di-post-produzione-multimediale\/servizi-di-doppiaggio\/doppiaggio-generato-dallia-con-revisione-umana#primaryimage"},"thumbnailUrl":"https:\/\/www.trustedtranslations.com\/wp-content\/uploads\/2024\/02\/Recurso-9-1.png","breadcrumb":{"@id":"https:\/\/www.trustedtranslations.com\/it\/servizi\/servizi-di-post-produzione-multimediale\/servizi-di-doppiaggio\/doppiaggio-generato-dallia-con-revisione-umana#breadcrumb"},"inLanguage":"it-IT","potentialAction":[{"@type":"ReadAction","target":["https:\/\/www.trustedtranslations.com\/it\/servizi\/servizi-di-post-produzione-multimediale\/servizi-di-doppiaggio\/doppiaggio-generato-dallia-con-revisione-umana"]}]},{"@type":"ImageObject","inLanguage":"it-IT","@id":"https:\/\/www.trustedtranslations.com\/it\/servizi\/servizi-di-post-produzione-multimediale\/servizi-di-doppiaggio\/doppiaggio-generato-dallia-con-revisione-umana#primaryimage","url":"https:\/\/www.trustedtranslations.com\/wp-content\/uploads\/2024\/02\/Recurso-9-1.png","contentUrl":"https:\/\/www.trustedtranslations.com\/wp-content\/uploads\/2024\/02\/Recurso-9-1.png","width":150,"height":150,"caption":"Recurso 9 1"},{"@type":"BreadcrumbList","@id":"https:\/\/www.trustedtranslations.com\/it\/servizi\/servizi-di-post-produzione-multimediale\/servizi-di-doppiaggio\/doppiaggio-generato-dallia-con-revisione-umana#breadcrumb","itemListElement":[{"@type":"ListItem","position":1,"name":"Home","item":"https:\/\/www.trustedtranslations.com\/it"},{"@type":"ListItem","position":2,"name":"Servizi","item":"https:\/\/www.trustedtranslations.com\/it\/servizi"},{"@type":"ListItem","position":3,"name":"Servizi di post-produzione multimediale","item":"https:\/\/www.trustedtranslations.com\/it\/servizi\/servizi-di-post-produzione-multimediale"},{"@type":"ListItem","position":4,"name":"Servizi di doppiaggio","item":"https:\/\/www.trustedtranslations.com\/it\/services\/%e3%83%a1%e3%83%87%e3%82%a3%e3%82%a2%e3%83%9d%e3%82%b9%e3%83%88%e3%83%97%e3%83%ad%e3%83%80%e3%82%af%e3%82%b7%e3%83%a7%e3%83%b3%e3%82%b5%e3%83%bc%e3%83%93%e3%82%b9\/%e5%90%b9%e3%81%8d%e6%9b%bf%e3%81%88%e3%82%b5%e3%83%bc%e3%83%93%e3%82%b9"},{"@type":"ListItem","position":5,"name":"Doppiaggio generato dall\u2019IA con revisione umana"}]},{"@type":"WebSite","@id":"https:\/\/www.trustedtranslations.com\/it\/#website","url":"https:\/\/www.trustedtranslations.com\/it\/","name":"Trusted Translations, Inc.","description":"Leader in translation and interpretation services.","publisher":{"@id":"https:\/\/www.trustedtranslations.com\/it\/#organization"},"alternateName":"Trusted Translations","potentialAction":[{"@type":"SearchAction","target":{"@type":"EntryPoint","urlTemplate":"https:\/\/www.trustedtranslations.com\/it\/?s={search_term_string}"},"query-input":{"@type":"PropertyValueSpecification","valueRequired":true,"valueName":"search_term_string"}}],"inLanguage":"it-IT"},{"@type":"Organization","@id":"https:\/\/www.trustedtranslations.com\/it\/#organization","name":"Trusted Translations","alternateName":"Trusted Translations, Inc.","url":"https:\/\/www.trustedtranslations.com\/it\/","logo":{"@type":"ImageObject","inLanguage":"it-IT","@id":"https:\/\/www.trustedtranslations.com\/it\/#\/schema\/logo\/image\/","url":"https:\/\/static.trustedtranslations.com\/wp-content\/uploads\/2022\/01\/TT_logo_WSIColors-2.png","contentUrl":"https:\/\/static.trustedtranslations.com\/wp-content\/uploads\/2022\/01\/TT_logo_WSIColors-2.png","width":500,"height":196,"caption":"Trusted Translations"},"image":{"@id":"https:\/\/www.trustedtranslations.com\/it\/#\/schema\/logo\/image\/"},"sameAs":["https:\/\/www.facebook.com\/Trusted.Translations","https:\/\/x.com\/TrustedT9ns","https:\/\/www.linkedin.com\/company\/trusted-translations"]}]}},"toolset-meta":{"dyk":{"mensaje-1":{"type":"textfield","raw":"Il doppiaggio generato dall\u2019IA combina la generazione automatica della voce con la revisione linguistica umana per migliorare la pronuncia, il tono e l'accuratezza del messaggio."},"mensaje-2":{"type":"textfield","raw":"Il doppiaggio generato dall\u2019IA e revisionato da esseri umani aiuta a mantenere la coerenza del tono del marchio in pi\u00f9 lingue e nei contenuti video ricorrenti."},"mensaje-3":{"type":"textfield","raw":"Questa opzione pu\u00f2 ridurre significativamente i tempi di produzione, consentendo comunque il controllo della qualit\u00e0 tramite post-editing e supervisione linguistica."},"mensaje-4":{"type":"textfield","raw":"\u00c8 la scelta ideale per contenuti di formazione, comunicazioni aziendali e flussi di lavoro video multilingue scalabili."},"mensaje-5":{"type":"textfield","raw":""},"mensaje-6":{"type":"textfield","raw":""}},"single-page-template-fields":{"imgs-temp":{"type":"image","raw":["https:\/\/www.trustedtranslations.com\/wp-content\/uploads\/2026\/02\/ai-review.webp"],"repeatable":[{"raw":"https:\/\/www.trustedtranslations.com\/wp-content\/uploads\/2026\/02\/ai-review.webp","attachment_id":293650}]},"imgs-temp-cel":{"type":"image","raw":[""],"repeatable":[{"raw":""}]},"img-temp-one-cel":{"type":"image","raw":"","attachment_id":null},"quotes":{"type":"textarea","raw":"<h1 style=\"margin-bottom: 12px;\">Doppiaggio generato dall\u2019IA con revisione umana<\/h1>Trusted Translations offre doppiaggio vocale generato dall'intelligenza artificiale con revisione umana come alternativa dal prezzo conveniente per la produzione di audio multilingue. Questo servizio \u00e8 pensato per i progetti in cui la velocit\u00e0 e la scalabilit\u00e0 sono le priorit\u00e0, mantenendo comunque la supervisione linguistica e il controllo di qualit\u00e0. \r\n\r\nIl doppiaggio generato dall\u2019IA con revisione umana viene offerto come opzione alternativa al doppiaggio umano, se supportato dai requisiti linguistici e del contenuto originale. <div style=\"margin-top: 2.5vw;\"><a class=\"tt-btn-main-cta\" href=\"\/it\/quote\">Richiedi un preventivo gratuito<\/a><\/div>"},"text-1":{"type":"textarea","raw":"<h2>Doppiaggio generato dall\u2019IA scalabile con supervisione umana<\/h2>\r\n\r\n<p>Il doppiaggio generato dall\u2019IA utilizza un discorso sintetico generato a partire dalla fonte audio o video originale. Questo approccio consente tempi di consegna pi\u00f9 rapidi e costi ridotti rispetto alle voci fuori campo registrate in studio.<\/p>\r\n\r\n<p>Trusted Translations lavora esclusivamente a partire dal file multimediale originale. Il doppiaggio generato dall\u2019IA non \u00e8 consigliato quando la qualit\u00e0 audio della fonte impedisce una trascrizione o un allineamento accurati. La fattibilit\u00e0 del progetto viene valutata caso per caso dagli specialisti della post-produzione.<\/p>\r\n\r\n<p>\u00c8 importante notare che le voci generate dall\u2019IA, anche con la revisione umana, non raggiungono la stessa qualit\u00e0 audio o lo stesso livello di prestazioni delle voci umane registrate in studio.<\/p>\r\n\r\n<h3>Cosa ricevete<\/h3>\r\n\r\n<p>Trusted Translations fornisce output di doppiaggio vocale generato dall'IA e sottoposto a revisione umana, tra cui:<\/p>\r\n\r\n<ul>\r\n  <li>Narrazione vocale generata dall'IA nella lingua di destinazione<\/li>\r\n  <li>Revisione umana dell'accuratezza della trascrizione<\/li>\r\n  <li>Revisione umana dell'accuratezza della traduzione<\/li>\r\n  <li>Revisione della pronuncia, del ritmo e dei problemi udibili<\/li>\r\n  <li>Correzione selettiva o rigenerazione dei segmenti problematici<\/li>\r\n  <li>Consegna di video con solo audio o doppiati<\/li>\r\n<\/ul>\r\n\r\n<p>Su richiesta, \u00e8 possibile fornire anche file di sottotitoli facoltativi nella lingua di destinazione.<\/p>\r\n\r\n<h3>Qualit\u00e0 e riservatezza<\/h3>\r\n\r\n<p>Trusted Translations applica rigorosi standard di riservatezza e qualit\u00e0 a tutti i progetti di doppiaggio generato dall\u2019IA. La revisione umana \u00e8 integrata nel flusso di lavoro per garantire l'accuratezza linguistica e la coerenza dei contenuti.<\/p>\r\n\r\n<p>I nostri processi sono conformi agli standard ISO 9001, ISO 17100 e ISO 18587; ci\u00f2 garantisce l\u2019applicazione delle <i>best practices<\/i> per la gestione della qualit\u00e0, l'accuratezza della traduzione e il post-editing nei flussi di lavoro di doppiaggio assistito dall\u2019IA.<\/p>"},"shortcode-map":{"type":"textfield","raw":""},"dyk-shortcode":{"type":"textfield","raw":"[elementor-template id=\"146751\"]"},"text-2":{"type":"textarea","raw":"<h2>Come il doppiaggio generato dall\u2019IA si adatta alle esigenze di produzione<\/h2>\r\n\r\n<p>Il doppiaggio generato dall\u2019IA con revisione umana \u00e8 adatto quando i progetti richiedono tempi di consegna pi\u00f9 rapidi, budget controllati e distribuzione multilingue scalabile. Solitamente viene offerto come alternativa al doppiaggio con voce umana, consentendo alle aziende di scegliere l'approccio pi\u00f9 adatto ai propri obiettivi di produzione.<\/p>\r\n\r\n<p>Questo servizio viene spesso utilizzato per:<\/p>\r\n\r\n<ul>\r\n  <li>Formazione interna e contenuti informativi<\/li>\r\n  <li>Ampie librerie di contenuti con aggiornamenti frequenti<\/li>\r\n  <li>Progetti che richiedono un rapido lancio multilingue<\/li>\r\n  <li>Contenuti in cui la velocit\u00e0 e la scalabilit\u00e0 sono prioritarie rispetto alle sfumature<\/li>\r\n<\/ul>\r\n\r\n<p>I progetti di doppiaggio generato dall\u2019IA richiedono un'attenta valutazione della qualit\u00e0 della fonte audio, dell\u2019assistenza linguistico e delle aspettative sul prodotto finale. Trusted Translations gestisce questo processo attraverso flussi di lavoro definiti e revisione umana, garantendo che l'output generato dall'IA soddisfi gli standard professionali e si integri senza problemi negli ambienti di produzione esistenti.<\/p>"},"state":{"type":"textfield","raw":""},"city":{"type":"textarea","raw":[""]}}},"_links":{"self":[{"href":"https:\/\/www.trustedtranslations.com\/it\/wp-json\/wp\/v2\/pages\/294158","targetHints":{"allow":["GET"]}}],"collection":[{"href":"https:\/\/www.trustedtranslations.com\/it\/wp-json\/wp\/v2\/pages"}],"about":[{"href":"https:\/\/www.trustedtranslations.com\/it\/wp-json\/wp\/v2\/types\/page"}],"author":[{"embeddable":true,"href":"https:\/\/www.trustedtranslations.com\/it\/wp-json\/wp\/v2\/users\/1"}],"replies":[{"embeddable":true,"href":"https:\/\/www.trustedtranslations.com\/it\/wp-json\/wp\/v2\/comments?post=294158"}],"version-history":[{"count":1,"href":"https:\/\/www.trustedtranslations.com\/it\/wp-json\/wp\/v2\/pages\/294158\/revisions"}],"predecessor-version":[{"id":294241,"href":"https:\/\/www.trustedtranslations.com\/it\/wp-json\/wp\/v2\/pages\/294158\/revisions\/294241"}],"up":[{"embeddable":true,"href":"https:\/\/www.trustedtranslations.com\/it\/wp-json\/wp\/v2\/pages\/294113"}],"wp:featuredmedia":[{"embeddable":true,"href":"https:\/\/www.trustedtranslations.com\/it\/wp-json\/wp\/v2\/media\/248070"}],"wp:attachment":[{"href":"https:\/\/www.trustedtranslations.com\/it\/wp-json\/wp\/v2\/media?parent=294158"}],"curies":[{"name":"wp","href":"https:\/\/api.w.org\/{rel}","templated":true}]}}