{"id":294423,"date":"2026-03-18T16:41:56","date_gmt":"2026-03-18T19:41:56","guid":{"rendered":"https:\/\/www.trustedtranslations.com\/?page_id=294423"},"modified":"2026-03-30T11:55:20","modified_gmt":"2026-03-30T14:55:20","slug":"servizi-di-traduzione-a-vista","status":"publish","type":"page","link":"https:\/\/www.trustedtranslations.com\/it\/servizi\/interpretariato-in-loco\/simultanea\/servizi-di-traduzione-a-vista","title":{"rendered":"Servizi di traduzione a vista"},"content":{"rendered":"","protected":false},"excerpt":{"rendered":"","protected":false},"author":1,"featured_media":0,"parent":153892,"menu_order":0,"comment_status":"closed","ping_status":"closed","template":"","meta":{"site-sidebar-layout":"default","site-content-layout":"","ast-site-content-layout":"default","site-content-style":"default","site-sidebar-style":"default","ast-global-header-display":"","ast-banner-title-visibility":"","ast-main-header-display":"","ast-hfb-above-header-display":"","ast-hfb-below-header-display":"","ast-hfb-mobile-header-display":"","site-post-title":"","ast-breadcrumbs-content":"","ast-featured-img":"","footer-sml-layout":"","ast-disable-related-posts":"","theme-transparent-header-meta":"default","adv-header-id-meta":"","stick-header-meta":"","header-above-stick-meta":"","header-main-stick-meta":"","header-below-stick-meta":"","astra-migrate-meta-layouts":"set","ast-page-background-enabled":"default","ast-page-background-meta":{"desktop":{"background-color":"var(--ast-global-color-4)","background-image":"","background-repeat":"repeat","background-position":"center center","background-size":"auto","background-attachment":"scroll","background-type":"","background-media":"","overlay-type":"","overlay-color":"","overlay-opacity":"","overlay-gradient":""},"tablet":{"background-color":"","background-image":"","background-repeat":"repeat","background-position":"center center","background-size":"auto","background-attachment":"scroll","background-type":"","background-media":"","overlay-type":"","overlay-color":"","overlay-opacity":"","overlay-gradient":""},"mobile":{"background-color":"","background-image":"","background-repeat":"repeat","background-position":"center center","background-size":"auto","background-attachment":"scroll","background-type":"","background-media":"","overlay-type":"","overlay-color":"","overlay-opacity":"","overlay-gradient":""}},"ast-content-background-meta":{"desktop":{"background-color":"var(--ast-global-color-5)","background-image":"","background-repeat":"repeat","background-position":"center center","background-size":"auto","background-attachment":"scroll","background-type":"","background-media":"","overlay-type":"","overlay-color":"","overlay-opacity":"","overlay-gradient":""},"tablet":{"background-color":"var(--ast-global-color-5)","background-image":"","background-repeat":"repeat","background-position":"center center","background-size":"auto","background-attachment":"scroll","background-type":"","background-media":"","overlay-type":"","overlay-color":"","overlay-opacity":"","overlay-gradient":""},"mobile":{"background-color":"var(--ast-global-color-5)","background-image":"","background-repeat":"repeat","background-position":"center center","background-size":"auto","background-attachment":"scroll","background-type":"","background-media":"","overlay-type":"","overlay-color":"","overlay-opacity":"","overlay-gradient":""}},"footnotes":""},"class_list":["post-294423","page","type-page","status-publish","hentry"],"yoast_head":"<!-- This site is optimized with the Yoast SEO plugin v27.5 - https:\/\/yoast.com\/product\/yoast-seo-wordpress\/ -->\n<title>Servizi di traduzione a vista - Trusted Translations, Inc.<\/title>\n<meta name=\"description\" content=\"Traduzione a vista professionale, eseguita da interpreti esperti, formati per tradurre oralmente documenti scritti, in tempo reale e in modo accurato.\" \/>\n<meta name=\"robots\" content=\"noindex, nofollow\" \/>\n<meta property=\"og:locale\" content=\"it_IT\" \/>\n<meta property=\"og:type\" content=\"article\" \/>\n<meta property=\"og:title\" content=\"Servizi di traduzione a vista - Trusted Translations, Inc.\" \/>\n<meta property=\"og:description\" content=\"Traduzione a vista professionale, eseguita da interpreti esperti, formati per tradurre oralmente documenti scritti, in tempo reale e in modo accurato.\" \/>\n<meta property=\"og:url\" content=\"https:\/\/www.trustedtranslations.com\/it\/servizi\/interpretariato-in-loco\/simultanea\/servizi-di-traduzione-a-vista\" \/>\n<meta property=\"og:site_name\" content=\"Trusted Translations, Inc.\" \/>\n<meta property=\"article:publisher\" content=\"https:\/\/www.facebook.com\/Trusted.Translations\" \/>\n<meta property=\"article:modified_time\" content=\"2026-03-30T14:55:20+00:00\" \/>\n<meta property=\"og:image\" content=\"https:\/\/www.trustedtranslations.com\/wp-content\/uploads\/2022\/06\/tt-logo-2-1.webp\" \/>\n\t<meta property=\"og:image:width\" content=\"216\" \/>\n\t<meta property=\"og:image:height\" content=\"94\" \/>\n\t<meta property=\"og:image:type\" content=\"image\/webp\" \/>\n<meta name=\"twitter:card\" content=\"summary_large_image\" \/>\n<meta name=\"twitter:site\" content=\"@TrustedT9ns\" \/>\n<script type=\"application\/ld+json\" class=\"yoast-schema-graph\">{\"@context\":\"https:\\\/\\\/schema.org\",\"@graph\":[{\"@type\":\"WebPage\",\"@id\":\"https:\\\/\\\/www.trustedtranslations.com\\\/it\\\/servizi\\\/interpretariato-in-loco\\\/simultanea\\\/servizi-di-traduzione-a-vista\",\"url\":\"https:\\\/\\\/www.trustedtranslations.com\\\/it\\\/servizi\\\/interpretariato-in-loco\\\/simultanea\\\/servizi-di-traduzione-a-vista\",\"name\":\"Servizi di traduzione a vista - Trusted Translations, Inc.\",\"isPartOf\":{\"@id\":\"https:\\\/\\\/www.trustedtranslations.com\\\/it\\\/#website\"},\"description\":\"Traduzione a vista professionale, eseguita da interpreti esperti, formati per tradurre oralmente documenti scritti, in tempo reale e in modo accurato.\",\"breadcrumb\":{\"@id\":\"https:\\\/\\\/www.trustedtranslations.com\\\/it\\\/servizi\\\/interpretariato-in-loco\\\/simultanea\\\/servizi-di-traduzione-a-vista#breadcrumb\"},\"inLanguage\":\"it-IT\",\"potentialAction\":[{\"@type\":\"ReadAction\",\"target\":[\"https:\\\/\\\/www.trustedtranslations.com\\\/it\\\/servizi\\\/interpretariato-in-loco\\\/simultanea\\\/servizi-di-traduzione-a-vista\"]}]},{\"@type\":\"BreadcrumbList\",\"@id\":\"https:\\\/\\\/www.trustedtranslations.com\\\/it\\\/servizi\\\/interpretariato-in-loco\\\/simultanea\\\/servizi-di-traduzione-a-vista#breadcrumb\",\"itemListElement\":[{\"@type\":\"ListItem\",\"position\":1,\"name\":\"Home\",\"item\":\"https:\\\/\\\/www.trustedtranslations.com\\\/it\"},{\"@type\":\"ListItem\",\"position\":2,\"name\":\"Servizi\",\"item\":\"https:\\\/\\\/www.trustedtranslations.com\\\/it\\\/servizi\"},{\"@type\":\"ListItem\",\"position\":3,\"name\":\"Interpretariato in loco\",\"item\":\"https:\\\/\\\/www.trustedtranslations.com\\\/it\\\/servizi\\\/interpretariato-in-loco\"},{\"@type\":\"ListItem\",\"position\":4,\"name\":\"Simultanea\",\"item\":\"https:\\\/\\\/www.trustedtranslations.com\\\/it\\\/servizi\\\/interpretariato-in-loco\\\/simultanea\"},{\"@type\":\"ListItem\",\"position\":5,\"name\":\"Servizi di traduzione a vista\"}]},{\"@type\":\"WebSite\",\"@id\":\"https:\\\/\\\/www.trustedtranslations.com\\\/it\\\/#website\",\"url\":\"https:\\\/\\\/www.trustedtranslations.com\\\/it\\\/\",\"name\":\"Trusted Translations, Inc.\",\"description\":\"Leader in translation and interpretation services.\",\"publisher\":{\"@id\":\"https:\\\/\\\/www.trustedtranslations.com\\\/it\\\/#organization\"},\"alternateName\":\"Trusted Translations\",\"potentialAction\":[{\"@type\":\"SearchAction\",\"target\":{\"@type\":\"EntryPoint\",\"urlTemplate\":\"https:\\\/\\\/www.trustedtranslations.com\\\/it\\\/?s={search_term_string}\"},\"query-input\":{\"@type\":\"PropertyValueSpecification\",\"valueRequired\":true,\"valueName\":\"search_term_string\"}}],\"inLanguage\":\"it-IT\"},{\"@type\":\"Organization\",\"@id\":\"https:\\\/\\\/www.trustedtranslations.com\\\/it\\\/#organization\",\"name\":\"Trusted Translations\",\"alternateName\":\"Trusted Translations, Inc.\",\"url\":\"https:\\\/\\\/www.trustedtranslations.com\\\/it\\\/\",\"logo\":{\"@type\":\"ImageObject\",\"inLanguage\":\"it-IT\",\"@id\":\"https:\\\/\\\/www.trustedtranslations.com\\\/it\\\/#\\\/schema\\\/logo\\\/image\\\/\",\"url\":\"https:\\\/\\\/static.trustedtranslations.com\\\/wp-content\\\/uploads\\\/2022\\\/01\\\/TT_logo_WSIColors-2.png\",\"contentUrl\":\"https:\\\/\\\/static.trustedtranslations.com\\\/wp-content\\\/uploads\\\/2022\\\/01\\\/TT_logo_WSIColors-2.png\",\"width\":500,\"height\":196,\"caption\":\"Trusted Translations\"},\"image\":{\"@id\":\"https:\\\/\\\/www.trustedtranslations.com\\\/it\\\/#\\\/schema\\\/logo\\\/image\\\/\"},\"sameAs\":[\"https:\\\/\\\/www.facebook.com\\\/Trusted.Translations\",\"https:\\\/\\\/x.com\\\/TrustedT9ns\",\"https:\\\/\\\/www.linkedin.com\\\/company\\\/trusted-translations\"]}]}<\/script>\n<!-- \/ Yoast SEO plugin. -->","yoast_head_json":{"title":"Servizi di traduzione a vista - Trusted Translations, Inc.","description":"Traduzione a vista professionale, eseguita da interpreti esperti, formati per tradurre oralmente documenti scritti, in tempo reale e in modo accurato.","robots":{"index":"noindex","follow":"nofollow"},"og_locale":"it_IT","og_type":"article","og_title":"Servizi di traduzione a vista - Trusted Translations, Inc.","og_description":"Traduzione a vista professionale, eseguita da interpreti esperti, formati per tradurre oralmente documenti scritti, in tempo reale e in modo accurato.","og_url":"https:\/\/www.trustedtranslations.com\/it\/servizi\/interpretariato-in-loco\/simultanea\/servizi-di-traduzione-a-vista","og_site_name":"Trusted Translations, Inc.","article_publisher":"https:\/\/www.facebook.com\/Trusted.Translations","article_modified_time":"2026-03-30T14:55:20+00:00","og_image":[{"width":216,"height":94,"url":"https:\/\/www.trustedtranslations.com\/wp-content\/uploads\/2022\/06\/tt-logo-2-1.webp","type":"image\/webp"}],"twitter_card":"summary_large_image","twitter_site":"@TrustedT9ns","schema":{"@context":"https:\/\/schema.org","@graph":[{"@type":"WebPage","@id":"https:\/\/www.trustedtranslations.com\/it\/servizi\/interpretariato-in-loco\/simultanea\/servizi-di-traduzione-a-vista","url":"https:\/\/www.trustedtranslations.com\/it\/servizi\/interpretariato-in-loco\/simultanea\/servizi-di-traduzione-a-vista","name":"Servizi di traduzione a vista - Trusted Translations, Inc.","isPartOf":{"@id":"https:\/\/www.trustedtranslations.com\/it\/#website"},"description":"Traduzione a vista professionale, eseguita da interpreti esperti, formati per tradurre oralmente documenti scritti, in tempo reale e in modo accurato.","breadcrumb":{"@id":"https:\/\/www.trustedtranslations.com\/it\/servizi\/interpretariato-in-loco\/simultanea\/servizi-di-traduzione-a-vista#breadcrumb"},"inLanguage":"it-IT","potentialAction":[{"@type":"ReadAction","target":["https:\/\/www.trustedtranslations.com\/it\/servizi\/interpretariato-in-loco\/simultanea\/servizi-di-traduzione-a-vista"]}]},{"@type":"BreadcrumbList","@id":"https:\/\/www.trustedtranslations.com\/it\/servizi\/interpretariato-in-loco\/simultanea\/servizi-di-traduzione-a-vista#breadcrumb","itemListElement":[{"@type":"ListItem","position":1,"name":"Home","item":"https:\/\/www.trustedtranslations.com\/it"},{"@type":"ListItem","position":2,"name":"Servizi","item":"https:\/\/www.trustedtranslations.com\/it\/servizi"},{"@type":"ListItem","position":3,"name":"Interpretariato in loco","item":"https:\/\/www.trustedtranslations.com\/it\/servizi\/interpretariato-in-loco"},{"@type":"ListItem","position":4,"name":"Simultanea","item":"https:\/\/www.trustedtranslations.com\/it\/servizi\/interpretariato-in-loco\/simultanea"},{"@type":"ListItem","position":5,"name":"Servizi di traduzione a vista"}]},{"@type":"WebSite","@id":"https:\/\/www.trustedtranslations.com\/it\/#website","url":"https:\/\/www.trustedtranslations.com\/it\/","name":"Trusted Translations, Inc.","description":"Leader in translation and interpretation services.","publisher":{"@id":"https:\/\/www.trustedtranslations.com\/it\/#organization"},"alternateName":"Trusted Translations","potentialAction":[{"@type":"SearchAction","target":{"@type":"EntryPoint","urlTemplate":"https:\/\/www.trustedtranslations.com\/it\/?s={search_term_string}"},"query-input":{"@type":"PropertyValueSpecification","valueRequired":true,"valueName":"search_term_string"}}],"inLanguage":"it-IT"},{"@type":"Organization","@id":"https:\/\/www.trustedtranslations.com\/it\/#organization","name":"Trusted Translations","alternateName":"Trusted Translations, Inc.","url":"https:\/\/www.trustedtranslations.com\/it\/","logo":{"@type":"ImageObject","inLanguage":"it-IT","@id":"https:\/\/www.trustedtranslations.com\/it\/#\/schema\/logo\/image\/","url":"https:\/\/static.trustedtranslations.com\/wp-content\/uploads\/2022\/01\/TT_logo_WSIColors-2.png","contentUrl":"https:\/\/static.trustedtranslations.com\/wp-content\/uploads\/2022\/01\/TT_logo_WSIColors-2.png","width":500,"height":196,"caption":"Trusted Translations"},"image":{"@id":"https:\/\/www.trustedtranslations.com\/it\/#\/schema\/logo\/image\/"},"sameAs":["https:\/\/www.facebook.com\/Trusted.Translations","https:\/\/x.com\/TrustedT9ns","https:\/\/www.linkedin.com\/company\/trusted-translations"]}]}},"toolset-meta":{"dyk":{"mensaje-1":{"type":"textfield","raw":"La traduzione a vista viene spesso utilizzata nei tribunali quando avvocati o giudici necessitano di comprendere immediatamente prove scritte in un\u2019altra lingua."},"mensaje-2":{"type":"textfield","raw":"In ambito medico, la traduzione a vista aiuta gli operatori sanitari a rivedere rapidamente i moduli di consenso o la documentazione dei pazienti durante le visite."},"mensaje-3":{"type":"textfield","raw":"A differenza della traduzione scritta, la traduzione a vista viene eseguita oralmente e richiede comprensione della lettura e capacit\u00e0 verbali di alto livello."},"mensaje-4":{"type":"textfield","raw":"La traduzione a vista viene spesso integrata negli incarichi di interpretariato in loco o a distanza per favorire la comunicazione multilingue."},"mensaje-5":{"type":"textfield","raw":""},"mensaje-6":{"type":"textfield","raw":""}},"single-page-template-fields":{"imgs-temp":{"type":"image","raw":["https:\/\/www.trustedtranslations.com\/wp-content\/uploads\/2026\/03\/sight.webp"],"repeatable":[{"raw":"https:\/\/www.trustedtranslations.com\/wp-content\/uploads\/2026\/03\/sight.webp","attachment_id":293936}]},"imgs-temp-cel":{"type":"image","raw":[""],"repeatable":[{"raw":""}]},"img-temp-one-cel":{"type":"image","raw":"","attachment_id":null},"quotes":{"type":"textarea","raw":"<h1 style=\"margin-bottom: 12px;\">Servizi di traduzione a vista<\/h1>Trusted Translations offre servizi professionali di traduzione a vista, eseguiti da interpreti esperti, formati per tradurre oralmente documenti scritti, in tempo reale e in modo accurato. La traduzione a vista \u00e8 la soluzione ideale quando un testo scritto deve essere compreso immediatamente da una o pi\u00f9 parti in un\u2019altra lingua, senza lo slittamento temporale necessario per una traduzione completa in forma scritta.<div style=\"margin-top: 2.5vw;\"><a class=\"tt-btn-main-cta\" href=\"\/it\/quote\">Richiedi un preventivo gratuito<\/a><\/div>"},"text-1":{"type":"textarea","raw":"<h2 style=\"margin-top: -10px\">Traduttori a vista professionisti <\/h2>\r\nLa traduzione a vista richiede pi\u00f9 di una comunicazione fluente. Richiede infatti la capacit\u00e0 di comprendere istantaneamente un testo scritto e di fornirne una traduzione orale chiara e accurata in un\u2019altra lingua, spesso in contesti in cui la posta in gioco \u00e8 alta e si \u00e8 sotto pressione. \r\n\r\nTrusted Translations collabora con linguisti specializzati in oltre 200 lingue e dialetti, accuratamente selezionati per formazione, esperienza e padronanza della terminologia specialistica. I nostri professionisti svolgono regolarmente traduzioni a vista in contesti legali, medici, commerciali e governativi, dove la precisione \u00e8 un aspetto fondamentale. \r\n\r\nCome per tutti i nostri servizi, ci atteniamo a rigorosi standard di riservatezza, professionalit\u00e0 e garanzia di qualit\u00e0. \r\n\r\nTrusted Translations serve oltre 5.000 clienti in tutto il mondo, tra cui aziende leader nel settore, studi legali, istituzioni sanitarie e agenzie governative. I nostri servizi di traduzione a vista sono progettati per supportare la comunicazione in tempo reale quando la chiarezza non pu\u00f2 attendere."},"shortcode-map":{"type":"textfield","raw":""},"dyk-shortcode":{"type":"textfield","raw":"[elementor-template id=\"139229\"]"},"text-2":{"type":"textarea","raw":"<h2>Che cos\u2019\u00e8 la traduzione a vista?<\/h2>\r\nLa traduzione a vista \u00e8 il processo di lettura di un documento scritto in una certa lingua e di traduzione orale del suo contenuto in un\u2019altra lingua in tempo reale. Essa funge da ponte tra la comunicazione scritta e quella orale, consentendo una comprensione immediata, senza la necessit\u00e0 di produrre un documento tradotto.\r\n\r\nQuesto servizio viene spesso utilizzato in procedimenti legali, colloqui di immigrazione, appuntamenti medici, audit, verifiche di conformit\u00e0 e negoziazioni commerciali. Quando \u00e8 necessario esaminare sul posto documenti come contratti, dichiarazioni giurate, referti medici, documenti di identit\u00e0 o polizze assicurative, la traduzione a vista offre una soluzione pratica ed efficiente.\r\n\r\nSebbene possa sembrare semplice, la traduzione a vista richiede competenze cognitive avanzate. Il linguista deve infatti:\r\n  <ul>\r\n    <li>analizzare rapidamente i contenuti scritti<\/li>\r\n    <li>interpretarne il significato in modo accurato<\/li>\r\n    <li>offrire una versione orale chiara e precisa<\/li>\r\n    <li>mantenere il tono, l\u2019intento e la precisione tecnica dell\u2019originale<\/li>\r\n  <\/ul>\r\n\r\nPer questo motivo, Trusted Translations assegna a tali incarichi esclusivamente interpreti altamente qualificati, con comprovata esperienza in ambienti in cui si \u00e8 sottoposti a pressione elevata.\r\n\r\n<h2>Quando utilizzare la traduzione a vista<\/h2>\r\n\r\nLa traduzione a vista \u00e8 particolarmente efficace nei casi in cui:\r\n\r\n  <ul>\r\n    <li>un documento scritto deve essere compreso immediatamente<\/li>\r\n    <li>produrre una traduzione scritta completa non \u00e8 pratico<\/li>\r\n    <li>il documento \u00e8 di lunghezza medio-breve<\/li>\r\n    <li>il contesto prevede una revisione legale, medica o amministrativa<\/li>\r\n    <li>una riunione multilingue richiede la chiarificazione dei materiali scritti<\/li>\r\n  <\/ul>\r\n\r\nLa traduzione a vista pu\u00f2 essere fornita come servizio a s\u00e9 o in combinazione con l\u2019interpretariato in loco per offrire assistenza linguistica completa.\r\n\r\nDai tribunali agli ospedali, dalle sale per le riunioni aziendali alle agenzie governative, Trusted Translations offre servizi professionali di traduzione a vista che garantiscono una comunicazione accurata quando il tempismo e la precisione sono aspetti fondamentali."},"state":{"type":"textfield","raw":""},"city":{"type":"textarea","raw":[""]}}},"_links":{"self":[{"href":"https:\/\/www.trustedtranslations.com\/it\/wp-json\/wp\/v2\/pages\/294423","targetHints":{"allow":["GET"]}}],"collection":[{"href":"https:\/\/www.trustedtranslations.com\/it\/wp-json\/wp\/v2\/pages"}],"about":[{"href":"https:\/\/www.trustedtranslations.com\/it\/wp-json\/wp\/v2\/types\/page"}],"author":[{"embeddable":true,"href":"https:\/\/www.trustedtranslations.com\/it\/wp-json\/wp\/v2\/users\/1"}],"replies":[{"embeddable":true,"href":"https:\/\/www.trustedtranslations.com\/it\/wp-json\/wp\/v2\/comments?post=294423"}],"version-history":[{"count":3,"href":"https:\/\/www.trustedtranslations.com\/it\/wp-json\/wp\/v2\/pages\/294423\/revisions"}],"predecessor-version":[{"id":294794,"href":"https:\/\/www.trustedtranslations.com\/it\/wp-json\/wp\/v2\/pages\/294423\/revisions\/294794"}],"up":[{"embeddable":true,"href":"https:\/\/www.trustedtranslations.com\/it\/wp-json\/wp\/v2\/pages\/153892"}],"wp:attachment":[{"href":"https:\/\/www.trustedtranslations.com\/it\/wp-json\/wp\/v2\/media?parent=294423"}],"curies":[{"name":"wp","href":"https:\/\/api.w.org\/{rel}","templated":true}]}}