{"id":130873,"date":"2019-12-06T18:34:35","date_gmt":"2019-12-06T18:34:35","guid":{"rendered":"https:\/\/www.trustedtranslations.com\/?page_id=130873"},"modified":"2024-09-02T17:08:56","modified_gmt":"2024-09-02T20:08:56","slug":"engels","status":"publish","type":"page","link":"https:\/\/www.trustedtranslations.com\/nl\/taal\/engels","title":{"rendered":"Engels"},"content":{"rendered":"","protected":false},"excerpt":{"rendered":"","protected":false},"author":1,"featured_media":139626,"parent":131041,"menu_order":0,"comment_status":"closed","ping_status":"closed","template":"","meta":{"site-sidebar-layout":"default","site-content-layout":"default","ast-site-content-layout":"default","site-content-style":"default","site-sidebar-style":"default","ast-global-header-display":"","ast-banner-title-visibility":"","ast-main-header-display":"","ast-hfb-above-header-display":"","ast-hfb-below-header-display":"","ast-hfb-mobile-header-display":"","site-post-title":"disabled","ast-breadcrumbs-content":"","ast-featured-img":"","footer-sml-layout":"","ast-disable-related-posts":"","theme-transparent-header-meta":"default","adv-header-id-meta":"","stick-header-meta":"","header-above-stick-meta":"","header-main-stick-meta":"","header-below-stick-meta":"","astra-migrate-meta-layouts":"set","ast-page-background-enabled":"default","ast-page-background-meta":{"desktop":{"background-color":"var(--ast-global-color-4)","background-image":"","background-repeat":"repeat","background-position":"center center","background-size":"auto","background-attachment":"scroll","background-type":"","background-media":"","overlay-type":"","overlay-color":"","overlay-opacity":"","overlay-gradient":""},"tablet":{"background-color":"","background-image":"","background-repeat":"repeat","background-position":"center center","background-size":"auto","background-attachment":"scroll","background-type":"","background-media":"","overlay-type":"","overlay-color":"","overlay-opacity":"","overlay-gradient":""},"mobile":{"background-color":"","background-image":"","background-repeat":"repeat","background-position":"center center","background-size":"auto","background-attachment":"scroll","background-type":"","background-media":"","overlay-type":"","overlay-color":"","overlay-opacity":"","overlay-gradient":""}},"ast-content-background-meta":{"desktop":{"background-color":"var(--ast-global-color-5)","background-image":"","background-repeat":"repeat","background-position":"center center","background-size":"auto","background-attachment":"scroll","background-type":"","background-media":"","overlay-type":"","overlay-color":"","overlay-opacity":"","overlay-gradient":""},"tablet":{"background-color":"var(--ast-global-color-5)","background-image":"","background-repeat":"repeat","background-position":"center center","background-size":"auto","background-attachment":"scroll","background-type":"","background-media":"","overlay-type":"","overlay-color":"","overlay-opacity":"","overlay-gradient":""},"mobile":{"background-color":"var(--ast-global-color-5)","background-image":"","background-repeat":"repeat","background-position":"center center","background-size":"auto","background-attachment":"scroll","background-type":"","background-media":"","overlay-type":"","overlay-color":"","overlay-opacity":"","overlay-gradient":""}},"footnotes":""},"class_list":["post-130873","page","type-page","status-publish","has-post-thumbnail","hentry"],"yoast_head":"<!-- This site is optimized with the Yoast SEO plugin v27.6 - https:\/\/yoast.com\/product\/yoast-seo-wordpress\/ -->\n<title>Engelse vertaaldiensten - Trusted Translations, Inc.<\/title>\n<meta name=\"description\" content=\"Hoogwaardige professionele Engelse vertaaldiensten door gespecialiseerde Engelse vertaalteams tegen de beste tarieven. Vraag een gratis offerte aan of raadpleeg een van onze experts.\" \/>\n<meta name=\"robots\" content=\"index, follow, max-snippet:-1, max-image-preview:large, max-video-preview:-1\" \/>\n<link rel=\"canonical\" href=\"https:\/\/www.trustedtranslations.com\/nl\/taal\/engels\" \/>\n<meta property=\"og:locale\" content=\"nl_NL\" \/>\n<meta property=\"og:type\" content=\"article\" \/>\n<meta property=\"og:title\" content=\"Engelse vertaaldiensten - Trusted Translations, Inc.\" \/>\n<meta property=\"og:description\" content=\"Hoogwaardige professionele Engelse vertaaldiensten door gespecialiseerde Engelse vertaalteams tegen de beste tarieven. Vraag een gratis offerte aan of raadpleeg een van onze experts.\" \/>\n<meta property=\"og:url\" content=\"https:\/\/www.trustedtranslations.com\/nl\/taal\/engels\" \/>\n<meta property=\"og:site_name\" content=\"Trusted Translations, Inc.\" \/>\n<meta property=\"article:publisher\" content=\"https:\/\/www.facebook.com\/Trusted.Translations\" \/>\n<meta property=\"article:modified_time\" content=\"2024-09-02T20:08:56+00:00\" \/>\n<meta property=\"og:image\" content=\"https:\/\/static.trustedtranslations.com\/wp-content\/uploads\/2022\/03\/TT_NEW_FB-1.png\" \/>\n\t<meta property=\"og:image:width\" content=\"1038\" \/>\n\t<meta property=\"og:image:height\" content=\"1038\" \/>\n\t<meta property=\"og:image:type\" content=\"image\/png\" \/>\n<meta name=\"twitter:card\" content=\"summary_large_image\" \/>\n<meta name=\"twitter:site\" content=\"@TrustedT9ns\" \/>\n<script type=\"application\/ld+json\" class=\"yoast-schema-graph\">{\"@context\":\"https:\\\/\\\/schema.org\",\"@graph\":[{\"@type\":\"WebPage\",\"@id\":\"https:\\\/\\\/www.trustedtranslations.com\\\/nl\\\/taal\\\/engels\",\"url\":\"https:\\\/\\\/www.trustedtranslations.com\\\/nl\\\/taal\\\/engels\",\"name\":\"Engelse vertaaldiensten - Trusted Translations, Inc.\",\"isPartOf\":{\"@id\":\"https:\\\/\\\/www.trustedtranslations.com\\\/nl\\\/#website\"},\"primaryImageOfPage\":{\"@id\":\"https:\\\/\\\/www.trustedtranslations.com\\\/nl\\\/taal\\\/engels#primaryimage\"},\"image\":{\"@id\":\"https:\\\/\\\/www.trustedtranslations.com\\\/nl\\\/taal\\\/engels#primaryimage\"},\"thumbnailUrl\":\"https:\\\/\\\/www.trustedtranslations.com\\\/wp-content\\\/uploads\\\/2022\\\/03\\\/TT_NEW_FB-1.png\",\"description\":\"Hoogwaardige professionele Engelse vertaaldiensten door gespecialiseerde Engelse vertaalteams tegen de beste tarieven. Vraag een gratis offerte aan of raadpleeg een van onze experts.\",\"breadcrumb\":{\"@id\":\"https:\\\/\\\/www.trustedtranslations.com\\\/nl\\\/taal\\\/engels#breadcrumb\"},\"inLanguage\":\"nl-NL\",\"potentialAction\":[{\"@type\":\"ReadAction\",\"target\":[\"https:\\\/\\\/www.trustedtranslations.com\\\/nl\\\/taal\\\/engels\"]}]},{\"@type\":\"ImageObject\",\"inLanguage\":\"nl-NL\",\"@id\":\"https:\\\/\\\/www.trustedtranslations.com\\\/nl\\\/taal\\\/engels#primaryimage\",\"url\":\"https:\\\/\\\/www.trustedtranslations.com\\\/wp-content\\\/uploads\\\/2022\\\/03\\\/TT_NEW_FB-1.png\",\"contentUrl\":\"https:\\\/\\\/www.trustedtranslations.com\\\/wp-content\\\/uploads\\\/2022\\\/03\\\/TT_NEW_FB-1.png\",\"width\":1038,\"height\":1038,\"caption\":\"TT NEW FB 1\"},{\"@type\":\"BreadcrumbList\",\"@id\":\"https:\\\/\\\/www.trustedtranslations.com\\\/nl\\\/taal\\\/engels#breadcrumb\",\"itemListElement\":[{\"@type\":\"ListItem\",\"position\":1,\"name\":\"Home\",\"item\":\"https:\\\/\\\/www.trustedtranslations.com\\\/nl\"},{\"@type\":\"ListItem\",\"position\":2,\"name\":\"Talen\",\"item\":\"https:\\\/\\\/www.trustedtranslations.com\\\/nl\\\/taal\"},{\"@type\":\"ListItem\",\"position\":3,\"name\":\"Engels\"}]},{\"@type\":\"WebSite\",\"@id\":\"https:\\\/\\\/www.trustedtranslations.com\\\/nl\\\/#website\",\"url\":\"https:\\\/\\\/www.trustedtranslations.com\\\/nl\\\/\",\"name\":\"Trusted Translations, Inc.\",\"description\":\"Leader in translation and interpretation services.\",\"publisher\":{\"@id\":\"https:\\\/\\\/www.trustedtranslations.com\\\/nl\\\/#organization\"},\"alternateName\":\"Trusted Translations\",\"potentialAction\":[{\"@type\":\"SearchAction\",\"target\":{\"@type\":\"EntryPoint\",\"urlTemplate\":\"https:\\\/\\\/www.trustedtranslations.com\\\/nl\\\/?s={search_term_string}\"},\"query-input\":{\"@type\":\"PropertyValueSpecification\",\"valueRequired\":true,\"valueName\":\"search_term_string\"}}],\"inLanguage\":\"nl-NL\"},{\"@type\":\"Organization\",\"@id\":\"https:\\\/\\\/www.trustedtranslations.com\\\/nl\\\/#organization\",\"name\":\"Trusted Translations\",\"alternateName\":\"Trusted Translations, Inc.\",\"url\":\"https:\\\/\\\/www.trustedtranslations.com\\\/nl\\\/\",\"logo\":{\"@type\":\"ImageObject\",\"inLanguage\":\"nl-NL\",\"@id\":\"https:\\\/\\\/www.trustedtranslations.com\\\/nl\\\/#\\\/schema\\\/logo\\\/image\\\/\",\"url\":\"https:\\\/\\\/static.trustedtranslations.com\\\/wp-content\\\/uploads\\\/2022\\\/01\\\/TT_logo_WSIColors-2.png\",\"contentUrl\":\"https:\\\/\\\/static.trustedtranslations.com\\\/wp-content\\\/uploads\\\/2022\\\/01\\\/TT_logo_WSIColors-2.png\",\"width\":500,\"height\":196,\"caption\":\"Trusted Translations\"},\"image\":{\"@id\":\"https:\\\/\\\/www.trustedtranslations.com\\\/nl\\\/#\\\/schema\\\/logo\\\/image\\\/\"},\"sameAs\":[\"https:\\\/\\\/www.facebook.com\\\/Trusted.Translations\",\"https:\\\/\\\/x.com\\\/TrustedT9ns\",\"https:\\\/\\\/www.linkedin.com\\\/company\\\/trusted-translations\"]}]}<\/script>\n<!-- \/ Yoast SEO plugin. -->","yoast_head_json":{"title":"Engelse vertaaldiensten - Trusted Translations, Inc.","description":"Hoogwaardige professionele Engelse vertaaldiensten door gespecialiseerde Engelse vertaalteams tegen de beste tarieven. Vraag een gratis offerte aan of raadpleeg een van onze experts.","robots":{"index":"index","follow":"follow","max-snippet":"max-snippet:-1","max-image-preview":"max-image-preview:large","max-video-preview":"max-video-preview:-1"},"canonical":"https:\/\/www.trustedtranslations.com\/nl\/taal\/engels","og_locale":"nl_NL","og_type":"article","og_title":"Engelse vertaaldiensten - Trusted Translations, Inc.","og_description":"Hoogwaardige professionele Engelse vertaaldiensten door gespecialiseerde Engelse vertaalteams tegen de beste tarieven. Vraag een gratis offerte aan of raadpleeg een van onze experts.","og_url":"https:\/\/www.trustedtranslations.com\/nl\/taal\/engels","og_site_name":"Trusted Translations, Inc.","article_publisher":"https:\/\/www.facebook.com\/Trusted.Translations","article_modified_time":"2024-09-02T20:08:56+00:00","og_image":[{"width":1038,"height":1038,"url":"https:\/\/static.trustedtranslations.com\/wp-content\/uploads\/2022\/03\/TT_NEW_FB-1.png","type":"image\/png"}],"twitter_card":"summary_large_image","twitter_site":"@TrustedT9ns","schema":{"@context":"https:\/\/schema.org","@graph":[{"@type":"WebPage","@id":"https:\/\/www.trustedtranslations.com\/nl\/taal\/engels","url":"https:\/\/www.trustedtranslations.com\/nl\/taal\/engels","name":"Engelse vertaaldiensten - Trusted Translations, Inc.","isPartOf":{"@id":"https:\/\/www.trustedtranslations.com\/nl\/#website"},"primaryImageOfPage":{"@id":"https:\/\/www.trustedtranslations.com\/nl\/taal\/engels#primaryimage"},"image":{"@id":"https:\/\/www.trustedtranslations.com\/nl\/taal\/engels#primaryimage"},"thumbnailUrl":"https:\/\/www.trustedtranslations.com\/wp-content\/uploads\/2022\/03\/TT_NEW_FB-1.png","description":"Hoogwaardige professionele Engelse vertaaldiensten door gespecialiseerde Engelse vertaalteams tegen de beste tarieven. Vraag een gratis offerte aan of raadpleeg een van onze experts.","breadcrumb":{"@id":"https:\/\/www.trustedtranslations.com\/nl\/taal\/engels#breadcrumb"},"inLanguage":"nl-NL","potentialAction":[{"@type":"ReadAction","target":["https:\/\/www.trustedtranslations.com\/nl\/taal\/engels"]}]},{"@type":"ImageObject","inLanguage":"nl-NL","@id":"https:\/\/www.trustedtranslations.com\/nl\/taal\/engels#primaryimage","url":"https:\/\/www.trustedtranslations.com\/wp-content\/uploads\/2022\/03\/TT_NEW_FB-1.png","contentUrl":"https:\/\/www.trustedtranslations.com\/wp-content\/uploads\/2022\/03\/TT_NEW_FB-1.png","width":1038,"height":1038,"caption":"TT NEW FB 1"},{"@type":"BreadcrumbList","@id":"https:\/\/www.trustedtranslations.com\/nl\/taal\/engels#breadcrumb","itemListElement":[{"@type":"ListItem","position":1,"name":"Home","item":"https:\/\/www.trustedtranslations.com\/nl"},{"@type":"ListItem","position":2,"name":"Talen","item":"https:\/\/www.trustedtranslations.com\/nl\/taal"},{"@type":"ListItem","position":3,"name":"Engels"}]},{"@type":"WebSite","@id":"https:\/\/www.trustedtranslations.com\/nl\/#website","url":"https:\/\/www.trustedtranslations.com\/nl\/","name":"Trusted Translations, Inc.","description":"Leader in translation and interpretation services.","publisher":{"@id":"https:\/\/www.trustedtranslations.com\/nl\/#organization"},"alternateName":"Trusted Translations","potentialAction":[{"@type":"SearchAction","target":{"@type":"EntryPoint","urlTemplate":"https:\/\/www.trustedtranslations.com\/nl\/?s={search_term_string}"},"query-input":{"@type":"PropertyValueSpecification","valueRequired":true,"valueName":"search_term_string"}}],"inLanguage":"nl-NL"},{"@type":"Organization","@id":"https:\/\/www.trustedtranslations.com\/nl\/#organization","name":"Trusted Translations","alternateName":"Trusted Translations, Inc.","url":"https:\/\/www.trustedtranslations.com\/nl\/","logo":{"@type":"ImageObject","inLanguage":"nl-NL","@id":"https:\/\/www.trustedtranslations.com\/nl\/#\/schema\/logo\/image\/","url":"https:\/\/static.trustedtranslations.com\/wp-content\/uploads\/2022\/01\/TT_logo_WSIColors-2.png","contentUrl":"https:\/\/static.trustedtranslations.com\/wp-content\/uploads\/2022\/01\/TT_logo_WSIColors-2.png","width":500,"height":196,"caption":"Trusted Translations"},"image":{"@id":"https:\/\/www.trustedtranslations.com\/nl\/#\/schema\/logo\/image\/"},"sameAs":["https:\/\/www.facebook.com\/Trusted.Translations","https:\/\/x.com\/TrustedT9ns","https:\/\/www.linkedin.com\/company\/trusted-translations"]}]}},"toolset-meta":{"dyk":{"mensaje-1":{"type":"textfield","raw":"We bieden Spaans-Engelse vertalingen aan Fortune 500-bedrijven tegen tarieven die onder de marktprijs liggen."},"mensaje-2":{"type":"textfield","raw":"We zijn er trots op om vertalingen van Spaans naar Engels van hoge kwaliteit te kunnen leveren aan de Verenigde Naties."},"mensaje-3":{"type":"textfield","raw":"We lokaliseren ook Engels voor het Verenigd Koninkrijk, Australi\u00eb, Nieuw-Zeeland en Ierland."},"mensaje-4":{"type":"textfield","raw":"Met Britse en Amerikaanse vertalers in dienst kunnen we voor een hogere nauwkeurigheid zorgen."},"mensaje-5":{"type":"textfield","raw":""},"mensaje-6":{"type":"textfield","raw":""}},"single-page-template-fields":{"imgs-temp":{"type":"image","raw":["https:\/\/static.trustedtranslations.com\/wp-content\/uploads\/2024\/05\/english-final-1.webp"],"repeatable":[{"raw":"https:\/\/static.trustedtranslations.com\/wp-content\/uploads\/2024\/05\/english-final-1.webp"}]},"imgs-temp-cel":{"type":"image","raw":[""],"repeatable":[{"raw":""}]},"img-temp-one-cel":{"type":"image","raw":"https:\/\/static.trustedtranslations.com\/wp-content\/uploads\/2024\/05\/AdobeStock_57468239-1-1.webp","attachment_id":null},"quotes":{"type":"textarea","raw":"<h1 style=\"margin-bottom: 12px;\">Engelse vertaaldiensten<\/h1>\r\nWereldwijd spreken meer dan 1,5 miljard mensen Engels; het is de meest gesproken taal ter wereld en ook de meest gebruikte taal op het internet. Met steeds meer multinationale bedrijven die Engels als hun bedrijfstaal gebruiken, is Engels cruciaal voor succes in internationale zaken. Als toonaangevende Engelse vertaaldienstverlener is <em>Trusted Translations<\/em> gespecialiseerd in complexe, grote vertaalprojecten van en naar Amerikaanse (VS) Engels, Brits Engels, Canadees Engels en meer.\r\n<div style=\"margin-top: 2.5vw;\"><a class=\"tt-btn-main-cta\" href=\"https:\/\/www.trustedtranslations.com\/nl\/offerte\">Vraag een gratis offerte aan<\/a><\/div>"},"text-1":{"type":"textarea","raw":"<h2>Deskundige Engelse vertaaloplossingen<\/h2>\r\nWe bieden professionele vertaaloplossingen aan enkele van 's werelds topbedrijven en organisaties. Trusted Translations is er trots op om onze klanten professionele Engelse vertalingen van hoge kwaliteit te bieden tegen de competitiefste tarieven op de markt.\r\n\r\nWij kunnen als geen ander omgaan met elk soort groot Engels vertaalproject dat u mogelijk hebt. Van kleine advocatenbureaus tot grote multinationals; <em>Trusted Translations<\/em> voorziet uw organisatie van een uitgebreide ervaring in professionele Engelse vertalingen.\r\n<h2 style=\"margin-bottom:20px\">Engelse vertalingen<\/h2>\r\nVloeiende Engelse communicatie op moedertaalniveau is een essenti\u00eble noodzaak voor elke organisatie die succesvol wil zijn op mondiaal niveau, waar Engels de lingua franca is geworden. De kwaliteit van uw Engelse vertalingen is een rechtstreekse weergave van u en uw bedrijf. Als vooraanstaand aanbieder van professionele Engelse vertaaldiensten, focussen wij ons op hetgeen waar wij het beste in zijn, zodat u dat ook kunt doen.\r\n\r\nOngeacht het type inhoud van uw Engelse vertalingen, we hebben teams van professionele vertalers die gespecialiseerd zijn in verschillende vakgebieden. Dit omvat expertise op de volgende gebieden: financi\u00ebn, IT, verkoop, marketing, media, recht, reizen, software, consumentencommunicatie, bedrijven, telecom, zakelijk, technisch, PR, geneeskunde en gezondheidsdiensten, overheid, verzekeringen en literatuur."},"shortcode-map":{"type":"textfield","raw":""},"dyk-shortcode":{"type":"textfield","raw":"[elementor-template id=\"146767\"]"},"text-2":{"type":"textarea","raw":"<h2 style=\"margin-bottom:20px\">Spaans-Engelse vertaling<\/h2>\r\nHoewel we gespecialiseerd zijn in Spaans - Engelse en Portugees - Engelse vertaaldiensten, vertalen we ook regelmatig Engelse documenten vanuit en naar het Frans, Duits, Italiaans, Koreaans, Chinees en Japans, met behulp van native, ervaren en branchespecifieke specifieke Engelse vertalers.\r\n<h2 style=\"margin-bottom:20px\">Amerikaans, Brits, Canadees Engelse vertaling<\/h2>\r\nOnder onze teams van professionele lingu\u00efsten hebben we vertalers met Engels als moedertaal die gevestigd zijn in de VS, het VK, Canada en andere Engelssprekende landen om te garanderen dat uw vertaling nauwkeurig is afgestemd op de specifieke Engelse variant die u zoekt.\r\n<h2 style=\"margin-bottom:20px\">Deskundige Engelse vertaalteams<\/h2>\r\nDe service die wordt uitgevoerd door onze professionele Engelse vertaalteams omvat ook redigeren en proeflezen door onafhankelijke experts, zonder extra kosten. Onze teams van professionals bieden ook redigeren en proeflezen van Engelse teksten aan voor vertalingen die door andere leveranciers zijn uitgevoerd.\r\n<h2 style=\"margin-bottom:20px\">Engelse taalvariaties<\/h2>\r\nDe Engelse taal omvat veel verschillende dialecten. Het type Engels dat onder andere in de Verenigde Staten, Groot-Brittanni\u00eb, Canada, Australi\u00eb, Zuid-Afrika of Hong Kong voorkomt, kan sterk vari\u00ebren, afhankelijk van de specifieke taalkundige variant in elk land, wanneer het aankomt op spelling, woordenschat, grammatica, toon, meetsysteem, enz. Onze Engelse vertaalteams kunnen uw documenten taalkundig afstemmen op de beoogde ontvanger of markt."},"state":{"type":"textfield","raw":""},"city":{"type":"textarea","raw":[]}}},"_links":{"self":[{"href":"https:\/\/www.trustedtranslations.com\/nl\/wp-json\/wp\/v2\/pages\/130873","targetHints":{"allow":["GET"]}}],"collection":[{"href":"https:\/\/www.trustedtranslations.com\/nl\/wp-json\/wp\/v2\/pages"}],"about":[{"href":"https:\/\/www.trustedtranslations.com\/nl\/wp-json\/wp\/v2\/types\/page"}],"author":[{"embeddable":true,"href":"https:\/\/www.trustedtranslations.com\/nl\/wp-json\/wp\/v2\/users\/1"}],"replies":[{"embeddable":true,"href":"https:\/\/www.trustedtranslations.com\/nl\/wp-json\/wp\/v2\/comments?post=130873"}],"version-history":[{"count":0,"href":"https:\/\/www.trustedtranslations.com\/nl\/wp-json\/wp\/v2\/pages\/130873\/revisions"}],"up":[{"embeddable":true,"href":"https:\/\/www.trustedtranslations.com\/nl\/wp-json\/wp\/v2\/pages\/131041"}],"wp:featuredmedia":[{"embeddable":true,"href":"https:\/\/www.trustedtranslations.com\/nl\/wp-json\/wp\/v2\/media\/139626"}],"wp:attachment":[{"href":"https:\/\/www.trustedtranslations.com\/nl\/wp-json\/wp\/v2\/media?parent=130873"}],"curies":[{"name":"wp","href":"https:\/\/api.w.org\/{rel}","templated":true}]}}