{"id":130876,"date":"2019-12-06T18:34:12","date_gmt":"2019-12-06T18:34:12","guid":{"rendered":"https:\/\/www.trustedtranslations.com\/?page_id=130876"},"modified":"2024-09-02T15:11:21","modified_gmt":"2024-09-02T18:11:21","slug":"nederlands","status":"publish","type":"page","link":"https:\/\/www.trustedtranslations.com\/nl\/taal\/nederlands","title":{"rendered":"Nederlands"},"content":{"rendered":"","protected":false},"excerpt":{"rendered":"","protected":false},"author":1,"featured_media":139626,"parent":131041,"menu_order":0,"comment_status":"closed","ping_status":"closed","template":"","meta":{"site-sidebar-layout":"default","site-content-layout":"default","ast-site-content-layout":"default","site-content-style":"default","site-sidebar-style":"default","ast-global-header-display":"","ast-banner-title-visibility":"","ast-main-header-display":"","ast-hfb-above-header-display":"","ast-hfb-below-header-display":"","ast-hfb-mobile-header-display":"","site-post-title":"disabled","ast-breadcrumbs-content":"","ast-featured-img":"","footer-sml-layout":"","ast-disable-related-posts":"","theme-transparent-header-meta":"default","adv-header-id-meta":"","stick-header-meta":"","header-above-stick-meta":"","header-main-stick-meta":"","header-below-stick-meta":"","astra-migrate-meta-layouts":"set","ast-page-background-enabled":"default","ast-page-background-meta":{"desktop":{"background-color":"var(--ast-global-color-4)","background-image":"","background-repeat":"repeat","background-position":"center center","background-size":"auto","background-attachment":"scroll","background-type":"","background-media":"","overlay-type":"","overlay-color":"","overlay-opacity":"","overlay-gradient":""},"tablet":{"background-color":"","background-image":"","background-repeat":"repeat","background-position":"center center","background-size":"auto","background-attachment":"scroll","background-type":"","background-media":"","overlay-type":"","overlay-color":"","overlay-opacity":"","overlay-gradient":""},"mobile":{"background-color":"","background-image":"","background-repeat":"repeat","background-position":"center center","background-size":"auto","background-attachment":"scroll","background-type":"","background-media":"","overlay-type":"","overlay-color":"","overlay-opacity":"","overlay-gradient":""}},"ast-content-background-meta":{"desktop":{"background-color":"var(--ast-global-color-5)","background-image":"","background-repeat":"repeat","background-position":"center center","background-size":"auto","background-attachment":"scroll","background-type":"","background-media":"","overlay-type":"","overlay-color":"","overlay-opacity":"","overlay-gradient":""},"tablet":{"background-color":"var(--ast-global-color-5)","background-image":"","background-repeat":"repeat","background-position":"center center","background-size":"auto","background-attachment":"scroll","background-type":"","background-media":"","overlay-type":"","overlay-color":"","overlay-opacity":"","overlay-gradient":""},"mobile":{"background-color":"var(--ast-global-color-5)","background-image":"","background-repeat":"repeat","background-position":"center center","background-size":"auto","background-attachment":"scroll","background-type":"","background-media":"","overlay-type":"","overlay-color":"","overlay-opacity":"","overlay-gradient":""}},"footnotes":""},"class_list":["post-130876","page","type-page","status-publish","has-post-thumbnail","hentry"],"yoast_head":"<!-- This site is optimized with the Yoast SEO plugin v27.3 - https:\/\/yoast.com\/product\/yoast-seo-wordpress\/ -->\n<title>Nederlandse vertaaldiensten - Trusted Translations, Inc.<\/title>\n<meta name=\"description\" content=\"Trusted Translations Inc. - Deskundige Nederlandse vertaaldiensten. Onze vertalers zorgen voor nauwkeurige en vloeiende vertalingen, afgestemd op uw behoeften. Vraag een gratis offerte aan.\" \/>\n<meta name=\"robots\" content=\"index, follow, max-snippet:-1, max-image-preview:large, max-video-preview:-1\" \/>\n<link rel=\"canonical\" href=\"https:\/\/www.trustedtranslations.com\/nl\/taal\/nederlands\" \/>\n<meta property=\"og:locale\" content=\"nl_NL\" \/>\n<meta property=\"og:type\" content=\"article\" \/>\n<meta property=\"og:title\" content=\"Nederlandse vertaaldiensten - Trusted Translations, Inc.\" \/>\n<meta property=\"og:description\" content=\"Trusted Translations Inc. - Deskundige Nederlandse vertaaldiensten. Onze vertalers zorgen voor nauwkeurige en vloeiende vertalingen, afgestemd op uw behoeften. Vraag een gratis offerte aan.\" \/>\n<meta property=\"og:url\" content=\"https:\/\/www.trustedtranslations.com\/nl\/taal\/nederlands\" \/>\n<meta property=\"og:site_name\" content=\"Trusted Translations, Inc.\" \/>\n<meta property=\"article:publisher\" content=\"https:\/\/www.facebook.com\/Trusted.Translations\" \/>\n<meta property=\"article:modified_time\" content=\"2024-09-02T18:11:21+00:00\" \/>\n<meta property=\"og:image\" content=\"https:\/\/static.trustedtranslations.com\/wp-content\/uploads\/2022\/03\/TT_NEW_FB-1.png\" \/>\n\t<meta property=\"og:image:width\" content=\"1038\" \/>\n\t<meta property=\"og:image:height\" content=\"1038\" \/>\n\t<meta property=\"og:image:type\" content=\"image\/png\" \/>\n<meta name=\"twitter:card\" content=\"summary_large_image\" \/>\n<meta name=\"twitter:site\" content=\"@TrustedT9ns\" \/>\n<script type=\"application\/ld+json\" class=\"yoast-schema-graph\">{\"@context\":\"https:\\\/\\\/schema.org\",\"@graph\":[{\"@type\":\"WebPage\",\"@id\":\"https:\\\/\\\/www.trustedtranslations.com\\\/nl\\\/taal\\\/nederlands\",\"url\":\"https:\\\/\\\/www.trustedtranslations.com\\\/nl\\\/taal\\\/nederlands\",\"name\":\"Nederlandse vertaaldiensten - Trusted Translations, Inc.\",\"isPartOf\":{\"@id\":\"https:\\\/\\\/www.trustedtranslations.com\\\/nl\\\/#website\"},\"primaryImageOfPage\":{\"@id\":\"https:\\\/\\\/www.trustedtranslations.com\\\/nl\\\/taal\\\/nederlands#primaryimage\"},\"image\":{\"@id\":\"https:\\\/\\\/www.trustedtranslations.com\\\/nl\\\/taal\\\/nederlands#primaryimage\"},\"thumbnailUrl\":\"https:\\\/\\\/www.trustedtranslations.com\\\/wp-content\\\/uploads\\\/2022\\\/03\\\/TT_NEW_FB-1.png\",\"description\":\"Trusted Translations Inc. - Deskundige Nederlandse vertaaldiensten. Onze vertalers zorgen voor nauwkeurige en vloeiende vertalingen, afgestemd op uw behoeften. Vraag een gratis offerte aan.\",\"breadcrumb\":{\"@id\":\"https:\\\/\\\/www.trustedtranslations.com\\\/nl\\\/taal\\\/nederlands#breadcrumb\"},\"inLanguage\":\"nl-NL\",\"potentialAction\":[{\"@type\":\"ReadAction\",\"target\":[\"https:\\\/\\\/www.trustedtranslations.com\\\/nl\\\/taal\\\/nederlands\"]}]},{\"@type\":\"ImageObject\",\"inLanguage\":\"nl-NL\",\"@id\":\"https:\\\/\\\/www.trustedtranslations.com\\\/nl\\\/taal\\\/nederlands#primaryimage\",\"url\":\"https:\\\/\\\/www.trustedtranslations.com\\\/wp-content\\\/uploads\\\/2022\\\/03\\\/TT_NEW_FB-1.png\",\"contentUrl\":\"https:\\\/\\\/www.trustedtranslations.com\\\/wp-content\\\/uploads\\\/2022\\\/03\\\/TT_NEW_FB-1.png\",\"width\":1038,\"height\":1038,\"caption\":\"TT NEW FB 1\"},{\"@type\":\"BreadcrumbList\",\"@id\":\"https:\\\/\\\/www.trustedtranslations.com\\\/nl\\\/taal\\\/nederlands#breadcrumb\",\"itemListElement\":[{\"@type\":\"ListItem\",\"position\":1,\"name\":\"Home\",\"item\":\"https:\\\/\\\/www.trustedtranslations.com\\\/nl\"},{\"@type\":\"ListItem\",\"position\":2,\"name\":\"Talen\",\"item\":\"https:\\\/\\\/www.trustedtranslations.com\\\/nl\\\/taal\"},{\"@type\":\"ListItem\",\"position\":3,\"name\":\"Nederlands\"}]},{\"@type\":\"WebSite\",\"@id\":\"https:\\\/\\\/www.trustedtranslations.com\\\/nl\\\/#website\",\"url\":\"https:\\\/\\\/www.trustedtranslations.com\\\/nl\\\/\",\"name\":\"Trusted Translations, Inc.\",\"description\":\"Leader in translation and interpretation services.\",\"publisher\":{\"@id\":\"https:\\\/\\\/www.trustedtranslations.com\\\/nl\\\/#organization\"},\"alternateName\":\"Trusted Translations\",\"potentialAction\":[{\"@type\":\"SearchAction\",\"target\":{\"@type\":\"EntryPoint\",\"urlTemplate\":\"https:\\\/\\\/www.trustedtranslations.com\\\/nl\\\/?s={search_term_string}\"},\"query-input\":{\"@type\":\"PropertyValueSpecification\",\"valueRequired\":true,\"valueName\":\"search_term_string\"}}],\"inLanguage\":\"nl-NL\"},{\"@type\":\"Organization\",\"@id\":\"https:\\\/\\\/www.trustedtranslations.com\\\/nl\\\/#organization\",\"name\":\"Trusted Translations\",\"alternateName\":\"Trusted Translations, Inc.\",\"url\":\"https:\\\/\\\/www.trustedtranslations.com\\\/nl\\\/\",\"logo\":{\"@type\":\"ImageObject\",\"inLanguage\":\"nl-NL\",\"@id\":\"https:\\\/\\\/www.trustedtranslations.com\\\/nl\\\/#\\\/schema\\\/logo\\\/image\\\/\",\"url\":\"https:\\\/\\\/static.trustedtranslations.com\\\/wp-content\\\/uploads\\\/2022\\\/01\\\/TT_logo_WSIColors-2.png\",\"contentUrl\":\"https:\\\/\\\/static.trustedtranslations.com\\\/wp-content\\\/uploads\\\/2022\\\/01\\\/TT_logo_WSIColors-2.png\",\"width\":500,\"height\":196,\"caption\":\"Trusted Translations\"},\"image\":{\"@id\":\"https:\\\/\\\/www.trustedtranslations.com\\\/nl\\\/#\\\/schema\\\/logo\\\/image\\\/\"},\"sameAs\":[\"https:\\\/\\\/www.facebook.com\\\/Trusted.Translations\",\"https:\\\/\\\/x.com\\\/TrustedT9ns\",\"https:\\\/\\\/www.linkedin.com\\\/company\\\/trusted-translations\"]}]}<\/script>\n<!-- \/ Yoast SEO plugin. -->","yoast_head_json":{"title":"Nederlandse vertaaldiensten - Trusted Translations, Inc.","description":"Trusted Translations Inc. - Deskundige Nederlandse vertaaldiensten. Onze vertalers zorgen voor nauwkeurige en vloeiende vertalingen, afgestemd op uw behoeften. Vraag een gratis offerte aan.","robots":{"index":"index","follow":"follow","max-snippet":"max-snippet:-1","max-image-preview":"max-image-preview:large","max-video-preview":"max-video-preview:-1"},"canonical":"https:\/\/www.trustedtranslations.com\/nl\/taal\/nederlands","og_locale":"nl_NL","og_type":"article","og_title":"Nederlandse vertaaldiensten - Trusted Translations, Inc.","og_description":"Trusted Translations Inc. - Deskundige Nederlandse vertaaldiensten. Onze vertalers zorgen voor nauwkeurige en vloeiende vertalingen, afgestemd op uw behoeften. Vraag een gratis offerte aan.","og_url":"https:\/\/www.trustedtranslations.com\/nl\/taal\/nederlands","og_site_name":"Trusted Translations, Inc.","article_publisher":"https:\/\/www.facebook.com\/Trusted.Translations","article_modified_time":"2024-09-02T18:11:21+00:00","og_image":[{"width":1038,"height":1038,"url":"https:\/\/static.trustedtranslations.com\/wp-content\/uploads\/2022\/03\/TT_NEW_FB-1.png","type":"image\/png"}],"twitter_card":"summary_large_image","twitter_site":"@TrustedT9ns","schema":{"@context":"https:\/\/schema.org","@graph":[{"@type":"WebPage","@id":"https:\/\/www.trustedtranslations.com\/nl\/taal\/nederlands","url":"https:\/\/www.trustedtranslations.com\/nl\/taal\/nederlands","name":"Nederlandse vertaaldiensten - Trusted Translations, Inc.","isPartOf":{"@id":"https:\/\/www.trustedtranslations.com\/nl\/#website"},"primaryImageOfPage":{"@id":"https:\/\/www.trustedtranslations.com\/nl\/taal\/nederlands#primaryimage"},"image":{"@id":"https:\/\/www.trustedtranslations.com\/nl\/taal\/nederlands#primaryimage"},"thumbnailUrl":"https:\/\/www.trustedtranslations.com\/wp-content\/uploads\/2022\/03\/TT_NEW_FB-1.png","description":"Trusted Translations Inc. - Deskundige Nederlandse vertaaldiensten. Onze vertalers zorgen voor nauwkeurige en vloeiende vertalingen, afgestemd op uw behoeften. Vraag een gratis offerte aan.","breadcrumb":{"@id":"https:\/\/www.trustedtranslations.com\/nl\/taal\/nederlands#breadcrumb"},"inLanguage":"nl-NL","potentialAction":[{"@type":"ReadAction","target":["https:\/\/www.trustedtranslations.com\/nl\/taal\/nederlands"]}]},{"@type":"ImageObject","inLanguage":"nl-NL","@id":"https:\/\/www.trustedtranslations.com\/nl\/taal\/nederlands#primaryimage","url":"https:\/\/www.trustedtranslations.com\/wp-content\/uploads\/2022\/03\/TT_NEW_FB-1.png","contentUrl":"https:\/\/www.trustedtranslations.com\/wp-content\/uploads\/2022\/03\/TT_NEW_FB-1.png","width":1038,"height":1038,"caption":"TT NEW FB 1"},{"@type":"BreadcrumbList","@id":"https:\/\/www.trustedtranslations.com\/nl\/taal\/nederlands#breadcrumb","itemListElement":[{"@type":"ListItem","position":1,"name":"Home","item":"https:\/\/www.trustedtranslations.com\/nl"},{"@type":"ListItem","position":2,"name":"Talen","item":"https:\/\/www.trustedtranslations.com\/nl\/taal"},{"@type":"ListItem","position":3,"name":"Nederlands"}]},{"@type":"WebSite","@id":"https:\/\/www.trustedtranslations.com\/nl\/#website","url":"https:\/\/www.trustedtranslations.com\/nl\/","name":"Trusted Translations, Inc.","description":"Leader in translation and interpretation services.","publisher":{"@id":"https:\/\/www.trustedtranslations.com\/nl\/#organization"},"alternateName":"Trusted Translations","potentialAction":[{"@type":"SearchAction","target":{"@type":"EntryPoint","urlTemplate":"https:\/\/www.trustedtranslations.com\/nl\/?s={search_term_string}"},"query-input":{"@type":"PropertyValueSpecification","valueRequired":true,"valueName":"search_term_string"}}],"inLanguage":"nl-NL"},{"@type":"Organization","@id":"https:\/\/www.trustedtranslations.com\/nl\/#organization","name":"Trusted Translations","alternateName":"Trusted Translations, Inc.","url":"https:\/\/www.trustedtranslations.com\/nl\/","logo":{"@type":"ImageObject","inLanguage":"nl-NL","@id":"https:\/\/www.trustedtranslations.com\/nl\/#\/schema\/logo\/image\/","url":"https:\/\/static.trustedtranslations.com\/wp-content\/uploads\/2022\/01\/TT_logo_WSIColors-2.png","contentUrl":"https:\/\/static.trustedtranslations.com\/wp-content\/uploads\/2022\/01\/TT_logo_WSIColors-2.png","width":500,"height":196,"caption":"Trusted Translations"},"image":{"@id":"https:\/\/www.trustedtranslations.com\/nl\/#\/schema\/logo\/image\/"},"sameAs":["https:\/\/www.facebook.com\/Trusted.Translations","https:\/\/x.com\/TrustedT9ns","https:\/\/www.linkedin.com\/company\/trusted-translations"]}]}},"toolset-meta":{"dyk":{"mensaje-1":{"type":"textfield","raw":"Wij zijn een van de weinige vertaalbedrijven met native Nederlandse vertalers in dienst."},"mensaje-2":{"type":"textfield","raw":"Trusted Translations werkt in heel Europa, ook in Belgi\u00eb."},"mensaje-3":{"type":"textfield","raw":"Hoewel Vlaams en Nederlands vaak worden gezien als \u00e9\u00e9n taal, zijn er wel degelijk subtiele verschillen."},"mensaje-4":{"type":"textfield","raw":"Trusted Translations biedt hoogwaardige Nederlandse vertalingen tegen de meest competitieve prijzen."},"mensaje-5":{"type":"textfield","raw":""},"mensaje-6":{"type":"textfield","raw":""}},"single-page-template-fields":{"imgs-temp":{"type":"image","raw":["https:\/\/static.trustedtranslations.com\/wp-content\/uploads\/2024\/05\/dutch-1-1.webp","https:\/\/static.trustedtranslations.com\/wp-content\/uploads\/2024\/05\/dutch-2-1.webp"],"repeatable":[{"raw":"https:\/\/static.trustedtranslations.com\/wp-content\/uploads\/2024\/05\/dutch-1-1.webp"},{"raw":"https:\/\/static.trustedtranslations.com\/wp-content\/uploads\/2024\/05\/dutch-2-1.webp"}]},"imgs-temp-cel":{"type":"image","raw":[""],"repeatable":[{"raw":""}]},"img-temp-one-cel":{"type":"image","raw":"https:\/\/static.trustedtranslations.com\/wp-content\/uploads\/2024\/05\/image-9-1.webp","attachment_id":null},"quotes":{"type":"textarea","raw":"<h1 style=\"margin-bottom: 12px;\">Nederlandse vertaaldiensten<\/h1>\r\nHet Nederlands heeft wereldwijd naar schatting 23 miljoen moedertaalsprekers, geconcentreerd in Nederland, Belgi\u00eb en Suriname. Nederlands is de sleutel tot het betreden van deze nieuwe markten, met name Nederland, een van de toplanden van de EU op het gebied van digitale connectiviteit en innovatie. <em>Trusted Translations<\/em> levert professionele vertalers Nederlands die goed thuis zijn in de Nederlandse taal, maar ook in de cruciale verschillen tussen algemeen Nederlands en Vlaams.\r\n<div style=\"margin-top: 2.5vw;\"><a class=\"tt-btn-main-cta\" href=\"https:\/\/www.trustedtranslations.com\/nl\/offerte\">Vraag een gratis offerte aan<\/a><\/div>"},"text-1":{"type":"textarea","raw":"<h2>Hoogwaardige professionele Nederlandse vertalingen<\/h2>\r\n<em>Trusted Translations<\/em> is trots op het leveren van professionele Nederlandse vertalingen van hoge kwaliteit tegen competitieve tarieven.\r\n\r\nVeel van onze klanten behoren tot de topbedrijven en organisaties ter wereld; daarom bevinden we ons in een unieke positie om elk type professioneel Nederlands vertaalproject dat u heeft, aan te kunnen. Van kleine start-ups tot grote multinationals, <em>Trusted Translations<\/em> voorziet uw organisatie van uitgebreide ervaring in professionele Nederlandse vertalingen.\r\n<h2 style=\"margin-bottom:20px\">Nederlandse vertaling en Vlaamse vertaling<\/h2>\r\nDe Nederlandse en Vlaamse taalgroep omvat meer dan 25 miljoen moedertaalsprekers die deel uitmaken van een economisch machtige regio die bestaat uit Belgi\u00eb en Nederland. Bovendien hebben Belgi\u00eb en Nederland altijd een belangrijke rol gespeeld in de Europese Gemeenschap, zowel historisch als geografisch. De regio Vlaanderen in Belgi\u00eb en de Randstad in Nederland (bestaande uit onder meer Amsterdam en Rotterdam) zijn groeiende industri\u00eble en logistieke kruispunten, met een aantal van de grootste havens ter wereld en een uitgebreid netwerk aan snelwegen en andere wegen.\r\n\r\nHoewel het technisch gezien om dezelfde taal gaat, zijn er opvallende verschillen tussen Nederlands (wat in Nederland wordt gesproken) en Vlaams (wat in het noorden van Belgi\u00eb wordt gesproken). In theorie zijn Vlaams en Nederlands hetzelfde. Vanuit cultureel oogpunt hebben Nederlanders en Vlamingen echter hun verschillen, die vergelijkbaar zijn met die tussen Amerikaans Engels en Brits Engels.\r\n\r\nIn het geval van Nederlands en Vlaams zit het verschil in het gebruik van woorden en betekenis. In feite zijn er geen spellings- of grammaticale verschillen tussen de twee taalvarianten. Hoewel er in Nederland en Vlaanderen min of meer dezelfde taal wordt gesproken, zijn er wel verschillen. Bij <em>Trusted Translations<\/em> begrijpen we deze subtiele, maar belangrijke verschillen en zorgen we ervoor dat uw Nederlandse of Vlaamse vertalingen aan uw doelgroep zijn aangepast."},"shortcode-map":{"type":"textfield","raw":""},"dyk-shortcode":{"type":"textfield","raw":"[elementor-template id=\"146767\"]"},"text-2":{"type":"textarea","raw":"<h2 style=\"margin-bottom:20px\">Engels-Nederlandse en Spaans-Nederlandse vertaling<\/h2>\r\nVloeiende communicatie in de Nederlandse taal is een belangrijke plus voor een bedrijf dat in de 21e eeuw succesvol wil zijn. De kwaliteit van uw Nederlandse vertalingen is een rechtstreekse weergave van u en uw bedrijf. Als vooraanstaand aanbieder van professionele Nederlandse vertaaldiensten, focussen wij ons op hetgeen waar wij het beste in zijn, zodat u dat ook kunt doen.\r\n\r\nOngeacht het type inhoud van uw Nederlandse vertalingen, we hebben teams van professionele vertalers die gespecialiseerd zijn in verschillende vakgebieden. Dit omvat expertise op de volgende gebieden: financi\u00ebn, IT, verkoop, marketing, media, recht, reizen, software, consumentencommunicatie, bedrijven, telecom, zakelijk, technisch, PR, geneeskunde en gezondheidsdiensten, overheid, verzekeringen en literatuur.\r\n\r\nHoewel we gespecialiseerd zijn in Engels - Nederlandse en Spaans - Nederlandse vertaaldiensten, vertalen we ook regelmatig Nederlandse documenten vanuit en naar het Frans, Duits, Italiaans, Koreaans, Chinees en Japans, met behulp van native, ervaren en branchespecifieke Nederlandse vertalers.\r\n<h2 style=\"margin-bottom:20px\">Deskundige Nederlandse vertaalteams<\/h2>\r\nDe dienst die wordt uitgevoerd door onze professionele Nederlandse en Vlaamse vertalers omvat ook redigeren en proeflezen door onafhankelijke experts, zonder extra kosten. Onze teams van professionals bieden ook redigeren en proeflezen van Nederlandse teksten aan voor vertalingen die door andere leveranciers zijn gemaakt."},"state":{"type":"textfield","raw":""},"city":{"type":"textarea","raw":[]}}},"_links":{"self":[{"href":"https:\/\/www.trustedtranslations.com\/nl\/wp-json\/wp\/v2\/pages\/130876","targetHints":{"allow":["GET"]}}],"collection":[{"href":"https:\/\/www.trustedtranslations.com\/nl\/wp-json\/wp\/v2\/pages"}],"about":[{"href":"https:\/\/www.trustedtranslations.com\/nl\/wp-json\/wp\/v2\/types\/page"}],"author":[{"embeddable":true,"href":"https:\/\/www.trustedtranslations.com\/nl\/wp-json\/wp\/v2\/users\/1"}],"replies":[{"embeddable":true,"href":"https:\/\/www.trustedtranslations.com\/nl\/wp-json\/wp\/v2\/comments?post=130876"}],"version-history":[{"count":0,"href":"https:\/\/www.trustedtranslations.com\/nl\/wp-json\/wp\/v2\/pages\/130876\/revisions"}],"up":[{"embeddable":true,"href":"https:\/\/www.trustedtranslations.com\/nl\/wp-json\/wp\/v2\/pages\/131041"}],"wp:featuredmedia":[{"embeddable":true,"href":"https:\/\/www.trustedtranslations.com\/nl\/wp-json\/wp\/v2\/media\/139626"}],"wp:attachment":[{"href":"https:\/\/www.trustedtranslations.com\/nl\/wp-json\/wp\/v2\/media?parent=130876"}],"curies":[{"name":"wp","href":"https:\/\/api.w.org\/{rel}","templated":true}]}}