{"id":130884,"date":"2019-12-06T18:32:56","date_gmt":"2019-12-06T18:32:56","guid":{"rendered":"https:\/\/www.trustedtranslations.com\/?page_id=130884"},"modified":"2024-09-27T14:24:20","modified_gmt":"2024-09-27T17:24:20","slug":"russisch","status":"publish","type":"page","link":"https:\/\/www.trustedtranslations.com\/nl\/taal\/russisch","title":{"rendered":"Russisch"},"content":{"rendered":"","protected":false},"excerpt":{"rendered":"","protected":false},"author":1,"featured_media":222935,"parent":131041,"menu_order":0,"comment_status":"closed","ping_status":"closed","template":"","meta":{"site-sidebar-layout":"default","site-content-layout":"default","ast-site-content-layout":"default","site-content-style":"default","site-sidebar-style":"default","ast-global-header-display":"","ast-banner-title-visibility":"","ast-main-header-display":"","ast-hfb-above-header-display":"","ast-hfb-below-header-display":"","ast-hfb-mobile-header-display":"","site-post-title":"disabled","ast-breadcrumbs-content":"","ast-featured-img":"","footer-sml-layout":"","ast-disable-related-posts":"","theme-transparent-header-meta":"default","adv-header-id-meta":"","stick-header-meta":"","header-above-stick-meta":"","header-main-stick-meta":"","header-below-stick-meta":"","astra-migrate-meta-layouts":"set","ast-page-background-enabled":"default","ast-page-background-meta":{"desktop":{"background-color":"var(--ast-global-color-4)","background-image":"","background-repeat":"repeat","background-position":"center center","background-size":"auto","background-attachment":"scroll","background-type":"","background-media":"","overlay-type":"","overlay-color":"","overlay-opacity":"","overlay-gradient":""},"tablet":{"background-color":"","background-image":"","background-repeat":"repeat","background-position":"center center","background-size":"auto","background-attachment":"scroll","background-type":"","background-media":"","overlay-type":"","overlay-color":"","overlay-opacity":"","overlay-gradient":""},"mobile":{"background-color":"","background-image":"","background-repeat":"repeat","background-position":"center center","background-size":"auto","background-attachment":"scroll","background-type":"","background-media":"","overlay-type":"","overlay-color":"","overlay-opacity":"","overlay-gradient":""}},"ast-content-background-meta":{"desktop":{"background-color":"var(--ast-global-color-5)","background-image":"","background-repeat":"repeat","background-position":"center center","background-size":"auto","background-attachment":"scroll","background-type":"","background-media":"","overlay-type":"","overlay-color":"","overlay-opacity":"","overlay-gradient":""},"tablet":{"background-color":"var(--ast-global-color-5)","background-image":"","background-repeat":"repeat","background-position":"center center","background-size":"auto","background-attachment":"scroll","background-type":"","background-media":"","overlay-type":"","overlay-color":"","overlay-opacity":"","overlay-gradient":""},"mobile":{"background-color":"var(--ast-global-color-5)","background-image":"","background-repeat":"repeat","background-position":"center center","background-size":"auto","background-attachment":"scroll","background-type":"","background-media":"","overlay-type":"","overlay-color":"","overlay-opacity":"","overlay-gradient":""}},"footnotes":""},"class_list":["post-130884","page","type-page","status-publish","has-post-thumbnail","hentry"],"yoast_head":"<!-- This site is optimized with the Yoast SEO plugin v27.3 - https:\/\/yoast.com\/product\/yoast-seo-wordpress\/ -->\n<title>Russische vertaaldiensten - Trusted Translations, Inc.<\/title>\n<meta name=\"description\" content=\"Profiteer van deskundige Russische vertaaldiensten bij Trusted Translations. Onze moedertaalvertalers zorgen voor nauwkeurige en accurate vertalingen. Neem vandaag nog contact met ons op\" \/>\n<meta name=\"robots\" content=\"index, follow, max-snippet:-1, max-image-preview:large, max-video-preview:-1\" \/>\n<link rel=\"canonical\" href=\"https:\/\/www.trustedtranslations.com\/nl\/taal\/russisch\" \/>\n<meta property=\"og:locale\" content=\"nl_NL\" \/>\n<meta property=\"og:type\" content=\"article\" \/>\n<meta property=\"og:title\" content=\"Russische vertaaldiensten - Trusted Translations, Inc.\" \/>\n<meta property=\"og:description\" content=\"Profiteer van deskundige Russische vertaaldiensten bij Trusted Translations. Onze moedertaalvertalers zorgen voor nauwkeurige en accurate vertalingen. Neem vandaag nog contact met ons op\" \/>\n<meta property=\"og:url\" content=\"https:\/\/www.trustedtranslations.com\/nl\/taal\/russisch\" \/>\n<meta property=\"og:site_name\" content=\"Trusted Translations, Inc.\" \/>\n<meta property=\"article:publisher\" content=\"https:\/\/www.facebook.com\/Trusted.Translations\" \/>\n<meta property=\"article:modified_time\" content=\"2024-09-27T17:24:20+00:00\" \/>\n<meta property=\"og:image\" content=\"https:\/\/www.trustedtranslations.com\/wp-content\/uploads\/2022\/06\/tt-logo-2-1.webp\" \/>\n\t<meta property=\"og:image:width\" content=\"216\" \/>\n\t<meta property=\"og:image:height\" content=\"94\" \/>\n\t<meta property=\"og:image:type\" content=\"image\/webp\" \/>\n<meta name=\"twitter:card\" content=\"summary_large_image\" \/>\n<meta name=\"twitter:site\" content=\"@TrustedT9ns\" \/>\n<script type=\"application\/ld+json\" class=\"yoast-schema-graph\">{\"@context\":\"https:\\\/\\\/schema.org\",\"@graph\":[{\"@type\":\"WebPage\",\"@id\":\"https:\\\/\\\/www.trustedtranslations.com\\\/nl\\\/taal\\\/russisch\",\"url\":\"https:\\\/\\\/www.trustedtranslations.com\\\/nl\\\/taal\\\/russisch\",\"name\":\"Russische vertaaldiensten - Trusted Translations, Inc.\",\"isPartOf\":{\"@id\":\"https:\\\/\\\/www.trustedtranslations.com\\\/nl\\\/#website\"},\"primaryImageOfPage\":{\"@id\":\"https:\\\/\\\/www.trustedtranslations.com\\\/nl\\\/taal\\\/russisch#primaryimage\"},\"image\":{\"@id\":\"https:\\\/\\\/www.trustedtranslations.com\\\/nl\\\/taal\\\/russisch#primaryimage\"},\"thumbnailUrl\":\"\",\"description\":\"Profiteer van deskundige Russische vertaaldiensten bij Trusted Translations. Onze moedertaalvertalers zorgen voor nauwkeurige en accurate vertalingen. Neem vandaag nog contact met ons op\",\"breadcrumb\":{\"@id\":\"https:\\\/\\\/www.trustedtranslations.com\\\/nl\\\/taal\\\/russisch#breadcrumb\"},\"inLanguage\":\"nl-NL\",\"potentialAction\":[{\"@type\":\"ReadAction\",\"target\":[\"https:\\\/\\\/www.trustedtranslations.com\\\/nl\\\/taal\\\/russisch\"]}]},{\"@type\":\"ImageObject\",\"inLanguage\":\"nl-NL\",\"@id\":\"https:\\\/\\\/www.trustedtranslations.com\\\/nl\\\/taal\\\/russisch#primaryimage\",\"url\":\"\",\"contentUrl\":\"\"},{\"@type\":\"BreadcrumbList\",\"@id\":\"https:\\\/\\\/www.trustedtranslations.com\\\/nl\\\/taal\\\/russisch#breadcrumb\",\"itemListElement\":[{\"@type\":\"ListItem\",\"position\":1,\"name\":\"Home\",\"item\":\"https:\\\/\\\/www.trustedtranslations.com\\\/nl\"},{\"@type\":\"ListItem\",\"position\":2,\"name\":\"Talen\",\"item\":\"https:\\\/\\\/www.trustedtranslations.com\\\/nl\\\/taal\"},{\"@type\":\"ListItem\",\"position\":3,\"name\":\"Russisch\"}]},{\"@type\":\"WebSite\",\"@id\":\"https:\\\/\\\/www.trustedtranslations.com\\\/nl\\\/#website\",\"url\":\"https:\\\/\\\/www.trustedtranslations.com\\\/nl\\\/\",\"name\":\"Trusted Translations, Inc.\",\"description\":\"Leader in translation and interpretation services.\",\"publisher\":{\"@id\":\"https:\\\/\\\/www.trustedtranslations.com\\\/nl\\\/#organization\"},\"alternateName\":\"Trusted Translations\",\"potentialAction\":[{\"@type\":\"SearchAction\",\"target\":{\"@type\":\"EntryPoint\",\"urlTemplate\":\"https:\\\/\\\/www.trustedtranslations.com\\\/nl\\\/?s={search_term_string}\"},\"query-input\":{\"@type\":\"PropertyValueSpecification\",\"valueRequired\":true,\"valueName\":\"search_term_string\"}}],\"inLanguage\":\"nl-NL\"},{\"@type\":\"Organization\",\"@id\":\"https:\\\/\\\/www.trustedtranslations.com\\\/nl\\\/#organization\",\"name\":\"Trusted Translations\",\"alternateName\":\"Trusted Translations, Inc.\",\"url\":\"https:\\\/\\\/www.trustedtranslations.com\\\/nl\\\/\",\"logo\":{\"@type\":\"ImageObject\",\"inLanguage\":\"nl-NL\",\"@id\":\"https:\\\/\\\/www.trustedtranslations.com\\\/nl\\\/#\\\/schema\\\/logo\\\/image\\\/\",\"url\":\"https:\\\/\\\/static.trustedtranslations.com\\\/wp-content\\\/uploads\\\/2022\\\/01\\\/TT_logo_WSIColors-2.png\",\"contentUrl\":\"https:\\\/\\\/static.trustedtranslations.com\\\/wp-content\\\/uploads\\\/2022\\\/01\\\/TT_logo_WSIColors-2.png\",\"width\":500,\"height\":196,\"caption\":\"Trusted Translations\"},\"image\":{\"@id\":\"https:\\\/\\\/www.trustedtranslations.com\\\/nl\\\/#\\\/schema\\\/logo\\\/image\\\/\"},\"sameAs\":[\"https:\\\/\\\/www.facebook.com\\\/Trusted.Translations\",\"https:\\\/\\\/x.com\\\/TrustedT9ns\",\"https:\\\/\\\/www.linkedin.com\\\/company\\\/trusted-translations\"]}]}<\/script>\n<!-- \/ Yoast SEO plugin. -->","yoast_head_json":{"title":"Russische vertaaldiensten - Trusted Translations, Inc.","description":"Profiteer van deskundige Russische vertaaldiensten bij Trusted Translations. Onze moedertaalvertalers zorgen voor nauwkeurige en accurate vertalingen. Neem vandaag nog contact met ons op","robots":{"index":"index","follow":"follow","max-snippet":"max-snippet:-1","max-image-preview":"max-image-preview:large","max-video-preview":"max-video-preview:-1"},"canonical":"https:\/\/www.trustedtranslations.com\/nl\/taal\/russisch","og_locale":"nl_NL","og_type":"article","og_title":"Russische vertaaldiensten - Trusted Translations, Inc.","og_description":"Profiteer van deskundige Russische vertaaldiensten bij Trusted Translations. Onze moedertaalvertalers zorgen voor nauwkeurige en accurate vertalingen. Neem vandaag nog contact met ons op","og_url":"https:\/\/www.trustedtranslations.com\/nl\/taal\/russisch","og_site_name":"Trusted Translations, Inc.","article_publisher":"https:\/\/www.facebook.com\/Trusted.Translations","article_modified_time":"2024-09-27T17:24:20+00:00","og_image":[{"width":216,"height":94,"url":"https:\/\/www.trustedtranslations.com\/wp-content\/uploads\/2022\/06\/tt-logo-2-1.webp","type":"image\/webp"}],"twitter_card":"summary_large_image","twitter_site":"@TrustedT9ns","schema":{"@context":"https:\/\/schema.org","@graph":[{"@type":"WebPage","@id":"https:\/\/www.trustedtranslations.com\/nl\/taal\/russisch","url":"https:\/\/www.trustedtranslations.com\/nl\/taal\/russisch","name":"Russische vertaaldiensten - Trusted Translations, Inc.","isPartOf":{"@id":"https:\/\/www.trustedtranslations.com\/nl\/#website"},"primaryImageOfPage":{"@id":"https:\/\/www.trustedtranslations.com\/nl\/taal\/russisch#primaryimage"},"image":{"@id":"https:\/\/www.trustedtranslations.com\/nl\/taal\/russisch#primaryimage"},"thumbnailUrl":"","description":"Profiteer van deskundige Russische vertaaldiensten bij Trusted Translations. Onze moedertaalvertalers zorgen voor nauwkeurige en accurate vertalingen. Neem vandaag nog contact met ons op","breadcrumb":{"@id":"https:\/\/www.trustedtranslations.com\/nl\/taal\/russisch#breadcrumb"},"inLanguage":"nl-NL","potentialAction":[{"@type":"ReadAction","target":["https:\/\/www.trustedtranslations.com\/nl\/taal\/russisch"]}]},{"@type":"ImageObject","inLanguage":"nl-NL","@id":"https:\/\/www.trustedtranslations.com\/nl\/taal\/russisch#primaryimage","url":"","contentUrl":""},{"@type":"BreadcrumbList","@id":"https:\/\/www.trustedtranslations.com\/nl\/taal\/russisch#breadcrumb","itemListElement":[{"@type":"ListItem","position":1,"name":"Home","item":"https:\/\/www.trustedtranslations.com\/nl"},{"@type":"ListItem","position":2,"name":"Talen","item":"https:\/\/www.trustedtranslations.com\/nl\/taal"},{"@type":"ListItem","position":3,"name":"Russisch"}]},{"@type":"WebSite","@id":"https:\/\/www.trustedtranslations.com\/nl\/#website","url":"https:\/\/www.trustedtranslations.com\/nl\/","name":"Trusted Translations, Inc.","description":"Leader in translation and interpretation services.","publisher":{"@id":"https:\/\/www.trustedtranslations.com\/nl\/#organization"},"alternateName":"Trusted Translations","potentialAction":[{"@type":"SearchAction","target":{"@type":"EntryPoint","urlTemplate":"https:\/\/www.trustedtranslations.com\/nl\/?s={search_term_string}"},"query-input":{"@type":"PropertyValueSpecification","valueRequired":true,"valueName":"search_term_string"}}],"inLanguage":"nl-NL"},{"@type":"Organization","@id":"https:\/\/www.trustedtranslations.com\/nl\/#organization","name":"Trusted Translations","alternateName":"Trusted Translations, Inc.","url":"https:\/\/www.trustedtranslations.com\/nl\/","logo":{"@type":"ImageObject","inLanguage":"nl-NL","@id":"https:\/\/www.trustedtranslations.com\/nl\/#\/schema\/logo\/image\/","url":"https:\/\/static.trustedtranslations.com\/wp-content\/uploads\/2022\/01\/TT_logo_WSIColors-2.png","contentUrl":"https:\/\/static.trustedtranslations.com\/wp-content\/uploads\/2022\/01\/TT_logo_WSIColors-2.png","width":500,"height":196,"caption":"Trusted Translations"},"image":{"@id":"https:\/\/www.trustedtranslations.com\/nl\/#\/schema\/logo\/image\/"},"sameAs":["https:\/\/www.facebook.com\/Trusted.Translations","https:\/\/x.com\/TrustedT9ns","https:\/\/www.linkedin.com\/company\/trusted-translations"]}]}},"toolset-meta":{"dyk":{"mensaje-1":{"type":"textfield","raw":"Vijfentwintig van alle wetenschappelijke publicaties die wereldwijd worden gepubliceerd, zijn in het Russisch.\u00a0"},"mensaje-2":{"type":"textfield","raw":"Russisch is de tweede meest gebruikte taal op het internet."},"mensaje-3":{"type":"textfield","raw":"Russisch wordt gezien als een van de zes offici\u00eble talen van de Verenigde Naties."},"mensaje-4":{"type":"textfield","raw":"Wij zijn de voorkeursleverancier van hoogwaardige Russische vertalingen aan de belangrijkste bedrijven ter wereld."},"mensaje-5":{"type":"textfield","raw":"Wij zijn de voorkeursleverancier van hoogwaardige Russische vertalingen aan de belangrijkste bedrijven ter wereld"},"mensaje-6":{"type":"textfield","raw":"Wij overtreffen de ISO 9001:2015 kwaliteitsstandaarden en certificeren onze technische vertalingen"}},"single-page-template-fields":{"imgs-temp":{"type":"image","raw":["https:\/\/static.trustedtranslations.com\/wp-content\/uploads\/2024\/06\/russian-1.webp"],"repeatable":[{"raw":"https:\/\/static.trustedtranslations.com\/wp-content\/uploads\/2024\/06\/russian-1.webp"}]},"imgs-temp-cel":{"type":"image","raw":[""],"repeatable":[{"raw":""}]},"img-temp-one-cel":{"type":"image","raw":"https:\/\/static.trustedtranslations.com\/wp-content\/uploads\/2024\/06\/saint-basil-s-cathedral-red-squa.webp","attachment_id":null},"quotes":{"type":"textarea","raw":"<h1 style=\"margin-bottom: 12px;\">Russische vertaaldiensten<\/h1>Russisch behoort tot de top tien van meest gesproken wereldtalen, geconcentreerd in de Russische Federatie, Oost-Europa en verschillende immigrantengemeenschappen. Aangezien de meerderheid van de Russischtaligen alleen toegang heeft tot inhoud in het Russisch, is nauwkeurige vertaling van cruciaal belang om de geopolitieke, financi\u00eble en wetenschappelijke waarde van het Russisch te benutten. Bij Trusted Translations zijn onze vertalers experts in de complexiteit van de Russische taal, inclusief het lokaliseren van uw Russische vertaalprojecten naar specifieke gemeenschappen en regio\u2019s.<div style=\"margin-top: 2.5vw;\"><a class=\"tt-btn-main-cta\" href=\"\/nl\/offerte\">VRAAG EEN GRATIS OFFERTE AAN<\/a><\/div>"},"text-1":{"type":"textarea","raw":"<h2>Professionele en nauwkeurige Russische vertalingen<\/h2>\r\n<p><em>Trusted Translations<\/em> is trots op het leveren van hoogwaardige professionele Russische vertalingen tegen competitieve tarieven.<\/p>\r\n<p>Veel van onze klanten behoren tot de topbedrijven en organisaties ter wereld; daarom bevinden we ons in een unieke positie om elk type professioneel Russisch vertaalproject dat u heeft, aan te kunnen. Van kleine startende ondernemingen tot grote multinationals; <em>Trusted Translations<\/em> voorziet uw organisatie van uitgebreide ervaring in professionele Russische vertalingen.<\/p>\r\n<h2 style=\"margin-bottom: 20px\">Russische vertalingen<\/h2>\r\n<p>Russisch is de offici\u00eble taal van de Russische Federatie; een mede-offici\u00eble taal in Wit-Rusland, Kazachstan en Kirgizi\u00eb, en wordt ook veel gesproken in Oekra\u00efne, Moldavi\u00eb, Tadzjikistan, Oezbekistan evenals in andere voormalige Sovjetrepublieken. Vanwege uitgebreide migratie wordt het Russisch ook in veel andere kleinere gemeenschappen over de hele wereld gesproken. In Isra\u00ebl bijvoorbeeld zijn fabrikanten en importeurs van geneesmiddelen verplicht om productinformatie in het Russisch op de verpakking te zetten. Ongeveer een kwart van alle wetenschappelijke publicaties wordt in het Russisch geproduceerd en het is \u00e9\u00e9n van de zes offici\u00eble talen van de Verenigde Naties. Door de belangrijke aanwezigheid van de Russische taal op de wereldmarkt zijn professionele Russische vertaaldiensten vaak vereist voor elke echt wereldwijde organisatie.<\/p>\r\n<p>Een van de uitdagingen rondom het gebruik van de Russische taal is lokalisering. Hoewel de Russische taal officieel standaardregels volgt, hebben veel gemeenschappen de taal aangepast op basis van hun locatie en omgeving. Veel immigranten in landen als de VS, Isra\u00ebl, Duitsland, Canada en Australi\u00eb gebruiken Russisch met een \u2018ver-Russischte\u2019 lokale terminologie. In Brooklyn, New York, is het bijvoorbeeld standaard om verschillende getranslitereerde Engelse woorden in een verder voornamelijk Russische tekst op te nemen. Ongeacht de uitdagingen is <em>Trusted Translations<\/em> in staat om elk specifieke project aan te pakken en u te voorzien van de beste vertaal- of lokalisatiedienst.<\/p>\r\n<p>Ongeacht de inhoud van uw Russische vertaalbehoeften, we hebben teams van professionele vertalers die gespecialiseerd zijn in verschillende vakgebieden. Dit omvat expertise op de volgende gebieden: financi\u00ebn, IT, verkoop, marketing, wetenschap, media, recht, reizen, software, bedrijfsleven, telecom, corporate, techniek, PR, geneeskunde en gezondheidsdiensten, overheid, verzekeringen en literatuur.<\/p>"},"shortcode-map":{"type":"textfield","raw":""},"dyk-shortcode":{"type":"textfield","raw":"[elementor-template id=\"146767\"]"},"text-2":{"type":"textarea","raw":"<h2 style=\"margin-bottom: 20px\">Engels - Russische vertaling en Spaans - Russische vertaling<\/h2>\r\nWe zijn trots op onze uitstekende reputatie voor betrouwbare en hoogwaardige Engels-Russische vertalingen, Spaans-Russische vertalingen, Russisch-Engelse vertalingen en Russisch-Spaanse vertalingen. We hebben teams samengesteld van Russische vertalers met verschillende vaardigheden en specialiteiten, die in staat zijn te werken met de complexiteiten van de Russische taal. We passen de kennis en kracht van onze Russische vertaalteams aan uw specifiek project en de behoeften van de Russischtalige markt aan.\r\n<h2 style=\"margin-bottom: 20px\">Deskundige Russische vertaalteams<\/h2>\r\nDe service die wordt gegeven door onze professionele Russische vertaalteams omvat ook redigeren en proeflezen door onafhankelijke experts, zonder extra kosten. Ons team van professionals biedt ook redigeren en proeflezen van Russische teksten aan voor vertalingen die door andere leveranciers zijn uitgevoerd."},"state":{"type":"textfield","raw":""},"city":{"type":"textarea","raw":[]}}},"_links":{"self":[{"href":"https:\/\/www.trustedtranslations.com\/nl\/wp-json\/wp\/v2\/pages\/130884","targetHints":{"allow":["GET"]}}],"collection":[{"href":"https:\/\/www.trustedtranslations.com\/nl\/wp-json\/wp\/v2\/pages"}],"about":[{"href":"https:\/\/www.trustedtranslations.com\/nl\/wp-json\/wp\/v2\/types\/page"}],"author":[{"embeddable":true,"href":"https:\/\/www.trustedtranslations.com\/nl\/wp-json\/wp\/v2\/users\/1"}],"replies":[{"embeddable":true,"href":"https:\/\/www.trustedtranslations.com\/nl\/wp-json\/wp\/v2\/comments?post=130884"}],"version-history":[{"count":0,"href":"https:\/\/www.trustedtranslations.com\/nl\/wp-json\/wp\/v2\/pages\/130884\/revisions"}],"up":[{"embeddable":true,"href":"https:\/\/www.trustedtranslations.com\/nl\/wp-json\/wp\/v2\/pages\/131041"}],"wp:featuredmedia":[{"embeddable":true,"href":"https:\/\/www.trustedtranslations.com\/nl\/wp-json\/"}],"wp:attachment":[{"href":"https:\/\/www.trustedtranslations.com\/nl\/wp-json\/wp\/v2\/media?parent=130884"}],"curies":[{"name":"wp","href":"https:\/\/api.w.org\/{rel}","templated":true}]}}