{"id":130917,"date":"2019-11-26T12:50:40","date_gmt":"2019-11-26T12:50:40","guid":{"rendered":"https:\/\/www.trustedtranslations.com\/?page_id=130917"},"modified":"2024-09-03T11:54:24","modified_gmt":"2024-09-03T14:54:24","slug":"financieel","status":"publish","type":"page","link":"https:\/\/www.trustedtranslations.com\/nl\/industrieen\/financieel","title":{"rendered":"Financieel"},"content":{"rendered":"","protected":false},"excerpt":{"rendered":"","protected":false},"author":1,"featured_media":139626,"parent":131037,"menu_order":0,"comment_status":"closed","ping_status":"closed","template":"","meta":{"site-sidebar-layout":"default","site-content-layout":"default","ast-site-content-layout":"default","site-content-style":"default","site-sidebar-style":"default","ast-global-header-display":"","ast-banner-title-visibility":"","ast-main-header-display":"","ast-hfb-above-header-display":"","ast-hfb-below-header-display":"","ast-hfb-mobile-header-display":"","site-post-title":"disabled","ast-breadcrumbs-content":"","ast-featured-img":"","footer-sml-layout":"","ast-disable-related-posts":"","theme-transparent-header-meta":"default","adv-header-id-meta":"","stick-header-meta":"","header-above-stick-meta":"","header-main-stick-meta":"","header-below-stick-meta":"","astra-migrate-meta-layouts":"set","ast-page-background-enabled":"default","ast-page-background-meta":{"desktop":{"background-color":"var(--ast-global-color-4)","background-image":"","background-repeat":"repeat","background-position":"center center","background-size":"auto","background-attachment":"scroll","background-type":"","background-media":"","overlay-type":"","overlay-color":"","overlay-opacity":"","overlay-gradient":""},"tablet":{"background-color":"","background-image":"","background-repeat":"repeat","background-position":"center center","background-size":"auto","background-attachment":"scroll","background-type":"","background-media":"","overlay-type":"","overlay-color":"","overlay-opacity":"","overlay-gradient":""},"mobile":{"background-color":"","background-image":"","background-repeat":"repeat","background-position":"center center","background-size":"auto","background-attachment":"scroll","background-type":"","background-media":"","overlay-type":"","overlay-color":"","overlay-opacity":"","overlay-gradient":""}},"ast-content-background-meta":{"desktop":{"background-color":"var(--ast-global-color-5)","background-image":"","background-repeat":"repeat","background-position":"center center","background-size":"auto","background-attachment":"scroll","background-type":"","background-media":"","overlay-type":"","overlay-color":"","overlay-opacity":"","overlay-gradient":""},"tablet":{"background-color":"var(--ast-global-color-5)","background-image":"","background-repeat":"repeat","background-position":"center center","background-size":"auto","background-attachment":"scroll","background-type":"","background-media":"","overlay-type":"","overlay-color":"","overlay-opacity":"","overlay-gradient":""},"mobile":{"background-color":"var(--ast-global-color-5)","background-image":"","background-repeat":"repeat","background-position":"center center","background-size":"auto","background-attachment":"scroll","background-type":"","background-media":"","overlay-type":"","overlay-color":"","overlay-opacity":"","overlay-gradient":""}},"footnotes":""},"class_list":["post-130917","page","type-page","status-publish","has-post-thumbnail","hentry"],"yoast_head":"<!-- This site is optimized with the Yoast SEO plugin v27.5 - https:\/\/yoast.com\/product\/yoast-seo-wordpress\/ -->\n<title>Financi\u00eble vertaaldiensten - Trusted Translations, Inc.<\/title>\n<meta name=\"description\" content=\"Trusted Translations is gespecialiseerd in financi\u00eble vertaaldiensten door deskundige financi\u00eble vertaalteams. Vraag een gratis offerte of consult aan.\" \/>\n<meta name=\"robots\" content=\"index, follow, max-snippet:-1, max-image-preview:large, max-video-preview:-1\" \/>\n<link rel=\"canonical\" href=\"https:\/\/www.trustedtranslations.com\/nl\/industrieen\/financieel\" \/>\n<meta property=\"og:locale\" content=\"nl_NL\" \/>\n<meta property=\"og:type\" content=\"article\" \/>\n<meta property=\"og:title\" content=\"Financi\u00eble vertaaldiensten - Trusted Translations, Inc.\" \/>\n<meta property=\"og:description\" content=\"Trusted Translations is gespecialiseerd in financi\u00eble vertaaldiensten door deskundige financi\u00eble vertaalteams. Vraag een gratis offerte of consult aan.\" \/>\n<meta property=\"og:url\" content=\"https:\/\/www.trustedtranslations.com\/nl\/industrieen\/financieel\" \/>\n<meta property=\"og:site_name\" content=\"Trusted Translations, Inc.\" \/>\n<meta property=\"article:publisher\" content=\"https:\/\/www.facebook.com\/Trusted.Translations\" \/>\n<meta property=\"article:modified_time\" content=\"2024-09-03T14:54:24+00:00\" \/>\n<meta property=\"og:image\" content=\"https:\/\/static.trustedtranslations.com\/wp-content\/uploads\/2022\/03\/TT_NEW_FB-1.png\" \/>\n\t<meta property=\"og:image:width\" content=\"1038\" \/>\n\t<meta property=\"og:image:height\" content=\"1038\" \/>\n\t<meta property=\"og:image:type\" content=\"image\/png\" \/>\n<meta name=\"twitter:card\" content=\"summary_large_image\" \/>\n<meta name=\"twitter:site\" content=\"@TrustedT9ns\" \/>\n<script type=\"application\/ld+json\" class=\"yoast-schema-graph\">{\"@context\":\"https:\\\/\\\/schema.org\",\"@graph\":[{\"@type\":\"WebPage\",\"@id\":\"https:\\\/\\\/www.trustedtranslations.com\\\/nl\\\/industrieen\\\/financieel\",\"url\":\"https:\\\/\\\/www.trustedtranslations.com\\\/nl\\\/industrieen\\\/financieel\",\"name\":\"Financi\u00eble vertaaldiensten - Trusted Translations, Inc.\",\"isPartOf\":{\"@id\":\"https:\\\/\\\/www.trustedtranslations.com\\\/nl\\\/#website\"},\"primaryImageOfPage\":{\"@id\":\"https:\\\/\\\/www.trustedtranslations.com\\\/nl\\\/industrieen\\\/financieel#primaryimage\"},\"image\":{\"@id\":\"https:\\\/\\\/www.trustedtranslations.com\\\/nl\\\/industrieen\\\/financieel#primaryimage\"},\"thumbnailUrl\":\"https:\\\/\\\/www.trustedtranslations.com\\\/wp-content\\\/uploads\\\/2022\\\/03\\\/TT_NEW_FB-1.png\",\"description\":\"Trusted Translations is gespecialiseerd in financi\u00eble vertaaldiensten door deskundige financi\u00eble vertaalteams. Vraag een gratis offerte of consult aan.\",\"breadcrumb\":{\"@id\":\"https:\\\/\\\/www.trustedtranslations.com\\\/nl\\\/industrieen\\\/financieel#breadcrumb\"},\"inLanguage\":\"nl-NL\",\"potentialAction\":[{\"@type\":\"ReadAction\",\"target\":[\"https:\\\/\\\/www.trustedtranslations.com\\\/nl\\\/industrieen\\\/financieel\"]}]},{\"@type\":\"ImageObject\",\"inLanguage\":\"nl-NL\",\"@id\":\"https:\\\/\\\/www.trustedtranslations.com\\\/nl\\\/industrieen\\\/financieel#primaryimage\",\"url\":\"https:\\\/\\\/www.trustedtranslations.com\\\/wp-content\\\/uploads\\\/2022\\\/03\\\/TT_NEW_FB-1.png\",\"contentUrl\":\"https:\\\/\\\/www.trustedtranslations.com\\\/wp-content\\\/uploads\\\/2022\\\/03\\\/TT_NEW_FB-1.png\",\"width\":1038,\"height\":1038,\"caption\":\"TT NEW FB 1\"},{\"@type\":\"BreadcrumbList\",\"@id\":\"https:\\\/\\\/www.trustedtranslations.com\\\/nl\\\/industrieen\\\/financieel#breadcrumb\",\"itemListElement\":[{\"@type\":\"ListItem\",\"position\":1,\"name\":\"Home\",\"item\":\"https:\\\/\\\/www.trustedtranslations.com\\\/nl\"},{\"@type\":\"ListItem\",\"position\":2,\"name\":\"Branche-expertise\",\"item\":\"https:\\\/\\\/www.trustedtranslations.com\\\/nl\\\/industrieen\"},{\"@type\":\"ListItem\",\"position\":3,\"name\":\"Financieel\"}]},{\"@type\":\"WebSite\",\"@id\":\"https:\\\/\\\/www.trustedtranslations.com\\\/nl\\\/#website\",\"url\":\"https:\\\/\\\/www.trustedtranslations.com\\\/nl\\\/\",\"name\":\"Trusted Translations, Inc.\",\"description\":\"Leader in translation and interpretation services.\",\"publisher\":{\"@id\":\"https:\\\/\\\/www.trustedtranslations.com\\\/nl\\\/#organization\"},\"alternateName\":\"Trusted Translations\",\"potentialAction\":[{\"@type\":\"SearchAction\",\"target\":{\"@type\":\"EntryPoint\",\"urlTemplate\":\"https:\\\/\\\/www.trustedtranslations.com\\\/nl\\\/?s={search_term_string}\"},\"query-input\":{\"@type\":\"PropertyValueSpecification\",\"valueRequired\":true,\"valueName\":\"search_term_string\"}}],\"inLanguage\":\"nl-NL\"},{\"@type\":\"Organization\",\"@id\":\"https:\\\/\\\/www.trustedtranslations.com\\\/nl\\\/#organization\",\"name\":\"Trusted Translations\",\"alternateName\":\"Trusted Translations, Inc.\",\"url\":\"https:\\\/\\\/www.trustedtranslations.com\\\/nl\\\/\",\"logo\":{\"@type\":\"ImageObject\",\"inLanguage\":\"nl-NL\",\"@id\":\"https:\\\/\\\/www.trustedtranslations.com\\\/nl\\\/#\\\/schema\\\/logo\\\/image\\\/\",\"url\":\"https:\\\/\\\/static.trustedtranslations.com\\\/wp-content\\\/uploads\\\/2022\\\/01\\\/TT_logo_WSIColors-2.png\",\"contentUrl\":\"https:\\\/\\\/static.trustedtranslations.com\\\/wp-content\\\/uploads\\\/2022\\\/01\\\/TT_logo_WSIColors-2.png\",\"width\":500,\"height\":196,\"caption\":\"Trusted Translations\"},\"image\":{\"@id\":\"https:\\\/\\\/www.trustedtranslations.com\\\/nl\\\/#\\\/schema\\\/logo\\\/image\\\/\"},\"sameAs\":[\"https:\\\/\\\/www.facebook.com\\\/Trusted.Translations\",\"https:\\\/\\\/x.com\\\/TrustedT9ns\",\"https:\\\/\\\/www.linkedin.com\\\/company\\\/trusted-translations\"]}]}<\/script>\n<!-- \/ Yoast SEO plugin. -->","yoast_head_json":{"title":"Financi\u00eble vertaaldiensten - Trusted Translations, Inc.","description":"Trusted Translations is gespecialiseerd in financi\u00eble vertaaldiensten door deskundige financi\u00eble vertaalteams. Vraag een gratis offerte of consult aan.","robots":{"index":"index","follow":"follow","max-snippet":"max-snippet:-1","max-image-preview":"max-image-preview:large","max-video-preview":"max-video-preview:-1"},"canonical":"https:\/\/www.trustedtranslations.com\/nl\/industrieen\/financieel","og_locale":"nl_NL","og_type":"article","og_title":"Financi\u00eble vertaaldiensten - Trusted Translations, Inc.","og_description":"Trusted Translations is gespecialiseerd in financi\u00eble vertaaldiensten door deskundige financi\u00eble vertaalteams. Vraag een gratis offerte of consult aan.","og_url":"https:\/\/www.trustedtranslations.com\/nl\/industrieen\/financieel","og_site_name":"Trusted Translations, Inc.","article_publisher":"https:\/\/www.facebook.com\/Trusted.Translations","article_modified_time":"2024-09-03T14:54:24+00:00","og_image":[{"width":1038,"height":1038,"url":"https:\/\/static.trustedtranslations.com\/wp-content\/uploads\/2022\/03\/TT_NEW_FB-1.png","type":"image\/png"}],"twitter_card":"summary_large_image","twitter_site":"@TrustedT9ns","schema":{"@context":"https:\/\/schema.org","@graph":[{"@type":"WebPage","@id":"https:\/\/www.trustedtranslations.com\/nl\/industrieen\/financieel","url":"https:\/\/www.trustedtranslations.com\/nl\/industrieen\/financieel","name":"Financi\u00eble vertaaldiensten - Trusted Translations, Inc.","isPartOf":{"@id":"https:\/\/www.trustedtranslations.com\/nl\/#website"},"primaryImageOfPage":{"@id":"https:\/\/www.trustedtranslations.com\/nl\/industrieen\/financieel#primaryimage"},"image":{"@id":"https:\/\/www.trustedtranslations.com\/nl\/industrieen\/financieel#primaryimage"},"thumbnailUrl":"https:\/\/www.trustedtranslations.com\/wp-content\/uploads\/2022\/03\/TT_NEW_FB-1.png","description":"Trusted Translations is gespecialiseerd in financi\u00eble vertaaldiensten door deskundige financi\u00eble vertaalteams. Vraag een gratis offerte of consult aan.","breadcrumb":{"@id":"https:\/\/www.trustedtranslations.com\/nl\/industrieen\/financieel#breadcrumb"},"inLanguage":"nl-NL","potentialAction":[{"@type":"ReadAction","target":["https:\/\/www.trustedtranslations.com\/nl\/industrieen\/financieel"]}]},{"@type":"ImageObject","inLanguage":"nl-NL","@id":"https:\/\/www.trustedtranslations.com\/nl\/industrieen\/financieel#primaryimage","url":"https:\/\/www.trustedtranslations.com\/wp-content\/uploads\/2022\/03\/TT_NEW_FB-1.png","contentUrl":"https:\/\/www.trustedtranslations.com\/wp-content\/uploads\/2022\/03\/TT_NEW_FB-1.png","width":1038,"height":1038,"caption":"TT NEW FB 1"},{"@type":"BreadcrumbList","@id":"https:\/\/www.trustedtranslations.com\/nl\/industrieen\/financieel#breadcrumb","itemListElement":[{"@type":"ListItem","position":1,"name":"Home","item":"https:\/\/www.trustedtranslations.com\/nl"},{"@type":"ListItem","position":2,"name":"Branche-expertise","item":"https:\/\/www.trustedtranslations.com\/nl\/industrieen"},{"@type":"ListItem","position":3,"name":"Financieel"}]},{"@type":"WebSite","@id":"https:\/\/www.trustedtranslations.com\/nl\/#website","url":"https:\/\/www.trustedtranslations.com\/nl\/","name":"Trusted Translations, Inc.","description":"Leader in translation and interpretation services.","publisher":{"@id":"https:\/\/www.trustedtranslations.com\/nl\/#organization"},"alternateName":"Trusted Translations","potentialAction":[{"@type":"SearchAction","target":{"@type":"EntryPoint","urlTemplate":"https:\/\/www.trustedtranslations.com\/nl\/?s={search_term_string}"},"query-input":{"@type":"PropertyValueSpecification","valueRequired":true,"valueName":"search_term_string"}}],"inLanguage":"nl-NL"},{"@type":"Organization","@id":"https:\/\/www.trustedtranslations.com\/nl\/#organization","name":"Trusted Translations","alternateName":"Trusted Translations, Inc.","url":"https:\/\/www.trustedtranslations.com\/nl\/","logo":{"@type":"ImageObject","inLanguage":"nl-NL","@id":"https:\/\/www.trustedtranslations.com\/nl\/#\/schema\/logo\/image\/","url":"https:\/\/static.trustedtranslations.com\/wp-content\/uploads\/2022\/01\/TT_logo_WSIColors-2.png","contentUrl":"https:\/\/static.trustedtranslations.com\/wp-content\/uploads\/2022\/01\/TT_logo_WSIColors-2.png","width":500,"height":196,"caption":"Trusted Translations"},"image":{"@id":"https:\/\/www.trustedtranslations.com\/nl\/#\/schema\/logo\/image\/"},"sameAs":["https:\/\/www.facebook.com\/Trusted.Translations","https:\/\/x.com\/TrustedT9ns","https:\/\/www.linkedin.com\/company\/trusted-translations"]}]}},"toolset-meta":{"dyk":{"mensaje-1":{"type":"textfield","raw":"We bieden hoogwaardige vertalingen aan Fortune 500-bedrijven tegen tarieven die 25-50 procent onder de marktprijs liggen."},"mensaje-2":{"type":"textfield","raw":"Trusted Translations is de voorkeursleverancier van grote banken in de Verenigde Staten en Europa."},"mensaje-3":{"type":"textfield","raw":"Trusted Translations is d\u00e9 totaalleverancier van oplossingen voor banken en financi\u00eble instellingen."},"mensaje-4":{"type":"textfield","raw":"Met financi\u00eble experts in dienst bieden we gespecialiseerde diensten aan de verzekeringsbranche."},"mensaje-5":{"type":"textfield","raw":""},"mensaje-6":{"type":"textfield","raw":""}},"single-page-template-fields":{"imgs-temp":{"type":"image","raw":["https:\/\/static.trustedtranslations.com\/wp-content\/uploads\/2024\/05\/financial-4.webp"],"repeatable":[{"raw":"https:\/\/static.trustedtranslations.com\/wp-content\/uploads\/2024\/05\/financial-4.webp"}]},"imgs-temp-cel":{"type":"image","raw":[""],"repeatable":[{"raw":""}]},"img-temp-one-cel":{"type":"image","raw":"https:\/\/static.trustedtranslations.com\/wp-content\/uploads\/2024\/05\/image-5-1-1.webp","attachment_id":null},"quotes":{"type":"textarea","raw":"<h1 style=\"margin-bottom: 12px;\">Financi\u00eble vertaaldiensten<\/h1>Trusted Translations biedt gespecialiseerde financi\u00eble vertaaloplossingen voor toonaangevende adviesbureaus, financi\u00eble instellingen en bedrijven. Kritische documenten zoals financi\u00eble rapporten en prospectussen vereisen de grootst mogelijke aandacht en expertise om nauwkeurigheid te garanderen.<div style=\"margin-top: 2.5vw;\"><a class=\"tt-btn-main-cta\" href=\"\/nl\/offerte\">VRAAG EEN GRATIS OFFERTE AAN<\/a><\/div>"},"text-1":{"type":"textarea","raw":"<h2 style=\"margin-top: -10px; padding-bottom:20px\">Financi\u00eble terminologie <\/h2>Met eigen financi\u00eble woordenboeken is Trusted Translations niet alleen de keuze van topbedrijven voor financi\u00eble vertaaldiensten, maar ook een referentie in de branche voor de vertaling van belangrijke financi\u00eble terminologie. Honderdduizenden mensen, vertaalbureaus, lingu\u00efsten en taalwetenschappers raadplegenTrusted Translationselke maand over de vertaling van financi\u00eble terminologie.\r\n\r\nTrusted Translations begrijpt de waarde van dit soort documenten en gebruikt alleen de beste branchespecifieke vertalers. Aangezien Trusted Translations een aantal van de toonaangevende financi\u00eble vertaalexperts in het personeelsteam heeft, begrijpt men het onderwerp echt en is dus in staat om de meest betrouwbare dienstverlening te bieden.\r\n<h2 style=\"padding-bottom:20px\">Financi\u00eble vertaaldiensten in alle talen<\/h2>Onze Language Translation teams hebben ruime ervaring met financi\u00eble vertalingen in allerlei talencombinaties.\r\n\r\nAl onze zakelijke vertalers hebben toegang tot vertaalgeheugens, eigen woordenboeken en terminologie, zodat iedere vertaling zelfs bij de grootste projecten zowel nauwkeurig als consistent is.\r\n<h2 style=\"padding-bottom:20px\">Financi\u00eble vertaalteams die gevoelige gegevens beheren<\/h2>Al onze vertalers zijn gebonden aan een commerci\u00eble en zakelijke geheimhoudingsovereenkomst. Trusted Translationsneemt kwesties betreffende vertrouwelijkheid en beveiliging zeer serieus. Alle vertalingen blijven vertrouwelijk. Onze vertalers zijn gevoelig voor de aard van financi\u00eble documentatie en begrijpen de noodzaak om alle zakelijke en persoonlijk identificeerbare informatie (PII) strikt vertrouwelijk te houden. Anonimisering wordt gebruikt wanneer dat nodig is om gevoelige gegevens te beschermen."},"shortcode-map":{"type":"textfield","raw":""},"dyk-shortcode":{"type":"textfield","raw":"[elementor-template id=\"146767\"]"},"text-2":{"type":"textarea","raw":"<h2 style=\"padding-bottom:20px\">Professionele Financi\u00eble Vertaling<\/h2>\r\nOmdat <em>Trusted Translations<\/em> financi\u00eble experts in het personeelsteam heeft, is het in staat om de meest betrouwbare dienstverlening te bieden voor het bankwezen, de investeringsbranche en verzekeringswereld.\r\n\r\nFinanci\u00eble taal en concepten kunnen vaak van land tot land verschillen. Financi\u00eble vertalingen vereisen gespecialiseerde financi\u00eble vertalers. Onze financi\u00eble vertalers begrijpen dat sommige landen specifieke financi\u00eble richtlijnen hebben met betrekking tot opmaak, nummering en voorwaarden. Onze experts worden opgeleid om deze varianties te herkennen en kunnen u helpen bij het toepassen van de juiste nomenclatuur.\r\n\r\nWij kunnen de financi\u00eble vertaalteams snel samenstellen om grote projecten te ondersteunen die een snelle doorlooptijd vereisen. Onze financieel geschoolde projectmanagers zijn bekwaam in zowel projectplanning als kwaliteitscontrole.\r\n\r\nWe kunnen met verschillende elektronische bestandsformaten werken en indien nodig kant-en-klare bestanden leveren.\r\n<h2 style=\"padding-bottom:20px\">Vertaling van Financi\u00eble Documenten<\/h2>\r\nWij hebben ruime ervaring met het vertalen van alle soorten financi\u00eble documenten, inclusief:\r\n<ul>\r\n \t<li>Jaarverslagen<\/li>\r\n \t<li>SEC-vereiste rapporten<\/li>\r\n \t<li>Resultatenrekeningen<\/li>\r\n \t<li>Balansen<\/li>\r\n \t<li>Kasstroomoverzichten<\/li>\r\n \t<li>Accountantsrapporten<\/li>\r\n \t<li>Belastingverslagen van de overheid<\/li>\r\n \t<li>Richtsnoeren voor financi\u00eble verslaglegging<\/li>\r\n \t<li>Ondernemingsplannen<\/li>\r\n \t<li>Prospectussen<\/li>\r\n \t<li>Onderhandse en Openbare Aanbiedingen<\/li>\r\n \t<li>Verzekeringsgerelateerde documenten<\/li>\r\n<\/ul>"},"state":{"type":"textfield","raw":""},"city":{"type":"textarea","raw":[]}}},"_links":{"self":[{"href":"https:\/\/www.trustedtranslations.com\/nl\/wp-json\/wp\/v2\/pages\/130917","targetHints":{"allow":["GET"]}}],"collection":[{"href":"https:\/\/www.trustedtranslations.com\/nl\/wp-json\/wp\/v2\/pages"}],"about":[{"href":"https:\/\/www.trustedtranslations.com\/nl\/wp-json\/wp\/v2\/types\/page"}],"author":[{"embeddable":true,"href":"https:\/\/www.trustedtranslations.com\/nl\/wp-json\/wp\/v2\/users\/1"}],"replies":[{"embeddable":true,"href":"https:\/\/www.trustedtranslations.com\/nl\/wp-json\/wp\/v2\/comments?post=130917"}],"version-history":[{"count":0,"href":"https:\/\/www.trustedtranslations.com\/nl\/wp-json\/wp\/v2\/pages\/130917\/revisions"}],"up":[{"embeddable":true,"href":"https:\/\/www.trustedtranslations.com\/nl\/wp-json\/wp\/v2\/pages\/131037"}],"wp:featuredmedia":[{"embeddable":true,"href":"https:\/\/www.trustedtranslations.com\/nl\/wp-json\/wp\/v2\/media\/139626"}],"wp:attachment":[{"href":"https:\/\/www.trustedtranslations.com\/nl\/wp-json\/wp\/v2\/media?parent=130917"}],"curies":[{"name":"wp","href":"https:\/\/api.w.org\/{rel}","templated":true}]}}