{"id":130920,"date":"2019-11-26T12:50:30","date_gmt":"2019-11-26T12:50:30","guid":{"rendered":"https:\/\/www.trustedtranslations.com\/?page_id=130920"},"modified":"2024-09-03T11:53:49","modified_gmt":"2024-09-03T14:53:49","slug":"zakelijk","status":"publish","type":"page","link":"https:\/\/www.trustedtranslations.com\/nl\/industrieen\/zakelijk","title":{"rendered":"Zakelijk"},"content":{"rendered":"","protected":false},"excerpt":{"rendered":"","protected":false},"author":1,"featured_media":139626,"parent":131037,"menu_order":0,"comment_status":"closed","ping_status":"closed","template":"","meta":{"site-sidebar-layout":"default","site-content-layout":"default","ast-site-content-layout":"default","site-content-style":"default","site-sidebar-style":"default","ast-global-header-display":"","ast-banner-title-visibility":"","ast-main-header-display":"","ast-hfb-above-header-display":"","ast-hfb-below-header-display":"","ast-hfb-mobile-header-display":"","site-post-title":"disabled","ast-breadcrumbs-content":"","ast-featured-img":"","footer-sml-layout":"","ast-disable-related-posts":"","theme-transparent-header-meta":"default","adv-header-id-meta":"","stick-header-meta":"","header-above-stick-meta":"","header-main-stick-meta":"","header-below-stick-meta":"","astra-migrate-meta-layouts":"set","ast-page-background-enabled":"default","ast-page-background-meta":{"desktop":{"background-color":"var(--ast-global-color-4)","background-image":"","background-repeat":"repeat","background-position":"center center","background-size":"auto","background-attachment":"scroll","background-type":"","background-media":"","overlay-type":"","overlay-color":"","overlay-opacity":"","overlay-gradient":""},"tablet":{"background-color":"","background-image":"","background-repeat":"repeat","background-position":"center center","background-size":"auto","background-attachment":"scroll","background-type":"","background-media":"","overlay-type":"","overlay-color":"","overlay-opacity":"","overlay-gradient":""},"mobile":{"background-color":"","background-image":"","background-repeat":"repeat","background-position":"center center","background-size":"auto","background-attachment":"scroll","background-type":"","background-media":"","overlay-type":"","overlay-color":"","overlay-opacity":"","overlay-gradient":""}},"ast-content-background-meta":{"desktop":{"background-color":"var(--ast-global-color-5)","background-image":"","background-repeat":"repeat","background-position":"center center","background-size":"auto","background-attachment":"scroll","background-type":"","background-media":"","overlay-type":"","overlay-color":"","overlay-opacity":"","overlay-gradient":""},"tablet":{"background-color":"var(--ast-global-color-5)","background-image":"","background-repeat":"repeat","background-position":"center center","background-size":"auto","background-attachment":"scroll","background-type":"","background-media":"","overlay-type":"","overlay-color":"","overlay-opacity":"","overlay-gradient":""},"mobile":{"background-color":"var(--ast-global-color-5)","background-image":"","background-repeat":"repeat","background-position":"center center","background-size":"auto","background-attachment":"scroll","background-type":"","background-media":"","overlay-type":"","overlay-color":"","overlay-opacity":"","overlay-gradient":""}},"footnotes":""},"class_list":["post-130920","page","type-page","status-publish","has-post-thumbnail","hentry"],"yoast_head":"<!-- This site is optimized with the Yoast SEO plugin v27.5 - https:\/\/yoast.com\/product\/yoast-seo-wordpress\/ -->\n<title>Zakelijke vertaaldiensten - Trusted Translations, Inc.<\/title>\n<meta name=\"description\" content=\"Trusted Translations werkt samen met grote, middelgrote en kleine bedrijven om hun vertaalbehoeften op te lossen. Vraag een gratis offerte of consult aan.\" \/>\n<meta name=\"robots\" content=\"index, follow, max-snippet:-1, max-image-preview:large, max-video-preview:-1\" \/>\n<link rel=\"canonical\" href=\"https:\/\/www.trustedtranslations.com\/nl\/industrieen\/zakelijk\" \/>\n<meta property=\"og:locale\" content=\"nl_NL\" \/>\n<meta property=\"og:type\" content=\"article\" \/>\n<meta property=\"og:title\" content=\"Zakelijke vertaaldiensten - Trusted Translations, Inc.\" \/>\n<meta property=\"og:description\" content=\"Trusted Translations werkt samen met grote, middelgrote en kleine bedrijven om hun vertaalbehoeften op te lossen. Vraag een gratis offerte of consult aan.\" \/>\n<meta property=\"og:url\" content=\"https:\/\/www.trustedtranslations.com\/nl\/industrieen\/zakelijk\" \/>\n<meta property=\"og:site_name\" content=\"Trusted Translations, Inc.\" \/>\n<meta property=\"article:publisher\" content=\"https:\/\/www.facebook.com\/Trusted.Translations\" \/>\n<meta property=\"article:modified_time\" content=\"2024-09-03T14:53:49+00:00\" \/>\n<meta property=\"og:image\" content=\"https:\/\/static.trustedtranslations.com\/wp-content\/uploads\/2022\/03\/TT_NEW_FB-1.png\" \/>\n\t<meta property=\"og:image:width\" content=\"1038\" \/>\n\t<meta property=\"og:image:height\" content=\"1038\" \/>\n\t<meta property=\"og:image:type\" content=\"image\/png\" \/>\n<meta name=\"twitter:card\" content=\"summary_large_image\" \/>\n<meta name=\"twitter:site\" content=\"@TrustedT9ns\" \/>\n<script type=\"application\/ld+json\" class=\"yoast-schema-graph\">{\"@context\":\"https:\\\/\\\/schema.org\",\"@graph\":[{\"@type\":\"WebPage\",\"@id\":\"https:\\\/\\\/www.trustedtranslations.com\\\/nl\\\/industrieen\\\/zakelijk\",\"url\":\"https:\\\/\\\/www.trustedtranslations.com\\\/nl\\\/industrieen\\\/zakelijk\",\"name\":\"Zakelijke vertaaldiensten - Trusted Translations, Inc.\",\"isPartOf\":{\"@id\":\"https:\\\/\\\/www.trustedtranslations.com\\\/nl\\\/#website\"},\"primaryImageOfPage\":{\"@id\":\"https:\\\/\\\/www.trustedtranslations.com\\\/nl\\\/industrieen\\\/zakelijk#primaryimage\"},\"image\":{\"@id\":\"https:\\\/\\\/www.trustedtranslations.com\\\/nl\\\/industrieen\\\/zakelijk#primaryimage\"},\"thumbnailUrl\":\"https:\\\/\\\/www.trustedtranslations.com\\\/wp-content\\\/uploads\\\/2022\\\/03\\\/TT_NEW_FB-1.png\",\"description\":\"Trusted Translations werkt samen met grote, middelgrote en kleine bedrijven om hun vertaalbehoeften op te lossen. Vraag een gratis offerte of consult aan.\",\"breadcrumb\":{\"@id\":\"https:\\\/\\\/www.trustedtranslations.com\\\/nl\\\/industrieen\\\/zakelijk#breadcrumb\"},\"inLanguage\":\"nl-NL\",\"potentialAction\":[{\"@type\":\"ReadAction\",\"target\":[\"https:\\\/\\\/www.trustedtranslations.com\\\/nl\\\/industrieen\\\/zakelijk\"]}]},{\"@type\":\"ImageObject\",\"inLanguage\":\"nl-NL\",\"@id\":\"https:\\\/\\\/www.trustedtranslations.com\\\/nl\\\/industrieen\\\/zakelijk#primaryimage\",\"url\":\"https:\\\/\\\/www.trustedtranslations.com\\\/wp-content\\\/uploads\\\/2022\\\/03\\\/TT_NEW_FB-1.png\",\"contentUrl\":\"https:\\\/\\\/www.trustedtranslations.com\\\/wp-content\\\/uploads\\\/2022\\\/03\\\/TT_NEW_FB-1.png\",\"width\":1038,\"height\":1038,\"caption\":\"TT NEW FB 1\"},{\"@type\":\"BreadcrumbList\",\"@id\":\"https:\\\/\\\/www.trustedtranslations.com\\\/nl\\\/industrieen\\\/zakelijk#breadcrumb\",\"itemListElement\":[{\"@type\":\"ListItem\",\"position\":1,\"name\":\"Home\",\"item\":\"https:\\\/\\\/www.trustedtranslations.com\\\/nl\"},{\"@type\":\"ListItem\",\"position\":2,\"name\":\"Branche-expertise\",\"item\":\"https:\\\/\\\/www.trustedtranslations.com\\\/nl\\\/industrieen\"},{\"@type\":\"ListItem\",\"position\":3,\"name\":\"Zakelijk\"}]},{\"@type\":\"WebSite\",\"@id\":\"https:\\\/\\\/www.trustedtranslations.com\\\/nl\\\/#website\",\"url\":\"https:\\\/\\\/www.trustedtranslations.com\\\/nl\\\/\",\"name\":\"Trusted Translations, Inc.\",\"description\":\"Leader in translation and interpretation services.\",\"publisher\":{\"@id\":\"https:\\\/\\\/www.trustedtranslations.com\\\/nl\\\/#organization\"},\"alternateName\":\"Trusted Translations\",\"potentialAction\":[{\"@type\":\"SearchAction\",\"target\":{\"@type\":\"EntryPoint\",\"urlTemplate\":\"https:\\\/\\\/www.trustedtranslations.com\\\/nl\\\/?s={search_term_string}\"},\"query-input\":{\"@type\":\"PropertyValueSpecification\",\"valueRequired\":true,\"valueName\":\"search_term_string\"}}],\"inLanguage\":\"nl-NL\"},{\"@type\":\"Organization\",\"@id\":\"https:\\\/\\\/www.trustedtranslations.com\\\/nl\\\/#organization\",\"name\":\"Trusted Translations\",\"alternateName\":\"Trusted Translations, Inc.\",\"url\":\"https:\\\/\\\/www.trustedtranslations.com\\\/nl\\\/\",\"logo\":{\"@type\":\"ImageObject\",\"inLanguage\":\"nl-NL\",\"@id\":\"https:\\\/\\\/www.trustedtranslations.com\\\/nl\\\/#\\\/schema\\\/logo\\\/image\\\/\",\"url\":\"https:\\\/\\\/static.trustedtranslations.com\\\/wp-content\\\/uploads\\\/2022\\\/01\\\/TT_logo_WSIColors-2.png\",\"contentUrl\":\"https:\\\/\\\/static.trustedtranslations.com\\\/wp-content\\\/uploads\\\/2022\\\/01\\\/TT_logo_WSIColors-2.png\",\"width\":500,\"height\":196,\"caption\":\"Trusted Translations\"},\"image\":{\"@id\":\"https:\\\/\\\/www.trustedtranslations.com\\\/nl\\\/#\\\/schema\\\/logo\\\/image\\\/\"},\"sameAs\":[\"https:\\\/\\\/www.facebook.com\\\/Trusted.Translations\",\"https:\\\/\\\/x.com\\\/TrustedT9ns\",\"https:\\\/\\\/www.linkedin.com\\\/company\\\/trusted-translations\"]}]}<\/script>\n<!-- \/ Yoast SEO plugin. -->","yoast_head_json":{"title":"Zakelijke vertaaldiensten - Trusted Translations, Inc.","description":"Trusted Translations werkt samen met grote, middelgrote en kleine bedrijven om hun vertaalbehoeften op te lossen. Vraag een gratis offerte of consult aan.","robots":{"index":"index","follow":"follow","max-snippet":"max-snippet:-1","max-image-preview":"max-image-preview:large","max-video-preview":"max-video-preview:-1"},"canonical":"https:\/\/www.trustedtranslations.com\/nl\/industrieen\/zakelijk","og_locale":"nl_NL","og_type":"article","og_title":"Zakelijke vertaaldiensten - Trusted Translations, Inc.","og_description":"Trusted Translations werkt samen met grote, middelgrote en kleine bedrijven om hun vertaalbehoeften op te lossen. Vraag een gratis offerte of consult aan.","og_url":"https:\/\/www.trustedtranslations.com\/nl\/industrieen\/zakelijk","og_site_name":"Trusted Translations, Inc.","article_publisher":"https:\/\/www.facebook.com\/Trusted.Translations","article_modified_time":"2024-09-03T14:53:49+00:00","og_image":[{"width":1038,"height":1038,"url":"https:\/\/static.trustedtranslations.com\/wp-content\/uploads\/2022\/03\/TT_NEW_FB-1.png","type":"image\/png"}],"twitter_card":"summary_large_image","twitter_site":"@TrustedT9ns","schema":{"@context":"https:\/\/schema.org","@graph":[{"@type":"WebPage","@id":"https:\/\/www.trustedtranslations.com\/nl\/industrieen\/zakelijk","url":"https:\/\/www.trustedtranslations.com\/nl\/industrieen\/zakelijk","name":"Zakelijke vertaaldiensten - Trusted Translations, Inc.","isPartOf":{"@id":"https:\/\/www.trustedtranslations.com\/nl\/#website"},"primaryImageOfPage":{"@id":"https:\/\/www.trustedtranslations.com\/nl\/industrieen\/zakelijk#primaryimage"},"image":{"@id":"https:\/\/www.trustedtranslations.com\/nl\/industrieen\/zakelijk#primaryimage"},"thumbnailUrl":"https:\/\/www.trustedtranslations.com\/wp-content\/uploads\/2022\/03\/TT_NEW_FB-1.png","description":"Trusted Translations werkt samen met grote, middelgrote en kleine bedrijven om hun vertaalbehoeften op te lossen. Vraag een gratis offerte of consult aan.","breadcrumb":{"@id":"https:\/\/www.trustedtranslations.com\/nl\/industrieen\/zakelijk#breadcrumb"},"inLanguage":"nl-NL","potentialAction":[{"@type":"ReadAction","target":["https:\/\/www.trustedtranslations.com\/nl\/industrieen\/zakelijk"]}]},{"@type":"ImageObject","inLanguage":"nl-NL","@id":"https:\/\/www.trustedtranslations.com\/nl\/industrieen\/zakelijk#primaryimage","url":"https:\/\/www.trustedtranslations.com\/wp-content\/uploads\/2022\/03\/TT_NEW_FB-1.png","contentUrl":"https:\/\/www.trustedtranslations.com\/wp-content\/uploads\/2022\/03\/TT_NEW_FB-1.png","width":1038,"height":1038,"caption":"TT NEW FB 1"},{"@type":"BreadcrumbList","@id":"https:\/\/www.trustedtranslations.com\/nl\/industrieen\/zakelijk#breadcrumb","itemListElement":[{"@type":"ListItem","position":1,"name":"Home","item":"https:\/\/www.trustedtranslations.com\/nl"},{"@type":"ListItem","position":2,"name":"Branche-expertise","item":"https:\/\/www.trustedtranslations.com\/nl\/industrieen"},{"@type":"ListItem","position":3,"name":"Zakelijk"}]},{"@type":"WebSite","@id":"https:\/\/www.trustedtranslations.com\/nl\/#website","url":"https:\/\/www.trustedtranslations.com\/nl\/","name":"Trusted Translations, Inc.","description":"Leader in translation and interpretation services.","publisher":{"@id":"https:\/\/www.trustedtranslations.com\/nl\/#organization"},"alternateName":"Trusted Translations","potentialAction":[{"@type":"SearchAction","target":{"@type":"EntryPoint","urlTemplate":"https:\/\/www.trustedtranslations.com\/nl\/?s={search_term_string}"},"query-input":{"@type":"PropertyValueSpecification","valueRequired":true,"valueName":"search_term_string"}}],"inLanguage":"nl-NL"},{"@type":"Organization","@id":"https:\/\/www.trustedtranslations.com\/nl\/#organization","name":"Trusted Translations","alternateName":"Trusted Translations, Inc.","url":"https:\/\/www.trustedtranslations.com\/nl\/","logo":{"@type":"ImageObject","inLanguage":"nl-NL","@id":"https:\/\/www.trustedtranslations.com\/nl\/#\/schema\/logo\/image\/","url":"https:\/\/static.trustedtranslations.com\/wp-content\/uploads\/2022\/01\/TT_logo_WSIColors-2.png","contentUrl":"https:\/\/static.trustedtranslations.com\/wp-content\/uploads\/2022\/01\/TT_logo_WSIColors-2.png","width":500,"height":196,"caption":"Trusted Translations"},"image":{"@id":"https:\/\/www.trustedtranslations.com\/nl\/#\/schema\/logo\/image\/"},"sameAs":["https:\/\/www.facebook.com\/Trusted.Translations","https:\/\/x.com\/TrustedT9ns","https:\/\/www.linkedin.com\/company\/trusted-translations"]}]}},"toolset-meta":{"dyk":{"mensaje-1":{"type":"textfield","raw":"We bieden hoogwaardige vertalingen aan Fortune 500-bedrijven tegen tarieven die 25-50 procent onder de marktprijs liggen."},"mensaje-2":{"type":"textfield","raw":"Trusted Translations is d\u00e9 totaalleverancier voor grote zakelijke adviesbureaus."},"mensaje-3":{"type":"textfield","raw":"Onze vertalers hebben een commerci\u00eble en zakelijke geheimhoudingsovereenkomst."},"mensaje-4":{"type":"textfield","raw":"We overtreffen de ISO 9001:2015 kwaliteitsstandaarden en certificeren onze zakelijke vertalingen."},"mensaje-5":{"type":"textfield","raw":""},"mensaje-6":{"type":"textfield","raw":""}},"single-page-template-fields":{"imgs-temp":{"type":"image","raw":["https:\/\/static.trustedtranslations.com\/wp-content\/uploads\/2024\/05\/Group-62-1.webp"],"repeatable":[{"raw":"https:\/\/static.trustedtranslations.com\/wp-content\/uploads\/2024\/05\/Group-62-1.webp"}]},"imgs-temp-cel":{"type":"image","raw":[""],"repeatable":[{"raw":""}]},"img-temp-one-cel":{"type":"image","raw":"https:\/\/static.trustedtranslations.com\/wp-content\/uploads\/2024\/05\/Group-62-1-1-1.webp","attachment_id":null},"quotes":{"type":"textarea","raw":"<h1 style=\"margin-bottom: 12px;\">Zakelijke vertaaldiensten<\/h1>Een multinationale, multiculturele aanwezigheid is een absolute must voor elk bedrijf in de huidige wereldeconomie. In zowel een uitdagende economische omgeving als een periode van marktexpansie heeft u een ervaren aanbieder van vertalingen nodig om uw zakelijke vertaalbehoeften te realiseren. Trusted Translations werkt dagelijks met grote, middelgrote en kleine bedrijven en kan uw organisatie helpen effectief te concurreren.<div style=\"margin-top: 2.5vw;\"><a class=\"tt-btn-main-cta\" href=\"\/nl\/offerte\">VRAAG EEN GRATIS OFFERTE AAN<\/a><\/div>"},"text-1":{"type":"textarea","raw":"<h2 style=\"margin-top: -10px; padding-bottom:20px\">Multidisciplinaire benadering van zakelijke vertalingen<\/h2>Twee bedrijven zijn nooit precies hetzelfde. Daarom hebben we bij Trusted Translations het veelzijdige team om hoogwaardige zakelijke vertaaldiensten te leveren, ongeacht het project of de bedrijfsgrootte.\r\n\r\nOnze zakelijke vertaaldienst omvat een multidisciplinaire aanpak waarbij vertaaldeskundigen op het gebied van marketing, financi\u00ebn, boekhouding, human resources en recht betrokken zijn. In veel gevallen zullen we meerdere experts hebben die aan \u00e9\u00e9n vertaalproject werken om ervoor te zorgen dat het uw doelstellingen bereikt en u tegelijkertijd beschermt tegen mogelijke aansprakelijkheid.\r\n\r\nWanneer bijvoorbeeld juridische en zakelijke communicatie samengaan, is het cruciaal om te werken met een vertaalteam dat wereldwijd en juridisch deskundig is. De manier waarop uw communicatie in een bepaalde regio of een bepaald land wordt vertaald, kan juridische gevolgen hebben die in een ander land niet bestaan. Onze vertaaldeskundigen wijzen u op deze problemen en potenti\u00eble conflicten, zodat u de meest verstandige en doeltreffende zakelijke beslissingen kunt nemen, ongeacht de locatie.\r\n<h2  style=\"padding-bottom:20px\">Internationale Zakelijke Vertalingen<\/h2>Een van de uitdagingen van zakendoen in een ander land is dat u de nuances van plaatselijke lokale regelgevende instanties en overheidsinstanties probeert te begrijpen. Trusted Translations heeft gewerkt met de beste multinationals ter wereld en hen geholpen bij het succesvol betreden van nieuwe landen en markten. In dit proces hebben we een aanzienlijke hoeveelheid kennis over talrijke regio\u2019s en hun lokale vertaalbehoeften vergaard.\r\n\r\nWij hebben duizenden jaarrekeningen en belangrijke bedrijfsdocumenten voor onze klanten vertaald, zodat zij op nieuwe markten zaken volgens de voorschriften kunnen doen. Laat ons de weg gelijk maken zodat u eenvoudig nieuwe internationale markten kunt betreden."},"shortcode-map":{"type":"textfield","raw":""},"dyk-shortcode":{"type":"textfield","raw":"[elementor-template id=\"146767\"]"},"text-2":{"type":"textarea","raw":"<h2 style=\"padding-bottom:20px\">Zakelijke vertaalteams<\/h2><em>Trusted Translations<\/em>Trusted Translations is trots op de hoge kwaliteit en kwalificaties van onze teamleden. Al onze zakelijke vertalers hebben toegang tot vertaalgeheugenbestanden, woordenboeken en eigen lijsten van industri\u00eble termen, zodat vertalingen zowel nauwkeurig als consistent zijn, zelfs voor de grootste en meest complexe projecten.\r\n\r\nOok zijn onze vertalers gebonden aan een commerci\u00eble en zakelijke geheimhoudingsovereenkomst. Als vertrouwde partner van Fortune 500-bedrijven, overheidsorganisaties en klanten zoals het Amerikaanse leger, neemt Trusted Translations vertrouwelijkheid en veiligheidskwesties zeer serieus. Alle vertalingen blijven vertrouwelijk. Onze vertalers zijn gevoelig voor de aard van de sector en respecteren de vertrouwelijke documentatie en informatie volledig.\r\n<h2 style=\"padding-bottom:20px\">Uw Partner voor de Zakelijke Vertaling<\/h2><em>Trusted Translations treedt op als uw partner voor uw zakelijke vertalingen. Wij zullen alle elementen van uw zakelijke vertaalbehoeften bekijken en helpen uitvoeren om u tijd en geld te besparen. Wij voorzien u van belangrijke zakelijke inzichten in doelmarkten, van lokale taalvereisten tot specifieke marketingvertalingen.\r\n\r\nOf u nu een multinationaal bedrijf bent of een startup met wereldwijde of multiculturele marktaspiraties, Trusted Translations is uw oplossing voor al uw zakelijke vertaalbehoeften."},"state":{"type":"textfield","raw":""},"city":{"type":"textarea","raw":[]}}},"_links":{"self":[{"href":"https:\/\/www.trustedtranslations.com\/nl\/wp-json\/wp\/v2\/pages\/130920","targetHints":{"allow":["GET"]}}],"collection":[{"href":"https:\/\/www.trustedtranslations.com\/nl\/wp-json\/wp\/v2\/pages"}],"about":[{"href":"https:\/\/www.trustedtranslations.com\/nl\/wp-json\/wp\/v2\/types\/page"}],"author":[{"embeddable":true,"href":"https:\/\/www.trustedtranslations.com\/nl\/wp-json\/wp\/v2\/users\/1"}],"replies":[{"embeddable":true,"href":"https:\/\/www.trustedtranslations.com\/nl\/wp-json\/wp\/v2\/comments?post=130920"}],"version-history":[{"count":0,"href":"https:\/\/www.trustedtranslations.com\/nl\/wp-json\/wp\/v2\/pages\/130920\/revisions"}],"up":[{"embeddable":true,"href":"https:\/\/www.trustedtranslations.com\/nl\/wp-json\/wp\/v2\/pages\/131037"}],"wp:featuredmedia":[{"embeddable":true,"href":"https:\/\/www.trustedtranslations.com\/nl\/wp-json\/wp\/v2\/media\/139626"}],"wp:attachment":[{"href":"https:\/\/www.trustedtranslations.com\/nl\/wp-json\/wp\/v2\/media?parent=130920"}],"curies":[{"name":"wp","href":"https:\/\/api.w.org\/{rel}","templated":true}]}}