{"id":130968,"date":"2019-10-24T18:22:01","date_gmt":"2019-10-24T18:22:01","guid":{"rendered":"https:\/\/www.trustedtranslations.com\/?page_id=130968"},"modified":"2024-11-06T16:32:11","modified_gmt":"2024-11-06T19:32:11","slug":"meertalig","status":"publish","type":"page","link":"https:\/\/www.trustedtranslations.com\/nl\/taal\/meertalig","title":{"rendered":"Meertalig"},"content":{"rendered":"","protected":false},"excerpt":{"rendered":"","protected":false},"author":1,"featured_media":139626,"parent":131041,"menu_order":0,"comment_status":"closed","ping_status":"closed","template":"","meta":{"site-sidebar-layout":"default","site-content-layout":"default","ast-site-content-layout":"default","site-content-style":"default","site-sidebar-style":"default","ast-global-header-display":"","ast-banner-title-visibility":"","ast-main-header-display":"","ast-hfb-above-header-display":"","ast-hfb-below-header-display":"","ast-hfb-mobile-header-display":"","site-post-title":"disabled","ast-breadcrumbs-content":"","ast-featured-img":"","footer-sml-layout":"","ast-disable-related-posts":"","theme-transparent-header-meta":"default","adv-header-id-meta":"","stick-header-meta":"","header-above-stick-meta":"","header-main-stick-meta":"","header-below-stick-meta":"","astra-migrate-meta-layouts":"set","ast-page-background-enabled":"default","ast-page-background-meta":{"desktop":{"background-color":"var(--ast-global-color-4)","background-image":"","background-repeat":"repeat","background-position":"center center","background-size":"auto","background-attachment":"scroll","background-type":"","background-media":"","overlay-type":"","overlay-color":"","overlay-opacity":"","overlay-gradient":""},"tablet":{"background-color":"","background-image":"","background-repeat":"repeat","background-position":"center center","background-size":"auto","background-attachment":"scroll","background-type":"","background-media":"","overlay-type":"","overlay-color":"","overlay-opacity":"","overlay-gradient":""},"mobile":{"background-color":"","background-image":"","background-repeat":"repeat","background-position":"center center","background-size":"auto","background-attachment":"scroll","background-type":"","background-media":"","overlay-type":"","overlay-color":"","overlay-opacity":"","overlay-gradient":""}},"ast-content-background-meta":{"desktop":{"background-color":"var(--ast-global-color-5)","background-image":"","background-repeat":"repeat","background-position":"center center","background-size":"auto","background-attachment":"scroll","background-type":"","background-media":"","overlay-type":"","overlay-color":"","overlay-opacity":"","overlay-gradient":""},"tablet":{"background-color":"var(--ast-global-color-5)","background-image":"","background-repeat":"repeat","background-position":"center center","background-size":"auto","background-attachment":"scroll","background-type":"","background-media":"","overlay-type":"","overlay-color":"","overlay-opacity":"","overlay-gradient":""},"mobile":{"background-color":"var(--ast-global-color-5)","background-image":"","background-repeat":"repeat","background-position":"center center","background-size":"auto","background-attachment":"scroll","background-type":"","background-media":"","overlay-type":"","overlay-color":"","overlay-opacity":"","overlay-gradient":""}},"footnotes":""},"class_list":["post-130968","page","type-page","status-publish","has-post-thumbnail","hentry"],"yoast_head":"<!-- This site is optimized with the Yoast SEO plugin v27.3 - https:\/\/yoast.com\/product\/yoast-seo-wordpress\/ -->\n<title>Meertalige Vertaling: Trusted Translations<\/title>\n<meta name=\"description\" content=\"Meertalige vertaaldiensten in meer dan 140 talen door deskundige vertaalteams tegen de beste prijzen. Vraag een gratis offerte of consult aan.\" \/>\n<meta name=\"robots\" content=\"index, follow, max-snippet:-1, max-image-preview:large, max-video-preview:-1\" \/>\n<link rel=\"canonical\" href=\"https:\/\/www.trustedtranslations.com\/nl\/taal\/meertalig\" \/>\n<meta property=\"og:locale\" content=\"nl_NL\" \/>\n<meta property=\"og:type\" content=\"article\" \/>\n<meta property=\"og:title\" content=\"Meertalige Vertaling: Trusted Translations\" \/>\n<meta property=\"og:description\" content=\"Meertalige vertaaldiensten in meer dan 140 talen door deskundige vertaalteams tegen de beste prijzen. Vraag een gratis offerte of consult aan.\" \/>\n<meta property=\"og:url\" content=\"https:\/\/www.trustedtranslations.com\/nl\/taal\/meertalig\" \/>\n<meta property=\"og:site_name\" content=\"Trusted Translations, Inc.\" \/>\n<meta property=\"article:publisher\" content=\"https:\/\/www.facebook.com\/Trusted.Translations\" \/>\n<meta property=\"article:modified_time\" content=\"2024-11-06T19:32:11+00:00\" \/>\n<meta property=\"og:image\" content=\"https:\/\/static.trustedtranslations.com\/wp-content\/uploads\/2022\/03\/TT_NEW_FB-1.png\" \/>\n\t<meta property=\"og:image:width\" content=\"1038\" \/>\n\t<meta property=\"og:image:height\" content=\"1038\" \/>\n\t<meta property=\"og:image:type\" content=\"image\/png\" \/>\n<meta name=\"twitter:card\" content=\"summary_large_image\" \/>\n<meta name=\"twitter:site\" content=\"@TrustedT9ns\" \/>\n<script type=\"application\/ld+json\" class=\"yoast-schema-graph\">{\"@context\":\"https:\\\/\\\/schema.org\",\"@graph\":[{\"@type\":\"WebPage\",\"@id\":\"https:\\\/\\\/www.trustedtranslations.com\\\/nl\\\/taal\\\/meertalig\",\"url\":\"https:\\\/\\\/www.trustedtranslations.com\\\/nl\\\/taal\\\/meertalig\",\"name\":\"Meertalige Vertaling: Trusted Translations\",\"isPartOf\":{\"@id\":\"https:\\\/\\\/www.trustedtranslations.com\\\/nl\\\/#website\"},\"primaryImageOfPage\":{\"@id\":\"https:\\\/\\\/www.trustedtranslations.com\\\/nl\\\/taal\\\/meertalig#primaryimage\"},\"image\":{\"@id\":\"https:\\\/\\\/www.trustedtranslations.com\\\/nl\\\/taal\\\/meertalig#primaryimage\"},\"thumbnailUrl\":\"https:\\\/\\\/www.trustedtranslations.com\\\/wp-content\\\/uploads\\\/2022\\\/03\\\/TT_NEW_FB-1.png\",\"description\":\"Meertalige vertaaldiensten in meer dan 140 talen door deskundige vertaalteams tegen de beste prijzen. Vraag een gratis offerte of consult aan.\",\"breadcrumb\":{\"@id\":\"https:\\\/\\\/www.trustedtranslations.com\\\/nl\\\/taal\\\/meertalig#breadcrumb\"},\"inLanguage\":\"nl-NL\",\"potentialAction\":[{\"@type\":\"ReadAction\",\"target\":[\"https:\\\/\\\/www.trustedtranslations.com\\\/nl\\\/taal\\\/meertalig\"]}]},{\"@type\":\"ImageObject\",\"inLanguage\":\"nl-NL\",\"@id\":\"https:\\\/\\\/www.trustedtranslations.com\\\/nl\\\/taal\\\/meertalig#primaryimage\",\"url\":\"https:\\\/\\\/www.trustedtranslations.com\\\/wp-content\\\/uploads\\\/2022\\\/03\\\/TT_NEW_FB-1.png\",\"contentUrl\":\"https:\\\/\\\/www.trustedtranslations.com\\\/wp-content\\\/uploads\\\/2022\\\/03\\\/TT_NEW_FB-1.png\",\"width\":1038,\"height\":1038,\"caption\":\"TT NEW FB 1\"},{\"@type\":\"BreadcrumbList\",\"@id\":\"https:\\\/\\\/www.trustedtranslations.com\\\/nl\\\/taal\\\/meertalig#breadcrumb\",\"itemListElement\":[{\"@type\":\"ListItem\",\"position\":1,\"name\":\"Home\",\"item\":\"https:\\\/\\\/www.trustedtranslations.com\\\/nl\"},{\"@type\":\"ListItem\",\"position\":2,\"name\":\"Talen\",\"item\":\"https:\\\/\\\/www.trustedtranslations.com\\\/nl\\\/taal\"},{\"@type\":\"ListItem\",\"position\":3,\"name\":\"Meertalig\"}]},{\"@type\":\"WebSite\",\"@id\":\"https:\\\/\\\/www.trustedtranslations.com\\\/nl\\\/#website\",\"url\":\"https:\\\/\\\/www.trustedtranslations.com\\\/nl\\\/\",\"name\":\"Trusted Translations, Inc.\",\"description\":\"Leader in translation and interpretation services.\",\"publisher\":{\"@id\":\"https:\\\/\\\/www.trustedtranslations.com\\\/nl\\\/#organization\"},\"alternateName\":\"Trusted Translations\",\"potentialAction\":[{\"@type\":\"SearchAction\",\"target\":{\"@type\":\"EntryPoint\",\"urlTemplate\":\"https:\\\/\\\/www.trustedtranslations.com\\\/nl\\\/?s={search_term_string}\"},\"query-input\":{\"@type\":\"PropertyValueSpecification\",\"valueRequired\":true,\"valueName\":\"search_term_string\"}}],\"inLanguage\":\"nl-NL\"},{\"@type\":\"Organization\",\"@id\":\"https:\\\/\\\/www.trustedtranslations.com\\\/nl\\\/#organization\",\"name\":\"Trusted Translations\",\"alternateName\":\"Trusted Translations, Inc.\",\"url\":\"https:\\\/\\\/www.trustedtranslations.com\\\/nl\\\/\",\"logo\":{\"@type\":\"ImageObject\",\"inLanguage\":\"nl-NL\",\"@id\":\"https:\\\/\\\/www.trustedtranslations.com\\\/nl\\\/#\\\/schema\\\/logo\\\/image\\\/\",\"url\":\"https:\\\/\\\/static.trustedtranslations.com\\\/wp-content\\\/uploads\\\/2022\\\/01\\\/TT_logo_WSIColors-2.png\",\"contentUrl\":\"https:\\\/\\\/static.trustedtranslations.com\\\/wp-content\\\/uploads\\\/2022\\\/01\\\/TT_logo_WSIColors-2.png\",\"width\":500,\"height\":196,\"caption\":\"Trusted Translations\"},\"image\":{\"@id\":\"https:\\\/\\\/www.trustedtranslations.com\\\/nl\\\/#\\\/schema\\\/logo\\\/image\\\/\"},\"sameAs\":[\"https:\\\/\\\/www.facebook.com\\\/Trusted.Translations\",\"https:\\\/\\\/x.com\\\/TrustedT9ns\",\"https:\\\/\\\/www.linkedin.com\\\/company\\\/trusted-translations\"]}]}<\/script>\n<!-- \/ Yoast SEO plugin. -->","yoast_head_json":{"title":"Meertalige Vertaling: Trusted Translations","description":"Meertalige vertaaldiensten in meer dan 140 talen door deskundige vertaalteams tegen de beste prijzen. Vraag een gratis offerte of consult aan.","robots":{"index":"index","follow":"follow","max-snippet":"max-snippet:-1","max-image-preview":"max-image-preview:large","max-video-preview":"max-video-preview:-1"},"canonical":"https:\/\/www.trustedtranslations.com\/nl\/taal\/meertalig","og_locale":"nl_NL","og_type":"article","og_title":"Meertalige Vertaling: Trusted Translations","og_description":"Meertalige vertaaldiensten in meer dan 140 talen door deskundige vertaalteams tegen de beste prijzen. Vraag een gratis offerte of consult aan.","og_url":"https:\/\/www.trustedtranslations.com\/nl\/taal\/meertalig","og_site_name":"Trusted Translations, Inc.","article_publisher":"https:\/\/www.facebook.com\/Trusted.Translations","article_modified_time":"2024-11-06T19:32:11+00:00","og_image":[{"width":1038,"height":1038,"url":"https:\/\/static.trustedtranslations.com\/wp-content\/uploads\/2022\/03\/TT_NEW_FB-1.png","type":"image\/png"}],"twitter_card":"summary_large_image","twitter_site":"@TrustedT9ns","schema":{"@context":"https:\/\/schema.org","@graph":[{"@type":"WebPage","@id":"https:\/\/www.trustedtranslations.com\/nl\/taal\/meertalig","url":"https:\/\/www.trustedtranslations.com\/nl\/taal\/meertalig","name":"Meertalige Vertaling: Trusted Translations","isPartOf":{"@id":"https:\/\/www.trustedtranslations.com\/nl\/#website"},"primaryImageOfPage":{"@id":"https:\/\/www.trustedtranslations.com\/nl\/taal\/meertalig#primaryimage"},"image":{"@id":"https:\/\/www.trustedtranslations.com\/nl\/taal\/meertalig#primaryimage"},"thumbnailUrl":"https:\/\/www.trustedtranslations.com\/wp-content\/uploads\/2022\/03\/TT_NEW_FB-1.png","description":"Meertalige vertaaldiensten in meer dan 140 talen door deskundige vertaalteams tegen de beste prijzen. Vraag een gratis offerte of consult aan.","breadcrumb":{"@id":"https:\/\/www.trustedtranslations.com\/nl\/taal\/meertalig#breadcrumb"},"inLanguage":"nl-NL","potentialAction":[{"@type":"ReadAction","target":["https:\/\/www.trustedtranslations.com\/nl\/taal\/meertalig"]}]},{"@type":"ImageObject","inLanguage":"nl-NL","@id":"https:\/\/www.trustedtranslations.com\/nl\/taal\/meertalig#primaryimage","url":"https:\/\/www.trustedtranslations.com\/wp-content\/uploads\/2022\/03\/TT_NEW_FB-1.png","contentUrl":"https:\/\/www.trustedtranslations.com\/wp-content\/uploads\/2022\/03\/TT_NEW_FB-1.png","width":1038,"height":1038,"caption":"TT NEW FB 1"},{"@type":"BreadcrumbList","@id":"https:\/\/www.trustedtranslations.com\/nl\/taal\/meertalig#breadcrumb","itemListElement":[{"@type":"ListItem","position":1,"name":"Home","item":"https:\/\/www.trustedtranslations.com\/nl"},{"@type":"ListItem","position":2,"name":"Talen","item":"https:\/\/www.trustedtranslations.com\/nl\/taal"},{"@type":"ListItem","position":3,"name":"Meertalig"}]},{"@type":"WebSite","@id":"https:\/\/www.trustedtranslations.com\/nl\/#website","url":"https:\/\/www.trustedtranslations.com\/nl\/","name":"Trusted Translations, Inc.","description":"Leader in translation and interpretation services.","publisher":{"@id":"https:\/\/www.trustedtranslations.com\/nl\/#organization"},"alternateName":"Trusted Translations","potentialAction":[{"@type":"SearchAction","target":{"@type":"EntryPoint","urlTemplate":"https:\/\/www.trustedtranslations.com\/nl\/?s={search_term_string}"},"query-input":{"@type":"PropertyValueSpecification","valueRequired":true,"valueName":"search_term_string"}}],"inLanguage":"nl-NL"},{"@type":"Organization","@id":"https:\/\/www.trustedtranslations.com\/nl\/#organization","name":"Trusted Translations","alternateName":"Trusted Translations, Inc.","url":"https:\/\/www.trustedtranslations.com\/nl\/","logo":{"@type":"ImageObject","inLanguage":"nl-NL","@id":"https:\/\/www.trustedtranslations.com\/nl\/#\/schema\/logo\/image\/","url":"https:\/\/static.trustedtranslations.com\/wp-content\/uploads\/2022\/01\/TT_logo_WSIColors-2.png","contentUrl":"https:\/\/static.trustedtranslations.com\/wp-content\/uploads\/2022\/01\/TT_logo_WSIColors-2.png","width":500,"height":196,"caption":"Trusted Translations"},"image":{"@id":"https:\/\/www.trustedtranslations.com\/nl\/#\/schema\/logo\/image\/"},"sameAs":["https:\/\/www.facebook.com\/Trusted.Translations","https:\/\/x.com\/TrustedT9ns","https:\/\/www.linkedin.com\/company\/trusted-translations"]}]}},"toolset-meta":{"dyk":{"mensaje-1":{"type":"textfield","raw":"40% van de kopers koopt een product of dienst pas als de omschrijving in hun eigen taal is."},"mensaje-2":{"type":"textfield","raw":"Aangezien de populariteit van podcasts is gestegen, neemt ook de vraag naar meertalige inhoud toe."},"mensaje-3":{"type":"textfield","raw":"Een kwalitatief hoogwaardige vertaling zorgt voor integriteit van het merk wanneer u tot wereldwijde verkoop overgaat."},"mensaje-4":{"type":"textfield","raw":"Ongeveer 74% van de internetgebruikers heeft het Engels niet als moedertaal."},"mensaje-5":{"type":"textfield","raw":""},"mensaje-6":{"type":"textfield","raw":""}},"single-page-template-fields":{"imgs-temp":{"type":"image","raw":["https:\/\/static.trustedtranslations.com\/wp-content\/uploads\/2024\/06\/multilingual-1.webp","https:\/\/static.trustedtranslations.com\/wp-content\/uploads\/2024\/06\/multilingual-2-1.webp","https:\/\/static.trustedtranslations.com\/wp-content\/uploads\/2024\/06\/multilingual-3-1.webp","https:\/\/static.trustedtranslations.com\/wp-content\/uploads\/2024\/06\/multilingual-4-1.webp"],"repeatable":[{"raw":"https:\/\/static.trustedtranslations.com\/wp-content\/uploads\/2024\/06\/multilingual-1.webp"},{"raw":"https:\/\/static.trustedtranslations.com\/wp-content\/uploads\/2024\/06\/multilingual-2-1.webp"},{"raw":"https:\/\/static.trustedtranslations.com\/wp-content\/uploads\/2024\/06\/multilingual-3-1.webp"},{"raw":"https:\/\/static.trustedtranslations.com\/wp-content\/uploads\/2024\/06\/multilingual-4-1.webp"}]},"imgs-temp-cel":{"type":"image","raw":[""],"repeatable":[{"raw":""}]},"img-temp-one-cel":{"type":"image","raw":"https:\/\/static.trustedtranslations.com\/wp-content\/uploads\/2024\/06\/AdobeStock_284692807-3-1.webp","attachment_id":null},"quotes":{"type":"textarea","raw":"<h1 style=\"margin-bottom: 12px;\">Meertalige vertaaldiensten<\/h1>Trusted Translations, een erkende leider in meertalige vertaaldiensten, beantwoordt aan de vertaalbehoeften van internationale toonaangevende organisaties in meer dan 140 talen. Onze deskundige teams bieden u het volledige scala aan meertalige vertaaldiensten, waaronder documentvertaling, websitelokalisatie, softwarelokalisatie en -globalisering, nasynchronisatie en ondertiteling, en meer.<div style=\"margin-top: 2.5vw;\"><a class=\"tt-btn-main-cta\" href=\"\/nl\/offerte\">VRAAG EEN GRATIS OFFERTE AAN<\/a><\/div>"},"text-1":{"type":"textarea","raw":"<h2 style=\"margin-bottom:20px\">Bewezen track record<\/h2><p>Wereldberoemde organisaties, zoals de Verenigde Naties en NASA, werken met <em>Trusted Translations<\/em> vanwege de mogelijkheid om naar en vanuit meerdere talen te vertalen. Talrijke multinationals vertrouwen ook op <em>Trusted Translations<\/em> voor hun complexe meertalige vertalingen, met als klanten Sony, Kyocera Mita, General Electric, Goodman Global, Kraft Foods Global, Toyota, State Farm, Delta Airlines, Coca-Cola, Citigroup en meer.<\/p><h2 style=\"margin-bottom:20px\">Kwaliteit waarop u kunt vertrouwen<\/h2><p>Voor elk meertalig vertaalproject zetten we alleen ervaren vertalers in met gespecialiseerde kennis van het betreffende onderwerp. Wij passen ook onze unieke drievoudige verificatieprocedure toe, die vereist dat elke vertaling door drie afzonderlijke deskundige mensen wordt gecontroleerd. Het eindproduct wordt daarna onderzocht door een inhoudsmanager die ervoor zorgt dat de informatie niet alleen nauwkeurig wordt vertaald, maar ook dat deze de juiste branchespecifieke terminologie en nomenclatuur bevat. We houden ons aan de hoogste industrienormen, waaronder die van ISO 9001: 2000.<\/p><h2 style=\"margin-bottom:20px\">Zeer competitieve prijzen<\/h2><p>Onze missie is om u meertalige vertalingen van de hoogste kwaliteit te bieden tegen de meest concurrerende prijzen in de branche. Een one-stop oplossing voor uw vertaalbehoeften bespaart u niet alleen tijd, maar kan uw bedrijf ook geld besparen.<\/p><p>In tegenstelling tot veel van onze concurrenten rekenen wij bijvoorbeeld geen \"projectbeheerkosten\" voor meertalige contracten; dit kan u meer dan 15% besparen op het totaalbedrag van uw project. Bovendien zijn onze tarieven, dankzij ons effici\u00ebnte gebruik van interne middelen en gestroomlijnde activiteiten 25 tot 50% lager dan die van onze concurrenten. We kunnen u helpen de taalbarri\u00e8re te doorbreken, uw boodschap over te brengen en communicatie gemakkelijker te maken zonder veel geld uit te geven.<\/p>"},"shortcode-map":{"type":"textfield","raw":""},"dyk-shortcode":{"type":"textfield","raw":"[elementor-template id=\"146767\"]"},"text-2":{"type":"textarea","raw":"<h2 style=\"margin-bottom:20px\">Vertaling naar en vanuit elke taal<\/h2>\r\nHieronder volgt een lijst met enkele talen waarmee we regelmatig werken:\r\n<ul>\r\n \t<li>\r\n<h3>Top 20 talen die in de wereld worden gesproken<\/h3>\r\n<\/li>\r\n<\/ul>\r\n<em><a href=\"https:\/\/www.trustedtranslations.com\/nl\/taal\/chinees\">Mandarijn<\/a>, <a href=\"https:\/\/www.trustedtranslations.com\/nl\/taal\/engels\">Engels<\/a>, <a href=\"https:\/\/www.trustedtranslations.com\/nl\/taal\/spaans\">Spaans<\/a>, <a href=\"https:\/\/www.trustedtranslations.com\/nl\/taal\/hindi\">Hindoestaans<\/a>, <a href=\"https:\/\/www.trustedtranslations.com\/nl\/taal\/urdu\">Arabisch<\/a>, <a href=\"https:\/\/www.trustedtranslations.com\/nl\/taal\/portugees\">Portugees<\/a>, <a href=\"https:\/\/www.trustedtranslations.com\/nl\/taal\/bengaals\">Bengaals<\/a>, <a href=\"https:\/\/www.trustedtranslations.com\/nl\/taal\/russisch\">Russisch<\/a>, <a href=\"https:\/\/www.trustedtranslations.com\/nl\/taal\/japans\">Japans<\/a>, <a href=\"https:\/\/www.trustedtranslations.com\/nl\/taal\/duits\">Duits<\/a>, Punjabi, <a href=\"https:\/\/www.trustedtranslations.com\/nl\/taal\/frans\">Frans<\/a>, Wu, Javaans, Telugu, <a href=\"https:\/\/www.trustedtranslations.com\/nl\/taal\/marathi\">Marathi<\/a>, <a href=\"https:\/\/www.trustedtranslations.com\/nl\/taal\/vietnamees\">Vietnamees<\/a>, <a href=\"https:\/\/www.trustedtranslations.com\/nl\/taal\/koreaans\">Koreaans<\/a>, Tamil, <a href=\"https:\/\/www.trustedtranslations.com\/nl\/taal\/italiaans\">Italiaans<\/a>.<\/em>\r\n<ul>\r\n \t<li>\r\n<h3>10 tot 60 miljoen moedertaalsprekers<\/h3>\r\n<\/li>\r\n<\/ul>\r\n<em>Kantonees, Sindhi, Turks, Min, Gujarati, Maithili, Pools, Oekra\u00efens, Perzisch, Malayalam, Kannada, Tamazight (Berber), Oriya, Azerbeidzjaans, Hakka, Bhojpuri, Birmaans, Gan, Thai, Soedanees, Roemeens, Hausa, Pashto, Servo-Kroatisch, Oezbeeks, Nederlands, Yoruba, Amhaars, Oromo, Indonesisch, Filipijns, Koerdisch, Somalisch, Laotiaans, Cebuano, Grieks, Maleis, Igbo, Malagasy, Nepalees, Assamees, Shona, Khmer, Zhuang, Madurees, Hongaars, Singalees, Fula, Tsjechisch.<\/em>\r\n<ul>\r\n \t<li>\r\n<h3>2 tot 10 miljoen moedertaalsprekers<\/h3>\r\n<\/li>\r\n<\/ul>\r\n<em>Zulu, Quechua, Kazachs, Tibetaans, Tadzjieks, Chichewa (Nyanja), Ha\u00eftiaans Creools, Wit-Russisch, Lombardisch, Hebreeuws, Zweeds, Congolees, Akan, Albanees, Hmong, Yi, Tshiluba, Ilokano, Oeigoers, Napolitaans, Bulgaars, Kinyarwanda, Xhosa, Balochi, Hiligaynon, Tigrinya, Catalaans, Armeens, Minangkabau, Turkmen, Makhuwa, Santali, Batak, Afrikaans, Mongools, Bhili, Deens, Fins, Tataars, Gikuyu, Slowaaks, Moor\u00e9, Swahili, Zuid-Quechua, Guarani, Kirundi, Sesotho (Zuidelijk), Romani, Noors, Pahari-Potwari, Tibetaans, Tswana, Kanuri, Kashmiri, Bikol, Georgisch, Qusqu-Qullaw, Umbundu, Konkani, Balinees, Noord-Sotho (sePedi), Luyia, Wolof, Bemba, Buginees, Luo (Dholuo), Maninka, Mazanderani, Gilaki, Shan, Tsonga, Galicisch, Sukuma, Jiddisch, Jamaicaans Creools, Piemonteis, Kirgizisch, Waray-Waray, Ewe, Zuid-Boliviaans Quechua, Litouws, Luganda, Lusoga, Atjehs, Kimbundu, Hindko, Ibibio-Efiksche talen, Rajbangsi, Garhwali, Bambara, Ometo, Indische gebarentaal, Betawi creools, Karen, Gondi, Senoufo, Kalenjin, Kumauni, Kamba, Luri, K'iche', Kapampangan, Centraal Aymara, Tiv, Brahui, Gbaya, Zarma, Baoul\u00e9, Dogri, Lingala, Sasak, Kurux, Mundari, Dinka, Sloveens, Macedonisch, Buyei, Beti-Pahuin.<\/em>\r\n<ul>\r\n \t<li>\r\n<h3>1 tot 2 miljoen moedertaalsprekers<\/h3>\r\n<\/li>\r\n<\/ul>\r\n<em>Zazaki, Occitaans, Tulu, Ligurisch, Sidamo, Bashkir, Yao, Chuvash, Ijaw (Izon), Fon, SiSwati, Iers, Lets, Nyankore, Makasar, Gusii, Khandesi, Ndebele, Chin, Vlax Romani, Sara, Pangasinan, Tonga, Lampung, Sardini\u00eb, Schotten, Dong, Mende, T\u00e0y, Nahuatl, Afar, Dagbani, Koli, Chiga, Tsjetsjeni\u00eb, Tumbuka, Iu Mien, Meru, Gogo, Teso, Meithei, Tamang, Makonde, Bai, Toeareg, Mandinka, Jula, Temne, Haya, Serer, Beja, Nyamwezi, Abron, Alur, Sena, Azande, Walloon, Anyi, Malvi, Kinaray-a, Soninke, Ho, Ests, Nyakyusa, Gwari, Lugbara, Baskisch, Naga, Susu, Tausug, Chokwe, Kabardisch, Ry\u016bky\u016b, Magindanaw, Maranao, Ancash Quechua, Welsh, Songe, Rejang, Bini, Ebira, Dagaare, Gujari, Tharu, Venda, Arakanees.<\/em>"},"state":{"type":"textfield","raw":""},"city":{"type":"textarea","raw":[]}}},"_links":{"self":[{"href":"https:\/\/www.trustedtranslations.com\/nl\/wp-json\/wp\/v2\/pages\/130968","targetHints":{"allow":["GET"]}}],"collection":[{"href":"https:\/\/www.trustedtranslations.com\/nl\/wp-json\/wp\/v2\/pages"}],"about":[{"href":"https:\/\/www.trustedtranslations.com\/nl\/wp-json\/wp\/v2\/types\/page"}],"author":[{"embeddable":true,"href":"https:\/\/www.trustedtranslations.com\/nl\/wp-json\/wp\/v2\/users\/1"}],"replies":[{"embeddable":true,"href":"https:\/\/www.trustedtranslations.com\/nl\/wp-json\/wp\/v2\/comments?post=130968"}],"version-history":[{"count":0,"href":"https:\/\/www.trustedtranslations.com\/nl\/wp-json\/wp\/v2\/pages\/130968\/revisions"}],"up":[{"embeddable":true,"href":"https:\/\/www.trustedtranslations.com\/nl\/wp-json\/wp\/v2\/pages\/131041"}],"wp:featuredmedia":[{"embeddable":true,"href":"https:\/\/www.trustedtranslations.com\/nl\/wp-json\/wp\/v2\/media\/139626"}],"wp:attachment":[{"href":"https:\/\/www.trustedtranslations.com\/nl\/wp-json\/wp\/v2\/media?parent=130968"}],"curies":[{"name":"wp","href":"https:\/\/api.w.org\/{rel}","templated":true}]}}