{"id":153889,"date":"2022-06-22T15:32:56","date_gmt":"2022-06-22T15:32:56","guid":{"rendered":"https:\/\/www.trustedtranslations.com\/diensten\/vertolking\/interpretation-2"},"modified":"2025-12-09T19:14:01","modified_gmt":"2025-12-09T22:14:01","slug":"simultaan","status":"publish","type":"page","link":"https:\/\/www.trustedtranslations.com\/nl\/diensten\/vertaling-op-locatie\/simultaan","title":{"rendered":"Simultaan"},"content":{"rendered":"","protected":false},"excerpt":{"rendered":"","protected":false},"author":1,"featured_media":178474,"parent":130980,"menu_order":0,"comment_status":"closed","ping_status":"closed","template":"","meta":{"site-sidebar-layout":"default","site-content-layout":"default","ast-site-content-layout":"default","site-content-style":"default","site-sidebar-style":"default","ast-global-header-display":"","ast-banner-title-visibility":"","ast-main-header-display":"","ast-hfb-above-header-display":"","ast-hfb-below-header-display":"","ast-hfb-mobile-header-display":"","site-post-title":"disabled","ast-breadcrumbs-content":"","ast-featured-img":"","footer-sml-layout":"","ast-disable-related-posts":"","theme-transparent-header-meta":"default","adv-header-id-meta":"","stick-header-meta":"","header-above-stick-meta":"","header-main-stick-meta":"","header-below-stick-meta":"","astra-migrate-meta-layouts":"set","ast-page-background-enabled":"default","ast-page-background-meta":{"desktop":{"background-color":"var(--ast-global-color-4)","background-image":"","background-repeat":"repeat","background-position":"center center","background-size":"auto","background-attachment":"scroll","background-type":"","background-media":"","overlay-type":"","overlay-color":"","overlay-opacity":"","overlay-gradient":""},"tablet":{"background-color":"","background-image":"","background-repeat":"repeat","background-position":"center center","background-size":"auto","background-attachment":"scroll","background-type":"","background-media":"","overlay-type":"","overlay-color":"","overlay-opacity":"","overlay-gradient":""},"mobile":{"background-color":"","background-image":"","background-repeat":"repeat","background-position":"center center","background-size":"auto","background-attachment":"scroll","background-type":"","background-media":"","overlay-type":"","overlay-color":"","overlay-opacity":"","overlay-gradient":""}},"ast-content-background-meta":{"desktop":{"background-color":"var(--ast-global-color-5)","background-image":"","background-repeat":"repeat","background-position":"center center","background-size":"auto","background-attachment":"scroll","background-type":"","background-media":"","overlay-type":"","overlay-color":"","overlay-opacity":"","overlay-gradient":""},"tablet":{"background-color":"var(--ast-global-color-5)","background-image":"","background-repeat":"repeat","background-position":"center center","background-size":"auto","background-attachment":"scroll","background-type":"","background-media":"","overlay-type":"","overlay-color":"","overlay-opacity":"","overlay-gradient":""},"mobile":{"background-color":"var(--ast-global-color-5)","background-image":"","background-repeat":"repeat","background-position":"center center","background-size":"auto","background-attachment":"scroll","background-type":"","background-media":"","overlay-type":"","overlay-color":"","overlay-opacity":"","overlay-gradient":""}},"footnotes":""},"class_list":["post-153889","page","type-page","status-publish","has-post-thumbnail","hentry"],"yoast_head":"<!-- This site is optimized with the Yoast SEO plugin v27.5 - https:\/\/yoast.com\/product\/yoast-seo-wordpress\/ -->\n<title>Diensten van simultaan tolken - Trusted Translations, Inc.<\/title>\n<meta name=\"description\" content=\"Trusted Translations ofrece servicios profesionales de interpretaci\u00f3n consecutiva en sitio para reuniones, capacitaciones y eventos. Comunicaci\u00f3n precisa a cargo de int\u00e9rpretes experimentados.\" \/>\n<meta name=\"robots\" content=\"index, follow, max-snippet:-1, max-image-preview:large, max-video-preview:-1\" \/>\n<link rel=\"canonical\" href=\"https:\/\/www.trustedtranslations.com\/nl\/diensten\/vertaling-op-locatie\/simultaan\" \/>\n<meta property=\"og:locale\" content=\"nl_NL\" \/>\n<meta property=\"og:type\" content=\"article\" \/>\n<meta property=\"og:title\" content=\"Diensten van simultaan tolken - Trusted Translations, Inc.\" \/>\n<meta property=\"og:description\" content=\"Trusted Translations ofrece servicios profesionales de interpretaci\u00f3n consecutiva en sitio para reuniones, capacitaciones y eventos. Comunicaci\u00f3n precisa a cargo de int\u00e9rpretes experimentados.\" \/>\n<meta property=\"og:url\" content=\"https:\/\/www.trustedtranslations.com\/nl\/diensten\/vertaling-op-locatie\/simultaan\" \/>\n<meta property=\"og:site_name\" content=\"Trusted Translations, Inc.\" \/>\n<meta property=\"article:publisher\" content=\"https:\/\/www.facebook.com\/Trusted.Translations\" \/>\n<meta property=\"article:modified_time\" content=\"2025-12-09T22:14:01+00:00\" \/>\n<meta property=\"og:image\" content=\"https:\/\/www.trustedtranslations.com\/wp-content\/uploads\/2022\/06\/tt-logo-2-1.webp\" \/>\n\t<meta property=\"og:image:width\" content=\"216\" \/>\n\t<meta property=\"og:image:height\" content=\"94\" \/>\n\t<meta property=\"og:image:type\" content=\"image\/webp\" \/>\n<meta name=\"twitter:card\" content=\"summary_large_image\" \/>\n<meta name=\"twitter:site\" content=\"@TrustedT9ns\" \/>\n<script type=\"application\/ld+json\" class=\"yoast-schema-graph\">{\"@context\":\"https:\\\/\\\/schema.org\",\"@graph\":[{\"@type\":\"WebPage\",\"@id\":\"https:\\\/\\\/www.trustedtranslations.com\\\/nl\\\/diensten\\\/vertaling-op-locatie\\\/simultaan\",\"url\":\"https:\\\/\\\/www.trustedtranslations.com\\\/nl\\\/diensten\\\/vertaling-op-locatie\\\/simultaan\",\"name\":\"Diensten van simultaan tolken - Trusted Translations, Inc.\",\"isPartOf\":{\"@id\":\"https:\\\/\\\/www.trustedtranslations.com\\\/nl\\\/#website\"},\"primaryImageOfPage\":{\"@id\":\"https:\\\/\\\/www.trustedtranslations.com\\\/nl\\\/diensten\\\/vertaling-op-locatie\\\/simultaan#primaryimage\"},\"image\":{\"@id\":\"https:\\\/\\\/www.trustedtranslations.com\\\/nl\\\/diensten\\\/vertaling-op-locatie\\\/simultaan#primaryimage\"},\"thumbnailUrl\":\"\",\"description\":\"Trusted Translations ofrece servicios profesionales de interpretaci\u00f3n consecutiva en sitio para reuniones, capacitaciones y eventos. Comunicaci\u00f3n precisa a cargo de int\u00e9rpretes experimentados.\",\"breadcrumb\":{\"@id\":\"https:\\\/\\\/www.trustedtranslations.com\\\/nl\\\/diensten\\\/vertaling-op-locatie\\\/simultaan#breadcrumb\"},\"inLanguage\":\"nl-NL\",\"potentialAction\":[{\"@type\":\"ReadAction\",\"target\":[\"https:\\\/\\\/www.trustedtranslations.com\\\/nl\\\/diensten\\\/vertaling-op-locatie\\\/simultaan\"]}]},{\"@type\":\"ImageObject\",\"inLanguage\":\"nl-NL\",\"@id\":\"https:\\\/\\\/www.trustedtranslations.com\\\/nl\\\/diensten\\\/vertaling-op-locatie\\\/simultaan#primaryimage\",\"url\":\"\",\"contentUrl\":\"\"},{\"@type\":\"BreadcrumbList\",\"@id\":\"https:\\\/\\\/www.trustedtranslations.com\\\/nl\\\/diensten\\\/vertaling-op-locatie\\\/simultaan#breadcrumb\",\"itemListElement\":[{\"@type\":\"ListItem\",\"position\":1,\"name\":\"Home\",\"item\":\"https:\\\/\\\/www.trustedtranslations.com\\\/nl\"},{\"@type\":\"ListItem\",\"position\":2,\"name\":\"Diensten\",\"item\":\"https:\\\/\\\/www.trustedtranslations.com\\\/nl\\\/diensten\"},{\"@type\":\"ListItem\",\"position\":3,\"name\":\"Vertaling op locatie\",\"item\":\"https:\\\/\\\/www.trustedtranslations.com\\\/nl\\\/diensten\\\/vertaling-op-locatie\"},{\"@type\":\"ListItem\",\"position\":4,\"name\":\"Simultaan\"}]},{\"@type\":\"WebSite\",\"@id\":\"https:\\\/\\\/www.trustedtranslations.com\\\/nl\\\/#website\",\"url\":\"https:\\\/\\\/www.trustedtranslations.com\\\/nl\\\/\",\"name\":\"Trusted Translations, Inc.\",\"description\":\"Leader in translation and interpretation services.\",\"publisher\":{\"@id\":\"https:\\\/\\\/www.trustedtranslations.com\\\/nl\\\/#organization\"},\"alternateName\":\"Trusted Translations\",\"potentialAction\":[{\"@type\":\"SearchAction\",\"target\":{\"@type\":\"EntryPoint\",\"urlTemplate\":\"https:\\\/\\\/www.trustedtranslations.com\\\/nl\\\/?s={search_term_string}\"},\"query-input\":{\"@type\":\"PropertyValueSpecification\",\"valueRequired\":true,\"valueName\":\"search_term_string\"}}],\"inLanguage\":\"nl-NL\"},{\"@type\":\"Organization\",\"@id\":\"https:\\\/\\\/www.trustedtranslations.com\\\/nl\\\/#organization\",\"name\":\"Trusted Translations\",\"alternateName\":\"Trusted Translations, Inc.\",\"url\":\"https:\\\/\\\/www.trustedtranslations.com\\\/nl\\\/\",\"logo\":{\"@type\":\"ImageObject\",\"inLanguage\":\"nl-NL\",\"@id\":\"https:\\\/\\\/www.trustedtranslations.com\\\/nl\\\/#\\\/schema\\\/logo\\\/image\\\/\",\"url\":\"https:\\\/\\\/static.trustedtranslations.com\\\/wp-content\\\/uploads\\\/2022\\\/01\\\/TT_logo_WSIColors-2.png\",\"contentUrl\":\"https:\\\/\\\/static.trustedtranslations.com\\\/wp-content\\\/uploads\\\/2022\\\/01\\\/TT_logo_WSIColors-2.png\",\"width\":500,\"height\":196,\"caption\":\"Trusted Translations\"},\"image\":{\"@id\":\"https:\\\/\\\/www.trustedtranslations.com\\\/nl\\\/#\\\/schema\\\/logo\\\/image\\\/\"},\"sameAs\":[\"https:\\\/\\\/www.facebook.com\\\/Trusted.Translations\",\"https:\\\/\\\/x.com\\\/TrustedT9ns\",\"https:\\\/\\\/www.linkedin.com\\\/company\\\/trusted-translations\"]}]}<\/script>\n<!-- \/ Yoast SEO plugin. -->","yoast_head_json":{"title":"Diensten van simultaan tolken - Trusted Translations, Inc.","description":"Trusted Translations ofrece servicios profesionales de interpretaci\u00f3n consecutiva en sitio para reuniones, capacitaciones y eventos. Comunicaci\u00f3n precisa a cargo de int\u00e9rpretes experimentados.","robots":{"index":"index","follow":"follow","max-snippet":"max-snippet:-1","max-image-preview":"max-image-preview:large","max-video-preview":"max-video-preview:-1"},"canonical":"https:\/\/www.trustedtranslations.com\/nl\/diensten\/vertaling-op-locatie\/simultaan","og_locale":"nl_NL","og_type":"article","og_title":"Diensten van simultaan tolken - Trusted Translations, Inc.","og_description":"Trusted Translations ofrece servicios profesionales de interpretaci\u00f3n consecutiva en sitio para reuniones, capacitaciones y eventos. Comunicaci\u00f3n precisa a cargo de int\u00e9rpretes experimentados.","og_url":"https:\/\/www.trustedtranslations.com\/nl\/diensten\/vertaling-op-locatie\/simultaan","og_site_name":"Trusted Translations, Inc.","article_publisher":"https:\/\/www.facebook.com\/Trusted.Translations","article_modified_time":"2025-12-09T22:14:01+00:00","og_image":[{"width":216,"height":94,"url":"https:\/\/www.trustedtranslations.com\/wp-content\/uploads\/2022\/06\/tt-logo-2-1.webp","type":"image\/webp"}],"twitter_card":"summary_large_image","twitter_site":"@TrustedT9ns","schema":{"@context":"https:\/\/schema.org","@graph":[{"@type":"WebPage","@id":"https:\/\/www.trustedtranslations.com\/nl\/diensten\/vertaling-op-locatie\/simultaan","url":"https:\/\/www.trustedtranslations.com\/nl\/diensten\/vertaling-op-locatie\/simultaan","name":"Diensten van simultaan tolken - Trusted Translations, Inc.","isPartOf":{"@id":"https:\/\/www.trustedtranslations.com\/nl\/#website"},"primaryImageOfPage":{"@id":"https:\/\/www.trustedtranslations.com\/nl\/diensten\/vertaling-op-locatie\/simultaan#primaryimage"},"image":{"@id":"https:\/\/www.trustedtranslations.com\/nl\/diensten\/vertaling-op-locatie\/simultaan#primaryimage"},"thumbnailUrl":"","description":"Trusted Translations ofrece servicios profesionales de interpretaci\u00f3n consecutiva en sitio para reuniones, capacitaciones y eventos. Comunicaci\u00f3n precisa a cargo de int\u00e9rpretes experimentados.","breadcrumb":{"@id":"https:\/\/www.trustedtranslations.com\/nl\/diensten\/vertaling-op-locatie\/simultaan#breadcrumb"},"inLanguage":"nl-NL","potentialAction":[{"@type":"ReadAction","target":["https:\/\/www.trustedtranslations.com\/nl\/diensten\/vertaling-op-locatie\/simultaan"]}]},{"@type":"ImageObject","inLanguage":"nl-NL","@id":"https:\/\/www.trustedtranslations.com\/nl\/diensten\/vertaling-op-locatie\/simultaan#primaryimage","url":"","contentUrl":""},{"@type":"BreadcrumbList","@id":"https:\/\/www.trustedtranslations.com\/nl\/diensten\/vertaling-op-locatie\/simultaan#breadcrumb","itemListElement":[{"@type":"ListItem","position":1,"name":"Home","item":"https:\/\/www.trustedtranslations.com\/nl"},{"@type":"ListItem","position":2,"name":"Diensten","item":"https:\/\/www.trustedtranslations.com\/nl\/diensten"},{"@type":"ListItem","position":3,"name":"Vertaling op locatie","item":"https:\/\/www.trustedtranslations.com\/nl\/diensten\/vertaling-op-locatie"},{"@type":"ListItem","position":4,"name":"Simultaan"}]},{"@type":"WebSite","@id":"https:\/\/www.trustedtranslations.com\/nl\/#website","url":"https:\/\/www.trustedtranslations.com\/nl\/","name":"Trusted Translations, Inc.","description":"Leader in translation and interpretation services.","publisher":{"@id":"https:\/\/www.trustedtranslations.com\/nl\/#organization"},"alternateName":"Trusted Translations","potentialAction":[{"@type":"SearchAction","target":{"@type":"EntryPoint","urlTemplate":"https:\/\/www.trustedtranslations.com\/nl\/?s={search_term_string}"},"query-input":{"@type":"PropertyValueSpecification","valueRequired":true,"valueName":"search_term_string"}}],"inLanguage":"nl-NL"},{"@type":"Organization","@id":"https:\/\/www.trustedtranslations.com\/nl\/#organization","name":"Trusted Translations","alternateName":"Trusted Translations, Inc.","url":"https:\/\/www.trustedtranslations.com\/nl\/","logo":{"@type":"ImageObject","inLanguage":"nl-NL","@id":"https:\/\/www.trustedtranslations.com\/nl\/#\/schema\/logo\/image\/","url":"https:\/\/static.trustedtranslations.com\/wp-content\/uploads\/2022\/01\/TT_logo_WSIColors-2.png","contentUrl":"https:\/\/static.trustedtranslations.com\/wp-content\/uploads\/2022\/01\/TT_logo_WSIColors-2.png","width":500,"height":196,"caption":"Trusted Translations"},"image":{"@id":"https:\/\/www.trustedtranslations.com\/nl\/#\/schema\/logo\/image\/"},"sameAs":["https:\/\/www.facebook.com\/Trusted.Translations","https:\/\/x.com\/TrustedT9ns","https:\/\/www.linkedin.com\/company\/trusted-translations"]}]}},"toolset-meta":{"dyk":{"mensaje-1":{"type":"textfield","raw":"De Amerikaanse federale wetgeving vereist tolken in zowel strafrechtelijke als civiele rechtbanken."},"mensaje-2":{"type":"textfield","raw":"Professionele tolken werken vaak in duo omdat het mentaal erg veeleisend is."},"mensaje-3":{"type":"textfield","raw":"Getrainde tolken kunnen medische miscommunicatiefouten tot wel 75% verminderen."},"mensaje-4":{"type":"textfield","raw":"De Amerikaanse wet vereist dat ziekenhuizen gekwalificeerde tolken voor pati\u00ebnten leveren."},"mensaje-5":{"type":"textfield","raw":""},"mensaje-6":{"type":"textfield","raw":""}},"single-page-template-fields":{"imgs-temp":{"type":"image","raw":["https:\/\/static.trustedtranslations.com\/wp-content\/uploads\/2024\/07\/onsite-1-1.webp"],"repeatable":[{"raw":"https:\/\/static.trustedtranslations.com\/wp-content\/uploads\/2024\/07\/onsite-1-1.webp"}]},"imgs-temp-cel":{"type":"image","raw":[""],"repeatable":[{"raw":""}]},"img-temp-one-cel":{"type":"image","raw":"https:\/\/static.trustedtranslations.com\/wp-content\/uploads\/2024\/07\/speaker-business-conference-2-1.webp","attachment_id":null},"quotes":{"type":"textarea","raw":"<h1 style=\"margin-bottom: 12px;\">Diensten van simultaan tolken op locatie<\/h1>\r\nEen van de bekendste vormen van tolken op locatie is simultaan of real-time tolken. Van internationale zakelijke congressen tot rechtszalen, <em>Trusted Translations<\/em> biedt de beste simultaantolken ter wereld en levert de meest betrouwbare tolkdiensten voor cruciale communicatie.\r\n<div style=\"margin-top: 2.5vw;\"><a class=\"tt-btn-main-cta\" href=\"https:\/\/www.trustedtranslations.com\/nl\/offerte\">Vraag een gratis offerte aan<\/a><\/div>"},"text-1":{"type":"textarea","raw":"<h2>Tolken voor een groter publiek<\/h2>\r\nBij simultaan tolken vertaalt de tolk (of vaak een team van twee of meer tolken) vanaf een locatie dichtbij of in een gesloten cabine terwijl de spreker aan het woord is, waardoor een vrijwel realtime communicatie-ervaring ontstaat. Ideaal voor grootschalige, meertalige evenementen, zoals conferenties; dit is het type live tolkdiensten dat u misschien kent van procedures bij de Verenigde Naties, presidenti\u00eble toespraken die wereldwijd worden uitgezonden, of internationale sportevenementen zoals de Olympische Spelen.\r\n<h2>Taal in realtime tolken<\/h2>\r\nSimultaantolkopdrachten zijn complexer dan consecutief vertalen; tolken moeten razendsnel reageren om de brontaal in zich op te nemen en te interpreteren voordat ze vlot een mondelinge vertaling in de doeltaal kunnen leveren. Aangezien simultaantolken moeten interpreteren wat ze in de context horen, in plaats van een eenvoudige woord-voor-woord benadering, is er geen technologie of software die de betrouwbaarheid van een echte tolk op locatie zelfs maar half kan benaderen.\r\n\r\nDe hoge snelheid en vloeiendheid van simultaan tolken vereist dat tolken over uitgebreide ervaring en onberispelijke referenties beschikken. Bij Trusted Translations zijn simultaantolken in ons team opgenomen die met de meest gerenommeerde organisaties in de internationale gemeenschap, waaronder de VN, hebben gewerkt. Als zodanig zijn ze al bekend met strikte standaarden voor de kwaliteit van tolkdiensten en met onderwerpen die veel aandacht krijgen.\r\n\r\nSimultaan tolken op locatie is ook afhankelijk van bepaalde gespecialiseerde apparatuur, die zowel de tolk als het publiek van heldere audio van hoge kwaliteit voorziet. Simultaantolken gebruiken bijvoorbeeld vaak speciaal ontworpen geluiddichte cabines, draadloze headsets, televisiemonitoren en hoogwaardige microfoons. Voor de beste resultaten is het belangrijk om samen te werken met een team dat u kan voorzien van de juiste apparatuur van erkende fabrikanten."},"shortcode-map":{"type":"textfield","raw":""},"dyk-shortcode":{"type":"textfield","raw":"[elementor-template id=\"146767\"]"},"text-2":{"type":"textarea","raw":"<h2>Waarom kiezen voor simultaan tolken<\/h2>\r\nOmdat simultaan tolken in realtime gebeurt, bespaart het ook tijd, waardoor het ideaal is voor grote conferenties en vergaderingen of lezingen waarbij aanzienlijke hoeveelheden informatie nodig zijn. Voor evenementen met een groot aantal aanwezigen en meerdere talen die spelen, is simultaan tolken de meest effici\u00ebnte optie. U hoeft niet te wachten tot de toespraak van elke spreker achteraf is vertaald in tientallen of honderden verschillende talen.\r\n\r\nIn termen van meertalige vergaderingen van gevoeliger aard, zoals juridische, diplomatieke of zakelijke omgevingen, speelt simultaanvertaling een sleutelrol, waardoor de nauwkeurige, vaak delicate en genuanceerde communicatie tussen alle gesprekspartners wordt vergemakkelijkt. Bovendien, aangezien de toename van virtuele of hybride evenementen tijdens de pandemie het publiek naar nieuwe talen en locaties heeft doen uitbreiden, is nauwkeurige interpretatie voor toekomstige evenementen belangrijker dan ooit.\r\n\r\n<em>Trusted Translations<\/em> is uitgerust met zowel de technologie als de beste tolken om aan uw behoeften voor simultaan tolken te voldoen. Onze tolken zijn hooggekwalificeerd en specifiek opgeleid in simultaan tolken. Neem contact op voor meer informatie over hoe we kosteneffectieve oplossingen kunnen bieden voor uw simultaan tolken op locatie."},"state":{"type":"textfield","raw":""},"city":{"type":"textarea","raw":[""]}}},"_links":{"self":[{"href":"https:\/\/www.trustedtranslations.com\/nl\/wp-json\/wp\/v2\/pages\/153889","targetHints":{"allow":["GET"]}}],"collection":[{"href":"https:\/\/www.trustedtranslations.com\/nl\/wp-json\/wp\/v2\/pages"}],"about":[{"href":"https:\/\/www.trustedtranslations.com\/nl\/wp-json\/wp\/v2\/types\/page"}],"author":[{"embeddable":true,"href":"https:\/\/www.trustedtranslations.com\/nl\/wp-json\/wp\/v2\/users\/1"}],"replies":[{"embeddable":true,"href":"https:\/\/www.trustedtranslations.com\/nl\/wp-json\/wp\/v2\/comments?post=153889"}],"version-history":[{"count":0,"href":"https:\/\/www.trustedtranslations.com\/nl\/wp-json\/wp\/v2\/pages\/153889\/revisions"}],"up":[{"embeddable":true,"href":"https:\/\/www.trustedtranslations.com\/nl\/wp-json\/wp\/v2\/pages\/130980"}],"wp:featuredmedia":[{"embeddable":true,"href":"https:\/\/www.trustedtranslations.com\/nl\/wp-json\/"}],"wp:attachment":[{"href":"https:\/\/www.trustedtranslations.com\/nl\/wp-json\/wp\/v2\/media?parent=153889"}],"curies":[{"name":"wp","href":"https:\/\/api.w.org\/{rel}","templated":true}]}}