{"id":160949,"date":"2022-07-15T16:30:03","date_gmt":"2022-07-15T16:30:03","guid":{"rendered":"https:\/\/www.trustedtranslations.com\/diensten\/app-lokalisatie\/android"},"modified":"2024-09-09T12:58:00","modified_gmt":"2024-09-09T15:58:00","slug":"android","status":"publish","type":"page","link":"https:\/\/www.trustedtranslations.com\/nl\/diensten\/app-lokalisatie\/android","title":{"rendered":"Android"},"content":{"rendered":"","protected":false},"excerpt":{"rendered":"","protected":false},"author":1,"featured_media":223562,"parent":130889,"menu_order":0,"comment_status":"closed","ping_status":"closed","template":"","meta":{"site-sidebar-layout":"default","site-content-layout":"default","ast-site-content-layout":"default","site-content-style":"default","site-sidebar-style":"default","ast-global-header-display":"","ast-banner-title-visibility":"","ast-main-header-display":"","ast-hfb-above-header-display":"","ast-hfb-below-header-display":"","ast-hfb-mobile-header-display":"","site-post-title":"disabled","ast-breadcrumbs-content":"","ast-featured-img":"","footer-sml-layout":"","theme-transparent-header-meta":"default","adv-header-id-meta":"","stick-header-meta":"","header-above-stick-meta":"","header-main-stick-meta":"","header-below-stick-meta":"","astra-migrate-meta-layouts":"set","ast-page-background-enabled":"default","ast-page-background-meta":{"desktop":{"background-color":"var(--ast-global-color-4)","background-image":"","background-repeat":"repeat","background-position":"center center","background-size":"auto","background-attachment":"scroll","background-type":"","background-media":"","overlay-type":"","overlay-color":"","overlay-opacity":"","overlay-gradient":""},"tablet":{"background-color":"","background-image":"","background-repeat":"repeat","background-position":"center center","background-size":"auto","background-attachment":"scroll","background-type":"","background-media":"","overlay-type":"","overlay-color":"","overlay-opacity":"","overlay-gradient":""},"mobile":{"background-color":"","background-image":"","background-repeat":"repeat","background-position":"center center","background-size":"auto","background-attachment":"scroll","background-type":"","background-media":"","overlay-type":"","overlay-color":"","overlay-opacity":"","overlay-gradient":""}},"ast-content-background-meta":{"desktop":{"background-color":"var(--ast-global-color-5)","background-image":"","background-repeat":"repeat","background-position":"center center","background-size":"auto","background-attachment":"scroll","background-type":"","background-media":"","overlay-type":"","overlay-color":"","overlay-opacity":"","overlay-gradient":""},"tablet":{"background-color":"var(--ast-global-color-5)","background-image":"","background-repeat":"repeat","background-position":"center center","background-size":"auto","background-attachment":"scroll","background-type":"","background-media":"","overlay-type":"","overlay-color":"","overlay-opacity":"","overlay-gradient":""},"mobile":{"background-color":"var(--ast-global-color-5)","background-image":"","background-repeat":"repeat","background-position":"center center","background-size":"auto","background-attachment":"scroll","background-type":"","background-media":"","overlay-type":"","overlay-color":"","overlay-opacity":"","overlay-gradient":""}},"footnotes":""},"class_list":["post-160949","page","type-page","status-publish","has-post-thumbnail","hentry"],"yoast_head":"<!-- This site is optimized with the Yoast SEO plugin v27.5 - https:\/\/yoast.com\/product\/yoast-seo-wordpress\/ -->\n<title>Lokalisatie van Android-apps - Trusted Translations, Inc.<\/title>\n<meta name=\"description\" content=\"Trusted Translations is een toonaangevende leverancier van lokalisatiediensten voor Android-apps. We lokaliseren en vertalen elke mobiele app voor praktisch elke markt en elk apparaat.\" \/>\n<meta name=\"robots\" content=\"index, follow, max-snippet:-1, max-image-preview:large, max-video-preview:-1\" \/>\n<link rel=\"canonical\" href=\"https:\/\/www.trustedtranslations.com\/nl\/diensten\/app-lokalisatie\/android\" \/>\n<meta property=\"og:locale\" content=\"nl_NL\" \/>\n<meta property=\"og:type\" content=\"article\" \/>\n<meta property=\"og:title\" content=\"Lokalisatie van Android-apps - Trusted Translations, Inc.\" \/>\n<meta property=\"og:description\" content=\"Trusted Translations is een toonaangevende leverancier van lokalisatiediensten voor Android-apps. We lokaliseren en vertalen elke mobiele app voor praktisch elke markt en elk apparaat.\" \/>\n<meta property=\"og:url\" content=\"https:\/\/www.trustedtranslations.com\/nl\/diensten\/app-lokalisatie\/android\" \/>\n<meta property=\"og:site_name\" content=\"Trusted Translations, Inc.\" \/>\n<meta property=\"article:publisher\" content=\"https:\/\/www.facebook.com\/Trusted.Translations\" \/>\n<meta property=\"article:modified_time\" content=\"2024-09-09T15:58:00+00:00\" \/>\n<meta property=\"og:image\" content=\"https:\/\/www.trustedtranslations.com\/wp-content\/uploads\/2022\/06\/tt-logo-2-1.webp\" \/>\n\t<meta property=\"og:image:width\" content=\"216\" \/>\n\t<meta property=\"og:image:height\" content=\"94\" \/>\n\t<meta property=\"og:image:type\" content=\"image\/webp\" \/>\n<meta name=\"twitter:card\" content=\"summary_large_image\" \/>\n<meta name=\"twitter:site\" content=\"@TrustedT9ns\" \/>\n<script type=\"application\/ld+json\" class=\"yoast-schema-graph\">{\"@context\":\"https:\\\/\\\/schema.org\",\"@graph\":[{\"@type\":\"WebPage\",\"@id\":\"https:\\\/\\\/www.trustedtranslations.com\\\/nl\\\/diensten\\\/app-lokalisatie\\\/android\",\"url\":\"https:\\\/\\\/www.trustedtranslations.com\\\/nl\\\/diensten\\\/app-lokalisatie\\\/android\",\"name\":\"Lokalisatie van Android-apps - Trusted Translations, Inc.\",\"isPartOf\":{\"@id\":\"https:\\\/\\\/www.trustedtranslations.com\\\/nl\\\/#website\"},\"primaryImageOfPage\":{\"@id\":\"https:\\\/\\\/www.trustedtranslations.com\\\/nl\\\/diensten\\\/app-lokalisatie\\\/android#primaryimage\"},\"image\":{\"@id\":\"https:\\\/\\\/www.trustedtranslations.com\\\/nl\\\/diensten\\\/app-lokalisatie\\\/android#primaryimage\"},\"thumbnailUrl\":\"\",\"description\":\"Trusted Translations is een toonaangevende leverancier van lokalisatiediensten voor Android-apps. We lokaliseren en vertalen elke mobiele app voor praktisch elke markt en elk apparaat.\",\"breadcrumb\":{\"@id\":\"https:\\\/\\\/www.trustedtranslations.com\\\/nl\\\/diensten\\\/app-lokalisatie\\\/android#breadcrumb\"},\"inLanguage\":\"nl-NL\",\"potentialAction\":[{\"@type\":\"ReadAction\",\"target\":[\"https:\\\/\\\/www.trustedtranslations.com\\\/nl\\\/diensten\\\/app-lokalisatie\\\/android\"]}]},{\"@type\":\"ImageObject\",\"inLanguage\":\"nl-NL\",\"@id\":\"https:\\\/\\\/www.trustedtranslations.com\\\/nl\\\/diensten\\\/app-lokalisatie\\\/android#primaryimage\",\"url\":\"\",\"contentUrl\":\"\"},{\"@type\":\"BreadcrumbList\",\"@id\":\"https:\\\/\\\/www.trustedtranslations.com\\\/nl\\\/diensten\\\/app-lokalisatie\\\/android#breadcrumb\",\"itemListElement\":[{\"@type\":\"ListItem\",\"position\":1,\"name\":\"Home\",\"item\":\"https:\\\/\\\/www.trustedtranslations.com\\\/nl\"},{\"@type\":\"ListItem\",\"position\":2,\"name\":\"Diensten\",\"item\":\"https:\\\/\\\/www.trustedtranslations.com\\\/nl\\\/diensten\"},{\"@type\":\"ListItem\",\"position\":3,\"name\":\"App-lokalisatie\",\"item\":\"https:\\\/\\\/www.trustedtranslations.com\\\/nl\\\/diensten\\\/app-lokalisatie\"},{\"@type\":\"ListItem\",\"position\":4,\"name\":\"Android\"}]},{\"@type\":\"WebSite\",\"@id\":\"https:\\\/\\\/www.trustedtranslations.com\\\/nl\\\/#website\",\"url\":\"https:\\\/\\\/www.trustedtranslations.com\\\/nl\\\/\",\"name\":\"Trusted Translations, Inc.\",\"description\":\"Leader in translation and interpretation services.\",\"publisher\":{\"@id\":\"https:\\\/\\\/www.trustedtranslations.com\\\/nl\\\/#organization\"},\"alternateName\":\"Trusted Translations\",\"potentialAction\":[{\"@type\":\"SearchAction\",\"target\":{\"@type\":\"EntryPoint\",\"urlTemplate\":\"https:\\\/\\\/www.trustedtranslations.com\\\/nl\\\/?s={search_term_string}\"},\"query-input\":{\"@type\":\"PropertyValueSpecification\",\"valueRequired\":true,\"valueName\":\"search_term_string\"}}],\"inLanguage\":\"nl-NL\"},{\"@type\":\"Organization\",\"@id\":\"https:\\\/\\\/www.trustedtranslations.com\\\/nl\\\/#organization\",\"name\":\"Trusted Translations\",\"alternateName\":\"Trusted Translations, Inc.\",\"url\":\"https:\\\/\\\/www.trustedtranslations.com\\\/nl\\\/\",\"logo\":{\"@type\":\"ImageObject\",\"inLanguage\":\"nl-NL\",\"@id\":\"https:\\\/\\\/www.trustedtranslations.com\\\/nl\\\/#\\\/schema\\\/logo\\\/image\\\/\",\"url\":\"https:\\\/\\\/static.trustedtranslations.com\\\/wp-content\\\/uploads\\\/2022\\\/01\\\/TT_logo_WSIColors-2.png\",\"contentUrl\":\"https:\\\/\\\/static.trustedtranslations.com\\\/wp-content\\\/uploads\\\/2022\\\/01\\\/TT_logo_WSIColors-2.png\",\"width\":500,\"height\":196,\"caption\":\"Trusted Translations\"},\"image\":{\"@id\":\"https:\\\/\\\/www.trustedtranslations.com\\\/nl\\\/#\\\/schema\\\/logo\\\/image\\\/\"},\"sameAs\":[\"https:\\\/\\\/www.facebook.com\\\/Trusted.Translations\",\"https:\\\/\\\/x.com\\\/TrustedT9ns\",\"https:\\\/\\\/www.linkedin.com\\\/company\\\/trusted-translations\"]}]}<\/script>\n<!-- \/ Yoast SEO plugin. -->","yoast_head_json":{"title":"Lokalisatie van Android-apps - Trusted Translations, Inc.","description":"Trusted Translations is een toonaangevende leverancier van lokalisatiediensten voor Android-apps. We lokaliseren en vertalen elke mobiele app voor praktisch elke markt en elk apparaat.","robots":{"index":"index","follow":"follow","max-snippet":"max-snippet:-1","max-image-preview":"max-image-preview:large","max-video-preview":"max-video-preview:-1"},"canonical":"https:\/\/www.trustedtranslations.com\/nl\/diensten\/app-lokalisatie\/android","og_locale":"nl_NL","og_type":"article","og_title":"Lokalisatie van Android-apps - Trusted Translations, Inc.","og_description":"Trusted Translations is een toonaangevende leverancier van lokalisatiediensten voor Android-apps. We lokaliseren en vertalen elke mobiele app voor praktisch elke markt en elk apparaat.","og_url":"https:\/\/www.trustedtranslations.com\/nl\/diensten\/app-lokalisatie\/android","og_site_name":"Trusted Translations, Inc.","article_publisher":"https:\/\/www.facebook.com\/Trusted.Translations","article_modified_time":"2024-09-09T15:58:00+00:00","og_image":[{"width":216,"height":94,"url":"https:\/\/www.trustedtranslations.com\/wp-content\/uploads\/2022\/06\/tt-logo-2-1.webp","type":"image\/webp"}],"twitter_card":"summary_large_image","twitter_site":"@TrustedT9ns","schema":{"@context":"https:\/\/schema.org","@graph":[{"@type":"WebPage","@id":"https:\/\/www.trustedtranslations.com\/nl\/diensten\/app-lokalisatie\/android","url":"https:\/\/www.trustedtranslations.com\/nl\/diensten\/app-lokalisatie\/android","name":"Lokalisatie van Android-apps - Trusted Translations, Inc.","isPartOf":{"@id":"https:\/\/www.trustedtranslations.com\/nl\/#website"},"primaryImageOfPage":{"@id":"https:\/\/www.trustedtranslations.com\/nl\/diensten\/app-lokalisatie\/android#primaryimage"},"image":{"@id":"https:\/\/www.trustedtranslations.com\/nl\/diensten\/app-lokalisatie\/android#primaryimage"},"thumbnailUrl":"","description":"Trusted Translations is een toonaangevende leverancier van lokalisatiediensten voor Android-apps. We lokaliseren en vertalen elke mobiele app voor praktisch elke markt en elk apparaat.","breadcrumb":{"@id":"https:\/\/www.trustedtranslations.com\/nl\/diensten\/app-lokalisatie\/android#breadcrumb"},"inLanguage":"nl-NL","potentialAction":[{"@type":"ReadAction","target":["https:\/\/www.trustedtranslations.com\/nl\/diensten\/app-lokalisatie\/android"]}]},{"@type":"ImageObject","inLanguage":"nl-NL","@id":"https:\/\/www.trustedtranslations.com\/nl\/diensten\/app-lokalisatie\/android#primaryimage","url":"","contentUrl":""},{"@type":"BreadcrumbList","@id":"https:\/\/www.trustedtranslations.com\/nl\/diensten\/app-lokalisatie\/android#breadcrumb","itemListElement":[{"@type":"ListItem","position":1,"name":"Home","item":"https:\/\/www.trustedtranslations.com\/nl"},{"@type":"ListItem","position":2,"name":"Diensten","item":"https:\/\/www.trustedtranslations.com\/nl\/diensten"},{"@type":"ListItem","position":3,"name":"App-lokalisatie","item":"https:\/\/www.trustedtranslations.com\/nl\/diensten\/app-lokalisatie"},{"@type":"ListItem","position":4,"name":"Android"}]},{"@type":"WebSite","@id":"https:\/\/www.trustedtranslations.com\/nl\/#website","url":"https:\/\/www.trustedtranslations.com\/nl\/","name":"Trusted Translations, Inc.","description":"Leader in translation and interpretation services.","publisher":{"@id":"https:\/\/www.trustedtranslations.com\/nl\/#organization"},"alternateName":"Trusted Translations","potentialAction":[{"@type":"SearchAction","target":{"@type":"EntryPoint","urlTemplate":"https:\/\/www.trustedtranslations.com\/nl\/?s={search_term_string}"},"query-input":{"@type":"PropertyValueSpecification","valueRequired":true,"valueName":"search_term_string"}}],"inLanguage":"nl-NL"},{"@type":"Organization","@id":"https:\/\/www.trustedtranslations.com\/nl\/#organization","name":"Trusted Translations","alternateName":"Trusted Translations, Inc.","url":"https:\/\/www.trustedtranslations.com\/nl\/","logo":{"@type":"ImageObject","inLanguage":"nl-NL","@id":"https:\/\/www.trustedtranslations.com\/nl\/#\/schema\/logo\/image\/","url":"https:\/\/static.trustedtranslations.com\/wp-content\/uploads\/2022\/01\/TT_logo_WSIColors-2.png","contentUrl":"https:\/\/static.trustedtranslations.com\/wp-content\/uploads\/2022\/01\/TT_logo_WSIColors-2.png","width":500,"height":196,"caption":"Trusted Translations"},"image":{"@id":"https:\/\/www.trustedtranslations.com\/nl\/#\/schema\/logo\/image\/"},"sameAs":["https:\/\/www.facebook.com\/Trusted.Translations","https:\/\/x.com\/TrustedT9ns","https:\/\/www.linkedin.com\/company\/trusted-translations"]}]}},"toolset-meta":{"dyk":{"mensaje-1":{"type":"textfield","raw":"De Latijns-Amerikaanse gamesmarkt wordt gedomineerd door mobiele games."},"mensaje-2":{"type":"textfield","raw":"Android is het populairste smartphonesysteem ter wereld."},"mensaje-3":{"type":"textfield","raw":"Consumenten in meer dan een dozijn markten wereldwijde besteden 4-5 uur per dag aan mobiele apps."},"mensaje-4":{"type":"textfield","raw":"Gebruikers zullen naar verwachting in 2023 US$60 miljard uitgeven in de Google Play Store."},"mensaje-5":{"type":"textfield","raw":""},"mensaje-6":{"type":"textfield","raw":""}},"single-page-template-fields":{"imgs-temp":{"type":"image","raw":["https:\/\/static.trustedtranslations.com\/wp-content\/uploads\/2024\/05\/android-apps-3-1.webp","https:\/\/static.trustedtranslations.com\/wp-content\/uploads\/2024\/07\/ios-localizatioon-2-1.webp"],"repeatable":[{"raw":"https:\/\/static.trustedtranslations.com\/wp-content\/uploads\/2024\/05\/android-apps-3-1.webp"},{"raw":"https:\/\/static.trustedtranslations.com\/wp-content\/uploads\/2024\/07\/ios-localizatioon-2-1.webp"}]},"imgs-temp-cel":{"type":"image","raw":[""],"repeatable":[{"raw":""}]},"img-temp-one-cel":{"type":"image","raw":"https:\/\/static.trustedtranslations.com\/wp-content\/uploads\/2024\/05\/shutterstock_1391584058-2-1.webp","attachment_id":null},"quotes":{"type":"textarea","raw":"<h1 style=\"margin-bottom: 12px;\">Lokalisatie van Android-apps<\/h1>\r\nKlaar om uw Android-app naar een hoger niveau te tillen? Laat <em>Trusted Translations<\/em> u helpen uw app te lokaliseren om een breder, meer gevarieerd gebruikerspubliek over de hele wereld te bereiken.\r\n<div style=\"margin-top: 2.5vw;\"><a class=\"tt-btn-main-cta\" href=\"https:\/\/www.trustedtranslations.com\/nl\/offerte\">Vraag een gratis offerte aan<\/a><\/div>"},"text-1":{"type":"textarea","raw":"<h2>Trusted Translations: Een van de drie LSP's voor deskundige app-vertaling via Google Play Console<\/h2><em>Trusted Translations<\/em> is een van slechts drie Localization Service Providers (LSP's) die deskundige app-vertaling aanbieden via de Google Play Developer Console. Of u nu helemaal nieuw bent in het idee van lokalisatie van Android-apps, of een oude rot die op zoek is naar nieuwe idee\u00ebn, wij hebben het voor u.\r\n<h2>Waarom lokalisatie van Android-apps belangrijk is<\/h2>\r\nVergeet een hap van de \" <a href=\"https:\/\/www.trustedtranslations.com\/nl\/diensten\/app-lokalisatie\/ios\" target=\"_blank\" rel=\"noopener\">Apple<\/a> \" - Android heeft bijna de hele taart. Met een open-source mobiel besturingssysteem dat op verschillende apparaten en in veel regio's draait, is Android het populairste smartphonesysteem ter wereld, met een marktaandeel van meer dan 70 procent voor mobiele besturingssystemen. Het wordt ook ondersteund door de grootste app store ter wereld, Google Play Store, die meer dan 3,4 miljoen apps biedt.\r\n\r\nHoe kan een bedrijf zijn apps op zo'n groot speelveld van de concurrenten onderscheiden? Het antwoord: <a href=\"https:\/\/www.trustedtranslations.com\/nl\/diensten\/app-lokalisatie\" target=\"_blank\" rel=\"noopener\">app-lokalisatie<\/a>.\r\n\r\nOm te profiteren van de torenhoge wereldwijde populariteit van Android, moeten uw apps in specifieke regio's zijn gelokaliseerd. Latijns-Amerika is bijvoorbeeld een 'mobile-first'-gamemarkt met een omzet van 3,5 miljard dollar - een markt waar de meerderheid van de gebruikers toegang heeft tot games via hun telefoon.\r\n\r\nOnderzoek heeft inderdaad aangetoond dat de meeste consumenten liever in hun eigen taal kopen, vooral wanneer bedrijven de moeite nemen om gelokaliseerde functies toe te voegen, zoals valuta- en landspecifieke ondersteuning. Voor zorgvuldig gelokaliseerde apps bieden markten zoals deze een ongelooflijke kans.\r\n<h2>Hoe app-lokalisatie werkt<\/h2>\r\nWaarin verschilt lokalisatie van gewone vertalingen? Dat gaat enkele stappen verder dan vertaling.\r\n\r\nLokalisatie is het proces waarbij uw app wordt aangepast aan de taal-, cultuur- en bruikbaarheidsnuances van een specifieke regio. Het is cruciaal voor het voorkomen van fouten in de gebruikerservaring en het verkrijgen van een loyale klantenbasis. Als u bijvoorbeeld gewend bent aan datums die zijn geschreven in de format 'maand-dag', is het niet waarschijnlijk dat u een luchtvaartmaatschappij-app koopt die alleen 'dag-maand' gebruikt.\r\n\r\n<img class=\"alignleft wp-image-157687\" src=\"https:\/\/static.trustedtranslations.com\/wp-content\/uploads\/2022\/08\/android-operating-system-logo-with-3d-smartphone-1-1-1.jpg\" alt=\"\" width=\"550\" height=\"430\" \/>Android biedt een lokalisatiechecklist om u te helpen het distributiepotentieel van uw app te maximaliseren. Zoals u kunt zien, omvat lokalisatie tekstuele inhoud, audio- en videobestanden, meetsystemen, datum-tijdformats, valuta's, afbeeldingen, standaard app-bronnen, tekstreeksen en meer. Het doel is om elke functie van uw app, van inhoud tot interface tot gebruikersondersteuning, perfect te maken voor de nieuwe markt in kwestie.\r\n\r\nLokalisatie is ook een onderneming die uit meerdere fasen bestaat, van het onderzoeken van uw doeltalen en landinstellingen tot het ontwerp en het beheer van de gebruikersinterface, helemaal door tot vertalen, testen en lanceren. Het is vooral belangrijk om een taalstrategie te ontwikkelen die gebaseerd is op de marktstrategie; <em>Trusted Translations<\/em> kan beoordelen welke talen essentieel zijn voor uw doelregio en hoe markttrends uw lokalisatieproces moeten be\u00efnvloeden.\r\n\r\nOmdat lokalisatie complex is, moet het constant zijn. Dat wil zeggen plaatsvinden gedurende de hele ontwerp-, ontwikkelings-, leverings- en testcyclus. Met <em>Trusted Translations<\/em> hoeft u geen webontwikkelaar of lingu\u00efst van wereldklasse te zijn om geweldige apps te produceren. Onze experts staan klaar om u door elke fase van dit meerlagige proces te leiden."},"shortcode-map":{"type":"textfield","raw":""},"dyk-shortcode":{"type":"textfield","raw":"[elementor-template id=\"146767\"]"},"text-2":{"type":"textarea","raw":"<h2>Menselijke vertaling en app-lokalisatie<\/h2>\r\nHoewel hulpmiddelen voor machinevertaling, zoals Google Translate, goed werken met bepaalde soorten materiaal, hangt tekst in de gebruikersinterface (UI) in hoge mate af van de context. Zonder een echte menselijke spreker die vloeiend de doeltaal spreekt en de cultuur beheerst, is het moeilijk om nauwkeurig te zijn; zonder nauwkeurigheid is uw app niet bruikbaar.\r\n\r\nLokalisatie voegt de menselijke dimensie toe die de sleutel tot succes is. Wordt \u00e9\u00e9n woord in het Duits vijf woorden in het Engels, terwijl er plotseling geen ruimte meer is op het scherm? Is een grap die vermakelijk is in Spanje per ongeluk beledigend in Mexico? Een menselijk team dat taalvaardigheid combineert met industri\u00eble en culturele expertise is noodzakelijk, vooral voor regio's met een grote verscheidenheid aan dialecten, zoals Latijns-Amerika.\r\n<h2>Lokalisatiediensten van <em>Trusted Translations<\/em><\/h2>\r\n<em><a href=\"https:\/\/trustedtranslations.com\" target=\"_blank\" rel=\"noopener\">Trusted Translations<\/a><\/em> kan u bij elke stap helpen, van strings tot winkelaanbiedingen tot in-app-aankopen. Ongeacht de grootte van uw bedrijf, we hebben de bewezen taalkundige en technische knowhow om uw app in honderden talen te lokaliseren.\r\n\r\n<em>Trusted Translations<\/em> onderscheidt zich door de gespecialiseerde diensten die we bieden die verder gaan dan simpele lokalisatie, van het begin tot het einde van een succesvolle app-lancering.\r\n\r\nTerwijl u bijvoorbeeld uw product- en lokalisatiestrategie ontwikkelt, beginnen we met het delen van onze uitgebreide expertise op het gebied van app-ontwikkeling en marktonderzoek. Daarna bereiden we u voor op succes door het uitvoeren van bruikbaarheidstests in uw doelland, evenals app-validatie. Door uw gelokaliseerde applicatie voor verschillende markten te testen, kunt u eventuele problemen oplossen v\u00f3\u00f3r de offici\u00eble lancering, waardoor u tijd en geld bespaart.\r\n\r\n<img class=\"wp-image-157702 alignright\" src=\"https:\/\/static.trustedtranslations.com\/wp-content\/uploads\/2022\/08\/business-hand-with-mobile-phone-1-1-300x200.jpg\" alt=\"\" width=\"500\" height=\"334\" \/>We streven er ook naar om een continu lokalisatieproces te bieden dat niet eindigt op de dag van lancering. Als onderdeel hiervan kunnen we bug-tracking en ondersteuning bieden voor gelijktijdige verzending (simship) van releases. Met een 'simship'-release brengt u uw product in alle doelmarkten tegelijk uit in de juiste talen, zowel thuis als wereldwijd. <em>Trusted Translations<\/em> kan ervoor zorgen dat uw releases consistent zijn op alle markten en platforms, waardoor meer wereldwijde inkomsten worden gegenereerd.\r\n\r\nTen slotte kunnen we u helpen bij het lokaliseren van inhoud die niet geschikt is voor de Google Console, zoals aanvullende documenten of stukken marketingcommunicatie. Wat uw project ook inhoudt, <em>Trusted Translations<\/em> staat klaar om gebruik te maken van onze expertise op tal van gebieden, zoals webcontent, ondertiteling en nasynchronisatie, en andere multimedia.\r\n\r\nOns veelzijdige, full-service team cre\u00ebert hoogwaardige oplossingen voor al uw behoeften op het gebied van <a href=\"https:\/\/www.trustedtranslations.com\/nl\/diensten\/app-lokalisatie\" target=\"_blank\" rel=\"noopener\">lokalisatie van Android-apps<\/a>. Neem vandaag nog contact op met <em>Trusted Translations<\/em> voor meer informatie."},"state":{"type":"textfield","raw":""},"city":{"type":"textarea","raw":[]}}},"_links":{"self":[{"href":"https:\/\/www.trustedtranslations.com\/nl\/wp-json\/wp\/v2\/pages\/160949","targetHints":{"allow":["GET"]}}],"collection":[{"href":"https:\/\/www.trustedtranslations.com\/nl\/wp-json\/wp\/v2\/pages"}],"about":[{"href":"https:\/\/www.trustedtranslations.com\/nl\/wp-json\/wp\/v2\/types\/page"}],"author":[{"embeddable":true,"href":"https:\/\/www.trustedtranslations.com\/nl\/wp-json\/wp\/v2\/users\/1"}],"replies":[{"embeddable":true,"href":"https:\/\/www.trustedtranslations.com\/nl\/wp-json\/wp\/v2\/comments?post=160949"}],"version-history":[{"count":0,"href":"https:\/\/www.trustedtranslations.com\/nl\/wp-json\/wp\/v2\/pages\/160949\/revisions"}],"up":[{"embeddable":true,"href":"https:\/\/www.trustedtranslations.com\/nl\/wp-json\/wp\/v2\/pages\/130889"}],"wp:featuredmedia":[{"embeddable":true,"href":"https:\/\/www.trustedtranslations.com\/nl\/wp-json\/"}],"wp:attachment":[{"href":"https:\/\/www.trustedtranslations.com\/nl\/wp-json\/wp\/v2\/media?parent=160949"}],"curies":[{"name":"wp","href":"https:\/\/api.w.org\/{rel}","templated":true}]}}