{"id":181469,"date":"2023-02-01T21:55:40","date_gmt":"2023-02-02T00:55:40","guid":{"rendered":"https:\/\/www.trustedtranslations.com\/?page_id=181469"},"modified":"2024-09-06T15:49:08","modified_gmt":"2024-09-06T18:49:08","slug":"neutraal-spaans","status":"publish","type":"page","link":"https:\/\/www.trustedtranslations.com\/nl\/taal\/spaans\/kenmerken\/neutraal-spaans","title":{"rendered":"Neutraal Spaans"},"content":{"rendered":"","protected":false},"excerpt":{"rendered":"","protected":false},"author":1,"featured_media":160117,"parent":181473,"menu_order":0,"comment_status":"closed","ping_status":"closed","template":"","meta":{"site-sidebar-layout":"default","site-content-layout":"default","ast-site-content-layout":"default","site-content-style":"default","site-sidebar-style":"default","ast-global-header-display":"","ast-banner-title-visibility":"","ast-main-header-display":"","ast-hfb-above-header-display":"","ast-hfb-below-header-display":"","ast-hfb-mobile-header-display":"","site-post-title":"disabled","ast-breadcrumbs-content":"","ast-featured-img":"","footer-sml-layout":"","ast-disable-related-posts":"","theme-transparent-header-meta":"default","adv-header-id-meta":"","stick-header-meta":"","header-above-stick-meta":"","header-main-stick-meta":"","header-below-stick-meta":"","astra-migrate-meta-layouts":"set","ast-page-background-enabled":"default","ast-page-background-meta":{"desktop":{"background-color":"var(--ast-global-color-4)","background-image":"","background-repeat":"repeat","background-position":"center center","background-size":"auto","background-attachment":"scroll","background-type":"","background-media":"","overlay-type":"","overlay-color":"","overlay-opacity":"","overlay-gradient":""},"tablet":{"background-color":"","background-image":"","background-repeat":"repeat","background-position":"center center","background-size":"auto","background-attachment":"scroll","background-type":"","background-media":"","overlay-type":"","overlay-color":"","overlay-opacity":"","overlay-gradient":""},"mobile":{"background-color":"","background-image":"","background-repeat":"repeat","background-position":"center center","background-size":"auto","background-attachment":"scroll","background-type":"","background-media":"","overlay-type":"","overlay-color":"","overlay-opacity":"","overlay-gradient":""}},"ast-content-background-meta":{"desktop":{"background-color":"var(--ast-global-color-5)","background-image":"","background-repeat":"repeat","background-position":"center center","background-size":"auto","background-attachment":"scroll","background-type":"","background-media":"","overlay-type":"","overlay-color":"","overlay-opacity":"","overlay-gradient":""},"tablet":{"background-color":"var(--ast-global-color-5)","background-image":"","background-repeat":"repeat","background-position":"center center","background-size":"auto","background-attachment":"scroll","background-type":"","background-media":"","overlay-type":"","overlay-color":"","overlay-opacity":"","overlay-gradient":""},"mobile":{"background-color":"var(--ast-global-color-5)","background-image":"","background-repeat":"repeat","background-position":"center center","background-size":"auto","background-attachment":"scroll","background-type":"","background-media":"","overlay-type":"","overlay-color":"","overlay-opacity":"","overlay-gradient":""}},"footnotes":""},"class_list":["post-181469","page","type-page","status-publish","has-post-thumbnail","hentry"],"yoast_head":"<!-- This site is optimized with the Yoast SEO plugin v27.5 - https:\/\/yoast.com\/product\/yoast-seo-wordpress\/ -->\n<title>Neutrale Spaanse vertalingen - Trusted Translations, Inc.<\/title>\n<meta name=\"description\" content=\"Trusted Translations, Inc. begrijpt de details van het gebruik van Neutraal Spaans. We zullen u helpen beslissen wanneer u Neutraal Spaans gebruikt en wanneer u uw Spaans voor een specifieke markt moet lokaliseren.\" \/>\n<meta name=\"robots\" content=\"index, follow, max-snippet:-1, max-image-preview:large, max-video-preview:-1\" \/>\n<link rel=\"canonical\" href=\"https:\/\/www.trustedtranslations.com\/nl\/taal\/spaans\/kenmerken\/neutraal-spaans\" \/>\n<meta property=\"og:locale\" content=\"nl_NL\" \/>\n<meta property=\"og:type\" content=\"article\" \/>\n<meta property=\"og:title\" content=\"Neutrale Spaanse vertalingen - Trusted Translations, Inc.\" \/>\n<meta property=\"og:description\" content=\"Trusted Translations, Inc. begrijpt de details van het gebruik van Neutraal Spaans. We zullen u helpen beslissen wanneer u Neutraal Spaans gebruikt en wanneer u uw Spaans voor een specifieke markt moet lokaliseren.\" \/>\n<meta property=\"og:url\" content=\"https:\/\/www.trustedtranslations.com\/nl\/taal\/spaans\/kenmerken\/neutraal-spaans\" \/>\n<meta property=\"og:site_name\" content=\"Trusted Translations, Inc.\" \/>\n<meta property=\"article:publisher\" content=\"https:\/\/www.facebook.com\/Trusted.Translations\" \/>\n<meta property=\"article:modified_time\" content=\"2024-09-06T18:49:08+00:00\" \/>\n<meta property=\"og:image\" content=\"https:\/\/static.trustedtranslations.com\/wp-content\/uploads\/2022\/08\/TT_NEW_FB-1.png\" \/>\n\t<meta property=\"og:image:width\" content=\"1\" \/>\n\t<meta property=\"og:image:height\" content=\"1\" \/>\n\t<meta property=\"og:image:type\" content=\"image\/jpeg\" \/>\n<meta name=\"twitter:card\" content=\"summary_large_image\" \/>\n<meta name=\"twitter:site\" content=\"@TrustedT9ns\" \/>\n<script type=\"application\/ld+json\" class=\"yoast-schema-graph\">{\"@context\":\"https:\\\/\\\/schema.org\",\"@graph\":[{\"@type\":\"WebPage\",\"@id\":\"https:\\\/\\\/www.trustedtranslations.com\\\/nl\\\/taal\\\/spaans\\\/kenmerken\\\/neutraal-spaans\",\"url\":\"https:\\\/\\\/www.trustedtranslations.com\\\/nl\\\/taal\\\/spaans\\\/kenmerken\\\/neutraal-spaans\",\"name\":\"Neutrale Spaanse vertalingen - Trusted Translations, Inc.\",\"isPartOf\":{\"@id\":\"https:\\\/\\\/www.trustedtranslations.com\\\/nl\\\/#website\"},\"primaryImageOfPage\":{\"@id\":\"https:\\\/\\\/www.trustedtranslations.com\\\/nl\\\/taal\\\/spaans\\\/kenmerken\\\/neutraal-spaans#primaryimage\"},\"image\":{\"@id\":\"https:\\\/\\\/www.trustedtranslations.com\\\/nl\\\/taal\\\/spaans\\\/kenmerken\\\/neutraal-spaans#primaryimage\"},\"thumbnailUrl\":\"https:\\\/\\\/www.trustedtranslations.com\\\/wp-content\\\/uploads\\\/2022\\\/08\\\/TT_NEW_FB-1.png\",\"description\":\"Trusted Translations, Inc. begrijpt de details van het gebruik van Neutraal Spaans. We zullen u helpen beslissen wanneer u Neutraal Spaans gebruikt en wanneer u uw Spaans voor een specifieke markt moet lokaliseren.\",\"breadcrumb\":{\"@id\":\"https:\\\/\\\/www.trustedtranslations.com\\\/nl\\\/taal\\\/spaans\\\/kenmerken\\\/neutraal-spaans#breadcrumb\"},\"inLanguage\":\"nl-NL\",\"potentialAction\":[{\"@type\":\"ReadAction\",\"target\":[\"https:\\\/\\\/www.trustedtranslations.com\\\/nl\\\/taal\\\/spaans\\\/kenmerken\\\/neutraal-spaans\"]}]},{\"@type\":\"ImageObject\",\"inLanguage\":\"nl-NL\",\"@id\":\"https:\\\/\\\/www.trustedtranslations.com\\\/nl\\\/taal\\\/spaans\\\/kenmerken\\\/neutraal-spaans#primaryimage\",\"url\":\"https:\\\/\\\/www.trustedtranslations.com\\\/wp-content\\\/uploads\\\/2022\\\/08\\\/TT_NEW_FB-1.png\",\"contentUrl\":\"https:\\\/\\\/www.trustedtranslations.com\\\/wp-content\\\/uploads\\\/2022\\\/08\\\/TT_NEW_FB-1.png\",\"caption\":\"TT NEW FB 1\"},{\"@type\":\"BreadcrumbList\",\"@id\":\"https:\\\/\\\/www.trustedtranslations.com\\\/nl\\\/taal\\\/spaans\\\/kenmerken\\\/neutraal-spaans#breadcrumb\",\"itemListElement\":[{\"@type\":\"ListItem\",\"position\":1,\"name\":\"Home\",\"item\":\"https:\\\/\\\/www.trustedtranslations.com\\\/nl\"},{\"@type\":\"ListItem\",\"position\":2,\"name\":\"Talen\",\"item\":\"https:\\\/\\\/www.trustedtranslations.com\\\/nl\\\/taal\"},{\"@type\":\"ListItem\",\"position\":3,\"name\":\"Spaans\",\"item\":\"https:\\\/\\\/www.trustedtranslations.com\\\/nl\\\/taal\\\/spaans\"},{\"@type\":\"ListItem\",\"position\":4,\"name\":\"Kenmerken van het Spaans\",\"item\":\"https:\\\/\\\/www.trustedtranslations.com\\\/nl\\\/taal\\\/spaans\\\/kenmerken\"},{\"@type\":\"ListItem\",\"position\":5,\"name\":\"Neutraal Spaans\"}]},{\"@type\":\"WebSite\",\"@id\":\"https:\\\/\\\/www.trustedtranslations.com\\\/nl\\\/#website\",\"url\":\"https:\\\/\\\/www.trustedtranslations.com\\\/nl\\\/\",\"name\":\"Trusted Translations, Inc.\",\"description\":\"Leader in translation and interpretation services.\",\"publisher\":{\"@id\":\"https:\\\/\\\/www.trustedtranslations.com\\\/nl\\\/#organization\"},\"alternateName\":\"Trusted Translations\",\"potentialAction\":[{\"@type\":\"SearchAction\",\"target\":{\"@type\":\"EntryPoint\",\"urlTemplate\":\"https:\\\/\\\/www.trustedtranslations.com\\\/nl\\\/?s={search_term_string}\"},\"query-input\":{\"@type\":\"PropertyValueSpecification\",\"valueRequired\":true,\"valueName\":\"search_term_string\"}}],\"inLanguage\":\"nl-NL\"},{\"@type\":\"Organization\",\"@id\":\"https:\\\/\\\/www.trustedtranslations.com\\\/nl\\\/#organization\",\"name\":\"Trusted Translations\",\"alternateName\":\"Trusted Translations, Inc.\",\"url\":\"https:\\\/\\\/www.trustedtranslations.com\\\/nl\\\/\",\"logo\":{\"@type\":\"ImageObject\",\"inLanguage\":\"nl-NL\",\"@id\":\"https:\\\/\\\/www.trustedtranslations.com\\\/nl\\\/#\\\/schema\\\/logo\\\/image\\\/\",\"url\":\"https:\\\/\\\/static.trustedtranslations.com\\\/wp-content\\\/uploads\\\/2022\\\/01\\\/TT_logo_WSIColors-2.png\",\"contentUrl\":\"https:\\\/\\\/static.trustedtranslations.com\\\/wp-content\\\/uploads\\\/2022\\\/01\\\/TT_logo_WSIColors-2.png\",\"width\":500,\"height\":196,\"caption\":\"Trusted Translations\"},\"image\":{\"@id\":\"https:\\\/\\\/www.trustedtranslations.com\\\/nl\\\/#\\\/schema\\\/logo\\\/image\\\/\"},\"sameAs\":[\"https:\\\/\\\/www.facebook.com\\\/Trusted.Translations\",\"https:\\\/\\\/x.com\\\/TrustedT9ns\",\"https:\\\/\\\/www.linkedin.com\\\/company\\\/trusted-translations\"]}]}<\/script>\n<!-- \/ Yoast SEO plugin. -->","yoast_head_json":{"title":"Neutrale Spaanse vertalingen - Trusted Translations, Inc.","description":"Trusted Translations, Inc. begrijpt de details van het gebruik van Neutraal Spaans. We zullen u helpen beslissen wanneer u Neutraal Spaans gebruikt en wanneer u uw Spaans voor een specifieke markt moet lokaliseren.","robots":{"index":"index","follow":"follow","max-snippet":"max-snippet:-1","max-image-preview":"max-image-preview:large","max-video-preview":"max-video-preview:-1"},"canonical":"https:\/\/www.trustedtranslations.com\/nl\/taal\/spaans\/kenmerken\/neutraal-spaans","og_locale":"nl_NL","og_type":"article","og_title":"Neutrale Spaanse vertalingen - Trusted Translations, Inc.","og_description":"Trusted Translations, Inc. begrijpt de details van het gebruik van Neutraal Spaans. We zullen u helpen beslissen wanneer u Neutraal Spaans gebruikt en wanneer u uw Spaans voor een specifieke markt moet lokaliseren.","og_url":"https:\/\/www.trustedtranslations.com\/nl\/taal\/spaans\/kenmerken\/neutraal-spaans","og_site_name":"Trusted Translations, Inc.","article_publisher":"https:\/\/www.facebook.com\/Trusted.Translations","article_modified_time":"2024-09-06T18:49:08+00:00","og_image":[{"url":"https:\/\/static.trustedtranslations.com\/wp-content\/uploads\/2022\/08\/TT_NEW_FB-1.png","width":1,"height":1,"type":"image\/jpeg"}],"twitter_card":"summary_large_image","twitter_site":"@TrustedT9ns","schema":{"@context":"https:\/\/schema.org","@graph":[{"@type":"WebPage","@id":"https:\/\/www.trustedtranslations.com\/nl\/taal\/spaans\/kenmerken\/neutraal-spaans","url":"https:\/\/www.trustedtranslations.com\/nl\/taal\/spaans\/kenmerken\/neutraal-spaans","name":"Neutrale Spaanse vertalingen - Trusted Translations, Inc.","isPartOf":{"@id":"https:\/\/www.trustedtranslations.com\/nl\/#website"},"primaryImageOfPage":{"@id":"https:\/\/www.trustedtranslations.com\/nl\/taal\/spaans\/kenmerken\/neutraal-spaans#primaryimage"},"image":{"@id":"https:\/\/www.trustedtranslations.com\/nl\/taal\/spaans\/kenmerken\/neutraal-spaans#primaryimage"},"thumbnailUrl":"https:\/\/www.trustedtranslations.com\/wp-content\/uploads\/2022\/08\/TT_NEW_FB-1.png","description":"Trusted Translations, Inc. begrijpt de details van het gebruik van Neutraal Spaans. We zullen u helpen beslissen wanneer u Neutraal Spaans gebruikt en wanneer u uw Spaans voor een specifieke markt moet lokaliseren.","breadcrumb":{"@id":"https:\/\/www.trustedtranslations.com\/nl\/taal\/spaans\/kenmerken\/neutraal-spaans#breadcrumb"},"inLanguage":"nl-NL","potentialAction":[{"@type":"ReadAction","target":["https:\/\/www.trustedtranslations.com\/nl\/taal\/spaans\/kenmerken\/neutraal-spaans"]}]},{"@type":"ImageObject","inLanguage":"nl-NL","@id":"https:\/\/www.trustedtranslations.com\/nl\/taal\/spaans\/kenmerken\/neutraal-spaans#primaryimage","url":"https:\/\/www.trustedtranslations.com\/wp-content\/uploads\/2022\/08\/TT_NEW_FB-1.png","contentUrl":"https:\/\/www.trustedtranslations.com\/wp-content\/uploads\/2022\/08\/TT_NEW_FB-1.png","caption":"TT NEW FB 1"},{"@type":"BreadcrumbList","@id":"https:\/\/www.trustedtranslations.com\/nl\/taal\/spaans\/kenmerken\/neutraal-spaans#breadcrumb","itemListElement":[{"@type":"ListItem","position":1,"name":"Home","item":"https:\/\/www.trustedtranslations.com\/nl"},{"@type":"ListItem","position":2,"name":"Talen","item":"https:\/\/www.trustedtranslations.com\/nl\/taal"},{"@type":"ListItem","position":3,"name":"Spaans","item":"https:\/\/www.trustedtranslations.com\/nl\/taal\/spaans"},{"@type":"ListItem","position":4,"name":"Kenmerken van het Spaans","item":"https:\/\/www.trustedtranslations.com\/nl\/taal\/spaans\/kenmerken"},{"@type":"ListItem","position":5,"name":"Neutraal Spaans"}]},{"@type":"WebSite","@id":"https:\/\/www.trustedtranslations.com\/nl\/#website","url":"https:\/\/www.trustedtranslations.com\/nl\/","name":"Trusted Translations, Inc.","description":"Leader in translation and interpretation services.","publisher":{"@id":"https:\/\/www.trustedtranslations.com\/nl\/#organization"},"alternateName":"Trusted Translations","potentialAction":[{"@type":"SearchAction","target":{"@type":"EntryPoint","urlTemplate":"https:\/\/www.trustedtranslations.com\/nl\/?s={search_term_string}"},"query-input":{"@type":"PropertyValueSpecification","valueRequired":true,"valueName":"search_term_string"}}],"inLanguage":"nl-NL"},{"@type":"Organization","@id":"https:\/\/www.trustedtranslations.com\/nl\/#organization","name":"Trusted Translations","alternateName":"Trusted Translations, Inc.","url":"https:\/\/www.trustedtranslations.com\/nl\/","logo":{"@type":"ImageObject","inLanguage":"nl-NL","@id":"https:\/\/www.trustedtranslations.com\/nl\/#\/schema\/logo\/image\/","url":"https:\/\/static.trustedtranslations.com\/wp-content\/uploads\/2022\/01\/TT_logo_WSIColors-2.png","contentUrl":"https:\/\/static.trustedtranslations.com\/wp-content\/uploads\/2022\/01\/TT_logo_WSIColors-2.png","width":500,"height":196,"caption":"Trusted Translations"},"image":{"@id":"https:\/\/www.trustedtranslations.com\/nl\/#\/schema\/logo\/image\/"},"sameAs":["https:\/\/www.facebook.com\/Trusted.Translations","https:\/\/x.com\/TrustedT9ns","https:\/\/www.linkedin.com\/company\/trusted-translations"]}]}},"toolset-meta":{"dyk":{"mensaje-1":{"type":"textfield","raw":"Neutraal Spaans wordt gebruikt om ervoor te zorgen dat de meerderheid van Spaanstaligen de boodschap begrijpen."},"mensaje-2":{"type":"textfield","raw":"Neutrale Spaanse vertalingen die breed inzetbaar zijn, zijn een kostenbesparende optie."},"mensaje-3":{"type":"textfield","raw":"Neutraal Spaans wordt vaak gebruikt voor technische inhoud en softwaredocumentatie."},"mensaje-4":{"type":"textfield","raw":"Neutraal Spaans vermijdt regionalismen en houdt vast aan de meest gebruikte vormen van Spaanse grammatica.\u00a0"},"mensaje-5":{"type":"textfield","raw":""},"mensaje-6":{"type":"textfield","raw":""}},"single-page-template-fields":{"imgs-temp":{"type":"image","raw":["https:\/\/static.trustedtranslations.com\/wp-content\/uploads\/2024\/08\/neutral-spanish-1.webp"],"repeatable":[{"raw":"https:\/\/static.trustedtranslations.com\/wp-content\/uploads\/2024\/08\/neutral-spanish-1.webp"}]},"imgs-temp-cel":{"type":"image","raw":[""],"repeatable":[{"raw":""}]},"img-temp-one-cel":{"type":"image","raw":"https:\/\/static.trustedtranslations.com\/wp-content\/uploads\/2024\/08\/neutral-spanish.webp","attachment_id":null},"quotes":{"type":"textarea","raw":"<h1 style=\"margin-bottom: 12px;\">Neutraal Spaanse vertaling<\/h1>\r\nAls u zich wilt richten op een breder publiek van Spaanstaligen, kan <em>Trusted Translations<\/em> u helpen een neutraal Spaans te gebruiken dat door de gehele Spaanstalige bevolking wordt geaccepteerd en begrepen.\r\n<div style=\"margin-top: 2.5vw;\"><a class=\"tt-btn-main-cta\" href=\"https:\/\/www.trustedtranslations.com\/nl\/offerte\">Vraag een gratis offerte aan<\/a><\/div>"},"text-1":{"type":"textarea","raw":"<h2>Op maat gemaakt vs. Neutraal Spaans voor effectieve communicatie<\/h2>Spaans is gedurende duizenden jaren ge\u00ebvolueerd over verschillende continenten. Als gevolg hiervan zijn er veel variaties en \"dialecten\" van de Spaanse taal ontstaan die over de hele wereld worden gebruikt, ook in de 21 verschillende landen waar Spaans een offici\u00eble of nationale taal is. Dit vormt een interessante situatie voor iedereen die zich op de Spaanstalige markt wil richten.\r\n\r\nAan de ene kant hebt u de mogelijkheid om een bepaalde vertaling aan te passen (of te lokaliseren) aan een zeer specifieke groep, land of regio, waardoor uw communicatie doeltreffender wordt. Aan de andere kant, als u zich wilt richten op een breder publiek van Spaanstaligen, kunt u het beste een neutraal Spaans gebruiken dat door de hele Spaanstalige bevolking wordt geaccepteerd en begrepen.\r\n<h2>Wat is neutraal Spaans?<\/h2>\r\nMeestal aangeduid als standaard Spaans, globaal Spaans of universeel Spaans, is \"neutraal Spaans\" een type Spaans waaruit zoveel mogelijk cultureel specifieke termen zijn verwijderd. Met een minimum aan idiomatische uitdrukkingen, regionale variaties of neologismen (nieuw bedachte woorden), stelt neutraal Spaans het grootste aantal Spaanstaligen in staat uw boodschap over de grenzen heen te begrijpen.\r\n\r\nNeutraal Spaans is niet bepaald een taal op zich; het is veeleer het resultaat van de ijverige pogingen van professionele vertalers om termen te selecteren die de meerderheid van de Spaanstaligen in een brede markt zal begrijpen. Daarom is het belangrijk te werken met zeer bekwame vertalers die oog hebben voor de geschiktheid van elk woord voor een breed publiek."},"shortcode-map":{"type":"textfield","raw":""},"dyk-shortcode":{"type":"textfield","raw":"[elementor-template id=\"146767\"]"},"text-2":{"type":"textarea","raw":"<h2>Wanneer gebruik je neutraal Spaans<\/h2>\r\nEen universele vorm van Spaans werkt goed voor inhoud die een wereldwijd publiek moet bereiken, zoals journalistiek, televisie-uitzendingen en andere vormen van massamedia. In een steeds meer gedigitaliseerde wereld gaan steeds meer organisaties ervan uit dat hun meest kritieke inhoud verder reist dan ooit tevoren.\r\n\r\nNeutraal Spaans is ook bijzonder geschikt voor omvangrijke, technische of wetenschappelijke inhoud, zoals handleidingen of softwaredocumentatie. Geschreven in eenvoudige, ongecompliceerde taal zonder veel culturele eigenaardigheden, bevat dit soort materiaal niet een groot aantal spreektaal of jargon. Grote technologische bedrijven zoals Microsoft hebben immers al lang ge\u00efnvesteerd in <a href=\"https:\/\/docs.microsoft.com\/en-us\/globalization\/localization\/ministyleguides\/mini-style-guide-spanish-neutral\" target=\"_blank\" rel=\"noopener\">richtlijnen en woordenlijsten voor neutraal Spaans<\/a>, en erkennen deze stijl als een solide compromis tussen algemene duidelijkheid en volledige lokalisatie.\r\n\r\nTenslotte kan neutraal Spaans vanuit zakelijk oogpunt een zegen zijn voor organisaties of personen die net beginnen. Het produceren en testen van \u00e9\u00e9n vertaling in neutraal Spaans kan voor uw bedrijf kosteneffici\u00ebnter zijn dan de kosten van het lokaliseren van de tekst voor meerdere doellanden. Het is ook een goede eerste stap als u van plan bent uw inhoud later te lokaliseren.\r\n<h2>Is neutraal Spaans de juiste keuze?<\/h2>\r\nEr is geen perfecte vorm van Spaans die geschikt is voor alle projecten, en neutraal Spaans is niet anders.\r\n\r\nOmdat de meeste van de regionale varianten en idiomen zijn verwijderd, hebben sommigen neutraal Spaans beschreven als afgezwakt, droog of vlak van toon. Advertenties en andere soorten marketing content, evenals creatieve werken zoals films of televisieprogramma's, zijn afhankelijk van het oproepen van specifieke emoties bij het publiek; neutraal Spaans is waarschijnlijk niet de beste pasvorm voor deze projecten. In plaats daarvan kan inhoud die is gelokaliseerd voor een hyperspecifiek publiek persoonlijker en belangrijker aanvoelen.\r\n\r\nAls u niet zeker weet of neutraal Spaans vertalen iets voor u is, dan kan <em>Trusted Translations<\/em> u hierbij helpen. Soms voorzien we bedrijven eerst van een neutrale Spaanse vertaling; vervolgens kunnen we u, afhankelijk van de behoeften van de klant, ook helpen uw inhoud te lokaliseren voor specifieke markten.\r\n\r\nNeem contact met ons op voor meer informatie over onze uitgebreide, kosteneffectieve Spaanse vertaaldiensten."},"state":{"type":"textfield","raw":""},"city":{"type":"textarea","raw":[]}}},"_links":{"self":[{"href":"https:\/\/www.trustedtranslations.com\/nl\/wp-json\/wp\/v2\/pages\/181469","targetHints":{"allow":["GET"]}}],"collection":[{"href":"https:\/\/www.trustedtranslations.com\/nl\/wp-json\/wp\/v2\/pages"}],"about":[{"href":"https:\/\/www.trustedtranslations.com\/nl\/wp-json\/wp\/v2\/types\/page"}],"author":[{"embeddable":true,"href":"https:\/\/www.trustedtranslations.com\/nl\/wp-json\/wp\/v2\/users\/1"}],"replies":[{"embeddable":true,"href":"https:\/\/www.trustedtranslations.com\/nl\/wp-json\/wp\/v2\/comments?post=181469"}],"version-history":[{"count":0,"href":"https:\/\/www.trustedtranslations.com\/nl\/wp-json\/wp\/v2\/pages\/181469\/revisions"}],"up":[{"embeddable":true,"href":"https:\/\/www.trustedtranslations.com\/nl\/wp-json\/wp\/v2\/pages\/181473"}],"wp:featuredmedia":[{"embeddable":true,"href":"https:\/\/www.trustedtranslations.com\/nl\/wp-json\/wp\/v2\/media\/160117"}],"wp:attachment":[{"href":"https:\/\/www.trustedtranslations.com\/nl\/wp-json\/wp\/v2\/media?parent=181469"}],"curies":[{"name":"wp","href":"https:\/\/api.w.org\/{rel}","templated":true}]}}