{"id":204272,"date":"2023-05-08T14:18:35","date_gmt":"2023-05-08T17:18:35","guid":{"rendered":"https:\/\/www.trustedtranslations.com\/?page_id=204272"},"modified":"2024-09-11T13:00:43","modified_gmt":"2024-09-11T16:00:43","slug":"bengaals","status":"publish","type":"page","link":"https:\/\/www.trustedtranslations.com\/nl\/taal\/bengaals","title":{"rendered":"Bengaals"},"content":{"rendered":"","protected":false},"excerpt":{"rendered":"","protected":false},"author":1,"featured_media":213130,"parent":131041,"menu_order":0,"comment_status":"closed","ping_status":"closed","template":"","meta":{"site-sidebar-layout":"default","site-content-layout":"default","ast-site-content-layout":"default","site-content-style":"default","site-sidebar-style":"default","ast-global-header-display":"","ast-banner-title-visibility":"","ast-main-header-display":"","ast-hfb-above-header-display":"","ast-hfb-below-header-display":"","ast-hfb-mobile-header-display":"","site-post-title":"disabled","ast-breadcrumbs-content":"","ast-featured-img":"","footer-sml-layout":"","ast-disable-related-posts":"","theme-transparent-header-meta":"default","adv-header-id-meta":"","stick-header-meta":"","header-above-stick-meta":"","header-main-stick-meta":"","header-below-stick-meta":"","astra-migrate-meta-layouts":"set","ast-page-background-enabled":"default","ast-page-background-meta":{"desktop":{"background-color":"var(--ast-global-color-4)","background-image":"","background-repeat":"repeat","background-position":"center center","background-size":"auto","background-attachment":"scroll","background-type":"","background-media":"","overlay-type":"","overlay-color":"","overlay-opacity":"","overlay-gradient":""},"tablet":{"background-color":"","background-image":"","background-repeat":"repeat","background-position":"center center","background-size":"auto","background-attachment":"scroll","background-type":"","background-media":"","overlay-type":"","overlay-color":"","overlay-opacity":"","overlay-gradient":""},"mobile":{"background-color":"","background-image":"","background-repeat":"repeat","background-position":"center center","background-size":"auto","background-attachment":"scroll","background-type":"","background-media":"","overlay-type":"","overlay-color":"","overlay-opacity":"","overlay-gradient":""}},"ast-content-background-meta":{"desktop":{"background-color":"var(--ast-global-color-5)","background-image":"","background-repeat":"repeat","background-position":"center center","background-size":"auto","background-attachment":"scroll","background-type":"","background-media":"","overlay-type":"","overlay-color":"","overlay-opacity":"","overlay-gradient":""},"tablet":{"background-color":"var(--ast-global-color-5)","background-image":"","background-repeat":"repeat","background-position":"center center","background-size":"auto","background-attachment":"scroll","background-type":"","background-media":"","overlay-type":"","overlay-color":"","overlay-opacity":"","overlay-gradient":""},"mobile":{"background-color":"var(--ast-global-color-5)","background-image":"","background-repeat":"repeat","background-position":"center center","background-size":"auto","background-attachment":"scroll","background-type":"","background-media":"","overlay-type":"","overlay-color":"","overlay-opacity":"","overlay-gradient":""}},"footnotes":""},"class_list":["post-204272","page","type-page","status-publish","has-post-thumbnail","hentry"],"yoast_head":"<!-- This site is optimized with the Yoast SEO plugin v27.5 - https:\/\/yoast.com\/product\/yoast-seo-wordpress\/ -->\n<title>Bengaalse vertaaldiensten - Trusted Translations, Inc.<\/title>\n<meta name=\"description\" content=\"Trusted Translations: Leider in Bengaalse vertaaldiensten door deskundige Bengaalse vertaalteams. Vraag een gratis offerte of consult aan.\" \/>\n<meta name=\"robots\" content=\"index, follow, max-snippet:-1, max-image-preview:large, max-video-preview:-1\" \/>\n<link rel=\"canonical\" href=\"https:\/\/www.trustedtranslations.com\/nl\/taal\/bengaals\" \/>\n<meta property=\"og:locale\" content=\"nl_NL\" \/>\n<meta property=\"og:type\" content=\"article\" \/>\n<meta property=\"og:title\" content=\"Bengaalse vertaaldiensten - Trusted Translations, Inc.\" \/>\n<meta property=\"og:description\" content=\"Trusted Translations: Leider in Bengaalse vertaaldiensten door deskundige Bengaalse vertaalteams. Vraag een gratis offerte of consult aan.\" \/>\n<meta property=\"og:url\" content=\"https:\/\/www.trustedtranslations.com\/nl\/taal\/bengaals\" \/>\n<meta property=\"og:site_name\" content=\"Trusted Translations, Inc.\" \/>\n<meta property=\"article:publisher\" content=\"https:\/\/www.facebook.com\/Trusted.Translations\" \/>\n<meta property=\"article:modified_time\" content=\"2024-09-11T16:00:43+00:00\" \/>\n<meta property=\"og:image\" content=\"https:\/\/www.trustedtranslations.com\/wp-content\/uploads\/2022\/06\/tt-logo-2-1.webp\" \/>\n\t<meta property=\"og:image:width\" content=\"216\" \/>\n\t<meta property=\"og:image:height\" content=\"94\" \/>\n\t<meta property=\"og:image:type\" content=\"image\/webp\" \/>\n<meta name=\"twitter:card\" content=\"summary_large_image\" \/>\n<meta name=\"twitter:site\" content=\"@TrustedT9ns\" \/>\n<script type=\"application\/ld+json\" class=\"yoast-schema-graph\">{\"@context\":\"https:\\\/\\\/schema.org\",\"@graph\":[{\"@type\":\"WebPage\",\"@id\":\"https:\\\/\\\/www.trustedtranslations.com\\\/nl\\\/taal\\\/bengaals\",\"url\":\"https:\\\/\\\/www.trustedtranslations.com\\\/nl\\\/taal\\\/bengaals\",\"name\":\"Bengaalse vertaaldiensten - Trusted Translations, Inc.\",\"isPartOf\":{\"@id\":\"https:\\\/\\\/www.trustedtranslations.com\\\/nl\\\/#website\"},\"primaryImageOfPage\":{\"@id\":\"https:\\\/\\\/www.trustedtranslations.com\\\/nl\\\/taal\\\/bengaals#primaryimage\"},\"image\":{\"@id\":\"https:\\\/\\\/www.trustedtranslations.com\\\/nl\\\/taal\\\/bengaals#primaryimage\"},\"thumbnailUrl\":\"\",\"description\":\"Trusted Translations: Leider in Bengaalse vertaaldiensten door deskundige Bengaalse vertaalteams. Vraag een gratis offerte of consult aan.\",\"breadcrumb\":{\"@id\":\"https:\\\/\\\/www.trustedtranslations.com\\\/nl\\\/taal\\\/bengaals#breadcrumb\"},\"inLanguage\":\"nl-NL\",\"potentialAction\":[{\"@type\":\"ReadAction\",\"target\":[\"https:\\\/\\\/www.trustedtranslations.com\\\/nl\\\/taal\\\/bengaals\"]}]},{\"@type\":\"ImageObject\",\"inLanguage\":\"nl-NL\",\"@id\":\"https:\\\/\\\/www.trustedtranslations.com\\\/nl\\\/taal\\\/bengaals#primaryimage\",\"url\":\"\",\"contentUrl\":\"\"},{\"@type\":\"BreadcrumbList\",\"@id\":\"https:\\\/\\\/www.trustedtranslations.com\\\/nl\\\/taal\\\/bengaals#breadcrumb\",\"itemListElement\":[{\"@type\":\"ListItem\",\"position\":1,\"name\":\"Home\",\"item\":\"https:\\\/\\\/www.trustedtranslations.com\\\/nl\"},{\"@type\":\"ListItem\",\"position\":2,\"name\":\"Talen\",\"item\":\"https:\\\/\\\/www.trustedtranslations.com\\\/nl\\\/taal\"},{\"@type\":\"ListItem\",\"position\":3,\"name\":\"Bengaals\"}]},{\"@type\":\"WebSite\",\"@id\":\"https:\\\/\\\/www.trustedtranslations.com\\\/nl\\\/#website\",\"url\":\"https:\\\/\\\/www.trustedtranslations.com\\\/nl\\\/\",\"name\":\"Trusted Translations, Inc.\",\"description\":\"Leader in translation and interpretation services.\",\"publisher\":{\"@id\":\"https:\\\/\\\/www.trustedtranslations.com\\\/nl\\\/#organization\"},\"alternateName\":\"Trusted Translations\",\"potentialAction\":[{\"@type\":\"SearchAction\",\"target\":{\"@type\":\"EntryPoint\",\"urlTemplate\":\"https:\\\/\\\/www.trustedtranslations.com\\\/nl\\\/?s={search_term_string}\"},\"query-input\":{\"@type\":\"PropertyValueSpecification\",\"valueRequired\":true,\"valueName\":\"search_term_string\"}}],\"inLanguage\":\"nl-NL\"},{\"@type\":\"Organization\",\"@id\":\"https:\\\/\\\/www.trustedtranslations.com\\\/nl\\\/#organization\",\"name\":\"Trusted Translations\",\"alternateName\":\"Trusted Translations, Inc.\",\"url\":\"https:\\\/\\\/www.trustedtranslations.com\\\/nl\\\/\",\"logo\":{\"@type\":\"ImageObject\",\"inLanguage\":\"nl-NL\",\"@id\":\"https:\\\/\\\/www.trustedtranslations.com\\\/nl\\\/#\\\/schema\\\/logo\\\/image\\\/\",\"url\":\"https:\\\/\\\/static.trustedtranslations.com\\\/wp-content\\\/uploads\\\/2022\\\/01\\\/TT_logo_WSIColors-2.png\",\"contentUrl\":\"https:\\\/\\\/static.trustedtranslations.com\\\/wp-content\\\/uploads\\\/2022\\\/01\\\/TT_logo_WSIColors-2.png\",\"width\":500,\"height\":196,\"caption\":\"Trusted Translations\"},\"image\":{\"@id\":\"https:\\\/\\\/www.trustedtranslations.com\\\/nl\\\/#\\\/schema\\\/logo\\\/image\\\/\"},\"sameAs\":[\"https:\\\/\\\/www.facebook.com\\\/Trusted.Translations\",\"https:\\\/\\\/x.com\\\/TrustedT9ns\",\"https:\\\/\\\/www.linkedin.com\\\/company\\\/trusted-translations\"]}]}<\/script>\n<!-- \/ Yoast SEO plugin. -->","yoast_head_json":{"title":"Bengaalse vertaaldiensten - Trusted Translations, Inc.","description":"Trusted Translations: Leider in Bengaalse vertaaldiensten door deskundige Bengaalse vertaalteams. Vraag een gratis offerte of consult aan.","robots":{"index":"index","follow":"follow","max-snippet":"max-snippet:-1","max-image-preview":"max-image-preview:large","max-video-preview":"max-video-preview:-1"},"canonical":"https:\/\/www.trustedtranslations.com\/nl\/taal\/bengaals","og_locale":"nl_NL","og_type":"article","og_title":"Bengaalse vertaaldiensten - Trusted Translations, Inc.","og_description":"Trusted Translations: Leider in Bengaalse vertaaldiensten door deskundige Bengaalse vertaalteams. Vraag een gratis offerte of consult aan.","og_url":"https:\/\/www.trustedtranslations.com\/nl\/taal\/bengaals","og_site_name":"Trusted Translations, Inc.","article_publisher":"https:\/\/www.facebook.com\/Trusted.Translations","article_modified_time":"2024-09-11T16:00:43+00:00","og_image":[{"width":216,"height":94,"url":"https:\/\/www.trustedtranslations.com\/wp-content\/uploads\/2022\/06\/tt-logo-2-1.webp","type":"image\/webp"}],"twitter_card":"summary_large_image","twitter_site":"@TrustedT9ns","schema":{"@context":"https:\/\/schema.org","@graph":[{"@type":"WebPage","@id":"https:\/\/www.trustedtranslations.com\/nl\/taal\/bengaals","url":"https:\/\/www.trustedtranslations.com\/nl\/taal\/bengaals","name":"Bengaalse vertaaldiensten - Trusted Translations, Inc.","isPartOf":{"@id":"https:\/\/www.trustedtranslations.com\/nl\/#website"},"primaryImageOfPage":{"@id":"https:\/\/www.trustedtranslations.com\/nl\/taal\/bengaals#primaryimage"},"image":{"@id":"https:\/\/www.trustedtranslations.com\/nl\/taal\/bengaals#primaryimage"},"thumbnailUrl":"","description":"Trusted Translations: Leider in Bengaalse vertaaldiensten door deskundige Bengaalse vertaalteams. Vraag een gratis offerte of consult aan.","breadcrumb":{"@id":"https:\/\/www.trustedtranslations.com\/nl\/taal\/bengaals#breadcrumb"},"inLanguage":"nl-NL","potentialAction":[{"@type":"ReadAction","target":["https:\/\/www.trustedtranslations.com\/nl\/taal\/bengaals"]}]},{"@type":"ImageObject","inLanguage":"nl-NL","@id":"https:\/\/www.trustedtranslations.com\/nl\/taal\/bengaals#primaryimage","url":"","contentUrl":""},{"@type":"BreadcrumbList","@id":"https:\/\/www.trustedtranslations.com\/nl\/taal\/bengaals#breadcrumb","itemListElement":[{"@type":"ListItem","position":1,"name":"Home","item":"https:\/\/www.trustedtranslations.com\/nl"},{"@type":"ListItem","position":2,"name":"Talen","item":"https:\/\/www.trustedtranslations.com\/nl\/taal"},{"@type":"ListItem","position":3,"name":"Bengaals"}]},{"@type":"WebSite","@id":"https:\/\/www.trustedtranslations.com\/nl\/#website","url":"https:\/\/www.trustedtranslations.com\/nl\/","name":"Trusted Translations, Inc.","description":"Leader in translation and interpretation services.","publisher":{"@id":"https:\/\/www.trustedtranslations.com\/nl\/#organization"},"alternateName":"Trusted Translations","potentialAction":[{"@type":"SearchAction","target":{"@type":"EntryPoint","urlTemplate":"https:\/\/www.trustedtranslations.com\/nl\/?s={search_term_string}"},"query-input":{"@type":"PropertyValueSpecification","valueRequired":true,"valueName":"search_term_string"}}],"inLanguage":"nl-NL"},{"@type":"Organization","@id":"https:\/\/www.trustedtranslations.com\/nl\/#organization","name":"Trusted Translations","alternateName":"Trusted Translations, Inc.","url":"https:\/\/www.trustedtranslations.com\/nl\/","logo":{"@type":"ImageObject","inLanguage":"nl-NL","@id":"https:\/\/www.trustedtranslations.com\/nl\/#\/schema\/logo\/image\/","url":"https:\/\/static.trustedtranslations.com\/wp-content\/uploads\/2022\/01\/TT_logo_WSIColors-2.png","contentUrl":"https:\/\/static.trustedtranslations.com\/wp-content\/uploads\/2022\/01\/TT_logo_WSIColors-2.png","width":500,"height":196,"caption":"Trusted Translations"},"image":{"@id":"https:\/\/www.trustedtranslations.com\/nl\/#\/schema\/logo\/image\/"},"sameAs":["https:\/\/www.facebook.com\/Trusted.Translations","https:\/\/x.com\/TrustedT9ns","https:\/\/www.linkedin.com\/company\/trusted-translations"]}]}},"toolset-meta":{"dyk":{"mensaje-1":{"type":"textfield","raw":"98% van de Bengalezen gebruikt Bengaals als hun eerste taal."},"mensaje-2":{"type":"textfield","raw":"De oorsprong van Bengaals is meer dan duizend jaar oud."},"mensaje-3":{"type":"textfield","raw":"De Nobelprijswinnende dichter Rabindranath Tagore schreef in het Bengaals."},"mensaje-4":{"type":"textfield","raw":"Bengaals is de 6 na meest gesproken taal ter wereld."},"mensaje-5":{"type":"textfield","raw":"Trusted Translations heeft meer dan 5.000 tevreden klanten in bijna elke bedrijfstak."},"mensaje-6":{"type":"textfield","raw":""}},"single-page-template-fields":{"imgs-temp":{"type":"image","raw":["https:\/\/static.trustedtranslations.com\/wp-content\/uploads\/2023\/05\/Bengali.jpg"],"repeatable":[{"raw":"https:\/\/static.trustedtranslations.com\/wp-content\/uploads\/2023\/05\/Bengali.jpg"}]},"imgs-temp-cel":{"type":"image","raw":["https:\/\/static.trustedtranslations.com\/wp-content\/uploads\/2023\/04\/image_WgAbTnij_1682003398015_raw-1.jpg"],"repeatable":[{"raw":"https:\/\/static.trustedtranslations.com\/wp-content\/uploads\/2023\/04\/image_WgAbTnij_1682003398015_raw-1.jpg"}]},"img-temp-one-cel":{"type":"image","raw":"","attachment_id":null},"quotes":{"type":"textarea","raw":"<h1 style=\"margin-bottom: 12px;\">Bengaalse vertaaldiensten<\/h1><em>Trusted Translations<\/em>, een toonaangevende Bengaalse vertaaldienstverlener, biedt concurrerende tarieven voor Bengaalse projecten die vertalingen van en naar het Engels en vele andere Europese en Aziatische talen nodig hebben. Het Bengaalse team is tweetalig en bicultureel en heeft ervaring met het lokaliseren van vertalingen voor Bangla-publiek (het endoniem van Bengaals) over de hele wereld.<div style=\"margin-top: 2.5vw;\"><a class=\"tt-btn-main-cta\" href=\"\/quote\">VRAAG EEN GRATIS OFFERTE AAN<\/a><\/div>"},"text-1":{"type":"textarea","raw":"<h2>Nauwkeurige vertalingen met strenge kwaliteitscontroles<\/h2>Het TT-personeel, nauwkeurig en cultureel gevoelig, beheert grote projecten via kosteneffectieve systemen die onberispelijke vertalingen leveren binnen strakke tijdsbestekken. Kwaliteitscontroles zorgen voor taalkundige nauwkeurigheid en naleving van lokale wetten. <h2 style=\"margin-bottom: 20px\">Economisch belang van Bengaals<\/h2><br> De Bengaals-sprekende regio's van Zuid-Azi\u00eb hebben een actieve internationale handelssector, waarbij Bangladesh een belangrijke exporteur is van kleding, textiel, lederwaren en juteproducten, en Kolkata, in India, is ook een belangrijk knooppunt voor internationale handel.<br><br> De bank- en financi\u00eble sector is goed ontwikkeld in Bangladesh, met veel nationale en internationale banken en andere financi\u00eble instellingen. En een van de oudste beurzen in Azi\u00eb, de Kolkata Stock Exchange, in India, brengt deze bloeiende financi\u00eble sector ook onder de aandacht. <br><br> De landbouw is een belangrijke handelssector in Bangladesh, met het verbouwen van rijst, jute, thee en suikerriet. Met zijn lange kustlijn en vele rivieren zijn vis en zeevruchten ook belangrijke exportproducten.<h2 style=\"margin-bottom: 20px\">Bengaals over de hele wereld<\/h2><br> Bengaals-sprekers bevinden zich niet alleen in Bangladesh en India, maar ook in Pakistan, Nepal, Saoedi-Arabi\u00eb, Oman, Koeweit, Qatar, Bahrein, de VAE, het VK en de VS. <br><br> Met meer dan 230 miljoen sprekers staat Bangla op de zevende plaats van de meest gesproken talen ter wereld. <br><br> De Bengaalse diaspora dateert uit de 18e eeuw en omvat tegenwoordig zo'n dertien miljoen autochtonen die buiten hun thuisland wonen. Er wonen bijna drie miljoen in het Midden-Oosten en twee miljoen in India, terwijl Banglatowns de thuisbasis zijn van levendige gemeenschappen in westerse steden die zo divers zijn als Detroit en Londen. <br><br>"},"shortcode-map":{"type":"textfield","raw":""},"dyk-shortcode":{"type":"textfield","raw":"[elementor-template id=\"146767\"]"},"text-2":{"type":"textarea","raw":"<h2 style=\"margin-bottom: 20px\">Bengaals: Lief maar uitdagend<\/h2><br> Bengaals, voor moedertaalsprekers bekend als Bangla, is een Indo-Arische taal die voornamelijk in Bangladesh en drie Indiase deelstaten wordt gesproken: West-Bengalen, Tripura en Assam. <br><br> Voor Engelstaligen kan Bengaals moeilijk te beheersen zijn. Het wordt van links naar rechts geschreven en de wortels liggen in het Sanskriet. Deze Indo-Arische tak van de Indo-Europese taalboom heeft geen hoofdletters en de grammatica, woordenschat en uitspraak zijn uitdagend, maar toch beschouwen veel mensen het - zij het subjectief - als een erg \"lieve\" (vertederende) taal. <h2 style=\"margin-bottom: 20px\">Ervaren Bengaalse vertaalteams<\/h2><br> De Bengaalse vertalers van <em>Trusted Translations<\/em> begrijpen de complexiteit van deze oude taal. Hun werk wordt nagelezen door onafhankelijke experts, voordat een laatste kwaliteitscontrole wordt uitgevoerd."},"state":{"type":"textfield","raw":""},"city":{"type":"textarea","raw":[]}}},"_links":{"self":[{"href":"https:\/\/www.trustedtranslations.com\/nl\/wp-json\/wp\/v2\/pages\/204272","targetHints":{"allow":["GET"]}}],"collection":[{"href":"https:\/\/www.trustedtranslations.com\/nl\/wp-json\/wp\/v2\/pages"}],"about":[{"href":"https:\/\/www.trustedtranslations.com\/nl\/wp-json\/wp\/v2\/types\/page"}],"author":[{"embeddable":true,"href":"https:\/\/www.trustedtranslations.com\/nl\/wp-json\/wp\/v2\/users\/1"}],"replies":[{"embeddable":true,"href":"https:\/\/www.trustedtranslations.com\/nl\/wp-json\/wp\/v2\/comments?post=204272"}],"version-history":[{"count":0,"href":"https:\/\/www.trustedtranslations.com\/nl\/wp-json\/wp\/v2\/pages\/204272\/revisions"}],"up":[{"embeddable":true,"href":"https:\/\/www.trustedtranslations.com\/nl\/wp-json\/wp\/v2\/pages\/131041"}],"wp:featuredmedia":[{"embeddable":true,"href":"https:\/\/www.trustedtranslations.com\/nl\/wp-json\/"}],"wp:attachment":[{"href":"https:\/\/www.trustedtranslations.com\/nl\/wp-json\/wp\/v2\/media?parent=204272"}],"curies":[{"name":"wp","href":"https:\/\/api.w.org\/{rel}","templated":true}]}}