{"id":208980,"date":"2023-06-06T14:22:04","date_gmt":"2023-06-06T17:22:04","guid":{"rendered":"https:\/\/www.trustedtranslations.com\/?page_id=208980"},"modified":"2025-11-21T12:27:39","modified_gmt":"2025-11-21T15:27:39","slug":"san-diego","status":"publish","type":"page","link":"https:\/\/www.trustedtranslations.com\/nl\/over-ons\/contact\/san-diego","title":{"rendered":"San Diego"},"content":{"rendered":"","protected":false},"excerpt":{"rendered":"","protected":false},"author":1,"featured_media":227046,"parent":130908,"menu_order":0,"comment_status":"closed","ping_status":"closed","template":"","meta":{"site-sidebar-layout":"no-sidebar","site-content-layout":"page-builder","ast-site-content-layout":"full-width-container","site-content-style":"unboxed","site-sidebar-style":"unboxed","ast-global-header-display":"","ast-banner-title-visibility":"","ast-main-header-display":"","ast-hfb-above-header-display":"","ast-hfb-below-header-display":"","ast-hfb-mobile-header-display":"","site-post-title":"disabled","ast-breadcrumbs-content":"","ast-featured-img":"disabled","footer-sml-layout":"","theme-transparent-header-meta":"default","adv-header-id-meta":"","stick-header-meta":"","header-above-stick-meta":"","header-main-stick-meta":"","header-below-stick-meta":"","astra-migrate-meta-layouts":"set","ast-page-background-enabled":"default","ast-page-background-meta":{"desktop":{"background-color":"var(--ast-global-color-4)","background-image":"","background-repeat":"repeat","background-position":"center center","background-size":"auto","background-attachment":"scroll","background-type":"","background-media":"","overlay-type":"","overlay-color":"","overlay-opacity":"","overlay-gradient":""},"tablet":{"background-color":"","background-image":"","background-repeat":"repeat","background-position":"center center","background-size":"auto","background-attachment":"scroll","background-type":"","background-media":"","overlay-type":"","overlay-color":"","overlay-opacity":"","overlay-gradient":""},"mobile":{"background-color":"","background-image":"","background-repeat":"repeat","background-position":"center center","background-size":"auto","background-attachment":"scroll","background-type":"","background-media":"","overlay-type":"","overlay-color":"","overlay-opacity":"","overlay-gradient":""}},"ast-content-background-meta":{"desktop":{"background-color":"var(--ast-global-color-5)","background-image":"","background-repeat":"repeat","background-position":"center center","background-size":"auto","background-attachment":"scroll","background-type":"","background-media":"","overlay-type":"","overlay-color":"","overlay-opacity":"","overlay-gradient":""},"tablet":{"background-color":"var(--ast-global-color-5)","background-image":"","background-repeat":"repeat","background-position":"center center","background-size":"auto","background-attachment":"scroll","background-type":"","background-media":"","overlay-type":"","overlay-color":"","overlay-opacity":"","overlay-gradient":""},"mobile":{"background-color":"var(--ast-global-color-5)","background-image":"","background-repeat":"repeat","background-position":"center center","background-size":"auto","background-attachment":"scroll","background-type":"","background-media":"","overlay-type":"","overlay-color":"","overlay-opacity":"","overlay-gradient":""}},"footnotes":""},"class_list":["post-208980","page","type-page","status-publish","has-post-thumbnail","hentry"],"yoast_head":"<!-- This site is optimized with the Yoast SEO plugin v27.5 - https:\/\/yoast.com\/product\/yoast-seo-wordpress\/ -->\n<title>Vertaaldiensten in San Diego - toonaangevend vertaalbureau in Californi\u00eb - Trusted Translations, Inc.<\/title>\n<meta name=\"description\" content=\"Trusted Translations, Inc. San Diego, Californi\u00eb. Bewezen kwalitatieve vertaaldiensten tegen de beste tarieven. Vraag een gratis offerte of consult aan. Neem vandaag nog contact met ons op.\" \/>\n<meta name=\"robots\" content=\"index, follow, max-snippet:-1, max-image-preview:large, max-video-preview:-1\" \/>\n<link rel=\"canonical\" href=\"https:\/\/www.trustedtranslations.com\/nl\/over-ons\/contact\/san-diego\" \/>\n<meta property=\"og:locale\" content=\"nl_NL\" \/>\n<meta property=\"og:type\" content=\"article\" \/>\n<meta property=\"og:title\" content=\"Vertaaldiensten in San Diego - toonaangevend vertaalbureau in Californi\u00eb - Trusted Translations, Inc.\" \/>\n<meta property=\"og:description\" content=\"Trusted Translations, Inc. San Diego, Californi\u00eb. Bewezen kwalitatieve vertaaldiensten tegen de beste tarieven. Vraag een gratis offerte of consult aan. Neem vandaag nog contact met ons op.\" \/>\n<meta property=\"og:url\" content=\"https:\/\/www.trustedtranslations.com\/nl\/over-ons\/contact\/san-diego\" \/>\n<meta property=\"og:site_name\" content=\"Trusted Translations, Inc.\" \/>\n<meta property=\"article:publisher\" content=\"https:\/\/www.facebook.com\/Trusted.Translations\" \/>\n<meta property=\"article:modified_time\" content=\"2025-11-21T15:27:39+00:00\" \/>\n<meta property=\"og:image\" content=\"https:\/\/www.trustedtranslations.com\/wp-content\/uploads\/2022\/08\/TT_NEW_FB-1.png\" \/>\n\t<meta property=\"og:image:width\" content=\"1\" \/>\n\t<meta property=\"og:image:height\" content=\"1\" \/>\n\t<meta property=\"og:image:type\" content=\"image\/jpeg\" \/>\n<meta name=\"twitter:card\" content=\"summary_large_image\" \/>\n<meta name=\"twitter:site\" content=\"@TrustedT9ns\" \/>\n<script type=\"application\/ld+json\" class=\"yoast-schema-graph\">{\"@context\":\"https:\\\/\\\/schema.org\",\"@graph\":[{\"@type\":\"WebPage\",\"@id\":\"https:\\\/\\\/www.trustedtranslations.com\\\/nl\\\/over-ons\\\/contact\\\/san-diego\",\"url\":\"https:\\\/\\\/www.trustedtranslations.com\\\/nl\\\/over-ons\\\/contact\\\/san-diego\",\"name\":\"Vertaaldiensten in San Diego - toonaangevend vertaalbureau in Californi\u00eb - Trusted Translations, Inc.\",\"isPartOf\":{\"@id\":\"https:\\\/\\\/www.trustedtranslations.com\\\/nl\\\/#website\"},\"primaryImageOfPage\":{\"@id\":\"https:\\\/\\\/www.trustedtranslations.com\\\/nl\\\/over-ons\\\/contact\\\/san-diego#primaryimage\"},\"image\":{\"@id\":\"https:\\\/\\\/www.trustedtranslations.com\\\/nl\\\/over-ons\\\/contact\\\/san-diego#primaryimage\"},\"thumbnailUrl\":\"https:\\\/\\\/www.trustedtranslations.com\\\/wp-content\\\/uploads\\\/2022\\\/08\\\/TT_NEW_FB-1.png\",\"description\":\"Trusted Translations, Inc. San Diego, Californi\u00eb. Bewezen kwalitatieve vertaaldiensten tegen de beste tarieven. Vraag een gratis offerte of consult aan. Neem vandaag nog contact met ons op.\",\"breadcrumb\":{\"@id\":\"https:\\\/\\\/www.trustedtranslations.com\\\/nl\\\/over-ons\\\/contact\\\/san-diego#breadcrumb\"},\"inLanguage\":\"nl-NL\",\"potentialAction\":[{\"@type\":\"ReadAction\",\"target\":[\"https:\\\/\\\/www.trustedtranslations.com\\\/nl\\\/over-ons\\\/contact\\\/san-diego\"]}]},{\"@type\":\"ImageObject\",\"inLanguage\":\"nl-NL\",\"@id\":\"https:\\\/\\\/www.trustedtranslations.com\\\/nl\\\/over-ons\\\/contact\\\/san-diego#primaryimage\",\"url\":\"https:\\\/\\\/www.trustedtranslations.com\\\/wp-content\\\/uploads\\\/2022\\\/08\\\/TT_NEW_FB-1.png\",\"contentUrl\":\"https:\\\/\\\/www.trustedtranslations.com\\\/wp-content\\\/uploads\\\/2022\\\/08\\\/TT_NEW_FB-1.png\",\"caption\":\"TT NEW FB 1\"},{\"@type\":\"BreadcrumbList\",\"@id\":\"https:\\\/\\\/www.trustedtranslations.com\\\/nl\\\/over-ons\\\/contact\\\/san-diego#breadcrumb\",\"itemListElement\":[{\"@type\":\"ListItem\",\"position\":1,\"name\":\"Home\",\"item\":\"https:\\\/\\\/www.trustedtranslations.com\\\/nl\"},{\"@type\":\"ListItem\",\"position\":2,\"name\":\"Over ons\",\"item\":\"https:\\\/\\\/www.trustedtranslations.com\\\/nl\\\/over-ons\"},{\"@type\":\"ListItem\",\"position\":3,\"name\":\"Contact\",\"item\":\"https:\\\/\\\/www.trustedtranslations.com\\\/nl\\\/over-ons\\\/contact\"},{\"@type\":\"ListItem\",\"position\":4,\"name\":\"San Diego\"}]},{\"@type\":\"WebSite\",\"@id\":\"https:\\\/\\\/www.trustedtranslations.com\\\/nl\\\/#website\",\"url\":\"https:\\\/\\\/www.trustedtranslations.com\\\/nl\\\/\",\"name\":\"Trusted Translations, Inc.\",\"description\":\"Leader in translation and interpretation services.\",\"publisher\":{\"@id\":\"https:\\\/\\\/www.trustedtranslations.com\\\/nl\\\/#organization\"},\"alternateName\":\"Trusted Translations\",\"potentialAction\":[{\"@type\":\"SearchAction\",\"target\":{\"@type\":\"EntryPoint\",\"urlTemplate\":\"https:\\\/\\\/www.trustedtranslations.com\\\/nl\\\/?s={search_term_string}\"},\"query-input\":{\"@type\":\"PropertyValueSpecification\",\"valueRequired\":true,\"valueName\":\"search_term_string\"}}],\"inLanguage\":\"nl-NL\"},{\"@type\":\"Organization\",\"@id\":\"https:\\\/\\\/www.trustedtranslations.com\\\/nl\\\/#organization\",\"name\":\"Trusted Translations\",\"alternateName\":\"Trusted Translations, Inc.\",\"url\":\"https:\\\/\\\/www.trustedtranslations.com\\\/nl\\\/\",\"logo\":{\"@type\":\"ImageObject\",\"inLanguage\":\"nl-NL\",\"@id\":\"https:\\\/\\\/www.trustedtranslations.com\\\/nl\\\/#\\\/schema\\\/logo\\\/image\\\/\",\"url\":\"https:\\\/\\\/static.trustedtranslations.com\\\/wp-content\\\/uploads\\\/2022\\\/01\\\/TT_logo_WSIColors-2.png\",\"contentUrl\":\"https:\\\/\\\/static.trustedtranslations.com\\\/wp-content\\\/uploads\\\/2022\\\/01\\\/TT_logo_WSIColors-2.png\",\"width\":500,\"height\":196,\"caption\":\"Trusted Translations\"},\"image\":{\"@id\":\"https:\\\/\\\/www.trustedtranslations.com\\\/nl\\\/#\\\/schema\\\/logo\\\/image\\\/\"},\"sameAs\":[\"https:\\\/\\\/www.facebook.com\\\/Trusted.Translations\",\"https:\\\/\\\/x.com\\\/TrustedT9ns\",\"https:\\\/\\\/www.linkedin.com\\\/company\\\/trusted-translations\"]}]}<\/script>\n<!-- \/ Yoast SEO plugin. -->","yoast_head_json":{"title":"Vertaaldiensten in San Diego - toonaangevend vertaalbureau in Californi\u00eb - Trusted Translations, Inc.","description":"Trusted Translations, Inc. San Diego, Californi\u00eb. Bewezen kwalitatieve vertaaldiensten tegen de beste tarieven. Vraag een gratis offerte of consult aan. Neem vandaag nog contact met ons op.","robots":{"index":"index","follow":"follow","max-snippet":"max-snippet:-1","max-image-preview":"max-image-preview:large","max-video-preview":"max-video-preview:-1"},"canonical":"https:\/\/www.trustedtranslations.com\/nl\/over-ons\/contact\/san-diego","og_locale":"nl_NL","og_type":"article","og_title":"Vertaaldiensten in San Diego - toonaangevend vertaalbureau in Californi\u00eb - Trusted Translations, Inc.","og_description":"Trusted Translations, Inc. San Diego, Californi\u00eb. Bewezen kwalitatieve vertaaldiensten tegen de beste tarieven. Vraag een gratis offerte of consult aan. Neem vandaag nog contact met ons op.","og_url":"https:\/\/www.trustedtranslations.com\/nl\/over-ons\/contact\/san-diego","og_site_name":"Trusted Translations, Inc.","article_publisher":"https:\/\/www.facebook.com\/Trusted.Translations","article_modified_time":"2025-11-21T15:27:39+00:00","og_image":[{"url":"https:\/\/www.trustedtranslations.com\/wp-content\/uploads\/2022\/08\/TT_NEW_FB-1.png","width":1,"height":1,"type":"image\/jpeg"}],"twitter_card":"summary_large_image","twitter_site":"@TrustedT9ns","schema":{"@context":"https:\/\/schema.org","@graph":[{"@type":"WebPage","@id":"https:\/\/www.trustedtranslations.com\/nl\/over-ons\/contact\/san-diego","url":"https:\/\/www.trustedtranslations.com\/nl\/over-ons\/contact\/san-diego","name":"Vertaaldiensten in San Diego - toonaangevend vertaalbureau in Californi\u00eb - Trusted Translations, Inc.","isPartOf":{"@id":"https:\/\/www.trustedtranslations.com\/nl\/#website"},"primaryImageOfPage":{"@id":"https:\/\/www.trustedtranslations.com\/nl\/over-ons\/contact\/san-diego#primaryimage"},"image":{"@id":"https:\/\/www.trustedtranslations.com\/nl\/over-ons\/contact\/san-diego#primaryimage"},"thumbnailUrl":"https:\/\/www.trustedtranslations.com\/wp-content\/uploads\/2022\/08\/TT_NEW_FB-1.png","description":"Trusted Translations, Inc. San Diego, Californi\u00eb. Bewezen kwalitatieve vertaaldiensten tegen de beste tarieven. Vraag een gratis offerte of consult aan. Neem vandaag nog contact met ons op.","breadcrumb":{"@id":"https:\/\/www.trustedtranslations.com\/nl\/over-ons\/contact\/san-diego#breadcrumb"},"inLanguage":"nl-NL","potentialAction":[{"@type":"ReadAction","target":["https:\/\/www.trustedtranslations.com\/nl\/over-ons\/contact\/san-diego"]}]},{"@type":"ImageObject","inLanguage":"nl-NL","@id":"https:\/\/www.trustedtranslations.com\/nl\/over-ons\/contact\/san-diego#primaryimage","url":"https:\/\/www.trustedtranslations.com\/wp-content\/uploads\/2022\/08\/TT_NEW_FB-1.png","contentUrl":"https:\/\/www.trustedtranslations.com\/wp-content\/uploads\/2022\/08\/TT_NEW_FB-1.png","caption":"TT NEW FB 1"},{"@type":"BreadcrumbList","@id":"https:\/\/www.trustedtranslations.com\/nl\/over-ons\/contact\/san-diego#breadcrumb","itemListElement":[{"@type":"ListItem","position":1,"name":"Home","item":"https:\/\/www.trustedtranslations.com\/nl"},{"@type":"ListItem","position":2,"name":"Over ons","item":"https:\/\/www.trustedtranslations.com\/nl\/over-ons"},{"@type":"ListItem","position":3,"name":"Contact","item":"https:\/\/www.trustedtranslations.com\/nl\/over-ons\/contact"},{"@type":"ListItem","position":4,"name":"San Diego"}]},{"@type":"WebSite","@id":"https:\/\/www.trustedtranslations.com\/nl\/#website","url":"https:\/\/www.trustedtranslations.com\/nl\/","name":"Trusted Translations, Inc.","description":"Leader in translation and interpretation services.","publisher":{"@id":"https:\/\/www.trustedtranslations.com\/nl\/#organization"},"alternateName":"Trusted Translations","potentialAction":[{"@type":"SearchAction","target":{"@type":"EntryPoint","urlTemplate":"https:\/\/www.trustedtranslations.com\/nl\/?s={search_term_string}"},"query-input":{"@type":"PropertyValueSpecification","valueRequired":true,"valueName":"search_term_string"}}],"inLanguage":"nl-NL"},{"@type":"Organization","@id":"https:\/\/www.trustedtranslations.com\/nl\/#organization","name":"Trusted Translations","alternateName":"Trusted Translations, Inc.","url":"https:\/\/www.trustedtranslations.com\/nl\/","logo":{"@type":"ImageObject","inLanguage":"nl-NL","@id":"https:\/\/www.trustedtranslations.com\/nl\/#\/schema\/logo\/image\/","url":"https:\/\/static.trustedtranslations.com\/wp-content\/uploads\/2022\/01\/TT_logo_WSIColors-2.png","contentUrl":"https:\/\/static.trustedtranslations.com\/wp-content\/uploads\/2022\/01\/TT_logo_WSIColors-2.png","width":500,"height":196,"caption":"Trusted Translations"},"image":{"@id":"https:\/\/www.trustedtranslations.com\/nl\/#\/schema\/logo\/image\/"},"sameAs":["https:\/\/www.facebook.com\/Trusted.Translations","https:\/\/x.com\/TrustedT9ns","https:\/\/www.linkedin.com\/company\/trusted-translations"]}]}},"toolset-meta":{"dyk":{"mensaje-1":{"type":"textfield","raw":"San Diego heeft 's werelds hoogste concentratie militaire en defensiemiddelen."},"mensaje-2":{"type":"textfield","raw":"Er zijn meer dan 80 onderwijs- en onderzoeksinstituten in San Diego."},"mensaje-3":{"type":"textfield","raw":"San Diego ligt slechts ongeveer 27 kilometer van de Mexicaanse grens in Tijuana."},"mensaje-4":{"type":"textfield","raw":"San Diego werd genoemd als de 3e beste stad van het land voor startende ondernemingen."},"mensaje-5":{"type":"textfield","raw":""},"mensaje-6":{"type":"textfield","raw":""}},"single-page-template-fields":{"imgs-temp":{"type":"image","raw":["https:\/\/static.trustedtranslations.com\/wp-content\/uploads\/2024\/05\/Group-131-11.webp"],"repeatable":[{"raw":"https:\/\/static.trustedtranslations.com\/wp-content\/uploads\/2024\/05\/Group-131-11.webp"}]},"imgs-temp-cel":{"type":"image","raw":[""],"repeatable":[{"raw":""}]},"img-temp-one-cel":{"type":"image","raw":"https:\/\/static.trustedtranslations.com\/wp-content\/uploads\/2024\/05\/san-diego-scaled-1.webp","attachment_id":null},"quotes":{"type":"textarea","raw":"<h1 style=\"margin-bottom:12px\">Vertaaldiensten in San Diego<\/h1>\r\n<p>\r\n    <a style=\"color: #2a2a2a; text-decoration: none;\" href=\"https:\/\/goo.gl\/maps\/7wuBmBFesKnugmRWA?coh=178572&entry=tt\"><i class=\"fa fa-map-pin\"><\/i>421 Broadway #5006\r\n        San Diego, CA 92101\r\n        United States<\/a>\r\n    <a style=\"color: #2a2a2a; text-decoration: none;\" href=\"tel:+16198771382\"><i class=\"fa fa-phone\"><\/i> +1 (619) 877-1382<\/a>\r\n    <a style=\"color: #2a2a2a; text-decoration: none;\" href=\"mailto:sandiego@trustedtranslations.com\"><i class=\"fa fa-envelope\"><\/i>sandiego@trustedtranslations.com<\/a>\r\n<\/p>\r\n<div style=\"margin-top: 2.5vw;\"><a class=\"tt-btn-main-cta\" href=\"#tree-form\">Vraag een gratis offerte aan<\/a><\/div>"},"text-1":{"type":"textarea","raw":"<h2>Kaart van vestiging in San Diego<\/h2>"},"shortcode-map":{"type":"textfield","raw":"[mostrar_mapa url=\"https:\/\/www.google.com\/maps\/embed?pb=!1m18!1m12!1m3!1d3356.889126443479!2d-117.16322732543456!3d32.71557378712545!2m3!1f0!2f0!3f0!3m2!1i1024!2i768!4f13.1!3m3!1m2!1s0x80d954a7edde1ab7%3A0x92ca2b4db8894753!2s421%20Broadway%2C%20San%20Diego%2C%20CA%2092101%2C%20EE.%20UU.!5e0!3m2!1ses-419!2sar!4v1685130006666!5m2!1ses-419!2sar\" width=\"600px\" height=\"450px\"]"},"dyk-shortcode":{"type":"textfield","raw":"[elementor-template id=\"146767\"]"},"text-2":{"type":"textarea","raw":"<h2>Professionele vertaaldiensten in San Diego<\/h2>\r\n<img class=\"alignright wp-image-207544\" src=\"https:\/\/static.trustedtranslations.com\/wp-content\/uploads\/2023\/05\/san-diego-2-300x200.jpg\" alt=\"\" width=\"500\" height=\"333\" \/>\r\n\r\nSan Diego's vier economische basissectoren zijn <a href=\"https:\/\/www.trustedtranslations.com\/nl\/industrieen\/zakelijk\">internationale handel<\/a>, <a href=\"https:\/\/www.trustedtranslations.com\/nl\/industrieen\/productie\">productie<\/a>, <a href=\"https:\/\/www.trustedtranslations.com\/nl\/industrieen\/overheid\">leger en defensie<\/a>, en toerisme, samen met zeer succesvolle sectoren in <a href=\"https:\/\/www.trustedtranslations.com\/nl\/industrieen\/e-learning-en-lokalisatie\">onderwijs<\/a> en <a href=\"https:\/\/www.trustedtranslations.com\/nl\/industrieen\/medisch\">biowetenschappen<\/a>. <strong><em>Trusted Translations<\/em><\/strong> is een gevestigde leverancier van vertalingen en werkt samen met toporganisaties in het grootstedelijk gebied van San Diego, zoals Grand Pacific Resorts, U.S. Customs and Border Protection, Sequenom en NAMI San Diego.\r\n\r\n<strong><em>Trusted Translations<\/em><\/strong> is zeer bedreven in het bedienen van de extreem meertalige bevolking van San Diego, waar <a href=\"https:\/\/www.trustedtranslations.com\/nl\/taal\/meertalig\">meer dan 100 talen<\/a> worden gesproken. Met de stad op slechts 24 kilometer van de Mexicaanse grens, is San Diego's meest populaire vreemde taal <a href=\"https:\/\/www.trustedtranslations.com\/nl\/taal\/spaans\/engels-naar-spaans\">Spaans<\/a>, vooral <a href=\"https:\/\/www.trustedtranslations.com\/nl\/taal\/spaans\/kenmerken\/latijns-amerikaans-spaans\">Mexicaans-Spaans<\/a>; Spaans wordt gesproken door iets meer dan 22% van de bevolking van San Diego. Andere populaire talen zijn Tagalog (Filipijns), <a href=\"https:\/\/www.trustedtranslations.com\/nl\/taal\/vietnamees\">Vietnamees<\/a>, <a href=\"https:\/\/www.trustedtranslations.com\/nl\/taal\/chinees\">Chinees<\/a> en <a href=\"https:\/\/www.trustedtranslations.com\/nl\/taal\/arabisch\">Arabisch<\/a>, en veel scholen, openbare gezondheidsinstellingen en overheidsinstanties bieden materiaal in deze talen om aan de behoeften van de bewoners te voldoen.\r\n<h2 style=\"margin-bottom:20px\">Over de stad San Diego<\/h2>\r\nSan Diego, gelegen aan de zuidelijke kust van Californi\u00eb, is de achtste stad van de VS en de op \u00e9\u00e9n na grootste van Californi\u00eb. Het grootstedelijke gebied San Diego-Chula Vista-Carlsbad heeft een bevolking van meer dan 3,28 miljoen mensen en is de thuisbasis van hoge concentraties <a href=\"https:\/\/www.trustedtranslations.com\/nl\/industrieen\/sport\">sportbedrijven<\/a>, militaire installaties en onderzoeksinstituten, waaronder de University of California-San Diego (UCSD). De grensoverschrijdende regio San Diego-Tijuana is een toonaangevend <a href=\"https:\/\/www.trustedtranslations.com\/nl\/industrieen\/zakelijk\">commercieel centrum<\/a> tussen de VS en Mexico."},"state":{"type":"textfield","raw":""},"city":{"type":"textarea","raw":[""]}}},"_links":{"self":[{"href":"https:\/\/www.trustedtranslations.com\/nl\/wp-json\/wp\/v2\/pages\/208980","targetHints":{"allow":["GET"]}}],"collection":[{"href":"https:\/\/www.trustedtranslations.com\/nl\/wp-json\/wp\/v2\/pages"}],"about":[{"href":"https:\/\/www.trustedtranslations.com\/nl\/wp-json\/wp\/v2\/types\/page"}],"author":[{"embeddable":true,"href":"https:\/\/www.trustedtranslations.com\/nl\/wp-json\/wp\/v2\/users\/1"}],"replies":[{"embeddable":true,"href":"https:\/\/www.trustedtranslations.com\/nl\/wp-json\/wp\/v2\/comments?post=208980"}],"version-history":[{"count":0,"href":"https:\/\/www.trustedtranslations.com\/nl\/wp-json\/wp\/v2\/pages\/208980\/revisions"}],"up":[{"embeddable":true,"href":"https:\/\/www.trustedtranslations.com\/nl\/wp-json\/wp\/v2\/pages\/130908"}],"wp:featuredmedia":[{"embeddable":true,"href":"https:\/\/www.trustedtranslations.com\/nl\/wp-json\/wp\/v2\/media\/227046"}],"wp:attachment":[{"href":"https:\/\/www.trustedtranslations.com\/nl\/wp-json\/wp\/v2\/media?parent=208980"}],"curies":[{"name":"wp","href":"https:\/\/api.w.org\/{rel}","templated":true}]}}