{"id":263899,"date":"2024-06-24T17:49:07","date_gmt":"2024-06-24T20:49:07","guid":{"rendered":"https:\/\/www.trustedtranslations.com\/?page_id=263899"},"modified":"2024-07-02T17:56:02","modified_gmt":"2024-07-02T20:56:02","slug":"android-tekenreeksen","status":"publish","type":"page","link":"https:\/\/www.trustedtranslations.com\/nl\/diensten\/file-formats\/android-tekenreeksen","title":{"rendered":"Android-tekenreeksen"},"content":{"rendered":"","protected":false},"excerpt":{"rendered":"","protected":false},"author":1,"featured_media":267065,"parent":131021,"menu_order":21,"comment_status":"closed","ping_status":"closed","template":"","meta":{"site-sidebar-layout":"default","site-content-layout":"","ast-site-content-layout":"default","site-content-style":"default","site-sidebar-style":"default","ast-global-header-display":"","ast-banner-title-visibility":"","ast-main-header-display":"","ast-hfb-above-header-display":"","ast-hfb-below-header-display":"","ast-hfb-mobile-header-display":"","site-post-title":"","ast-breadcrumbs-content":"","ast-featured-img":"","footer-sml-layout":"","ast-disable-related-posts":"","theme-transparent-header-meta":"default","adv-header-id-meta":"","stick-header-meta":"","header-above-stick-meta":"","header-main-stick-meta":"","header-below-stick-meta":"","astra-migrate-meta-layouts":"set","ast-page-background-enabled":"default","ast-page-background-meta":{"desktop":{"background-color":"var(--ast-global-color-4)","background-image":"","background-repeat":"repeat","background-position":"center center","background-size":"auto","background-attachment":"scroll","background-type":"","background-media":"","overlay-type":"","overlay-color":"","overlay-opacity":"","overlay-gradient":""},"tablet":{"background-color":"","background-image":"","background-repeat":"repeat","background-position":"center center","background-size":"auto","background-attachment":"scroll","background-type":"","background-media":"","overlay-type":"","overlay-color":"","overlay-opacity":"","overlay-gradient":""},"mobile":{"background-color":"","background-image":"","background-repeat":"repeat","background-position":"center center","background-size":"auto","background-attachment":"scroll","background-type":"","background-media":"","overlay-type":"","overlay-color":"","overlay-opacity":"","overlay-gradient":""}},"ast-content-background-meta":{"desktop":{"background-color":"var(--ast-global-color-5)","background-image":"","background-repeat":"repeat","background-position":"center center","background-size":"auto","background-attachment":"scroll","background-type":"","background-media":"","overlay-type":"","overlay-color":"","overlay-opacity":"","overlay-gradient":""},"tablet":{"background-color":"var(--ast-global-color-5)","background-image":"","background-repeat":"repeat","background-position":"center center","background-size":"auto","background-attachment":"scroll","background-type":"","background-media":"","overlay-type":"","overlay-color":"","overlay-opacity":"","overlay-gradient":""},"mobile":{"background-color":"var(--ast-global-color-5)","background-image":"","background-repeat":"repeat","background-position":"center center","background-size":"auto","background-attachment":"scroll","background-type":"","background-media":"","overlay-type":"","overlay-color":"","overlay-opacity":"","overlay-gradient":""}},"footnotes":""},"class_list":["post-263899","page","type-page","status-publish","has-post-thumbnail","hentry"],"yoast_head":"<!-- This site is optimized with the Yoast SEO plugin v27.6 - https:\/\/yoast.com\/product\/yoast-seo-wordpress\/ -->\n<title>Android-tekenreeksen - Trusted Translations, Inc.<\/title>\n<meta name=\"robots\" content=\"index, follow, max-snippet:-1, max-image-preview:large, max-video-preview:-1\" \/>\n<link rel=\"canonical\" href=\"https:\/\/www.trustedtranslations.com\/nl\/diensten\/file-formats\/android-tekenreeksen\" \/>\n<meta property=\"og:locale\" content=\"nl_NL\" \/>\n<meta property=\"og:type\" content=\"article\" \/>\n<meta property=\"og:title\" content=\"Android-tekenreeksen - Trusted Translations, Inc.\" \/>\n<meta property=\"og:url\" content=\"https:\/\/www.trustedtranslations.com\/nl\/diensten\/file-formats\/android-tekenreeksen\" \/>\n<meta property=\"og:site_name\" content=\"Trusted Translations, Inc.\" \/>\n<meta property=\"article:publisher\" content=\"https:\/\/www.facebook.com\/Trusted.Translations\" \/>\n<meta property=\"article:modified_time\" content=\"2024-07-02T20:56:02+00:00\" \/>\n<meta property=\"og:image\" content=\"https:\/\/static.trustedtranslations.com\/wp-content\/uploads\/2024\/07\/android_strings.webp\" \/>\n\t<meta property=\"og:image:width\" content=\"151\" \/>\n\t<meta property=\"og:image:height\" content=\"151\" \/>\n\t<meta property=\"og:image:type\" content=\"image\/webp\" \/>\n<meta name=\"twitter:card\" content=\"summary_large_image\" \/>\n<meta name=\"twitter:site\" content=\"@TrustedT9ns\" \/>\n<script type=\"application\/ld+json\" class=\"yoast-schema-graph\">{\"@context\":\"https:\\\/\\\/schema.org\",\"@graph\":[{\"@type\":\"WebPage\",\"@id\":\"https:\\\/\\\/www.trustedtranslations.com\\\/nl\\\/diensten\\\/file-formats\\\/android-tekenreeksen\",\"url\":\"https:\\\/\\\/www.trustedtranslations.com\\\/nl\\\/diensten\\\/file-formats\\\/android-tekenreeksen\",\"name\":\"Android-tekenreeksen - Trusted Translations, Inc.\",\"isPartOf\":{\"@id\":\"https:\\\/\\\/www.trustedtranslations.com\\\/nl\\\/#website\"},\"primaryImageOfPage\":{\"@id\":\"https:\\\/\\\/www.trustedtranslations.com\\\/nl\\\/diensten\\\/file-formats\\\/android-tekenreeksen#primaryimage\"},\"image\":{\"@id\":\"https:\\\/\\\/www.trustedtranslations.com\\\/nl\\\/diensten\\\/file-formats\\\/android-tekenreeksen#primaryimage\"},\"thumbnailUrl\":\"https:\\\/\\\/www.trustedtranslations.com\\\/wp-content\\\/uploads\\\/2024\\\/07\\\/android_strings.webp\",\"breadcrumb\":{\"@id\":\"https:\\\/\\\/www.trustedtranslations.com\\\/nl\\\/diensten\\\/file-formats\\\/android-tekenreeksen#breadcrumb\"},\"inLanguage\":\"nl-NL\",\"potentialAction\":[{\"@type\":\"ReadAction\",\"target\":[\"https:\\\/\\\/www.trustedtranslations.com\\\/nl\\\/diensten\\\/file-formats\\\/android-tekenreeksen\"]}]},{\"@type\":\"ImageObject\",\"inLanguage\":\"nl-NL\",\"@id\":\"https:\\\/\\\/www.trustedtranslations.com\\\/nl\\\/diensten\\\/file-formats\\\/android-tekenreeksen#primaryimage\",\"url\":\"https:\\\/\\\/www.trustedtranslations.com\\\/wp-content\\\/uploads\\\/2024\\\/07\\\/android_strings.webp\",\"contentUrl\":\"https:\\\/\\\/www.trustedtranslations.com\\\/wp-content\\\/uploads\\\/2024\\\/07\\\/android_strings.webp\",\"width\":151,\"height\":151,\"caption\":\"android strings\"},{\"@type\":\"BreadcrumbList\",\"@id\":\"https:\\\/\\\/www.trustedtranslations.com\\\/nl\\\/diensten\\\/file-formats\\\/android-tekenreeksen#breadcrumb\",\"itemListElement\":[{\"@type\":\"ListItem\",\"position\":1,\"name\":\"Home\",\"item\":\"https:\\\/\\\/www.trustedtranslations.com\\\/nl\"},{\"@type\":\"ListItem\",\"position\":2,\"name\":\"Diensten\",\"item\":\"https:\\\/\\\/www.trustedtranslations.com\\\/nl\\\/diensten\"},{\"@type\":\"ListItem\",\"position\":3,\"name\":\"Bestandsformaten\",\"item\":\"https:\\\/\\\/www.trustedtranslations.com\\\/nl\\\/diensten\\\/file-formats\"},{\"@type\":\"ListItem\",\"position\":4,\"name\":\"Android-tekenreeksen\"}]},{\"@type\":\"WebSite\",\"@id\":\"https:\\\/\\\/www.trustedtranslations.com\\\/nl\\\/#website\",\"url\":\"https:\\\/\\\/www.trustedtranslations.com\\\/nl\\\/\",\"name\":\"Trusted Translations, Inc.\",\"description\":\"Leader in translation and interpretation services.\",\"publisher\":{\"@id\":\"https:\\\/\\\/www.trustedtranslations.com\\\/nl\\\/#organization\"},\"alternateName\":\"Trusted Translations\",\"potentialAction\":[{\"@type\":\"SearchAction\",\"target\":{\"@type\":\"EntryPoint\",\"urlTemplate\":\"https:\\\/\\\/www.trustedtranslations.com\\\/nl\\\/?s={search_term_string}\"},\"query-input\":{\"@type\":\"PropertyValueSpecification\",\"valueRequired\":true,\"valueName\":\"search_term_string\"}}],\"inLanguage\":\"nl-NL\"},{\"@type\":\"Organization\",\"@id\":\"https:\\\/\\\/www.trustedtranslations.com\\\/nl\\\/#organization\",\"name\":\"Trusted Translations\",\"alternateName\":\"Trusted Translations, Inc.\",\"url\":\"https:\\\/\\\/www.trustedtranslations.com\\\/nl\\\/\",\"logo\":{\"@type\":\"ImageObject\",\"inLanguage\":\"nl-NL\",\"@id\":\"https:\\\/\\\/www.trustedtranslations.com\\\/nl\\\/#\\\/schema\\\/logo\\\/image\\\/\",\"url\":\"https:\\\/\\\/static.trustedtranslations.com\\\/wp-content\\\/uploads\\\/2022\\\/01\\\/TT_logo_WSIColors-2.png\",\"contentUrl\":\"https:\\\/\\\/static.trustedtranslations.com\\\/wp-content\\\/uploads\\\/2022\\\/01\\\/TT_logo_WSIColors-2.png\",\"width\":500,\"height\":196,\"caption\":\"Trusted Translations\"},\"image\":{\"@id\":\"https:\\\/\\\/www.trustedtranslations.com\\\/nl\\\/#\\\/schema\\\/logo\\\/image\\\/\"},\"sameAs\":[\"https:\\\/\\\/www.facebook.com\\\/Trusted.Translations\",\"https:\\\/\\\/x.com\\\/TrustedT9ns\",\"https:\\\/\\\/www.linkedin.com\\\/company\\\/trusted-translations\"]}]}<\/script>\n<!-- \/ Yoast SEO plugin. -->","yoast_head_json":{"title":"Android-tekenreeksen - Trusted Translations, Inc.","robots":{"index":"index","follow":"follow","max-snippet":"max-snippet:-1","max-image-preview":"max-image-preview:large","max-video-preview":"max-video-preview:-1"},"canonical":"https:\/\/www.trustedtranslations.com\/nl\/diensten\/file-formats\/android-tekenreeksen","og_locale":"nl_NL","og_type":"article","og_title":"Android-tekenreeksen - Trusted Translations, Inc.","og_url":"https:\/\/www.trustedtranslations.com\/nl\/diensten\/file-formats\/android-tekenreeksen","og_site_name":"Trusted Translations, Inc.","article_publisher":"https:\/\/www.facebook.com\/Trusted.Translations","article_modified_time":"2024-07-02T20:56:02+00:00","og_image":[{"width":151,"height":151,"url":"https:\/\/static.trustedtranslations.com\/wp-content\/uploads\/2024\/07\/android_strings.webp","type":"image\/webp"}],"twitter_card":"summary_large_image","twitter_site":"@TrustedT9ns","schema":{"@context":"https:\/\/schema.org","@graph":[{"@type":"WebPage","@id":"https:\/\/www.trustedtranslations.com\/nl\/diensten\/file-formats\/android-tekenreeksen","url":"https:\/\/www.trustedtranslations.com\/nl\/diensten\/file-formats\/android-tekenreeksen","name":"Android-tekenreeksen - Trusted Translations, Inc.","isPartOf":{"@id":"https:\/\/www.trustedtranslations.com\/nl\/#website"},"primaryImageOfPage":{"@id":"https:\/\/www.trustedtranslations.com\/nl\/diensten\/file-formats\/android-tekenreeksen#primaryimage"},"image":{"@id":"https:\/\/www.trustedtranslations.com\/nl\/diensten\/file-formats\/android-tekenreeksen#primaryimage"},"thumbnailUrl":"https:\/\/www.trustedtranslations.com\/wp-content\/uploads\/2024\/07\/android_strings.webp","breadcrumb":{"@id":"https:\/\/www.trustedtranslations.com\/nl\/diensten\/file-formats\/android-tekenreeksen#breadcrumb"},"inLanguage":"nl-NL","potentialAction":[{"@type":"ReadAction","target":["https:\/\/www.trustedtranslations.com\/nl\/diensten\/file-formats\/android-tekenreeksen"]}]},{"@type":"ImageObject","inLanguage":"nl-NL","@id":"https:\/\/www.trustedtranslations.com\/nl\/diensten\/file-formats\/android-tekenreeksen#primaryimage","url":"https:\/\/www.trustedtranslations.com\/wp-content\/uploads\/2024\/07\/android_strings.webp","contentUrl":"https:\/\/www.trustedtranslations.com\/wp-content\/uploads\/2024\/07\/android_strings.webp","width":151,"height":151,"caption":"android strings"},{"@type":"BreadcrumbList","@id":"https:\/\/www.trustedtranslations.com\/nl\/diensten\/file-formats\/android-tekenreeksen#breadcrumb","itemListElement":[{"@type":"ListItem","position":1,"name":"Home","item":"https:\/\/www.trustedtranslations.com\/nl"},{"@type":"ListItem","position":2,"name":"Diensten","item":"https:\/\/www.trustedtranslations.com\/nl\/diensten"},{"@type":"ListItem","position":3,"name":"Bestandsformaten","item":"https:\/\/www.trustedtranslations.com\/nl\/diensten\/file-formats"},{"@type":"ListItem","position":4,"name":"Android-tekenreeksen"}]},{"@type":"WebSite","@id":"https:\/\/www.trustedtranslations.com\/nl\/#website","url":"https:\/\/www.trustedtranslations.com\/nl\/","name":"Trusted Translations, Inc.","description":"Leader in translation and interpretation services.","publisher":{"@id":"https:\/\/www.trustedtranslations.com\/nl\/#organization"},"alternateName":"Trusted Translations","potentialAction":[{"@type":"SearchAction","target":{"@type":"EntryPoint","urlTemplate":"https:\/\/www.trustedtranslations.com\/nl\/?s={search_term_string}"},"query-input":{"@type":"PropertyValueSpecification","valueRequired":true,"valueName":"search_term_string"}}],"inLanguage":"nl-NL"},{"@type":"Organization","@id":"https:\/\/www.trustedtranslations.com\/nl\/#organization","name":"Trusted Translations","alternateName":"Trusted Translations, Inc.","url":"https:\/\/www.trustedtranslations.com\/nl\/","logo":{"@type":"ImageObject","inLanguage":"nl-NL","@id":"https:\/\/www.trustedtranslations.com\/nl\/#\/schema\/logo\/image\/","url":"https:\/\/static.trustedtranslations.com\/wp-content\/uploads\/2022\/01\/TT_logo_WSIColors-2.png","contentUrl":"https:\/\/static.trustedtranslations.com\/wp-content\/uploads\/2022\/01\/TT_logo_WSIColors-2.png","width":500,"height":196,"caption":"Trusted Translations"},"image":{"@id":"https:\/\/www.trustedtranslations.com\/nl\/#\/schema\/logo\/image\/"},"sameAs":["https:\/\/www.facebook.com\/Trusted.Translations","https:\/\/x.com\/TrustedT9ns","https:\/\/www.linkedin.com\/company\/trusted-translations"]}]}},"toolset-meta":{"dyk":{"mensaje-1":{"type":"textfield","raw":"Trusted Translations heeft een app gelokaliseerd, waardoor het aantal downloads van een klein opstartend bedrijf met 50% is gestegen."},"mensaje-2":{"type":"textfield","raw":"Een solo-ontwikkelaar verbeterde de gebruikersbeoordelingen door te lokaliseren voor de Indiase markt."},"mensaje-3":{"type":"textfield","raw":"Dankzij onze vertalingen is het Europese gebruikersbestand van een fitness-app in zes maanden tijd verdubbeld."},"mensaje-4":{"type":"textfield","raw":""},"mensaje-5":{"type":"textfield","raw":""},"mensaje-6":{"type":"textfield","raw":""}},"single-page-template-fields":{"imgs-temp":{"type":"image","raw":["https:\/\/static.trustedtranslations.com\/wp-content\/uploads\/2024\/05\/Group-147.webp"],"repeatable":[{"raw":"https:\/\/static.trustedtranslations.com\/wp-content\/uploads\/2024\/05\/Group-147.webp"}]},"imgs-temp-cel":{"type":"image","raw":[""],"repeatable":[{"raw":""}]},"img-temp-one-cel":{"type":"image","raw":"https:\/\/static.trustedtranslations.com\/wp-content\/uploads\/2024\/05\/shutterstock_1391584058-2-1.webp","attachment_id":null},"quotes":{"type":"textarea","raw":"<h1 style=\"margin-bottom: 12px;\">Vertaaldiensten voor Android-tekenreeksen<\/h1>Android-tekenreeksen worden vaak gebruikt voor Android-lokalisatie en -vertaling. Ze staan ook bekend als tekstelementen die worden gebruikt in Android-apps en zijn opgeslagen in verschillende indelingsstijlen, zoals res\/values\/strings.xml.<div style=\"margin-top: 2.5vw;\"><a class=\"tt-btn-main-cta\" href=\"\/nl\/offerte\">Vraag een gratis offerte aan<\/a><\/div>"},"text-1":{"type":"textarea","raw":"<h2 style=\"margin-top: -10px; padding-bottom:20px\">String Format-methode voor Android-tekenreeksen<\/h2>Android-tekenreeksen kunnen in meerdere talen worden vertaald om lokalisatie en internationalisering te ondersteunen. Ze ondersteunen het HTML-formaat en kunnen worden geformatteerd met behulp van de string format-methode. Via Android-tekenreeksen hebben individuen de vrijheid om tekst binnen hun Android-toepassing te vertalen en zowel de tekst- als de app-presentatie dynamisch te beheren. Bovendien kunnen gebruikers de tekstuele inhoud van hun app effici\u00ebnt organiseren en onderhouden. De belangrijkste voordelen van het gebruik van Android-tekenreeksen zijn dat ze tekst gescheiden houden van code- en lay-outbestanden, tekst in de gehele app hergebruiken en het bijwerken en onderhouden van de app eenvoudig maken. Wanneer u Android-tekenreeksen gebruikt, moet u uw tekenreeksen altijd kort en bondig houden en beschrijvende namen voor tekenreeksen gebruiken. Gebruik altijd tijdelijke aanduidingen voor dynamische tekst. Door deze praktijken te volgen, zal uw Android-app gebruiksvriendelijk zijn. Vermijd altijd het gebruik van hardgecodeerde tekenreeksen; houd in plaats daarvan de tekst uit code- en lay-outbestanden en gebruik de optie getString om toegang te krijgen tot tekenreeksbronnen. Door deze tips te volgen, wordt de tekst van een Android-app georganiseerd, onderhoudbaar en vertaalbaar. Android-tekenreeksen gebruiken tekenreeksarrays, die een lijst met tekenreeksen defini\u00ebren voor gebruik in spinners of andere componenten, waarbij beschrijvende namen voor tekenreeksen worden gebruikt om duidelijkheid en beknoptheid te garanderen. Dit zijn enkele belangrijke factoren betreffende Android-tekenreeksen."},"shortcode-map":{"type":"textfield","raw":""},"dyk-shortcode":{"type":"textfield","raw":"[elementor-template id=\"146767\"]"},"text-2":{"type":"textarea","raw":"<h2 style=\"padding-bottom:25px\">Belangrijkste factoren betreffende Android-tekenreeksen<\/h2>\r\n<h3>Formattering:<\/h3>\r\nDe optie voor formattering van Android-tekenreeksen wordt gebruikt om variabelen in tekenreeksen in te voegen. Bijvoorbeeld <string name=\"hello_name\">Hallo, %1$s!<\/string>.\r\n\r\n<h3>Stijl:<\/h3>\r\nAls u een stijl op tekenreeksen wilt toepassen, kunt u hiervoor HTML-opmaak gebruiken. Bijvoorbeeld: <string name=\"bold_hello\"><b>Hallo wereld!<\/b><\/string>.\r\n\r\n<h3>Meervouden:<\/h3>\r\nAndroid-tekenreeksen ondersteunen ook meervoudsvormen, waardoor u verschillende teksten kunt defini\u00ebren op basis van de hoeveelheid van een item. Bijvoorbeeld <plurals name=\"items_count\"><item quantity=\"one\">E\u00e9n item<\/item> <item quantity=\"other\">%d items<\/item><\/plurals>.\r\n\r\n<h3>Vertaling:<\/h3>\r\nAndroid-tekenreeksen vergemakkelijken ook de vertaling, waardoor de vertaling van verschillende soorten tekst naar verschillende talen en landinstellingen mogelijk is. Ze helpen bij het weergeven van foutmeldingen en waarschuwingsberichten in alle Android-apps. Deze apps bevatten vaak opgemaakte tekst, waarbij gebruik wordt gemaakt van HTML-opmaak om formattering aan tekenreeksen toe te voegen. Android-tekenreeksen vergemakkelijken de eenvoudige vertaling van technische tekst en beschikken over organisatorische vaardigheden, waarbij alle tekst op \u00e9\u00e9n locatie wordt gecentraliseerd voor eenvoudig beheer. Bovendien profiteren Android-apps van de herbruikbaarheid van tekenreeksen, waarbij dezelfde tekenreeks op meerdere plaatsen wordt gebruikt zonder duplicatie. Android-tekenreeksen dragen bij aan effici\u00ebnt geheugengebruik door tekst op \u00e9\u00e9n locatie op te slaan, waardoor het geheugenverbruik wordt verminderd. Ten slotte dragen Android-tekenreeksen bij aan het cre\u00ebren van meer verfijnde en professionele apps met consistente en vertaalde tekst. Ze helpen ontwikkelaars om alle Android-apps gebruiksvriendelijk, effici\u00ebnt en onderhoudbaar te maken. Android Studio biedt tools zoals de functie 'tekenreeksbron extraheren' om effici\u00ebnter met tekenreeksen te kunnen werken. Overmatig gebruik van Android-tekenreeksen kan echter leiden tot complexiteit en omslachtige tekenreeksen, dus het is belangrijk om ze oordeelkundig te gebruiken."},"state":{"type":"textfield","raw":""},"city":{"type":"textarea","raw":[]}}},"_links":{"self":[{"href":"https:\/\/www.trustedtranslations.com\/nl\/wp-json\/wp\/v2\/pages\/263899","targetHints":{"allow":["GET"]}}],"collection":[{"href":"https:\/\/www.trustedtranslations.com\/nl\/wp-json\/wp\/v2\/pages"}],"about":[{"href":"https:\/\/www.trustedtranslations.com\/nl\/wp-json\/wp\/v2\/types\/page"}],"author":[{"embeddable":true,"href":"https:\/\/www.trustedtranslations.com\/nl\/wp-json\/wp\/v2\/users\/1"}],"replies":[{"embeddable":true,"href":"https:\/\/www.trustedtranslations.com\/nl\/wp-json\/wp\/v2\/comments?post=263899"}],"version-history":[{"count":0,"href":"https:\/\/www.trustedtranslations.com\/nl\/wp-json\/wp\/v2\/pages\/263899\/revisions"}],"up":[{"embeddable":true,"href":"https:\/\/www.trustedtranslations.com\/nl\/wp-json\/wp\/v2\/pages\/131021"}],"wp:featuredmedia":[{"embeddable":true,"href":"https:\/\/www.trustedtranslations.com\/nl\/wp-json\/wp\/v2\/media\/267065"}],"wp:attachment":[{"href":"https:\/\/www.trustedtranslations.com\/nl\/wp-json\/wp\/v2\/media?parent=263899"}],"curies":[{"name":"wp","href":"https:\/\/api.w.org\/{rel}","templated":true}]}}