{"id":263909,"date":"2024-06-24T17:54:53","date_gmt":"2024-06-24T20:54:53","guid":{"rendered":"https:\/\/www.trustedtranslations.com\/?page_id=263909"},"modified":"2024-07-02T17:56:10","modified_gmt":"2024-07-02T20:56:10","slug":"dita","status":"publish","type":"page","link":"https:\/\/www.trustedtranslations.com\/nl\/diensten\/file-formats\/dita","title":{"rendered":"DITA"},"content":{"rendered":"","protected":false},"excerpt":{"rendered":"","protected":false},"author":1,"featured_media":267089,"parent":131021,"menu_order":23,"comment_status":"closed","ping_status":"closed","template":"","meta":{"site-sidebar-layout":"default","site-content-layout":"","ast-site-content-layout":"default","site-content-style":"default","site-sidebar-style":"default","ast-global-header-display":"","ast-banner-title-visibility":"","ast-main-header-display":"","ast-hfb-above-header-display":"","ast-hfb-below-header-display":"","ast-hfb-mobile-header-display":"","site-post-title":"","ast-breadcrumbs-content":"","ast-featured-img":"","footer-sml-layout":"","ast-disable-related-posts":"","theme-transparent-header-meta":"default","adv-header-id-meta":"","stick-header-meta":"","header-above-stick-meta":"","header-main-stick-meta":"","header-below-stick-meta":"","astra-migrate-meta-layouts":"set","ast-page-background-enabled":"default","ast-page-background-meta":{"desktop":{"background-color":"var(--ast-global-color-4)","background-image":"","background-repeat":"repeat","background-position":"center center","background-size":"auto","background-attachment":"scroll","background-type":"","background-media":"","overlay-type":"","overlay-color":"","overlay-opacity":"","overlay-gradient":""},"tablet":{"background-color":"","background-image":"","background-repeat":"repeat","background-position":"center center","background-size":"auto","background-attachment":"scroll","background-type":"","background-media":"","overlay-type":"","overlay-color":"","overlay-opacity":"","overlay-gradient":""},"mobile":{"background-color":"","background-image":"","background-repeat":"repeat","background-position":"center center","background-size":"auto","background-attachment":"scroll","background-type":"","background-media":"","overlay-type":"","overlay-color":"","overlay-opacity":"","overlay-gradient":""}},"ast-content-background-meta":{"desktop":{"background-color":"var(--ast-global-color-5)","background-image":"","background-repeat":"repeat","background-position":"center center","background-size":"auto","background-attachment":"scroll","background-type":"","background-media":"","overlay-type":"","overlay-color":"","overlay-opacity":"","overlay-gradient":""},"tablet":{"background-color":"var(--ast-global-color-5)","background-image":"","background-repeat":"repeat","background-position":"center center","background-size":"auto","background-attachment":"scroll","background-type":"","background-media":"","overlay-type":"","overlay-color":"","overlay-opacity":"","overlay-gradient":""},"mobile":{"background-color":"var(--ast-global-color-5)","background-image":"","background-repeat":"repeat","background-position":"center center","background-size":"auto","background-attachment":"scroll","background-type":"","background-media":"","overlay-type":"","overlay-color":"","overlay-opacity":"","overlay-gradient":""}},"footnotes":""},"class_list":["post-263909","page","type-page","status-publish","has-post-thumbnail","hentry"],"yoast_head":"<!-- This site is optimized with the Yoast SEO plugin v27.5 - https:\/\/yoast.com\/product\/yoast-seo-wordpress\/ -->\n<title>DITA - Trusted Translations, Inc.<\/title>\n<meta name=\"robots\" content=\"index, follow, max-snippet:-1, max-image-preview:large, max-video-preview:-1\" \/>\n<link rel=\"canonical\" href=\"https:\/\/www.trustedtranslations.com\/nl\/diensten\/file-formats\/dita\" \/>\n<meta property=\"og:locale\" content=\"nl_NL\" \/>\n<meta property=\"og:type\" content=\"article\" \/>\n<meta property=\"og:title\" content=\"DITA - Trusted Translations, Inc.\" \/>\n<meta property=\"og:url\" content=\"https:\/\/www.trustedtranslations.com\/nl\/diensten\/file-formats\/dita\" \/>\n<meta property=\"og:site_name\" content=\"Trusted Translations, Inc.\" \/>\n<meta property=\"article:publisher\" content=\"https:\/\/www.facebook.com\/Trusted.Translations\" \/>\n<meta property=\"article:modified_time\" content=\"2024-07-02T20:56:10+00:00\" \/>\n<meta property=\"og:image\" content=\"https:\/\/static.trustedtranslations.com\/wp-content\/uploads\/2024\/07\/dita.webp\" \/>\n\t<meta property=\"og:image:width\" content=\"151\" \/>\n\t<meta property=\"og:image:height\" content=\"151\" \/>\n\t<meta property=\"og:image:type\" content=\"image\/webp\" \/>\n<meta name=\"twitter:card\" content=\"summary_large_image\" \/>\n<meta name=\"twitter:site\" content=\"@TrustedT9ns\" \/>\n<script type=\"application\/ld+json\" class=\"yoast-schema-graph\">{\"@context\":\"https:\\\/\\\/schema.org\",\"@graph\":[{\"@type\":\"WebPage\",\"@id\":\"https:\\\/\\\/www.trustedtranslations.com\\\/nl\\\/diensten\\\/file-formats\\\/dita\",\"url\":\"https:\\\/\\\/www.trustedtranslations.com\\\/nl\\\/diensten\\\/file-formats\\\/dita\",\"name\":\"DITA - Trusted Translations, Inc.\",\"isPartOf\":{\"@id\":\"https:\\\/\\\/www.trustedtranslations.com\\\/nl\\\/#website\"},\"primaryImageOfPage\":{\"@id\":\"https:\\\/\\\/www.trustedtranslations.com\\\/nl\\\/diensten\\\/file-formats\\\/dita#primaryimage\"},\"image\":{\"@id\":\"https:\\\/\\\/www.trustedtranslations.com\\\/nl\\\/diensten\\\/file-formats\\\/dita#primaryimage\"},\"thumbnailUrl\":\"https:\\\/\\\/www.trustedtranslations.com\\\/wp-content\\\/uploads\\\/2024\\\/07\\\/dita.webp\",\"breadcrumb\":{\"@id\":\"https:\\\/\\\/www.trustedtranslations.com\\\/nl\\\/diensten\\\/file-formats\\\/dita#breadcrumb\"},\"inLanguage\":\"nl-NL\",\"potentialAction\":[{\"@type\":\"ReadAction\",\"target\":[\"https:\\\/\\\/www.trustedtranslations.com\\\/nl\\\/diensten\\\/file-formats\\\/dita\"]}]},{\"@type\":\"ImageObject\",\"inLanguage\":\"nl-NL\",\"@id\":\"https:\\\/\\\/www.trustedtranslations.com\\\/nl\\\/diensten\\\/file-formats\\\/dita#primaryimage\",\"url\":\"https:\\\/\\\/www.trustedtranslations.com\\\/wp-content\\\/uploads\\\/2024\\\/07\\\/dita.webp\",\"contentUrl\":\"https:\\\/\\\/www.trustedtranslations.com\\\/wp-content\\\/uploads\\\/2024\\\/07\\\/dita.webp\",\"width\":151,\"height\":151,\"caption\":\"dita\"},{\"@type\":\"BreadcrumbList\",\"@id\":\"https:\\\/\\\/www.trustedtranslations.com\\\/nl\\\/diensten\\\/file-formats\\\/dita#breadcrumb\",\"itemListElement\":[{\"@type\":\"ListItem\",\"position\":1,\"name\":\"Home\",\"item\":\"https:\\\/\\\/www.trustedtranslations.com\\\/nl\"},{\"@type\":\"ListItem\",\"position\":2,\"name\":\"Diensten\",\"item\":\"https:\\\/\\\/www.trustedtranslations.com\\\/nl\\\/diensten\"},{\"@type\":\"ListItem\",\"position\":3,\"name\":\"Bestandsformaten\",\"item\":\"https:\\\/\\\/www.trustedtranslations.com\\\/nl\\\/diensten\\\/file-formats\"},{\"@type\":\"ListItem\",\"position\":4,\"name\":\"DITA\"}]},{\"@type\":\"WebSite\",\"@id\":\"https:\\\/\\\/www.trustedtranslations.com\\\/nl\\\/#website\",\"url\":\"https:\\\/\\\/www.trustedtranslations.com\\\/nl\\\/\",\"name\":\"Trusted Translations, Inc.\",\"description\":\"Leader in translation and interpretation services.\",\"publisher\":{\"@id\":\"https:\\\/\\\/www.trustedtranslations.com\\\/nl\\\/#organization\"},\"alternateName\":\"Trusted Translations\",\"potentialAction\":[{\"@type\":\"SearchAction\",\"target\":{\"@type\":\"EntryPoint\",\"urlTemplate\":\"https:\\\/\\\/www.trustedtranslations.com\\\/nl\\\/?s={search_term_string}\"},\"query-input\":{\"@type\":\"PropertyValueSpecification\",\"valueRequired\":true,\"valueName\":\"search_term_string\"}}],\"inLanguage\":\"nl-NL\"},{\"@type\":\"Organization\",\"@id\":\"https:\\\/\\\/www.trustedtranslations.com\\\/nl\\\/#organization\",\"name\":\"Trusted Translations\",\"alternateName\":\"Trusted Translations, Inc.\",\"url\":\"https:\\\/\\\/www.trustedtranslations.com\\\/nl\\\/\",\"logo\":{\"@type\":\"ImageObject\",\"inLanguage\":\"nl-NL\",\"@id\":\"https:\\\/\\\/www.trustedtranslations.com\\\/nl\\\/#\\\/schema\\\/logo\\\/image\\\/\",\"url\":\"https:\\\/\\\/static.trustedtranslations.com\\\/wp-content\\\/uploads\\\/2022\\\/01\\\/TT_logo_WSIColors-2.png\",\"contentUrl\":\"https:\\\/\\\/static.trustedtranslations.com\\\/wp-content\\\/uploads\\\/2022\\\/01\\\/TT_logo_WSIColors-2.png\",\"width\":500,\"height\":196,\"caption\":\"Trusted Translations\"},\"image\":{\"@id\":\"https:\\\/\\\/www.trustedtranslations.com\\\/nl\\\/#\\\/schema\\\/logo\\\/image\\\/\"},\"sameAs\":[\"https:\\\/\\\/www.facebook.com\\\/Trusted.Translations\",\"https:\\\/\\\/x.com\\\/TrustedT9ns\",\"https:\\\/\\\/www.linkedin.com\\\/company\\\/trusted-translations\"]}]}<\/script>\n<!-- \/ Yoast SEO plugin. -->","yoast_head_json":{"title":"DITA - Trusted Translations, Inc.","robots":{"index":"index","follow":"follow","max-snippet":"max-snippet:-1","max-image-preview":"max-image-preview:large","max-video-preview":"max-video-preview:-1"},"canonical":"https:\/\/www.trustedtranslations.com\/nl\/diensten\/file-formats\/dita","og_locale":"nl_NL","og_type":"article","og_title":"DITA - Trusted Translations, Inc.","og_url":"https:\/\/www.trustedtranslations.com\/nl\/diensten\/file-formats\/dita","og_site_name":"Trusted Translations, Inc.","article_publisher":"https:\/\/www.facebook.com\/Trusted.Translations","article_modified_time":"2024-07-02T20:56:10+00:00","og_image":[{"width":151,"height":151,"url":"https:\/\/static.trustedtranslations.com\/wp-content\/uploads\/2024\/07\/dita.webp","type":"image\/webp"}],"twitter_card":"summary_large_image","twitter_site":"@TrustedT9ns","schema":{"@context":"https:\/\/schema.org","@graph":[{"@type":"WebPage","@id":"https:\/\/www.trustedtranslations.com\/nl\/diensten\/file-formats\/dita","url":"https:\/\/www.trustedtranslations.com\/nl\/diensten\/file-formats\/dita","name":"DITA - Trusted Translations, Inc.","isPartOf":{"@id":"https:\/\/www.trustedtranslations.com\/nl\/#website"},"primaryImageOfPage":{"@id":"https:\/\/www.trustedtranslations.com\/nl\/diensten\/file-formats\/dita#primaryimage"},"image":{"@id":"https:\/\/www.trustedtranslations.com\/nl\/diensten\/file-formats\/dita#primaryimage"},"thumbnailUrl":"https:\/\/www.trustedtranslations.com\/wp-content\/uploads\/2024\/07\/dita.webp","breadcrumb":{"@id":"https:\/\/www.trustedtranslations.com\/nl\/diensten\/file-formats\/dita#breadcrumb"},"inLanguage":"nl-NL","potentialAction":[{"@type":"ReadAction","target":["https:\/\/www.trustedtranslations.com\/nl\/diensten\/file-formats\/dita"]}]},{"@type":"ImageObject","inLanguage":"nl-NL","@id":"https:\/\/www.trustedtranslations.com\/nl\/diensten\/file-formats\/dita#primaryimage","url":"https:\/\/www.trustedtranslations.com\/wp-content\/uploads\/2024\/07\/dita.webp","contentUrl":"https:\/\/www.trustedtranslations.com\/wp-content\/uploads\/2024\/07\/dita.webp","width":151,"height":151,"caption":"dita"},{"@type":"BreadcrumbList","@id":"https:\/\/www.trustedtranslations.com\/nl\/diensten\/file-formats\/dita#breadcrumb","itemListElement":[{"@type":"ListItem","position":1,"name":"Home","item":"https:\/\/www.trustedtranslations.com\/nl"},{"@type":"ListItem","position":2,"name":"Diensten","item":"https:\/\/www.trustedtranslations.com\/nl\/diensten"},{"@type":"ListItem","position":3,"name":"Bestandsformaten","item":"https:\/\/www.trustedtranslations.com\/nl\/diensten\/file-formats"},{"@type":"ListItem","position":4,"name":"DITA"}]},{"@type":"WebSite","@id":"https:\/\/www.trustedtranslations.com\/nl\/#website","url":"https:\/\/www.trustedtranslations.com\/nl\/","name":"Trusted Translations, Inc.","description":"Leader in translation and interpretation services.","publisher":{"@id":"https:\/\/www.trustedtranslations.com\/nl\/#organization"},"alternateName":"Trusted Translations","potentialAction":[{"@type":"SearchAction","target":{"@type":"EntryPoint","urlTemplate":"https:\/\/www.trustedtranslations.com\/nl\/?s={search_term_string}"},"query-input":{"@type":"PropertyValueSpecification","valueRequired":true,"valueName":"search_term_string"}}],"inLanguage":"nl-NL"},{"@type":"Organization","@id":"https:\/\/www.trustedtranslations.com\/nl\/#organization","name":"Trusted Translations","alternateName":"Trusted Translations, Inc.","url":"https:\/\/www.trustedtranslations.com\/nl\/","logo":{"@type":"ImageObject","inLanguage":"nl-NL","@id":"https:\/\/www.trustedtranslations.com\/nl\/#\/schema\/logo\/image\/","url":"https:\/\/static.trustedtranslations.com\/wp-content\/uploads\/2022\/01\/TT_logo_WSIColors-2.png","contentUrl":"https:\/\/static.trustedtranslations.com\/wp-content\/uploads\/2022\/01\/TT_logo_WSIColors-2.png","width":500,"height":196,"caption":"Trusted Translations"},"image":{"@id":"https:\/\/www.trustedtranslations.com\/nl\/#\/schema\/logo\/image\/"},"sameAs":["https:\/\/www.facebook.com\/Trusted.Translations","https:\/\/x.com\/TrustedT9ns","https:\/\/www.linkedin.com\/company\/trusted-translations"]}]}},"toolset-meta":{"dyk":{"mensaje-1":{"type":"textfield","raw":"Onze DITA-vertalingen verbeterden de klanttevredenheid voor een kleine fabrikant."},"mensaje-2":{"type":"textfield","raw":"Een opstartend educatief bedrijf trok diverse studenten aan met meertalige DITA-content."},"mensaje-3":{"type":"textfield","raw":"Trusted Translations heeft een softwarebedrijf geholpen de trainingskosten te verlagen met gelokaliseerde DITA-handleidingen."},"mensaje-4":{"type":"textfield","raw":""},"mensaje-5":{"type":"textfield","raw":""},"mensaje-6":{"type":"textfield","raw":""}},"single-page-template-fields":{"imgs-temp":{"type":"image","raw":["https:\/\/static.trustedtranslations.com\/wp-content\/uploads\/2024\/05\/Group-148.webp"],"repeatable":[{"raw":"https:\/\/static.trustedtranslations.com\/wp-content\/uploads\/2024\/05\/Group-148.webp"}]},"imgs-temp-cel":{"type":"image","raw":[""],"repeatable":[{"raw":""}]},"img-temp-one-cel":{"type":"image","raw":"https:\/\/static.trustedtranslations.com\/wp-content\/uploads\/2024\/05\/dita_logo.webp","attachment_id":null},"quotes":{"type":"textarea","raw":"<h1 style=\"margin-bottom: 12px;\">Dita-vertaaldiensten<\/h1>DITA is de afkorting van Darwin Information Typing Architecture. Het is een op XML gebaseerde architectuur voor het schrijven, beheren, ontwerpen en publiceren van technische content. Het dient als standaard voor het maken van helpsystemen, gebruikershandleidingen en andere soorten technische documentatie. <div style=\"margin-top: 2.5vw;\"><a class=\"tt-btn-main-cta\" href=\"\/nl\/offerte\">Vraag een gratis offerte aan<\/a><\/div>"},"text-1":{"type":"textarea","raw":"<h2 style=\"margin-top: -10px; padding-bottom:20px\">Voordelen van DITA-gebruik.<\/h2>DITA heeft de voorkeur onder technische schrijvers en makers van inhoud vanwege het vermogen om modulaire content mogelijk te maken, waarbij content wordt opgesplitst in kleinere, herbruikbare onderwerpen. Het vergemakkelijkt ook op onderwerp gebaseerd schrijven, waarbij de nadruk ligt op het cre\u00ebren van afzonderlijke onderwerpen in plaats van traditionele lineaire documenten. Bovendien maakt DITA hergebruik van content mogelijk door onderwerpen samen te voegen in verschillende documenten en resultaten, zoals gebruikershandleidingen, helpsystemen en webpagina's. Een van de meest opvallende kenmerken is publiceren vanuit \u00e9\u00e9n bron, waarmee meerdere formaten, waaronder HTML, PDF en EPUB, vanuit \u00e9\u00e9n bron worden gegenereerd. DITA wordt algemeen toegepast in sectoren als software-ontwikkeling, techniek en gezondheidszorg en beheert en publiceert op effici\u00ebnte wijze complexe technische informatie, terwijl consistentie in terminologie, stijl en structuur in de inhoud wordt afgedwongen. DITA maakt gebruik van een breed scala aan DITA-compatibele tools en platforms, die voldoen aan industrienormen en best practices. Het ondersteunt verschillende soorten content, zoals gebruikershandleidingen, helpsystemen en kennisbanken, waardoor grote hoeveelheden content met gemak kunnen worden verwerkt. Bovendien bevordert DITA teamwerk tussen schrijvers, redacteuren en vertalers door inhoud op \u00e9\u00e9n plek bij te werken en wijzigingen door te voeren in alle documenten. Door DITA toe te passen kunnen technisch schrijvers en makers van content hun workflow stroomlijnen, de kwaliteit van de content verbeteren en de productiviteit verhogen."},"shortcode-map":{"type":"textfield","raw":""},"dyk-shortcode":{"type":"textfield","raw":"[elementor-template id=\"146767\"]"},"text-2":{"type":"textarea","raw":"<h2 style=\"padding-bottom:20px\">Belangrijkste componenten van Dita<\/h2>Belangrijke componenten van DITA zijn onder meer kaarten die onderwerpen verzamelen en in een hi\u00ebrarchie samenbrengen. Het behandelt ook verschillende onderwerptypen en cre\u00ebert vooraf gedefinieerde structuren voor algemene soorten content. DITA beschikt ook over de mogelijkheid tot domeinspecialisatie, waarbij sectorspecifieke of op maat gemaakte extensies worden aangeboden. De voordelen van DITA zijn onder meer publicatie vanuit \u00e9\u00e9n bron en effici\u00ebnte updates, waardoor het een populaire keuze is voor technische communicatieteams. DITA gebruikt XML-syntaxis om de contentstructuur en semantiek te defini\u00ebren en wordt veel gebruikt in het onderwijs, de financi\u00eble wereld, de gezondheidszorg, de techniek en software-ontwikkeling. Het is ideaal voor het maken van trainingsmateriaal, productdocumentatie, kennisbanken, technologische gidsen, helpsystemen en gebruikershandleidingen. Door DITA toe te passen kunnen organisaties de kwaliteit van de content verbeteren, de productietijd verkorten en de productiviteit verhogen. DITA biedt een breed scala aan DITA-compatibele tools en platforms, waarbij consistent gebruik wordt gemaakt van vooraf gedefinieerde elementen en kenmerken. Voor sectoren die complexe documentatie gebruiken, zoals software-ontwikkeling, techniek en gezondheidszorg, is DITA de beste optie om te overwegen. Het wordt gebruikt door organisaties als IBM, Microsoft en Oracle om hun processen voor het cre\u00ebren en publiceren van content te stroomlijnen.\r\n\r\nDITA wordt veel gebruikt in e-learning, het uitgeven van boeken en verschillende mediaformaten. Het biedt flexibiliteit, maatwerk en ondersteunt meerdere kanalen, waardoor de samenwerking en schaalbaarheid worden verbeterd. Organisaties kunnen het cre\u00ebren van content stroomlijnen, de kosten verlagen, de effici\u00ebntie verbeteren en de kwaliteit en consistentie garanderen met DITA. Het is ook gebruikelijk in het onderwijs en wordt breed toegepast in sectoren als de gezondheidszorg, IT en sport. Het wijdverbreide gebruik van DITA weerspiegelt de aanzienlijke impact ervan op verschillende aspecten van het leven."},"state":{"type":"textfield","raw":""},"city":{"type":"textarea","raw":[]}}},"_links":{"self":[{"href":"https:\/\/www.trustedtranslations.com\/nl\/wp-json\/wp\/v2\/pages\/263909","targetHints":{"allow":["GET"]}}],"collection":[{"href":"https:\/\/www.trustedtranslations.com\/nl\/wp-json\/wp\/v2\/pages"}],"about":[{"href":"https:\/\/www.trustedtranslations.com\/nl\/wp-json\/wp\/v2\/types\/page"}],"author":[{"embeddable":true,"href":"https:\/\/www.trustedtranslations.com\/nl\/wp-json\/wp\/v2\/users\/1"}],"replies":[{"embeddable":true,"href":"https:\/\/www.trustedtranslations.com\/nl\/wp-json\/wp\/v2\/comments?post=263909"}],"version-history":[{"count":0,"href":"https:\/\/www.trustedtranslations.com\/nl\/wp-json\/wp\/v2\/pages\/263909\/revisions"}],"up":[{"embeddable":true,"href":"https:\/\/www.trustedtranslations.com\/nl\/wp-json\/wp\/v2\/pages\/131021"}],"wp:featuredmedia":[{"embeddable":true,"href":"https:\/\/www.trustedtranslations.com\/nl\/wp-json\/wp\/v2\/media\/267089"}],"wp:attachment":[{"href":"https:\/\/www.trustedtranslations.com\/nl\/wp-json\/wp\/v2\/media?parent=263909"}],"curies":[{"name":"wp","href":"https:\/\/api.w.org\/{rel}","templated":true}]}}