{"id":134819,"date":"2019-10-31T13:57:54","date_gmt":"2019-10-31T13:57:54","guid":{"rendered":"https:\/\/www.trustedtranslations.com\/?page_id=134819"},"modified":"2024-09-03T15:45:44","modified_gmt":"2024-09-03T18:45:44","slug":"elearning-e-localizacao","status":"publish","type":"page","link":"https:\/\/www.trustedtranslations.com\/pt-br\/setores\/elearning-e-localizacao","title":{"rendered":"eLearning"},"content":{"rendered":"","protected":false},"excerpt":{"rendered":"","protected":false},"author":1,"featured_media":139632,"parent":135074,"menu_order":0,"comment_status":"closed","ping_status":"closed","template":"","meta":{"site-sidebar-layout":"default","site-content-layout":"default","ast-site-content-layout":"default","site-content-style":"default","site-sidebar-style":"default","ast-global-header-display":"","ast-banner-title-visibility":"","ast-main-header-display":"","ast-hfb-above-header-display":"","ast-hfb-below-header-display":"","ast-hfb-mobile-header-display":"","site-post-title":"disabled","ast-breadcrumbs-content":"","ast-featured-img":"","footer-sml-layout":"","ast-disable-related-posts":"","theme-transparent-header-meta":"default","adv-header-id-meta":"","stick-header-meta":"","header-above-stick-meta":"","header-main-stick-meta":"","header-below-stick-meta":"","astra-migrate-meta-layouts":"set","ast-page-background-enabled":"default","ast-page-background-meta":{"desktop":{"background-color":"var(--ast-global-color-4)","background-image":"","background-repeat":"repeat","background-position":"center center","background-size":"auto","background-attachment":"scroll","background-type":"","background-media":"","overlay-type":"","overlay-color":"","overlay-opacity":"","overlay-gradient":""},"tablet":{"background-color":"","background-image":"","background-repeat":"repeat","background-position":"center center","background-size":"auto","background-attachment":"scroll","background-type":"","background-media":"","overlay-type":"","overlay-color":"","overlay-opacity":"","overlay-gradient":""},"mobile":{"background-color":"","background-image":"","background-repeat":"repeat","background-position":"center center","background-size":"auto","background-attachment":"scroll","background-type":"","background-media":"","overlay-type":"","overlay-color":"","overlay-opacity":"","overlay-gradient":""}},"ast-content-background-meta":{"desktop":{"background-color":"var(--ast-global-color-5)","background-image":"","background-repeat":"repeat","background-position":"center center","background-size":"auto","background-attachment":"scroll","background-type":"","background-media":"","overlay-type":"","overlay-color":"","overlay-opacity":"","overlay-gradient":""},"tablet":{"background-color":"var(--ast-global-color-5)","background-image":"","background-repeat":"repeat","background-position":"center center","background-size":"auto","background-attachment":"scroll","background-type":"","background-media":"","overlay-type":"","overlay-color":"","overlay-opacity":"","overlay-gradient":""},"mobile":{"background-color":"var(--ast-global-color-5)","background-image":"","background-repeat":"repeat","background-position":"center center","background-size":"auto","background-attachment":"scroll","background-type":"","background-media":"","overlay-type":"","overlay-color":"","overlay-opacity":"","overlay-gradient":""}},"footnotes":""},"class_list":["post-134819","page","type-page","status-publish","has-post-thumbnail","hentry"],"yoast_head":"<!-- This site is optimized with the Yoast SEO plugin v27.3 - https:\/\/yoast.com\/product\/yoast-seo-wordpress\/ -->\n<title>Servi\u00e7os de tradu\u00e7\u00e3o e localiza\u00e7\u00e3o de eLearning - Trusted Translations, Inc.<\/title>\n<meta name=\"description\" content=\"A Trusted Translations oferece servi\u00e7os especializados de tradu\u00e7\u00e3o e localiza\u00e7\u00e3o para eLearning em todos os formatos, de todos e para todos os idiomas. Consulta ou or\u00e7amento gratuitos.\" \/>\n<meta name=\"robots\" content=\"index, follow, max-snippet:-1, max-image-preview:large, max-video-preview:-1\" \/>\n<link rel=\"canonical\" href=\"https:\/\/www.trustedtranslations.com\/pt-br\/setores\/elearning-e-localizacao\" \/>\n<meta property=\"og:locale\" content=\"pt_BR\" \/>\n<meta property=\"og:type\" content=\"article\" \/>\n<meta property=\"og:title\" content=\"Servi\u00e7os de tradu\u00e7\u00e3o e localiza\u00e7\u00e3o de eLearning - Trusted Translations, Inc.\" \/>\n<meta property=\"og:description\" content=\"A Trusted Translations oferece servi\u00e7os especializados de tradu\u00e7\u00e3o e localiza\u00e7\u00e3o para eLearning em todos os formatos, de todos e para todos os idiomas. Consulta ou or\u00e7amento gratuitos.\" \/>\n<meta property=\"og:url\" content=\"https:\/\/www.trustedtranslations.com\/pt-br\/setores\/elearning-e-localizacao\" \/>\n<meta property=\"og:site_name\" content=\"Trusted Translations, Inc.\" \/>\n<meta property=\"article:publisher\" content=\"https:\/\/www.facebook.com\/Trusted.Translations\" \/>\n<meta property=\"article:modified_time\" content=\"2024-09-03T18:45:44+00:00\" \/>\n<meta property=\"og:image\" content=\"https:\/\/static.trustedtranslations.com\/wp-content\/uploads\/2022\/03\/TT_NEW_FB-1.png\" \/>\n\t<meta property=\"og:image:width\" content=\"1038\" \/>\n\t<meta property=\"og:image:height\" content=\"1038\" \/>\n\t<meta property=\"og:image:type\" content=\"image\/png\" \/>\n<meta name=\"twitter:card\" content=\"summary_large_image\" \/>\n<meta name=\"twitter:site\" content=\"@TrustedT9ns\" \/>\n<script type=\"application\/ld+json\" class=\"yoast-schema-graph\">{\"@context\":\"https:\\\/\\\/schema.org\",\"@graph\":[{\"@type\":\"WebPage\",\"@id\":\"https:\\\/\\\/www.trustedtranslations.com\\\/pt-br\\\/setores\\\/elearning-e-localizacao\",\"url\":\"https:\\\/\\\/www.trustedtranslations.com\\\/pt-br\\\/setores\\\/elearning-e-localizacao\",\"name\":\"Servi\u00e7os de tradu\u00e7\u00e3o e localiza\u00e7\u00e3o de eLearning - Trusted Translations, Inc.\",\"isPartOf\":{\"@id\":\"https:\\\/\\\/www.trustedtranslations.com\\\/pt-br\\\/#website\"},\"primaryImageOfPage\":{\"@id\":\"https:\\\/\\\/www.trustedtranslations.com\\\/pt-br\\\/setores\\\/elearning-e-localizacao#primaryimage\"},\"image\":{\"@id\":\"https:\\\/\\\/www.trustedtranslations.com\\\/pt-br\\\/setores\\\/elearning-e-localizacao#primaryimage\"},\"thumbnailUrl\":\"https:\\\/\\\/www.trustedtranslations.com\\\/wp-content\\\/uploads\\\/2022\\\/03\\\/TT_NEW_FB-1.png\",\"description\":\"A Trusted Translations oferece servi\u00e7os especializados de tradu\u00e7\u00e3o e localiza\u00e7\u00e3o para eLearning em todos os formatos, de todos e para todos os idiomas. Consulta ou or\u00e7amento gratuitos.\",\"breadcrumb\":{\"@id\":\"https:\\\/\\\/www.trustedtranslations.com\\\/pt-br\\\/setores\\\/elearning-e-localizacao#breadcrumb\"},\"inLanguage\":\"pt-BR\",\"potentialAction\":[{\"@type\":\"ReadAction\",\"target\":[\"https:\\\/\\\/www.trustedtranslations.com\\\/pt-br\\\/setores\\\/elearning-e-localizacao\"]}]},{\"@type\":\"ImageObject\",\"inLanguage\":\"pt-BR\",\"@id\":\"https:\\\/\\\/www.trustedtranslations.com\\\/pt-br\\\/setores\\\/elearning-e-localizacao#primaryimage\",\"url\":\"https:\\\/\\\/www.trustedtranslations.com\\\/wp-content\\\/uploads\\\/2022\\\/03\\\/TT_NEW_FB-1.png\",\"contentUrl\":\"https:\\\/\\\/www.trustedtranslations.com\\\/wp-content\\\/uploads\\\/2022\\\/03\\\/TT_NEW_FB-1.png\",\"width\":1038,\"height\":1038,\"caption\":\"TT NEW FB 1\"},{\"@type\":\"BreadcrumbList\",\"@id\":\"https:\\\/\\\/www.trustedtranslations.com\\\/pt-br\\\/setores\\\/elearning-e-localizacao#breadcrumb\",\"itemListElement\":[{\"@type\":\"ListItem\",\"position\":1,\"name\":\"Home\",\"item\":\"https:\\\/\\\/www.trustedtranslations.com\\\/pt-br\"},{\"@type\":\"ListItem\",\"position\":2,\"name\":\"Experi\u00eancia no setor\",\"item\":\"https:\\\/\\\/www.trustedtranslations.com\\\/pt-br\\\/setores\"},{\"@type\":\"ListItem\",\"position\":3,\"name\":\"eLearning\"}]},{\"@type\":\"WebSite\",\"@id\":\"https:\\\/\\\/www.trustedtranslations.com\\\/pt-br\\\/#website\",\"url\":\"https:\\\/\\\/www.trustedtranslations.com\\\/pt-br\\\/\",\"name\":\"Trusted Translations, Inc.\",\"description\":\"Leader in translation and interpretation services.\",\"publisher\":{\"@id\":\"https:\\\/\\\/www.trustedtranslations.com\\\/pt-br\\\/#organization\"},\"alternateName\":\"Trusted Translations\",\"potentialAction\":[{\"@type\":\"SearchAction\",\"target\":{\"@type\":\"EntryPoint\",\"urlTemplate\":\"https:\\\/\\\/www.trustedtranslations.com\\\/pt-br\\\/?s={search_term_string}\"},\"query-input\":{\"@type\":\"PropertyValueSpecification\",\"valueRequired\":true,\"valueName\":\"search_term_string\"}}],\"inLanguage\":\"pt-BR\"},{\"@type\":\"Organization\",\"@id\":\"https:\\\/\\\/www.trustedtranslations.com\\\/pt-br\\\/#organization\",\"name\":\"Trusted Translations\",\"alternateName\":\"Trusted Translations, Inc.\",\"url\":\"https:\\\/\\\/www.trustedtranslations.com\\\/pt-br\\\/\",\"logo\":{\"@type\":\"ImageObject\",\"inLanguage\":\"pt-BR\",\"@id\":\"https:\\\/\\\/www.trustedtranslations.com\\\/pt-br\\\/#\\\/schema\\\/logo\\\/image\\\/\",\"url\":\"https:\\\/\\\/static.trustedtranslations.com\\\/wp-content\\\/uploads\\\/2022\\\/01\\\/TT_logo_WSIColors-2.png\",\"contentUrl\":\"https:\\\/\\\/static.trustedtranslations.com\\\/wp-content\\\/uploads\\\/2022\\\/01\\\/TT_logo_WSIColors-2.png\",\"width\":500,\"height\":196,\"caption\":\"Trusted Translations\"},\"image\":{\"@id\":\"https:\\\/\\\/www.trustedtranslations.com\\\/pt-br\\\/#\\\/schema\\\/logo\\\/image\\\/\"},\"sameAs\":[\"https:\\\/\\\/www.facebook.com\\\/Trusted.Translations\",\"https:\\\/\\\/x.com\\\/TrustedT9ns\",\"https:\\\/\\\/www.linkedin.com\\\/company\\\/trusted-translations\"]}]}<\/script>\n<!-- \/ Yoast SEO plugin. -->","yoast_head_json":{"title":"Servi\u00e7os de tradu\u00e7\u00e3o e localiza\u00e7\u00e3o de eLearning - Trusted Translations, Inc.","description":"A Trusted Translations oferece servi\u00e7os especializados de tradu\u00e7\u00e3o e localiza\u00e7\u00e3o para eLearning em todos os formatos, de todos e para todos os idiomas. Consulta ou or\u00e7amento gratuitos.","robots":{"index":"index","follow":"follow","max-snippet":"max-snippet:-1","max-image-preview":"max-image-preview:large","max-video-preview":"max-video-preview:-1"},"canonical":"https:\/\/www.trustedtranslations.com\/pt-br\/setores\/elearning-e-localizacao","og_locale":"pt_BR","og_type":"article","og_title":"Servi\u00e7os de tradu\u00e7\u00e3o e localiza\u00e7\u00e3o de eLearning - Trusted Translations, Inc.","og_description":"A Trusted Translations oferece servi\u00e7os especializados de tradu\u00e7\u00e3o e localiza\u00e7\u00e3o para eLearning em todos os formatos, de todos e para todos os idiomas. Consulta ou or\u00e7amento gratuitos.","og_url":"https:\/\/www.trustedtranslations.com\/pt-br\/setores\/elearning-e-localizacao","og_site_name":"Trusted Translations, Inc.","article_publisher":"https:\/\/www.facebook.com\/Trusted.Translations","article_modified_time":"2024-09-03T18:45:44+00:00","og_image":[{"width":1038,"height":1038,"url":"https:\/\/static.trustedtranslations.com\/wp-content\/uploads\/2022\/03\/TT_NEW_FB-1.png","type":"image\/png"}],"twitter_card":"summary_large_image","twitter_site":"@TrustedT9ns","schema":{"@context":"https:\/\/schema.org","@graph":[{"@type":"WebPage","@id":"https:\/\/www.trustedtranslations.com\/pt-br\/setores\/elearning-e-localizacao","url":"https:\/\/www.trustedtranslations.com\/pt-br\/setores\/elearning-e-localizacao","name":"Servi\u00e7os de tradu\u00e7\u00e3o e localiza\u00e7\u00e3o de eLearning - Trusted Translations, Inc.","isPartOf":{"@id":"https:\/\/www.trustedtranslations.com\/pt-br\/#website"},"primaryImageOfPage":{"@id":"https:\/\/www.trustedtranslations.com\/pt-br\/setores\/elearning-e-localizacao#primaryimage"},"image":{"@id":"https:\/\/www.trustedtranslations.com\/pt-br\/setores\/elearning-e-localizacao#primaryimage"},"thumbnailUrl":"https:\/\/www.trustedtranslations.com\/wp-content\/uploads\/2022\/03\/TT_NEW_FB-1.png","description":"A Trusted Translations oferece servi\u00e7os especializados de tradu\u00e7\u00e3o e localiza\u00e7\u00e3o para eLearning em todos os formatos, de todos e para todos os idiomas. Consulta ou or\u00e7amento gratuitos.","breadcrumb":{"@id":"https:\/\/www.trustedtranslations.com\/pt-br\/setores\/elearning-e-localizacao#breadcrumb"},"inLanguage":"pt-BR","potentialAction":[{"@type":"ReadAction","target":["https:\/\/www.trustedtranslations.com\/pt-br\/setores\/elearning-e-localizacao"]}]},{"@type":"ImageObject","inLanguage":"pt-BR","@id":"https:\/\/www.trustedtranslations.com\/pt-br\/setores\/elearning-e-localizacao#primaryimage","url":"https:\/\/www.trustedtranslations.com\/wp-content\/uploads\/2022\/03\/TT_NEW_FB-1.png","contentUrl":"https:\/\/www.trustedtranslations.com\/wp-content\/uploads\/2022\/03\/TT_NEW_FB-1.png","width":1038,"height":1038,"caption":"TT NEW FB 1"},{"@type":"BreadcrumbList","@id":"https:\/\/www.trustedtranslations.com\/pt-br\/setores\/elearning-e-localizacao#breadcrumb","itemListElement":[{"@type":"ListItem","position":1,"name":"Home","item":"https:\/\/www.trustedtranslations.com\/pt-br"},{"@type":"ListItem","position":2,"name":"Experi\u00eancia no setor","item":"https:\/\/www.trustedtranslations.com\/pt-br\/setores"},{"@type":"ListItem","position":3,"name":"eLearning"}]},{"@type":"WebSite","@id":"https:\/\/www.trustedtranslations.com\/pt-br\/#website","url":"https:\/\/www.trustedtranslations.com\/pt-br\/","name":"Trusted Translations, Inc.","description":"Leader in translation and interpretation services.","publisher":{"@id":"https:\/\/www.trustedtranslations.com\/pt-br\/#organization"},"alternateName":"Trusted Translations","potentialAction":[{"@type":"SearchAction","target":{"@type":"EntryPoint","urlTemplate":"https:\/\/www.trustedtranslations.com\/pt-br\/?s={search_term_string}"},"query-input":{"@type":"PropertyValueSpecification","valueRequired":true,"valueName":"search_term_string"}}],"inLanguage":"pt-BR"},{"@type":"Organization","@id":"https:\/\/www.trustedtranslations.com\/pt-br\/#organization","name":"Trusted Translations","alternateName":"Trusted Translations, Inc.","url":"https:\/\/www.trustedtranslations.com\/pt-br\/","logo":{"@type":"ImageObject","inLanguage":"pt-BR","@id":"https:\/\/www.trustedtranslations.com\/pt-br\/#\/schema\/logo\/image\/","url":"https:\/\/static.trustedtranslations.com\/wp-content\/uploads\/2022\/01\/TT_logo_WSIColors-2.png","contentUrl":"https:\/\/static.trustedtranslations.com\/wp-content\/uploads\/2022\/01\/TT_logo_WSIColors-2.png","width":500,"height":196,"caption":"Trusted Translations"},"image":{"@id":"https:\/\/www.trustedtranslations.com\/pt-br\/#\/schema\/logo\/image\/"},"sameAs":["https:\/\/www.facebook.com\/Trusted.Translations","https:\/\/x.com\/TrustedT9ns","https:\/\/www.linkedin.com\/company\/trusted-translations"]}]}},"toolset-meta":{"dyk":{"mensaje-1":{"type":"textfield","raw":"A Trusted Translations pode localizar qualquer solu\u00e7\u00e3o de eLearning preservando seu formato original."},"mensaje-2":{"type":"textfield","raw":"A Trusted Translations \u00e9 l\u00edder na tradu\u00e7\u00e3o e localiza\u00e7\u00e3o de solu\u00e7\u00f5es de eLearning."},"mensaje-3":{"type":"textfield","raw":"As solu\u00e7\u00f5es de eLearning s\u00e3o uma escolha cada vez mais popular para treinar for\u00e7as de trabalho multil\u00edngues."},"mensaje-4":{"type":"textfield","raw":"A reten\u00e7\u00e3o do eLearning aumenta drasticamente quando apresentada no idioma nativo do aluno."},"mensaje-5":{"type":"textfield","raw":""},"mensaje-6":{"type":"textfield","raw":""}},"single-page-template-fields":{"imgs-temp":{"type":"image","raw":["https:\/\/static.trustedtranslations.com\/wp-content\/uploads\/2024\/05\/elearning-final-1.webp","https:\/\/static.trustedtranslations.com\/wp-content\/uploads\/2024\/05\/elearning-final-2-1.webp"],"repeatable":[{"raw":"https:\/\/static.trustedtranslations.com\/wp-content\/uploads\/2024\/05\/elearning-final-1.webp"},{"raw":"https:\/\/static.trustedtranslations.com\/wp-content\/uploads\/2024\/05\/elearning-final-2-1.webp"}]},"imgs-temp-cel":{"type":"image","raw":[""],"repeatable":[{"raw":""}]},"img-temp-one-cel":{"type":"image","raw":"https:\/\/static.trustedtranslations.com\/wp-content\/uploads\/2024\/05\/young-asia-financial-student-lad.webp","attachment_id":null},"quotes":{"type":"textarea","raw":"<h1 style=\"margin-bottom: 12px;\">Servi\u00e7os de tradu\u00e7\u00e3o de e-learning<\/h1>O eLearning \u00e9 um setor em r\u00e1pida expans\u00e3o, com enorme potencial inexplorado em muitos mercados onde o ingl\u00eas n\u00e3o \u00e9 o idioma dominante. Para ajud\u00e1-lo a alcan\u00e7ar esses mercados, a Trusted Translations possui uma equipe de profissionais dedicados para traduzir, localizar e at\u00e9 mesmo criar recursos de eLearning em qualquer formato, para qualquer idioma.<div style=\"margin-top: 2.5vw;\"><a class=\"tt-btn-main-cta\" href=\"\/pt-br\/solicitud-orcamento\">SOLICITE UM OR\u00c7AMENTO GRATUITO<\/a><\/div>"},"text-1":{"type":"textarea","raw":"<h2 style=\"margin-bottom:20px\">Integra\u00e7\u00e3o e treinamento multil\u00edngues<\/h2>\r\nPor que o eLearning? A globaliza\u00e7\u00e3o est\u00e1 mudando a maneira como as pessoas fazem neg\u00f3cios, abrindo novos mercados e for\u00e7as de trabalho, os quais devem ser integrados para maximizar seu potencial. A maioria das grandes empresas (e muitas das menores) tem\u2013ou deseja ter\u2013um alcance multinacional, o que significa que elas tamb\u00e9m devem adotar uma abordagem multil\u00edngue e multicultural.\r\n\r\n<img class=\"wp-image-99011 alignright\" src=\"https:\/\/static.trustedtranslations.com\/wp-content\/uploads\/2022\/01\/e-learning-online-education-student-university-concept-1-1-1-300x200.png\" alt=\"\" width=\"500\" height=\"334\" \/>O eLearning \u00e9 o m\u00e9todo ideal para integra\u00e7\u00e3o, treinamento e instru\u00e7\u00e3o de for\u00e7as de trabalho multiculturais e multil\u00edngues em todo o mundo. Isso nunca foi t\u00e3o verdadeiro quanto nos \u00faltimos anos; com um n\u00famero cada vez maior de setores migrando para um regime de trabalho h\u00edbrido ou totalmente remoto, eles exigiram novas adapta\u00e7\u00f5es inovadoras para recrutar, reter e treinar os melhores talentos. Com a localiza\u00e7\u00e3o geogr\u00e1fica representando hoje uma barreira muito menor para os funcion\u00e1rios, as empresas ampliaram suas redes para incluir profissionais de v\u00e1rios idiomas, pa\u00edses e origens culturais.\r\n\r\nCom a ajuda dos especialistas em localiza\u00e7\u00e3o qualificados da <em>Trusted Translations<\/em>, os programas de eLearning podem capacitar os funcion\u00e1rios a expandir e desenvolver suas habilidades. Por sua vez, isso ajuda a aumentar a produtividade geral\u2013para qualquer for\u00e7a de trabalho, em qualquer lugar do mundo, em qualquer idioma. Do treinamento padr\u00e3o em ferramentas de produtividade, como Office e Adobe Creative Suite, at\u00e9 cursos especializados sobre seguran\u00e7a, habilidades interpessoais, alfabetiza\u00e7\u00e3o t\u00e9cnica e muito mais, os servi\u00e7os de localiza\u00e7\u00e3o de eLearning da <em>Trusted Translations<\/em> podem ajudar as empresas a reduzir seus custos, melhorar a produtividade e expandir seus recursos humanos dispon\u00edveis."},"shortcode-map":{"type":"textfield","raw":""},"dyk-shortcode":{"type":"textfield","raw":"[elementor-template id=\"147273\"]"},"text-2":{"type":"textarea","raw":"<h2 style=\"margin-bottom:20px\">Servi\u00e7os de localiza\u00e7\u00e3o em eLearning<\/h2>\r\n<img class=\"alignright wp-image-99012\" src=\"https:\/\/static.trustedtranslations.com\/wp-content\/uploads\/2022\/01\/e-book-online-learning-education-knowledge-graphic-1-1-1-300x200.png\" alt=\"\" width=\"500\" height=\"334\" \/>\r\nH\u00e1 mais no eLearning do que texto\u2013muito mais\u2013o que significa que h\u00e1 mais na localiza\u00e7\u00e3o em eLearning do que o simples ato de traduzir esse texto. V\u00eddeos, ferramentas de engajamento, cen\u00e1rios interativos e uma variedade de outros recursos multim\u00eddia s\u00e3o apenas algumas das op\u00e7\u00f5es inclu\u00eddas nas experi\u00eancias de eLearning de ponta hoje em dia. Obviamente, com tantos recursos dispon\u00edveis, \u00e9 essencial trabalhar com uma equipe preparada para executar cada elemento de um programa de eLearning com alto padr\u00e3o.\r\n\r\nGra\u00e7as \u00e0s nossas equipes integradas de linguistas, designers gr\u00e1ficos, dubladores e outros especialistas em multim\u00eddia, a <em>Trusted Translations<\/em> pode entregar recursos de eLearning prontos para serem implantados aos nossos valiosos clientes.\r\n\r\nEstas s\u00e3o apenas algumas das muitas solu\u00e7\u00f5es modernas de eLearning que a <em>Trusted Translations<\/em> entrega a clientes satisfeitos:\r\n\r\n    <div class=\"elearning-container\">\r\n        <div>\r\n            <i class=\"fa fa-video-camera fa-3\" aria-hidden=\"true\"><\/i>\r\n            <h4 style=\"text-align: center;\">V\u00eddeos de aprendizagem<\/h4>\r\n        <\/div>\r\n        <div>\r\n            <i class=\"fa fa-users fa-3\" aria-hidden=\"true\"><\/i>\r\n            <h4 style=\"text-align: center;\">Cen\u00e1rios interativos<\/h4>\r\n        <\/div>\r\n        <div>\r\n            <i class=\"fa fa-file-pdf-o fa-3\" aria-hidden=\"true\"><\/i>\r\n            <h4 style=\"text-align: center;\">Infogr\u00e1ficos, PDFs interativos<\/h4>\r\n        <\/div>\r\n        <div>\r\n            <i class=\"fa fa-mouse-pointer fa-3\" aria-hidden=\"true\"><\/i>\r\n            <h4 style=\"text-align: center;\">Narrativa (Storytelling)<\/h4>\r\n        <\/div>\r\n        <div>\r\n            <i class=\"fa fa-desktop fa-3\" aria-hidden=\"true\"><\/i>\r\n            <h4 style=\"text-align: center;\">Programas de aprendizagem mista<\/h4>\r\n        <\/div>\r\n        <div>\r\n            <i class=\"fa fa-pencil-square-o fa-3\" aria-hidden=\"true\"><\/i>\r\n            <h4 style=\"text-align: center;\">Cursos de eLearning<\/h4>\r\n        <\/div>\r\n    <\/div>\r\n\r\n<h2 style=\"margin-bottom:20px\">Experi\u00eancia em eLearning da <em>Trusted Translations<\/em><\/h2>\r\nAgilidade, inova\u00e7\u00e3o, integridade e um compromisso incans\u00e1vel com a satisfa\u00e7\u00e3o do cliente s\u00e3o essenciais em tudo que fazemos na <i><em>Trusted Translations<\/em><\/i>. Nossos apaixonados linguistas, designers gr\u00e1ficos, especialistas em multim\u00eddia e especialistas em vendas e atendimento ao cliente trabalham juntos para fornecer conte\u00fado personalizado e de alta qualidade h\u00e1 mais de 15 anos.\r\n\r\nQuando voc\u00ea trabalha com a <em>Trusted Translations<\/em>, essa equipe de profissionais dedicados est\u00e1 \u00e0 sua disposi\u00e7\u00e3o do in\u00edcio ao fim\u2014do planejamento \u00e0 entrega. Entre em contato com a <em>Trusted Translations<\/em> para todas as suas necessidades de tradu\u00e7\u00e3o e localiza\u00e7\u00e3o em eLearning, sejam elas grandes ou pequenas."},"state":{"type":"textfield","raw":""},"city":{"type":"textarea","raw":[]}}},"_links":{"self":[{"href":"https:\/\/www.trustedtranslations.com\/pt-br\/wp-json\/wp\/v2\/pages\/134819","targetHints":{"allow":["GET"]}}],"collection":[{"href":"https:\/\/www.trustedtranslations.com\/pt-br\/wp-json\/wp\/v2\/pages"}],"about":[{"href":"https:\/\/www.trustedtranslations.com\/pt-br\/wp-json\/wp\/v2\/types\/page"}],"author":[{"embeddable":true,"href":"https:\/\/www.trustedtranslations.com\/pt-br\/wp-json\/wp\/v2\/users\/1"}],"replies":[{"embeddable":true,"href":"https:\/\/www.trustedtranslations.com\/pt-br\/wp-json\/wp\/v2\/comments?post=134819"}],"version-history":[{"count":0,"href":"https:\/\/www.trustedtranslations.com\/pt-br\/wp-json\/wp\/v2\/pages\/134819\/revisions"}],"up":[{"embeddable":true,"href":"https:\/\/www.trustedtranslations.com\/pt-br\/wp-json\/wp\/v2\/pages\/135074"}],"wp:featuredmedia":[{"embeddable":true,"href":"https:\/\/www.trustedtranslations.com\/pt-br\/wp-json\/wp\/v2\/media\/139632"}],"wp:attachment":[{"href":"https:\/\/www.trustedtranslations.com\/pt-br\/wp-json\/wp\/v2\/media?parent=134819"}],"curies":[{"name":"wp","href":"https:\/\/api.w.org\/{rel}","templated":true}]}}