{"id":134822,"date":"2019-10-31T11:29:09","date_gmt":"2019-10-31T11:29:09","guid":{"rendered":"https:\/\/www.trustedtranslations.com\/?page_id=134822"},"modified":"2023-10-02T16:53:18","modified_gmt":"2023-10-02T19:53:18","slug":"termos-e-condicoes","status":"publish","type":"page","link":"https:\/\/www.trustedtranslations.com\/pt-br\/termos-e-condicoes","title":{"rendered":"Termos e condi\u00e7\u00f5es"},"content":{"rendered":"\t\t<div data-elementor-type=\"wp-page\" data-elementor-id=\"134822\" class=\"elementor elementor-134822 elementor-6530\" data-elementor-post-type=\"page\">\n\t\t\t\t\t\t<section class=\"elementor-section elementor-top-section elementor-element elementor-element-33afa600 elementor-section-boxed elementor-section-height-default elementor-section-height-default\" data-id=\"33afa600\" data-element_type=\"section\" data-e-type=\"section\">\n\t\t\t\t\t\t<div class=\"elementor-container elementor-column-gap-default\">\n\t\t\t\t\t<div class=\"elementor-column elementor-col-100 elementor-top-column elementor-element elementor-element-67bc1785\" data-id=\"67bc1785\" data-element_type=\"column\" data-e-type=\"column\">\n\t\t\t<div class=\"elementor-widget-wrap elementor-element-populated\">\n\t\t\t\t\t\t<div class=\"elementor-element elementor-element-53f01c37 elementor-widget elementor-widget-text-editor\" data-id=\"53f01c37\" data-element_type=\"widget\" data-e-type=\"widget\" data-widget_type=\"text-editor.default\">\n\t\t\t\t\t\t\t\t\t<h1><em><em><em>Trusted Translations<\/em><\/em><\/em> &#8211; Termos e Condi\u00e7\u00f5es<\/h1><p>A <em><em><em>Trusted Translations<\/em><\/em><\/em> (\u201cTTI\u201d) fornecer\u00e1 ao cliente a tradu\u00e7\u00e3o do seu texto enviado, conforme solicitado pelo cliente, sujeito aos seguintes termos e condi\u00e7\u00f5es.<\/p><h2>Conclus\u00e3o do Trabalho<\/h2><p>A TTI concluir\u00e1 o projeto de forma profissional e com qualidade, com razo\u00e1vel rapidez e dilig\u00eancia, conforme acordado com o cliente. A TTI fornecer\u00e1 uma qualidade igual ou superior aos padr\u00f5es do setor ou conforme acordado pelas partes.<\/p><h2>Confidencialidade<\/h2><p>&#8220;Informa\u00e7\u00f5es Confidenciais&#8221; significa todas as informa\u00e7\u00f5es divulgadas \u00e0 ou obtidas pela TTI que n\u00e3o estejam dispon\u00edveis publicamente, e que se relacionam com produtos, programas e atividades comerciais passadas, presentes ou futuras ou consumidores clientes. A TTI manter\u00e1 todas as Informa\u00e7\u00f5es Confidenciais em sigilo e confid\u00eancia para o cliente e n\u00e3o usar\u00e1 Informa\u00e7\u00f5es Confidenciais para nada al\u00e9m do benef\u00edcio do cliente e, exceto se autorizado pelo cliente por escrito, a TTI n\u00e3o divulgar\u00e1 tais Informa\u00e7\u00f5es Confidenciais, por publica\u00e7\u00e3o ou outra forma, para qualquer pessoa que n\u00e3o seja funcion\u00e1rio da TTI e pessoas necess\u00e1rias para concluir o projeto do cliente.<\/p><h2>Propriedade<\/h2><p>Todos os gr\u00e1ficos, documentos, transcri\u00e7\u00f5es, arquivos de computador e eletr\u00f4nicos relacionados ao Projeto desenvolvido pela TTI para o cliente ser\u00e3o considerados trabalho contratado e ser\u00e3o de propriedade \u00fanica e exclusiva do cliente. A TTI fornecer\u00e1 todo o trabalho contratado ao cliente mediante solicita\u00e7\u00e3o e n\u00e3o ir\u00e1 utiliz\u00e1-lo para si ou para terceiros sem a autoriza\u00e7\u00e3o por escrito do cliente. O Cliente ter\u00e1 o direito de obter o registo de copyright, do total ou parte do trabalho contratado e do seu pr\u00f3prio nome, e dever\u00e1 possuir todos os copyrights e quaisquer outros direitos de propriedade intelectual para o mesmo.<\/p><h2>Contratado Independente<\/h2><p>A TTI declara que \u00e9 um contratado independente e n\u00e3o \u00e9 um agente ou funcion\u00e1rio do cliente ou de qualquer outra parte. A TTI cumprir\u00e1 todas as leis aplic\u00e1veis \u200b\u200bde remunera\u00e7\u00e3o e desemprego do trabalhador e todas as outras leis, regras e regulamentos aos quais est\u00e1 sujeita.<\/p><h2>Arbitragem<\/h2><p>Todo e qualquer lit\u00edgio decorrente ou relacionado com este contrato dever\u00e1 ser resolvido amig\u00e1vel e prontamente mediante consulta \u00e0s partes, mas, em caso de n\u00e3o se chegar a um consenso no prazo de quarenta e cinco dias ap\u00f3s uma notifica\u00e7\u00e3o por escrito do lit\u00edgio, a quest\u00e3o ser\u00e1 resolvida por arbitragem. A arbitragem ser\u00e1 conduzida na Comunidade da Virg\u00ednia ou em outro local acordado pelas partes segundo as regras da American Arbitration Association. Os custos de arbitragem devem ser arcados igualmente pelas partes. Qualquer senten\u00e7a arbitral poder\u00e1 ser executada por qualquer tribunal com jurisdi\u00e7\u00e3o.<\/p><h2>Acordo Completo<\/h2><p>Esta carta cont\u00e9m todo o entendimento das partes e substitui todos os acordos e entendimentos anteriores entre cliente e a TTI. Nenhum entendimento, altera\u00e7\u00e3o ou mudan\u00e7a nos termos e condi\u00e7\u00f5es deste contrato ser\u00e1 v\u00e1lido ou vinculante para qualquer das partes, a menos que seja passado por escrito e assinado pelas partes. Este contrato ser\u00e1 interpretado e regido pelas leis da Virg\u00ednia.<\/p><h2>Condi\u00e7\u00f5es<\/h2><p>Como as tradu\u00e7\u00f5es s\u00e3o um processo subjetivo, pelo qual um indiv\u00edduo pode expressar o mesmo significado usando diferentes op\u00e7\u00f5es de palavras, a <em><em><em>Trusted Translations<\/em><\/em><\/em> n\u00e3o ser\u00e1 respons\u00e1vel por tais varia\u00e7\u00f5es.<\/p><h2>Danos Indiretos e Consequentes<\/h2><p>A <em><em><em>Trusted Translations<\/em><\/em><\/em> n\u00e3o ser\u00e1 responsabilizada sob qualquer teoria por lei, por equidade ou outra forma, por quaisquer danos especiais, exemplares, punitivos, incidentais, indiretos ou consequentes (mesmo se a <em><em><em>Trusted Translations<\/em><\/em><\/em> for aconselhada sobre os mesmos), incluindo, sem limita\u00e7\u00f5es, lucros ou receitas cessantes. Toda a responsabilidade da <em><em><em>Trusted Translations<\/em><\/em><\/em> por qualquer reclama\u00e7\u00e3o, perda ou dano de acordo com qualquer teoria da lei, em patrim\u00f4nio ou de outra forma, incluindo, sem limita\u00e7\u00e3o, contrato, delito, neglig\u00eancia e responsabilidade estrita, decorrentes deste contrato ou do compromisso da <em><em><em>Trusted Translations<\/em><\/em><\/em> em conex\u00e3o com o projeto em quest\u00e3o, o desempenho ou viola\u00e7\u00e3o deste, ou o assunto deste documento n\u00e3o deve, em caso algum, exceder a soma dos pagamentos efetivamente feitos pelo Cliente \u00e0 <em><em><em>Trusted Translations<\/em><\/em><\/em> em conex\u00e3o com este contrato.<\/p><h2>Modifica\u00e7\u00e3o<\/h2><p>Este Contrato n\u00e3o pode ser modificado oralmente. Apenas uma modifica\u00e7\u00e3o por escrito, aceita por ambas as partes, ser\u00e1 aplic\u00e1vel. A autoriza\u00e7\u00e3o por correio eletr\u00f4nico constitui um acordo por escrito.<\/p><h2>Separabilidade<\/h2><p>Se qualquer termo, cl\u00e1usula ou disposi\u00e7\u00e3o deste instrumento for considerada inv\u00e1lida ou inexequ\u00edvel por um tribunal de jurisdi\u00e7\u00e3o competente, tal invalida\u00e7\u00e3o n\u00e3o afetar\u00e1 a validade ou opera\u00e7\u00e3o de qualquer outro termo, cl\u00e1usula ou disposi\u00e7\u00e3o e o termo, cl\u00e1usula ou provis\u00e3o invalidado ser\u00e1 considerado separado do Contrato.<\/p><h2>Aprova\u00e7\u00e3o<\/h2><p>Ao concordar com estes termos, o Cliente (a) concorda em estar sujeito a todas as disposi\u00e7\u00f5es deste documento (incluindo todos os termos e condi\u00e7\u00f5es estabelecidos neste documento) e (b) reconhece a \u00fanica responsabilidade de efetuar o pagamento integral de todas as cobran\u00e7as e despesas relacionadas ao projeto, conforme acordado pelas partes.<\/p>\t\t\t\t\t\t\t\t<\/div>\n\t\t\t\t\t<\/div>\n\t\t<\/div>\n\t\t\t\t\t<\/div>\n\t\t<\/section>\n\t\t\t\t<\/div>\n\t\t","protected":false},"excerpt":{"rendered":"Trusted Translations \u2013 Termos e Condi\u00e7\u00f5es A Trusted Translations (\u201cTTI\u201d) fornecer\u00e1 ao cliente a tradu\u00e7\u00e3o do seu texto enviado, conforme solicitado pelo cliente, sujeito aos seguintes termos e condi\u00e7\u00f5es. Conclus\u00e3o\u2026\n","protected":false},"author":1,"featured_media":160117,"parent":0,"menu_order":0,"comment_status":"closed","ping_status":"closed","template":"page-simple.php","meta":{"site-sidebar-layout":"default","site-content-layout":"default","ast-site-content-layout":"default","site-content-style":"default","site-sidebar-style":"default","ast-global-header-display":"","ast-banner-title-visibility":"","ast-main-header-display":"","ast-hfb-above-header-display":"","ast-hfb-below-header-display":"","ast-hfb-mobile-header-display":"","site-post-title":"disabled","ast-breadcrumbs-content":"","ast-featured-img":"","footer-sml-layout":"","ast-disable-related-posts":"","theme-transparent-header-meta":"","adv-header-id-meta":null,"stick-header-meta":null,"header-above-stick-meta":null,"header-main-stick-meta":null,"header-below-stick-meta":null,"astra-migrate-meta-layouts":"default","ast-page-background-enabled":"default","ast-page-background-meta":{"desktop":{"background-color":"var(--ast-global-color-4)","background-image":"","background-repeat":"repeat","background-position":"center center","background-size":"auto","background-attachment":"scroll","background-type":"","background-media":"","overlay-type":"","overlay-color":"","overlay-opacity":"","overlay-gradient":""},"tablet":{"background-color":"","background-image":"","background-repeat":"repeat","background-position":"center center","background-size":"auto","background-attachment":"scroll","background-type":"","background-media":"","overlay-type":"","overlay-color":"","overlay-opacity":"","overlay-gradient":""},"mobile":{"background-color":"","background-image":"","background-repeat":"repeat","background-position":"center center","background-size":"auto","background-attachment":"scroll","background-type":"","background-media":"","overlay-type":"","overlay-color":"","overlay-opacity":"","overlay-gradient":""}},"ast-content-background-meta":{"desktop":{"background-color":"var(--ast-global-color-5)","background-image":"","background-repeat":"repeat","background-position":"center center","background-size":"auto","background-attachment":"scroll","background-type":"","background-media":"","overlay-type":"","overlay-color":"","overlay-opacity":"","overlay-gradient":""},"tablet":{"background-color":"var(--ast-global-color-5)","background-image":"","background-repeat":"repeat","background-position":"center center","background-size":"auto","background-attachment":"scroll","background-type":"","background-media":"","overlay-type":"","overlay-color":"","overlay-opacity":"","overlay-gradient":""},"mobile":{"background-color":"var(--ast-global-color-5)","background-image":"","background-repeat":"repeat","background-position":"center center","background-size":"auto","background-attachment":"scroll","background-type":"","background-media":"","overlay-type":"","overlay-color":"","overlay-opacity":"","overlay-gradient":""}},"footnotes":""},"class_list":["post-134822","page","type-page","status-publish","has-post-thumbnail","hentry"],"yoast_head":"<!-- This site is optimized with the Yoast SEO plugin v27.3 - https:\/\/yoast.com\/product\/yoast-seo-wordpress\/ -->\n<title>Termos e Condi\u00e7\u00f5es - Trusted Translations<\/title>\n<meta name=\"description\" content=\"Termos e Condi\u00e7\u00f5es - Trusted Translations\" \/>\n<meta name=\"robots\" content=\"noindex, nofollow\" \/>\n<meta property=\"og:locale\" content=\"pt_BR\" \/>\n<meta property=\"og:type\" content=\"article\" \/>\n<meta property=\"og:title\" content=\"Termos e Condi\u00e7\u00f5es - Trusted Translations\" \/>\n<meta property=\"og:description\" content=\"Termos e Condi\u00e7\u00f5es - Trusted Translations\" \/>\n<meta property=\"og:url\" content=\"https:\/\/www.trustedtranslations.com\/pt-br\/termos-e-condicoes\" \/>\n<meta property=\"og:site_name\" content=\"Trusted Translations, Inc.\" \/>\n<meta property=\"article:publisher\" content=\"https:\/\/www.facebook.com\/Trusted.Translations\" \/>\n<meta property=\"article:modified_time\" content=\"2023-10-02T19:53:18+00:00\" \/>\n<meta property=\"og:image\" content=\"https:\/\/static.trustedtranslations.com\/wp-content\/uploads\/2022\/08\/TT_NEW_FB-1.png\" \/>\n\t<meta property=\"og:image:width\" content=\"1\" \/>\n\t<meta property=\"og:image:height\" content=\"1\" \/>\n\t<meta property=\"og:image:type\" content=\"image\/jpeg\" \/>\n<meta name=\"twitter:card\" content=\"summary_large_image\" \/>\n<meta name=\"twitter:site\" content=\"@TrustedT9ns\" \/>\n<script type=\"application\/ld+json\" class=\"yoast-schema-graph\">{\"@context\":\"https:\\\/\\\/schema.org\",\"@graph\":[{\"@type\":\"WebPage\",\"@id\":\"https:\\\/\\\/www.trustedtranslations.com\\\/pt-br\\\/termos-e-condicoes\",\"url\":\"https:\\\/\\\/www.trustedtranslations.com\\\/pt-br\\\/termos-e-condicoes\",\"name\":\"Termos e Condi\u00e7\u00f5es - Trusted Translations\",\"isPartOf\":{\"@id\":\"https:\\\/\\\/www.trustedtranslations.com\\\/pt-br\\\/#website\"},\"primaryImageOfPage\":{\"@id\":\"https:\\\/\\\/www.trustedtranslations.com\\\/pt-br\\\/termos-e-condicoes#primaryimage\"},\"image\":{\"@id\":\"https:\\\/\\\/www.trustedtranslations.com\\\/pt-br\\\/termos-e-condicoes#primaryimage\"},\"thumbnailUrl\":\"https:\\\/\\\/www.trustedtranslations.com\\\/wp-content\\\/uploads\\\/2022\\\/08\\\/TT_NEW_FB-1.png\",\"description\":\"Termos e Condi\u00e7\u00f5es - Trusted Translations\",\"breadcrumb\":{\"@id\":\"https:\\\/\\\/www.trustedtranslations.com\\\/pt-br\\\/termos-e-condicoes#breadcrumb\"},\"inLanguage\":\"pt-BR\",\"potentialAction\":[{\"@type\":\"ReadAction\",\"target\":[\"https:\\\/\\\/www.trustedtranslations.com\\\/pt-br\\\/termos-e-condicoes\"]}]},{\"@type\":\"ImageObject\",\"inLanguage\":\"pt-BR\",\"@id\":\"https:\\\/\\\/www.trustedtranslations.com\\\/pt-br\\\/termos-e-condicoes#primaryimage\",\"url\":\"https:\\\/\\\/www.trustedtranslations.com\\\/wp-content\\\/uploads\\\/2022\\\/08\\\/TT_NEW_FB-1.png\",\"contentUrl\":\"https:\\\/\\\/www.trustedtranslations.com\\\/wp-content\\\/uploads\\\/2022\\\/08\\\/TT_NEW_FB-1.png\",\"caption\":\"TT NEW FB 1\"},{\"@type\":\"BreadcrumbList\",\"@id\":\"https:\\\/\\\/www.trustedtranslations.com\\\/pt-br\\\/termos-e-condicoes#breadcrumb\",\"itemListElement\":[{\"@type\":\"ListItem\",\"position\":1,\"name\":\"Home\",\"item\":\"https:\\\/\\\/www.trustedtranslations.com\\\/pt-br\"},{\"@type\":\"ListItem\",\"position\":2,\"name\":\"Termos e condi\u00e7\u00f5es\"}]},{\"@type\":\"WebSite\",\"@id\":\"https:\\\/\\\/www.trustedtranslations.com\\\/pt-br\\\/#website\",\"url\":\"https:\\\/\\\/www.trustedtranslations.com\\\/pt-br\\\/\",\"name\":\"Trusted Translations, Inc.\",\"description\":\"Leader in translation and interpretation services.\",\"publisher\":{\"@id\":\"https:\\\/\\\/www.trustedtranslations.com\\\/pt-br\\\/#organization\"},\"alternateName\":\"Trusted Translations\",\"potentialAction\":[{\"@type\":\"SearchAction\",\"target\":{\"@type\":\"EntryPoint\",\"urlTemplate\":\"https:\\\/\\\/www.trustedtranslations.com\\\/pt-br\\\/?s={search_term_string}\"},\"query-input\":{\"@type\":\"PropertyValueSpecification\",\"valueRequired\":true,\"valueName\":\"search_term_string\"}}],\"inLanguage\":\"pt-BR\"},{\"@type\":\"Organization\",\"@id\":\"https:\\\/\\\/www.trustedtranslations.com\\\/pt-br\\\/#organization\",\"name\":\"Trusted Translations\",\"alternateName\":\"Trusted Translations, Inc.\",\"url\":\"https:\\\/\\\/www.trustedtranslations.com\\\/pt-br\\\/\",\"logo\":{\"@type\":\"ImageObject\",\"inLanguage\":\"pt-BR\",\"@id\":\"https:\\\/\\\/www.trustedtranslations.com\\\/pt-br\\\/#\\\/schema\\\/logo\\\/image\\\/\",\"url\":\"https:\\\/\\\/static.trustedtranslations.com\\\/wp-content\\\/uploads\\\/2022\\\/01\\\/TT_logo_WSIColors-2.png\",\"contentUrl\":\"https:\\\/\\\/static.trustedtranslations.com\\\/wp-content\\\/uploads\\\/2022\\\/01\\\/TT_logo_WSIColors-2.png\",\"width\":500,\"height\":196,\"caption\":\"Trusted Translations\"},\"image\":{\"@id\":\"https:\\\/\\\/www.trustedtranslations.com\\\/pt-br\\\/#\\\/schema\\\/logo\\\/image\\\/\"},\"sameAs\":[\"https:\\\/\\\/www.facebook.com\\\/Trusted.Translations\",\"https:\\\/\\\/x.com\\\/TrustedT9ns\",\"https:\\\/\\\/www.linkedin.com\\\/company\\\/trusted-translations\"]}]}<\/script>\n<!-- \/ Yoast SEO plugin. -->","yoast_head_json":{"title":"Termos e Condi\u00e7\u00f5es - Trusted Translations","description":"Termos e Condi\u00e7\u00f5es - Trusted Translations","robots":{"index":"noindex","follow":"nofollow"},"og_locale":"pt_BR","og_type":"article","og_title":"Termos e Condi\u00e7\u00f5es - Trusted Translations","og_description":"Termos e Condi\u00e7\u00f5es - Trusted Translations","og_url":"https:\/\/www.trustedtranslations.com\/pt-br\/termos-e-condicoes","og_site_name":"Trusted Translations, Inc.","article_publisher":"https:\/\/www.facebook.com\/Trusted.Translations","article_modified_time":"2023-10-02T19:53:18+00:00","og_image":[{"url":"https:\/\/static.trustedtranslations.com\/wp-content\/uploads\/2022\/08\/TT_NEW_FB-1.png","width":1,"height":1,"type":"image\/jpeg"}],"twitter_card":"summary_large_image","twitter_site":"@TrustedT9ns","schema":{"@context":"https:\/\/schema.org","@graph":[{"@type":"WebPage","@id":"https:\/\/www.trustedtranslations.com\/pt-br\/termos-e-condicoes","url":"https:\/\/www.trustedtranslations.com\/pt-br\/termos-e-condicoes","name":"Termos e Condi\u00e7\u00f5es - Trusted Translations","isPartOf":{"@id":"https:\/\/www.trustedtranslations.com\/pt-br\/#website"},"primaryImageOfPage":{"@id":"https:\/\/www.trustedtranslations.com\/pt-br\/termos-e-condicoes#primaryimage"},"image":{"@id":"https:\/\/www.trustedtranslations.com\/pt-br\/termos-e-condicoes#primaryimage"},"thumbnailUrl":"https:\/\/www.trustedtranslations.com\/wp-content\/uploads\/2022\/08\/TT_NEW_FB-1.png","description":"Termos e Condi\u00e7\u00f5es - Trusted Translations","breadcrumb":{"@id":"https:\/\/www.trustedtranslations.com\/pt-br\/termos-e-condicoes#breadcrumb"},"inLanguage":"pt-BR","potentialAction":[{"@type":"ReadAction","target":["https:\/\/www.trustedtranslations.com\/pt-br\/termos-e-condicoes"]}]},{"@type":"ImageObject","inLanguage":"pt-BR","@id":"https:\/\/www.trustedtranslations.com\/pt-br\/termos-e-condicoes#primaryimage","url":"https:\/\/www.trustedtranslations.com\/wp-content\/uploads\/2022\/08\/TT_NEW_FB-1.png","contentUrl":"https:\/\/www.trustedtranslations.com\/wp-content\/uploads\/2022\/08\/TT_NEW_FB-1.png","caption":"TT NEW FB 1"},{"@type":"BreadcrumbList","@id":"https:\/\/www.trustedtranslations.com\/pt-br\/termos-e-condicoes#breadcrumb","itemListElement":[{"@type":"ListItem","position":1,"name":"Home","item":"https:\/\/www.trustedtranslations.com\/pt-br"},{"@type":"ListItem","position":2,"name":"Termos e condi\u00e7\u00f5es"}]},{"@type":"WebSite","@id":"https:\/\/www.trustedtranslations.com\/pt-br\/#website","url":"https:\/\/www.trustedtranslations.com\/pt-br\/","name":"Trusted Translations, Inc.","description":"Leader in translation and interpretation services.","publisher":{"@id":"https:\/\/www.trustedtranslations.com\/pt-br\/#organization"},"alternateName":"Trusted Translations","potentialAction":[{"@type":"SearchAction","target":{"@type":"EntryPoint","urlTemplate":"https:\/\/www.trustedtranslations.com\/pt-br\/?s={search_term_string}"},"query-input":{"@type":"PropertyValueSpecification","valueRequired":true,"valueName":"search_term_string"}}],"inLanguage":"pt-BR"},{"@type":"Organization","@id":"https:\/\/www.trustedtranslations.com\/pt-br\/#organization","name":"Trusted Translations","alternateName":"Trusted Translations, Inc.","url":"https:\/\/www.trustedtranslations.com\/pt-br\/","logo":{"@type":"ImageObject","inLanguage":"pt-BR","@id":"https:\/\/www.trustedtranslations.com\/pt-br\/#\/schema\/logo\/image\/","url":"https:\/\/static.trustedtranslations.com\/wp-content\/uploads\/2022\/01\/TT_logo_WSIColors-2.png","contentUrl":"https:\/\/static.trustedtranslations.com\/wp-content\/uploads\/2022\/01\/TT_logo_WSIColors-2.png","width":500,"height":196,"caption":"Trusted Translations"},"image":{"@id":"https:\/\/www.trustedtranslations.com\/pt-br\/#\/schema\/logo\/image\/"},"sameAs":["https:\/\/www.facebook.com\/Trusted.Translations","https:\/\/x.com\/TrustedT9ns","https:\/\/www.linkedin.com\/company\/trusted-translations"]}]}},"toolset-meta":{"dyk":{"mensaje-1":{"type":"textfield","raw":""},"mensaje-2":{"type":"textfield","raw":""},"mensaje-3":{"type":"textfield","raw":""},"mensaje-4":{"type":"textfield","raw":""},"mensaje-5":{"type":"textfield","raw":""},"mensaje-6":{"type":"textfield","raw":""}},"single-page-template-fields":{"imgs-temp":{"type":"image","raw":[],"repeatable":[]},"imgs-temp-cel":{"type":"image","raw":[],"repeatable":[]},"img-temp-one-cel":{"type":"image","raw":"","attachment_id":null},"quotes":{"type":"textarea","raw":""},"text-1":{"type":"textarea","raw":""},"shortcode-map":{"type":"textfield","raw":""},"dyk-shortcode":{"type":"textfield","raw":""},"text-2":{"type":"textarea","raw":""},"state":{"type":"textfield","raw":""},"city":{"type":"textarea","raw":[]}}},"_links":{"self":[{"href":"https:\/\/www.trustedtranslations.com\/pt-br\/wp-json\/wp\/v2\/pages\/134822","targetHints":{"allow":["GET"]}}],"collection":[{"href":"https:\/\/www.trustedtranslations.com\/pt-br\/wp-json\/wp\/v2\/pages"}],"about":[{"href":"https:\/\/www.trustedtranslations.com\/pt-br\/wp-json\/wp\/v2\/types\/page"}],"author":[{"embeddable":true,"href":"https:\/\/www.trustedtranslations.com\/pt-br\/wp-json\/wp\/v2\/users\/1"}],"replies":[{"embeddable":true,"href":"https:\/\/www.trustedtranslations.com\/pt-br\/wp-json\/wp\/v2\/comments?post=134822"}],"version-history":[{"count":0,"href":"https:\/\/www.trustedtranslations.com\/pt-br\/wp-json\/wp\/v2\/pages\/134822\/revisions"}],"wp:featuredmedia":[{"embeddable":true,"href":"https:\/\/www.trustedtranslations.com\/pt-br\/wp-json\/wp\/v2\/media\/160117"}],"wp:attachment":[{"href":"https:\/\/www.trustedtranslations.com\/pt-br\/wp-json\/wp\/v2\/media?parent=134822"}],"curies":[{"name":"wp","href":"https:\/\/api.w.org\/{rel}","templated":true}]}}