{"id":134826,"date":"2019-09-20T17:16:53","date_gmt":"2019-09-20T17:16:53","guid":{"rendered":"https:\/\/www.trustedtranslations.com\/?page_id=134826"},"modified":"2024-09-06T12:41:41","modified_gmt":"2024-09-06T15:41:41","slug":"wordpress","status":"publish","type":"page","link":"https:\/\/www.trustedtranslations.com\/pt-br\/servicos\/formatos-arquivos\/wordpress","title":{"rendered":"WordPress"},"content":{"rendered":"","protected":false},"excerpt":{"rendered":"","protected":false},"author":4,"featured_media":238305,"parent":135015,"menu_order":18,"comment_status":"closed","ping_status":"closed","template":"","meta":{"site-sidebar-layout":"default","site-content-layout":"default","ast-site-content-layout":"default","site-content-style":"default","site-sidebar-style":"default","ast-global-header-display":"","ast-banner-title-visibility":"","ast-main-header-display":"","ast-hfb-above-header-display":"","ast-hfb-below-header-display":"","ast-hfb-mobile-header-display":"","site-post-title":"disabled","ast-breadcrumbs-content":"","ast-featured-img":"","footer-sml-layout":"","ast-disable-related-posts":"","theme-transparent-header-meta":"default","adv-header-id-meta":"","stick-header-meta":"","header-above-stick-meta":"","header-main-stick-meta":"","header-below-stick-meta":"","astra-migrate-meta-layouts":"set","ast-page-background-enabled":"default","ast-page-background-meta":{"desktop":{"background-color":"var(--ast-global-color-4)","background-image":"","background-repeat":"repeat","background-position":"center center","background-size":"auto","background-attachment":"scroll","background-type":"","background-media":"","overlay-type":"","overlay-color":"","overlay-opacity":"","overlay-gradient":""},"tablet":{"background-color":"","background-image":"","background-repeat":"repeat","background-position":"center center","background-size":"auto","background-attachment":"scroll","background-type":"","background-media":"","overlay-type":"","overlay-color":"","overlay-opacity":"","overlay-gradient":""},"mobile":{"background-color":"","background-image":"","background-repeat":"repeat","background-position":"center center","background-size":"auto","background-attachment":"scroll","background-type":"","background-media":"","overlay-type":"","overlay-color":"","overlay-opacity":"","overlay-gradient":""}},"ast-content-background-meta":{"desktop":{"background-color":"var(--ast-global-color-5)","background-image":"","background-repeat":"repeat","background-position":"center center","background-size":"auto","background-attachment":"scroll","background-type":"","background-media":"","overlay-type":"","overlay-color":"","overlay-opacity":"","overlay-gradient":""},"tablet":{"background-color":"var(--ast-global-color-5)","background-image":"","background-repeat":"repeat","background-position":"center center","background-size":"auto","background-attachment":"scroll","background-type":"","background-media":"","overlay-type":"","overlay-color":"","overlay-opacity":"","overlay-gradient":""},"mobile":{"background-color":"var(--ast-global-color-5)","background-image":"","background-repeat":"repeat","background-position":"center center","background-size":"auto","background-attachment":"scroll","background-type":"","background-media":"","overlay-type":"","overlay-color":"","overlay-opacity":"","overlay-gradient":""}},"footnotes":""},"class_list":["post-134826","page","type-page","status-publish","has-post-thumbnail","hentry"],"yoast_head":"<!-- This site is optimized with the Yoast SEO plugin v27.3 - https:\/\/yoast.com\/product\/yoast-seo-wordpress\/ -->\n<title>Tradu\u00e7\u00f5es de sites em WordPress\/WPML - Trusted Translations, Inc.<\/title>\n<meta name=\"description\" content=\"A Trusted Translations oferece tradu\u00e7\u00e3o e localiza\u00e7\u00e3o de alta qualidade para WordPress em qualquer idioma usando WPML, tudo a pre\u00e7os competitivos.\" \/>\n<meta name=\"robots\" content=\"index, follow, max-snippet:-1, max-image-preview:large, max-video-preview:-1\" \/>\n<link rel=\"canonical\" href=\"https:\/\/www.trustedtranslations.com\/pt-br\/servicos\/formatos-arquivos\/wordpress\" \/>\n<meta property=\"og:locale\" content=\"pt_BR\" \/>\n<meta property=\"og:type\" content=\"article\" \/>\n<meta property=\"og:title\" content=\"Tradu\u00e7\u00f5es de sites em WordPress\/WPML - Trusted Translations, Inc.\" \/>\n<meta property=\"og:description\" content=\"A Trusted Translations oferece tradu\u00e7\u00e3o e localiza\u00e7\u00e3o de alta qualidade para WordPress em qualquer idioma usando WPML, tudo a pre\u00e7os competitivos.\" \/>\n<meta property=\"og:url\" content=\"https:\/\/www.trustedtranslations.com\/pt-br\/servicos\/formatos-arquivos\/wordpress\" \/>\n<meta property=\"og:site_name\" content=\"Trusted Translations, Inc.\" \/>\n<meta property=\"article:publisher\" content=\"https:\/\/www.facebook.com\/Trusted.Translations\" \/>\n<meta property=\"article:modified_time\" content=\"2024-09-06T15:41:41+00:00\" \/>\n<meta property=\"og:image\" content=\"https:\/\/static.trustedtranslations.com\/wp-content\/uploads\/2024\/02\/tt-icon_Professional-Translation.webp\" \/>\n\t<meta property=\"og:image:width\" content=\"151\" \/>\n\t<meta property=\"og:image:height\" content=\"151\" \/>\n\t<meta property=\"og:image:type\" content=\"image\/webp\" \/>\n<meta name=\"twitter:card\" content=\"summary_large_image\" \/>\n<meta name=\"twitter:site\" content=\"@TrustedT9ns\" \/>\n<script type=\"application\/ld+json\" class=\"yoast-schema-graph\">{\"@context\":\"https:\\\/\\\/schema.org\",\"@graph\":[{\"@type\":\"WebPage\",\"@id\":\"https:\\\/\\\/www.trustedtranslations.com\\\/pt-br\\\/servicos\\\/formatos-arquivos\\\/wordpress\",\"url\":\"https:\\\/\\\/www.trustedtranslations.com\\\/pt-br\\\/servicos\\\/formatos-arquivos\\\/wordpress\",\"name\":\"Tradu\u00e7\u00f5es de sites em WordPress\\\/WPML - Trusted Translations, Inc.\",\"isPartOf\":{\"@id\":\"https:\\\/\\\/www.trustedtranslations.com\\\/pt-br\\\/#website\"},\"primaryImageOfPage\":{\"@id\":\"https:\\\/\\\/www.trustedtranslations.com\\\/pt-br\\\/servicos\\\/formatos-arquivos\\\/wordpress#primaryimage\"},\"image\":{\"@id\":\"https:\\\/\\\/www.trustedtranslations.com\\\/pt-br\\\/servicos\\\/formatos-arquivos\\\/wordpress#primaryimage\"},\"thumbnailUrl\":\"https:\\\/\\\/www.trustedtranslations.com\\\/wp-content\\\/uploads\\\/2024\\\/02\\\/tt-icon_Professional-Translation.webp\",\"description\":\"A Trusted Translations oferece tradu\u00e7\u00e3o e localiza\u00e7\u00e3o de alta qualidade para WordPress em qualquer idioma usando WPML, tudo a pre\u00e7os competitivos.\",\"breadcrumb\":{\"@id\":\"https:\\\/\\\/www.trustedtranslations.com\\\/pt-br\\\/servicos\\\/formatos-arquivos\\\/wordpress#breadcrumb\"},\"inLanguage\":\"pt-BR\",\"potentialAction\":[{\"@type\":\"ReadAction\",\"target\":[\"https:\\\/\\\/www.trustedtranslations.com\\\/pt-br\\\/servicos\\\/formatos-arquivos\\\/wordpress\"]}]},{\"@type\":\"ImageObject\",\"inLanguage\":\"pt-BR\",\"@id\":\"https:\\\/\\\/www.trustedtranslations.com\\\/pt-br\\\/servicos\\\/formatos-arquivos\\\/wordpress#primaryimage\",\"url\":\"https:\\\/\\\/www.trustedtranslations.com\\\/wp-content\\\/uploads\\\/2024\\\/02\\\/tt-icon_Professional-Translation.webp\",\"contentUrl\":\"https:\\\/\\\/www.trustedtranslations.com\\\/wp-content\\\/uploads\\\/2024\\\/02\\\/tt-icon_Professional-Translation.webp\",\"width\":151,\"height\":151,\"caption\":\"tt icon Professional Translation\"},{\"@type\":\"BreadcrumbList\",\"@id\":\"https:\\\/\\\/www.trustedtranslations.com\\\/pt-br\\\/servicos\\\/formatos-arquivos\\\/wordpress#breadcrumb\",\"itemListElement\":[{\"@type\":\"ListItem\",\"position\":1,\"name\":\"Home\",\"item\":\"https:\\\/\\\/www.trustedtranslations.com\\\/pt-br\"},{\"@type\":\"ListItem\",\"position\":2,\"name\":\"Servi\u00e7os\",\"item\":\"https:\\\/\\\/www.trustedtranslations.com\\\/pt-br\\\/servicos\"},{\"@type\":\"ListItem\",\"position\":3,\"name\":\"Formatos de arquivo\",\"item\":\"https:\\\/\\\/www.trustedtranslations.com\\\/pt-br\\\/servicos\\\/formatos-arquivos\"},{\"@type\":\"ListItem\",\"position\":4,\"name\":\"WordPress\"}]},{\"@type\":\"WebSite\",\"@id\":\"https:\\\/\\\/www.trustedtranslations.com\\\/pt-br\\\/#website\",\"url\":\"https:\\\/\\\/www.trustedtranslations.com\\\/pt-br\\\/\",\"name\":\"Trusted Translations, Inc.\",\"description\":\"Leader in translation and interpretation services.\",\"publisher\":{\"@id\":\"https:\\\/\\\/www.trustedtranslations.com\\\/pt-br\\\/#organization\"},\"alternateName\":\"Trusted Translations\",\"potentialAction\":[{\"@type\":\"SearchAction\",\"target\":{\"@type\":\"EntryPoint\",\"urlTemplate\":\"https:\\\/\\\/www.trustedtranslations.com\\\/pt-br\\\/?s={search_term_string}\"},\"query-input\":{\"@type\":\"PropertyValueSpecification\",\"valueRequired\":true,\"valueName\":\"search_term_string\"}}],\"inLanguage\":\"pt-BR\"},{\"@type\":\"Organization\",\"@id\":\"https:\\\/\\\/www.trustedtranslations.com\\\/pt-br\\\/#organization\",\"name\":\"Trusted Translations\",\"alternateName\":\"Trusted Translations, Inc.\",\"url\":\"https:\\\/\\\/www.trustedtranslations.com\\\/pt-br\\\/\",\"logo\":{\"@type\":\"ImageObject\",\"inLanguage\":\"pt-BR\",\"@id\":\"https:\\\/\\\/www.trustedtranslations.com\\\/pt-br\\\/#\\\/schema\\\/logo\\\/image\\\/\",\"url\":\"https:\\\/\\\/static.trustedtranslations.com\\\/wp-content\\\/uploads\\\/2022\\\/01\\\/TT_logo_WSIColors-2.png\",\"contentUrl\":\"https:\\\/\\\/static.trustedtranslations.com\\\/wp-content\\\/uploads\\\/2022\\\/01\\\/TT_logo_WSIColors-2.png\",\"width\":500,\"height\":196,\"caption\":\"Trusted Translations\"},\"image\":{\"@id\":\"https:\\\/\\\/www.trustedtranslations.com\\\/pt-br\\\/#\\\/schema\\\/logo\\\/image\\\/\"},\"sameAs\":[\"https:\\\/\\\/www.facebook.com\\\/Trusted.Translations\",\"https:\\\/\\\/x.com\\\/TrustedT9ns\",\"https:\\\/\\\/www.linkedin.com\\\/company\\\/trusted-translations\"]}]}<\/script>\n<!-- \/ Yoast SEO plugin. -->","yoast_head_json":{"title":"Tradu\u00e7\u00f5es de sites em WordPress\/WPML - Trusted Translations, Inc.","description":"A Trusted Translations oferece tradu\u00e7\u00e3o e localiza\u00e7\u00e3o de alta qualidade para WordPress em qualquer idioma usando WPML, tudo a pre\u00e7os competitivos.","robots":{"index":"index","follow":"follow","max-snippet":"max-snippet:-1","max-image-preview":"max-image-preview:large","max-video-preview":"max-video-preview:-1"},"canonical":"https:\/\/www.trustedtranslations.com\/pt-br\/servicos\/formatos-arquivos\/wordpress","og_locale":"pt_BR","og_type":"article","og_title":"Tradu\u00e7\u00f5es de sites em WordPress\/WPML - Trusted Translations, Inc.","og_description":"A Trusted Translations oferece tradu\u00e7\u00e3o e localiza\u00e7\u00e3o de alta qualidade para WordPress em qualquer idioma usando WPML, tudo a pre\u00e7os competitivos.","og_url":"https:\/\/www.trustedtranslations.com\/pt-br\/servicos\/formatos-arquivos\/wordpress","og_site_name":"Trusted Translations, Inc.","article_publisher":"https:\/\/www.facebook.com\/Trusted.Translations","article_modified_time":"2024-09-06T15:41:41+00:00","og_image":[{"width":151,"height":151,"url":"https:\/\/static.trustedtranslations.com\/wp-content\/uploads\/2024\/02\/tt-icon_Professional-Translation.webp","type":"image\/webp"}],"twitter_card":"summary_large_image","twitter_site":"@TrustedT9ns","schema":{"@context":"https:\/\/schema.org","@graph":[{"@type":"WebPage","@id":"https:\/\/www.trustedtranslations.com\/pt-br\/servicos\/formatos-arquivos\/wordpress","url":"https:\/\/www.trustedtranslations.com\/pt-br\/servicos\/formatos-arquivos\/wordpress","name":"Tradu\u00e7\u00f5es de sites em WordPress\/WPML - Trusted Translations, Inc.","isPartOf":{"@id":"https:\/\/www.trustedtranslations.com\/pt-br\/#website"},"primaryImageOfPage":{"@id":"https:\/\/www.trustedtranslations.com\/pt-br\/servicos\/formatos-arquivos\/wordpress#primaryimage"},"image":{"@id":"https:\/\/www.trustedtranslations.com\/pt-br\/servicos\/formatos-arquivos\/wordpress#primaryimage"},"thumbnailUrl":"https:\/\/www.trustedtranslations.com\/wp-content\/uploads\/2024\/02\/tt-icon_Professional-Translation.webp","description":"A Trusted Translations oferece tradu\u00e7\u00e3o e localiza\u00e7\u00e3o de alta qualidade para WordPress em qualquer idioma usando WPML, tudo a pre\u00e7os competitivos.","breadcrumb":{"@id":"https:\/\/www.trustedtranslations.com\/pt-br\/servicos\/formatos-arquivos\/wordpress#breadcrumb"},"inLanguage":"pt-BR","potentialAction":[{"@type":"ReadAction","target":["https:\/\/www.trustedtranslations.com\/pt-br\/servicos\/formatos-arquivos\/wordpress"]}]},{"@type":"ImageObject","inLanguage":"pt-BR","@id":"https:\/\/www.trustedtranslations.com\/pt-br\/servicos\/formatos-arquivos\/wordpress#primaryimage","url":"https:\/\/www.trustedtranslations.com\/wp-content\/uploads\/2024\/02\/tt-icon_Professional-Translation.webp","contentUrl":"https:\/\/www.trustedtranslations.com\/wp-content\/uploads\/2024\/02\/tt-icon_Professional-Translation.webp","width":151,"height":151,"caption":"tt icon Professional Translation"},{"@type":"BreadcrumbList","@id":"https:\/\/www.trustedtranslations.com\/pt-br\/servicos\/formatos-arquivos\/wordpress#breadcrumb","itemListElement":[{"@type":"ListItem","position":1,"name":"Home","item":"https:\/\/www.trustedtranslations.com\/pt-br"},{"@type":"ListItem","position":2,"name":"Servi\u00e7os","item":"https:\/\/www.trustedtranslations.com\/pt-br\/servicos"},{"@type":"ListItem","position":3,"name":"Formatos de arquivo","item":"https:\/\/www.trustedtranslations.com\/pt-br\/servicos\/formatos-arquivos"},{"@type":"ListItem","position":4,"name":"WordPress"}]},{"@type":"WebSite","@id":"https:\/\/www.trustedtranslations.com\/pt-br\/#website","url":"https:\/\/www.trustedtranslations.com\/pt-br\/","name":"Trusted Translations, Inc.","description":"Leader in translation and interpretation services.","publisher":{"@id":"https:\/\/www.trustedtranslations.com\/pt-br\/#organization"},"alternateName":"Trusted Translations","potentialAction":[{"@type":"SearchAction","target":{"@type":"EntryPoint","urlTemplate":"https:\/\/www.trustedtranslations.com\/pt-br\/?s={search_term_string}"},"query-input":{"@type":"PropertyValueSpecification","valueRequired":true,"valueName":"search_term_string"}}],"inLanguage":"pt-BR"},{"@type":"Organization","@id":"https:\/\/www.trustedtranslations.com\/pt-br\/#organization","name":"Trusted Translations","alternateName":"Trusted Translations, Inc.","url":"https:\/\/www.trustedtranslations.com\/pt-br\/","logo":{"@type":"ImageObject","inLanguage":"pt-BR","@id":"https:\/\/www.trustedtranslations.com\/pt-br\/#\/schema\/logo\/image\/","url":"https:\/\/static.trustedtranslations.com\/wp-content\/uploads\/2022\/01\/TT_logo_WSIColors-2.png","contentUrl":"https:\/\/static.trustedtranslations.com\/wp-content\/uploads\/2022\/01\/TT_logo_WSIColors-2.png","width":500,"height":196,"caption":"Trusted Translations"},"image":{"@id":"https:\/\/www.trustedtranslations.com\/pt-br\/#\/schema\/logo\/image\/"},"sameAs":["https:\/\/www.facebook.com\/Trusted.Translations","https:\/\/x.com\/TrustedT9ns","https:\/\/www.linkedin.com\/company\/trusted-translations"]}]}},"toolset-meta":{"dyk":{"mensaje-1":{"type":"textfield","raw":"Traduzir sites WordPress est\u00e1 mais f\u00e1cil do que nunca com o plug-in WPML."},"mensaje-2":{"type":"textfield","raw":"O WordPress \u00e9 usado por dois em cada cinco sites na internet."},"mensaje-3":{"type":"textfield","raw":"Entregamos tradu\u00e7\u00f5es online diretamente para seu site WordPress."},"mensaje-4":{"type":"textfield","raw":"Preservamos o formato e estilo originais de seu site em WordPress."},"mensaje-5":{"type":"textfield","raw":""},"mensaje-6":{"type":"textfield","raw":""}},"single-page-template-fields":{"imgs-temp":{"type":"image","raw":["https:\/\/static.trustedtranslations.com\/wp-content\/uploads\/2024\/06\/wordpress-final-1.webp"],"repeatable":[{"raw":"https:\/\/static.trustedtranslations.com\/wp-content\/uploads\/2024\/06\/wordpress-final-1.webp"}]},"imgs-temp-cel":{"type":"image","raw":[""],"repeatable":[{"raw":""}]},"img-temp-one-cel":{"type":"image","raw":"https:\/\/static.trustedtranslations.com\/wp-content\/uploads\/2024\/03\/AdobeStock_385542563-2-1.webp","attachment_id":null},"quotes":{"type":"textarea","raw":"<h1 style=\"margin-bottom: 12px;\">Tradu\u00e7\u00e3o profissional para sites WordPress<\/h1>\r\nN\u00f3s o guiaremos por todo processo de traduzir e localizar seu site WordPress. Oferecemos tradu\u00e7\u00f5es de sites profissionais e de alta qualidade para WordPress com as taxas mais competitivas. Plug-ins como WPML ou Multilingual Press podem oferecer a solu\u00e7\u00e3o ideal caso deseje traduzir seu site WordPress. E a Trusted Translations \u00e9 a melhor parceira para localizar seu conte\u00fado usando um desses plug-ins WordPress.\r\n<div style=\"margin-top: 2.5vw;\"><a class=\"tt-btn-main-cta\" href=\"\/pt-br\/solicitud-orcamento\">SOLICITE UM OR\u00c7AMENTO GR\u00c1TIS<\/a><\/div>"},"text-1":{"type":"textarea","raw":"<h2>Localiza\u00e7\u00e3o SEO Multil\u00edngue<em>WordPress<\/em>\u00a0com<em>WPML<\/em><\/h2>\r\nConforme explicado na Documenta\u00e7\u00e3o\u00a0<em>WPML<\/em>\u00a0para desenvolvedores:\u00a0<em>\u201cUm dos maiores benef\u00edcios de ter um site multil\u00edngue \u00e9 aparecer no topo dos resultados de busca do Google em diferentes idiomas. O processo de levar seu site at\u00e9 o topo \u00e9 chamado de SEO (Otimiza\u00e7\u00e3o para Motores de Busca) e quando ele acontece em um site multil\u00edngue, o chamamos de \u2018SEO multil\u00edngue\u2019\u201d.<\/em>\r\n\r\nAo usar o\u00a0<em>WordPress<\/em>\u00a0para criar seu site, uma boa parte do trabalho de SEO j\u00e1 \u00e9 feita para voc\u00ea. O WordPress produz HTML simples, que o Google entende com facilidade.\u00a0Os especialistas em\u00a0<a href=\"https:\/\/www.trustedtranslations.com\/?page_id=304\">tradu\u00e7\u00f5es de marketing<\/a>\u00a0online da\u00a0<em>Trusted Translations<\/em>\u00a0ir\u00e3o localizar seu site\u00a0<em>WordPress<\/em>\u00a0com\u00a0<em>WPML<\/em>\u00a0para fazer com que seu conte\u00fado apare\u00e7a no topo em qualquer idioma.\r\n<h2>Traduzindo conte\u00fado<em>WordPress<\/em>\u00a0usando<em>WPML<\/em><\/h2>\r\n<div class=\"pull-right tt-thumbnail hidden-xs\"><img class=\"alignnone\" src=\"https:\/\/www.trustedtranslations.com\/wp-content\/uploads\/2019\/07\/wpml-logo.png\" alt=\"WPML\" width=\"120\" height=\"45\" \/><\/div>\r\nSe voc\u00ea possui um site que foi criado usando\u00a0<em>WordPress<\/em>\u00a0(hoje em dia o sistema de gest\u00e3o de conte\u00fado [ou CMS] mais popular do mundo) e precisa disponibilizar seu site em diferentes idiomas, agora voc\u00ea pode fazer isso de maneira r\u00e1pida e f\u00e1cil, com suporte de especialistas em localiza\u00e7\u00e3o, como a\u00a0<em>Trusted Translations<\/em>, e com a ajuda do\u00a0<em>WPML<\/em>, o plug-in multil\u00edngue\u00a0<em>WordPress<\/em>. Da parte da\u00a0<em>Trusted Translations<\/em>\u00a0, o\u00a0<em>Memsource\u00a0<\/em>\u00e9 o sistema de gest\u00e3o de tradu\u00e7\u00f5es (TMS) usado para localizar seu conte\u00fado em quantos idiomas desejar. A solu\u00e7\u00e3o que oferecemos usa o Conector do\u00a0<em>Memsource<\/em>\u00a0para completar a\u00a0<strong>integra\u00e7\u00e3o\u00a0<\/strong>entre seu CMS e nosso TMS. Para uma maior\u00a0<strong>automa\u00e7\u00e3o<\/strong>, e caso voc\u00ea possua conte\u00fado mais din\u00e2mico, tamb\u00e9m podemos lhe oferecer o Widget de Automa\u00e7\u00e3o do\u00a0<em>Memsource<\/em>."},"shortcode-map":{"type":"textfield","raw":""},"dyk-shortcode":{"type":"textfield","raw":"[elementor-template id=\"147273\"]"},"text-2":{"type":"textarea","raw":"<h3>Configura\u00e7\u00e3o gratuita da\u00a0<em>Trusted Translations<\/em><\/h3>\r\nAl\u00e9m do suporte\u00a0<em>WPML<\/em>\u00a0para seu plugin, a\u00a0<em>Trusted Translations<\/em>\u00a0tamb\u00e9m possui uma equipe de TI com especialistas em\u00a0<em>WordPress<\/em>\u00a0e\u00a0<em>WPML<\/em>\u00a0que ir\u00e3o auxiliar na resolu\u00e7\u00e3o de quaisquer problemas que possam ocorrer ao configurar o\u00a0<em>WPML<\/em>.\r\n<h3>Nosso suporte t\u00e9cnico exclusivo<\/h3>\r\nA equipe da\u00a0<em>Trusted Translations<\/em>\u00a0fornecer\u00e1 a voc\u00ea suporte t\u00e9cnico exclusivo desde seu primeiro contato conosco at\u00e9 o conte\u00fado de seu site estar totalmente traduzido. Voc\u00ea tamb\u00e9m receber\u00e1 suporte t\u00e9cnico para quaisquer quest\u00f5es que possam surgir no processo de atualiza\u00e7\u00e3o de conte\u00fado, embora tenhamos certeza que o plug-in fornecer\u00e1 o fluxo de tradu\u00e7\u00e3o invis\u00edvel que voc\u00ea procura.\r\n<h3>Melhor pre\u00e7o de tradu\u00e7\u00e3o por palavra, al\u00e9m de descontos para repeti\u00e7\u00f5es<\/h3>\r\nO servi\u00e7o \u00e9 cobrado por palavra, mas n\u00e3o h\u00e1 necessidade de se preocupar com os custos \u2013 o plug-in pode carregar conte\u00fado atualizado em uma plataforma que reutiliza conte\u00fado similar, com um custo muito menor do que se todas as atualiza\u00e7\u00f5es fossem traduzidas a partir do zero. Pergunte a nossos representantes de vendas sobre a potencializa\u00e7\u00e3o de seus projetos de tradu\u00e7\u00e3o quando se considera repeti\u00e7\u00f5es,\u00a0<i>fuzzy\u00a0<\/i>e\u00a0<i>full matches\u00a0<\/i>(correspond\u00eancias similares e totais, respectivamente).\r\n<h3>Quer saber o n\u00famero de palavras em seu site?<\/h3>\r\nUse o\u00a0<a href=\"https:\/\/wpml.org\/documentation\/translating-your-contents\/getting-a-word-count-of-your-wordpress-site\/?tsid=a967159995deeeb503da9761406a542e\">contador de palavras de sites<\/a>\u00a0do\u00a0<em>WPML<\/em>\u00a0para descobrir. Ap\u00f3s descobrir,\u00a0<a href=\"https:\/\/www.trustedtranslations.com\/?page_id=105235\">fale conosco<\/a>\u00a0e lhe apresentaremos uma cota\u00e7\u00e3o exata.\r\n\r\nN\u00e3o hesite em falar conosco se tiver d\u00favidas ou quest\u00f5es sobre a localiza\u00e7\u00e3o e tradu\u00e7\u00e3o de seu site\u00a0<em>WordPress<\/em>."},"state":{"type":"textfield","raw":""},"city":{"type":"textarea","raw":[]}}},"_links":{"self":[{"href":"https:\/\/www.trustedtranslations.com\/pt-br\/wp-json\/wp\/v2\/pages\/134826","targetHints":{"allow":["GET"]}}],"collection":[{"href":"https:\/\/www.trustedtranslations.com\/pt-br\/wp-json\/wp\/v2\/pages"}],"about":[{"href":"https:\/\/www.trustedtranslations.com\/pt-br\/wp-json\/wp\/v2\/types\/page"}],"author":[{"embeddable":true,"href":"https:\/\/www.trustedtranslations.com\/pt-br\/wp-json\/wp\/v2\/users\/4"}],"replies":[{"embeddable":true,"href":"https:\/\/www.trustedtranslations.com\/pt-br\/wp-json\/wp\/v2\/comments?post=134826"}],"version-history":[{"count":0,"href":"https:\/\/www.trustedtranslations.com\/pt-br\/wp-json\/wp\/v2\/pages\/134826\/revisions"}],"up":[{"embeddable":true,"href":"https:\/\/www.trustedtranslations.com\/pt-br\/wp-json\/wp\/v2\/pages\/135015"}],"wp:featuredmedia":[{"embeddable":true,"href":"https:\/\/www.trustedtranslations.com\/pt-br\/wp-json\/wp\/v2\/media\/238305"}],"wp:attachment":[{"href":"https:\/\/www.trustedtranslations.com\/pt-br\/wp-json\/wp\/v2\/media?parent=134826"}],"curies":[{"name":"wp","href":"https:\/\/api.w.org\/{rel}","templated":true}]}}