{"id":134850,"date":"2018-11-30T14:42:28","date_gmt":"2018-11-30T14:42:28","guid":{"rendered":"https:\/\/www.trustedtranslations.com\/?page_id=134850"},"modified":"2023-05-09T20:56:22","modified_gmt":"2023-05-09T23:56:22","slug":"nao-encontrado","status":"publish","type":"page","link":"https:\/\/www.trustedtranslations.com\/pt-br\/nao-encontrado","title":{"rendered":"404"},"content":{"rendered":"<h1 class=\"center\">Error 404 &#8211; Not Found<\/h1>\n<p>Desculpe, mas a p\u00e1gina solicitada n\u00e3o foi encontrada em nosso site. Voc\u00ea pode ter usado um link quebrado ou digitado a URL incorretamente.<\/p>\n<p>Se tiver dificuldade para encontrar algo no site da <em><em>Trusted Translations<\/em><\/em>, visite a nossa p\u00e1gina principal ou o <a href=\"\/\/www.trustedtranslations.com\/sitemap\">mapa do site<\/a>. Voc\u00ea tamb\u00e9m poder\u00e1 encontrar o que procura utilizando a caixa de pesquisa abaixo:<\/p>\n<p>Se o erro persistir, entre em contato com o webmaster e envie um e-mail para <a class=\"external-link\" href=\"ma&#105;&#108;&#x74;&#x6f;&#x3a;&#x77;eb&#109;&#97;&#x73;&#x74;&#x65;&#x72;&#64;t&#114;&#117;&#115;&#x74;&#x65;&#x64;&#x74;ra&#110;&#115;&#x6c;&#x61;&#x74;&#x69;on&#115;&#46;&#x63;&#x6f;&#x6d;\">&#x77;&#x65;&#x62;&#x6d;&#x61;&#x73;&#x74;&#x65;&#x72;&#x40;&#x74;&#x72;&#x75;&#x73;&#116;&#101;&#100;&#116;&#114;&#97;&#110;&#115;&#108;&#97;&#116;ions&#46;com<\/a>.<\/p>\n<h2>Acesse:<\/h2>\n<div class=\"panel panel-default\">\n<table style=\"width: 100%;\">\n<tbody>\n<tr>\n<td style=\"text-align: left; padding: 8px;\">\n<li style=\"margin-left:20px;\"><a href=\"https:\/\/www.trustedtranslations.com\/pt-br\/idioma\/espanhol\">Tradu\u00e7\u00e3o de Espanhol<\/a><\/li>\n<\/td>\n<td style=\"text-align: left; padding: 8px;\">\n<li style=\"margin-left:20px;\"><a href=\"https:\/\/www.trustedtranslations.com\/pt-br\/sobre-nos\/precos\">Pre\u00e7os das tradu\u00e7\u00f5es<\/a><\/li>\n<\/td>\n<td style=\"text-align: left; padding: 8px;\">\n<li style=\"margin-left:20px;\"><a href=\"https:\/\/www.trustedtranslations.com\/pt-br\/solicitud-orcamento?source=404\">Or\u00e7amento gratuito de tradu\u00e7\u00e3o<\/a><\/li>\n<\/td>\n<\/tr>\n<\/tbody>\n<\/table>\n<\/div>\n<div id=\"table\" style=\"display:none;\">\n<h2>Eu queria pesquisar:<\/h2>\n<div class=\"panel panel-default\">\n<table style=\"width: 100%;\">\n<tbody>\n<tr id=\"sugerencias\"><\/tr>\n<\/tbody>\n<\/table>\n<\/div>\n<\/div>\n<div class=\"panel panel-default\">\n<div class=\"panel-body\"><div class=\"wprevpro-shortcode-wrapper\"><\/div><\/div>\n<\/div>\n<h2>Entre em contato com um de nossos especialistas para fazer uma consulta gratuita<\/h2>\n<p>Envie um e-mail para <a class=\"external-link\" title=\"Contact <em><em>Trusted Translations<\/em><\/em>, Inc: &#x73;a&#x6c;e&#x73;&#64;&#x74;&#114;u&#x73;t&#x65;&#100;&#x74;&#114;&#x61;&#110;s&#x6c;a&#x74;&#105;&#x6f;&#110;&#x73;&#x2e;c&#x6f;m&#8221; href=&#8221;&#109;&#x61;i&#108;&#x74;o&#x3a;&#x73;&#97;&#x6c;e&#115;&#x40;t&#114;&#x75;&#115;&#x74;e&#100;&#x74;r&#97;&#x6e;&#115;&#x6c;&#x61;&#116;&#x69;o&#110;&#x73;&#46;&#x63;&#x6f;&#109;&#8221;> &#115;&#x61;&#x6c;e&#115;&#x40;&#x74;r&#117;&#x73;t&#101;&#x64;&#x74;r&#97;&#x6e;s&#108;&#x61;&#x74;i&#111;&#x6e;&#x73;&#46;&#x63;&#x6f;m<\/a> e entraremos em contato com voc\u00ea. Ou se preferir, ligue para nosso n\u00famero gratuito 1 (877) 255-0717 ou um dos nossos n\u00fameros locais listados abaixo:<\/p>\n<div class=\"row\">\n<div class=\"col-xs-12 col-md-12\">\n<p>Argentina: <a href=\"tel:+541159840032\">+54 (11) 5984-0032<\/a><\/p>\n<\/div>\n<div class=\"col-xs-12 col-md-12\">\n<p>B\u00e9lgica: <a href=\"tel:+322808066554\">+32 (28) 0806-6554<\/a><\/p>\n<\/div>\n<\/div>\n<div class=\"row\">\n<div class=\"col-xs-12 col-md-12\">\n<p>Brasil: <a href=\"tel:+551139580239\">+55 (11) 3958-0239<\/a><\/p>\n<\/div>\n<div class=\"col-xs-12 col-md-12\">\n<p>Canad\u00e1: <a href=\"tel:+19055921941\">+1 (905) 592-1941<\/a><\/p>\n<\/div>\n<\/div>\n<div class=\"row\">\n<div class=\"col-xs-12 col-md-12\">\n<p>Fran\u00e7a: <a href=\"tel:+33975180330\">+33 (9) 7518-0330<\/a><\/p>\n<\/div>\n<div class=\"col-xs-12 col-md-12\">\n<p>Alemanha: <a href=\"tel:+498938038245\">+49 (89) 3803-8245<\/a><\/p>\n<\/div>\n<\/div>\n<div class=\"row\">\n<div class=\"col-xs-12 col-md-12\">\n<p>M\u00e9xico: <a href=\"tel:+525553516965\">+52 (555) 351-6965<\/a><\/p>\n<\/div>\n<div class=\"col-xs-12 col-md-12\">\n<p>Espanha: <a href=\"tel:+34938021473\">+34 (93) 802-1473<\/a><\/p>\n<\/div>\n<\/div>\n<div class=\"row\">\n<div class=\"col-xs-12 col-md-12\">\n<p>Reino Unido: <a href=\"tel:+4402070960729\">+44 (020) 7096-0729<\/a><\/p>\n<\/div>\n<\/div>\n","protected":false},"excerpt":{"rendered":"Error 404 \u2013 Not Found Desculpe, mas a p\u00e1gina solicitada n\u00e3o foi encontrada em nosso site. Voc\u00ea pode ter usado um link quebrado ou digitado a URL incorretamente. Se tiver\u2026\n","protected":false},"author":1,"featured_media":160117,"parent":0,"menu_order":0,"comment_status":"closed","ping_status":"closed","template":"","meta":{"site-sidebar-layout":"default","site-content-layout":"","ast-site-content-layout":"default","site-content-style":"default","site-sidebar-style":"default","ast-global-header-display":"","ast-banner-title-visibility":"","ast-main-header-display":"","ast-hfb-above-header-display":"","ast-hfb-below-header-display":"","ast-hfb-mobile-header-display":"","site-post-title":"disabled","ast-breadcrumbs-content":"","ast-featured-img":"","footer-sml-layout":"","ast-disable-related-posts":"","theme-transparent-header-meta":"","adv-header-id-meta":null,"stick-header-meta":null,"header-above-stick-meta":null,"header-main-stick-meta":null,"header-below-stick-meta":null,"astra-migrate-meta-layouts":"default","ast-page-background-enabled":"default","ast-page-background-meta":{"desktop":{"background-color":"var(--ast-global-color-4)","background-image":"","background-repeat":"repeat","background-position":"center center","background-size":"auto","background-attachment":"scroll","background-type":"","background-media":"","overlay-type":"","overlay-color":"","overlay-opacity":"","overlay-gradient":""},"tablet":{"background-color":"","background-image":"","background-repeat":"repeat","background-position":"center center","background-size":"auto","background-attachment":"scroll","background-type":"","background-media":"","overlay-type":"","overlay-color":"","overlay-opacity":"","overlay-gradient":""},"mobile":{"background-color":"","background-image":"","background-repeat":"repeat","background-position":"center center","background-size":"auto","background-attachment":"scroll","background-type":"","background-media":"","overlay-type":"","overlay-color":"","overlay-opacity":"","overlay-gradient":""}},"ast-content-background-meta":{"desktop":{"background-color":"var(--ast-global-color-5)","background-image":"","background-repeat":"repeat","background-position":"center center","background-size":"auto","background-attachment":"scroll","background-type":"","background-media":"","overlay-type":"","overlay-color":"","overlay-opacity":"","overlay-gradient":""},"tablet":{"background-color":"var(--ast-global-color-5)","background-image":"","background-repeat":"repeat","background-position":"center center","background-size":"auto","background-attachment":"scroll","background-type":"","background-media":"","overlay-type":"","overlay-color":"","overlay-opacity":"","overlay-gradient":""},"mobile":{"background-color":"var(--ast-global-color-5)","background-image":"","background-repeat":"repeat","background-position":"center center","background-size":"auto","background-attachment":"scroll","background-type":"","background-media":"","overlay-type":"","overlay-color":"","overlay-opacity":"","overlay-gradient":""}},"footnotes":""},"class_list":["post-134850","page","type-page","status-publish","has-post-thumbnail","hentry"],"yoast_head":"<!-- This site is optimized with the Yoast SEO plugin v27.3 - https:\/\/yoast.com\/product\/yoast-seo-wordpress\/ -->\n<title>Desculpe, n\u00e3o encontrado - Trusted Translations<\/title>\n<meta name=\"description\" content=\"Erro 404. Trusted Translations\" \/>\n<meta name=\"robots\" content=\"noindex, nofollow\" \/>\n<meta property=\"og:locale\" content=\"pt_BR\" \/>\n<meta property=\"og:type\" content=\"article\" \/>\n<meta property=\"og:title\" content=\"Desculpe, n\u00e3o encontrado - Trusted Translations\" \/>\n<meta property=\"og:description\" content=\"Erro 404. Trusted Translations\" \/>\n<meta property=\"og:url\" content=\"https:\/\/www.trustedtranslations.com\/pt-br\/nao-encontrado\" \/>\n<meta property=\"og:site_name\" content=\"Trusted Translations, Inc.\" \/>\n<meta property=\"article:publisher\" content=\"https:\/\/www.facebook.com\/Trusted.Translations\" \/>\n<meta property=\"article:modified_time\" content=\"2023-05-09T23:56:22+00:00\" \/>\n<meta property=\"og:image\" content=\"https:\/\/static.trustedtranslations.com\/wp-content\/uploads\/2022\/08\/TT_NEW_FB-1.png\" \/>\n\t<meta property=\"og:image:width\" content=\"1\" \/>\n\t<meta property=\"og:image:height\" content=\"1\" \/>\n\t<meta property=\"og:image:type\" content=\"image\/jpeg\" \/>\n<meta name=\"twitter:card\" content=\"summary_large_image\" \/>\n<meta name=\"twitter:site\" content=\"@TrustedT9ns\" \/>\n<script type=\"application\/ld+json\" class=\"yoast-schema-graph\">{\"@context\":\"https:\\\/\\\/schema.org\",\"@graph\":[{\"@type\":\"WebPage\",\"@id\":\"https:\\\/\\\/www.trustedtranslations.com\\\/pt-br\\\/nao-encontrado\",\"url\":\"https:\\\/\\\/www.trustedtranslations.com\\\/pt-br\\\/nao-encontrado\",\"name\":\"Desculpe, n\u00e3o encontrado - Trusted Translations\",\"isPartOf\":{\"@id\":\"https:\\\/\\\/www.trustedtranslations.com\\\/pt-br\\\/#website\"},\"primaryImageOfPage\":{\"@id\":\"https:\\\/\\\/www.trustedtranslations.com\\\/pt-br\\\/nao-encontrado#primaryimage\"},\"image\":{\"@id\":\"https:\\\/\\\/www.trustedtranslations.com\\\/pt-br\\\/nao-encontrado#primaryimage\"},\"thumbnailUrl\":\"https:\\\/\\\/www.trustedtranslations.com\\\/wp-content\\\/uploads\\\/2022\\\/08\\\/TT_NEW_FB-1.png\",\"description\":\"Erro 404. Trusted Translations\",\"breadcrumb\":{\"@id\":\"https:\\\/\\\/www.trustedtranslations.com\\\/pt-br\\\/nao-encontrado#breadcrumb\"},\"inLanguage\":\"pt-BR\",\"potentialAction\":[{\"@type\":\"ReadAction\",\"target\":[\"https:\\\/\\\/www.trustedtranslations.com\\\/pt-br\\\/nao-encontrado\"]}]},{\"@type\":\"ImageObject\",\"inLanguage\":\"pt-BR\",\"@id\":\"https:\\\/\\\/www.trustedtranslations.com\\\/pt-br\\\/nao-encontrado#primaryimage\",\"url\":\"https:\\\/\\\/www.trustedtranslations.com\\\/wp-content\\\/uploads\\\/2022\\\/08\\\/TT_NEW_FB-1.png\",\"contentUrl\":\"https:\\\/\\\/www.trustedtranslations.com\\\/wp-content\\\/uploads\\\/2022\\\/08\\\/TT_NEW_FB-1.png\",\"caption\":\"TT NEW FB 1\"},{\"@type\":\"BreadcrumbList\",\"@id\":\"https:\\\/\\\/www.trustedtranslations.com\\\/pt-br\\\/nao-encontrado#breadcrumb\",\"itemListElement\":[{\"@type\":\"ListItem\",\"position\":1,\"name\":\"Home\",\"item\":\"https:\\\/\\\/www.trustedtranslations.com\\\/pt-br\"},{\"@type\":\"ListItem\",\"position\":2,\"name\":\"404\"}]},{\"@type\":\"WebSite\",\"@id\":\"https:\\\/\\\/www.trustedtranslations.com\\\/pt-br\\\/#website\",\"url\":\"https:\\\/\\\/www.trustedtranslations.com\\\/pt-br\\\/\",\"name\":\"Trusted Translations, Inc.\",\"description\":\"Leader in translation and interpretation services.\",\"publisher\":{\"@id\":\"https:\\\/\\\/www.trustedtranslations.com\\\/pt-br\\\/#organization\"},\"alternateName\":\"Trusted Translations\",\"potentialAction\":[{\"@type\":\"SearchAction\",\"target\":{\"@type\":\"EntryPoint\",\"urlTemplate\":\"https:\\\/\\\/www.trustedtranslations.com\\\/pt-br\\\/?s={search_term_string}\"},\"query-input\":{\"@type\":\"PropertyValueSpecification\",\"valueRequired\":true,\"valueName\":\"search_term_string\"}}],\"inLanguage\":\"pt-BR\"},{\"@type\":\"Organization\",\"@id\":\"https:\\\/\\\/www.trustedtranslations.com\\\/pt-br\\\/#organization\",\"name\":\"Trusted Translations\",\"alternateName\":\"Trusted Translations, Inc.\",\"url\":\"https:\\\/\\\/www.trustedtranslations.com\\\/pt-br\\\/\",\"logo\":{\"@type\":\"ImageObject\",\"inLanguage\":\"pt-BR\",\"@id\":\"https:\\\/\\\/www.trustedtranslations.com\\\/pt-br\\\/#\\\/schema\\\/logo\\\/image\\\/\",\"url\":\"https:\\\/\\\/static.trustedtranslations.com\\\/wp-content\\\/uploads\\\/2022\\\/01\\\/TT_logo_WSIColors-2.png\",\"contentUrl\":\"https:\\\/\\\/static.trustedtranslations.com\\\/wp-content\\\/uploads\\\/2022\\\/01\\\/TT_logo_WSIColors-2.png\",\"width\":500,\"height\":196,\"caption\":\"Trusted Translations\"},\"image\":{\"@id\":\"https:\\\/\\\/www.trustedtranslations.com\\\/pt-br\\\/#\\\/schema\\\/logo\\\/image\\\/\"},\"sameAs\":[\"https:\\\/\\\/www.facebook.com\\\/Trusted.Translations\",\"https:\\\/\\\/x.com\\\/TrustedT9ns\",\"https:\\\/\\\/www.linkedin.com\\\/company\\\/trusted-translations\"]}]}<\/script>\n<!-- \/ Yoast SEO plugin. -->","yoast_head_json":{"title":"Desculpe, n\u00e3o encontrado - Trusted Translations","description":"Erro 404. Trusted Translations","robots":{"index":"noindex","follow":"nofollow"},"og_locale":"pt_BR","og_type":"article","og_title":"Desculpe, n\u00e3o encontrado - Trusted Translations","og_description":"Erro 404. Trusted Translations","og_url":"https:\/\/www.trustedtranslations.com\/pt-br\/nao-encontrado","og_site_name":"Trusted Translations, Inc.","article_publisher":"https:\/\/www.facebook.com\/Trusted.Translations","article_modified_time":"2023-05-09T23:56:22+00:00","og_image":[{"url":"https:\/\/static.trustedtranslations.com\/wp-content\/uploads\/2022\/08\/TT_NEW_FB-1.png","width":1,"height":1,"type":"image\/jpeg"}],"twitter_card":"summary_large_image","twitter_site":"@TrustedT9ns","schema":{"@context":"https:\/\/schema.org","@graph":[{"@type":"WebPage","@id":"https:\/\/www.trustedtranslations.com\/pt-br\/nao-encontrado","url":"https:\/\/www.trustedtranslations.com\/pt-br\/nao-encontrado","name":"Desculpe, n\u00e3o encontrado - Trusted Translations","isPartOf":{"@id":"https:\/\/www.trustedtranslations.com\/pt-br\/#website"},"primaryImageOfPage":{"@id":"https:\/\/www.trustedtranslations.com\/pt-br\/nao-encontrado#primaryimage"},"image":{"@id":"https:\/\/www.trustedtranslations.com\/pt-br\/nao-encontrado#primaryimage"},"thumbnailUrl":"https:\/\/www.trustedtranslations.com\/wp-content\/uploads\/2022\/08\/TT_NEW_FB-1.png","description":"Erro 404. Trusted Translations","breadcrumb":{"@id":"https:\/\/www.trustedtranslations.com\/pt-br\/nao-encontrado#breadcrumb"},"inLanguage":"pt-BR","potentialAction":[{"@type":"ReadAction","target":["https:\/\/www.trustedtranslations.com\/pt-br\/nao-encontrado"]}]},{"@type":"ImageObject","inLanguage":"pt-BR","@id":"https:\/\/www.trustedtranslations.com\/pt-br\/nao-encontrado#primaryimage","url":"https:\/\/www.trustedtranslations.com\/wp-content\/uploads\/2022\/08\/TT_NEW_FB-1.png","contentUrl":"https:\/\/www.trustedtranslations.com\/wp-content\/uploads\/2022\/08\/TT_NEW_FB-1.png","caption":"TT NEW FB 1"},{"@type":"BreadcrumbList","@id":"https:\/\/www.trustedtranslations.com\/pt-br\/nao-encontrado#breadcrumb","itemListElement":[{"@type":"ListItem","position":1,"name":"Home","item":"https:\/\/www.trustedtranslations.com\/pt-br"},{"@type":"ListItem","position":2,"name":"404"}]},{"@type":"WebSite","@id":"https:\/\/www.trustedtranslations.com\/pt-br\/#website","url":"https:\/\/www.trustedtranslations.com\/pt-br\/","name":"Trusted Translations, Inc.","description":"Leader in translation and interpretation services.","publisher":{"@id":"https:\/\/www.trustedtranslations.com\/pt-br\/#organization"},"alternateName":"Trusted Translations","potentialAction":[{"@type":"SearchAction","target":{"@type":"EntryPoint","urlTemplate":"https:\/\/www.trustedtranslations.com\/pt-br\/?s={search_term_string}"},"query-input":{"@type":"PropertyValueSpecification","valueRequired":true,"valueName":"search_term_string"}}],"inLanguage":"pt-BR"},{"@type":"Organization","@id":"https:\/\/www.trustedtranslations.com\/pt-br\/#organization","name":"Trusted Translations","alternateName":"Trusted Translations, Inc.","url":"https:\/\/www.trustedtranslations.com\/pt-br\/","logo":{"@type":"ImageObject","inLanguage":"pt-BR","@id":"https:\/\/www.trustedtranslations.com\/pt-br\/#\/schema\/logo\/image\/","url":"https:\/\/static.trustedtranslations.com\/wp-content\/uploads\/2022\/01\/TT_logo_WSIColors-2.png","contentUrl":"https:\/\/static.trustedtranslations.com\/wp-content\/uploads\/2022\/01\/TT_logo_WSIColors-2.png","width":500,"height":196,"caption":"Trusted Translations"},"image":{"@id":"https:\/\/www.trustedtranslations.com\/pt-br\/#\/schema\/logo\/image\/"},"sameAs":["https:\/\/www.facebook.com\/Trusted.Translations","https:\/\/x.com\/TrustedT9ns","https:\/\/www.linkedin.com\/company\/trusted-translations"]}]}},"toolset-meta":{"dyk":{"mensaje-1":{"type":"textfield","raw":""},"mensaje-2":{"type":"textfield","raw":""},"mensaje-3":{"type":"textfield","raw":""},"mensaje-4":{"type":"textfield","raw":""},"mensaje-5":{"type":"textfield","raw":""},"mensaje-6":{"type":"textfield","raw":""}},"single-page-template-fields":{"imgs-temp":{"type":"image","raw":[],"repeatable":[]},"imgs-temp-cel":{"type":"image","raw":[],"repeatable":[]},"img-temp-one-cel":{"type":"image","raw":"","attachment_id":null},"quotes":{"type":"textarea","raw":""},"text-1":{"type":"textarea","raw":""},"shortcode-map":{"type":"textfield","raw":""},"dyk-shortcode":{"type":"textfield","raw":""},"text-2":{"type":"textarea","raw":""},"state":{"type":"textfield","raw":""},"city":{"type":"textarea","raw":[]}}},"_links":{"self":[{"href":"https:\/\/www.trustedtranslations.com\/pt-br\/wp-json\/wp\/v2\/pages\/134850","targetHints":{"allow":["GET"]}}],"collection":[{"href":"https:\/\/www.trustedtranslations.com\/pt-br\/wp-json\/wp\/v2\/pages"}],"about":[{"href":"https:\/\/www.trustedtranslations.com\/pt-br\/wp-json\/wp\/v2\/types\/page"}],"author":[{"embeddable":true,"href":"https:\/\/www.trustedtranslations.com\/pt-br\/wp-json\/wp\/v2\/users\/1"}],"replies":[{"embeddable":true,"href":"https:\/\/www.trustedtranslations.com\/pt-br\/wp-json\/wp\/v2\/comments?post=134850"}],"version-history":[{"count":0,"href":"https:\/\/www.trustedtranslations.com\/pt-br\/wp-json\/wp\/v2\/pages\/134850\/revisions"}],"wp:featuredmedia":[{"embeddable":true,"href":"https:\/\/www.trustedtranslations.com\/pt-br\/wp-json\/wp\/v2\/media\/160117"}],"wp:attachment":[{"href":"https:\/\/www.trustedtranslations.com\/pt-br\/wp-json\/wp\/v2\/media?parent=134850"}],"curies":[{"name":"wp","href":"https:\/\/api.w.org\/{rel}","templated":true}]}}