{"id":134898,"date":"2018-11-22T13:40:30","date_gmt":"2018-11-22T13:40:30","guid":{"rendered":"https:\/\/www.trustedtranslations.com\/?page_id=134898"},"modified":"2025-11-21T11:32:48","modified_gmt":"2025-11-21T14:32:48","slug":"washington-dc","status":"publish","type":"page","link":"https:\/\/www.trustedtranslations.com\/pt-br\/sobre-nos\/contato\/washington-dc","title":{"rendered":"Washington, DC"},"content":{"rendered":"","protected":false},"excerpt":{"rendered":"","protected":false},"author":1,"featured_media":256792,"parent":134930,"menu_order":0,"comment_status":"closed","ping_status":"closed","template":"","meta":{"site-sidebar-layout":"default","site-content-layout":"default","ast-site-content-layout":"default","site-content-style":"default","site-sidebar-style":"default","ast-global-header-display":"","ast-banner-title-visibility":"","ast-main-header-display":"","ast-hfb-above-header-display":"","ast-hfb-below-header-display":"","ast-hfb-mobile-header-display":"","site-post-title":"disabled","ast-breadcrumbs-content":"","ast-featured-img":"","footer-sml-layout":"","ast-disable-related-posts":"","theme-transparent-header-meta":"default","adv-header-id-meta":"","stick-header-meta":"","header-above-stick-meta":"","header-main-stick-meta":"","header-below-stick-meta":"","astra-migrate-meta-layouts":"set","ast-page-background-enabled":"default","ast-page-background-meta":{"desktop":{"background-color":"var(--ast-global-color-4)","background-image":"","background-repeat":"repeat","background-position":"center center","background-size":"auto","background-attachment":"scroll","background-type":"","background-media":"","overlay-type":"","overlay-color":"","overlay-opacity":"","overlay-gradient":""},"tablet":{"background-color":"","background-image":"","background-repeat":"repeat","background-position":"center center","background-size":"auto","background-attachment":"scroll","background-type":"","background-media":"","overlay-type":"","overlay-color":"","overlay-opacity":"","overlay-gradient":""},"mobile":{"background-color":"","background-image":"","background-repeat":"repeat","background-position":"center center","background-size":"auto","background-attachment":"scroll","background-type":"","background-media":"","overlay-type":"","overlay-color":"","overlay-opacity":"","overlay-gradient":""}},"ast-content-background-meta":{"desktop":{"background-color":"var(--ast-global-color-5)","background-image":"","background-repeat":"repeat","background-position":"center center","background-size":"auto","background-attachment":"scroll","background-type":"","background-media":"","overlay-type":"","overlay-color":"","overlay-opacity":"","overlay-gradient":""},"tablet":{"background-color":"var(--ast-global-color-5)","background-image":"","background-repeat":"repeat","background-position":"center center","background-size":"auto","background-attachment":"scroll","background-type":"","background-media":"","overlay-type":"","overlay-color":"","overlay-opacity":"","overlay-gradient":""},"mobile":{"background-color":"var(--ast-global-color-5)","background-image":"","background-repeat":"repeat","background-position":"center center","background-size":"auto","background-attachment":"scroll","background-type":"","background-media":"","overlay-type":"","overlay-color":"","overlay-opacity":"","overlay-gradient":""}},"footnotes":""},"class_list":["post-134898","page","type-page","status-publish","has-post-thumbnail","hentry"],"yoast_head":"<!-- This site is optimized with the Yoast SEO plugin v27.5 - https:\/\/yoast.com\/product\/yoast-seo-wordpress\/ -->\n<title>Washington, D.C. Servi\u00e7os de tradu\u00e7\u00e3o \u2013 Empresa de tradu\u00e7\u00e3o l\u00edder de mercado do Distrito de Columbia<\/title>\n<meta name=\"description\" content=\"Trusted Translations, Inc. Washington, D.C., Distrito de Columbia. Servi\u00e7os de tradu\u00e7\u00e3o com qualidade comprovada e os melhores pre\u00e7os. Solicite uma consulta ou or\u00e7amento gratuitos. Fale conosco hoje mesmo.\" \/>\n<meta name=\"robots\" content=\"index, follow, max-snippet:-1, max-image-preview:large, max-video-preview:-1\" \/>\n<link rel=\"canonical\" href=\"https:\/\/www.trustedtranslations.com\/pt-br\/sobre-nos\/contato\/washington-dc\" \/>\n<meta property=\"og:locale\" content=\"pt_BR\" \/>\n<meta property=\"og:type\" content=\"article\" \/>\n<meta property=\"og:title\" content=\"Washington, D.C. Servi\u00e7os de tradu\u00e7\u00e3o \u2013 Empresa de tradu\u00e7\u00e3o l\u00edder de mercado do Distrito de Columbia\" \/>\n<meta property=\"og:description\" content=\"Trusted Translations, Inc. Washington, D.C., Distrito de Columbia. Servi\u00e7os de tradu\u00e7\u00e3o com qualidade comprovada e os melhores pre\u00e7os. Solicite uma consulta ou or\u00e7amento gratuitos. Fale conosco hoje mesmo.\" \/>\n<meta property=\"og:url\" content=\"https:\/\/www.trustedtranslations.com\/pt-br\/sobre-nos\/contato\/washington-dc\" \/>\n<meta property=\"og:site_name\" content=\"Trusted Translations, Inc.\" \/>\n<meta property=\"article:publisher\" content=\"https:\/\/www.facebook.com\/Trusted.Translations\" \/>\n<meta property=\"article:modified_time\" content=\"2025-11-21T14:32:48+00:00\" \/>\n<meta property=\"og:image\" content=\"https:\/\/www.trustedtranslations.com\/wp-content\/uploads\/2024\/05\/dc-final-1-1.webp\" \/>\n\t<meta property=\"og:image:width\" content=\"600\" \/>\n\t<meta property=\"og:image:height\" content=\"401\" \/>\n\t<meta property=\"og:image:type\" content=\"image\/webp\" \/>\n<meta name=\"twitter:card\" content=\"summary_large_image\" \/>\n<meta name=\"twitter:site\" content=\"@TrustedT9ns\" \/>\n<script type=\"application\/ld+json\" class=\"yoast-schema-graph\">{\"@context\":\"https:\\\/\\\/schema.org\",\"@graph\":[{\"@type\":\"WebPage\",\"@id\":\"https:\\\/\\\/www.trustedtranslations.com\\\/pt-br\\\/sobre-nos\\\/contato\\\/washington-dc\",\"url\":\"https:\\\/\\\/www.trustedtranslations.com\\\/pt-br\\\/sobre-nos\\\/contato\\\/washington-dc\",\"name\":\"Washington, D.C. Servi\u00e7os de tradu\u00e7\u00e3o \u2013 Empresa de tradu\u00e7\u00e3o l\u00edder de mercado do Distrito de Columbia\",\"isPartOf\":{\"@id\":\"https:\\\/\\\/www.trustedtranslations.com\\\/pt-br\\\/#website\"},\"primaryImageOfPage\":{\"@id\":\"https:\\\/\\\/www.trustedtranslations.com\\\/pt-br\\\/sobre-nos\\\/contato\\\/washington-dc#primaryimage\"},\"image\":{\"@id\":\"https:\\\/\\\/www.trustedtranslations.com\\\/pt-br\\\/sobre-nos\\\/contato\\\/washington-dc#primaryimage\"},\"thumbnailUrl\":\"https:\\\/\\\/www.trustedtranslations.com\\\/wp-content\\\/uploads\\\/2024\\\/05\\\/dc-final-1-1.webp\",\"description\":\"Trusted Translations, Inc. Washington, D.C., Distrito de Columbia. Servi\u00e7os de tradu\u00e7\u00e3o com qualidade comprovada e os melhores pre\u00e7os. Solicite uma consulta ou or\u00e7amento gratuitos. Fale conosco hoje mesmo.\",\"breadcrumb\":{\"@id\":\"https:\\\/\\\/www.trustedtranslations.com\\\/pt-br\\\/sobre-nos\\\/contato\\\/washington-dc#breadcrumb\"},\"inLanguage\":\"pt-BR\",\"potentialAction\":[{\"@type\":\"ReadAction\",\"target\":[\"https:\\\/\\\/www.trustedtranslations.com\\\/pt-br\\\/sobre-nos\\\/contato\\\/washington-dc\"]}]},{\"@type\":\"ImageObject\",\"inLanguage\":\"pt-BR\",\"@id\":\"https:\\\/\\\/www.trustedtranslations.com\\\/pt-br\\\/sobre-nos\\\/contato\\\/washington-dc#primaryimage\",\"url\":\"https:\\\/\\\/www.trustedtranslations.com\\\/wp-content\\\/uploads\\\/2024\\\/05\\\/dc-final-1-1.webp\",\"contentUrl\":\"https:\\\/\\\/www.trustedtranslations.com\\\/wp-content\\\/uploads\\\/2024\\\/05\\\/dc-final-1-1.webp\",\"width\":600,\"height\":401,\"caption\":\"dc final 1 1\"},{\"@type\":\"BreadcrumbList\",\"@id\":\"https:\\\/\\\/www.trustedtranslations.com\\\/pt-br\\\/sobre-nos\\\/contato\\\/washington-dc#breadcrumb\",\"itemListElement\":[{\"@type\":\"ListItem\",\"position\":1,\"name\":\"Home\",\"item\":\"https:\\\/\\\/www.trustedtranslations.com\\\/pt-br\"},{\"@type\":\"ListItem\",\"position\":2,\"name\":\"Sobre n\u00f3s\",\"item\":\"https:\\\/\\\/www.trustedtranslations.com\\\/pt-br\\\/sobre-nos\"},{\"@type\":\"ListItem\",\"position\":3,\"name\":\"Contato\",\"item\":\"https:\\\/\\\/www.trustedtranslations.com\\\/pt-br\\\/sobre-nos\\\/contato\"},{\"@type\":\"ListItem\",\"position\":4,\"name\":\"Washington, DC\"}]},{\"@type\":\"WebSite\",\"@id\":\"https:\\\/\\\/www.trustedtranslations.com\\\/pt-br\\\/#website\",\"url\":\"https:\\\/\\\/www.trustedtranslations.com\\\/pt-br\\\/\",\"name\":\"Trusted Translations, Inc.\",\"description\":\"Leader in translation and interpretation services.\",\"publisher\":{\"@id\":\"https:\\\/\\\/www.trustedtranslations.com\\\/pt-br\\\/#organization\"},\"alternateName\":\"Trusted Translations\",\"potentialAction\":[{\"@type\":\"SearchAction\",\"target\":{\"@type\":\"EntryPoint\",\"urlTemplate\":\"https:\\\/\\\/www.trustedtranslations.com\\\/pt-br\\\/?s={search_term_string}\"},\"query-input\":{\"@type\":\"PropertyValueSpecification\",\"valueRequired\":true,\"valueName\":\"search_term_string\"}}],\"inLanguage\":\"pt-BR\"},{\"@type\":\"Organization\",\"@id\":\"https:\\\/\\\/www.trustedtranslations.com\\\/pt-br\\\/#organization\",\"name\":\"Trusted Translations\",\"alternateName\":\"Trusted Translations, Inc.\",\"url\":\"https:\\\/\\\/www.trustedtranslations.com\\\/pt-br\\\/\",\"logo\":{\"@type\":\"ImageObject\",\"inLanguage\":\"pt-BR\",\"@id\":\"https:\\\/\\\/www.trustedtranslations.com\\\/pt-br\\\/#\\\/schema\\\/logo\\\/image\\\/\",\"url\":\"https:\\\/\\\/static.trustedtranslations.com\\\/wp-content\\\/uploads\\\/2022\\\/01\\\/TT_logo_WSIColors-2.png\",\"contentUrl\":\"https:\\\/\\\/static.trustedtranslations.com\\\/wp-content\\\/uploads\\\/2022\\\/01\\\/TT_logo_WSIColors-2.png\",\"width\":500,\"height\":196,\"caption\":\"Trusted Translations\"},\"image\":{\"@id\":\"https:\\\/\\\/www.trustedtranslations.com\\\/pt-br\\\/#\\\/schema\\\/logo\\\/image\\\/\"},\"sameAs\":[\"https:\\\/\\\/www.facebook.com\\\/Trusted.Translations\",\"https:\\\/\\\/x.com\\\/TrustedT9ns\",\"https:\\\/\\\/www.linkedin.com\\\/company\\\/trusted-translations\"]}]}<\/script>\n<!-- \/ Yoast SEO plugin. -->","yoast_head_json":{"title":"Washington, D.C. Servi\u00e7os de tradu\u00e7\u00e3o \u2013 Empresa de tradu\u00e7\u00e3o l\u00edder de mercado do Distrito de Columbia","description":"Trusted Translations, Inc. Washington, D.C., Distrito de Columbia. Servi\u00e7os de tradu\u00e7\u00e3o com qualidade comprovada e os melhores pre\u00e7os. Solicite uma consulta ou or\u00e7amento gratuitos. Fale conosco hoje mesmo.","robots":{"index":"index","follow":"follow","max-snippet":"max-snippet:-1","max-image-preview":"max-image-preview:large","max-video-preview":"max-video-preview:-1"},"canonical":"https:\/\/www.trustedtranslations.com\/pt-br\/sobre-nos\/contato\/washington-dc","og_locale":"pt_BR","og_type":"article","og_title":"Washington, D.C. Servi\u00e7os de tradu\u00e7\u00e3o \u2013 Empresa de tradu\u00e7\u00e3o l\u00edder de mercado do Distrito de Columbia","og_description":"Trusted Translations, Inc. Washington, D.C., Distrito de Columbia. Servi\u00e7os de tradu\u00e7\u00e3o com qualidade comprovada e os melhores pre\u00e7os. Solicite uma consulta ou or\u00e7amento gratuitos. Fale conosco hoje mesmo.","og_url":"https:\/\/www.trustedtranslations.com\/pt-br\/sobre-nos\/contato\/washington-dc","og_site_name":"Trusted Translations, Inc.","article_publisher":"https:\/\/www.facebook.com\/Trusted.Translations","article_modified_time":"2025-11-21T14:32:48+00:00","og_image":[{"width":600,"height":401,"url":"https:\/\/www.trustedtranslations.com\/wp-content\/uploads\/2024\/05\/dc-final-1-1.webp","type":"image\/webp"}],"twitter_card":"summary_large_image","twitter_site":"@TrustedT9ns","schema":{"@context":"https:\/\/schema.org","@graph":[{"@type":"WebPage","@id":"https:\/\/www.trustedtranslations.com\/pt-br\/sobre-nos\/contato\/washington-dc","url":"https:\/\/www.trustedtranslations.com\/pt-br\/sobre-nos\/contato\/washington-dc","name":"Washington, D.C. Servi\u00e7os de tradu\u00e7\u00e3o \u2013 Empresa de tradu\u00e7\u00e3o l\u00edder de mercado do Distrito de Columbia","isPartOf":{"@id":"https:\/\/www.trustedtranslations.com\/pt-br\/#website"},"primaryImageOfPage":{"@id":"https:\/\/www.trustedtranslations.com\/pt-br\/sobre-nos\/contato\/washington-dc#primaryimage"},"image":{"@id":"https:\/\/www.trustedtranslations.com\/pt-br\/sobre-nos\/contato\/washington-dc#primaryimage"},"thumbnailUrl":"https:\/\/www.trustedtranslations.com\/wp-content\/uploads\/2024\/05\/dc-final-1-1.webp","description":"Trusted Translations, Inc. Washington, D.C., Distrito de Columbia. Servi\u00e7os de tradu\u00e7\u00e3o com qualidade comprovada e os melhores pre\u00e7os. Solicite uma consulta ou or\u00e7amento gratuitos. Fale conosco hoje mesmo.","breadcrumb":{"@id":"https:\/\/www.trustedtranslations.com\/pt-br\/sobre-nos\/contato\/washington-dc#breadcrumb"},"inLanguage":"pt-BR","potentialAction":[{"@type":"ReadAction","target":["https:\/\/www.trustedtranslations.com\/pt-br\/sobre-nos\/contato\/washington-dc"]}]},{"@type":"ImageObject","inLanguage":"pt-BR","@id":"https:\/\/www.trustedtranslations.com\/pt-br\/sobre-nos\/contato\/washington-dc#primaryimage","url":"https:\/\/www.trustedtranslations.com\/wp-content\/uploads\/2024\/05\/dc-final-1-1.webp","contentUrl":"https:\/\/www.trustedtranslations.com\/wp-content\/uploads\/2024\/05\/dc-final-1-1.webp","width":600,"height":401,"caption":"dc final 1 1"},{"@type":"BreadcrumbList","@id":"https:\/\/www.trustedtranslations.com\/pt-br\/sobre-nos\/contato\/washington-dc#breadcrumb","itemListElement":[{"@type":"ListItem","position":1,"name":"Home","item":"https:\/\/www.trustedtranslations.com\/pt-br"},{"@type":"ListItem","position":2,"name":"Sobre n\u00f3s","item":"https:\/\/www.trustedtranslations.com\/pt-br\/sobre-nos"},{"@type":"ListItem","position":3,"name":"Contato","item":"https:\/\/www.trustedtranslations.com\/pt-br\/sobre-nos\/contato"},{"@type":"ListItem","position":4,"name":"Washington, DC"}]},{"@type":"WebSite","@id":"https:\/\/www.trustedtranslations.com\/pt-br\/#website","url":"https:\/\/www.trustedtranslations.com\/pt-br\/","name":"Trusted Translations, Inc.","description":"Leader in translation and interpretation services.","publisher":{"@id":"https:\/\/www.trustedtranslations.com\/pt-br\/#organization"},"alternateName":"Trusted Translations","potentialAction":[{"@type":"SearchAction","target":{"@type":"EntryPoint","urlTemplate":"https:\/\/www.trustedtranslations.com\/pt-br\/?s={search_term_string}"},"query-input":{"@type":"PropertyValueSpecification","valueRequired":true,"valueName":"search_term_string"}}],"inLanguage":"pt-BR"},{"@type":"Organization","@id":"https:\/\/www.trustedtranslations.com\/pt-br\/#organization","name":"Trusted Translations","alternateName":"Trusted Translations, Inc.","url":"https:\/\/www.trustedtranslations.com\/pt-br\/","logo":{"@type":"ImageObject","inLanguage":"pt-BR","@id":"https:\/\/www.trustedtranslations.com\/pt-br\/#\/schema\/logo\/image\/","url":"https:\/\/static.trustedtranslations.com\/wp-content\/uploads\/2022\/01\/TT_logo_WSIColors-2.png","contentUrl":"https:\/\/static.trustedtranslations.com\/wp-content\/uploads\/2022\/01\/TT_logo_WSIColors-2.png","width":500,"height":196,"caption":"Trusted Translations"},"image":{"@id":"https:\/\/www.trustedtranslations.com\/pt-br\/#\/schema\/logo\/image\/"},"sameAs":["https:\/\/www.facebook.com\/Trusted.Translations","https:\/\/x.com\/TrustedT9ns","https:\/\/www.linkedin.com\/company\/trusted-translations"]}]}},"toolset-meta":{"dyk":{"mensaje-1":{"type":"textfield","raw":"Prestamos servi\u00e7os aprovados a algumas das principais ag\u00eancias federais, estaduais e locais de D.C."},"mensaje-2":{"type":"textfield","raw":"A Trusted Translations tem orgulho de ser parceira do National Democratic Institute."},"mensaje-3":{"type":"textfield","raw":"A sede global da Trusted Translations est\u00e1 localizada na \u00e1rea metropolitana de D.C."},"mensaje-4":{"type":"textfield","raw":"Somos parceiros das principais organiza\u00e7\u00f5es sem fins lucrativos com sede em D.C., como o Animal Welfare Institute."},"mensaje-5":{"type":"textfield","raw":""},"mensaje-6":{"type":"textfield","raw":""}},"single-page-template-fields":{"imgs-temp":{"type":"image","raw":["https:\/\/static.trustedtranslations.com\/wp-content\/uploads\/2024\/05\/dc-final-2.webp"],"repeatable":[{"raw":"https:\/\/static.trustedtranslations.com\/wp-content\/uploads\/2024\/05\/dc-final-2.webp"}]},"imgs-temp-cel":{"type":"image","raw":[""],"repeatable":[{"raw":""}]},"img-temp-one-cel":{"type":"image","raw":"https:\/\/static.trustedtranslations.com\/wp-content\/uploads\/2024\/05\/dc-final-1-1.webp","attachment_id":null},"quotes":{"type":"textarea","raw":"<h1 style=\"margin-bottom:12px\">Servi\u00e7os de tradu\u00e7\u00e3o em Washington DC<\/h1>\r\n<p>\r\n    <a style=\"color: #2a2a2a; text-decoration: none;\" href=\"https:\/\/goo.gl\/maps\/pymVz7NZMF67VogL8\"><i class=\"fa fa-map-pin\"><\/i> 1015 15th Street\r\n        Washington DC, 20005,\r\n        United States<\/a>\r\n    <a style=\"color: #2a2a2a; text-decoration: none;\" href=\"tel:+19174709130\"><i class=\"fa fa-phone\"><\/i> +1 (202) 558-6598<\/a>\r\n    <a style=\"color: #2a2a2a; text-decoration: none;\" href=\"mailto:dc@trustedtranslations.com\"><i class=\"fa fa-envelope\"><\/i>dc@trustedtranslations.com<\/a>\r\n<\/p>\r\n<div style=\"margin-top: 2.5vw;\"><a class=\"tt-btn-main-cta\" href=\"#tree-form\">Solicite um or\u00e7amento gratuito<\/a><\/div>"},"text-1":{"type":"textarea","raw":"<h2>Mapa da filial de Washington, D.C.<\/h2>"},"shortcode-map":{"type":"textfield","raw":"[mostrar_mapa url=\"https:\/\/www.google.com\/maps\/embed?pb=!1m18!1m12!1m3!1d3104.9127428553334!2d-77.03642154881463!3d38.903110654111764!2m3!1f0!2f0!3f0!3m2!1i1024!2i768!4f13.1!3m3!1m2!1s0x89b7b7be32746825%3A0xe08031137a5f48d1!2s1015%2015th%20St%20NW%2C%20Washington%2C%20DC%2020005%2C%20USA!5e0!3m2!1sen!2spy!4v1673906310235!5m2!1sen!2spy\" width=\"600px\" height=\"450px\"]"},"dyk-shortcode":{"type":"textfield","raw":"[elementor-template id=\"147273\"]"},"text-2":{"type":"textarea","raw":"<h2>Servi\u00e7os profissionais de tradu\u00e7\u00e3o em Washington, D.C.<\/h2>\r\n<img class=\"alignright wp-image-140039 size-full\" src=\"https:\/\/www.trustedtranslations.com\/wp-content\/uploads\/2022\/03\/trusted-translations-washington.webp\" alt=\"\" width=\"454\" height=\"340\" \/>\r\n\r\nWashington, D.C. \u00e9 um renomado centro global dos setores do <a href=\"https:\/\/www.trustedtranslations.com\/pt-br\/setores\/governo\">governo<\/a> e <a href=\"https:\/\/www.trustedtranslations.com\/pt-br\/setores\/tecnica\">tecnologia<\/a>, bem como sede de institui\u00e7\u00f5es <a href=\"https:\/\/www.trustedtranslations.com\/pt-br\/setores\/financeira\">financeiras<\/a> internacionais como o Banco Mundial e o FMI. Em apoio \u00e0 natureza altamente internacional de D.C., a <strong><em>Trusted Translations<\/em><\/strong> foi fundada em D.C. h\u00e1 mais de vinte anos para atender ao governo e ao setor privado. Somos parceiros de clientes como a <a href=\"https:\/\/www.trustedtranslations.com\/pt-br\/setores\/juridica\">American Bar Association<\/a>, o National Democratic Institute, o Animal Welfare Institute, Sustainalytics, Ironworkers International e o USDA Agricultural Research Service, entre outros.\r\n\r\nVisto que D.C. est\u00e1 no centro do cen\u00e1rio pol\u00edtico mundial, sendo tamb\u00e9m um destino para milh\u00f5es de turistas internacionais, ter materiais em <a href=\"https:\/\/www.trustedtranslations.com\/pt-br\/idioma\/multilingue\">v\u00e1rios idiomas<\/a> \u00e9 absolutamente essencial para atuar na regi\u00e3o. O escrit\u00f3rio da <strong><em>Trusted Translations<\/em><\/strong> em D.C. est\u00e1 dispon\u00edvel com suporte local para clientes tanto do setor privado quanto do <a href=\"https:\/\/www.trustedtranslations.com\/pt-br\/setores\/gsa\">governo<\/a> que buscam servi\u00e7os de tradu\u00e7\u00e3o multil\u00edngue de alta qualidade.\r\n<h2 style=\"margin-bottom:20px\">Sobre a cidade de Washington, D.C.<\/h2>\r\nWashington, D.C., ou apenas D.C., \u00e9 a capital dos Estados Unidos e o centro federal para a pol\u00edtica nacional e internacional. A regi\u00e3o metropolitana de Washington consiste no Distrito de Columbia e partes de Maryland, Virg\u00ednia e Virg\u00ednia Ocidental, com uma popula\u00e7\u00e3o total de mais de 6 milh\u00f5es de pessoas, tornando-a uma das 10 maiores cidades do pa\u00eds. D.C. abriga muitas ag\u00eancias e organiza\u00e7\u00f5es governamentais importantes, tanto nacionais quanto internacionais, sendo tamb\u00e9m um ponto de destaque para pol\u00edticas mundiais e rela\u00e7\u00f5es internacionais."},"state":{"type":"textfield","raw":""},"city":{"type":"textarea","raw":[""]}}},"_links":{"self":[{"href":"https:\/\/www.trustedtranslations.com\/pt-br\/wp-json\/wp\/v2\/pages\/134898","targetHints":{"allow":["GET"]}}],"collection":[{"href":"https:\/\/www.trustedtranslations.com\/pt-br\/wp-json\/wp\/v2\/pages"}],"about":[{"href":"https:\/\/www.trustedtranslations.com\/pt-br\/wp-json\/wp\/v2\/types\/page"}],"author":[{"embeddable":true,"href":"https:\/\/www.trustedtranslations.com\/pt-br\/wp-json\/wp\/v2\/users\/1"}],"replies":[{"embeddable":true,"href":"https:\/\/www.trustedtranslations.com\/pt-br\/wp-json\/wp\/v2\/comments?post=134898"}],"version-history":[{"count":0,"href":"https:\/\/www.trustedtranslations.com\/pt-br\/wp-json\/wp\/v2\/pages\/134898\/revisions"}],"up":[{"embeddable":true,"href":"https:\/\/www.trustedtranslations.com\/pt-br\/wp-json\/wp\/v2\/pages\/134930"}],"wp:featuredmedia":[{"embeddable":true,"href":"https:\/\/www.trustedtranslations.com\/pt-br\/wp-json\/wp\/v2\/media\/256792"}],"wp:attachment":[{"href":"https:\/\/www.trustedtranslations.com\/pt-br\/wp-json\/wp\/v2\/media?parent=134898"}],"curies":[{"name":"wp","href":"https:\/\/api.w.org\/{rel}","templated":true}]}}