{"id":134911,"date":"2018-11-21T13:36:06","date_gmt":"2018-11-21T13:36:06","guid":{"rendered":"https:\/\/www.trustedtranslations.com\/?page_id=134911"},"modified":"2025-07-14T18:29:12","modified_gmt":"2025-07-14T21:29:12","slug":"tradutores-confiaveis","status":"publish","type":"page","link":"https:\/\/www.trustedtranslations.com\/pt-br\/sobre-nos\/tradutores-confiaveis","title":{"rendered":"Tradutores confi\u00e1veis"},"content":{"rendered":"","protected":false},"excerpt":{"rendered":"","protected":false},"author":1,"featured_media":139632,"parent":135071,"menu_order":0,"comment_status":"closed","ping_status":"closed","template":"","meta":{"site-sidebar-layout":"no-sidebar","site-content-layout":"page-builder","ast-site-content-layout":"full-width-container","site-content-style":"unboxed","site-sidebar-style":"unboxed","ast-global-header-display":"","ast-banner-title-visibility":"","ast-main-header-display":"","ast-hfb-above-header-display":"","ast-hfb-below-header-display":"","ast-hfb-mobile-header-display":"","site-post-title":"disabled","ast-breadcrumbs-content":"","ast-featured-img":"disabled","footer-sml-layout":"","ast-disable-related-posts":"","theme-transparent-header-meta":"default","adv-header-id-meta":"","stick-header-meta":"","header-above-stick-meta":"","header-main-stick-meta":"","header-below-stick-meta":"","astra-migrate-meta-layouts":"set","ast-page-background-enabled":"default","ast-page-background-meta":{"desktop":{"background-color":"var(--ast-global-color-4)","background-image":"","background-repeat":"repeat","background-position":"center center","background-size":"auto","background-attachment":"scroll","background-type":"","background-media":"","overlay-type":"","overlay-color":"","overlay-opacity":"","overlay-gradient":""},"tablet":{"background-color":"","background-image":"","background-repeat":"repeat","background-position":"center center","background-size":"auto","background-attachment":"scroll","background-type":"","background-media":"","overlay-type":"","overlay-color":"","overlay-opacity":"","overlay-gradient":""},"mobile":{"background-color":"","background-image":"","background-repeat":"repeat","background-position":"center center","background-size":"auto","background-attachment":"scroll","background-type":"","background-media":"","overlay-type":"","overlay-color":"","overlay-opacity":"","overlay-gradient":""}},"ast-content-background-meta":{"desktop":{"background-color":"var(--ast-global-color-5)","background-image":"","background-repeat":"repeat","background-position":"center center","background-size":"auto","background-attachment":"scroll","background-type":"","background-media":"","overlay-type":"","overlay-color":"","overlay-opacity":"","overlay-gradient":""},"tablet":{"background-color":"var(--ast-global-color-5)","background-image":"","background-repeat":"repeat","background-position":"center center","background-size":"auto","background-attachment":"scroll","background-type":"","background-media":"","overlay-type":"","overlay-color":"","overlay-opacity":"","overlay-gradient":""},"mobile":{"background-color":"var(--ast-global-color-5)","background-image":"","background-repeat":"repeat","background-position":"center center","background-size":"auto","background-attachment":"scroll","background-type":"","background-media":"","overlay-type":"","overlay-color":"","overlay-opacity":"","overlay-gradient":""}},"footnotes":""},"class_list":["post-134911","page","type-page","status-publish","has-post-thumbnail","hentry"],"yoast_head":"<!-- This site is optimized with the Yoast SEO plugin v27.5 - https:\/\/yoast.com\/product\/yoast-seo-wordpress\/ -->\n<title>Tradutores confi\u00e1veis - Trusted Translations, Inc.<\/title>\n<meta name=\"description\" content=\"A Trusted Translations estabeleceu processos rigorosos de garantia de qualidade para avalia\u00e7\u00e3o completa e monitoramento cont\u00ednuo de todos os seus tradutores.\" \/>\n<meta name=\"robots\" content=\"index, follow, max-snippet:-1, max-image-preview:large, max-video-preview:-1\" \/>\n<link rel=\"canonical\" href=\"https:\/\/www.trustedtranslations.com\/pt-br\/sobre-nos\/tradutores-confiaveis\" \/>\n<meta property=\"og:locale\" content=\"pt_BR\" \/>\n<meta property=\"og:type\" content=\"article\" \/>\n<meta property=\"og:title\" content=\"Tradutores confi\u00e1veis - Trusted Translations, Inc.\" \/>\n<meta property=\"og:description\" content=\"A Trusted Translations estabeleceu processos rigorosos de garantia de qualidade para avalia\u00e7\u00e3o completa e monitoramento cont\u00ednuo de todos os seus tradutores.\" \/>\n<meta property=\"og:url\" content=\"https:\/\/www.trustedtranslations.com\/pt-br\/sobre-nos\/tradutores-confiaveis\" \/>\n<meta property=\"og:site_name\" content=\"Trusted Translations, Inc.\" \/>\n<meta property=\"article:publisher\" content=\"https:\/\/www.facebook.com\/Trusted.Translations\" \/>\n<meta property=\"article:modified_time\" content=\"2025-07-14T21:29:12+00:00\" \/>\n<meta property=\"og:image\" content=\"https:\/\/static.trustedtranslations.com\/wp-content\/uploads\/2022\/03\/TT_NEW_FB-1.png\" \/>\n\t<meta property=\"og:image:width\" content=\"1038\" \/>\n\t<meta property=\"og:image:height\" content=\"1038\" \/>\n\t<meta property=\"og:image:type\" content=\"image\/png\" \/>\n<meta name=\"twitter:card\" content=\"summary_large_image\" \/>\n<meta name=\"twitter:site\" content=\"@TrustedT9ns\" \/>\n<script type=\"application\/ld+json\" class=\"yoast-schema-graph\">{\"@context\":\"https:\\\/\\\/schema.org\",\"@graph\":[{\"@type\":\"WebPage\",\"@id\":\"https:\\\/\\\/www.trustedtranslations.com\\\/pt-br\\\/sobre-nos\\\/tradutores-confiaveis\",\"url\":\"https:\\\/\\\/www.trustedtranslations.com\\\/pt-br\\\/sobre-nos\\\/tradutores-confiaveis\",\"name\":\"Tradutores confi\u00e1veis - Trusted Translations, Inc.\",\"isPartOf\":{\"@id\":\"https:\\\/\\\/www.trustedtranslations.com\\\/pt-br\\\/#website\"},\"primaryImageOfPage\":{\"@id\":\"https:\\\/\\\/www.trustedtranslations.com\\\/pt-br\\\/sobre-nos\\\/tradutores-confiaveis#primaryimage\"},\"image\":{\"@id\":\"https:\\\/\\\/www.trustedtranslations.com\\\/pt-br\\\/sobre-nos\\\/tradutores-confiaveis#primaryimage\"},\"thumbnailUrl\":\"https:\\\/\\\/www.trustedtranslations.com\\\/wp-content\\\/uploads\\\/2022\\\/03\\\/TT_NEW_FB-1.png\",\"description\":\"A Trusted Translations estabeleceu processos rigorosos de garantia de qualidade para avalia\u00e7\u00e3o completa e monitoramento cont\u00ednuo de todos os seus tradutores.\",\"breadcrumb\":{\"@id\":\"https:\\\/\\\/www.trustedtranslations.com\\\/pt-br\\\/sobre-nos\\\/tradutores-confiaveis#breadcrumb\"},\"inLanguage\":\"pt-BR\",\"potentialAction\":[{\"@type\":\"ReadAction\",\"target\":[\"https:\\\/\\\/www.trustedtranslations.com\\\/pt-br\\\/sobre-nos\\\/tradutores-confiaveis\"]}]},{\"@type\":\"ImageObject\",\"inLanguage\":\"pt-BR\",\"@id\":\"https:\\\/\\\/www.trustedtranslations.com\\\/pt-br\\\/sobre-nos\\\/tradutores-confiaveis#primaryimage\",\"url\":\"https:\\\/\\\/www.trustedtranslations.com\\\/wp-content\\\/uploads\\\/2022\\\/03\\\/TT_NEW_FB-1.png\",\"contentUrl\":\"https:\\\/\\\/www.trustedtranslations.com\\\/wp-content\\\/uploads\\\/2022\\\/03\\\/TT_NEW_FB-1.png\",\"width\":1038,\"height\":1038,\"caption\":\"TT NEW FB 1\"},{\"@type\":\"BreadcrumbList\",\"@id\":\"https:\\\/\\\/www.trustedtranslations.com\\\/pt-br\\\/sobre-nos\\\/tradutores-confiaveis#breadcrumb\",\"itemListElement\":[{\"@type\":\"ListItem\",\"position\":1,\"name\":\"Home\",\"item\":\"https:\\\/\\\/www.trustedtranslations.com\\\/pt-br\"},{\"@type\":\"ListItem\",\"position\":2,\"name\":\"Sobre n\u00f3s\",\"item\":\"https:\\\/\\\/www.trustedtranslations.com\\\/pt-br\\\/sobre-nos\"},{\"@type\":\"ListItem\",\"position\":3,\"name\":\"Tradutores confi\u00e1veis\"}]},{\"@type\":\"WebSite\",\"@id\":\"https:\\\/\\\/www.trustedtranslations.com\\\/pt-br\\\/#website\",\"url\":\"https:\\\/\\\/www.trustedtranslations.com\\\/pt-br\\\/\",\"name\":\"Trusted Translations, Inc.\",\"description\":\"Leader in translation and interpretation services.\",\"publisher\":{\"@id\":\"https:\\\/\\\/www.trustedtranslations.com\\\/pt-br\\\/#organization\"},\"alternateName\":\"Trusted Translations\",\"potentialAction\":[{\"@type\":\"SearchAction\",\"target\":{\"@type\":\"EntryPoint\",\"urlTemplate\":\"https:\\\/\\\/www.trustedtranslations.com\\\/pt-br\\\/?s={search_term_string}\"},\"query-input\":{\"@type\":\"PropertyValueSpecification\",\"valueRequired\":true,\"valueName\":\"search_term_string\"}}],\"inLanguage\":\"pt-BR\"},{\"@type\":\"Organization\",\"@id\":\"https:\\\/\\\/www.trustedtranslations.com\\\/pt-br\\\/#organization\",\"name\":\"Trusted Translations\",\"alternateName\":\"Trusted Translations, Inc.\",\"url\":\"https:\\\/\\\/www.trustedtranslations.com\\\/pt-br\\\/\",\"logo\":{\"@type\":\"ImageObject\",\"inLanguage\":\"pt-BR\",\"@id\":\"https:\\\/\\\/www.trustedtranslations.com\\\/pt-br\\\/#\\\/schema\\\/logo\\\/image\\\/\",\"url\":\"https:\\\/\\\/static.trustedtranslations.com\\\/wp-content\\\/uploads\\\/2022\\\/01\\\/TT_logo_WSIColors-2.png\",\"contentUrl\":\"https:\\\/\\\/static.trustedtranslations.com\\\/wp-content\\\/uploads\\\/2022\\\/01\\\/TT_logo_WSIColors-2.png\",\"width\":500,\"height\":196,\"caption\":\"Trusted Translations\"},\"image\":{\"@id\":\"https:\\\/\\\/www.trustedtranslations.com\\\/pt-br\\\/#\\\/schema\\\/logo\\\/image\\\/\"},\"sameAs\":[\"https:\\\/\\\/www.facebook.com\\\/Trusted.Translations\",\"https:\\\/\\\/x.com\\\/TrustedT9ns\",\"https:\\\/\\\/www.linkedin.com\\\/company\\\/trusted-translations\"]}]}<\/script>\n<!-- \/ Yoast SEO plugin. -->","yoast_head_json":{"title":"Tradutores confi\u00e1veis - Trusted Translations, Inc.","description":"A Trusted Translations estabeleceu processos rigorosos de garantia de qualidade para avalia\u00e7\u00e3o completa e monitoramento cont\u00ednuo de todos os seus tradutores.","robots":{"index":"index","follow":"follow","max-snippet":"max-snippet:-1","max-image-preview":"max-image-preview:large","max-video-preview":"max-video-preview:-1"},"canonical":"https:\/\/www.trustedtranslations.com\/pt-br\/sobre-nos\/tradutores-confiaveis","og_locale":"pt_BR","og_type":"article","og_title":"Tradutores confi\u00e1veis - Trusted Translations, Inc.","og_description":"A Trusted Translations estabeleceu processos rigorosos de garantia de qualidade para avalia\u00e7\u00e3o completa e monitoramento cont\u00ednuo de todos os seus tradutores.","og_url":"https:\/\/www.trustedtranslations.com\/pt-br\/sobre-nos\/tradutores-confiaveis","og_site_name":"Trusted Translations, Inc.","article_publisher":"https:\/\/www.facebook.com\/Trusted.Translations","article_modified_time":"2025-07-14T21:29:12+00:00","og_image":[{"width":1038,"height":1038,"url":"https:\/\/static.trustedtranslations.com\/wp-content\/uploads\/2022\/03\/TT_NEW_FB-1.png","type":"image\/png"}],"twitter_card":"summary_large_image","twitter_site":"@TrustedT9ns","schema":{"@context":"https:\/\/schema.org","@graph":[{"@type":"WebPage","@id":"https:\/\/www.trustedtranslations.com\/pt-br\/sobre-nos\/tradutores-confiaveis","url":"https:\/\/www.trustedtranslations.com\/pt-br\/sobre-nos\/tradutores-confiaveis","name":"Tradutores confi\u00e1veis - Trusted Translations, Inc.","isPartOf":{"@id":"https:\/\/www.trustedtranslations.com\/pt-br\/#website"},"primaryImageOfPage":{"@id":"https:\/\/www.trustedtranslations.com\/pt-br\/sobre-nos\/tradutores-confiaveis#primaryimage"},"image":{"@id":"https:\/\/www.trustedtranslations.com\/pt-br\/sobre-nos\/tradutores-confiaveis#primaryimage"},"thumbnailUrl":"https:\/\/www.trustedtranslations.com\/wp-content\/uploads\/2022\/03\/TT_NEW_FB-1.png","description":"A Trusted Translations estabeleceu processos rigorosos de garantia de qualidade para avalia\u00e7\u00e3o completa e monitoramento cont\u00ednuo de todos os seus tradutores.","breadcrumb":{"@id":"https:\/\/www.trustedtranslations.com\/pt-br\/sobre-nos\/tradutores-confiaveis#breadcrumb"},"inLanguage":"pt-BR","potentialAction":[{"@type":"ReadAction","target":["https:\/\/www.trustedtranslations.com\/pt-br\/sobre-nos\/tradutores-confiaveis"]}]},{"@type":"ImageObject","inLanguage":"pt-BR","@id":"https:\/\/www.trustedtranslations.com\/pt-br\/sobre-nos\/tradutores-confiaveis#primaryimage","url":"https:\/\/www.trustedtranslations.com\/wp-content\/uploads\/2022\/03\/TT_NEW_FB-1.png","contentUrl":"https:\/\/www.trustedtranslations.com\/wp-content\/uploads\/2022\/03\/TT_NEW_FB-1.png","width":1038,"height":1038,"caption":"TT NEW FB 1"},{"@type":"BreadcrumbList","@id":"https:\/\/www.trustedtranslations.com\/pt-br\/sobre-nos\/tradutores-confiaveis#breadcrumb","itemListElement":[{"@type":"ListItem","position":1,"name":"Home","item":"https:\/\/www.trustedtranslations.com\/pt-br"},{"@type":"ListItem","position":2,"name":"Sobre n\u00f3s","item":"https:\/\/www.trustedtranslations.com\/pt-br\/sobre-nos"},{"@type":"ListItem","position":3,"name":"Tradutores confi\u00e1veis"}]},{"@type":"WebSite","@id":"https:\/\/www.trustedtranslations.com\/pt-br\/#website","url":"https:\/\/www.trustedtranslations.com\/pt-br\/","name":"Trusted Translations, Inc.","description":"Leader in translation and interpretation services.","publisher":{"@id":"https:\/\/www.trustedtranslations.com\/pt-br\/#organization"},"alternateName":"Trusted Translations","potentialAction":[{"@type":"SearchAction","target":{"@type":"EntryPoint","urlTemplate":"https:\/\/www.trustedtranslations.com\/pt-br\/?s={search_term_string}"},"query-input":{"@type":"PropertyValueSpecification","valueRequired":true,"valueName":"search_term_string"}}],"inLanguage":"pt-BR"},{"@type":"Organization","@id":"https:\/\/www.trustedtranslations.com\/pt-br\/#organization","name":"Trusted Translations","alternateName":"Trusted Translations, Inc.","url":"https:\/\/www.trustedtranslations.com\/pt-br\/","logo":{"@type":"ImageObject","inLanguage":"pt-BR","@id":"https:\/\/www.trustedtranslations.com\/pt-br\/#\/schema\/logo\/image\/","url":"https:\/\/static.trustedtranslations.com\/wp-content\/uploads\/2022\/01\/TT_logo_WSIColors-2.png","contentUrl":"https:\/\/static.trustedtranslations.com\/wp-content\/uploads\/2022\/01\/TT_logo_WSIColors-2.png","width":500,"height":196,"caption":"Trusted Translations"},"image":{"@id":"https:\/\/www.trustedtranslations.com\/pt-br\/#\/schema\/logo\/image\/"},"sameAs":["https:\/\/www.facebook.com\/Trusted.Translations","https:\/\/x.com\/TrustedT9ns","https:\/\/www.linkedin.com\/company\/trusted-translations"]}]}},"toolset-meta":{"dyk":{"mensaje-1":{"type":"textfield","raw":"Garantimos a qualidade de nossos tradutores atrav\u00e9s de avalia\u00e7\u00f5es MQM (M\u00e9tricas de qualidade multidimensionais) padronizadas e cont\u00ednuas."},"mensaje-2":{"type":"textfield","raw":"100% das nossas tradu\u00e7\u00f5es s\u00e3o realizadas por humanos, incluindo a revis\u00e3o de tradu\u00e7\u00f5es autom\u00e1ticas."},"mensaje-3":{"type":"textfield","raw":""},"mensaje-4":{"type":"textfield","raw":"A <em>Trusted Translations<\/em> possui uma das maiores equipes de tradutores de espanhol do mundo."},"mensaje-5":{"type":"textfield","raw":""},"mensaje-6":{"type":"textfield","raw":""}},"single-page-template-fields":{"imgs-temp":{"type":"image","raw":["https:\/\/static.trustedtranslations.com\/wp-content\/uploads\/2022\/08\/translators.jpg"],"repeatable":[{"raw":"https:\/\/static.trustedtranslations.com\/wp-content\/uploads\/2022\/08\/translators.jpg"}]},"imgs-temp-cel":{"type":"image","raw":[""],"repeatable":[{"raw":""}]},"img-temp-one-cel":{"type":"image","raw":"https:\/\/static.trustedtranslations.com\/wp-content\/uploads\/2022\/08\/translator-1.jpg","attachment_id":null},"quotes":{"type":"textarea","raw":"<h1 style=\"margin-bottom: 12px;\">Tradutores confi\u00e1veis<\/h1>\r\nNa <em>Trusted Translations<\/em>, fazemos um processo completo e rigoroso de sele\u00e7\u00e3o e recrutamento de linguistas, seguido de monitoramento de desempenho com feedback cont\u00ednuo e uma fase tamb\u00e9m cont\u00ednua de desenvolvimento e treinamento para cada tradutor.\r\n<div style=\"margin-top: 2.5vw;\"><a class=\"tt-btn-main-cta\" href=\"https:\/\/www.trustedtranslations.com\/pt-br\/solicitud-orcamento\">Solicite um or\u00e7amento gratuito<\/a><\/div>"},"text-1":{"type":"textarea","raw":"Durante a fase de sele\u00e7\u00e3o de recursos antes do emprego, todo candidato a tradutor especializado faz um teste rigoroso de tradu\u00e7\u00e3o em seu par de idiomas e em uma ou mais das seguintes \u00e1reas: contabilidade, agricultura, empresarial (geral), economia, educa\u00e7\u00e3o, energia, meio ambiente, finan\u00e7as, sa\u00fade, recursos humanos, TI, jur\u00eddica, manufatura, marketing, medicina, farmac\u00eautica, ci\u00eancias pol\u00edticas ou esportes.\r\n\r\nCada teste \u00e9 avaliado por um linguista especializado para fins de aprova\u00e7\u00e3o ou reprova\u00e7\u00e3o. Os aprovados no teste s\u00e3o contratados e classificados de acordo com o nosso sistema interno de gest\u00e3o de recursos por seu par de idiomas e sua \u00e1rea de especializa\u00e7\u00e3o. Isso permite a f\u00e1cil identifica\u00e7\u00e3o dos tradutores mais indicados para um projeto espec\u00edfico. Isso permite, ainda, a realiza\u00e7\u00e3o de um monitoramento do desempenho em cada atribui\u00e7\u00e3o e \u00e1rea de conhecimento.\r\n\r\nDentre nossa vasta rede de recursos dispon\u00edveis, selecionamos aqueles com as maiores pontua\u00e7\u00f5es e desempenho comprovado em determinados assuntos para realizar a tradu\u00e7\u00e3o do seu projeto.\r\n\r\nPara garantir que os resultados coletivos de nossa equipe nunca se desviem das normas n\u00edvel ISO que prometemos aos nossos clientes, dez por cento de nossos trabalhos s\u00e3o selecionados aleatoriamente para an\u00e1lise e avalia\u00e7\u00e3o completas, utilizando uma metodologia de <a href=\"https:\/\/www.trustedtranslations.com\/pt-br\/servicos\/humana\/qualidade\">avalia\u00e7\u00e3o de controle de qualidade<\/a> aprovada globalmente, descrita abaixo.\r\n<h2>Sele\u00e7\u00e3o dos nossos linguistas<\/h2>\r\nOs recursos da <em>Trusted Translations<\/em> s\u00e3o cuidadosamente avaliados e rigorosamente monitorados em todos os projetos. Esse acompanhamento ocorre desde o momento em que os tradutores iniciam seus trabalhos e continua ao longo de toda a dura\u00e7\u00e3o de seus per\u00edodos como membros ativos de nossa equipe de tradu\u00e7\u00e3o. Essa avalia\u00e7\u00e3o n\u00e3o est\u00e1 exclusivamente relacionada ao conhecimento em determinado idioma e setor, mas tamb\u00e9m ao dom\u00ednio de todas as ferramentas tecnol\u00f3gicas essenciais para a maioria dos projetos.\r\n\r\nTodos os tradutores devem ser aprovados em testes que s\u00e3o espec\u00edficos para a \u00e1rea de especialidade do candidato. Os testes s\u00e3o corrigidos por nossos principais linguistas, ou chefes de idiomas, naquele par espec\u00edfico de idiomas."},"shortcode-map":{"type":"textfield","raw":""},"dyk-shortcode":{"type":"textfield","raw":"[elementor-template id=\"147273\"]"},"text-2":{"type":"textarea","raw":"<h2>Avalia\u00e7\u00e3o cont\u00ednua dos linguistas<\/h2>\r\nCaso os candidatos sejam aprovados no teste, eles integrar\u00e3o nossa seleta equipe de linguistas. Entretanto, o monitoramento n\u00e3o para por a\u00ed. Nosso processo de tradu\u00e7\u00e3o de tr\u00eas etapas foi desenvolvido para garantir a qualidade em todo o projeto. Os editores revisam o trabalho dos tradutores, os revisores verificam o trabalho dos editores, e os Gerentes de projeto revisam o projeto geral. A revis\u00e3o implica pontuar o desempenho de cada linguista na etapa anterior de 1 a 5, sendo que a pontua\u00e7\u00e3o mais alta indica um trabalho excelente.\r\n\r\nO processo \u00e9 completamente imparcial, j\u00e1 que a identidade do avaliado nunca \u00e9 revelada. As pontua\u00e7\u00f5es s\u00e3o comparadas com as obtidas em projetos anteriores e essa m\u00e9dia serve como uma ferramenta para que os nossos Gerentes de projetos possam atribuir os trabalhos. Cada tradutor recebe, ainda, um arquivo com todas as marca\u00e7\u00f5es das altera\u00e7\u00f5es realizadas em seu trabalho, para que ele possa aprimorar seu desempenho atrav\u00e9s de um feedback objetivo.\r\n\r\nAl\u00e9m do sistema de pontua\u00e7\u00e3o, aplicamos verifica\u00e7\u00f5es de CQ aleat\u00f3rias em 10% de nossos projetos. As verifica\u00e7\u00f5es de CQ s\u00e3o realizadas por meio de um teste padr\u00e3o do setor, chamado MQM (m\u00e9tricas de qualidade multidimensionais). Esse m\u00e9todo permite que um projeto seja revisado de forma objetiva, fornecendo um resultado qualitativo e quantitativo. Esse teste de CQ tamb\u00e9m serve como um meio de abordar o feedback negativo dos clientes.\r\n\r\nCom aten\u00e7\u00e3o rigorosa e normas aplicadas desde a sele\u00e7\u00e3o dos recursos at\u00e9 seu recrutamento, e desde a aloca\u00e7\u00e3o do projeto at\u00e9 a avalia\u00e7\u00e3o do CQ, voc\u00ea sabe que pode confiar em nossos <em>tradutores confi\u00e1veis<\/em>."},"state":{"type":"textfield","raw":""},"city":{"type":"textarea","raw":[""]}}},"_links":{"self":[{"href":"https:\/\/www.trustedtranslations.com\/pt-br\/wp-json\/wp\/v2\/pages\/134911","targetHints":{"allow":["GET"]}}],"collection":[{"href":"https:\/\/www.trustedtranslations.com\/pt-br\/wp-json\/wp\/v2\/pages"}],"about":[{"href":"https:\/\/www.trustedtranslations.com\/pt-br\/wp-json\/wp\/v2\/types\/page"}],"author":[{"embeddable":true,"href":"https:\/\/www.trustedtranslations.com\/pt-br\/wp-json\/wp\/v2\/users\/1"}],"replies":[{"embeddable":true,"href":"https:\/\/www.trustedtranslations.com\/pt-br\/wp-json\/wp\/v2\/comments?post=134911"}],"version-history":[{"count":0,"href":"https:\/\/www.trustedtranslations.com\/pt-br\/wp-json\/wp\/v2\/pages\/134911\/revisions"}],"up":[{"embeddable":true,"href":"https:\/\/www.trustedtranslations.com\/pt-br\/wp-json\/wp\/v2\/pages\/135071"}],"wp:featuredmedia":[{"embeddable":true,"href":"https:\/\/www.trustedtranslations.com\/pt-br\/wp-json\/wp\/v2\/media\/139632"}],"wp:attachment":[{"href":"https:\/\/www.trustedtranslations.com\/pt-br\/wp-json\/wp\/v2\/media?parent=134911"}],"curies":[{"name":"wp","href":"https:\/\/api.w.org\/{rel}","templated":true}]}}