{"id":134919,"date":"2018-11-20T17:42:54","date_gmt":"2018-11-20T17:42:54","guid":{"rendered":"https:\/\/www.trustedtranslations.com\/?page_id=134919"},"modified":"2024-09-06T12:10:26","modified_gmt":"2024-09-06T15:10:26","slug":"experiencia","status":"publish","type":"page","link":"https:\/\/www.trustedtranslations.com\/pt-br\/sobre-nos\/experiencia","title":{"rendered":"Experi\u00eancia"},"content":{"rendered":"","protected":false},"excerpt":{"rendered":"","protected":false},"author":1,"featured_media":139632,"parent":135071,"menu_order":0,"comment_status":"closed","ping_status":"closed","template":"","meta":{"site-sidebar-layout":"default","site-content-layout":"default","ast-site-content-layout":"default","site-content-style":"default","site-sidebar-style":"default","ast-global-header-display":"","ast-banner-title-visibility":"","ast-main-header-display":"","ast-hfb-above-header-display":"","ast-hfb-below-header-display":"","ast-hfb-mobile-header-display":"","site-post-title":"disabled","ast-breadcrumbs-content":"","ast-featured-img":"","footer-sml-layout":"","theme-transparent-header-meta":"default","adv-header-id-meta":"","stick-header-meta":"","header-above-stick-meta":"","header-main-stick-meta":"","header-below-stick-meta":"","astra-migrate-meta-layouts":"set","ast-page-background-enabled":"default","ast-page-background-meta":{"desktop":{"background-color":"var(--ast-global-color-4)","background-image":"","background-repeat":"repeat","background-position":"center center","background-size":"auto","background-attachment":"scroll","background-type":"","background-media":"","overlay-type":"","overlay-color":"","overlay-opacity":"","overlay-gradient":""},"tablet":{"background-color":"","background-image":"","background-repeat":"repeat","background-position":"center center","background-size":"auto","background-attachment":"scroll","background-type":"","background-media":"","overlay-type":"","overlay-color":"","overlay-opacity":"","overlay-gradient":""},"mobile":{"background-color":"","background-image":"","background-repeat":"repeat","background-position":"center center","background-size":"auto","background-attachment":"scroll","background-type":"","background-media":"","overlay-type":"","overlay-color":"","overlay-opacity":"","overlay-gradient":""}},"ast-content-background-meta":{"desktop":{"background-color":"var(--ast-global-color-5)","background-image":"","background-repeat":"repeat","background-position":"center center","background-size":"auto","background-attachment":"scroll","background-type":"","background-media":"","overlay-type":"","overlay-color":"","overlay-opacity":"","overlay-gradient":""},"tablet":{"background-color":"var(--ast-global-color-5)","background-image":"","background-repeat":"repeat","background-position":"center center","background-size":"auto","background-attachment":"scroll","background-type":"","background-media":"","overlay-type":"","overlay-color":"","overlay-opacity":"","overlay-gradient":""},"mobile":{"background-color":"var(--ast-global-color-5)","background-image":"","background-repeat":"repeat","background-position":"center center","background-size":"auto","background-attachment":"scroll","background-type":"","background-media":"","overlay-type":"","overlay-color":"","overlay-opacity":"","overlay-gradient":""}},"footnotes":""},"class_list":["post-134919","page","type-page","status-publish","has-post-thumbnail","hentry"],"yoast_head":"<!-- This site is optimized with the Yoast SEO plugin v27.5 - https:\/\/yoast.com\/product\/yoast-seo-wordpress\/ -->\n<title>Experi\u00eancia, associa\u00e7\u00f5es e afilia\u00e7\u00f5es da Trusted Translations<\/title>\n<meta name=\"description\" content=\"A Trusted Translations integra in\u00fameras organiza\u00e7\u00f5es internacionais, nacionais, regionais e locais com o objetivo de aprimorar a qualidade de nossos servi\u00e7os para voc\u00ea e para a sua organiza\u00e7\u00e3o.\" \/>\n<meta name=\"robots\" content=\"index, follow, max-snippet:-1, max-image-preview:large, max-video-preview:-1\" \/>\n<link rel=\"canonical\" href=\"https:\/\/www.trustedtranslations.com\/pt-br\/sobre-nos\/experiencia\" \/>\n<meta property=\"og:locale\" content=\"pt_BR\" \/>\n<meta property=\"og:type\" content=\"article\" \/>\n<meta property=\"og:title\" content=\"Experi\u00eancia, associa\u00e7\u00f5es e afilia\u00e7\u00f5es da Trusted Translations\" \/>\n<meta property=\"og:description\" content=\"A Trusted Translations integra in\u00fameras organiza\u00e7\u00f5es internacionais, nacionais, regionais e locais com o objetivo de aprimorar a qualidade de nossos servi\u00e7os para voc\u00ea e para a sua organiza\u00e7\u00e3o.\" \/>\n<meta property=\"og:url\" content=\"https:\/\/www.trustedtranslations.com\/pt-br\/sobre-nos\/experiencia\" \/>\n<meta property=\"og:site_name\" content=\"Trusted Translations, Inc.\" \/>\n<meta property=\"article:publisher\" content=\"https:\/\/www.facebook.com\/Trusted.Translations\" \/>\n<meta property=\"article:modified_time\" content=\"2024-09-06T15:10:26+00:00\" \/>\n<meta property=\"og:image\" content=\"https:\/\/static.trustedtranslations.com\/wp-content\/uploads\/2022\/03\/TT_NEW_FB-1.png\" \/>\n\t<meta property=\"og:image:width\" content=\"1038\" \/>\n\t<meta property=\"og:image:height\" content=\"1038\" \/>\n\t<meta property=\"og:image:type\" content=\"image\/png\" \/>\n<meta name=\"twitter:card\" content=\"summary_large_image\" \/>\n<meta name=\"twitter:site\" content=\"@TrustedT9ns\" \/>\n<script type=\"application\/ld+json\" class=\"yoast-schema-graph\">{\"@context\":\"https:\\\/\\\/schema.org\",\"@graph\":[{\"@type\":\"WebPage\",\"@id\":\"https:\\\/\\\/www.trustedtranslations.com\\\/pt-br\\\/sobre-nos\\\/experiencia\",\"url\":\"https:\\\/\\\/www.trustedtranslations.com\\\/pt-br\\\/sobre-nos\\\/experiencia\",\"name\":\"Experi\u00eancia, associa\u00e7\u00f5es e afilia\u00e7\u00f5es da Trusted Translations\",\"isPartOf\":{\"@id\":\"https:\\\/\\\/www.trustedtranslations.com\\\/pt-br\\\/#website\"},\"primaryImageOfPage\":{\"@id\":\"https:\\\/\\\/www.trustedtranslations.com\\\/pt-br\\\/sobre-nos\\\/experiencia#primaryimage\"},\"image\":{\"@id\":\"https:\\\/\\\/www.trustedtranslations.com\\\/pt-br\\\/sobre-nos\\\/experiencia#primaryimage\"},\"thumbnailUrl\":\"https:\\\/\\\/www.trustedtranslations.com\\\/wp-content\\\/uploads\\\/2022\\\/03\\\/TT_NEW_FB-1.png\",\"description\":\"A Trusted Translations integra in\u00fameras organiza\u00e7\u00f5es internacionais, nacionais, regionais e locais com o objetivo de aprimorar a qualidade de nossos servi\u00e7os para voc\u00ea e para a sua organiza\u00e7\u00e3o.\",\"breadcrumb\":{\"@id\":\"https:\\\/\\\/www.trustedtranslations.com\\\/pt-br\\\/sobre-nos\\\/experiencia#breadcrumb\"},\"inLanguage\":\"pt-BR\",\"potentialAction\":[{\"@type\":\"ReadAction\",\"target\":[\"https:\\\/\\\/www.trustedtranslations.com\\\/pt-br\\\/sobre-nos\\\/experiencia\"]}]},{\"@type\":\"ImageObject\",\"inLanguage\":\"pt-BR\",\"@id\":\"https:\\\/\\\/www.trustedtranslations.com\\\/pt-br\\\/sobre-nos\\\/experiencia#primaryimage\",\"url\":\"https:\\\/\\\/www.trustedtranslations.com\\\/wp-content\\\/uploads\\\/2022\\\/03\\\/TT_NEW_FB-1.png\",\"contentUrl\":\"https:\\\/\\\/www.trustedtranslations.com\\\/wp-content\\\/uploads\\\/2022\\\/03\\\/TT_NEW_FB-1.png\",\"width\":1038,\"height\":1038,\"caption\":\"TT NEW FB 1\"},{\"@type\":\"BreadcrumbList\",\"@id\":\"https:\\\/\\\/www.trustedtranslations.com\\\/pt-br\\\/sobre-nos\\\/experiencia#breadcrumb\",\"itemListElement\":[{\"@type\":\"ListItem\",\"position\":1,\"name\":\"Home\",\"item\":\"https:\\\/\\\/www.trustedtranslations.com\\\/pt-br\"},{\"@type\":\"ListItem\",\"position\":2,\"name\":\"Sobre n\u00f3s\",\"item\":\"https:\\\/\\\/www.trustedtranslations.com\\\/pt-br\\\/sobre-nos\"},{\"@type\":\"ListItem\",\"position\":3,\"name\":\"Experi\u00eancia\"}]},{\"@type\":\"WebSite\",\"@id\":\"https:\\\/\\\/www.trustedtranslations.com\\\/pt-br\\\/#website\",\"url\":\"https:\\\/\\\/www.trustedtranslations.com\\\/pt-br\\\/\",\"name\":\"Trusted Translations, Inc.\",\"description\":\"Leader in translation and interpretation services.\",\"publisher\":{\"@id\":\"https:\\\/\\\/www.trustedtranslations.com\\\/pt-br\\\/#organization\"},\"alternateName\":\"Trusted Translations\",\"potentialAction\":[{\"@type\":\"SearchAction\",\"target\":{\"@type\":\"EntryPoint\",\"urlTemplate\":\"https:\\\/\\\/www.trustedtranslations.com\\\/pt-br\\\/?s={search_term_string}\"},\"query-input\":{\"@type\":\"PropertyValueSpecification\",\"valueRequired\":true,\"valueName\":\"search_term_string\"}}],\"inLanguage\":\"pt-BR\"},{\"@type\":\"Organization\",\"@id\":\"https:\\\/\\\/www.trustedtranslations.com\\\/pt-br\\\/#organization\",\"name\":\"Trusted Translations\",\"alternateName\":\"Trusted Translations, Inc.\",\"url\":\"https:\\\/\\\/www.trustedtranslations.com\\\/pt-br\\\/\",\"logo\":{\"@type\":\"ImageObject\",\"inLanguage\":\"pt-BR\",\"@id\":\"https:\\\/\\\/www.trustedtranslations.com\\\/pt-br\\\/#\\\/schema\\\/logo\\\/image\\\/\",\"url\":\"https:\\\/\\\/static.trustedtranslations.com\\\/wp-content\\\/uploads\\\/2022\\\/01\\\/TT_logo_WSIColors-2.png\",\"contentUrl\":\"https:\\\/\\\/static.trustedtranslations.com\\\/wp-content\\\/uploads\\\/2022\\\/01\\\/TT_logo_WSIColors-2.png\",\"width\":500,\"height\":196,\"caption\":\"Trusted Translations\"},\"image\":{\"@id\":\"https:\\\/\\\/www.trustedtranslations.com\\\/pt-br\\\/#\\\/schema\\\/logo\\\/image\\\/\"},\"sameAs\":[\"https:\\\/\\\/www.facebook.com\\\/Trusted.Translations\",\"https:\\\/\\\/x.com\\\/TrustedT9ns\",\"https:\\\/\\\/www.linkedin.com\\\/company\\\/trusted-translations\"]}]}<\/script>\n<!-- \/ Yoast SEO plugin. -->","yoast_head_json":{"title":"Experi\u00eancia, associa\u00e7\u00f5es e afilia\u00e7\u00f5es da Trusted Translations","description":"A Trusted Translations integra in\u00fameras organiza\u00e7\u00f5es internacionais, nacionais, regionais e locais com o objetivo de aprimorar a qualidade de nossos servi\u00e7os para voc\u00ea e para a sua organiza\u00e7\u00e3o.","robots":{"index":"index","follow":"follow","max-snippet":"max-snippet:-1","max-image-preview":"max-image-preview:large","max-video-preview":"max-video-preview:-1"},"canonical":"https:\/\/www.trustedtranslations.com\/pt-br\/sobre-nos\/experiencia","og_locale":"pt_BR","og_type":"article","og_title":"Experi\u00eancia, associa\u00e7\u00f5es e afilia\u00e7\u00f5es da Trusted Translations","og_description":"A Trusted Translations integra in\u00fameras organiza\u00e7\u00f5es internacionais, nacionais, regionais e locais com o objetivo de aprimorar a qualidade de nossos servi\u00e7os para voc\u00ea e para a sua organiza\u00e7\u00e3o.","og_url":"https:\/\/www.trustedtranslations.com\/pt-br\/sobre-nos\/experiencia","og_site_name":"Trusted Translations, Inc.","article_publisher":"https:\/\/www.facebook.com\/Trusted.Translations","article_modified_time":"2024-09-06T15:10:26+00:00","og_image":[{"width":1038,"height":1038,"url":"https:\/\/static.trustedtranslations.com\/wp-content\/uploads\/2022\/03\/TT_NEW_FB-1.png","type":"image\/png"}],"twitter_card":"summary_large_image","twitter_site":"@TrustedT9ns","schema":{"@context":"https:\/\/schema.org","@graph":[{"@type":"WebPage","@id":"https:\/\/www.trustedtranslations.com\/pt-br\/sobre-nos\/experiencia","url":"https:\/\/www.trustedtranslations.com\/pt-br\/sobre-nos\/experiencia","name":"Experi\u00eancia, associa\u00e7\u00f5es e afilia\u00e7\u00f5es da Trusted Translations","isPartOf":{"@id":"https:\/\/www.trustedtranslations.com\/pt-br\/#website"},"primaryImageOfPage":{"@id":"https:\/\/www.trustedtranslations.com\/pt-br\/sobre-nos\/experiencia#primaryimage"},"image":{"@id":"https:\/\/www.trustedtranslations.com\/pt-br\/sobre-nos\/experiencia#primaryimage"},"thumbnailUrl":"https:\/\/www.trustedtranslations.com\/wp-content\/uploads\/2022\/03\/TT_NEW_FB-1.png","description":"A Trusted Translations integra in\u00fameras organiza\u00e7\u00f5es internacionais, nacionais, regionais e locais com o objetivo de aprimorar a qualidade de nossos servi\u00e7os para voc\u00ea e para a sua organiza\u00e7\u00e3o.","breadcrumb":{"@id":"https:\/\/www.trustedtranslations.com\/pt-br\/sobre-nos\/experiencia#breadcrumb"},"inLanguage":"pt-BR","potentialAction":[{"@type":"ReadAction","target":["https:\/\/www.trustedtranslations.com\/pt-br\/sobre-nos\/experiencia"]}]},{"@type":"ImageObject","inLanguage":"pt-BR","@id":"https:\/\/www.trustedtranslations.com\/pt-br\/sobre-nos\/experiencia#primaryimage","url":"https:\/\/www.trustedtranslations.com\/wp-content\/uploads\/2022\/03\/TT_NEW_FB-1.png","contentUrl":"https:\/\/www.trustedtranslations.com\/wp-content\/uploads\/2022\/03\/TT_NEW_FB-1.png","width":1038,"height":1038,"caption":"TT NEW FB 1"},{"@type":"BreadcrumbList","@id":"https:\/\/www.trustedtranslations.com\/pt-br\/sobre-nos\/experiencia#breadcrumb","itemListElement":[{"@type":"ListItem","position":1,"name":"Home","item":"https:\/\/www.trustedtranslations.com\/pt-br"},{"@type":"ListItem","position":2,"name":"Sobre n\u00f3s","item":"https:\/\/www.trustedtranslations.com\/pt-br\/sobre-nos"},{"@type":"ListItem","position":3,"name":"Experi\u00eancia"}]},{"@type":"WebSite","@id":"https:\/\/www.trustedtranslations.com\/pt-br\/#website","url":"https:\/\/www.trustedtranslations.com\/pt-br\/","name":"Trusted Translations, Inc.","description":"Leader in translation and interpretation services.","publisher":{"@id":"https:\/\/www.trustedtranslations.com\/pt-br\/#organization"},"alternateName":"Trusted Translations","potentialAction":[{"@type":"SearchAction","target":{"@type":"EntryPoint","urlTemplate":"https:\/\/www.trustedtranslations.com\/pt-br\/?s={search_term_string}"},"query-input":{"@type":"PropertyValueSpecification","valueRequired":true,"valueName":"search_term_string"}}],"inLanguage":"pt-BR"},{"@type":"Organization","@id":"https:\/\/www.trustedtranslations.com\/pt-br\/#organization","name":"Trusted Translations","alternateName":"Trusted Translations, Inc.","url":"https:\/\/www.trustedtranslations.com\/pt-br\/","logo":{"@type":"ImageObject","inLanguage":"pt-BR","@id":"https:\/\/www.trustedtranslations.com\/pt-br\/#\/schema\/logo\/image\/","url":"https:\/\/static.trustedtranslations.com\/wp-content\/uploads\/2022\/01\/TT_logo_WSIColors-2.png","contentUrl":"https:\/\/static.trustedtranslations.com\/wp-content\/uploads\/2022\/01\/TT_logo_WSIColors-2.png","width":500,"height":196,"caption":"Trusted Translations"},"image":{"@id":"https:\/\/www.trustedtranslations.com\/pt-br\/#\/schema\/logo\/image\/"},"sameAs":["https:\/\/www.facebook.com\/Trusted.Translations","https:\/\/x.com\/TrustedT9ns","https:\/\/www.linkedin.com\/company\/trusted-translations"]}]}},"toolset-meta":{"dyk":{"mensaje-1":{"type":"textfield","raw":"Somos membros da ATA, a maior associa\u00e7\u00e3o de tradutores profissionais dos Estados Unidos."},"mensaje-2":{"type":"textfield","raw":""},"mensaje-3":{"type":"textfield","raw":"A Trusted Translations oferece uma experi\u00eancia de tradu\u00e7\u00e3o de alto n\u00edvel por pre\u00e7os competitivos."},"mensaje-4":{"type":"textfield","raw":""},"mensaje-5":{"type":"textfield","raw":""},"mensaje-6":{"type":"textfield","raw":""}},"single-page-template-fields":{"imgs-temp":{"type":"image","raw":["https:\/\/static.trustedtranslations.com\/wp-content\/uploads\/2024\/07\/Group-117-1.webp","https:\/\/static.trustedtranslations.com\/wp-content\/uploads\/2024\/07\/Group-118-1.webp","https:\/\/static.trustedtranslations.com\/wp-content\/uploads\/2024\/07\/Group-122-1.webp"],"repeatable":[{"raw":"https:\/\/static.trustedtranslations.com\/wp-content\/uploads\/2024\/07\/Group-117-1.webp"},{"raw":"https:\/\/static.trustedtranslations.com\/wp-content\/uploads\/2024\/07\/Group-118-1.webp"},{"raw":"https:\/\/static.trustedtranslations.com\/wp-content\/uploads\/2024\/07\/Group-122-1.webp"}]},"imgs-temp-cel":{"type":"image","raw":[""],"repeatable":[{"raw":""}]},"img-temp-one-cel":{"type":"image","raw":"https:\/\/static.trustedtranslations.com\/wp-content\/uploads\/2024\/07\/AdobeStock_180842978-1-1.webp","attachment_id":null},"quotes":{"type":"textarea","raw":"<h1 style=\"margin-bottom: 12px;\">Experi\u00eancia comprovada da <em>Trusted Translations<\/em><\/h1>\r\nCom mais de 20 anos de experi\u00eancia comprovada, uma rede composta por mais de 10 mil linguistas especializados e servi\u00e7os de tradu\u00e7\u00e3o de grandes volumes, de e para mais de 200 idiomas, a <em>Trusted Translations<\/em> garante a mais alta qualidade nas tradu\u00e7\u00f5es com os pre\u00e7os mais competitivos do mercado. Seja voc\u00ea um pequeno escrit\u00f3rio de advocacia, uma <i>startup<\/i>, uma organiza\u00e7\u00e3o sem fins lucrativos ou uma grande multinacional, a <em>Trusted Translations<\/em> traz experi\u00eancia comprovada para sua organiza\u00e7\u00e3o, ajudando voc\u00ea a atingir seus objetivos nos mercados local, nacional e internacional.\r\n<div style=\"margin-top: 2.5vw;\"><a class=\"tt-btn-main-cta\" href=\"https:\/\/www.trustedtranslations.com\/pt-br\/solicitud-orcamento\">Solicite um or\u00e7amento gratuito<\/a><\/div>"},"text-1":{"type":"textarea","raw":"<h2>Membro altivo de organiza\u00e7\u00f5es locais, regionais, nacionais e internacionais comprometidas em melhorar a qualidade do servi\u00e7o<\/h2>A <em>Trusted Translations<\/em> tem controle gerencial direto sobre centros de produ\u00e7\u00e3o em tr\u00eas continentes, juntamente com nossas equipes experientes de linguistas, designers e especialistas em TI. Como resultado, podemos montar equipes profissionais de tradu\u00e7\u00e3o e localiza\u00e7\u00e3o de todo o mundo, com as habilidades necess\u00e1rias at\u00e9 mesmo para as solicita\u00e7\u00f5es mais complexas.\r\n\r\nAl\u00e9m de nossos pr\u00f3prios tradutores, todos os membros de nossa equipe de design s\u00e3o treinados no processo de tradu\u00e7\u00e3o e trabalham em estreita colabora\u00e7\u00e3o com nossos tradutores, editores e revisores para garantir que o produto final reflita a vers\u00e3o mais precisa e atualizada do texto.\r\n<h2>Associa\u00e7\u00f5es e afilia\u00e7\u00f5es<\/h2>\r\nPara otimizar nossa perspic\u00e1cia do setor, somos membros de diversas organiza\u00e7\u00f5es locais, regionais, nacionais e internacionais. Nossas equipes administrativa e t\u00e9cnica fazem parte de v\u00e1rios comit\u00eas e conselhos e s\u00e3o ativas em v\u00e1rias associa\u00e7\u00f5es internacionais de com\u00e9rcio, marketing, finan\u00e7as, jur\u00eddicas e de tradu\u00e7\u00e3o. Usamos essas organiza\u00e7\u00f5es para aprimorar nosso conhecimento e conscientiza\u00e7\u00e3o das tend\u00eancias do setor, legisla\u00e7\u00e3o e concorrentes, bem como para ajudar a facilitar o com\u00e9rcio internacional.\r\n\r\n<img class=\"alignleft\" src=\"\/wp-content\/uploads\/img\/ata.gif\" alt=\"Membro da American Translator Association e\/ou Tradutores Certificados\" \/>\r\n\r\n<a class=\"external-link\" title=\"Membro da American Translator Association e\/ou Tradutores Certificados\" href=\"https:\/\/www.atanet.org\" target=\"_blank\" rel=\"noopener noreferrer\">Membro da American Translator Association e\/ou Tradutores Certificados<\/a>\r\n\r\nA <em>Trusted Translations<\/em> faz parte do grupo de membros corporativos da American Translator Association (ATA). Estamos envolvidos ativamente com a Associa\u00e7\u00e3o e comparecemos \u00e0s reuni\u00f5es anuais para nos atualizarmos sobre todos os desenvolvimentos mais recentes na \u00e1rea de lingu\u00edstica. Os tradutores em nossa equipe que n\u00e3o s\u00e3o certificados pela ATA s\u00e3o certificados por outras respeit\u00e1veis associa\u00e7\u00f5es, como:\r\n<ul>\r\n \t<li>Canadian Translators, Terminologists and Interpreters Council (CTTIC)<\/li>\r\n \t<li>Colegio de Traductores P\u00fablicos de la Ciudad de Buenos Aires (CTPBA)<\/li>\r\n \t<li>Monterey Institute Graduate School of Translation & Interpretation (GSTI)<\/li>\r\n \t<li>The Translators and Interpreters Guild (TTIG)<\/li>\r\n \t<li>Washington State Department of Social and Health Services (DSHS)<\/li>\r\n<\/ul>\r\n<img class=\"alignleft\" src=\"\/wp-content\/uploads\/img\/scales.gif\" alt=\"Ordens de Advogados estaduais \/ Advogados bil\u00edngues licenciados nos EUA\" \/>\r\n\r\n<a class=\"external-link\" title=\"Ordens de Advogados estaduais \/ Advogados bil\u00edngues licenciados nos EUA\" href=\"https:\/\/www.americanbar.org\/\" target=\"_blank\" rel=\"noopener noreferrer\">Ordens de Advogados estaduais Advogados bil\u00edngues licenciados nos EUA<\/a>\r\n\r\nNa <em>Trusted Translations<\/em>, temos em nossa equipe advogados bil\u00edngues (ingl\u00eas\/espanhol) licenciados nos Estados Unidos que se dedicam exclusivamente aos projetos jur\u00eddicos de nossos clientes. Nossos advogados nos ajudam a garantir que cada documento confidencial traduzido utilize a terminologia jur\u00eddica correta no idioma de destino. Isso melhora significativamente a qualidade e a integridade da tradu\u00e7\u00e3o final, especialmente para o altamente regulamentado setor de seguros. Nossos advogados s\u00e3o qualificados para fornecer certifica\u00e7\u00f5es legais para cada tradu\u00e7\u00e3o realizada. Eles tamb\u00e9m s\u00e3o licenciados para praticar e podem fornecer certificados da Ordem dos Advogados mediante solicita\u00e7\u00e3o."},"shortcode-map":{"type":"textfield","raw":""},"dyk-shortcode":{"type":"textfield","raw":"[elementor-template id=\"147273\"]"},"text-2":{"type":"textarea","raw":"<img class=\"alignleft\" src=\"\/wp-content\/uploads\/img\/gala.gif\" alt=\"Globalization and Localization Association (GALA)\" \/>\r\n\r\n<a class=\"external-link\" title=\"Globalization and Localization Association (GALA)\" href=\"https:\/\/www.gala-global.org\" target=\"_blank\" rel=\"noopener noreferrer\">Globalization and Localization Association (GALA)<\/a>\r\n\r\nA <em>Trusted Translations<\/em> faz parte do grupo de membros ativos da GALA, com foco em novos desenvolvimentos em localiza\u00e7\u00e3o e globaliza\u00e7\u00e3o de software e sites. Por interm\u00e9dio da GALA, a <em>Trusted Translations<\/em> est\u00e1 constantemente aprimorando seus sistemas de gest\u00e3o de conte\u00fado (CMS) com novas tecnologias e recursos complementares.\r\n\r\n<img class=\"alignleft\" src=\"\/wp-content\/uploads\/img\/minority-supplier.jpg\" alt=\"National Minority Supplier Development Council\" \/>\r\n\r\n<a class=\"external-link\" title=\"National Minority Supplier Development Council\" href=\"https:\/\/www.nmsdc.org\" target=\"_blank\" rel=\"noopener noreferrer\">National Minority Supplier Development Council<\/a>\r\n\r\nA <em>Trusted Translations<\/em> \u00e9 uma Empresa de Minoria (MBE) certificada. A <em>Trusted Translations<\/em> est\u00e1 ativamente envolvida no conselho de diversidade e participa de suas reuni\u00f5es regionais e nacionais.\r\n\r\n<a class=\"external-link\" title=\"Translation Automation User Society (TAUS)\" href=\"https:\/\/www.translationautomation.com\" target=\"_blank\" rel=\"noopener noreferrer\"><img class=\"alignleft\" src=\"\/wp-content\/uploads\/img\/taus.jpg\" alt=\"Translation Automation User Society (TAUS)\" \/><\/a>\r\n\r\n<a class=\"external-link\" title=\"Translation Automation User Society (TAUS)\" href=\"https:\/\/www.translationautomation.com\" target=\"_blank\" rel=\"noopener noreferrer\">Translation Automation User Society (TAUS)<\/a>\r\n\r\nA <em>Trusted Translations<\/em> faz parte do grupo de membros ativos da Translation Automation User Society. Como l\u00edder de mercado nesse espa\u00e7o, nossos especialistas s\u00e3o convidados para palestras em praticamente todas as principais confer\u00eancias da TAUS. A TAUS \u00e9 um banco de ideias do setor de tradu\u00e7\u00e3o, promovendo pesquisas para compradores e fornecedores de servi\u00e7os e tecnologias de tradu\u00e7\u00e3o. Sua miss\u00e3o \u00e9 ampliar o tamanho e a import\u00e2ncia da ind\u00fastria de tradu\u00e7\u00e3o para melhorar a comunica\u00e7\u00e3o ao redor do globo.\r\n<h2>Prestadora verificada de servi\u00e7os de tradu\u00e7\u00e3o e de idioma<\/h2>\r\nCom a capacidade de realizar tradu\u00e7\u00f5es de e para mais de 200 idiomas, a <em>Trusted Translations<\/em> \u00e9 uma prestadora de servi\u00e7os de tradu\u00e7\u00e3o multil\u00edngue completa. Al\u00e9m de executar projetos de tradu\u00e7\u00e3o de espanhol especializados, a <em>Trusted Translations<\/em> tem experi\u00eancia comprovada em trabalhar com grandes contas de tradu\u00e7\u00e3o multil\u00edngue para empresas Fortune 500 e organiza\u00e7\u00f5es internacionais. Somos uma solu\u00e7\u00e3o completa para qualquer empresa que busca tradu\u00e7\u00f5es superiores a pre\u00e7os altamente competitivos."},"state":{"type":"textfield","raw":""},"city":{"type":"textarea","raw":[]}}},"_links":{"self":[{"href":"https:\/\/www.trustedtranslations.com\/pt-br\/wp-json\/wp\/v2\/pages\/134919","targetHints":{"allow":["GET"]}}],"collection":[{"href":"https:\/\/www.trustedtranslations.com\/pt-br\/wp-json\/wp\/v2\/pages"}],"about":[{"href":"https:\/\/www.trustedtranslations.com\/pt-br\/wp-json\/wp\/v2\/types\/page"}],"author":[{"embeddable":true,"href":"https:\/\/www.trustedtranslations.com\/pt-br\/wp-json\/wp\/v2\/users\/1"}],"replies":[{"embeddable":true,"href":"https:\/\/www.trustedtranslations.com\/pt-br\/wp-json\/wp\/v2\/comments?post=134919"}],"version-history":[{"count":0,"href":"https:\/\/www.trustedtranslations.com\/pt-br\/wp-json\/wp\/v2\/pages\/134919\/revisions"}],"up":[{"embeddable":true,"href":"https:\/\/www.trustedtranslations.com\/pt-br\/wp-json\/wp\/v2\/pages\/135071"}],"wp:featuredmedia":[{"embeddable":true,"href":"https:\/\/www.trustedtranslations.com\/pt-br\/wp-json\/wp\/v2\/media\/139632"}],"wp:attachment":[{"href":"https:\/\/www.trustedtranslations.com\/pt-br\/wp-json\/wp\/v2\/media?parent=134919"}],"curies":[{"name":"wp","href":"https:\/\/api.w.org\/{rel}","templated":true}]}}