{"id":134922,"date":"2018-11-20T17:06:16","date_gmt":"2018-11-20T17:06:16","guid":{"rendered":"https:\/\/www.trustedtranslations.com\/?page_id=134922"},"modified":"2025-12-17T11:10:54","modified_gmt":"2025-12-17T14:10:54","slug":"certificacoes","status":"publish","type":"page","link":"https:\/\/www.trustedtranslations.com\/pt-br\/sobre-nos\/certificacoes","title":{"rendered":"Certifica\u00e7\u00f5es"},"content":{"rendered":"","protected":false},"excerpt":{"rendered":"","protected":false},"author":1,"featured_media":139632,"parent":135071,"menu_order":0,"comment_status":"closed","ping_status":"closed","template":"","meta":{"site-sidebar-layout":"default","site-content-layout":"default","ast-site-content-layout":"default","site-content-style":"default","site-sidebar-style":"default","ast-global-header-display":"","ast-banner-title-visibility":"","ast-main-header-display":"","ast-hfb-above-header-display":"","ast-hfb-below-header-display":"","ast-hfb-mobile-header-display":"","site-post-title":"disabled","ast-breadcrumbs-content":"","ast-featured-img":"","footer-sml-layout":"","ast-disable-related-posts":"","theme-transparent-header-meta":"default","adv-header-id-meta":"","stick-header-meta":"","header-above-stick-meta":"","header-main-stick-meta":"","header-below-stick-meta":"","astra-migrate-meta-layouts":"set","ast-page-background-enabled":"default","ast-page-background-meta":{"desktop":{"background-color":"var(--ast-global-color-4)","background-image":"","background-repeat":"repeat","background-position":"center center","background-size":"auto","background-attachment":"scroll","background-type":"","background-media":"","overlay-type":"","overlay-color":"","overlay-opacity":"","overlay-gradient":""},"tablet":{"background-color":"","background-image":"","background-repeat":"repeat","background-position":"center center","background-size":"auto","background-attachment":"scroll","background-type":"","background-media":"","overlay-type":"","overlay-color":"","overlay-opacity":"","overlay-gradient":""},"mobile":{"background-color":"","background-image":"","background-repeat":"repeat","background-position":"center center","background-size":"auto","background-attachment":"scroll","background-type":"","background-media":"","overlay-type":"","overlay-color":"","overlay-opacity":"","overlay-gradient":""}},"ast-content-background-meta":{"desktop":{"background-color":"var(--ast-global-color-5)","background-image":"","background-repeat":"repeat","background-position":"center center","background-size":"auto","background-attachment":"scroll","background-type":"","background-media":"","overlay-type":"","overlay-color":"","overlay-opacity":"","overlay-gradient":""},"tablet":{"background-color":"var(--ast-global-color-5)","background-image":"","background-repeat":"repeat","background-position":"center center","background-size":"auto","background-attachment":"scroll","background-type":"","background-media":"","overlay-type":"","overlay-color":"","overlay-opacity":"","overlay-gradient":""},"mobile":{"background-color":"var(--ast-global-color-5)","background-image":"","background-repeat":"repeat","background-position":"center center","background-size":"auto","background-attachment":"scroll","background-type":"","background-media":"","overlay-type":"","overlay-color":"","overlay-opacity":"","overlay-gradient":""}},"footnotes":""},"class_list":["post-134922","page","type-page","status-publish","has-post-thumbnail","hentry"],"yoast_head":"<!-- This site is optimized with the Yoast SEO plugin v27.3 - https:\/\/yoast.com\/product\/yoast-seo-wordpress\/ -->\n<title>Trusted Translations: Certifica\u00e7\u00f5es, premia\u00e7\u00f5es e indica\u00e7\u00f5es<\/title>\n<meta name=\"description\" content=\"Ao longo de anos de excel\u00eancia e desempenhos anteriores comprovados na \u00e1rea de tradu\u00e7\u00f5es e lingu\u00edstica, a Trusted Translations recebeu diversas premia\u00e7\u00f5es, certifica\u00e7\u00f5es e indica\u00e7\u00f5es.\" \/>\n<meta name=\"robots\" content=\"index, follow, max-snippet:-1, max-image-preview:large, max-video-preview:-1\" \/>\n<link rel=\"canonical\" href=\"https:\/\/www.trustedtranslations.com\/pt-br\/sobre-nos\/certificacoes\" \/>\n<meta property=\"og:locale\" content=\"pt_BR\" \/>\n<meta property=\"og:type\" content=\"article\" \/>\n<meta property=\"og:title\" content=\"Trusted Translations: Certifica\u00e7\u00f5es, premia\u00e7\u00f5es e indica\u00e7\u00f5es\" \/>\n<meta property=\"og:description\" content=\"Ao longo de anos de excel\u00eancia e desempenhos anteriores comprovados na \u00e1rea de tradu\u00e7\u00f5es e lingu\u00edstica, a Trusted Translations recebeu diversas premia\u00e7\u00f5es, certifica\u00e7\u00f5es e indica\u00e7\u00f5es.\" \/>\n<meta property=\"og:url\" content=\"https:\/\/www.trustedtranslations.com\/pt-br\/sobre-nos\/certificacoes\" \/>\n<meta property=\"og:site_name\" content=\"Trusted Translations, Inc.\" \/>\n<meta property=\"article:publisher\" content=\"https:\/\/www.facebook.com\/Trusted.Translations\" \/>\n<meta property=\"article:modified_time\" content=\"2025-12-17T14:10:54+00:00\" \/>\n<meta property=\"og:image\" content=\"https:\/\/www.trustedtranslations.com\/wp-content\/uploads\/2022\/03\/TT_NEW_FB-1.png\" \/>\n\t<meta property=\"og:image:width\" content=\"1038\" \/>\n\t<meta property=\"og:image:height\" content=\"1038\" \/>\n\t<meta property=\"og:image:type\" content=\"image\/png\" \/>\n<meta name=\"twitter:card\" content=\"summary_large_image\" \/>\n<meta name=\"twitter:site\" content=\"@TrustedT9ns\" \/>\n<script type=\"application\/ld+json\" class=\"yoast-schema-graph\">{\"@context\":\"https:\\\/\\\/schema.org\",\"@graph\":[{\"@type\":\"WebPage\",\"@id\":\"https:\\\/\\\/www.trustedtranslations.com\\\/pt-br\\\/sobre-nos\\\/certificacoes\",\"url\":\"https:\\\/\\\/www.trustedtranslations.com\\\/pt-br\\\/sobre-nos\\\/certificacoes\",\"name\":\"Trusted Translations: Certifica\u00e7\u00f5es, premia\u00e7\u00f5es e indica\u00e7\u00f5es\",\"isPartOf\":{\"@id\":\"https:\\\/\\\/www.trustedtranslations.com\\\/pt-br\\\/#website\"},\"primaryImageOfPage\":{\"@id\":\"https:\\\/\\\/www.trustedtranslations.com\\\/pt-br\\\/sobre-nos\\\/certificacoes#primaryimage\"},\"image\":{\"@id\":\"https:\\\/\\\/www.trustedtranslations.com\\\/pt-br\\\/sobre-nos\\\/certificacoes#primaryimage\"},\"thumbnailUrl\":\"https:\\\/\\\/www.trustedtranslations.com\\\/wp-content\\\/uploads\\\/2022\\\/03\\\/TT_NEW_FB-1.png\",\"description\":\"Ao longo de anos de excel\u00eancia e desempenhos anteriores comprovados na \u00e1rea de tradu\u00e7\u00f5es e lingu\u00edstica, a Trusted Translations recebeu diversas premia\u00e7\u00f5es, certifica\u00e7\u00f5es e indica\u00e7\u00f5es.\",\"breadcrumb\":{\"@id\":\"https:\\\/\\\/www.trustedtranslations.com\\\/pt-br\\\/sobre-nos\\\/certificacoes#breadcrumb\"},\"inLanguage\":\"pt-BR\",\"potentialAction\":[{\"@type\":\"ReadAction\",\"target\":[\"https:\\\/\\\/www.trustedtranslations.com\\\/pt-br\\\/sobre-nos\\\/certificacoes\"]}]},{\"@type\":\"ImageObject\",\"inLanguage\":\"pt-BR\",\"@id\":\"https:\\\/\\\/www.trustedtranslations.com\\\/pt-br\\\/sobre-nos\\\/certificacoes#primaryimage\",\"url\":\"https:\\\/\\\/www.trustedtranslations.com\\\/wp-content\\\/uploads\\\/2022\\\/03\\\/TT_NEW_FB-1.png\",\"contentUrl\":\"https:\\\/\\\/www.trustedtranslations.com\\\/wp-content\\\/uploads\\\/2022\\\/03\\\/TT_NEW_FB-1.png\",\"width\":1038,\"height\":1038,\"caption\":\"TT NEW FB 1\"},{\"@type\":\"BreadcrumbList\",\"@id\":\"https:\\\/\\\/www.trustedtranslations.com\\\/pt-br\\\/sobre-nos\\\/certificacoes#breadcrumb\",\"itemListElement\":[{\"@type\":\"ListItem\",\"position\":1,\"name\":\"Home\",\"item\":\"https:\\\/\\\/www.trustedtranslations.com\\\/pt-br\"},{\"@type\":\"ListItem\",\"position\":2,\"name\":\"Sobre n\u00f3s\",\"item\":\"https:\\\/\\\/www.trustedtranslations.com\\\/pt-br\\\/sobre-nos\"},{\"@type\":\"ListItem\",\"position\":3,\"name\":\"Certifica\u00e7\u00f5es\"}]},{\"@type\":\"WebSite\",\"@id\":\"https:\\\/\\\/www.trustedtranslations.com\\\/pt-br\\\/#website\",\"url\":\"https:\\\/\\\/www.trustedtranslations.com\\\/pt-br\\\/\",\"name\":\"Trusted Translations, Inc.\",\"description\":\"Leader in translation and interpretation services.\",\"publisher\":{\"@id\":\"https:\\\/\\\/www.trustedtranslations.com\\\/pt-br\\\/#organization\"},\"alternateName\":\"Trusted Translations\",\"potentialAction\":[{\"@type\":\"SearchAction\",\"target\":{\"@type\":\"EntryPoint\",\"urlTemplate\":\"https:\\\/\\\/www.trustedtranslations.com\\\/pt-br\\\/?s={search_term_string}\"},\"query-input\":{\"@type\":\"PropertyValueSpecification\",\"valueRequired\":true,\"valueName\":\"search_term_string\"}}],\"inLanguage\":\"pt-BR\"},{\"@type\":\"Organization\",\"@id\":\"https:\\\/\\\/www.trustedtranslations.com\\\/pt-br\\\/#organization\",\"name\":\"Trusted Translations\",\"alternateName\":\"Trusted Translations, Inc.\",\"url\":\"https:\\\/\\\/www.trustedtranslations.com\\\/pt-br\\\/\",\"logo\":{\"@type\":\"ImageObject\",\"inLanguage\":\"pt-BR\",\"@id\":\"https:\\\/\\\/www.trustedtranslations.com\\\/pt-br\\\/#\\\/schema\\\/logo\\\/image\\\/\",\"url\":\"https:\\\/\\\/static.trustedtranslations.com\\\/wp-content\\\/uploads\\\/2022\\\/01\\\/TT_logo_WSIColors-2.png\",\"contentUrl\":\"https:\\\/\\\/static.trustedtranslations.com\\\/wp-content\\\/uploads\\\/2022\\\/01\\\/TT_logo_WSIColors-2.png\",\"width\":500,\"height\":196,\"caption\":\"Trusted Translations\"},\"image\":{\"@id\":\"https:\\\/\\\/www.trustedtranslations.com\\\/pt-br\\\/#\\\/schema\\\/logo\\\/image\\\/\"},\"sameAs\":[\"https:\\\/\\\/www.facebook.com\\\/Trusted.Translations\",\"https:\\\/\\\/x.com\\\/TrustedT9ns\",\"https:\\\/\\\/www.linkedin.com\\\/company\\\/trusted-translations\"]}]}<\/script>\n<!-- \/ Yoast SEO plugin. -->","yoast_head_json":{"title":"Trusted Translations: Certifica\u00e7\u00f5es, premia\u00e7\u00f5es e indica\u00e7\u00f5es","description":"Ao longo de anos de excel\u00eancia e desempenhos anteriores comprovados na \u00e1rea de tradu\u00e7\u00f5es e lingu\u00edstica, a Trusted Translations recebeu diversas premia\u00e7\u00f5es, certifica\u00e7\u00f5es e indica\u00e7\u00f5es.","robots":{"index":"index","follow":"follow","max-snippet":"max-snippet:-1","max-image-preview":"max-image-preview:large","max-video-preview":"max-video-preview:-1"},"canonical":"https:\/\/www.trustedtranslations.com\/pt-br\/sobre-nos\/certificacoes","og_locale":"pt_BR","og_type":"article","og_title":"Trusted Translations: Certifica\u00e7\u00f5es, premia\u00e7\u00f5es e indica\u00e7\u00f5es","og_description":"Ao longo de anos de excel\u00eancia e desempenhos anteriores comprovados na \u00e1rea de tradu\u00e7\u00f5es e lingu\u00edstica, a Trusted Translations recebeu diversas premia\u00e7\u00f5es, certifica\u00e7\u00f5es e indica\u00e7\u00f5es.","og_url":"https:\/\/www.trustedtranslations.com\/pt-br\/sobre-nos\/certificacoes","og_site_name":"Trusted Translations, Inc.","article_publisher":"https:\/\/www.facebook.com\/Trusted.Translations","article_modified_time":"2025-12-17T14:10:54+00:00","og_image":[{"width":1038,"height":1038,"url":"https:\/\/www.trustedtranslations.com\/wp-content\/uploads\/2022\/03\/TT_NEW_FB-1.png","type":"image\/png"}],"twitter_card":"summary_large_image","twitter_site":"@TrustedT9ns","schema":{"@context":"https:\/\/schema.org","@graph":[{"@type":"WebPage","@id":"https:\/\/www.trustedtranslations.com\/pt-br\/sobre-nos\/certificacoes","url":"https:\/\/www.trustedtranslations.com\/pt-br\/sobre-nos\/certificacoes","name":"Trusted Translations: Certifica\u00e7\u00f5es, premia\u00e7\u00f5es e indica\u00e7\u00f5es","isPartOf":{"@id":"https:\/\/www.trustedtranslations.com\/pt-br\/#website"},"primaryImageOfPage":{"@id":"https:\/\/www.trustedtranslations.com\/pt-br\/sobre-nos\/certificacoes#primaryimage"},"image":{"@id":"https:\/\/www.trustedtranslations.com\/pt-br\/sobre-nos\/certificacoes#primaryimage"},"thumbnailUrl":"https:\/\/www.trustedtranslations.com\/wp-content\/uploads\/2022\/03\/TT_NEW_FB-1.png","description":"Ao longo de anos de excel\u00eancia e desempenhos anteriores comprovados na \u00e1rea de tradu\u00e7\u00f5es e lingu\u00edstica, a Trusted Translations recebeu diversas premia\u00e7\u00f5es, certifica\u00e7\u00f5es e indica\u00e7\u00f5es.","breadcrumb":{"@id":"https:\/\/www.trustedtranslations.com\/pt-br\/sobre-nos\/certificacoes#breadcrumb"},"inLanguage":"pt-BR","potentialAction":[{"@type":"ReadAction","target":["https:\/\/www.trustedtranslations.com\/pt-br\/sobre-nos\/certificacoes"]}]},{"@type":"ImageObject","inLanguage":"pt-BR","@id":"https:\/\/www.trustedtranslations.com\/pt-br\/sobre-nos\/certificacoes#primaryimage","url":"https:\/\/www.trustedtranslations.com\/wp-content\/uploads\/2022\/03\/TT_NEW_FB-1.png","contentUrl":"https:\/\/www.trustedtranslations.com\/wp-content\/uploads\/2022\/03\/TT_NEW_FB-1.png","width":1038,"height":1038,"caption":"TT NEW FB 1"},{"@type":"BreadcrumbList","@id":"https:\/\/www.trustedtranslations.com\/pt-br\/sobre-nos\/certificacoes#breadcrumb","itemListElement":[{"@type":"ListItem","position":1,"name":"Home","item":"https:\/\/www.trustedtranslations.com\/pt-br"},{"@type":"ListItem","position":2,"name":"Sobre n\u00f3s","item":"https:\/\/www.trustedtranslations.com\/pt-br\/sobre-nos"},{"@type":"ListItem","position":3,"name":"Certifica\u00e7\u00f5es"}]},{"@type":"WebSite","@id":"https:\/\/www.trustedtranslations.com\/pt-br\/#website","url":"https:\/\/www.trustedtranslations.com\/pt-br\/","name":"Trusted Translations, Inc.","description":"Leader in translation and interpretation services.","publisher":{"@id":"https:\/\/www.trustedtranslations.com\/pt-br\/#organization"},"alternateName":"Trusted Translations","potentialAction":[{"@type":"SearchAction","target":{"@type":"EntryPoint","urlTemplate":"https:\/\/www.trustedtranslations.com\/pt-br\/?s={search_term_string}"},"query-input":{"@type":"PropertyValueSpecification","valueRequired":true,"valueName":"search_term_string"}}],"inLanguage":"pt-BR"},{"@type":"Organization","@id":"https:\/\/www.trustedtranslations.com\/pt-br\/#organization","name":"Trusted Translations","alternateName":"Trusted Translations, Inc.","url":"https:\/\/www.trustedtranslations.com\/pt-br\/","logo":{"@type":"ImageObject","inLanguage":"pt-BR","@id":"https:\/\/www.trustedtranslations.com\/pt-br\/#\/schema\/logo\/image\/","url":"https:\/\/static.trustedtranslations.com\/wp-content\/uploads\/2022\/01\/TT_logo_WSIColors-2.png","contentUrl":"https:\/\/static.trustedtranslations.com\/wp-content\/uploads\/2022\/01\/TT_logo_WSIColors-2.png","width":500,"height":196,"caption":"Trusted Translations"},"image":{"@id":"https:\/\/www.trustedtranslations.com\/pt-br\/#\/schema\/logo\/image\/"},"sameAs":["https:\/\/www.facebook.com\/Trusted.Translations","https:\/\/x.com\/TrustedT9ns","https:\/\/www.linkedin.com\/company\/trusted-translations"]}]}},"toolset-meta":{"dyk":{"mensaje-1":{"type":"textfield","raw":"A Trusted Translations tem profissionais m\u00e9dicos bil\u00edngues e certificados pelo conselho em seu quadro de pessoal."},"mensaje-2":{"type":"textfield","raw":"A equipe da Trusted Translations inclui especialistas bil\u00edngues em tradu\u00e7\u00f5es judiciais, aprovados ao n\u00edvel federal."},"mensaje-3":{"type":"textfield","raw":"Como fornecedores confi\u00e1veis do governo dos EUA, recebemos um contrato GSA competitivo."},"mensaje-4":{"type":"textfield","raw":"Excedemos as normas de qualidade ISO 9001:2015 e certificamos qualquer projeto de tradu\u00e7\u00e3o."},"mensaje-5":{"type":"textfield","raw":""},"mensaje-6":{"type":"textfield","raw":""}},"single-page-template-fields":{"imgs-temp":{"type":"image","raw":["https:\/\/static.trustedtranslations.com\/wp-content\/uploads\/2024\/07\/Group-115-1.webp","https:\/\/static.trustedtranslations.com\/wp-content\/uploads\/2024\/07\/Group-114-1.webp"],"repeatable":[{"raw":"https:\/\/static.trustedtranslations.com\/wp-content\/uploads\/2024\/07\/Group-115-1.webp"},{"raw":"https:\/\/static.trustedtranslations.com\/wp-content\/uploads\/2024\/07\/Group-114-1.webp"}]},"imgs-temp-cel":{"type":"image","raw":[""],"repeatable":[{"raw":""}]},"img-temp-one-cel":{"type":"image","raw":"https:\/\/static.trustedtranslations.com\/wp-content\/uploads\/2024\/07\/AdobeStock_90091700-1-1.webp","attachment_id":null},"quotes":{"type":"textarea","raw":"<h1 style=\"margin-bottom: 12px;\">Certifica\u00e7\u00f5es, premia\u00e7\u00f5es e indica\u00e7\u00f5es<\/h1>\r\nAo longo de anos de excel\u00eancia comprovada na \u00e1rea de tradu\u00e7\u00f5es e lingu\u00edstica, a Trusted Translations recebeu diversas premia\u00e7\u00f5es, certifica\u00e7\u00f5es e indica\u00e7\u00f5es de seus parceiros do setor e de entidades de certifica\u00e7\u00e3o. Muitas dessas indica\u00e7\u00f5es foram concedidas \u00e0 Trusted Translations pelo governo federal dos Estados Unidos, facilitando a contrata\u00e7\u00e3o de nossos servi\u00e7os de alta qualidade por ag\u00eancias governamentais e fornecedores. \r\n<div style=\"margin-top: 2.5vw;\"><a class=\"tt-btn-main-cta\" href=\"https:\/\/www.trustedtranslations.com\/pt-br\/solicitud-orcamento\">Solicite um or\u00e7amento gratuito<\/a><\/div>"},"text-1":{"type":"textarea","raw":"Abaixo est\u00e3o algumas de nossas certifica\u00e7\u00f5es, premia\u00e7\u00f5es e indica\u00e7\u00f5es.\r\n<h2>Certifica\u00e7\u00f5es e licen\u00e7as<\/h2>\r\n<img class=\"alignleft\" src=\"https:\/\/static.trustedtranslations.com\/wp-content\/uploads\/2024\/12\/17100_compliant.png\" alt=\"Certificado ISO 17100 Servi\u00e7os de tradu\u00e7\u00e3o\" width=\"100px\"\/>\r\n\r\n<a href=\"https:\/\/www.iso.org\/home.html\">Certificado ISO 17100 Servi\u00e7os de tradu\u00e7\u00e3o<\/a>\r\n\r\nA Trusted Translations, <em>Inc.<\/em> recebeu certifica\u00e7\u00e3o independente da conformidade de opera\u00e7\u00f5es com a ISO 17100:2015 pelos processos principais de Servi\u00e7os de tradu\u00e7\u00e3o. A ISO 17100:2015 estabelece requisitos espec\u00edficos de tradu\u00e7\u00e3o para os principais processos, recursos e outros aspectos intr\u00ednsecos a um produto de tradu\u00e7\u00e3o de qualidade. A aplica\u00e7\u00e3o da ISO 17100:2015 fornece os meios pelos quais a Trusted Translations, <em>Inc.<\/em> pode demonstrar conformidade dos servi\u00e7os de tradu\u00e7\u00e3o espec\u00edficos a essa norma, comprovando a compet\u00eancia de seus processos e recursos em entregar um servi\u00e7o de tradu\u00e7\u00e3o que atender\u00e1 as especifica\u00e7\u00f5es aplic\u00e1veis do cliente e eventuais outras. Os Certificados da Trusted Translations foram emitidos pela Certifica\u00e7\u00e3o ATC. Uma c\u00f3pia de nossos certificados pode ser disponibilizada mediante solicita\u00e7\u00e3o.\r\n\r\n<img class=\"alignleft\" src=\"https:\/\/static.trustedtranslations.com\/wp-content\/uploads\/2024\/12\/18587_compliant.png\" alt=\"Certificado ISO 17100 Servi\u00e7os de tradu\u00e7\u00e3o\" width=\"100px\"\/>\r\n\r\n<a href=\"https:\/\/www.iso.org\/home.html\">Certificado ISO 18587 Resultados de p\u00f3s-edi\u00e7\u00e3o de tradu\u00e7\u00e3o autom\u00e1tica<\/a>\r\n\r\nComo parte de uma grande campanha para atender e\/ou exceder as normas ISO do setor, a Trusted Translations, Inc. recebeu certifica\u00e7\u00e3o independente de conformidade de opera\u00e7\u00f5es ISO 18587:2017 para resultados de p\u00f3s-edi\u00e7\u00e3o de tradu\u00e7\u00e3o autom\u00e1tica. A ISO 18587:2017 se aplica \u00e0 p\u00f3s-edi\u00e7\u00e3o completa e humana do resultado de uma tradu\u00e7\u00e3o autom\u00e1tica. A norma existe para prestadores de servi\u00e7os de tradu\u00e7\u00e3o, seus clientes, e p\u00f3s-editores, atendendo processos e qualifica\u00e7\u00f5es do p\u00f3s-editor. Os Certificados da Trusted Translations foram emitidos pela Certifica\u00e7\u00e3o ATC. Uma c\u00f3pia de nossos certificados pode ser disponibilizada mediante solicita\u00e7\u00e3o.\r\n<img class=\"alignleft\" src=\"\/wp-content\/uploads\/img\/iso.gif\" alt=\"Certifica\u00e7\u00e3o ISO\" \/>\r\n\r\n<a class=\"external-link\" title=\"Certifica\u00e7\u00e3o ISO\" href=\"https:\/\/www.iso.org\" target=\"_blank\" rel=\"noopener noreferrer\">Certifica\u00e7\u00e3o ISO<\/a>\r\n\r\nComo resultado de nossa dedica\u00e7\u00e3o ao controle de qualidade e de nosso processo de verifica\u00e7\u00e3o de precis\u00e3o de tr\u00eas etapas, a Trusted Translations recebeu um Certificado de registro por atender e exceder as normas ISO 9001:2015 nas \u00e1reas de interpreta\u00e7\u00e3o e tradu\u00e7\u00e3o. O certificado da Trusted Translations foi emitido por um dos principais auditores independentes aprovados pelo ANAB. Uma c\u00f3pia de nosso Certificado de registro pode ser disponibilizada mediante solicita\u00e7\u00e3o."},"shortcode-map":{"type":"textfield","raw":""},"dyk-shortcode":{"type":"textfield","raw":"[elementor-template id=\"147273\"]"},"text-2":{"type":"textarea","raw":"<img class=\"alignleft\" src=\"\/wp-content\/uploads\/img\/hammer.gif\" alt=\"Especialistas em tradu\u00e7\u00f5es em tribunais aprovados ao n\u00edvel federal\" \/>\r\n\r\n<a class=\"external-link\" title=\"Especialistas em tradu\u00e7\u00f5es em tribunais aprovados ao n\u00edvel federal\" href=\"https:\/\/www.uscourts.gov\/FederalCourts\/UnderstandingtheFederalCourts\/DistrictCourts\/CourtInterpreters.aspx\" target=\"_blank\" rel=\"noopener noreferrer\">Especialistas em tradu\u00e7\u00f5es em tribunais aprovados ao n\u00edvel federal<\/a>\r\n\r\nUma das qualifica\u00e7\u00f5es exclusivas da Trusted Translations refere-se \u00e0 nossa equipe interna de especialistas em tradu\u00e7\u00f5es (ingl\u00eas\/espanhol) em tribunais, aprovados ao n\u00edvel federal, preparados para a realiza\u00e7\u00e3o de quaisquer servi\u00e7os de tradu\u00e7\u00e3o. Utilizamos esses membros altamente qualificados de nossa equipe para verificar e revisar documentos juridicamente confidenciais e para garantir que todas as tradu\u00e7\u00f5es possam ser utilizadas em qualquer disputa legal.\r\n\r\n<img class=\"alignleft\" style=\"max-height: 90px !important;\" src=\"\/wp-content\/uploads\/img\/medical-experts.gif\" alt=\"Especialistas m\u00e9dicos bil\u00edngues certificados pelo conselho\" \/>\r\n\r\n<a class=\"external-link\" title=\"Especialistas m\u00e9dicos bil\u00edngues certificados pelo conselho\" href=\"https:\/\/www.certifiedmedicalinterpreters.org\" target=\"_blank\" rel=\"noopener noreferrer\">Especialistas m\u00e9dicos bil\u00edngues certificados pelo conselho<\/a>\r\n\r\nCompreendemos a necessidade de possuirmos especialistas m\u00e9dicos bil\u00edngues (ingl\u00eas\/espanhol) do mais alto n\u00edvel para a realiza\u00e7\u00e3o de suas tradu\u00e7\u00f5es relacionadas \u00e0 \u00e1rea m\u00e9dica. Utilizamos m\u00e9dicos bil\u00edngues certificados pelo conselho para gerenciar os conte\u00fados da \u00e1rea m\u00e9dica na Trusted Translations. Os certificados emitidos pelo conselho para os nossos m\u00e9dicos podem ser disponibilizados mediante solicita\u00e7\u00e3o.\r\n\r\n<img class=\"alignleft\" src=\"\/wp-content\/uploads\/img\/top-500-company.jpg\" alt=\"Uma das 500 melhores empresas hisp\u00e2nicas\" \/>\r\n\r\n<a class=\"external-link\" title=\"Uma das 500 melhores empresas hisp\u00e2nicas\" href=\"https:\/\/www.diversitybusiness.com\" target=\"_blank\" rel=\"noopener noreferrer\">Uma das 500 melhores empresas hisp\u00e2nicas<\/a>\r\n\r\nA Trusted Translations foi considerada uma das 500 melhores empresas hispano-americanas nos Estados Unidos, selecionada dentre 650 mil candidatas. Al\u00e9m dessa honra, a Trusted Translations tamb\u00e9m \u00e9 uma das empresas de tradu\u00e7\u00e3o que mais cresce no setor, com um crescimento anualizado de mais de 50% ao longo dos \u00faltimos 5 anos.\r\n\r\n<img class=\"alignleft\" src=\"\/wp-content\/uploads\/img\/osd-mbe-certificate.jpg\" alt=\"Certificado do Estado da Fl\u00f3rida \u2013 Prestador reconhecido de servi\u00e7o \u00e0s minorias\" \/>\r\n\r\n<a class=\"external-link\" title=\"Certificado do Estado da Fl\u00f3rida \u2013 Prestador reconhecido de servi\u00e7o \u00e0s minorias\" href=\"https:\/\/www.dms.myflorida.com\/other_programs\/office_of_supplier_diversity_osd\" target=\"_blank\" rel=\"noopener noreferrer\">Certificado do Estado da Fl\u00f3rida \u2013 Prestador reconhecido de servi\u00e7o \u00e0s minorias<\/a>\r\n\r\nComo fornecedora de tradu\u00e7\u00f5es l\u00edder de mercado no Estado da Fl\u00f3rida, a Trusted Translations foi reconhecida como uma empresa certificada das minorias. A Trusted Translations fornece servi\u00e7os de tradu\u00e7\u00e3o a diversas ag\u00eancias dos governos estaduais, municipais e dos condados com orgulho.\r\n\r\n<img class=\"alignleft\" src=\"\/wp-content\/uploads\/img\/gsa-schedule.jpg\" alt=\"Programa da Administra\u00e7\u00e3o de Servi\u00e7os Gerais\" \/>\r\n\r\n<a class=\"external-link\" title=\"Programa da Administra\u00e7\u00e3o de Servi\u00e7os Gerais\" href=\"https:\/\/www.gsa.gov\" target=\"_blank\" rel=\"noopener noreferrer\">Programa da Administra\u00e7\u00e3o de Servi\u00e7os Gerais<\/a>\r\n\r\nA Trusted Translations recentemente firmou um contrato de cinco anos com a GSA (n\u00famero do contrato: GS-10F-0245W) para prestar servi\u00e7os de idiomas aos governos estaduais e ao governo federal. Esse contrato \u00e9 concedido apenas para empresas que tenham demonstrado um desempenho comprovado nos setores p\u00fablico e privado."},"state":{"type":"textfield","raw":""},"city":{"type":"textarea","raw":[""]}}},"_links":{"self":[{"href":"https:\/\/www.trustedtranslations.com\/pt-br\/wp-json\/wp\/v2\/pages\/134922","targetHints":{"allow":["GET"]}}],"collection":[{"href":"https:\/\/www.trustedtranslations.com\/pt-br\/wp-json\/wp\/v2\/pages"}],"about":[{"href":"https:\/\/www.trustedtranslations.com\/pt-br\/wp-json\/wp\/v2\/types\/page"}],"author":[{"embeddable":true,"href":"https:\/\/www.trustedtranslations.com\/pt-br\/wp-json\/wp\/v2\/users\/1"}],"replies":[{"embeddable":true,"href":"https:\/\/www.trustedtranslations.com\/pt-br\/wp-json\/wp\/v2\/comments?post=134922"}],"version-history":[{"count":0,"href":"https:\/\/www.trustedtranslations.com\/pt-br\/wp-json\/wp\/v2\/pages\/134922\/revisions"}],"up":[{"embeddable":true,"href":"https:\/\/www.trustedtranslations.com\/pt-br\/wp-json\/wp\/v2\/pages\/135071"}],"wp:featuredmedia":[{"embeddable":true,"href":"https:\/\/www.trustedtranslations.com\/pt-br\/wp-json\/wp\/v2\/media\/139632"}],"wp:attachment":[{"href":"https:\/\/www.trustedtranslations.com\/pt-br\/wp-json\/wp\/v2\/media?parent=134922"}],"curies":[{"name":"wp","href":"https:\/\/api.w.org\/{rel}","templated":true}]}}