{"id":134926,"date":"2018-11-20T15:47:33","date_gmt":"2018-11-20T15:47:33","guid":{"rendered":"https:\/\/www.trustedtranslations.com\/?page_id=134926"},"modified":"2024-09-19T18:02:26","modified_gmt":"2024-09-19T21:02:26","slug":"agencia-de-espanhol","status":"publish","type":"page","link":"https:\/\/www.trustedtranslations.com\/pt-br\/sobre-nos\/agencia-de-espanhol","title":{"rendered":"Ag\u00eancia de espanhol"},"content":{"rendered":"","protected":false},"excerpt":{"rendered":"","protected":false},"author":1,"featured_media":139632,"parent":135071,"menu_order":0,"comment_status":"closed","ping_status":"closed","template":"","meta":{"site-sidebar-layout":"default","site-content-layout":"default","ast-site-content-layout":"default","site-content-style":"default","site-sidebar-style":"default","ast-global-header-display":"","ast-banner-title-visibility":"","ast-main-header-display":"","ast-hfb-above-header-display":"","ast-hfb-below-header-display":"","ast-hfb-mobile-header-display":"","site-post-title":"disabled","ast-breadcrumbs-content":"","ast-featured-img":"","footer-sml-layout":"","ast-disable-related-posts":"","theme-transparent-header-meta":"default","adv-header-id-meta":"","stick-header-meta":"","header-above-stick-meta":"","header-main-stick-meta":"","header-below-stick-meta":"","astra-migrate-meta-layouts":"set","ast-page-background-enabled":"default","ast-page-background-meta":{"desktop":{"background-color":"var(--ast-global-color-4)","background-image":"","background-repeat":"repeat","background-position":"center center","background-size":"auto","background-attachment":"scroll","background-type":"","background-media":"","overlay-type":"","overlay-color":"","overlay-opacity":"","overlay-gradient":""},"tablet":{"background-color":"","background-image":"","background-repeat":"repeat","background-position":"center center","background-size":"auto","background-attachment":"scroll","background-type":"","background-media":"","overlay-type":"","overlay-color":"","overlay-opacity":"","overlay-gradient":""},"mobile":{"background-color":"","background-image":"","background-repeat":"repeat","background-position":"center center","background-size":"auto","background-attachment":"scroll","background-type":"","background-media":"","overlay-type":"","overlay-color":"","overlay-opacity":"","overlay-gradient":""}},"ast-content-background-meta":{"desktop":{"background-color":"var(--ast-global-color-5)","background-image":"","background-repeat":"repeat","background-position":"center center","background-size":"auto","background-attachment":"scroll","background-type":"","background-media":"","overlay-type":"","overlay-color":"","overlay-opacity":"","overlay-gradient":""},"tablet":{"background-color":"var(--ast-global-color-5)","background-image":"","background-repeat":"repeat","background-position":"center center","background-size":"auto","background-attachment":"scroll","background-type":"","background-media":"","overlay-type":"","overlay-color":"","overlay-opacity":"","overlay-gradient":""},"mobile":{"background-color":"var(--ast-global-color-5)","background-image":"","background-repeat":"repeat","background-position":"center center","background-size":"auto","background-attachment":"scroll","background-type":"","background-media":"","overlay-type":"","overlay-color":"","overlay-opacity":"","overlay-gradient":""}},"footnotes":""},"class_list":["post-134926","page","type-page","status-publish","has-post-thumbnail","hentry"],"yoast_head":"<!-- This site is optimized with the Yoast SEO plugin v27.3 - https:\/\/yoast.com\/product\/yoast-seo-wordpress\/ -->\n<title>Descubra a Trusted Translations: tradu\u00e7\u00e3o especializada do espanhol com garantia de qualidade. Pe\u00e7a um or\u00e7amento gratuito.<\/title>\n<meta name=\"description\" content=\"Descubra a Trusted Translations: tradu\u00e7\u00e3o especializada do espanhol com garantia de qualidade. Pe\u00e7a um or\u00e7amento gratuito.\" \/>\n<meta name=\"robots\" content=\"index, follow, max-snippet:-1, max-image-preview:large, max-video-preview:-1\" \/>\n<link rel=\"canonical\" href=\"https:\/\/www.trustedtranslations.com\/pt-br\/sobre-nos\/agencia-de-espanhol\" \/>\n<meta property=\"og:locale\" content=\"pt_BR\" \/>\n<meta property=\"og:type\" content=\"article\" \/>\n<meta property=\"og:title\" content=\"Descubra a Trusted Translations: tradu\u00e7\u00e3o especializada do espanhol com garantia de qualidade. Pe\u00e7a um or\u00e7amento gratuito.\" \/>\n<meta property=\"og:description\" content=\"Descubra a Trusted Translations: tradu\u00e7\u00e3o especializada do espanhol com garantia de qualidade. Pe\u00e7a um or\u00e7amento gratuito.\" \/>\n<meta property=\"og:url\" content=\"https:\/\/www.trustedtranslations.com\/pt-br\/sobre-nos\/agencia-de-espanhol\" \/>\n<meta property=\"og:site_name\" content=\"Trusted Translations, Inc.\" \/>\n<meta property=\"article:publisher\" content=\"https:\/\/www.facebook.com\/Trusted.Translations\" \/>\n<meta property=\"article:modified_time\" content=\"2024-09-19T21:02:26+00:00\" \/>\n<meta property=\"og:image\" content=\"https:\/\/static.trustedtranslations.com\/wp-content\/uploads\/2022\/03\/TT_NEW_FB-1.png\" \/>\n\t<meta property=\"og:image:width\" content=\"1038\" \/>\n\t<meta property=\"og:image:height\" content=\"1038\" \/>\n\t<meta property=\"og:image:type\" content=\"image\/png\" \/>\n<meta name=\"twitter:card\" content=\"summary_large_image\" \/>\n<meta name=\"twitter:site\" content=\"@TrustedT9ns\" \/>\n<script type=\"application\/ld+json\" class=\"yoast-schema-graph\">{\"@context\":\"https:\\\/\\\/schema.org\",\"@graph\":[{\"@type\":\"WebPage\",\"@id\":\"https:\\\/\\\/www.trustedtranslations.com\\\/pt-br\\\/sobre-nos\\\/agencia-de-espanhol\",\"url\":\"https:\\\/\\\/www.trustedtranslations.com\\\/pt-br\\\/sobre-nos\\\/agencia-de-espanhol\",\"name\":\"Descubra a Trusted Translations: tradu\u00e7\u00e3o especializada do espanhol com garantia de qualidade. Pe\u00e7a um or\u00e7amento gratuito.\",\"isPartOf\":{\"@id\":\"https:\\\/\\\/www.trustedtranslations.com\\\/pt-br\\\/#website\"},\"primaryImageOfPage\":{\"@id\":\"https:\\\/\\\/www.trustedtranslations.com\\\/pt-br\\\/sobre-nos\\\/agencia-de-espanhol#primaryimage\"},\"image\":{\"@id\":\"https:\\\/\\\/www.trustedtranslations.com\\\/pt-br\\\/sobre-nos\\\/agencia-de-espanhol#primaryimage\"},\"thumbnailUrl\":\"https:\\\/\\\/www.trustedtranslations.com\\\/wp-content\\\/uploads\\\/2022\\\/03\\\/TT_NEW_FB-1.png\",\"description\":\"Descubra a Trusted Translations: tradu\u00e7\u00e3o especializada do espanhol com garantia de qualidade. Pe\u00e7a um or\u00e7amento gratuito.\",\"breadcrumb\":{\"@id\":\"https:\\\/\\\/www.trustedtranslations.com\\\/pt-br\\\/sobre-nos\\\/agencia-de-espanhol#breadcrumb\"},\"inLanguage\":\"pt-BR\",\"potentialAction\":[{\"@type\":\"ReadAction\",\"target\":[\"https:\\\/\\\/www.trustedtranslations.com\\\/pt-br\\\/sobre-nos\\\/agencia-de-espanhol\"]}]},{\"@type\":\"ImageObject\",\"inLanguage\":\"pt-BR\",\"@id\":\"https:\\\/\\\/www.trustedtranslations.com\\\/pt-br\\\/sobre-nos\\\/agencia-de-espanhol#primaryimage\",\"url\":\"https:\\\/\\\/www.trustedtranslations.com\\\/wp-content\\\/uploads\\\/2022\\\/03\\\/TT_NEW_FB-1.png\",\"contentUrl\":\"https:\\\/\\\/www.trustedtranslations.com\\\/wp-content\\\/uploads\\\/2022\\\/03\\\/TT_NEW_FB-1.png\",\"width\":1038,\"height\":1038,\"caption\":\"TT NEW FB 1\"},{\"@type\":\"BreadcrumbList\",\"@id\":\"https:\\\/\\\/www.trustedtranslations.com\\\/pt-br\\\/sobre-nos\\\/agencia-de-espanhol#breadcrumb\",\"itemListElement\":[{\"@type\":\"ListItem\",\"position\":1,\"name\":\"Home\",\"item\":\"https:\\\/\\\/www.trustedtranslations.com\\\/pt-br\"},{\"@type\":\"ListItem\",\"position\":2,\"name\":\"Sobre n\u00f3s\",\"item\":\"https:\\\/\\\/www.trustedtranslations.com\\\/pt-br\\\/sobre-nos\"},{\"@type\":\"ListItem\",\"position\":3,\"name\":\"Ag\u00eancia de espanhol\"}]},{\"@type\":\"WebSite\",\"@id\":\"https:\\\/\\\/www.trustedtranslations.com\\\/pt-br\\\/#website\",\"url\":\"https:\\\/\\\/www.trustedtranslations.com\\\/pt-br\\\/\",\"name\":\"Trusted Translations, Inc.\",\"description\":\"Leader in translation and interpretation services.\",\"publisher\":{\"@id\":\"https:\\\/\\\/www.trustedtranslations.com\\\/pt-br\\\/#organization\"},\"alternateName\":\"Trusted Translations\",\"potentialAction\":[{\"@type\":\"SearchAction\",\"target\":{\"@type\":\"EntryPoint\",\"urlTemplate\":\"https:\\\/\\\/www.trustedtranslations.com\\\/pt-br\\\/?s={search_term_string}\"},\"query-input\":{\"@type\":\"PropertyValueSpecification\",\"valueRequired\":true,\"valueName\":\"search_term_string\"}}],\"inLanguage\":\"pt-BR\"},{\"@type\":\"Organization\",\"@id\":\"https:\\\/\\\/www.trustedtranslations.com\\\/pt-br\\\/#organization\",\"name\":\"Trusted Translations\",\"alternateName\":\"Trusted Translations, Inc.\",\"url\":\"https:\\\/\\\/www.trustedtranslations.com\\\/pt-br\\\/\",\"logo\":{\"@type\":\"ImageObject\",\"inLanguage\":\"pt-BR\",\"@id\":\"https:\\\/\\\/www.trustedtranslations.com\\\/pt-br\\\/#\\\/schema\\\/logo\\\/image\\\/\",\"url\":\"https:\\\/\\\/static.trustedtranslations.com\\\/wp-content\\\/uploads\\\/2022\\\/01\\\/TT_logo_WSIColors-2.png\",\"contentUrl\":\"https:\\\/\\\/static.trustedtranslations.com\\\/wp-content\\\/uploads\\\/2022\\\/01\\\/TT_logo_WSIColors-2.png\",\"width\":500,\"height\":196,\"caption\":\"Trusted Translations\"},\"image\":{\"@id\":\"https:\\\/\\\/www.trustedtranslations.com\\\/pt-br\\\/#\\\/schema\\\/logo\\\/image\\\/\"},\"sameAs\":[\"https:\\\/\\\/www.facebook.com\\\/Trusted.Translations\",\"https:\\\/\\\/x.com\\\/TrustedT9ns\",\"https:\\\/\\\/www.linkedin.com\\\/company\\\/trusted-translations\"]}]}<\/script>\n<!-- \/ Yoast SEO plugin. -->","yoast_head_json":{"title":"Descubra a Trusted Translations: tradu\u00e7\u00e3o especializada do espanhol com garantia de qualidade. Pe\u00e7a um or\u00e7amento gratuito.","description":"Descubra a Trusted Translations: tradu\u00e7\u00e3o especializada do espanhol com garantia de qualidade. Pe\u00e7a um or\u00e7amento gratuito.","robots":{"index":"index","follow":"follow","max-snippet":"max-snippet:-1","max-image-preview":"max-image-preview:large","max-video-preview":"max-video-preview:-1"},"canonical":"https:\/\/www.trustedtranslations.com\/pt-br\/sobre-nos\/agencia-de-espanhol","og_locale":"pt_BR","og_type":"article","og_title":"Descubra a Trusted Translations: tradu\u00e7\u00e3o especializada do espanhol com garantia de qualidade. Pe\u00e7a um or\u00e7amento gratuito.","og_description":"Descubra a Trusted Translations: tradu\u00e7\u00e3o especializada do espanhol com garantia de qualidade. Pe\u00e7a um or\u00e7amento gratuito.","og_url":"https:\/\/www.trustedtranslations.com\/pt-br\/sobre-nos\/agencia-de-espanhol","og_site_name":"Trusted Translations, Inc.","article_publisher":"https:\/\/www.facebook.com\/Trusted.Translations","article_modified_time":"2024-09-19T21:02:26+00:00","og_image":[{"width":1038,"height":1038,"url":"https:\/\/static.trustedtranslations.com\/wp-content\/uploads\/2022\/03\/TT_NEW_FB-1.png","type":"image\/png"}],"twitter_card":"summary_large_image","twitter_site":"@TrustedT9ns","schema":{"@context":"https:\/\/schema.org","@graph":[{"@type":"WebPage","@id":"https:\/\/www.trustedtranslations.com\/pt-br\/sobre-nos\/agencia-de-espanhol","url":"https:\/\/www.trustedtranslations.com\/pt-br\/sobre-nos\/agencia-de-espanhol","name":"Descubra a Trusted Translations: tradu\u00e7\u00e3o especializada do espanhol com garantia de qualidade. Pe\u00e7a um or\u00e7amento gratuito.","isPartOf":{"@id":"https:\/\/www.trustedtranslations.com\/pt-br\/#website"},"primaryImageOfPage":{"@id":"https:\/\/www.trustedtranslations.com\/pt-br\/sobre-nos\/agencia-de-espanhol#primaryimage"},"image":{"@id":"https:\/\/www.trustedtranslations.com\/pt-br\/sobre-nos\/agencia-de-espanhol#primaryimage"},"thumbnailUrl":"https:\/\/www.trustedtranslations.com\/wp-content\/uploads\/2022\/03\/TT_NEW_FB-1.png","description":"Descubra a Trusted Translations: tradu\u00e7\u00e3o especializada do espanhol com garantia de qualidade. Pe\u00e7a um or\u00e7amento gratuito.","breadcrumb":{"@id":"https:\/\/www.trustedtranslations.com\/pt-br\/sobre-nos\/agencia-de-espanhol#breadcrumb"},"inLanguage":"pt-BR","potentialAction":[{"@type":"ReadAction","target":["https:\/\/www.trustedtranslations.com\/pt-br\/sobre-nos\/agencia-de-espanhol"]}]},{"@type":"ImageObject","inLanguage":"pt-BR","@id":"https:\/\/www.trustedtranslations.com\/pt-br\/sobre-nos\/agencia-de-espanhol#primaryimage","url":"https:\/\/www.trustedtranslations.com\/wp-content\/uploads\/2022\/03\/TT_NEW_FB-1.png","contentUrl":"https:\/\/www.trustedtranslations.com\/wp-content\/uploads\/2022\/03\/TT_NEW_FB-1.png","width":1038,"height":1038,"caption":"TT NEW FB 1"},{"@type":"BreadcrumbList","@id":"https:\/\/www.trustedtranslations.com\/pt-br\/sobre-nos\/agencia-de-espanhol#breadcrumb","itemListElement":[{"@type":"ListItem","position":1,"name":"Home","item":"https:\/\/www.trustedtranslations.com\/pt-br"},{"@type":"ListItem","position":2,"name":"Sobre n\u00f3s","item":"https:\/\/www.trustedtranslations.com\/pt-br\/sobre-nos"},{"@type":"ListItem","position":3,"name":"Ag\u00eancia de espanhol"}]},{"@type":"WebSite","@id":"https:\/\/www.trustedtranslations.com\/pt-br\/#website","url":"https:\/\/www.trustedtranslations.com\/pt-br\/","name":"Trusted Translations, Inc.","description":"Leader in translation and interpretation services.","publisher":{"@id":"https:\/\/www.trustedtranslations.com\/pt-br\/#organization"},"alternateName":"Trusted Translations","potentialAction":[{"@type":"SearchAction","target":{"@type":"EntryPoint","urlTemplate":"https:\/\/www.trustedtranslations.com\/pt-br\/?s={search_term_string}"},"query-input":{"@type":"PropertyValueSpecification","valueRequired":true,"valueName":"search_term_string"}}],"inLanguage":"pt-BR"},{"@type":"Organization","@id":"https:\/\/www.trustedtranslations.com\/pt-br\/#organization","name":"Trusted Translations","alternateName":"Trusted Translations, Inc.","url":"https:\/\/www.trustedtranslations.com\/pt-br\/","logo":{"@type":"ImageObject","inLanguage":"pt-BR","@id":"https:\/\/www.trustedtranslations.com\/pt-br\/#\/schema\/logo\/image\/","url":"https:\/\/static.trustedtranslations.com\/wp-content\/uploads\/2022\/01\/TT_logo_WSIColors-2.png","contentUrl":"https:\/\/static.trustedtranslations.com\/wp-content\/uploads\/2022\/01\/TT_logo_WSIColors-2.png","width":500,"height":196,"caption":"Trusted Translations"},"image":{"@id":"https:\/\/www.trustedtranslations.com\/pt-br\/#\/schema\/logo\/image\/"},"sameAs":["https:\/\/www.facebook.com\/Trusted.Translations","https:\/\/x.com\/TrustedT9ns","https:\/\/www.linkedin.com\/company\/trusted-translations"]}]}},"toolset-meta":{"dyk":{"mensaje-1":{"type":"textfield","raw":"A <em>Trusted Translations<\/em> \u00e9 a empresa de tradu\u00e7\u00e3o de espanhol localizada nos Estados Unidos que oferece os menores pre\u00e7os."},"mensaje-2":{"type":"textfield","raw":"A <em>Trusted Translations<\/em> \u00e9 especialista e l\u00edder em localiza\u00e7\u00f5es do idioma espanhol."},"mensaje-3":{"type":"textfield","raw":"Somos fornecedores comprovados de tradutores para a Hispanic Communications Network."},"mensaje-4":{"type":"textfield","raw":"Mais de 500 mil pessoas visitam nossos sites todos os meses em busca de conselhos sobre o idioma espanhol."},"mensaje-5":{"type":"textfield","raw":""},"mensaje-6":{"type":"textfield","raw":""}},"single-page-template-fields":{"imgs-temp":{"type":"image","raw":["https:\/\/static.trustedtranslations.com\/wp-content\/uploads\/2024\/06\/language-spanish-1.webp","https:\/\/static.trustedtranslations.com\/wp-content\/uploads\/2024\/07\/Group-113-1.webp"],"repeatable":[{"raw":"https:\/\/static.trustedtranslations.com\/wp-content\/uploads\/2024\/06\/language-spanish-1.webp"},{"raw":"https:\/\/static.trustedtranslations.com\/wp-content\/uploads\/2024\/07\/Group-113-1.webp"}]},"imgs-temp-cel":{"type":"image","raw":[""],"repeatable":[{"raw":""}]},"img-temp-one-cel":{"type":"image","raw":"https:\/\/static.trustedtranslations.com\/wp-content\/uploads\/2024\/07\/AdobeStock_94103906-1-1.webp","attachment_id":null},"quotes":{"type":"textarea","raw":"<h1 style=\"margin-bottom: 12px;\">Ag\u00eancia l\u00edder de tradu\u00e7\u00e3o em espanhol<\/h1>\r\nA <em>Trusted Translations<\/em> \u00e9 uma ag\u00eancia de tradu\u00e7\u00e3o com vasta experi\u00eancia, especializada em tradu\u00e7\u00f5es ingl\u00eas-espanhol complexas e com grandes volumes. Fundada na \u00e1rea metropolitana de Washington e com escrit\u00f3rios nos Estados Unidos, na Europa e na Am\u00e9rica Latina, prestamos servi\u00e7os de tradu\u00e7\u00e3o de espanhol de alta qualidade, executados por equipes de tradutores de espanhol.\r\n<div style=\"margin-top: 2.5vw;\"><a class=\"tt-btn-main-cta\" href=\"https:\/\/www.trustedtranslations.com\/pt-br\/solicitud-orcamento\">Solicite um or\u00e7amento gratuito<\/a><\/div>"},"text-1":{"type":"textarea","raw":"<h2>Tradu\u00e7\u00e3o especializada ingl\u00eas-espanhol com pre\u00e7os competitivos e entrega r\u00e1pida<\/h2>Como uma empresa de propriedade de hisp\u00e2nicos e como uma fornecedora de servi\u00e7os de tradu\u00e7\u00e3o ingl\u00eas-espanhol com grandes volumes, a <em>Trusted Translations <\/em>oferece alguns dos pre\u00e7os e dos prazos de execu\u00e7\u00e3o mais competitivos do mercado. Embora forne\u00e7amos uma gama completa de servi\u00e7os de tradu\u00e7\u00e3o e localiza\u00e7\u00e3o para todos os principais setores e em mais de 150 idiomas, somos reconhecidos internacionalmente por nossos recursos no idioma espanhol, com mais de 15 anos de experi\u00eancia comprovada em tradu\u00e7\u00e3o para o espanhol.\r\n\r\nNossos tradutores ingl\u00eas-espanhol traduzem milh\u00f5es de palavras para e do espanhol todos os meses, atendendo clientes de todas as partes do mundo, inclusive empresas da Fortune 500, governos e organiza\u00e7\u00f5es sem fins lucrativos em praticamente todos os principais setores.\r\n<h2>Por que escolher a <em>Trusted Translations<\/em><\/h2>\r\nOs clientes escolhem nossos servi\u00e7os de tradu\u00e7\u00e3o em espanhol devido \u00e0 nossa precis\u00e3o superior, velocidade e pre\u00e7os competitivos. Como parceiro da <em>Trusted Translations <\/em>, voc\u00ea pode ter certeza de que suas tradu\u00e7\u00f5es em espanhol ser\u00e3o alocadas a alguns dos linguistas mais credenciados do setor. Cada componente do seu projeto ser\u00e1 tratado de forma profissional e confidencial por tradutores cuidadosamente escolhidos por sua perspic\u00e1cia lingu\u00edstica de n\u00edvel nativo, bem como sua flu\u00eancia cultural.\r\n\r\nVoc\u00ea tamb\u00e9m pode confiar em n\u00f3s para gerenciar meticulosamente o fluxo de trabalho do seu projeto. Nossos gerentes de projeto e editores supervisionam seus projetos de tradu\u00e7\u00e3o e aplicam nosso processo exclusivo de controle de qualidade, no qual cada tradu\u00e7\u00e3o \u00e9 verificada tr\u00eas vezes. Nossas pol\u00edticas e procedimentos completos nos permitem exceder as normas de qualidade ISO 9001:2000 em termos de precis\u00e3o.\r\n\r\nA <em>Trusted Translations <\/em>n\u00e3o acredita em sacrificar a precis\u00e3o em prol da velocidade. Desde o in\u00edcio de nossas atividades, entregamos consistentemente resultados de alta qualidade em prazos que as ag\u00eancias concorrentes consideravam imposs\u00edveis. Independentemente da complexidade do seu projeto, podemos entregar suas tradu\u00e7\u00f5es no prazo, dentro do or\u00e7amento e com um n\u00edvel excepcional de qualidade."},"shortcode-map":{"type":"textfield","raw":""},"dyk-shortcode":{"type":"textfield","raw":"[elementor-template id=\"147273\"]"},"text-2":{"type":"textarea","raw":"<h2>Por que somos a empresa l\u00edder em tradu\u00e7\u00f5es de espanhol<\/h2>\r\nComo empresa de tradu\u00e7\u00e3o l\u00edder, a <em>Trusted Translations<\/em> \u00e9 reconhecida como uma das principais autoridades no idioma espanhol do setor. A seguir, listamos apenas algumas das caracter\u00edsticas que diferenciam a <em>Trusted Translations<\/em> do restante da concorr\u00eancia:\r\n<ul>\r\n \t<li>\r\n<h3>Autoridade reconhecida em tradu\u00e7\u00e3o de espanhol<\/h3>\r\n<\/li>\r\n<\/ul>\r\nMais de 500 mil especialistas em localiza\u00e7\u00e3o de espanhol, acad\u00eamicos, tradutores e indiv\u00edduos origin\u00e1rios do M\u00e9xico, Espanha, Am\u00e9ricas Central e do Sul, Estados Unidos e de outros pa\u00edses consultam o conte\u00fado online e os sites da <em>Trusted Translations<\/em> todos os meses em busca de nossas publica\u00e7\u00f5es relacionadas ao espanhol, transformando-nos em uma das principais autoridades do idioma espanhol no mercado global de tradu\u00e7\u00f5es.\r\n<ul>\r\n \t<li>\r\n<h3>Anos de experi\u00eancia em tradu\u00e7\u00f5es de ingl\u00eas-espanhol<\/h3>\r\n<\/li>\r\n<\/ul>\r\nFundada e administrada por hisp\u00e2nicos dos EUA, a <em>Trusted Translations<\/em> \u00e9 uma das \u00fanicas empresas de tradu\u00e7\u00e3o com mais de 25 anos de experi\u00eancia lingu\u00edstica premiada direta com o mercado hisp\u00e2nico. Entre nossos pr\u00eamios, fomos reconhecidos como uma das 500 maiores empresas hispano-americanas nos Estados Unidos e como um fornecedor minorit\u00e1rio reconhecido no estado da Fl\u00f3rida.\r\n<ul>\r\n \t<li>\r\n<h3>Equipe com especialistas jur\u00eddicos em ingl\u00eas-espanhol<\/h3>\r\n<\/li>\r\n<\/ul>\r\nDiferentemente de outras empresas de tradu\u00e7\u00e3o, contamos com advogados bil\u00edngues (ingl\u00eas-espanhol) licenciados nos EUA, incluindo tradutores judiciais aprovados pelo governo federal. Nossos advogados garantem que cada documento juridicamente confidencial que traduzimos utilize a terminologia jur\u00eddica correta no idioma de destino. Eles tamb\u00e9m est\u00e3o qualificados a fornecer certifica\u00e7\u00f5es jur\u00eddicas autenticadas para validar ainda mais a precis\u00e3o de nossas tradu\u00e7\u00f5es.\r\n<ul>\r\n \t<li>\r\n<h3>Tradu\u00e7\u00f5es ingl\u00eas-espanhol da mais alta qualidade e com os pre\u00e7os mais competitivos<\/h3>\r\n<\/li>\r\n<\/ul>\r\nComo somos especializados em tradu\u00e7\u00f5es ingl\u00eas-espanhol, nossa equipe conta com mais de 10 mil linguistas qualificados. Possu\u00edmos tradutores pr\u00f3prios, testados e certificados, que trabalham exclusivamente para a <em>Trusted Translations<\/em>. Isso nos permite fornecer um n\u00edvel de servi\u00e7o de maior qualidade com os pre\u00e7os mais competitivos do setor.\r\n<ul>\r\n \t<li>\r\n<h3>Especializa\u00e7\u00e3o m\u00e9dica em trabalhos do ingl\u00eas para o espanhol<\/h3>\r\n<\/li>\r\n<\/ul>\r\nContamos com m\u00e9dicos bil\u00edngues licenciados com mais de 40 anos de experi\u00eancia em conte\u00fados relacionados \u00e0 medicina e sa\u00fade. Nossos especialistas m\u00e9dicos garantem que toda a terminologia m\u00e9dica seja traduzida corretamente para um n\u00edvel de espanhol compreendido pela maioria da popula\u00e7\u00e3o hisp\u00e2nica. Trabalhamos com as principais institui\u00e7\u00f5es m\u00e9dicas e de cuidados de sa\u00fade nos Estados Unidos e internacionalmente.\r\n\r\nFale com a <em>Trusted Translations <\/em>hoje mesmo para saber como podemos atender suas necessidades de tradu\u00e7\u00e3o em espanhol."},"state":{"type":"textfield","raw":""},"city":{"type":"textarea","raw":[]}}},"_links":{"self":[{"href":"https:\/\/www.trustedtranslations.com\/pt-br\/wp-json\/wp\/v2\/pages\/134926","targetHints":{"allow":["GET"]}}],"collection":[{"href":"https:\/\/www.trustedtranslations.com\/pt-br\/wp-json\/wp\/v2\/pages"}],"about":[{"href":"https:\/\/www.trustedtranslations.com\/pt-br\/wp-json\/wp\/v2\/types\/page"}],"author":[{"embeddable":true,"href":"https:\/\/www.trustedtranslations.com\/pt-br\/wp-json\/wp\/v2\/users\/1"}],"replies":[{"embeddable":true,"href":"https:\/\/www.trustedtranslations.com\/pt-br\/wp-json\/wp\/v2\/comments?post=134926"}],"version-history":[{"count":0,"href":"https:\/\/www.trustedtranslations.com\/pt-br\/wp-json\/wp\/v2\/pages\/134926\/revisions"}],"up":[{"embeddable":true,"href":"https:\/\/www.trustedtranslations.com\/pt-br\/wp-json\/wp\/v2\/pages\/135071"}],"wp:featuredmedia":[{"embeddable":true,"href":"https:\/\/www.trustedtranslations.com\/pt-br\/wp-json\/wp\/v2\/media\/139632"}],"wp:attachment":[{"href":"https:\/\/www.trustedtranslations.com\/pt-br\/wp-json\/wp\/v2\/media?parent=134926"}],"curies":[{"name":"wp","href":"https:\/\/api.w.org\/{rel}","templated":true}]}}