{"id":134931,"date":"2018-11-20T12:49:51","date_gmt":"2018-11-20T12:49:51","guid":{"rendered":"https:\/\/www.trustedtranslations.com\/?page_id=134931"},"modified":"2023-10-02T16:31:30","modified_gmt":"2023-10-02T19:31:30","slug":"clientes","status":"publish","type":"page","link":"https:\/\/www.trustedtranslations.com\/pt-br\/sobre-nos\/clientes","title":{"rendered":"Clientes"},"content":{"rendered":"\t\t<div data-elementor-type=\"wp-page\" data-elementor-id=\"134931\" class=\"elementor elementor-134931 elementor-630\" data-elementor-post-type=\"page\">\n\t\t\t\t\t\t<section class=\"elementor-section elementor-top-section elementor-element elementor-element-48e6f6fd elementor-section-boxed elementor-section-height-default elementor-section-height-default\" data-id=\"48e6f6fd\" data-element_type=\"section\" data-e-type=\"section\">\n\t\t\t\t\t\t<div class=\"elementor-container elementor-column-gap-default\">\n\t\t\t\t\t<div class=\"elementor-column elementor-col-100 elementor-top-column elementor-element elementor-element-6c3e0b1d\" data-id=\"6c3e0b1d\" data-element_type=\"column\" data-e-type=\"column\">\n\t\t\t<div class=\"elementor-widget-wrap elementor-element-populated\">\n\t\t\t\t\t\t<div class=\"elementor-element elementor-element-5b8bb9a9 elementor-widget elementor-widget-text-editor\" data-id=\"5b8bb9a9\" data-element_type=\"widget\" data-e-type=\"widget\" data-widget_type=\"text-editor.default\">\n\t\t\t\t\t\t\t\t\t<h1>Clientes<\/h1>\nDesde pequenos escrit\u00f3rios de advocacia at\u00e9 grandes multinacionais, a <em><em><em>Trusted Translations<\/em><\/em><\/em> traz ampla experi\u00eancia \u00e0 sua empresa. Abaixo, encontra-se uma lista dos clientes que j\u00e1 utilizaram os nossos servi\u00e7os.\n<h2>Varejo, hotelaria e outros servi\u00e7os<\/h2>\n<ul>\n \t<li>A|X Armani Exchange<\/li>\n \t<li>Airbus<\/li>\n \t<li>Avon<\/li>\n \t<li>Blue Parallel<\/li>\n \t<li>Coca-Cola Enterprises<\/li>\n \t<li>Delta Airlines<\/li>\n \t<li>FedEx<\/li>\n \t<li>Hilton Hotels<\/li>\n \t<li>Kraft<\/li>\n \t<li>Pizza Hut<\/li>\n \t<li>Quiksilver<\/li>\n \t<li>Sears Holdings<\/li>\n \t<li>Ticketmaster<\/li>\n \t<li>Toys R Us<\/li>\n \t<li>Tristar Hotel<\/li>\n \t<li>Wendy&#8217;s<\/li>\n<\/ul>\n<h2>Educa\u00e7\u00e3o\/aprendizagem<\/h2>\n<ul>\n \t<li>Career Currency<\/li>\n \t<li>Cornell University<\/li>\n \t<li>Dartmouth University<\/li>\n \t<li>Fordham University<\/li>\n \t<li>Michigan State University<\/li>\n \t<li>Northern Arizona University<\/li>\n \t<li>The United Nations University<\/li>\n \t<li>University Of Alabama<\/li>\n \t<li>University Of Kansas<\/li>\n \t<li>University Of Maryland<\/li>\n \t<li>University Of Miami<\/li>\n \t<li>University Of Michigan<\/li>\n \t<li>University Of Mississippi<\/li>\n \t<li>University Of New Mexico<\/li>\n \t<li>University Of Oklahoma<\/li>\n \t<li>University Of Rochester<\/li>\n \t<li>Virginia Commonwealth University<\/li>\n<\/ul>\n<h2>Governos locais, estaduais e federais<\/h2>\n<ul>\n \t<li>Federal Emergency Management Agency (FEMA)<\/li>\n \t<li>National Aeronautics And Space Administration (NASA)<\/li>\n \t<li>Miami-Dade County<\/li>\n \t<li>State Of California<\/li>\n \t<li>State Of Florida<\/li>\n \t<li>State Of Nebraska<\/li>\n \t<li>State Of New York<\/li>\n \t<li>United States Army<\/li>\n \t<li>United States Marine Corp<\/li>\n<\/ul>\n<h2>Servi\u00e7os financeiros\/consultorias<\/h2>\n<ul>\n \t<li>ABN AMRO<\/li>\n \t<li>Accenture<\/li>\n \t<li>AIG<\/li>\n \t<li>Bank Of America<\/li>\n \t<li>Banco Santander Central Hispano<\/li>\n \t<li>Citibank (Banamex USA)<\/li>\n \t<li>Executive Financial Credit Services<\/li>\n \t<li>John Hancock Financial Services<\/li>\n \t<li>PricewaterhouseCoopers<\/li>\n \t<li>Merrill Lynch<\/li>\n \t<li>Metlife<\/li>\n \t<li>Morgan Stanley<\/li>\n \t<li>SunTrust Banks<\/li>\n \t<li>Wells Fargo Insurance Services<\/li>\n<\/ul>\n<h2>Jur\u00eddico<\/h2>\n<ul>\n \t<li>Akin Gump Strauss Hauer &amp; Feld<\/li>\n \t<li>Baker &amp; McKenzie<\/li>\n \t<li>Crowell &amp; Moring<\/li>\n \t<li>Fletcher, Heald &amp; Hildreth<\/li>\n \t<li>Florida Department Of Law Enforcement<\/li>\n \t<li>Gannon &amp; Cottrell<\/li>\n \t<li>Gavin Law Offices<\/li>\n \t<li>Greenberg Traurig<\/li>\n \t<li>Habeas Corpus Resource Center<\/li>\n \t<li>Hunton &amp; Williams<\/li>\n \t<li>Lewis Tein<\/li>\n \t<li>RM Attorneys At Law<\/li>\n<\/ul>\n<h2>Ci\u00eancias da vida, seguros de sa\u00fade e m\u00e9dicos<\/h2>\n<ul>\n \t<li>American Society Of Plastic Surgeons<\/li>\n \t<li>BASF<\/li>\n \t<li>Baxter<\/li>\n \t<li>CareFirst Of Maryland (Blue Cross\/Blue Shield)<\/li>\n \t<li>Gen-Probe<\/li>\n \t<li>Herbalife<\/li>\n \t<li>Humana<\/li>\n \t<li>Journal Of Bone And Joint Surgery<\/li>\n \t<li>Massachusetts General Hospital<\/li>\n \t<li>Pfizer<\/li>\n \t<li>Synthon Pharmaceuticals<\/li>\n<\/ul>\n<h2>M\u00eddia e entretenimento<\/h2>\n<ul>\n \t<li>ESPN<\/li>\n \t<li>FIFA &#8211; F\u00e9d\u00e9ration Internationale De Football Association<\/li>\n \t<li>FOX Video<\/li>\n \t<li>Gen-Probe<\/li>\n \t<li>Hispanic Communications Network<\/li>\n \t<li>MGM Mirage<\/li>\n \t<li>Sony Pictures<\/li>\n \t<li>MGM Mirage<\/li>\n \t<li>Time Warner<\/li>\n \t<li>The Washington Post<\/li>\n \t<li>Yahoo!<\/li>\n<\/ul>\n<h2>Manufatura\/software\/tecnologia<\/h2>\n<ul>\n \t<li>Autodesk<\/li>\n \t<li>BP<\/li>\n \t<li>Chamco Industries<\/li>\n \t<li>Evolvian<\/li>\n \t<li>Fenner Dunlop Americas<\/li>\n \t<li>GE Appliances<\/li>\n \t<li>Goodman Global<\/li>\n \t<li>GoPro<\/li>\n \t<li>Huawei Technologies<\/li>\n \t<li>International Business Machines (IBM)<\/li>\n \t<li>Kyocera Mita America<\/li>\n \t<li>L3 &#8211; Communications<\/li>\n \t<li>Lockheed Martin<\/li>\n \t<li>Siemens<\/li>\n \t<li>SkyOnline<\/li>\n \t<li>Sony Electronics<\/li>\n \t<li>Toyota<\/li>\n \t<li>Tucows<\/li>\n<\/ul>\n<h2>Organiza\u00e7\u00f5es sem fins lucrativos<\/h2>\n<ul>\n \t<li>American Trucking Association<\/li>\n \t<li>American Health Assistance Foundation<\/li>\n \t<li>Catholic Charities Adoption Services<\/li>\n \t<li>Children&#8217;s Neuroblastoma Cancer Foundation<\/li>\n \t<li>Global Fund For Children<\/li>\n \t<li>Girl Scouts &#8211; Great Valley Council<\/li>\n \t<li>Higher Education For Development<\/li>\n \t<li>International House Of Blues Foundation<\/li>\n \t<li>National 4-H Council<\/li>\n \t<li>National MS Society<\/li>\n \t<li>Pan American Development Foundation<\/li>\n \t<li>Prevent Blindness America<\/li>\n \t<li>Salvation Army<\/li>\n \t<li>Smithsonian<\/li>\n \t<li>The GreenTeam Environmental Group<\/li>\n<\/ul>\t\t\t\t\t\t\t\t<\/div>\n\t\t\t\t\t<\/div>\n\t\t<\/div>\n\t\t\t\t\t<\/div>\n\t\t<\/section>\n\t\t\t\t<\/div>\n\t\t","protected":false},"excerpt":{"rendered":"Clientes Desde pequenos escrit\u00f3rios de advocacia at\u00e9 grandes multinacionais, a Trusted Translations traz ampla experi\u00eancia \u00e0 sua empresa. Abaixo, encontra-se uma lista dos clientes que j\u00e1 utilizaram os nossos servi\u00e7os\u2026.\n","protected":false},"author":1,"featured_media":139632,"parent":135071,"menu_order":0,"comment_status":"closed","ping_status":"closed","template":"","meta":{"site-sidebar-layout":"default","site-content-layout":"default","ast-site-content-layout":"default","site-content-style":"default","site-sidebar-style":"default","ast-global-header-display":"","ast-banner-title-visibility":"","ast-main-header-display":"","ast-hfb-above-header-display":"","ast-hfb-below-header-display":"","ast-hfb-mobile-header-display":"","site-post-title":"disabled","ast-breadcrumbs-content":"","ast-featured-img":"","footer-sml-layout":"","ast-disable-related-posts":"","theme-transparent-header-meta":"","adv-header-id-meta":null,"stick-header-meta":null,"header-above-stick-meta":null,"header-main-stick-meta":null,"header-below-stick-meta":null,"astra-migrate-meta-layouts":"default","ast-page-background-enabled":"default","ast-page-background-meta":{"desktop":{"background-color":"var(--ast-global-color-4)","background-image":"","background-repeat":"repeat","background-position":"center center","background-size":"auto","background-attachment":"scroll","background-type":"","background-media":"","overlay-type":"","overlay-color":"","overlay-opacity":"","overlay-gradient":""},"tablet":{"background-color":"","background-image":"","background-repeat":"repeat","background-position":"center center","background-size":"auto","background-attachment":"scroll","background-type":"","background-media":"","overlay-type":"","overlay-color":"","overlay-opacity":"","overlay-gradient":""},"mobile":{"background-color":"","background-image":"","background-repeat":"repeat","background-position":"center center","background-size":"auto","background-attachment":"scroll","background-type":"","background-media":"","overlay-type":"","overlay-color":"","overlay-opacity":"","overlay-gradient":""}},"ast-content-background-meta":{"desktop":{"background-color":"var(--ast-global-color-5)","background-image":"","background-repeat":"repeat","background-position":"center center","background-size":"auto","background-attachment":"scroll","background-type":"","background-media":"","overlay-type":"","overlay-color":"","overlay-opacity":"","overlay-gradient":""},"tablet":{"background-color":"var(--ast-global-color-5)","background-image":"","background-repeat":"repeat","background-position":"center center","background-size":"auto","background-attachment":"scroll","background-type":"","background-media":"","overlay-type":"","overlay-color":"","overlay-opacity":"","overlay-gradient":""},"mobile":{"background-color":"var(--ast-global-color-5)","background-image":"","background-repeat":"repeat","background-position":"center center","background-size":"auto","background-attachment":"scroll","background-type":"","background-media":"","overlay-type":"","overlay-color":"","overlay-opacity":"","overlay-gradient":""}},"footnotes":""},"class_list":["post-134931","page","type-page","status-publish","has-post-thumbnail","hentry"],"yoast_head":"<!-- This site is optimized with the Yoast SEO plugin v27.3 - https:\/\/yoast.com\/product\/yoast-seo-wordpress\/ -->\n<title>Clientes que utilizaram os servi\u00e7os da equipe da Trusted Translations<\/title>\n<meta name=\"description\" content=\"Abaixo se encontra uma lista dos clientes que j\u00e1 utilizaram nossos servi\u00e7os: Desde pequenos escrit\u00f3rios de advocacia at\u00e9 grandes multinacionais, a Trusted Translations traz ampla experi\u00eancia para sua empresa.\" \/>\n<meta name=\"robots\" content=\"index, follow, max-snippet:-1, max-image-preview:large, max-video-preview:-1\" \/>\n<link rel=\"canonical\" href=\"https:\/\/www.trustedtranslations.com\/pt-br\/sobre-nos\/clientes\" \/>\n<meta property=\"og:locale\" content=\"pt_BR\" \/>\n<meta property=\"og:type\" content=\"article\" \/>\n<meta property=\"og:title\" content=\"Clientes que utilizaram os servi\u00e7os da equipe da Trusted Translations\" \/>\n<meta property=\"og:description\" content=\"Abaixo se encontra uma lista dos clientes que j\u00e1 utilizaram nossos servi\u00e7os: Desde pequenos escrit\u00f3rios de advocacia at\u00e9 grandes multinacionais, a Trusted Translations traz ampla experi\u00eancia para sua empresa.\" \/>\n<meta property=\"og:url\" content=\"https:\/\/www.trustedtranslations.com\/pt-br\/sobre-nos\/clientes\" \/>\n<meta property=\"og:site_name\" content=\"Trusted Translations, Inc.\" \/>\n<meta property=\"article:publisher\" content=\"https:\/\/www.facebook.com\/Trusted.Translations\" \/>\n<meta property=\"article:modified_time\" content=\"2023-10-02T19:31:30+00:00\" \/>\n<meta property=\"og:image\" content=\"https:\/\/static.trustedtranslations.com\/wp-content\/uploads\/2022\/03\/TT_NEW_FB-1.png\" \/>\n\t<meta property=\"og:image:width\" content=\"1038\" \/>\n\t<meta property=\"og:image:height\" content=\"1038\" \/>\n\t<meta property=\"og:image:type\" content=\"image\/png\" \/>\n<meta name=\"twitter:card\" content=\"summary_large_image\" \/>\n<meta name=\"twitter:site\" content=\"@TrustedT9ns\" \/>\n<script type=\"application\/ld+json\" class=\"yoast-schema-graph\">{\"@context\":\"https:\\\/\\\/schema.org\",\"@graph\":[{\"@type\":\"WebPage\",\"@id\":\"https:\\\/\\\/www.trustedtranslations.com\\\/pt-br\\\/sobre-nos\\\/clientes\",\"url\":\"https:\\\/\\\/www.trustedtranslations.com\\\/pt-br\\\/sobre-nos\\\/clientes\",\"name\":\"Clientes que utilizaram os servi\u00e7os da equipe da Trusted Translations\",\"isPartOf\":{\"@id\":\"https:\\\/\\\/www.trustedtranslations.com\\\/pt-br\\\/#website\"},\"primaryImageOfPage\":{\"@id\":\"https:\\\/\\\/www.trustedtranslations.com\\\/pt-br\\\/sobre-nos\\\/clientes#primaryimage\"},\"image\":{\"@id\":\"https:\\\/\\\/www.trustedtranslations.com\\\/pt-br\\\/sobre-nos\\\/clientes#primaryimage\"},\"thumbnailUrl\":\"https:\\\/\\\/www.trustedtranslations.com\\\/wp-content\\\/uploads\\\/2022\\\/03\\\/TT_NEW_FB-1.png\",\"description\":\"Abaixo se encontra uma lista dos clientes que j\u00e1 utilizaram nossos servi\u00e7os: Desde pequenos escrit\u00f3rios de advocacia at\u00e9 grandes multinacionais, a Trusted Translations traz ampla experi\u00eancia para sua empresa.\",\"breadcrumb\":{\"@id\":\"https:\\\/\\\/www.trustedtranslations.com\\\/pt-br\\\/sobre-nos\\\/clientes#breadcrumb\"},\"inLanguage\":\"pt-BR\",\"potentialAction\":[{\"@type\":\"ReadAction\",\"target\":[\"https:\\\/\\\/www.trustedtranslations.com\\\/pt-br\\\/sobre-nos\\\/clientes\"]}]},{\"@type\":\"ImageObject\",\"inLanguage\":\"pt-BR\",\"@id\":\"https:\\\/\\\/www.trustedtranslations.com\\\/pt-br\\\/sobre-nos\\\/clientes#primaryimage\",\"url\":\"https:\\\/\\\/www.trustedtranslations.com\\\/wp-content\\\/uploads\\\/2022\\\/03\\\/TT_NEW_FB-1.png\",\"contentUrl\":\"https:\\\/\\\/www.trustedtranslations.com\\\/wp-content\\\/uploads\\\/2022\\\/03\\\/TT_NEW_FB-1.png\",\"width\":1038,\"height\":1038,\"caption\":\"TT NEW FB 1\"},{\"@type\":\"BreadcrumbList\",\"@id\":\"https:\\\/\\\/www.trustedtranslations.com\\\/pt-br\\\/sobre-nos\\\/clientes#breadcrumb\",\"itemListElement\":[{\"@type\":\"ListItem\",\"position\":1,\"name\":\"Home\",\"item\":\"https:\\\/\\\/www.trustedtranslations.com\\\/pt-br\"},{\"@type\":\"ListItem\",\"position\":2,\"name\":\"Sobre n\u00f3s\",\"item\":\"https:\\\/\\\/www.trustedtranslations.com\\\/pt-br\\\/sobre-nos\"},{\"@type\":\"ListItem\",\"position\":3,\"name\":\"Clientes\"}]},{\"@type\":\"WebSite\",\"@id\":\"https:\\\/\\\/www.trustedtranslations.com\\\/pt-br\\\/#website\",\"url\":\"https:\\\/\\\/www.trustedtranslations.com\\\/pt-br\\\/\",\"name\":\"Trusted Translations, Inc.\",\"description\":\"Leader in translation and interpretation services.\",\"publisher\":{\"@id\":\"https:\\\/\\\/www.trustedtranslations.com\\\/pt-br\\\/#organization\"},\"alternateName\":\"Trusted Translations\",\"potentialAction\":[{\"@type\":\"SearchAction\",\"target\":{\"@type\":\"EntryPoint\",\"urlTemplate\":\"https:\\\/\\\/www.trustedtranslations.com\\\/pt-br\\\/?s={search_term_string}\"},\"query-input\":{\"@type\":\"PropertyValueSpecification\",\"valueRequired\":true,\"valueName\":\"search_term_string\"}}],\"inLanguage\":\"pt-BR\"},{\"@type\":\"Organization\",\"@id\":\"https:\\\/\\\/www.trustedtranslations.com\\\/pt-br\\\/#organization\",\"name\":\"Trusted Translations\",\"alternateName\":\"Trusted Translations, Inc.\",\"url\":\"https:\\\/\\\/www.trustedtranslations.com\\\/pt-br\\\/\",\"logo\":{\"@type\":\"ImageObject\",\"inLanguage\":\"pt-BR\",\"@id\":\"https:\\\/\\\/www.trustedtranslations.com\\\/pt-br\\\/#\\\/schema\\\/logo\\\/image\\\/\",\"url\":\"https:\\\/\\\/static.trustedtranslations.com\\\/wp-content\\\/uploads\\\/2022\\\/01\\\/TT_logo_WSIColors-2.png\",\"contentUrl\":\"https:\\\/\\\/static.trustedtranslations.com\\\/wp-content\\\/uploads\\\/2022\\\/01\\\/TT_logo_WSIColors-2.png\",\"width\":500,\"height\":196,\"caption\":\"Trusted Translations\"},\"image\":{\"@id\":\"https:\\\/\\\/www.trustedtranslations.com\\\/pt-br\\\/#\\\/schema\\\/logo\\\/image\\\/\"},\"sameAs\":[\"https:\\\/\\\/www.facebook.com\\\/Trusted.Translations\",\"https:\\\/\\\/x.com\\\/TrustedT9ns\",\"https:\\\/\\\/www.linkedin.com\\\/company\\\/trusted-translations\"]}]}<\/script>\n<!-- \/ Yoast SEO plugin. -->","yoast_head_json":{"title":"Clientes que utilizaram os servi\u00e7os da equipe da Trusted Translations","description":"Abaixo se encontra uma lista dos clientes que j\u00e1 utilizaram nossos servi\u00e7os: Desde pequenos escrit\u00f3rios de advocacia at\u00e9 grandes multinacionais, a Trusted Translations traz ampla experi\u00eancia para sua empresa.","robots":{"index":"index","follow":"follow","max-snippet":"max-snippet:-1","max-image-preview":"max-image-preview:large","max-video-preview":"max-video-preview:-1"},"canonical":"https:\/\/www.trustedtranslations.com\/pt-br\/sobre-nos\/clientes","og_locale":"pt_BR","og_type":"article","og_title":"Clientes que utilizaram os servi\u00e7os da equipe da Trusted Translations","og_description":"Abaixo se encontra uma lista dos clientes que j\u00e1 utilizaram nossos servi\u00e7os: Desde pequenos escrit\u00f3rios de advocacia at\u00e9 grandes multinacionais, a Trusted Translations traz ampla experi\u00eancia para sua empresa.","og_url":"https:\/\/www.trustedtranslations.com\/pt-br\/sobre-nos\/clientes","og_site_name":"Trusted Translations, Inc.","article_publisher":"https:\/\/www.facebook.com\/Trusted.Translations","article_modified_time":"2023-10-02T19:31:30+00:00","og_image":[{"width":1038,"height":1038,"url":"https:\/\/static.trustedtranslations.com\/wp-content\/uploads\/2022\/03\/TT_NEW_FB-1.png","type":"image\/png"}],"twitter_card":"summary_large_image","twitter_site":"@TrustedT9ns","schema":{"@context":"https:\/\/schema.org","@graph":[{"@type":"WebPage","@id":"https:\/\/www.trustedtranslations.com\/pt-br\/sobre-nos\/clientes","url":"https:\/\/www.trustedtranslations.com\/pt-br\/sobre-nos\/clientes","name":"Clientes que utilizaram os servi\u00e7os da equipe da Trusted Translations","isPartOf":{"@id":"https:\/\/www.trustedtranslations.com\/pt-br\/#website"},"primaryImageOfPage":{"@id":"https:\/\/www.trustedtranslations.com\/pt-br\/sobre-nos\/clientes#primaryimage"},"image":{"@id":"https:\/\/www.trustedtranslations.com\/pt-br\/sobre-nos\/clientes#primaryimage"},"thumbnailUrl":"https:\/\/www.trustedtranslations.com\/wp-content\/uploads\/2022\/03\/TT_NEW_FB-1.png","description":"Abaixo se encontra uma lista dos clientes que j\u00e1 utilizaram nossos servi\u00e7os: Desde pequenos escrit\u00f3rios de advocacia at\u00e9 grandes multinacionais, a Trusted Translations traz ampla experi\u00eancia para sua empresa.","breadcrumb":{"@id":"https:\/\/www.trustedtranslations.com\/pt-br\/sobre-nos\/clientes#breadcrumb"},"inLanguage":"pt-BR","potentialAction":[{"@type":"ReadAction","target":["https:\/\/www.trustedtranslations.com\/pt-br\/sobre-nos\/clientes"]}]},{"@type":"ImageObject","inLanguage":"pt-BR","@id":"https:\/\/www.trustedtranslations.com\/pt-br\/sobre-nos\/clientes#primaryimage","url":"https:\/\/www.trustedtranslations.com\/wp-content\/uploads\/2022\/03\/TT_NEW_FB-1.png","contentUrl":"https:\/\/www.trustedtranslations.com\/wp-content\/uploads\/2022\/03\/TT_NEW_FB-1.png","width":1038,"height":1038,"caption":"TT NEW FB 1"},{"@type":"BreadcrumbList","@id":"https:\/\/www.trustedtranslations.com\/pt-br\/sobre-nos\/clientes#breadcrumb","itemListElement":[{"@type":"ListItem","position":1,"name":"Home","item":"https:\/\/www.trustedtranslations.com\/pt-br"},{"@type":"ListItem","position":2,"name":"Sobre n\u00f3s","item":"https:\/\/www.trustedtranslations.com\/pt-br\/sobre-nos"},{"@type":"ListItem","position":3,"name":"Clientes"}]},{"@type":"WebSite","@id":"https:\/\/www.trustedtranslations.com\/pt-br\/#website","url":"https:\/\/www.trustedtranslations.com\/pt-br\/","name":"Trusted Translations, Inc.","description":"Leader in translation and interpretation services.","publisher":{"@id":"https:\/\/www.trustedtranslations.com\/pt-br\/#organization"},"alternateName":"Trusted Translations","potentialAction":[{"@type":"SearchAction","target":{"@type":"EntryPoint","urlTemplate":"https:\/\/www.trustedtranslations.com\/pt-br\/?s={search_term_string}"},"query-input":{"@type":"PropertyValueSpecification","valueRequired":true,"valueName":"search_term_string"}}],"inLanguage":"pt-BR"},{"@type":"Organization","@id":"https:\/\/www.trustedtranslations.com\/pt-br\/#organization","name":"Trusted Translations","alternateName":"Trusted Translations, Inc.","url":"https:\/\/www.trustedtranslations.com\/pt-br\/","logo":{"@type":"ImageObject","inLanguage":"pt-BR","@id":"https:\/\/www.trustedtranslations.com\/pt-br\/#\/schema\/logo\/image\/","url":"https:\/\/static.trustedtranslations.com\/wp-content\/uploads\/2022\/01\/TT_logo_WSIColors-2.png","contentUrl":"https:\/\/static.trustedtranslations.com\/wp-content\/uploads\/2022\/01\/TT_logo_WSIColors-2.png","width":500,"height":196,"caption":"Trusted Translations"},"image":{"@id":"https:\/\/www.trustedtranslations.com\/pt-br\/#\/schema\/logo\/image\/"},"sameAs":["https:\/\/www.facebook.com\/Trusted.Translations","https:\/\/x.com\/TrustedT9ns","https:\/\/www.linkedin.com\/company\/trusted-translations"]}]}},"toolset-meta":{"dyk":{"mensaje-1":{"type":"textfield","raw":""},"mensaje-2":{"type":"textfield","raw":""},"mensaje-3":{"type":"textfield","raw":""},"mensaje-4":{"type":"textfield","raw":""},"mensaje-5":{"type":"textfield","raw":""},"mensaje-6":{"type":"textfield","raw":""}},"single-page-template-fields":{"imgs-temp":{"type":"image","raw":[],"repeatable":[]},"imgs-temp-cel":{"type":"image","raw":[],"repeatable":[]},"img-temp-one-cel":{"type":"image","raw":"","attachment_id":null},"quotes":{"type":"textarea","raw":""},"text-1":{"type":"textarea","raw":""},"shortcode-map":{"type":"textfield","raw":""},"dyk-shortcode":{"type":"textfield","raw":""},"text-2":{"type":"textarea","raw":""},"state":{"type":"textfield","raw":""},"city":{"type":"textarea","raw":[]}}},"_links":{"self":[{"href":"https:\/\/www.trustedtranslations.com\/pt-br\/wp-json\/wp\/v2\/pages\/134931","targetHints":{"allow":["GET"]}}],"collection":[{"href":"https:\/\/www.trustedtranslations.com\/pt-br\/wp-json\/wp\/v2\/pages"}],"about":[{"href":"https:\/\/www.trustedtranslations.com\/pt-br\/wp-json\/wp\/v2\/types\/page"}],"author":[{"embeddable":true,"href":"https:\/\/www.trustedtranslations.com\/pt-br\/wp-json\/wp\/v2\/users\/1"}],"replies":[{"embeddable":true,"href":"https:\/\/www.trustedtranslations.com\/pt-br\/wp-json\/wp\/v2\/comments?post=134931"}],"version-history":[{"count":0,"href":"https:\/\/www.trustedtranslations.com\/pt-br\/wp-json\/wp\/v2\/pages\/134931\/revisions"}],"up":[{"embeddable":true,"href":"https:\/\/www.trustedtranslations.com\/pt-br\/wp-json\/wp\/v2\/pages\/135071"}],"wp:featuredmedia":[{"embeddable":true,"href":"https:\/\/www.trustedtranslations.com\/pt-br\/wp-json\/wp\/v2\/media\/139632"}],"wp:attachment":[{"href":"https:\/\/www.trustedtranslations.com\/pt-br\/wp-json\/wp\/v2\/media?parent=134931"}],"curies":[{"name":"wp","href":"https:\/\/api.w.org\/{rel}","templated":true}]}}