{"id":134942,"date":"2018-11-16T14:24:19","date_gmt":"2018-11-16T14:24:19","guid":{"rendered":"https:\/\/www.trustedtranslations.com\/?page_id=134942"},"modified":"2024-09-03T11:56:31","modified_gmt":"2024-09-03T14:56:31","slug":"marketing","status":"publish","type":"page","link":"https:\/\/www.trustedtranslations.com\/pt-br\/setores\/marketing","title":{"rendered":"Marketing"},"content":{"rendered":"","protected":false},"excerpt":{"rendered":"","protected":false},"author":1,"featured_media":139632,"parent":135074,"menu_order":0,"comment_status":"closed","ping_status":"closed","template":"","meta":{"site-sidebar-layout":"default","site-content-layout":"default","ast-site-content-layout":"default","site-content-style":"default","site-sidebar-style":"default","ast-global-header-display":"","ast-banner-title-visibility":"","ast-main-header-display":"","ast-hfb-above-header-display":"","ast-hfb-below-header-display":"","ast-hfb-mobile-header-display":"","site-post-title":"disabled","ast-breadcrumbs-content":"","ast-featured-img":"","footer-sml-layout":"","theme-transparent-header-meta":"default","adv-header-id-meta":"","stick-header-meta":"","header-above-stick-meta":"","header-main-stick-meta":"","header-below-stick-meta":"","astra-migrate-meta-layouts":"set","ast-page-background-enabled":"default","ast-page-background-meta":{"desktop":{"background-color":"var(--ast-global-color-4)","background-image":"","background-repeat":"repeat","background-position":"center center","background-size":"auto","background-attachment":"scroll","background-type":"","background-media":"","overlay-type":"","overlay-color":"","overlay-opacity":"","overlay-gradient":""},"tablet":{"background-color":"","background-image":"","background-repeat":"repeat","background-position":"center center","background-size":"auto","background-attachment":"scroll","background-type":"","background-media":"","overlay-type":"","overlay-color":"","overlay-opacity":"","overlay-gradient":""},"mobile":{"background-color":"","background-image":"","background-repeat":"repeat","background-position":"center center","background-size":"auto","background-attachment":"scroll","background-type":"","background-media":"","overlay-type":"","overlay-color":"","overlay-opacity":"","overlay-gradient":""}},"ast-content-background-meta":{"desktop":{"background-color":"var(--ast-global-color-5)","background-image":"","background-repeat":"repeat","background-position":"center center","background-size":"auto","background-attachment":"scroll","background-type":"","background-media":"","overlay-type":"","overlay-color":"","overlay-opacity":"","overlay-gradient":""},"tablet":{"background-color":"var(--ast-global-color-5)","background-image":"","background-repeat":"repeat","background-position":"center center","background-size":"auto","background-attachment":"scroll","background-type":"","background-media":"","overlay-type":"","overlay-color":"","overlay-opacity":"","overlay-gradient":""},"mobile":{"background-color":"var(--ast-global-color-5)","background-image":"","background-repeat":"repeat","background-position":"center center","background-size":"auto","background-attachment":"scroll","background-type":"","background-media":"","overlay-type":"","overlay-color":"","overlay-opacity":"","overlay-gradient":""}},"footnotes":""},"class_list":["post-134942","page","type-page","status-publish","has-post-thumbnail","hentry"],"yoast_head":"<!-- This site is optimized with the Yoast SEO plugin v27.5 - https:\/\/yoast.com\/product\/yoast-seo-wordpress\/ -->\n<title>Servi\u00e7os de tradu\u00e7\u00e3o para marketing - Trusted Translations, Inc.<\/title>\n<meta name=\"description\" content=\"Na Trusted Translations, j\u00e1 auxiliamos centenas de clientes com as suas necessidades de tradu\u00e7\u00e3o de marketing. Solicite uma consulta ou or\u00e7amento gratuitos.\" \/>\n<meta name=\"robots\" content=\"index, follow, max-snippet:-1, max-image-preview:large, max-video-preview:-1\" \/>\n<link rel=\"canonical\" href=\"https:\/\/www.trustedtranslations.com\/pt-br\/setores\/marketing\" \/>\n<meta property=\"og:locale\" content=\"pt_BR\" \/>\n<meta property=\"og:type\" content=\"article\" \/>\n<meta property=\"og:title\" content=\"Servi\u00e7os de tradu\u00e7\u00e3o para marketing - Trusted Translations, Inc.\" \/>\n<meta property=\"og:description\" content=\"Na Trusted Translations, j\u00e1 auxiliamos centenas de clientes com as suas necessidades de tradu\u00e7\u00e3o de marketing. Solicite uma consulta ou or\u00e7amento gratuitos.\" \/>\n<meta property=\"og:url\" content=\"https:\/\/www.trustedtranslations.com\/pt-br\/setores\/marketing\" \/>\n<meta property=\"og:site_name\" content=\"Trusted Translations, Inc.\" \/>\n<meta property=\"article:publisher\" content=\"https:\/\/www.facebook.com\/Trusted.Translations\" \/>\n<meta property=\"article:modified_time\" content=\"2024-09-03T14:56:31+00:00\" \/>\n<meta property=\"og:image\" content=\"https:\/\/static.trustedtranslations.com\/wp-content\/uploads\/2022\/03\/TT_NEW_FB-1.png\" \/>\n\t<meta property=\"og:image:width\" content=\"1038\" \/>\n\t<meta property=\"og:image:height\" content=\"1038\" \/>\n\t<meta property=\"og:image:type\" content=\"image\/png\" \/>\n<meta name=\"twitter:card\" content=\"summary_large_image\" \/>\n<meta name=\"twitter:site\" content=\"@TrustedT9ns\" \/>\n<script type=\"application\/ld+json\" class=\"yoast-schema-graph\">{\"@context\":\"https:\\\/\\\/schema.org\",\"@graph\":[{\"@type\":\"WebPage\",\"@id\":\"https:\\\/\\\/www.trustedtranslations.com\\\/pt-br\\\/setores\\\/marketing\",\"url\":\"https:\\\/\\\/www.trustedtranslations.com\\\/pt-br\\\/setores\\\/marketing\",\"name\":\"Servi\u00e7os de tradu\u00e7\u00e3o para marketing - Trusted Translations, Inc.\",\"isPartOf\":{\"@id\":\"https:\\\/\\\/www.trustedtranslations.com\\\/pt-br\\\/#website\"},\"primaryImageOfPage\":{\"@id\":\"https:\\\/\\\/www.trustedtranslations.com\\\/pt-br\\\/setores\\\/marketing#primaryimage\"},\"image\":{\"@id\":\"https:\\\/\\\/www.trustedtranslations.com\\\/pt-br\\\/setores\\\/marketing#primaryimage\"},\"thumbnailUrl\":\"https:\\\/\\\/www.trustedtranslations.com\\\/wp-content\\\/uploads\\\/2022\\\/03\\\/TT_NEW_FB-1.png\",\"description\":\"Na Trusted Translations, j\u00e1 auxiliamos centenas de clientes com as suas necessidades de tradu\u00e7\u00e3o de marketing. Solicite uma consulta ou or\u00e7amento gratuitos.\",\"breadcrumb\":{\"@id\":\"https:\\\/\\\/www.trustedtranslations.com\\\/pt-br\\\/setores\\\/marketing#breadcrumb\"},\"inLanguage\":\"pt-BR\",\"potentialAction\":[{\"@type\":\"ReadAction\",\"target\":[\"https:\\\/\\\/www.trustedtranslations.com\\\/pt-br\\\/setores\\\/marketing\"]}]},{\"@type\":\"ImageObject\",\"inLanguage\":\"pt-BR\",\"@id\":\"https:\\\/\\\/www.trustedtranslations.com\\\/pt-br\\\/setores\\\/marketing#primaryimage\",\"url\":\"https:\\\/\\\/www.trustedtranslations.com\\\/wp-content\\\/uploads\\\/2022\\\/03\\\/TT_NEW_FB-1.png\",\"contentUrl\":\"https:\\\/\\\/www.trustedtranslations.com\\\/wp-content\\\/uploads\\\/2022\\\/03\\\/TT_NEW_FB-1.png\",\"width\":1038,\"height\":1038,\"caption\":\"TT NEW FB 1\"},{\"@type\":\"BreadcrumbList\",\"@id\":\"https:\\\/\\\/www.trustedtranslations.com\\\/pt-br\\\/setores\\\/marketing#breadcrumb\",\"itemListElement\":[{\"@type\":\"ListItem\",\"position\":1,\"name\":\"Home\",\"item\":\"https:\\\/\\\/www.trustedtranslations.com\\\/pt-br\"},{\"@type\":\"ListItem\",\"position\":2,\"name\":\"Experi\u00eancia no setor\",\"item\":\"https:\\\/\\\/www.trustedtranslations.com\\\/pt-br\\\/setores\"},{\"@type\":\"ListItem\",\"position\":3,\"name\":\"Marketing\"}]},{\"@type\":\"WebSite\",\"@id\":\"https:\\\/\\\/www.trustedtranslations.com\\\/pt-br\\\/#website\",\"url\":\"https:\\\/\\\/www.trustedtranslations.com\\\/pt-br\\\/\",\"name\":\"Trusted Translations, Inc.\",\"description\":\"Leader in translation and interpretation services.\",\"publisher\":{\"@id\":\"https:\\\/\\\/www.trustedtranslations.com\\\/pt-br\\\/#organization\"},\"alternateName\":\"Trusted Translations\",\"potentialAction\":[{\"@type\":\"SearchAction\",\"target\":{\"@type\":\"EntryPoint\",\"urlTemplate\":\"https:\\\/\\\/www.trustedtranslations.com\\\/pt-br\\\/?s={search_term_string}\"},\"query-input\":{\"@type\":\"PropertyValueSpecification\",\"valueRequired\":true,\"valueName\":\"search_term_string\"}}],\"inLanguage\":\"pt-BR\"},{\"@type\":\"Organization\",\"@id\":\"https:\\\/\\\/www.trustedtranslations.com\\\/pt-br\\\/#organization\",\"name\":\"Trusted Translations\",\"alternateName\":\"Trusted Translations, Inc.\",\"url\":\"https:\\\/\\\/www.trustedtranslations.com\\\/pt-br\\\/\",\"logo\":{\"@type\":\"ImageObject\",\"inLanguage\":\"pt-BR\",\"@id\":\"https:\\\/\\\/www.trustedtranslations.com\\\/pt-br\\\/#\\\/schema\\\/logo\\\/image\\\/\",\"url\":\"https:\\\/\\\/static.trustedtranslations.com\\\/wp-content\\\/uploads\\\/2022\\\/01\\\/TT_logo_WSIColors-2.png\",\"contentUrl\":\"https:\\\/\\\/static.trustedtranslations.com\\\/wp-content\\\/uploads\\\/2022\\\/01\\\/TT_logo_WSIColors-2.png\",\"width\":500,\"height\":196,\"caption\":\"Trusted Translations\"},\"image\":{\"@id\":\"https:\\\/\\\/www.trustedtranslations.com\\\/pt-br\\\/#\\\/schema\\\/logo\\\/image\\\/\"},\"sameAs\":[\"https:\\\/\\\/www.facebook.com\\\/Trusted.Translations\",\"https:\\\/\\\/x.com\\\/TrustedT9ns\",\"https:\\\/\\\/www.linkedin.com\\\/company\\\/trusted-translations\"]}]}<\/script>\n<!-- \/ Yoast SEO plugin. -->","yoast_head_json":{"title":"Servi\u00e7os de tradu\u00e7\u00e3o para marketing - Trusted Translations, Inc.","description":"Na Trusted Translations, j\u00e1 auxiliamos centenas de clientes com as suas necessidades de tradu\u00e7\u00e3o de marketing. Solicite uma consulta ou or\u00e7amento gratuitos.","robots":{"index":"index","follow":"follow","max-snippet":"max-snippet:-1","max-image-preview":"max-image-preview:large","max-video-preview":"max-video-preview:-1"},"canonical":"https:\/\/www.trustedtranslations.com\/pt-br\/setores\/marketing","og_locale":"pt_BR","og_type":"article","og_title":"Servi\u00e7os de tradu\u00e7\u00e3o para marketing - Trusted Translations, Inc.","og_description":"Na Trusted Translations, j\u00e1 auxiliamos centenas de clientes com as suas necessidades de tradu\u00e7\u00e3o de marketing. Solicite uma consulta ou or\u00e7amento gratuitos.","og_url":"https:\/\/www.trustedtranslations.com\/pt-br\/setores\/marketing","og_site_name":"Trusted Translations, Inc.","article_publisher":"https:\/\/www.facebook.com\/Trusted.Translations","article_modified_time":"2024-09-03T14:56:31+00:00","og_image":[{"width":1038,"height":1038,"url":"https:\/\/static.trustedtranslations.com\/wp-content\/uploads\/2022\/03\/TT_NEW_FB-1.png","type":"image\/png"}],"twitter_card":"summary_large_image","twitter_site":"@TrustedT9ns","schema":{"@context":"https:\/\/schema.org","@graph":[{"@type":"WebPage","@id":"https:\/\/www.trustedtranslations.com\/pt-br\/setores\/marketing","url":"https:\/\/www.trustedtranslations.com\/pt-br\/setores\/marketing","name":"Servi\u00e7os de tradu\u00e7\u00e3o para marketing - Trusted Translations, Inc.","isPartOf":{"@id":"https:\/\/www.trustedtranslations.com\/pt-br\/#website"},"primaryImageOfPage":{"@id":"https:\/\/www.trustedtranslations.com\/pt-br\/setores\/marketing#primaryimage"},"image":{"@id":"https:\/\/www.trustedtranslations.com\/pt-br\/setores\/marketing#primaryimage"},"thumbnailUrl":"https:\/\/www.trustedtranslations.com\/wp-content\/uploads\/2022\/03\/TT_NEW_FB-1.png","description":"Na Trusted Translations, j\u00e1 auxiliamos centenas de clientes com as suas necessidades de tradu\u00e7\u00e3o de marketing. Solicite uma consulta ou or\u00e7amento gratuitos.","breadcrumb":{"@id":"https:\/\/www.trustedtranslations.com\/pt-br\/setores\/marketing#breadcrumb"},"inLanguage":"pt-BR","potentialAction":[{"@type":"ReadAction","target":["https:\/\/www.trustedtranslations.com\/pt-br\/setores\/marketing"]}]},{"@type":"ImageObject","inLanguage":"pt-BR","@id":"https:\/\/www.trustedtranslations.com\/pt-br\/setores\/marketing#primaryimage","url":"https:\/\/www.trustedtranslations.com\/wp-content\/uploads\/2022\/03\/TT_NEW_FB-1.png","contentUrl":"https:\/\/www.trustedtranslations.com\/wp-content\/uploads\/2022\/03\/TT_NEW_FB-1.png","width":1038,"height":1038,"caption":"TT NEW FB 1"},{"@type":"BreadcrumbList","@id":"https:\/\/www.trustedtranslations.com\/pt-br\/setores\/marketing#breadcrumb","itemListElement":[{"@type":"ListItem","position":1,"name":"Home","item":"https:\/\/www.trustedtranslations.com\/pt-br"},{"@type":"ListItem","position":2,"name":"Experi\u00eancia no setor","item":"https:\/\/www.trustedtranslations.com\/pt-br\/setores"},{"@type":"ListItem","position":3,"name":"Marketing"}]},{"@type":"WebSite","@id":"https:\/\/www.trustedtranslations.com\/pt-br\/#website","url":"https:\/\/www.trustedtranslations.com\/pt-br\/","name":"Trusted Translations, Inc.","description":"Leader in translation and interpretation services.","publisher":{"@id":"https:\/\/www.trustedtranslations.com\/pt-br\/#organization"},"alternateName":"Trusted Translations","potentialAction":[{"@type":"SearchAction","target":{"@type":"EntryPoint","urlTemplate":"https:\/\/www.trustedtranslations.com\/pt-br\/?s={search_term_string}"},"query-input":{"@type":"PropertyValueSpecification","valueRequired":true,"valueName":"search_term_string"}}],"inLanguage":"pt-BR"},{"@type":"Organization","@id":"https:\/\/www.trustedtranslations.com\/pt-br\/#organization","name":"Trusted Translations","alternateName":"Trusted Translations, Inc.","url":"https:\/\/www.trustedtranslations.com\/pt-br\/","logo":{"@type":"ImageObject","inLanguage":"pt-BR","@id":"https:\/\/www.trustedtranslations.com\/pt-br\/#\/schema\/logo\/image\/","url":"https:\/\/static.trustedtranslations.com\/wp-content\/uploads\/2022\/01\/TT_logo_WSIColors-2.png","contentUrl":"https:\/\/static.trustedtranslations.com\/wp-content\/uploads\/2022\/01\/TT_logo_WSIColors-2.png","width":500,"height":196,"caption":"Trusted Translations"},"image":{"@id":"https:\/\/www.trustedtranslations.com\/pt-br\/#\/schema\/logo\/image\/"},"sameAs":["https:\/\/www.facebook.com\/Trusted.Translations","https:\/\/x.com\/TrustedT9ns","https:\/\/www.linkedin.com\/company\/trusted-translations"]}]}},"toolset-meta":{"dyk":{"mensaje-1":{"type":"textfield","raw":"Fornecemos tradu\u00e7\u00f5es de marketing a empresas da Fortune 500, com pre\u00e7os de 25% a 50% mais baixos que os praticados no mercado."},"mensaje-2":{"type":"textfield","raw":""},"mensaje-3":{"type":"textfield","raw":""},"mensaje-4":{"type":"textfield","raw":"A Trusted Translations trabalha com os seus clientes para localizar a sua mensagem para um mercado espec\u00edfico."},"mensaje-5":{"type":"textfield","raw":""},"mensaje-6":{"type":"textfield","raw":""}},"single-page-template-fields":{"imgs-temp":{"type":"image","raw":["https:\/\/static.trustedtranslations.com\/wp-content\/uploads\/2024\/05\/mkt-final-1.webp","https:\/\/static.trustedtranslations.com\/wp-content\/uploads\/2024\/05\/mkt-final-2-1.webp"],"repeatable":[{"raw":"https:\/\/static.trustedtranslations.com\/wp-content\/uploads\/2024\/05\/mkt-final-1.webp"},{"raw":"https:\/\/static.trustedtranslations.com\/wp-content\/uploads\/2024\/05\/mkt-final-2-1.webp"}]},"imgs-temp-cel":{"type":"image","raw":[""],"repeatable":[{"raw":""}]},"img-temp-one-cel":{"type":"image","raw":"https:\/\/static.trustedtranslations.com\/wp-content\/uploads\/2024\/05\/AdobeStock_72147160-2-1.webp","attachment_id":null},"quotes":{"type":"textarea","raw":"<h1 style=\"margin-bottom: 12px;\">Servi\u00e7os de tradu\u00e7\u00e3o para marketing<\/h1>Num mercado global com concorrentes ferozes, voc\u00ea precisa de toda a vantagem ao lan\u00e7ar ou promover o seu servi\u00e7o ou produto, especialmente em um idioma estrangeiro. A Trusted Translations ajudar\u00e1 voc\u00ea a garantir que suas tradu\u00e7\u00f5es de marketing sejam eficazes e precisas.<div style=\"margin-top: 2.5vw;\"><a class=\"tt-btn-main-cta\" href=\"\/pt-br\/solicitud-orcamento\">SOLICITE UM OR\u00c7AMENTO GRATUITO<\/a><\/div>"},"text-1":{"type":"textarea","raw":"<h2>Tradu\u00e7\u00f5es de marketing especializadas para mensagens globais eficazes<\/h2>\r\nO marketing tem tudo a ver com a mensagem correta e, na <em>Trusted Translations<\/em>, estamos prontos para ajud\u00e1-lo a garantir que o idioma n\u00e3o seja uma barreira para transmitir essa mensagem com sucesso. Ajudamos centenas de organiza\u00e7\u00f5es com suas necessidades de tradu\u00e7\u00e3o de marketing.\r\n\r\nComo parceira de clientes como IBM, Coca Cola, Kyocera Mita, Bank of America, e FedEx Office, a <em>Trusted Translations<\/em> tem tanto a profundidade quanto a amplitude da experi\u00eancia necess\u00e1ria para lidar com qualquer tipo de tradu\u00e7\u00e3o de marketing que voc\u00ea possa precisar, em qualquer setor.\r\n\r\nNossos tradutores est\u00e3o bem familiarizados com todos os tipos de conte\u00fado de marketing. Se voc\u00ea precisa traduzir uma brochura, an\u00fancios gr\u00e1ficos ou apresenta\u00e7\u00f5es multim\u00eddia mais elaboradas, a <em>Trusted Translations<\/em> tem profissionais experientes para lidar com uma ampla variedade de servi\u00e7os de tradu\u00e7\u00e3o.\r\n<h2 style=\"margin-bottom:20px\">Localizando sua mensagem de marketing<\/h2>\r\nAl\u00e9m de servi\u00e7os de tradu\u00e7\u00e3o puramente de marketing, a <em>Trusted Translations<\/em> tamb\u00e9m trabalha com os seus clientes para adaptar a sua mensagem a um segmento espec\u00edfico do mercado. Por exemplo: os nossos especialistas em tradu\u00e7\u00e3o de marketing auxiliaram v\u00e1rios lan\u00e7amentos simult\u00e2neos de produtos multinacionais na Am\u00e9rica Latina e nos Estados Unidos.\u00a0\u00a0<span style=\"font-style: inherit; font-weight: inherit;\">Embora toda a informa\u00e7\u00e3o de marketing tenha sido inicialmente traduzida para o espanhol, tamb\u00e9m ajudamos a modificar o texto e a mensagem para atender \u00e0 popula\u00e7\u00e3o de cada pa\u00eds espec\u00edfico.<\/span>\r\n\r\nEm regi\u00f5es onde cada pa\u00eds tem sua(s) variante(s) espec\u00edfica(s) de um idioma, como \u00e9 o caso do espanhol na Am\u00e9rica Latina, muitas vezes \u00e9 necess\u00e1rio ir al\u00e9m da vers\u00e3o dicion\u00e1rio \u201cpadr\u00e3o\u201d de um idioma. Nuances culturais, dialetos, express\u00f5es idiom\u00e1ticas, humor e muito mais, servem para adaptar suas tradu\u00e7\u00f5es de marketing a um determinado segmento de mercado. Na <em>Trusted Translations<\/em>, nossos tradutores t\u00eam o conhecimento lingu\u00edstico necess\u00e1rio para traduzir sua mensagem de maneira localizada no mercado certo."},"shortcode-map":{"type":"textfield","raw":""},"dyk-shortcode":{"type":"textfield","raw":"[elementor-template id=\"147273\"]"},"text-2":{"type":"textarea","raw":"<h2 style=\"margin-bottom:20px\">O mercado hisp\u00e2nico dos EUA<\/h2>\r\nA <em>Trusted Translations<\/em> \u00e9 reconhecida como autoridade no mercado hisp\u00e2nico dos EUA. Com v\u00e1rios artigos t\u00e9cnicos publicados nesse din\u00e2mico setor, temos milhares de especialistas com conhecimentos espec\u00edficos em como lidar com esse segmento importante.\r\n\r\nOs nossos servi\u00e7os de tradu\u00e7\u00e3o para o mercado hisp\u00e2nico dos EUA valem-se de mais de 35 anos de experi\u00eancia nesse segmento, incorporando tanto compet\u00eancia em marketing quanto no idioma. Nenhuma outra empresa tem a profundidade de conhecimento no mercado hisp\u00e2nico dos EUA ou trabalhou com mais empresas, entidades sem fins lucrativos e ag\u00eancias governamentais para ajudar a atingir esse p\u00fablico-alvo.\r\n<h2 style=\"margin-bottom:20px\">Equipes de tradu\u00e7\u00e3o de marketing<\/h2>\r\nNossos tradutores s\u00e3o profissionais lingu\u00edsticos altamente qualificados e certificados, que passam por um processo completo de sele\u00e7\u00e3o, avalia\u00e7\u00e3o e testes. Ao mesmo tempo, todos os nossos tradutores de marketing t\u00eam acesso \u00e0s melhores ferramentas do mercado, como mem\u00f3rias de tradu\u00e7\u00e3o, dicion\u00e1rios e gloss\u00e1rios espec\u00edficos dos setores. Nossos editores e gerentes de projeto de qualidade tamb\u00e9m ajudam a garantir que cada tradu\u00e7\u00e3o seja precisa, consistente e adequada, mesmo em projetos grandes e complexos.\r\n\r\nAl\u00e9m disso, todos os tradutores da <em>Trusted Translations<\/em> s\u00e3o vinculados a contratos de confidencialidade comercial e corporativa. Nossa equipe leva as quest\u00f5es de confidencialidade e seguran\u00e7a muito a s\u00e9rio; todas as tradu\u00e7\u00f5es s\u00e3o tratadas com sigilo.\r\n\r\nPara esclarecer suas d\u00favidas ou obter mais informa\u00e7\u00f5es sobre os servi\u00e7os de tradu\u00e7\u00e3o de marketing da <em>Trusted Translations<\/em>, fale conosco hoje mesmo."},"state":{"type":"textfield","raw":""},"city":{"type":"textarea","raw":[]}}},"_links":{"self":[{"href":"https:\/\/www.trustedtranslations.com\/pt-br\/wp-json\/wp\/v2\/pages\/134942","targetHints":{"allow":["GET"]}}],"collection":[{"href":"https:\/\/www.trustedtranslations.com\/pt-br\/wp-json\/wp\/v2\/pages"}],"about":[{"href":"https:\/\/www.trustedtranslations.com\/pt-br\/wp-json\/wp\/v2\/types\/page"}],"author":[{"embeddable":true,"href":"https:\/\/www.trustedtranslations.com\/pt-br\/wp-json\/wp\/v2\/users\/1"}],"replies":[{"embeddable":true,"href":"https:\/\/www.trustedtranslations.com\/pt-br\/wp-json\/wp\/v2\/comments?post=134942"}],"version-history":[{"count":0,"href":"https:\/\/www.trustedtranslations.com\/pt-br\/wp-json\/wp\/v2\/pages\/134942\/revisions"}],"up":[{"embeddable":true,"href":"https:\/\/www.trustedtranslations.com\/pt-br\/wp-json\/wp\/v2\/pages\/135074"}],"wp:featuredmedia":[{"embeddable":true,"href":"https:\/\/www.trustedtranslations.com\/pt-br\/wp-json\/wp\/v2\/media\/139632"}],"wp:attachment":[{"href":"https:\/\/www.trustedtranslations.com\/pt-br\/wp-json\/wp\/v2\/media?parent=134942"}],"curies":[{"name":"wp","href":"https:\/\/api.w.org\/{rel}","templated":true}]}}