{"id":134943,"date":"2018-11-16T14:08:10","date_gmt":"2018-11-16T14:08:10","guid":{"rendered":"https:\/\/www.trustedtranslations.com\/?page_id=134943"},"modified":"2024-09-03T11:56:01","modified_gmt":"2024-09-03T14:56:01","slug":"manufatura","status":"publish","type":"page","link":"https:\/\/www.trustedtranslations.com\/pt-br\/setores\/manufatura","title":{"rendered":"Manufatura"},"content":{"rendered":"","protected":false},"excerpt":{"rendered":"","protected":false},"author":1,"featured_media":139632,"parent":135074,"menu_order":0,"comment_status":"closed","ping_status":"closed","template":"","meta":{"site-sidebar-layout":"default","site-content-layout":"default","ast-site-content-layout":"default","site-content-style":"default","site-sidebar-style":"default","ast-global-header-display":"","ast-banner-title-visibility":"","ast-main-header-display":"","ast-hfb-above-header-display":"","ast-hfb-below-header-display":"","ast-hfb-mobile-header-display":"","site-post-title":"disabled","ast-breadcrumbs-content":"","ast-featured-img":"","footer-sml-layout":"","ast-disable-related-posts":"","theme-transparent-header-meta":"default","adv-header-id-meta":"","stick-header-meta":"","header-above-stick-meta":"","header-main-stick-meta":"","header-below-stick-meta":"","astra-migrate-meta-layouts":"set","ast-page-background-enabled":"default","ast-page-background-meta":{"desktop":{"background-color":"var(--ast-global-color-4)","background-image":"","background-repeat":"repeat","background-position":"center center","background-size":"auto","background-attachment":"scroll","background-type":"","background-media":"","overlay-type":"","overlay-color":"","overlay-opacity":"","overlay-gradient":""},"tablet":{"background-color":"","background-image":"","background-repeat":"repeat","background-position":"center center","background-size":"auto","background-attachment":"scroll","background-type":"","background-media":"","overlay-type":"","overlay-color":"","overlay-opacity":"","overlay-gradient":""},"mobile":{"background-color":"","background-image":"","background-repeat":"repeat","background-position":"center center","background-size":"auto","background-attachment":"scroll","background-type":"","background-media":"","overlay-type":"","overlay-color":"","overlay-opacity":"","overlay-gradient":""}},"ast-content-background-meta":{"desktop":{"background-color":"var(--ast-global-color-5)","background-image":"","background-repeat":"repeat","background-position":"center center","background-size":"auto","background-attachment":"scroll","background-type":"","background-media":"","overlay-type":"","overlay-color":"","overlay-opacity":"","overlay-gradient":""},"tablet":{"background-color":"var(--ast-global-color-5)","background-image":"","background-repeat":"repeat","background-position":"center center","background-size":"auto","background-attachment":"scroll","background-type":"","background-media":"","overlay-type":"","overlay-color":"","overlay-opacity":"","overlay-gradient":""},"mobile":{"background-color":"var(--ast-global-color-5)","background-image":"","background-repeat":"repeat","background-position":"center center","background-size":"auto","background-attachment":"scroll","background-type":"","background-media":"","overlay-type":"","overlay-color":"","overlay-opacity":"","overlay-gradient":""}},"footnotes":""},"class_list":["post-134943","page","type-page","status-publish","has-post-thumbnail","hentry"],"yoast_head":"<!-- This site is optimized with the Yoast SEO plugin v27.5 - https:\/\/yoast.com\/product\/yoast-seo-wordpress\/ -->\n<title>Servi\u00e7os de tradu\u00e7\u00e3o para manufatura - Trusted Translations, Inc.<\/title>\n<meta name=\"description\" content=\"A Trusted Translations \u00e9 l\u00edder no fornecimento de servi\u00e7os de tradu\u00e7\u00e3o para manufatura. Solicite uma consulta ou or\u00e7amento gratuitos.\" \/>\n<meta name=\"robots\" content=\"index, follow, max-snippet:-1, max-image-preview:large, max-video-preview:-1\" \/>\n<link rel=\"canonical\" href=\"https:\/\/www.trustedtranslations.com\/pt-br\/setores\/manufatura\" \/>\n<meta property=\"og:locale\" content=\"pt_BR\" \/>\n<meta property=\"og:type\" content=\"article\" \/>\n<meta property=\"og:title\" content=\"Servi\u00e7os de tradu\u00e7\u00e3o para manufatura - Trusted Translations, Inc.\" \/>\n<meta property=\"og:description\" content=\"A Trusted Translations \u00e9 l\u00edder no fornecimento de servi\u00e7os de tradu\u00e7\u00e3o para manufatura. Solicite uma consulta ou or\u00e7amento gratuitos.\" \/>\n<meta property=\"og:url\" content=\"https:\/\/www.trustedtranslations.com\/pt-br\/setores\/manufatura\" \/>\n<meta property=\"og:site_name\" content=\"Trusted Translations, Inc.\" \/>\n<meta property=\"article:publisher\" content=\"https:\/\/www.facebook.com\/Trusted.Translations\" \/>\n<meta property=\"article:modified_time\" content=\"2024-09-03T14:56:01+00:00\" \/>\n<meta property=\"og:image\" content=\"https:\/\/static.trustedtranslations.com\/wp-content\/uploads\/2022\/03\/TT_NEW_FB-1.png\" \/>\n\t<meta property=\"og:image:width\" content=\"1038\" \/>\n\t<meta property=\"og:image:height\" content=\"1038\" \/>\n\t<meta property=\"og:image:type\" content=\"image\/png\" \/>\n<meta name=\"twitter:card\" content=\"summary_large_image\" \/>\n<meta name=\"twitter:site\" content=\"@TrustedT9ns\" \/>\n<script type=\"application\/ld+json\" class=\"yoast-schema-graph\">{\"@context\":\"https:\\\/\\\/schema.org\",\"@graph\":[{\"@type\":\"WebPage\",\"@id\":\"https:\\\/\\\/www.trustedtranslations.com\\\/pt-br\\\/setores\\\/manufatura\",\"url\":\"https:\\\/\\\/www.trustedtranslations.com\\\/pt-br\\\/setores\\\/manufatura\",\"name\":\"Servi\u00e7os de tradu\u00e7\u00e3o para manufatura - Trusted Translations, Inc.\",\"isPartOf\":{\"@id\":\"https:\\\/\\\/www.trustedtranslations.com\\\/pt-br\\\/#website\"},\"primaryImageOfPage\":{\"@id\":\"https:\\\/\\\/www.trustedtranslations.com\\\/pt-br\\\/setores\\\/manufatura#primaryimage\"},\"image\":{\"@id\":\"https:\\\/\\\/www.trustedtranslations.com\\\/pt-br\\\/setores\\\/manufatura#primaryimage\"},\"thumbnailUrl\":\"https:\\\/\\\/www.trustedtranslations.com\\\/wp-content\\\/uploads\\\/2022\\\/03\\\/TT_NEW_FB-1.png\",\"description\":\"A Trusted Translations \u00e9 l\u00edder no fornecimento de servi\u00e7os de tradu\u00e7\u00e3o para manufatura. Solicite uma consulta ou or\u00e7amento gratuitos.\",\"breadcrumb\":{\"@id\":\"https:\\\/\\\/www.trustedtranslations.com\\\/pt-br\\\/setores\\\/manufatura#breadcrumb\"},\"inLanguage\":\"pt-BR\",\"potentialAction\":[{\"@type\":\"ReadAction\",\"target\":[\"https:\\\/\\\/www.trustedtranslations.com\\\/pt-br\\\/setores\\\/manufatura\"]}]},{\"@type\":\"ImageObject\",\"inLanguage\":\"pt-BR\",\"@id\":\"https:\\\/\\\/www.trustedtranslations.com\\\/pt-br\\\/setores\\\/manufatura#primaryimage\",\"url\":\"https:\\\/\\\/www.trustedtranslations.com\\\/wp-content\\\/uploads\\\/2022\\\/03\\\/TT_NEW_FB-1.png\",\"contentUrl\":\"https:\\\/\\\/www.trustedtranslations.com\\\/wp-content\\\/uploads\\\/2022\\\/03\\\/TT_NEW_FB-1.png\",\"width\":1038,\"height\":1038,\"caption\":\"TT NEW FB 1\"},{\"@type\":\"BreadcrumbList\",\"@id\":\"https:\\\/\\\/www.trustedtranslations.com\\\/pt-br\\\/setores\\\/manufatura#breadcrumb\",\"itemListElement\":[{\"@type\":\"ListItem\",\"position\":1,\"name\":\"Home\",\"item\":\"https:\\\/\\\/www.trustedtranslations.com\\\/pt-br\"},{\"@type\":\"ListItem\",\"position\":2,\"name\":\"Experi\u00eancia no setor\",\"item\":\"https:\\\/\\\/www.trustedtranslations.com\\\/pt-br\\\/setores\"},{\"@type\":\"ListItem\",\"position\":3,\"name\":\"Manufatura\"}]},{\"@type\":\"WebSite\",\"@id\":\"https:\\\/\\\/www.trustedtranslations.com\\\/pt-br\\\/#website\",\"url\":\"https:\\\/\\\/www.trustedtranslations.com\\\/pt-br\\\/\",\"name\":\"Trusted Translations, Inc.\",\"description\":\"Leader in translation and interpretation services.\",\"publisher\":{\"@id\":\"https:\\\/\\\/www.trustedtranslations.com\\\/pt-br\\\/#organization\"},\"alternateName\":\"Trusted Translations\",\"potentialAction\":[{\"@type\":\"SearchAction\",\"target\":{\"@type\":\"EntryPoint\",\"urlTemplate\":\"https:\\\/\\\/www.trustedtranslations.com\\\/pt-br\\\/?s={search_term_string}\"},\"query-input\":{\"@type\":\"PropertyValueSpecification\",\"valueRequired\":true,\"valueName\":\"search_term_string\"}}],\"inLanguage\":\"pt-BR\"},{\"@type\":\"Organization\",\"@id\":\"https:\\\/\\\/www.trustedtranslations.com\\\/pt-br\\\/#organization\",\"name\":\"Trusted Translations\",\"alternateName\":\"Trusted Translations, Inc.\",\"url\":\"https:\\\/\\\/www.trustedtranslations.com\\\/pt-br\\\/\",\"logo\":{\"@type\":\"ImageObject\",\"inLanguage\":\"pt-BR\",\"@id\":\"https:\\\/\\\/www.trustedtranslations.com\\\/pt-br\\\/#\\\/schema\\\/logo\\\/image\\\/\",\"url\":\"https:\\\/\\\/static.trustedtranslations.com\\\/wp-content\\\/uploads\\\/2022\\\/01\\\/TT_logo_WSIColors-2.png\",\"contentUrl\":\"https:\\\/\\\/static.trustedtranslations.com\\\/wp-content\\\/uploads\\\/2022\\\/01\\\/TT_logo_WSIColors-2.png\",\"width\":500,\"height\":196,\"caption\":\"Trusted Translations\"},\"image\":{\"@id\":\"https:\\\/\\\/www.trustedtranslations.com\\\/pt-br\\\/#\\\/schema\\\/logo\\\/image\\\/\"},\"sameAs\":[\"https:\\\/\\\/www.facebook.com\\\/Trusted.Translations\",\"https:\\\/\\\/x.com\\\/TrustedT9ns\",\"https:\\\/\\\/www.linkedin.com\\\/company\\\/trusted-translations\"]}]}<\/script>\n<!-- \/ Yoast SEO plugin. -->","yoast_head_json":{"title":"Servi\u00e7os de tradu\u00e7\u00e3o para manufatura - Trusted Translations, Inc.","description":"A Trusted Translations \u00e9 l\u00edder no fornecimento de servi\u00e7os de tradu\u00e7\u00e3o para manufatura. Solicite uma consulta ou or\u00e7amento gratuitos.","robots":{"index":"index","follow":"follow","max-snippet":"max-snippet:-1","max-image-preview":"max-image-preview:large","max-video-preview":"max-video-preview:-1"},"canonical":"https:\/\/www.trustedtranslations.com\/pt-br\/setores\/manufatura","og_locale":"pt_BR","og_type":"article","og_title":"Servi\u00e7os de tradu\u00e7\u00e3o para manufatura - Trusted Translations, Inc.","og_description":"A Trusted Translations \u00e9 l\u00edder no fornecimento de servi\u00e7os de tradu\u00e7\u00e3o para manufatura. Solicite uma consulta ou or\u00e7amento gratuitos.","og_url":"https:\/\/www.trustedtranslations.com\/pt-br\/setores\/manufatura","og_site_name":"Trusted Translations, Inc.","article_publisher":"https:\/\/www.facebook.com\/Trusted.Translations","article_modified_time":"2024-09-03T14:56:01+00:00","og_image":[{"width":1038,"height":1038,"url":"https:\/\/static.trustedtranslations.com\/wp-content\/uploads\/2022\/03\/TT_NEW_FB-1.png","type":"image\/png"}],"twitter_card":"summary_large_image","twitter_site":"@TrustedT9ns","schema":{"@context":"https:\/\/schema.org","@graph":[{"@type":"WebPage","@id":"https:\/\/www.trustedtranslations.com\/pt-br\/setores\/manufatura","url":"https:\/\/www.trustedtranslations.com\/pt-br\/setores\/manufatura","name":"Servi\u00e7os de tradu\u00e7\u00e3o para manufatura - Trusted Translations, Inc.","isPartOf":{"@id":"https:\/\/www.trustedtranslations.com\/pt-br\/#website"},"primaryImageOfPage":{"@id":"https:\/\/www.trustedtranslations.com\/pt-br\/setores\/manufatura#primaryimage"},"image":{"@id":"https:\/\/www.trustedtranslations.com\/pt-br\/setores\/manufatura#primaryimage"},"thumbnailUrl":"https:\/\/www.trustedtranslations.com\/wp-content\/uploads\/2022\/03\/TT_NEW_FB-1.png","description":"A Trusted Translations \u00e9 l\u00edder no fornecimento de servi\u00e7os de tradu\u00e7\u00e3o para manufatura. Solicite uma consulta ou or\u00e7amento gratuitos.","breadcrumb":{"@id":"https:\/\/www.trustedtranslations.com\/pt-br\/setores\/manufatura#breadcrumb"},"inLanguage":"pt-BR","potentialAction":[{"@type":"ReadAction","target":["https:\/\/www.trustedtranslations.com\/pt-br\/setores\/manufatura"]}]},{"@type":"ImageObject","inLanguage":"pt-BR","@id":"https:\/\/www.trustedtranslations.com\/pt-br\/setores\/manufatura#primaryimage","url":"https:\/\/www.trustedtranslations.com\/wp-content\/uploads\/2022\/03\/TT_NEW_FB-1.png","contentUrl":"https:\/\/www.trustedtranslations.com\/wp-content\/uploads\/2022\/03\/TT_NEW_FB-1.png","width":1038,"height":1038,"caption":"TT NEW FB 1"},{"@type":"BreadcrumbList","@id":"https:\/\/www.trustedtranslations.com\/pt-br\/setores\/manufatura#breadcrumb","itemListElement":[{"@type":"ListItem","position":1,"name":"Home","item":"https:\/\/www.trustedtranslations.com\/pt-br"},{"@type":"ListItem","position":2,"name":"Experi\u00eancia no setor","item":"https:\/\/www.trustedtranslations.com\/pt-br\/setores"},{"@type":"ListItem","position":3,"name":"Manufatura"}]},{"@type":"WebSite","@id":"https:\/\/www.trustedtranslations.com\/pt-br\/#website","url":"https:\/\/www.trustedtranslations.com\/pt-br\/","name":"Trusted Translations, Inc.","description":"Leader in translation and interpretation services.","publisher":{"@id":"https:\/\/www.trustedtranslations.com\/pt-br\/#organization"},"alternateName":"Trusted Translations","potentialAction":[{"@type":"SearchAction","target":{"@type":"EntryPoint","urlTemplate":"https:\/\/www.trustedtranslations.com\/pt-br\/?s={search_term_string}"},"query-input":{"@type":"PropertyValueSpecification","valueRequired":true,"valueName":"search_term_string"}}],"inLanguage":"pt-BR"},{"@type":"Organization","@id":"https:\/\/www.trustedtranslations.com\/pt-br\/#organization","name":"Trusted Translations","alternateName":"Trusted Translations, Inc.","url":"https:\/\/www.trustedtranslations.com\/pt-br\/","logo":{"@type":"ImageObject","inLanguage":"pt-BR","@id":"https:\/\/www.trustedtranslations.com\/pt-br\/#\/schema\/logo\/image\/","url":"https:\/\/static.trustedtranslations.com\/wp-content\/uploads\/2022\/01\/TT_logo_WSIColors-2.png","contentUrl":"https:\/\/static.trustedtranslations.com\/wp-content\/uploads\/2022\/01\/TT_logo_WSIColors-2.png","width":500,"height":196,"caption":"Trusted Translations"},"image":{"@id":"https:\/\/www.trustedtranslations.com\/pt-br\/#\/schema\/logo\/image\/"},"sameAs":["https:\/\/www.facebook.com\/Trusted.Translations","https:\/\/x.com\/TrustedT9ns","https:\/\/www.linkedin.com\/company\/trusted-translations"]}]}},"toolset-meta":{"dyk":{"mensaje-1":{"type":"textfield","raw":"A Trusted Translations \u00e9 fornecedora preferencial da Goodman Global, Toyota, GE e muitas outras."},"mensaje-2":{"type":"textfield","raw":"Excedemos as normas de qualidade ISO 9001:2015 e certificamos as nossas tradu\u00e7\u00f5es para manufatura."},"mensaje-3":{"type":"textfield","raw":"A Trusted Translations tem engenheiros bil\u00edngues em sua equipe para projetos complexos de manufatura."},"mensaje-4":{"type":"textfield","raw":"As nossas tradu\u00e7\u00f5es para manufatura excedem as exig\u00eancias lingu\u00edsticas t\u00e9cnicas dos nossos clientes."},"mensaje-5":{"type":"textfield","raw":""},"mensaje-6":{"type":"textfield","raw":""}},"single-page-template-fields":{"imgs-temp":{"type":"image","raw":["https:\/\/static.trustedtranslations.com\/wp-content\/uploads\/2024\/05\/manufacturing-final-1.webp","https:\/\/static.trustedtranslations.com\/wp-content\/uploads\/2024\/05\/manufacturing-final-2-1.webp"],"repeatable":[{"raw":"https:\/\/static.trustedtranslations.com\/wp-content\/uploads\/2024\/05\/manufacturing-final-1.webp"},{"raw":"https:\/\/static.trustedtranslations.com\/wp-content\/uploads\/2024\/05\/manufacturing-final-2-1.webp"}]},"imgs-temp-cel":{"type":"image","raw":[""],"repeatable":[{"raw":""}]},"img-temp-one-cel":{"type":"image","raw":"https:\/\/static.trustedtranslations.com\/wp-content\/uploads\/2024\/05\/AdobeStock_350888164-1-1.webp","attachment_id":null},"quotes":{"type":"textarea","raw":"<h1 style=\"margin-bottom: 12px;\">Servi\u00e7os de tradu\u00e7\u00e3o para manufatura<\/h1>A Trusted Translations \u00e9 l\u00edder no fornecimento de servi\u00e7os de tradu\u00e7\u00e3o para manufatura, sendo especializada em tradu\u00e7\u00f5es ingl\u00eas-espanhol. De manuais de instala\u00e7\u00e3o a especifica\u00e7\u00f5es de sistemas e guias operacionais, oferecemos tradu\u00e7\u00f5es altamente precisas e confi\u00e1veis para a \u00e1rea de manufatura.<div style=\"margin-top: 2.5vw;\"><a class=\"tt-btn-main-cta\" href=\"\/pt-br\/solicitud-orcamento\">SOLICITE UM OR\u00c7AMENTO GRATUITO<\/a><\/div>"},"text-1":{"type":"textarea","raw":"<h2>Tradu\u00e7\u00f5es r\u00e1pidas e precisas para o sucesso competitivo da manufatura<\/h2>\r\n<p>Na <em>Trusted Translations<\/em>, entendemos como o aumento da globaliza\u00e7\u00e3o, os avan\u00e7os r\u00e1pidos da tecnologia e as curtas vidas \u00fateis de produtos criaram a necessidade para os fabricantes adquirirem e atualizarem de forma r\u00e1pida e barata os materiais localizados de alta qualidade. A \u00fanica forma dos produtos sofisticados dos principais fabricantes poderem competir no mercado global \u00e9 com o apoio de tradu\u00e7\u00f5es r\u00e1pidas, precisas e confi\u00e1veis, que estejam em rigorosa conformidade com as normas do setor.<\/p>\r\n<p>Embora tenhamos a capacidade de traduzir para mais de 200 idiomas, somos especializados em tradu\u00e7\u00f5es para manufatura em ingl\u00eas-espanhol, que s\u00e3o executadas por equipes seletas de tradutores de ingl\u00eas-espanhol com a compet\u00eancia exigida pelo setor.<\/p>\r\n<p>A Trusted Translations o ajudar\u00e1 a romper a barreira do idioma, transmitir sua mensagem e facilitar a comunica\u00e7\u00e3o do assunto. Somos a sua solu\u00e7\u00e3o completa em tradu\u00e7\u00f5es para manufatura.<\/p>\r\n<h2 style=\"margin-bottom:20px\">Tradu\u00e7\u00f5es para manufatura<\/h2>\r\n<p>Os servi\u00e7os de tradu\u00e7\u00e3o para manufatura da <em>Trusted Translations<\/em> atendem de forma consistente todas as exig\u00eancias lingu\u00edsticas t\u00e9cnicas de nossos clientes. Os nossos tradutores profissionais s\u00e3o selecionados com base nas suas aptid\u00f5es lingu\u00edsticas e no seu conhecimento do conte\u00fado espec\u00edfico a ser traduzido. Essa combina\u00e7\u00e3o de experi\u00eancia espec\u00edfica do setor e flu\u00eancia no idioma \u00e9 confi\u00e1vel e econ\u00f4mica.<\/p>\r\n<p>Temos um processo rigoroso para qualquer documento para manufatura. Primeiramente, alocamos no projeto tradutores que tenham credenciais acad\u00eamicas necess\u00e1rias e experi\u00eancia concreta no seu assunto espec\u00edfico.\u00a0<\/p>\r\n<p>Na sequ\u00eancia, nossos gerentes de projeto especializados e os profissionais em editora\u00e7\u00e3o eletr\u00f4nica trabalham juntos para assegurar que o conte\u00fado seja traduzido com precis\u00e3o, publicado no formato correto, no prazo e dentro do or\u00e7amento.<br \/>Isso permitir\u00e1 que voc\u00ea, assim como a sua equipe, concentrem-se em outras tarefas, como o lan\u00e7amento de um novo produto, aumento de produtividade ou impulsionamento da receita bruta.<\/p>"},"shortcode-map":{"type":"textfield","raw":""},"dyk-shortcode":{"type":"textfield","raw":"[elementor-template id=\"147273\"]"},"text-2":{"type":"textarea","raw":"<h2 style=\"margin-bottom:20px\">Tradu\u00e7\u00e3o de documentos t\u00e9cnicos<\/h2>\r\nVeja a seguir exemplos de documentos t\u00e9cnicos que frequentemente traduzimos:\r\n<ul>\r\n \t<li>Manuais de instala\u00e7\u00e3o, opera\u00e7\u00e3o e manuten\u00e7\u00e3o<\/li>\r\n \t<li>Manuais de RH<\/li>\r\n \t<li>Manuais de servi\u00e7o<\/li>\r\n \t<li>Manuais de ap\u00f3lices<\/li>\r\n \t<li>Desenhos CAD<\/li>\r\n \t<li>Embalagens<\/li>\r\n \t<li>Processos de trabalho<\/li>\r\n \t<li>Acordos de servi\u00e7o<\/li>\r\n \t<li>Documenta\u00e7\u00e3o regulamentar<\/li>\r\n \t<li>Patentes<\/li>\r\n \t<li>Contratos comerciais<\/li>\r\n \t<li>M\u00f3dulos t\u00e9cnicos de E-learning<\/li>\r\n \t<li>Materiais de marketing (ex.: sites e cat\u00e1logos de produtos)<\/li>\r\n<\/ul>\r\nSeja qual for o seu projeto ou setor, nossa equipe est\u00e1 preparada para oferecer uma tradu\u00e7\u00e3o para manufatura altamente confi\u00e1vel e com excelente custo-benef\u00edcio.\r\n<h2 style=\"margin-bottom:20px\">Equipes de tradu\u00e7\u00e3o para manufatura<\/h2>\r\nA <em>Trusted Translations<\/em> disponibiliza aos nossos tradutores ferramentas de alta qualidade para que executem suas tradu\u00e7\u00f5es com sucesso. Todos os nossos tradutores para manufatura t\u00eam acesso a mem\u00f3rias de tradu\u00e7\u00e3o, dicion\u00e1rios e bases de termos, para garantir que as tradu\u00e7\u00f5es sejam exatas e consistentes, mesmo nos projetos mais longos e mais complexos tecnicamente.\r\n\r\nTodos os nossos tradutores s\u00e3o vinculados a contratos de confidencialidade comercial e corporativa.\u00a0A <em>Trusted Translations<\/em> leva muito a s\u00e9rio os assuntos de confidencialidade e seguran\u00e7a. Todas as tradu\u00e7\u00f5es s\u00e3o confidenciais; nossos tradutores s\u00e3o sens\u00edveis \u00e0 import\u00e2ncia da seguran\u00e7a neste setor e respeitam totalmente a documenta\u00e7\u00e3o confidencial fornecida em conex\u00e3o a cada projeto.\r\n\r\nComo parceiro confi\u00e1vel de fabricantes multinacionais, empresas da Fortune 500, o setor militar dos EUA e muito mais, a <em>Trusted Translations<\/em> oferece servi\u00e7os excepcionais de tradu\u00e7\u00e3o para manufatura. Para saber mais, fale com a <em>Trusted Translations<\/em> hoje mesmo."},"state":{"type":"textfield","raw":""},"city":{"type":"textarea","raw":[]}}},"_links":{"self":[{"href":"https:\/\/www.trustedtranslations.com\/pt-br\/wp-json\/wp\/v2\/pages\/134943","targetHints":{"allow":["GET"]}}],"collection":[{"href":"https:\/\/www.trustedtranslations.com\/pt-br\/wp-json\/wp\/v2\/pages"}],"about":[{"href":"https:\/\/www.trustedtranslations.com\/pt-br\/wp-json\/wp\/v2\/types\/page"}],"author":[{"embeddable":true,"href":"https:\/\/www.trustedtranslations.com\/pt-br\/wp-json\/wp\/v2\/users\/1"}],"replies":[{"embeddable":true,"href":"https:\/\/www.trustedtranslations.com\/pt-br\/wp-json\/wp\/v2\/comments?post=134943"}],"version-history":[{"count":0,"href":"https:\/\/www.trustedtranslations.com\/pt-br\/wp-json\/wp\/v2\/pages\/134943\/revisions"}],"up":[{"embeddable":true,"href":"https:\/\/www.trustedtranslations.com\/pt-br\/wp-json\/wp\/v2\/pages\/135074"}],"wp:featuredmedia":[{"embeddable":true,"href":"https:\/\/www.trustedtranslations.com\/pt-br\/wp-json\/wp\/v2\/media\/139632"}],"wp:attachment":[{"href":"https:\/\/www.trustedtranslations.com\/pt-br\/wp-json\/wp\/v2\/media?parent=134943"}],"curies":[{"name":"wp","href":"https:\/\/api.w.org\/{rel}","templated":true}]}}