{"id":134947,"date":"2018-11-16T11:57:30","date_gmt":"2018-11-16T11:57:30","guid":{"rendered":"https:\/\/www.trustedtranslations.com\/?page_id=134947"},"modified":"2024-09-03T11:55:28","modified_gmt":"2024-09-03T14:55:28","slug":"juridica","status":"publish","type":"page","link":"https:\/\/www.trustedtranslations.com\/pt-br\/setores\/juridica","title":{"rendered":"Jur\u00eddica"},"content":{"rendered":"","protected":false},"excerpt":{"rendered":"","protected":false},"author":1,"featured_media":0,"parent":135074,"menu_order":0,"comment_status":"closed","ping_status":"closed","template":"","meta":{"site-sidebar-layout":"default","site-content-layout":"default","ast-site-content-layout":"default","site-content-style":"default","site-sidebar-style":"default","ast-global-header-display":"","ast-banner-title-visibility":"","ast-main-header-display":"","ast-hfb-above-header-display":"","ast-hfb-below-header-display":"","ast-hfb-mobile-header-display":"","site-post-title":"disabled","ast-breadcrumbs-content":"","ast-featured-img":"","footer-sml-layout":"","theme-transparent-header-meta":"default","adv-header-id-meta":"","stick-header-meta":"","header-above-stick-meta":"","header-main-stick-meta":"","header-below-stick-meta":"","astra-migrate-meta-layouts":"set","ast-page-background-enabled":"default","ast-page-background-meta":{"desktop":{"background-color":"var(--ast-global-color-4)","background-image":"","background-repeat":"repeat","background-position":"center center","background-size":"auto","background-attachment":"scroll","background-type":"","background-media":"","overlay-type":"","overlay-color":"","overlay-opacity":"","overlay-gradient":""},"tablet":{"background-color":"","background-image":"","background-repeat":"repeat","background-position":"center center","background-size":"auto","background-attachment":"scroll","background-type":"","background-media":"","overlay-type":"","overlay-color":"","overlay-opacity":"","overlay-gradient":""},"mobile":{"background-color":"","background-image":"","background-repeat":"repeat","background-position":"center center","background-size":"auto","background-attachment":"scroll","background-type":"","background-media":"","overlay-type":"","overlay-color":"","overlay-opacity":"","overlay-gradient":""}},"ast-content-background-meta":{"desktop":{"background-color":"var(--ast-global-color-5)","background-image":"","background-repeat":"repeat","background-position":"center center","background-size":"auto","background-attachment":"scroll","background-type":"","background-media":"","overlay-type":"","overlay-color":"","overlay-opacity":"","overlay-gradient":""},"tablet":{"background-color":"var(--ast-global-color-5)","background-image":"","background-repeat":"repeat","background-position":"center center","background-size":"auto","background-attachment":"scroll","background-type":"","background-media":"","overlay-type":"","overlay-color":"","overlay-opacity":"","overlay-gradient":""},"mobile":{"background-color":"var(--ast-global-color-5)","background-image":"","background-repeat":"repeat","background-position":"center center","background-size":"auto","background-attachment":"scroll","background-type":"","background-media":"","overlay-type":"","overlay-color":"","overlay-opacity":"","overlay-gradient":""}},"footnotes":""},"class_list":["post-134947","page","type-page","status-publish","hentry"],"yoast_head":"<!-- This site is optimized with the Yoast SEO plugin v27.5 - https:\/\/yoast.com\/product\/yoast-seo-wordpress\/ -->\n<title>Servi\u00e7os de tradu\u00e7\u00e3o jur\u00eddica - Trusted Translations, Inc.<\/title>\n<meta name=\"description\" content=\"A Trusted Translations \u00e9 especializada em servi\u00e7os de tradu\u00e7\u00e3o jur\u00eddica feita por equipes especializadas em tradu\u00e7\u00e3o jur\u00eddica. Solicite uma consulta ou or\u00e7amento gratuitos.\" \/>\n<meta name=\"robots\" content=\"index, follow, max-snippet:-1, max-image-preview:large, max-video-preview:-1\" \/>\n<link rel=\"canonical\" href=\"https:\/\/www.trustedtranslations.com\/pt-br\/setores\/juridica\" \/>\n<meta property=\"og:locale\" content=\"pt_BR\" \/>\n<meta property=\"og:type\" content=\"article\" \/>\n<meta property=\"og:title\" content=\"Servi\u00e7os de tradu\u00e7\u00e3o jur\u00eddica - Trusted Translations, Inc.\" \/>\n<meta property=\"og:description\" content=\"A Trusted Translations \u00e9 especializada em servi\u00e7os de tradu\u00e7\u00e3o jur\u00eddica feita por equipes especializadas em tradu\u00e7\u00e3o jur\u00eddica. Solicite uma consulta ou or\u00e7amento gratuitos.\" \/>\n<meta property=\"og:url\" content=\"https:\/\/www.trustedtranslations.com\/pt-br\/setores\/juridica\" \/>\n<meta property=\"og:site_name\" content=\"Trusted Translations, Inc.\" \/>\n<meta property=\"article:publisher\" content=\"https:\/\/www.facebook.com\/Trusted.Translations\" \/>\n<meta property=\"article:modified_time\" content=\"2024-09-03T14:55:28+00:00\" \/>\n<meta property=\"og:image\" content=\"https:\/\/www.trustedtranslations.com\/wp-content\/uploads\/2022\/06\/tt-logo-2-1.webp\" \/>\n\t<meta property=\"og:image:width\" content=\"216\" \/>\n\t<meta property=\"og:image:height\" content=\"94\" \/>\n\t<meta property=\"og:image:type\" content=\"image\/webp\" \/>\n<meta name=\"twitter:card\" content=\"summary_large_image\" \/>\n<meta name=\"twitter:site\" content=\"@TrustedT9ns\" \/>\n<script type=\"application\/ld+json\" class=\"yoast-schema-graph\">{\"@context\":\"https:\\\/\\\/schema.org\",\"@graph\":[{\"@type\":\"WebPage\",\"@id\":\"https:\\\/\\\/www.trustedtranslations.com\\\/pt-br\\\/setores\\\/juridica\",\"url\":\"https:\\\/\\\/www.trustedtranslations.com\\\/pt-br\\\/setores\\\/juridica\",\"name\":\"Servi\u00e7os de tradu\u00e7\u00e3o jur\u00eddica - Trusted Translations, Inc.\",\"isPartOf\":{\"@id\":\"https:\\\/\\\/www.trustedtranslations.com\\\/pt-br\\\/#website\"},\"description\":\"A Trusted Translations \u00e9 especializada em servi\u00e7os de tradu\u00e7\u00e3o jur\u00eddica feita por equipes especializadas em tradu\u00e7\u00e3o jur\u00eddica. Solicite uma consulta ou or\u00e7amento gratuitos.\",\"breadcrumb\":{\"@id\":\"https:\\\/\\\/www.trustedtranslations.com\\\/pt-br\\\/setores\\\/juridica#breadcrumb\"},\"inLanguage\":\"pt-BR\",\"potentialAction\":[{\"@type\":\"ReadAction\",\"target\":[\"https:\\\/\\\/www.trustedtranslations.com\\\/pt-br\\\/setores\\\/juridica\"]}]},{\"@type\":\"BreadcrumbList\",\"@id\":\"https:\\\/\\\/www.trustedtranslations.com\\\/pt-br\\\/setores\\\/juridica#breadcrumb\",\"itemListElement\":[{\"@type\":\"ListItem\",\"position\":1,\"name\":\"Home\",\"item\":\"https:\\\/\\\/www.trustedtranslations.com\\\/pt-br\"},{\"@type\":\"ListItem\",\"position\":2,\"name\":\"Experi\u00eancia no setor\",\"item\":\"https:\\\/\\\/www.trustedtranslations.com\\\/pt-br\\\/setores\"},{\"@type\":\"ListItem\",\"position\":3,\"name\":\"Jur\u00eddica\"}]},{\"@type\":\"WebSite\",\"@id\":\"https:\\\/\\\/www.trustedtranslations.com\\\/pt-br\\\/#website\",\"url\":\"https:\\\/\\\/www.trustedtranslations.com\\\/pt-br\\\/\",\"name\":\"Trusted Translations, Inc.\",\"description\":\"Leader in translation and interpretation services.\",\"publisher\":{\"@id\":\"https:\\\/\\\/www.trustedtranslations.com\\\/pt-br\\\/#organization\"},\"alternateName\":\"Trusted Translations\",\"potentialAction\":[{\"@type\":\"SearchAction\",\"target\":{\"@type\":\"EntryPoint\",\"urlTemplate\":\"https:\\\/\\\/www.trustedtranslations.com\\\/pt-br\\\/?s={search_term_string}\"},\"query-input\":{\"@type\":\"PropertyValueSpecification\",\"valueRequired\":true,\"valueName\":\"search_term_string\"}}],\"inLanguage\":\"pt-BR\"},{\"@type\":\"Organization\",\"@id\":\"https:\\\/\\\/www.trustedtranslations.com\\\/pt-br\\\/#organization\",\"name\":\"Trusted Translations\",\"alternateName\":\"Trusted Translations, Inc.\",\"url\":\"https:\\\/\\\/www.trustedtranslations.com\\\/pt-br\\\/\",\"logo\":{\"@type\":\"ImageObject\",\"inLanguage\":\"pt-BR\",\"@id\":\"https:\\\/\\\/www.trustedtranslations.com\\\/pt-br\\\/#\\\/schema\\\/logo\\\/image\\\/\",\"url\":\"https:\\\/\\\/static.trustedtranslations.com\\\/wp-content\\\/uploads\\\/2022\\\/01\\\/TT_logo_WSIColors-2.png\",\"contentUrl\":\"https:\\\/\\\/static.trustedtranslations.com\\\/wp-content\\\/uploads\\\/2022\\\/01\\\/TT_logo_WSIColors-2.png\",\"width\":500,\"height\":196,\"caption\":\"Trusted Translations\"},\"image\":{\"@id\":\"https:\\\/\\\/www.trustedtranslations.com\\\/pt-br\\\/#\\\/schema\\\/logo\\\/image\\\/\"},\"sameAs\":[\"https:\\\/\\\/www.facebook.com\\\/Trusted.Translations\",\"https:\\\/\\\/x.com\\\/TrustedT9ns\",\"https:\\\/\\\/www.linkedin.com\\\/company\\\/trusted-translations\"]}]}<\/script>\n<!-- \/ Yoast SEO plugin. -->","yoast_head_json":{"title":"Servi\u00e7os de tradu\u00e7\u00e3o jur\u00eddica - Trusted Translations, Inc.","description":"A Trusted Translations \u00e9 especializada em servi\u00e7os de tradu\u00e7\u00e3o jur\u00eddica feita por equipes especializadas em tradu\u00e7\u00e3o jur\u00eddica. Solicite uma consulta ou or\u00e7amento gratuitos.","robots":{"index":"index","follow":"follow","max-snippet":"max-snippet:-1","max-image-preview":"max-image-preview:large","max-video-preview":"max-video-preview:-1"},"canonical":"https:\/\/www.trustedtranslations.com\/pt-br\/setores\/juridica","og_locale":"pt_BR","og_type":"article","og_title":"Servi\u00e7os de tradu\u00e7\u00e3o jur\u00eddica - Trusted Translations, Inc.","og_description":"A Trusted Translations \u00e9 especializada em servi\u00e7os de tradu\u00e7\u00e3o jur\u00eddica feita por equipes especializadas em tradu\u00e7\u00e3o jur\u00eddica. Solicite uma consulta ou or\u00e7amento gratuitos.","og_url":"https:\/\/www.trustedtranslations.com\/pt-br\/setores\/juridica","og_site_name":"Trusted Translations, Inc.","article_publisher":"https:\/\/www.facebook.com\/Trusted.Translations","article_modified_time":"2024-09-03T14:55:28+00:00","og_image":[{"width":216,"height":94,"url":"https:\/\/www.trustedtranslations.com\/wp-content\/uploads\/2022\/06\/tt-logo-2-1.webp","type":"image\/webp"}],"twitter_card":"summary_large_image","twitter_site":"@TrustedT9ns","schema":{"@context":"https:\/\/schema.org","@graph":[{"@type":"WebPage","@id":"https:\/\/www.trustedtranslations.com\/pt-br\/setores\/juridica","url":"https:\/\/www.trustedtranslations.com\/pt-br\/setores\/juridica","name":"Servi\u00e7os de tradu\u00e7\u00e3o jur\u00eddica - Trusted Translations, Inc.","isPartOf":{"@id":"https:\/\/www.trustedtranslations.com\/pt-br\/#website"},"description":"A Trusted Translations \u00e9 especializada em servi\u00e7os de tradu\u00e7\u00e3o jur\u00eddica feita por equipes especializadas em tradu\u00e7\u00e3o jur\u00eddica. Solicite uma consulta ou or\u00e7amento gratuitos.","breadcrumb":{"@id":"https:\/\/www.trustedtranslations.com\/pt-br\/setores\/juridica#breadcrumb"},"inLanguage":"pt-BR","potentialAction":[{"@type":"ReadAction","target":["https:\/\/www.trustedtranslations.com\/pt-br\/setores\/juridica"]}]},{"@type":"BreadcrumbList","@id":"https:\/\/www.trustedtranslations.com\/pt-br\/setores\/juridica#breadcrumb","itemListElement":[{"@type":"ListItem","position":1,"name":"Home","item":"https:\/\/www.trustedtranslations.com\/pt-br"},{"@type":"ListItem","position":2,"name":"Experi\u00eancia no setor","item":"https:\/\/www.trustedtranslations.com\/pt-br\/setores"},{"@type":"ListItem","position":3,"name":"Jur\u00eddica"}]},{"@type":"WebSite","@id":"https:\/\/www.trustedtranslations.com\/pt-br\/#website","url":"https:\/\/www.trustedtranslations.com\/pt-br\/","name":"Trusted Translations, Inc.","description":"Leader in translation and interpretation services.","publisher":{"@id":"https:\/\/www.trustedtranslations.com\/pt-br\/#organization"},"alternateName":"Trusted Translations","potentialAction":[{"@type":"SearchAction","target":{"@type":"EntryPoint","urlTemplate":"https:\/\/www.trustedtranslations.com\/pt-br\/?s={search_term_string}"},"query-input":{"@type":"PropertyValueSpecification","valueRequired":true,"valueName":"search_term_string"}}],"inLanguage":"pt-BR"},{"@type":"Organization","@id":"https:\/\/www.trustedtranslations.com\/pt-br\/#organization","name":"Trusted Translations","alternateName":"Trusted Translations, Inc.","url":"https:\/\/www.trustedtranslations.com\/pt-br\/","logo":{"@type":"ImageObject","inLanguage":"pt-BR","@id":"https:\/\/www.trustedtranslations.com\/pt-br\/#\/schema\/logo\/image\/","url":"https:\/\/static.trustedtranslations.com\/wp-content\/uploads\/2022\/01\/TT_logo_WSIColors-2.png","contentUrl":"https:\/\/static.trustedtranslations.com\/wp-content\/uploads\/2022\/01\/TT_logo_WSIColors-2.png","width":500,"height":196,"caption":"Trusted Translations"},"image":{"@id":"https:\/\/www.trustedtranslations.com\/pt-br\/#\/schema\/logo\/image\/"},"sameAs":["https:\/\/www.facebook.com\/Trusted.Translations","https:\/\/x.com\/TrustedT9ns","https:\/\/www.linkedin.com\/company\/trusted-translations"]}]}},"toolset-meta":{"dyk":{"mensaje-1":{"type":"textfield","raw":""},"mensaje-2":{"type":"textfield","raw":""},"mensaje-3":{"type":"textfield","raw":"Podemos proporcionar a voc\u00ea e aos seus clientes uma economia de 30% em servi\u00e7os de tradu\u00e7\u00e3o jur\u00eddica profissional."},"mensaje-4":{"type":"textfield","raw":"A Trusted Translations tem orgulho em ser fornecedora da American Bar Association."},"mensaje-5":{"type":"textfield","raw":""},"mensaje-6":{"type":"textfield","raw":""}},"single-page-template-fields":{"imgs-temp":{"type":"image","raw":["https:\/\/static.trustedtranslations.com\/wp-content\/uploads\/2024\/05\/legal-final-1-1.webp"],"repeatable":[{"raw":"https:\/\/static.trustedtranslations.com\/wp-content\/uploads\/2024\/05\/legal-final-1-1.webp"}]},"imgs-temp-cel":{"type":"image","raw":[""],"repeatable":[{"raw":""}]},"img-temp-one-cel":{"type":"image","raw":"https:\/\/static.trustedtranslations.com\/wp-content\/uploads\/2024\/05\/AdobeStock_228326382-2-1.webp","attachment_id":null},"quotes":{"type":"textarea","raw":"<h1 style=\"margin-bottom: 12px;\">Servi\u00e7os de tradu\u00e7\u00e3o jur\u00eddica<\/h1>A Trusted Translations possui um hist\u00f3rico aprovado no fornecimento de solu\u00e7\u00f5es de tradu\u00e7\u00e3o para o setor jur\u00eddico. Nossas tradu\u00e7\u00f5es jur\u00eddicas contam com o conhecimento especializado de nossos advogados internos, que atendem aos requisitos das principais firmas de advocacia e corpora\u00e7\u00f5es.<div style=\"margin-top: 2.5vw;\"><a class=\"tt-btn-main-cta\" href=\"\/pt-br\/solicitud-orcamento\">SOLICITE UM OR\u00c7AMENTO GRATUITO<\/a><\/div>"},"text-1":{"type":"textarea","raw":"<h2>Expertise especializada para tradu\u00e7\u00e3o precisa de documentos jur\u00eddicos<\/h2>\r\nDocumentos cruciais, como contratos, requerem a mais alta aten\u00e7\u00e3o e compet\u00eancia para assegurar uma tradu\u00e7\u00e3o jur\u00eddica precisa.\r\nA linguagem e os conceitos jur\u00eddicos geralmente variam de pa\u00eds para pa\u00eds, e as tradu\u00e7\u00f5es jur\u00eddicas podem requerer tradutores jur\u00eddicos especializados. Al\u00e9m disso, alguns pa\u00edses t\u00eam normas jur\u00eddicas espec\u00edficas em rela\u00e7\u00e3o a embalagens, contratos, formata\u00e7\u00e3o de textos, etc., que devem ser levadas em considera\u00e7\u00e3o. Nossos especialistas s\u00e3o treinados para reconhecer tais varia\u00e7\u00f5es e podem ajud\u00e1-lo a aplicar a nomenclatura ou protocolo corretos a qualquer projeto.\r\n<h2 style=\"padding-bottom:20px\">Tradu\u00e7\u00e3o jur\u00eddica profissional<\/h2>\r\nUma tradu\u00e7\u00e3o jur\u00eddica profissional pode fazer a diferen\u00e7a na preven\u00e7\u00e3o de imprevistos jur\u00eddicos futuros e pode assegurar que o significado jur\u00eddico correto seja transmitido da maneira que \u00e9 interpretado por um certo sistema judicial. Para obter os melhores resultados, tradu\u00e7\u00f5es jur\u00eddicas precisas requerem tradutores que tenham um profundo entendimento da nomenclatura, dos processos e dos sistemas jur\u00eddicos, assim como do setor e do assunto em quest\u00e3o.\r\n<h2 style=\"padding-bottom:20px\">Tradu\u00e7\u00e3o de documentos jur\u00eddicos<\/h2>\r\nTemos experi\u00eancia extensa em tradu\u00e7\u00e3o de todos os tipos de documentos jur\u00eddicos, como:\r\n<ul>\r\n \t<li>Contratos<\/li>\r\n \t<li>Transcri\u00e7\u00f5es de tribunais e testemunhas<\/li>\r\n \t<li>Testemunhos<\/li>\r\n \t<li>Isen\u00e7\u00f5es de responsabilidade<\/li>\r\n \t<li>Acordos de confidencialidade<\/li>\r\n \t<li>Certificados e declara\u00e7\u00f5es jur\u00eddicas<\/li>\r\n \t<li>Depoimentos<\/li>\r\n \t<li>Legisla\u00e7\u00f5es e regulamenta\u00e7\u00f5es<\/li>\r\n \t<li>Relat\u00f3rios de determina\u00e7\u00e3o judicial e governamental<\/li>\r\n \t<li>Registros de patentes e marcas<\/li>\r\n \t<li>Cartas de cr\u00e9dito<\/li>\r\n \t<li>Documentos t\u00e9cnicos de apoio a esfor\u00e7os litigiosos<\/li>\r\n \t<li>Licen\u00e7as<\/li>\r\n \t<li>Documentos de registro<\/li>\r\n \t<li>Laudos periciais<\/li>\r\n \t<li>Lit\u00edgio<\/li>\r\n \t<li>Arbitragem<\/li>\r\n<\/ul>\r\n<h2 style=\"padding-bottom:20px\">Tradu\u00e7\u00e3o jur\u00eddica em espanhol<\/h2>\r\nA <em>Trusted Translations<\/em> tornou-se umas das principais especialistas em ingl\u00eas-espanhol no mercado. Temos a confian\u00e7a das maiores organiza\u00e7\u00f5es em todo o mundo na tradu\u00e7\u00e3o de todos os tipos de documentos jur\u00eddicos, de registros policiais internacionais a registros de patentes complexos.\r\n<h2 style=\"padding-bottom:20px\">Equipes de tradu\u00e7\u00e3o jur\u00eddica<\/h2>\r\nCom advogados pertencentes \u00e0 ordem dos advogados nos EUA e especialistas em relat\u00f3rios financeiros no seu quadro de pessoal, a <em>Trusted Translations<\/em> compreende, na verdade, o assunto e, dessa forma, consegue fornecer as tradu\u00e7\u00f5es jur\u00eddicas mais confi\u00e1veis.\r\n\r\nNossos tradutores jur\u00eddicos s\u00e3o cuidadosamente escolhidos e testados para garantir que somente os tradutores, editores e revisores profissionais qualificados sejam recrutados para os seus projetos, transmitindo at\u00e9 mesmo as informa\u00e7\u00f5es jur\u00eddicas mais complexas com precis\u00e3o. Muitos dos nossos tradutores jur\u00eddicos especializados s\u00e3o advogados que tamb\u00e9m possuem forma\u00e7\u00e3o lingu\u00edstica. Nossos rigorosos procedimentos de sele\u00e7\u00e3o, teste e avalia\u00e7\u00e3o de tradutores jur\u00eddicos, combinados com o monitoramento cont\u00ednuo de projetos, nos permitem fornecer tradu\u00e7\u00f5es jur\u00eddicas claras e eficazes.\r\n\r\nTodos os tradutores jur\u00eddicos da <em>Trusted Translations<\/em> s\u00e3o vinculados a contratos de confidencialidade comercial e corporativa.\u00a0Levamos as quest\u00f5es de confidencialidade e seguran\u00e7a muito a s\u00e9rio e todas as tradu\u00e7\u00f5es jur\u00eddicas s\u00e3o tratadas com sigilo. Os nossos tradutores jur\u00eddicos entendem a natureza do setor e respeitam totalmente o sigilo cliente\u2013advogado e os sigilos trabalho-produto do advogado."},"shortcode-map":{"type":"textfield","raw":""},"dyk-shortcode":{"type":"textfield","raw":"[elementor-template id=\"147273\"]"},"text-2":{"type":"textarea","raw":"<h2 style=\"padding-bottom:20px\">Terminologia jur\u00eddica<\/h2>\r\nTodos os nossos tradutores t\u00eam acesso a gloss\u00e1rios de tradu\u00e7\u00e3o, dicion\u00e1rios e ferramentas de terminologia espec\u00edfica dos setores, para garantir que nossa tradu\u00e7\u00e3o seja exata e consistente, mesmo em projetos longos.\r\n\r\nNosso extenso <i>corpora <\/i>de terminologia inclui \u00e1reas de assuntos importantes, como:\r\n<ul>\r\n \t<li>Direito internacional (jurisdi\u00e7\u00f5es do direito comum e civil)<\/li>\r\n \t<li>Direito contratual<\/li>\r\n \t<li>Direito mar\u00edtimo<\/li>\r\n \t<li>Direito fiscal<\/li>\r\n \t<li>Direito de propriedade<\/li>\r\n \t<li>Direito securit\u00e1rio<\/li>\r\n \t<li>Direito penal<\/li>\r\n \t<li>Direito societ\u00e1rio<\/li>\r\n \t<li>Direito comercial<\/li>\r\n<\/ul>\r\n<h2 style=\"padding-bottom:20px\">Revis\u00e3o jur\u00eddica<\/h2>\r\nSe houver quaisquer preocupa\u00e7\u00f5es sobre a qualidade da tradu\u00e7\u00e3o jur\u00eddica de outra firma, os profissionais e linguistas especializados da <em>Trusted Translations<\/em> ir\u00e3o revisar os seus documentos previamente traduzidos e fornecer\u00e3o certificados autenticados de precis\u00e3o. Corrigiremos erros, omiss\u00f5es e terminologia imprecisa para permitir que voc\u00ea proteja melhor os interesses dos seus clientes.\r\n\r\nPara discutir sobre como podemos atender melhor \u00e0s suas necessidades de tradu\u00e7\u00e3o jur\u00eddica, entre em contato com a <em>Trusted Translations<\/em> hoje mesmo."},"state":{"type":"textfield","raw":""},"city":{"type":"textarea","raw":[]}}},"_links":{"self":[{"href":"https:\/\/www.trustedtranslations.com\/pt-br\/wp-json\/wp\/v2\/pages\/134947","targetHints":{"allow":["GET"]}}],"collection":[{"href":"https:\/\/www.trustedtranslations.com\/pt-br\/wp-json\/wp\/v2\/pages"}],"about":[{"href":"https:\/\/www.trustedtranslations.com\/pt-br\/wp-json\/wp\/v2\/types\/page"}],"author":[{"embeddable":true,"href":"https:\/\/www.trustedtranslations.com\/pt-br\/wp-json\/wp\/v2\/users\/1"}],"replies":[{"embeddable":true,"href":"https:\/\/www.trustedtranslations.com\/pt-br\/wp-json\/wp\/v2\/comments?post=134947"}],"version-history":[{"count":0,"href":"https:\/\/www.trustedtranslations.com\/pt-br\/wp-json\/wp\/v2\/pages\/134947\/revisions"}],"up":[{"embeddable":true,"href":"https:\/\/www.trustedtranslations.com\/pt-br\/wp-json\/wp\/v2\/pages\/135074"}],"wp:attachment":[{"href":"https:\/\/www.trustedtranslations.com\/pt-br\/wp-json\/wp\/v2\/media?parent=134947"}],"curies":[{"name":"wp","href":"https:\/\/api.w.org\/{rel}","templated":true}]}}