{"id":134950,"date":"2018-11-15T19:17:45","date_gmt":"2018-11-15T19:17:45","guid":{"rendered":"https:\/\/www.trustedtranslations.com\/?page_id=134950"},"modified":"2024-09-03T11:54:58","modified_gmt":"2024-09-03T14:54:58","slug":"gsa","status":"publish","type":"page","link":"https:\/\/www.trustedtranslations.com\/pt-br\/setores\/gsa","title":{"rendered":"Programa GSA"},"content":{"rendered":"","protected":false},"excerpt":{"rendered":"","protected":false},"author":1,"featured_media":139632,"parent":135074,"menu_order":0,"comment_status":"closed","ping_status":"closed","template":"","meta":{"site-sidebar-layout":"default","site-content-layout":"default","ast-site-content-layout":"default","site-content-style":"default","site-sidebar-style":"default","ast-global-header-display":"","ast-banner-title-visibility":"","ast-main-header-display":"","ast-hfb-above-header-display":"","ast-hfb-below-header-display":"","ast-hfb-mobile-header-display":"","site-post-title":"disabled","ast-breadcrumbs-content":"","ast-featured-img":"","footer-sml-layout":"","ast-disable-related-posts":"","theme-transparent-header-meta":"default","adv-header-id-meta":"","stick-header-meta":"","header-above-stick-meta":"","header-main-stick-meta":"","header-below-stick-meta":"","astra-migrate-meta-layouts":"set","ast-page-background-enabled":"default","ast-page-background-meta":{"desktop":{"background-color":"var(--ast-global-color-4)","background-image":"","background-repeat":"repeat","background-position":"center center","background-size":"auto","background-attachment":"scroll","background-type":"","background-media":"","overlay-type":"","overlay-color":"","overlay-opacity":"","overlay-gradient":""},"tablet":{"background-color":"","background-image":"","background-repeat":"repeat","background-position":"center center","background-size":"auto","background-attachment":"scroll","background-type":"","background-media":"","overlay-type":"","overlay-color":"","overlay-opacity":"","overlay-gradient":""},"mobile":{"background-color":"","background-image":"","background-repeat":"repeat","background-position":"center center","background-size":"auto","background-attachment":"scroll","background-type":"","background-media":"","overlay-type":"","overlay-color":"","overlay-opacity":"","overlay-gradient":""}},"ast-content-background-meta":{"desktop":{"background-color":"var(--ast-global-color-5)","background-image":"","background-repeat":"repeat","background-position":"center center","background-size":"auto","background-attachment":"scroll","background-type":"","background-media":"","overlay-type":"","overlay-color":"","overlay-opacity":"","overlay-gradient":""},"tablet":{"background-color":"var(--ast-global-color-5)","background-image":"","background-repeat":"repeat","background-position":"center center","background-size":"auto","background-attachment":"scroll","background-type":"","background-media":"","overlay-type":"","overlay-color":"","overlay-opacity":"","overlay-gradient":""},"mobile":{"background-color":"var(--ast-global-color-5)","background-image":"","background-repeat":"repeat","background-position":"center center","background-size":"auto","background-attachment":"scroll","background-type":"","background-media":"","overlay-type":"","overlay-color":"","overlay-opacity":"","overlay-gradient":""}},"footnotes":""},"class_list":["post-134950","page","type-page","status-publish","has-post-thumbnail","hentry"],"yoast_head":"<!-- This site is optimized with the Yoast SEO plugin v27.3 - https:\/\/yoast.com\/product\/yoast-seo-wordpress\/ -->\n<title>Servi\u00e7os de tradu\u00e7\u00e3o GSA - Trusted Translations, Inc.<\/title>\n<meta name=\"description\" content=\"A Trusted Translations, Inc. conta com os melhores pre\u00e7os no Programa GSA. Veja a nossa Lista de pre\u00e7os do Programa GSA para servi\u00e7os de tradu\u00e7\u00e3o de documentos e servi\u00e7os de interpreta\u00e7\u00e3o.\" \/>\n<meta name=\"robots\" content=\"index, follow, max-snippet:-1, max-image-preview:large, max-video-preview:-1\" \/>\n<link rel=\"canonical\" href=\"https:\/\/www.trustedtranslations.com\/pt-br\/setores\/gsa\" \/>\n<meta property=\"og:locale\" content=\"pt_BR\" \/>\n<meta property=\"og:type\" content=\"article\" \/>\n<meta property=\"og:title\" content=\"Servi\u00e7os de tradu\u00e7\u00e3o GSA - Trusted Translations, Inc.\" \/>\n<meta property=\"og:description\" content=\"A Trusted Translations, Inc. conta com os melhores pre\u00e7os no Programa GSA. Veja a nossa Lista de pre\u00e7os do Programa GSA para servi\u00e7os de tradu\u00e7\u00e3o de documentos e servi\u00e7os de interpreta\u00e7\u00e3o.\" \/>\n<meta property=\"og:url\" content=\"https:\/\/www.trustedtranslations.com\/pt-br\/setores\/gsa\" \/>\n<meta property=\"og:site_name\" content=\"Trusted Translations, Inc.\" \/>\n<meta property=\"article:publisher\" content=\"https:\/\/www.facebook.com\/Trusted.Translations\" \/>\n<meta property=\"article:modified_time\" content=\"2024-09-03T14:54:58+00:00\" \/>\n<meta property=\"og:image\" content=\"https:\/\/static.trustedtranslations.com\/wp-content\/uploads\/2022\/03\/TT_NEW_FB-1.png\" \/>\n\t<meta property=\"og:image:width\" content=\"1038\" \/>\n\t<meta property=\"og:image:height\" content=\"1038\" \/>\n\t<meta property=\"og:image:type\" content=\"image\/png\" \/>\n<meta name=\"twitter:card\" content=\"summary_large_image\" \/>\n<meta name=\"twitter:site\" content=\"@TrustedT9ns\" \/>\n<script type=\"application\/ld+json\" class=\"yoast-schema-graph\">{\"@context\":\"https:\\\/\\\/schema.org\",\"@graph\":[{\"@type\":\"WebPage\",\"@id\":\"https:\\\/\\\/www.trustedtranslations.com\\\/pt-br\\\/setores\\\/gsa\",\"url\":\"https:\\\/\\\/www.trustedtranslations.com\\\/pt-br\\\/setores\\\/gsa\",\"name\":\"Servi\u00e7os de tradu\u00e7\u00e3o GSA - Trusted Translations, Inc.\",\"isPartOf\":{\"@id\":\"https:\\\/\\\/www.trustedtranslations.com\\\/pt-br\\\/#website\"},\"primaryImageOfPage\":{\"@id\":\"https:\\\/\\\/www.trustedtranslations.com\\\/pt-br\\\/setores\\\/gsa#primaryimage\"},\"image\":{\"@id\":\"https:\\\/\\\/www.trustedtranslations.com\\\/pt-br\\\/setores\\\/gsa#primaryimage\"},\"thumbnailUrl\":\"https:\\\/\\\/www.trustedtranslations.com\\\/wp-content\\\/uploads\\\/2022\\\/03\\\/TT_NEW_FB-1.png\",\"description\":\"A Trusted Translations, Inc. conta com os melhores pre\u00e7os no Programa GSA. Veja a nossa Lista de pre\u00e7os do Programa GSA para servi\u00e7os de tradu\u00e7\u00e3o de documentos e servi\u00e7os de interpreta\u00e7\u00e3o.\",\"breadcrumb\":{\"@id\":\"https:\\\/\\\/www.trustedtranslations.com\\\/pt-br\\\/setores\\\/gsa#breadcrumb\"},\"inLanguage\":\"pt-BR\",\"potentialAction\":[{\"@type\":\"ReadAction\",\"target\":[\"https:\\\/\\\/www.trustedtranslations.com\\\/pt-br\\\/setores\\\/gsa\"]}]},{\"@type\":\"ImageObject\",\"inLanguage\":\"pt-BR\",\"@id\":\"https:\\\/\\\/www.trustedtranslations.com\\\/pt-br\\\/setores\\\/gsa#primaryimage\",\"url\":\"https:\\\/\\\/www.trustedtranslations.com\\\/wp-content\\\/uploads\\\/2022\\\/03\\\/TT_NEW_FB-1.png\",\"contentUrl\":\"https:\\\/\\\/www.trustedtranslations.com\\\/wp-content\\\/uploads\\\/2022\\\/03\\\/TT_NEW_FB-1.png\",\"width\":1038,\"height\":1038,\"caption\":\"TT NEW FB 1\"},{\"@type\":\"BreadcrumbList\",\"@id\":\"https:\\\/\\\/www.trustedtranslations.com\\\/pt-br\\\/setores\\\/gsa#breadcrumb\",\"itemListElement\":[{\"@type\":\"ListItem\",\"position\":1,\"name\":\"Home\",\"item\":\"https:\\\/\\\/www.trustedtranslations.com\\\/pt-br\"},{\"@type\":\"ListItem\",\"position\":2,\"name\":\"Experi\u00eancia no setor\",\"item\":\"https:\\\/\\\/www.trustedtranslations.com\\\/pt-br\\\/setores\"},{\"@type\":\"ListItem\",\"position\":3,\"name\":\"Programa GSA\"}]},{\"@type\":\"WebSite\",\"@id\":\"https:\\\/\\\/www.trustedtranslations.com\\\/pt-br\\\/#website\",\"url\":\"https:\\\/\\\/www.trustedtranslations.com\\\/pt-br\\\/\",\"name\":\"Trusted Translations, Inc.\",\"description\":\"Leader in translation and interpretation services.\",\"publisher\":{\"@id\":\"https:\\\/\\\/www.trustedtranslations.com\\\/pt-br\\\/#organization\"},\"alternateName\":\"Trusted Translations\",\"potentialAction\":[{\"@type\":\"SearchAction\",\"target\":{\"@type\":\"EntryPoint\",\"urlTemplate\":\"https:\\\/\\\/www.trustedtranslations.com\\\/pt-br\\\/?s={search_term_string}\"},\"query-input\":{\"@type\":\"PropertyValueSpecification\",\"valueRequired\":true,\"valueName\":\"search_term_string\"}}],\"inLanguage\":\"pt-BR\"},{\"@type\":\"Organization\",\"@id\":\"https:\\\/\\\/www.trustedtranslations.com\\\/pt-br\\\/#organization\",\"name\":\"Trusted Translations\",\"alternateName\":\"Trusted Translations, Inc.\",\"url\":\"https:\\\/\\\/www.trustedtranslations.com\\\/pt-br\\\/\",\"logo\":{\"@type\":\"ImageObject\",\"inLanguage\":\"pt-BR\",\"@id\":\"https:\\\/\\\/www.trustedtranslations.com\\\/pt-br\\\/#\\\/schema\\\/logo\\\/image\\\/\",\"url\":\"https:\\\/\\\/static.trustedtranslations.com\\\/wp-content\\\/uploads\\\/2022\\\/01\\\/TT_logo_WSIColors-2.png\",\"contentUrl\":\"https:\\\/\\\/static.trustedtranslations.com\\\/wp-content\\\/uploads\\\/2022\\\/01\\\/TT_logo_WSIColors-2.png\",\"width\":500,\"height\":196,\"caption\":\"Trusted Translations\"},\"image\":{\"@id\":\"https:\\\/\\\/www.trustedtranslations.com\\\/pt-br\\\/#\\\/schema\\\/logo\\\/image\\\/\"},\"sameAs\":[\"https:\\\/\\\/www.facebook.com\\\/Trusted.Translations\",\"https:\\\/\\\/x.com\\\/TrustedT9ns\",\"https:\\\/\\\/www.linkedin.com\\\/company\\\/trusted-translations\"]}]}<\/script>\n<!-- \/ Yoast SEO plugin. -->","yoast_head_json":{"title":"Servi\u00e7os de tradu\u00e7\u00e3o GSA - Trusted Translations, Inc.","description":"A Trusted Translations, Inc. conta com os melhores pre\u00e7os no Programa GSA. Veja a nossa Lista de pre\u00e7os do Programa GSA para servi\u00e7os de tradu\u00e7\u00e3o de documentos e servi\u00e7os de interpreta\u00e7\u00e3o.","robots":{"index":"index","follow":"follow","max-snippet":"max-snippet:-1","max-image-preview":"max-image-preview:large","max-video-preview":"max-video-preview:-1"},"canonical":"https:\/\/www.trustedtranslations.com\/pt-br\/setores\/gsa","og_locale":"pt_BR","og_type":"article","og_title":"Servi\u00e7os de tradu\u00e7\u00e3o GSA - Trusted Translations, Inc.","og_description":"A Trusted Translations, Inc. conta com os melhores pre\u00e7os no Programa GSA. Veja a nossa Lista de pre\u00e7os do Programa GSA para servi\u00e7os de tradu\u00e7\u00e3o de documentos e servi\u00e7os de interpreta\u00e7\u00e3o.","og_url":"https:\/\/www.trustedtranslations.com\/pt-br\/setores\/gsa","og_site_name":"Trusted Translations, Inc.","article_publisher":"https:\/\/www.facebook.com\/Trusted.Translations","article_modified_time":"2024-09-03T14:54:58+00:00","og_image":[{"width":1038,"height":1038,"url":"https:\/\/static.trustedtranslations.com\/wp-content\/uploads\/2022\/03\/TT_NEW_FB-1.png","type":"image\/png"}],"twitter_card":"summary_large_image","twitter_site":"@TrustedT9ns","schema":{"@context":"https:\/\/schema.org","@graph":[{"@type":"WebPage","@id":"https:\/\/www.trustedtranslations.com\/pt-br\/setores\/gsa","url":"https:\/\/www.trustedtranslations.com\/pt-br\/setores\/gsa","name":"Servi\u00e7os de tradu\u00e7\u00e3o GSA - Trusted Translations, Inc.","isPartOf":{"@id":"https:\/\/www.trustedtranslations.com\/pt-br\/#website"},"primaryImageOfPage":{"@id":"https:\/\/www.trustedtranslations.com\/pt-br\/setores\/gsa#primaryimage"},"image":{"@id":"https:\/\/www.trustedtranslations.com\/pt-br\/setores\/gsa#primaryimage"},"thumbnailUrl":"https:\/\/www.trustedtranslations.com\/wp-content\/uploads\/2022\/03\/TT_NEW_FB-1.png","description":"A Trusted Translations, Inc. conta com os melhores pre\u00e7os no Programa GSA. Veja a nossa Lista de pre\u00e7os do Programa GSA para servi\u00e7os de tradu\u00e7\u00e3o de documentos e servi\u00e7os de interpreta\u00e7\u00e3o.","breadcrumb":{"@id":"https:\/\/www.trustedtranslations.com\/pt-br\/setores\/gsa#breadcrumb"},"inLanguage":"pt-BR","potentialAction":[{"@type":"ReadAction","target":["https:\/\/www.trustedtranslations.com\/pt-br\/setores\/gsa"]}]},{"@type":"ImageObject","inLanguage":"pt-BR","@id":"https:\/\/www.trustedtranslations.com\/pt-br\/setores\/gsa#primaryimage","url":"https:\/\/www.trustedtranslations.com\/wp-content\/uploads\/2022\/03\/TT_NEW_FB-1.png","contentUrl":"https:\/\/www.trustedtranslations.com\/wp-content\/uploads\/2022\/03\/TT_NEW_FB-1.png","width":1038,"height":1038,"caption":"TT NEW FB 1"},{"@type":"BreadcrumbList","@id":"https:\/\/www.trustedtranslations.com\/pt-br\/setores\/gsa#breadcrumb","itemListElement":[{"@type":"ListItem","position":1,"name":"Home","item":"https:\/\/www.trustedtranslations.com\/pt-br"},{"@type":"ListItem","position":2,"name":"Experi\u00eancia no setor","item":"https:\/\/www.trustedtranslations.com\/pt-br\/setores"},{"@type":"ListItem","position":3,"name":"Programa GSA"}]},{"@type":"WebSite","@id":"https:\/\/www.trustedtranslations.com\/pt-br\/#website","url":"https:\/\/www.trustedtranslations.com\/pt-br\/","name":"Trusted Translations, Inc.","description":"Leader in translation and interpretation services.","publisher":{"@id":"https:\/\/www.trustedtranslations.com\/pt-br\/#organization"},"alternateName":"Trusted Translations","potentialAction":[{"@type":"SearchAction","target":{"@type":"EntryPoint","urlTemplate":"https:\/\/www.trustedtranslations.com\/pt-br\/?s={search_term_string}"},"query-input":{"@type":"PropertyValueSpecification","valueRequired":true,"valueName":"search_term_string"}}],"inLanguage":"pt-BR"},{"@type":"Organization","@id":"https:\/\/www.trustedtranslations.com\/pt-br\/#organization","name":"Trusted Translations","alternateName":"Trusted Translations, Inc.","url":"https:\/\/www.trustedtranslations.com\/pt-br\/","logo":{"@type":"ImageObject","inLanguage":"pt-BR","@id":"https:\/\/www.trustedtranslations.com\/pt-br\/#\/schema\/logo\/image\/","url":"https:\/\/static.trustedtranslations.com\/wp-content\/uploads\/2022\/01\/TT_logo_WSIColors-2.png","contentUrl":"https:\/\/static.trustedtranslations.com\/wp-content\/uploads\/2022\/01\/TT_logo_WSIColors-2.png","width":500,"height":196,"caption":"Trusted Translations"},"image":{"@id":"https:\/\/www.trustedtranslations.com\/pt-br\/#\/schema\/logo\/image\/"},"sameAs":["https:\/\/www.facebook.com\/Trusted.Translations","https:\/\/x.com\/TrustedT9ns","https:\/\/www.linkedin.com\/company\/trusted-translations"]}]}},"toolset-meta":{"dyk":{"mensaje-1":{"type":"textfield","raw":"A Trusted Translations tem alguns dos pre\u00e7os mais competitivos do Programa de Idiomas."},"mensaje-2":{"type":"textfield","raw":"Somos fornecedores aprovados para muitas ag\u00eancias federais, incluindo o Depto. de Agricultura dos EUA."},"mensaje-3":{"type":"textfield","raw":""},"mensaje-4":{"type":"textfield","raw":"Orgulhosamente fornecemos servi\u00e7os de tradu\u00e7\u00e3o e interpreta\u00e7\u00e3o ao Corpo de Fuzileiros Navais dos EUA."},"mensaje-5":{"type":"textfield","raw":"A NASA e o CDC confiam na Trusted Translations para as suas complexas necessidades de tradu\u00e7\u00e3o."},"mensaje-6":{"type":"textfield","raw":"Com pre\u00e7os mais baixos e com maior qualidade, nos empenhamos em oferecer aos compradores governamentais o melhor custo-benef\u00edcio."}},"single-page-template-fields":{"imgs-temp":{"type":"image","raw":["https:\/\/static.trustedtranslations.com\/wp-content\/uploads\/2024\/05\/gsa-final-2-1.webp"],"repeatable":[{"raw":"https:\/\/static.trustedtranslations.com\/wp-content\/uploads\/2024\/05\/gsa-final-2-1.webp"}]},"imgs-temp-cel":{"type":"image","raw":[""],"repeatable":[{"raw":""}]},"img-temp-one-cel":{"type":"image","raw":"https:\/\/static.trustedtranslations.com\/wp-content\/uploads\/2024\/05\/Group-6-1.webp","attachment_id":null},"quotes":{"type":"textarea","raw":"<h1 style=\"margin-bottom: 12px;\">Solu\u00e7\u00f5es de tradu\u00e7\u00e3o profissional para contratos GSA e federais<\/h1>A Trusted Translations, empresa l\u00edder em servi\u00e7os de tradu\u00e7\u00e3o multil\u00edngue, det\u00e9m um contrato com o governo federal para servi\u00e7os de tradu\u00e7\u00e3o de documentos, interpreta\u00e7\u00e3o e linguagem de sinais sob o Programa de Fornecimento Federal (FSS\/MAS) da Administra\u00e7\u00e3o de Servi\u00e7os Gerais (GSA).<div style=\"margin-top: 2.5vw;\"><a class=\"tt-btn-main-cta\" href=\"\/pt-br\/solicitud-orcamento\">SOLICITE UM OR\u00c7AMENTO GRATUITO<\/a><\/div>"},"text-1":{"type":"textarea","raw":"<h2 style=\"margin-top: -10px; padding-bottom:20px\">Compradores federais e sub-fornecedores<\/h2>\r\nGra\u00e7as ao nosso contrato GSA, a <em>Trusted Translations<\/em> oferece seus servi\u00e7os de tradu\u00e7\u00e3o e interpreta\u00e7\u00e3o de alta qualidade para ag\u00eancias governamentais com as tarifas pr\u00e9-negociadas mais competitivas do programa. Devido ao nosso comprometimento com tradu\u00e7\u00f5es e interpreta\u00e7\u00f5es do governo, tamb\u00e9m conquistamos um contrato de 5 anos com o Depto. de Educa\u00e7\u00e3o dos EUA, com a Biblioteca do Congresso dos EUA, com o Depto. de Agricultura dos EUA, com a Receita Federal (IRS), com a Marinha dos EUA e com os Servi\u00e7os de Cidadania e Imigra\u00e7\u00e3o dos EUA.\r\n<h2 style=\"padding-bottom: 20px\">Os melhores pre\u00e7os no Programa GSA<\/h2>\r\nPr\u00e9-negociamos alguns dos melhores pre\u00e7os no programa de ingl\u00eas de e para os seguintes idiomas amplamente difundidos: <a href=\"https:\/\/www.trustedtranslations.com\/pt-br\/idioma\/espanhol\" rel=\"noopener\">espanhol<\/a>, <a href=\"https:\/\/www.trustedtranslations.com\/pt-br\/idioma\/portugues\" rel=\"noopener\">portugu\u00eas<\/a>, <a href=\"https:\/\/www.trustedtranslations.com\/pt-br\/idioma\/frances\" rel=\"noopener\">franc\u00eas<\/a>, <a href=\"https:\/\/www.trustedtranslations.com\/pt-br\/idioma\/italiano\" rel=\"noopener\">italiano<\/a>, <a href=\"https:\/\/www.trustedtranslations.com\/pt-br\/idioma\/holandes\" rel=\"noopener\">holand\u00eas<\/a>, <a href=\"https:\/\/www.trustedtranslations.com\/pt-br\/idioma\/alemao\" rel=\"noopener\">alem\u00e3o<\/a>, <a href=\"https:\/\/www.trustedtranslations.com\/pt-br\/idioma\/russo\" rel=\"noopener\">russo<\/a>, <a href=\"https:\/\/www.trustedtranslations.com\/pt-br\/idioma\/japones\" rel=\"noopener\">japon\u00eas<\/a> e <a href=\"https:\/\/www.trustedtranslations.com\/pt-br\/idioma\/chines\" rel=\"noopener\">chin\u00eas<\/a>. Tamb\u00e9m fomos aprovados no \u00e2mbito do GSA para fornecer tradu\u00e7\u00f5es de e para outros idiomas importantes, como \u00e1rabe, crioulo haitiano, tcheco, dinamarqu\u00eas, finland\u00eas, grego, hebraico, hindi, h\u00fangaro, indon\u00e9sio, coreano, noruegu\u00eas, polon\u00eas, romeno, eslovaco, sueco, tailand\u00eas, ucraniano, urdu e vietnamita. Al\u00e9m disso, oferecemos mais de 150 idiomas adicionais e servi\u00e7os de editora\u00e7\u00e3o eletr\u00f4nica (DTP) a pre\u00e7os altamente competitivos.\r\n<h2 style=\"padding-bottom: 20px\">Hist\u00f3rico aprovado com o governo dos Estados Unidos<\/h2>\r\nA <em>Trusted Translations<\/em> tem um hist\u00f3rico aprovado de fornecimento de servi\u00e7os de tradu\u00e7\u00e3o de documentos de alta qualidade a ag\u00eancias do governo americano e a grandes fornecedores do governo.\r\n\r\nAlguns dos nossos clientes incluem:\r\n<ul>\r\n \t<li>Departamento de Agricultura dos EUA<\/li>\r\n \t<li>Administra\u00e7\u00e3o Nacional Espacial e Aeron\u00e1utica (NASA)<\/li>\r\n \t<li>Receita Federal (IRS)<\/li>\r\n \t<li>Departamento de Educa\u00e7\u00e3o dos EUA<\/li>\r\n \t<li>Ex\u00e9rcito dos EUA<\/li>\r\n \t<li>Corpo de Fuzileiros Navais dos EUA<\/li>\r\n \t<li>For\u00e7a A\u00e9rea dos EUA<\/li>\r\n \t<li>Servi\u00e7os de Cidadania e Imigra\u00e7\u00e3o dos EUA<\/li>\r\n \t<li>Ag\u00eancia Federal de Gest\u00e3o de Emerg\u00eancias (FEMA)<\/li>\r\n \t<li>Biblioteca do Congresso dos EUA<\/li>\r\n \t<li>Departamento de Habita\u00e7\u00e3o e Desenvolvimento Urbano dos EUA<\/li>\r\n \t<li>Lockheed Martin Corporation<\/li>\r\n \t<li>Halliburton<\/li>\r\n \t<li>L3 Communications Corporation<\/li>\r\n<\/ul>"},"shortcode-map":{"type":"textfield","raw":""},"dyk-shortcode":{"type":"textfield","raw":"[elementor-template id=\"147273\"]"},"text-2":{"type":"textarea","raw":"<h2 style=\"margin-top: -10px; padding-bottom:20px\">Programa 738 II Servi\u00e7os de Idiomas<\/h2>\r\nO Programa 738 II, dos Servi\u00e7os de Idiomas da GSA, fornece \u00e0s ag\u00eancias federais uma forma eficiente de adquirir servi\u00e7os do setor privado. Este ve\u00edculo de aquisi\u00e7\u00e3o do governo foi projetado para oferecer \u00e0s ag\u00eancias uma forma de adquirir servi\u00e7os com tempos mais curtos de execu\u00e7\u00e3o, custos gerais de administra\u00e7\u00e3o mais baixos e melhores pre\u00e7os devido a compras com volume possivelmente alto.\r\n<h2 style=\"padding-bottom: 20px\">Servi\u00e7os de Tradu\u00e7\u00e3o 382 1<\/h2>\r\nEste programa de servi\u00e7os inclui a tradu\u00e7\u00e3o de material escrito, eletr\u00f4nico e multim\u00eddia para e do ingl\u00eas e idiomas nativos estrangeiros. Estes materiais cobrem uma ampla gama de \u00e1reas e servi\u00e7os, incluindo comercial, jur\u00eddica, m\u00e9dica, t\u00e9cnica, software, localiza\u00e7\u00e3o de sites para internet e intranet, legendagem de v\u00eddeos, legendas e transcri\u00e7\u00f5es. Nossos servi\u00e7os de consulta do cliente e de gest\u00e3o de projetos incluem formata\u00e7\u00e3o da tradu\u00e7\u00e3o, revis\u00e3o, adapta\u00e7\u00e3o de textos, edi\u00e7\u00e3o, design gr\u00e1fico e editora\u00e7\u00e3o eletr\u00f4nica.\r\n<h2 style=\"padding-bottom: 20px\">Servi\u00e7os de Interpreta\u00e7\u00e3o 382 2<\/h2>\r\nEsse programa de servi\u00e7os, conforme definido pela GSA, inclui a interpreta\u00e7\u00e3o de comunica\u00e7\u00f5es orais para e do ingl\u00eas e idiomas nativos estrangeiros. Isso inclui, mas n\u00e3o se limita a, os seguintes tipos de servi\u00e7os de interpreta\u00e7\u00e3o: simult\u00e2nea, consecutiva, de acompanhamento, comunit\u00e1ria, telef\u00f4nica e de locu\u00e7\u00e3o. Locais\/f\u00f3runs para int\u00e9rpretes podem incluir reuni\u00f5es, confer\u00eancias, semin\u00e1rios, lit\u00edgio, instru\u00e7\u00f5es e sess\u00f5es de treinamento.\r\n\r\nEle inclui tamb\u00e9m consulta do cliente e servi\u00e7os de gest\u00e3o de projetos fornecidos para agendamento, atribui\u00e7\u00e3o e coordena\u00e7\u00e3o log\u00edstica de apoio lingu\u00edstico.\r\n<h2 style=\"padding-bottom: 20px\">Servi\u00e7os para portadores de defici\u00eancias visuais e auditivas 382 5<\/h2>\r\nA <em>Trusted Translations<\/em> est\u00e1 atualmente autorizada e aprovada pela GSA para fornecer, em conformidade com este SIN (N\u00famero de item especial), servi\u00e7os especificamente criados para ajudar os portadores de defici\u00eancias visuais e\/ou auditivas. Esses servi\u00e7os incluem os v\u00e1rios tipos de servi\u00e7os de linguagem de sinais, como a Linguagem Americana de Sinais (ALS), linguagem de sinais do ingl\u00eas e Ingl\u00eas Pidgin por Sinais (PSE). Al\u00e9m disso, a <em>Trusted Translations<\/em> \u00e9 uma das poucas prestadoras que pode fornecer int\u00e9rpretes \u201ctril\u00edngues\u201d (ex.: espanhol e\/ou ingl\u00eas para LAS).\r\n\r\nCom base na nossa compet\u00eancia nessa \u00e1rea, a <em>Trusted Translations<\/em> foi premiada com um dos maiores contratos de ASL\/linguagem de sinais com os Servi\u00e7os de Cidadania e Imigra\u00e7\u00e3o dos EUA, com a Marinha dos EUA e com a Receita Federal. Outros servi\u00e7os fornecidos em conformidade com este SIN incluem: legendas, tradu\u00e7\u00e3o de sites e documentos online com servi\u00e7os de tipografia, servi\u00e7os de idiomas em conformidade com a Se\u00e7\u00e3o 508, servi\u00e7os telef\u00f4nicos (TFF e TTY) e servi\u00e7os de Braille.\r\n\r\nPara saber mais sobre os servi\u00e7os da <em>Trusted Translations<\/em> dispon\u00edveis para contrata\u00e7\u00e3o com o governo federal, entre em <a href=\"https:\/\/www.trustedtranslations.com\/pt-br\/solicitud-orcamento\" rel=\"noopener\">contato conosco<\/a> hoje mesmo."},"state":{"type":"textfield","raw":""},"city":{"type":"textarea","raw":[]}}},"_links":{"self":[{"href":"https:\/\/www.trustedtranslations.com\/pt-br\/wp-json\/wp\/v2\/pages\/134950","targetHints":{"allow":["GET"]}}],"collection":[{"href":"https:\/\/www.trustedtranslations.com\/pt-br\/wp-json\/wp\/v2\/pages"}],"about":[{"href":"https:\/\/www.trustedtranslations.com\/pt-br\/wp-json\/wp\/v2\/types\/page"}],"author":[{"embeddable":true,"href":"https:\/\/www.trustedtranslations.com\/pt-br\/wp-json\/wp\/v2\/users\/1"}],"replies":[{"embeddable":true,"href":"https:\/\/www.trustedtranslations.com\/pt-br\/wp-json\/wp\/v2\/comments?post=134950"}],"version-history":[{"count":0,"href":"https:\/\/www.trustedtranslations.com\/pt-br\/wp-json\/wp\/v2\/pages\/134950\/revisions"}],"up":[{"embeddable":true,"href":"https:\/\/www.trustedtranslations.com\/pt-br\/wp-json\/wp\/v2\/pages\/135074"}],"wp:featuredmedia":[{"embeddable":true,"href":"https:\/\/www.trustedtranslations.com\/pt-br\/wp-json\/wp\/v2\/media\/139632"}],"wp:attachment":[{"href":"https:\/\/www.trustedtranslations.com\/pt-br\/wp-json\/wp\/v2\/media?parent=134950"}],"curies":[{"name":"wp","href":"https:\/\/api.w.org\/{rel}","templated":true}]}}