{"id":134951,"date":"2018-11-15T18:34:43","date_gmt":"2018-11-15T18:34:43","guid":{"rendered":"https:\/\/www.trustedtranslations.com\/?page_id=134951"},"modified":"2024-09-03T15:49:45","modified_gmt":"2024-09-03T18:49:45","slug":"governo","status":"publish","type":"page","link":"https:\/\/www.trustedtranslations.com\/pt-br\/setores\/governo","title":{"rendered":"Governo"},"content":{"rendered":"","protected":false},"excerpt":{"rendered":"","protected":false},"author":1,"featured_media":139632,"parent":135074,"menu_order":0,"comment_status":"closed","ping_status":"closed","template":"","meta":{"site-sidebar-layout":"default","site-content-layout":"default","ast-site-content-layout":"default","site-content-style":"default","site-sidebar-style":"default","ast-global-header-display":"","ast-banner-title-visibility":"","ast-main-header-display":"","ast-hfb-above-header-display":"","ast-hfb-below-header-display":"","ast-hfb-mobile-header-display":"","site-post-title":"disabled","ast-breadcrumbs-content":"","ast-featured-img":"","footer-sml-layout":"","ast-disable-related-posts":"","theme-transparent-header-meta":"default","adv-header-id-meta":"","stick-header-meta":"","header-above-stick-meta":"","header-main-stick-meta":"","header-below-stick-meta":"","astra-migrate-meta-layouts":"set","ast-page-background-enabled":"default","ast-page-background-meta":{"desktop":{"background-color":"var(--ast-global-color-4)","background-image":"","background-repeat":"repeat","background-position":"center center","background-size":"auto","background-attachment":"scroll","background-type":"","background-media":"","overlay-type":"","overlay-color":"","overlay-opacity":"","overlay-gradient":""},"tablet":{"background-color":"","background-image":"","background-repeat":"repeat","background-position":"center center","background-size":"auto","background-attachment":"scroll","background-type":"","background-media":"","overlay-type":"","overlay-color":"","overlay-opacity":"","overlay-gradient":""},"mobile":{"background-color":"","background-image":"","background-repeat":"repeat","background-position":"center center","background-size":"auto","background-attachment":"scroll","background-type":"","background-media":"","overlay-type":"","overlay-color":"","overlay-opacity":"","overlay-gradient":""}},"ast-content-background-meta":{"desktop":{"background-color":"var(--ast-global-color-5)","background-image":"","background-repeat":"repeat","background-position":"center center","background-size":"auto","background-attachment":"scroll","background-type":"","background-media":"","overlay-type":"","overlay-color":"","overlay-opacity":"","overlay-gradient":""},"tablet":{"background-color":"var(--ast-global-color-5)","background-image":"","background-repeat":"repeat","background-position":"center center","background-size":"auto","background-attachment":"scroll","background-type":"","background-media":"","overlay-type":"","overlay-color":"","overlay-opacity":"","overlay-gradient":""},"mobile":{"background-color":"var(--ast-global-color-5)","background-image":"","background-repeat":"repeat","background-position":"center center","background-size":"auto","background-attachment":"scroll","background-type":"","background-media":"","overlay-type":"","overlay-color":"","overlay-opacity":"","overlay-gradient":""}},"footnotes":""},"class_list":["post-134951","page","type-page","status-publish","has-post-thumbnail","hentry"],"yoast_head":"<!-- This site is optimized with the Yoast SEO plugin v27.3 - https:\/\/yoast.com\/product\/yoast-seo-wordpress\/ -->\n<title>Servi\u00e7os de tradu\u00e7\u00e3o para o governo - Trusted Translations, Inc.<\/title>\n<meta name=\"description\" content=\"A Trusted Translations, Inc. \u00e9 especializada em servi\u00e7os de tradu\u00e7\u00e3o para o governo, trabalhando com as principais ag\u00eancias federais, como a NASA, o Ex\u00e9rcito dos EUA, a FEMA e o Depto. de Seguran\u00e7a Interna, bem como governos estaduais e locais.\" \/>\n<meta name=\"robots\" content=\"index, follow, max-snippet:-1, max-image-preview:large, max-video-preview:-1\" \/>\n<link rel=\"canonical\" href=\"https:\/\/www.trustedtranslations.com\/pt-br\/setores\/governo\" \/>\n<meta property=\"og:locale\" content=\"pt_BR\" \/>\n<meta property=\"og:type\" content=\"article\" \/>\n<meta property=\"og:title\" content=\"Servi\u00e7os de tradu\u00e7\u00e3o para o governo - Trusted Translations, Inc.\" \/>\n<meta property=\"og:description\" content=\"A Trusted Translations, Inc. \u00e9 especializada em servi\u00e7os de tradu\u00e7\u00e3o para o governo, trabalhando com as principais ag\u00eancias federais, como a NASA, o Ex\u00e9rcito dos EUA, a FEMA e o Depto. de Seguran\u00e7a Interna, bem como governos estaduais e locais.\" \/>\n<meta property=\"og:url\" content=\"https:\/\/www.trustedtranslations.com\/pt-br\/setores\/governo\" \/>\n<meta property=\"og:site_name\" content=\"Trusted Translations, Inc.\" \/>\n<meta property=\"article:publisher\" content=\"https:\/\/www.facebook.com\/Trusted.Translations\" \/>\n<meta property=\"article:modified_time\" content=\"2024-09-03T18:49:45+00:00\" \/>\n<meta property=\"og:image\" content=\"https:\/\/static.trustedtranslations.com\/wp-content\/uploads\/2022\/03\/TT_NEW_FB-1.png\" \/>\n\t<meta property=\"og:image:width\" content=\"1038\" \/>\n\t<meta property=\"og:image:height\" content=\"1038\" \/>\n\t<meta property=\"og:image:type\" content=\"image\/png\" \/>\n<meta name=\"twitter:card\" content=\"summary_large_image\" \/>\n<meta name=\"twitter:site\" content=\"@TrustedT9ns\" \/>\n<script type=\"application\/ld+json\" class=\"yoast-schema-graph\">{\"@context\":\"https:\\\/\\\/schema.org\",\"@graph\":[{\"@type\":\"WebPage\",\"@id\":\"https:\\\/\\\/www.trustedtranslations.com\\\/pt-br\\\/setores\\\/governo\",\"url\":\"https:\\\/\\\/www.trustedtranslations.com\\\/pt-br\\\/setores\\\/governo\",\"name\":\"Servi\u00e7os de tradu\u00e7\u00e3o para o governo - Trusted Translations, Inc.\",\"isPartOf\":{\"@id\":\"https:\\\/\\\/www.trustedtranslations.com\\\/pt-br\\\/#website\"},\"primaryImageOfPage\":{\"@id\":\"https:\\\/\\\/www.trustedtranslations.com\\\/pt-br\\\/setores\\\/governo#primaryimage\"},\"image\":{\"@id\":\"https:\\\/\\\/www.trustedtranslations.com\\\/pt-br\\\/setores\\\/governo#primaryimage\"},\"thumbnailUrl\":\"https:\\\/\\\/www.trustedtranslations.com\\\/wp-content\\\/uploads\\\/2022\\\/03\\\/TT_NEW_FB-1.png\",\"description\":\"A Trusted Translations, Inc. \u00e9 especializada em servi\u00e7os de tradu\u00e7\u00e3o para o governo, trabalhando com as principais ag\u00eancias federais, como a NASA, o Ex\u00e9rcito dos EUA, a FEMA e o Depto. de Seguran\u00e7a Interna, bem como governos estaduais e locais.\",\"breadcrumb\":{\"@id\":\"https:\\\/\\\/www.trustedtranslations.com\\\/pt-br\\\/setores\\\/governo#breadcrumb\"},\"inLanguage\":\"pt-BR\",\"potentialAction\":[{\"@type\":\"ReadAction\",\"target\":[\"https:\\\/\\\/www.trustedtranslations.com\\\/pt-br\\\/setores\\\/governo\"]}]},{\"@type\":\"ImageObject\",\"inLanguage\":\"pt-BR\",\"@id\":\"https:\\\/\\\/www.trustedtranslations.com\\\/pt-br\\\/setores\\\/governo#primaryimage\",\"url\":\"https:\\\/\\\/www.trustedtranslations.com\\\/wp-content\\\/uploads\\\/2022\\\/03\\\/TT_NEW_FB-1.png\",\"contentUrl\":\"https:\\\/\\\/www.trustedtranslations.com\\\/wp-content\\\/uploads\\\/2022\\\/03\\\/TT_NEW_FB-1.png\",\"width\":1038,\"height\":1038,\"caption\":\"TT NEW FB 1\"},{\"@type\":\"BreadcrumbList\",\"@id\":\"https:\\\/\\\/www.trustedtranslations.com\\\/pt-br\\\/setores\\\/governo#breadcrumb\",\"itemListElement\":[{\"@type\":\"ListItem\",\"position\":1,\"name\":\"Home\",\"item\":\"https:\\\/\\\/www.trustedtranslations.com\\\/pt-br\"},{\"@type\":\"ListItem\",\"position\":2,\"name\":\"Experi\u00eancia no setor\",\"item\":\"https:\\\/\\\/www.trustedtranslations.com\\\/pt-br\\\/setores\"},{\"@type\":\"ListItem\",\"position\":3,\"name\":\"Governo\"}]},{\"@type\":\"WebSite\",\"@id\":\"https:\\\/\\\/www.trustedtranslations.com\\\/pt-br\\\/#website\",\"url\":\"https:\\\/\\\/www.trustedtranslations.com\\\/pt-br\\\/\",\"name\":\"Trusted Translations, Inc.\",\"description\":\"Leader in translation and interpretation services.\",\"publisher\":{\"@id\":\"https:\\\/\\\/www.trustedtranslations.com\\\/pt-br\\\/#organization\"},\"alternateName\":\"Trusted Translations\",\"potentialAction\":[{\"@type\":\"SearchAction\",\"target\":{\"@type\":\"EntryPoint\",\"urlTemplate\":\"https:\\\/\\\/www.trustedtranslations.com\\\/pt-br\\\/?s={search_term_string}\"},\"query-input\":{\"@type\":\"PropertyValueSpecification\",\"valueRequired\":true,\"valueName\":\"search_term_string\"}}],\"inLanguage\":\"pt-BR\"},{\"@type\":\"Organization\",\"@id\":\"https:\\\/\\\/www.trustedtranslations.com\\\/pt-br\\\/#organization\",\"name\":\"Trusted Translations\",\"alternateName\":\"Trusted Translations, Inc.\",\"url\":\"https:\\\/\\\/www.trustedtranslations.com\\\/pt-br\\\/\",\"logo\":{\"@type\":\"ImageObject\",\"inLanguage\":\"pt-BR\",\"@id\":\"https:\\\/\\\/www.trustedtranslations.com\\\/pt-br\\\/#\\\/schema\\\/logo\\\/image\\\/\",\"url\":\"https:\\\/\\\/static.trustedtranslations.com\\\/wp-content\\\/uploads\\\/2022\\\/01\\\/TT_logo_WSIColors-2.png\",\"contentUrl\":\"https:\\\/\\\/static.trustedtranslations.com\\\/wp-content\\\/uploads\\\/2022\\\/01\\\/TT_logo_WSIColors-2.png\",\"width\":500,\"height\":196,\"caption\":\"Trusted Translations\"},\"image\":{\"@id\":\"https:\\\/\\\/www.trustedtranslations.com\\\/pt-br\\\/#\\\/schema\\\/logo\\\/image\\\/\"},\"sameAs\":[\"https:\\\/\\\/www.facebook.com\\\/Trusted.Translations\",\"https:\\\/\\\/x.com\\\/TrustedT9ns\",\"https:\\\/\\\/www.linkedin.com\\\/company\\\/trusted-translations\"]}]}<\/script>\n<!-- \/ Yoast SEO plugin. -->","yoast_head_json":{"title":"Servi\u00e7os de tradu\u00e7\u00e3o para o governo - Trusted Translations, Inc.","description":"A Trusted Translations, Inc. \u00e9 especializada em servi\u00e7os de tradu\u00e7\u00e3o para o governo, trabalhando com as principais ag\u00eancias federais, como a NASA, o Ex\u00e9rcito dos EUA, a FEMA e o Depto. de Seguran\u00e7a Interna, bem como governos estaduais e locais.","robots":{"index":"index","follow":"follow","max-snippet":"max-snippet:-1","max-image-preview":"max-image-preview:large","max-video-preview":"max-video-preview:-1"},"canonical":"https:\/\/www.trustedtranslations.com\/pt-br\/setores\/governo","og_locale":"pt_BR","og_type":"article","og_title":"Servi\u00e7os de tradu\u00e7\u00e3o para o governo - Trusted Translations, Inc.","og_description":"A Trusted Translations, Inc. \u00e9 especializada em servi\u00e7os de tradu\u00e7\u00e3o para o governo, trabalhando com as principais ag\u00eancias federais, como a NASA, o Ex\u00e9rcito dos EUA, a FEMA e o Depto. de Seguran\u00e7a Interna, bem como governos estaduais e locais.","og_url":"https:\/\/www.trustedtranslations.com\/pt-br\/setores\/governo","og_site_name":"Trusted Translations, Inc.","article_publisher":"https:\/\/www.facebook.com\/Trusted.Translations","article_modified_time":"2024-09-03T18:49:45+00:00","og_image":[{"width":1038,"height":1038,"url":"https:\/\/static.trustedtranslations.com\/wp-content\/uploads\/2022\/03\/TT_NEW_FB-1.png","type":"image\/png"}],"twitter_card":"summary_large_image","twitter_site":"@TrustedT9ns","schema":{"@context":"https:\/\/schema.org","@graph":[{"@type":"WebPage","@id":"https:\/\/www.trustedtranslations.com\/pt-br\/setores\/governo","url":"https:\/\/www.trustedtranslations.com\/pt-br\/setores\/governo","name":"Servi\u00e7os de tradu\u00e7\u00e3o para o governo - Trusted Translations, Inc.","isPartOf":{"@id":"https:\/\/www.trustedtranslations.com\/pt-br\/#website"},"primaryImageOfPage":{"@id":"https:\/\/www.trustedtranslations.com\/pt-br\/setores\/governo#primaryimage"},"image":{"@id":"https:\/\/www.trustedtranslations.com\/pt-br\/setores\/governo#primaryimage"},"thumbnailUrl":"https:\/\/www.trustedtranslations.com\/wp-content\/uploads\/2022\/03\/TT_NEW_FB-1.png","description":"A Trusted Translations, Inc. \u00e9 especializada em servi\u00e7os de tradu\u00e7\u00e3o para o governo, trabalhando com as principais ag\u00eancias federais, como a NASA, o Ex\u00e9rcito dos EUA, a FEMA e o Depto. de Seguran\u00e7a Interna, bem como governos estaduais e locais.","breadcrumb":{"@id":"https:\/\/www.trustedtranslations.com\/pt-br\/setores\/governo#breadcrumb"},"inLanguage":"pt-BR","potentialAction":[{"@type":"ReadAction","target":["https:\/\/www.trustedtranslations.com\/pt-br\/setores\/governo"]}]},{"@type":"ImageObject","inLanguage":"pt-BR","@id":"https:\/\/www.trustedtranslations.com\/pt-br\/setores\/governo#primaryimage","url":"https:\/\/www.trustedtranslations.com\/wp-content\/uploads\/2022\/03\/TT_NEW_FB-1.png","contentUrl":"https:\/\/www.trustedtranslations.com\/wp-content\/uploads\/2022\/03\/TT_NEW_FB-1.png","width":1038,"height":1038,"caption":"TT NEW FB 1"},{"@type":"BreadcrumbList","@id":"https:\/\/www.trustedtranslations.com\/pt-br\/setores\/governo#breadcrumb","itemListElement":[{"@type":"ListItem","position":1,"name":"Home","item":"https:\/\/www.trustedtranslations.com\/pt-br"},{"@type":"ListItem","position":2,"name":"Experi\u00eancia no setor","item":"https:\/\/www.trustedtranslations.com\/pt-br\/setores"},{"@type":"ListItem","position":3,"name":"Governo"}]},{"@type":"WebSite","@id":"https:\/\/www.trustedtranslations.com\/pt-br\/#website","url":"https:\/\/www.trustedtranslations.com\/pt-br\/","name":"Trusted Translations, Inc.","description":"Leader in translation and interpretation services.","publisher":{"@id":"https:\/\/www.trustedtranslations.com\/pt-br\/#organization"},"alternateName":"Trusted Translations","potentialAction":[{"@type":"SearchAction","target":{"@type":"EntryPoint","urlTemplate":"https:\/\/www.trustedtranslations.com\/pt-br\/?s={search_term_string}"},"query-input":{"@type":"PropertyValueSpecification","valueRequired":true,"valueName":"search_term_string"}}],"inLanguage":"pt-BR"},{"@type":"Organization","@id":"https:\/\/www.trustedtranslations.com\/pt-br\/#organization","name":"Trusted Translations","alternateName":"Trusted Translations, Inc.","url":"https:\/\/www.trustedtranslations.com\/pt-br\/","logo":{"@type":"ImageObject","inLanguage":"pt-BR","@id":"https:\/\/www.trustedtranslations.com\/pt-br\/#\/schema\/logo\/image\/","url":"https:\/\/static.trustedtranslations.com\/wp-content\/uploads\/2022\/01\/TT_logo_WSIColors-2.png","contentUrl":"https:\/\/static.trustedtranslations.com\/wp-content\/uploads\/2022\/01\/TT_logo_WSIColors-2.png","width":500,"height":196,"caption":"Trusted Translations"},"image":{"@id":"https:\/\/www.trustedtranslations.com\/pt-br\/#\/schema\/logo\/image\/"},"sameAs":["https:\/\/www.facebook.com\/Trusted.Translations","https:\/\/x.com\/TrustedT9ns","https:\/\/www.linkedin.com\/company\/trusted-translations"]}]}},"toolset-meta":{"dyk":{"mensaje-1":{"type":"textfield","raw":"A Trusted Translations \u00e9 parceira de muitas organiza\u00e7\u00f5es do governo, incluindo a NASA e a FEMA."},"mensaje-2":{"type":"textfield","raw":""},"mensaje-3":{"type":"textfield","raw":""},"mensaje-4":{"type":"textfield","raw":"Servimos as principais ag\u00eancias do governo federal, proporcionando-lhes mais de 30% de economia."},"mensaje-5":{"type":"textfield","raw":""},"mensaje-6":{"type":"textfield","raw":""}},"single-page-template-fields":{"imgs-temp":{"type":"image","raw":["https:\/\/static.trustedtranslations.com\/wp-content\/uploads\/2024\/05\/language-final-14-1.webp","https:\/\/static.trustedtranslations.com\/wp-content\/uploads\/2024\/05\/language-final-15-1.webp","https:\/\/static.trustedtranslations.com\/wp-content\/uploads\/2024\/05\/language-final-16-1.webp","https:\/\/static.trustedtranslations.com\/wp-content\/uploads\/2024\/05\/language-final-17-1.webp"],"repeatable":[{"raw":"https:\/\/static.trustedtranslations.com\/wp-content\/uploads\/2024\/05\/language-final-14-1.webp"},{"raw":"https:\/\/static.trustedtranslations.com\/wp-content\/uploads\/2024\/05\/language-final-15-1.webp"},{"raw":"https:\/\/static.trustedtranslations.com\/wp-content\/uploads\/2024\/05\/language-final-16-1.webp"},{"raw":"https:\/\/static.trustedtranslations.com\/wp-content\/uploads\/2024\/05\/language-final-17-1.webp"}]},"imgs-temp-cel":{"type":"image","raw":[""],"repeatable":[{"raw":""}]},"img-temp-one-cel":{"type":"image","raw":"https:\/\/static.trustedtranslations.com\/wp-content\/uploads\/2024\/05\/AdobeStock_330542015-1-1.webp","attachment_id":null},"quotes":{"type":"textarea","raw":"<h1 style=\"margin-bottom: 12px;\">Servi\u00e7os de tradu\u00e7\u00e3o para o governo<\/h1>A Trusted Translations tem vasta experi\u00eancia em lidar com todas as facetas dos servi\u00e7os de tradu\u00e7\u00e3o para o governo, nos n\u00edveis local, estadual e federal. Tendo trabalhado com quase todos os setores do governo, estamos sintonizados com as necessidades e dificuldades espec\u00edficas das ag\u00eancias do governo. Trabalhamos com muitas ag\u00eancias importantes do governo, incluindo a Biblioteca do Congresso, o Ex\u00e9rcito dos EUA, o Corpo de Fuzileiros Navais dos EUA, o HUD, o CDC e a NASA, s\u00f3 para citar alguns.<div style=\"margin-top: 2.5vw;\"><a class=\"tt-btn-main-cta\" href=\"\/pt-br\/solicitud-orcamento\">SOLICITE UM OR\u00c7AMENTO GR\u00c1TISE<\/a><\/div>"},"text-1":{"type":"textarea","raw":"<h2 style=\"margin-bottom: 20px;\">Compromisso com a excel\u00eancia<\/h2>\r\nCom mais de 20 anos de experi\u00eancia trabalhando com ag\u00eancias governamentais federais, estaduais e municipais, entendemos as complexidades dos projetos de idiomas voltados especificamente para atender toda uma comunidade. Al\u00e9m disso, entendemos que os governos t\u00eam procedimentos e or\u00e7amentos r\u00edgidos que precisam ser cumpridos. Assim, nossas solu\u00e7\u00f5es s\u00e3o projetadas para atender aos objetivos or\u00e7ament\u00e1rios, atrav\u00e9s de solu\u00e7\u00f5es econ\u00f4micas, ao mesmo tempo em que fornecem tradu\u00e7\u00f5es precisas e adaptadas \u00e0 miss\u00e3o espec\u00edfica da ag\u00eancia.\r\n<h2 style=\"margin-bottom: 20px;\">Apresenta\u00e7\u00e3o<\/h2>\r\n<a href=\"\/wp-content\/uploads\/brochures\/capabilities-statement.pdf\"><button style=\"background-color: #016E31; border-radius: 3px; padding: 12px 32px 12px 32px; color: white; font-family: 'Lato', sans-serif; font-size: 15px;\">BAIXE NOSSA APRESENTA\u00c7\u00c3O<\/button><\/a>\r\n<div class=\"imgs-flex-template\">\r\n    <div>\r\n        <h2 style=\"margin-bottom: 20px;\">Formas de pagamento do governo<\/h2>\r\n        <p>Na <em><em><em>Trusted Translations<\/em><\/em><\/em>, estamos muito familiarizados com os diferentes protocolos de aquisi\u00e7\u00e3o e pagamento. Por isso, fizemos um esfor\u00e7o conjunto para aceitar todas as formas de pagamento para compras menores, incluindo todos os principais cart\u00f5es de cr\u00e9dito, assim como transfer\u00eancias eletr\u00f4nicas, transfer\u00eancias ACH e cheques. A maioria de nossos contratos com o governo se qualifica para descontos por pagamento antecipado e pre\u00e7os especiais. Nossa miss\u00e3o \u00e9 facilitar ao m\u00e1ximo para que voc\u00ea e sua organiza\u00e7\u00e3o governamental adquiram nossos servi\u00e7os de tradu\u00e7\u00e3o de alta qualidade.<\/p>\r\n    <\/div>\r\n    <img src=\"https:\/\/static.trustedtranslations.com\/wp-content\/uploads\/2022\/03\/AdobeStock_321830237.jpg\">\r\n<\/div>"},"shortcode-map":{"type":"textfield","raw":""},"dyk-shortcode":{"type":"textfield","raw":"[elementor-template id=\"147273\"]"},"text-2":{"type":"textarea","raw":"<div class=\"imgs-flex-template flex-text-2\" style=\"margin-top: -30px\">\r\n    <img src=\"https:\/\/static.trustedtranslations.com\/wp-content\/uploads\/2022\/03\/AdobeStock_13839532.jpg\">\r\n    <div class=\"p-img-width\">\r\n        <h2 style=\"margin-bottom: 20px;\">Tradu\u00e7\u00f5es para o governo federal<\/h2>\r\n        <p>Como um fornecedor autorizado e registrado para o governo dos EUA, dentro do Programa GSA por mais de uma d\u00e9cada, a <em><em><em>Trusted Translations<\/em><\/em><\/em> possui ampla experi\u00eancia na tradu\u00e7\u00e3o de documenta\u00e7\u00e3o federal referente a uma ampla variedade de assuntos. Desde especifica\u00e7\u00f5es de engenharia complexas a procedimentos de emerg\u00eancia encomendados, temos a capacidade comprovada de fornecer tradu\u00e7\u00f5es de alta qualidade ao governo federal. Al\u00e9m disso, como fornecedor de confian\u00e7a do governo dos EUA, agregamos valor a qualquer licita\u00e7\u00e3o ou contrato do governo como subempreiteiros v\u00e1lidos.<\/p>\r\n    <\/div>\r\n<\/div>\r\n<div class=\"imgs-flex-template\">\r\n    <div>\r\n        <h2 style=\"margin-bottom: 20px;\">Tradu\u00e7\u00f5es para o governo local e estadual<\/h2>\r\n        <p>Com uma popula\u00e7\u00e3o imigrante diversificada, distribu\u00edda pelos Estados Unidos, os governos estaduais e locais precisam traduzir documentos importantes para in\u00fameros idiomas, a fim de se comunicar de maneira eficaz com a sua comunidade. A <em><em><em>Trusted Translations<\/em><\/em><\/em> trabalha com ag\u00eancias espalhadas pelos Estados Unidos, incluindo estados com alta porcentagem de imigrantes, como Nova Iorque, Calif\u00f3rnia, Fl\u00f3rida, Virg\u00ednia e Texas. Como parte da Lei de Recupera\u00e7\u00e3o dos EUA, governos estaduais e locais tamb\u00e9m podem aproveitar o Programa de Idiomas GSA da <em><em><em>Trusted Translations<\/em><\/em><\/em>.<\/p>\r\n    <\/div>\r\n    <img src=\"https:\/\/static.trustedtranslations.com\/wp-content\/uploads\/2022\/03\/AdobeStock_221861480.jpg\">\r\n<\/div>\r\n<h2 style=\"margin-bottom: 20px;\">Empreiteiros governamentais<\/h2>\r\nSejam federais, estaduais ou locais, muitos contratos do governo s\u00e3o grandes projetos universais, envolvendo v\u00e1rios elementos e servi\u00e7os. A <em><em><em>Trusted Translations<\/em><\/em><\/em> vem sendo uma subempreiteira de valor para muitos e grandes projetos do governo. Estamos habituados a atender solicita\u00e7\u00f5es complicadas com prazos reduzidos, tudo isso com pre\u00e7os que lhe permitem cumprir as suas necessidades or\u00e7ament\u00e1rias. O nosso pre\u00e7o preferencial para projetos relacionados ao governo, associado aos nossos resultados de alta qualidade, faz de n\u00f3s parceiros ideais para qualquer contrato ou licita\u00e7\u00e3o governamental.\r\n\r\nA <em><em><em>Trusted Translations<\/em><\/em><\/em> adere aos mais altos padr\u00f5es de qualidade, excedendo aqueles definidos pela ISO 9001:2015. Voc\u00ea pode contar com a <em><em><em>Trusted Translations<\/em><\/em><\/em> para lhe fornecer tradu\u00e7\u00f5es para o governo confidenciais e precisas, a pre\u00e7os preferenciais. Ligue para a <em><em><em>Trusted Translations<\/em><\/em><\/em> hoje mesmo para ver como podemos ajud\u00e1-lo com as suas tradu\u00e7\u00f5es para o governo."},"state":{"type":"textfield","raw":""},"city":{"type":"textarea","raw":[]}}},"_links":{"self":[{"href":"https:\/\/www.trustedtranslations.com\/pt-br\/wp-json\/wp\/v2\/pages\/134951","targetHints":{"allow":["GET"]}}],"collection":[{"href":"https:\/\/www.trustedtranslations.com\/pt-br\/wp-json\/wp\/v2\/pages"}],"about":[{"href":"https:\/\/www.trustedtranslations.com\/pt-br\/wp-json\/wp\/v2\/types\/page"}],"author":[{"embeddable":true,"href":"https:\/\/www.trustedtranslations.com\/pt-br\/wp-json\/wp\/v2\/users\/1"}],"replies":[{"embeddable":true,"href":"https:\/\/www.trustedtranslations.com\/pt-br\/wp-json\/wp\/v2\/comments?post=134951"}],"version-history":[{"count":0,"href":"https:\/\/www.trustedtranslations.com\/pt-br\/wp-json\/wp\/v2\/pages\/134951\/revisions"}],"up":[{"embeddable":true,"href":"https:\/\/www.trustedtranslations.com\/pt-br\/wp-json\/wp\/v2\/pages\/135074"}],"wp:featuredmedia":[{"embeddable":true,"href":"https:\/\/www.trustedtranslations.com\/pt-br\/wp-json\/wp\/v2\/media\/139632"}],"wp:attachment":[{"href":"https:\/\/www.trustedtranslations.com\/pt-br\/wp-json\/wp\/v2\/media?parent=134951"}],"curies":[{"name":"wp","href":"https:\/\/api.w.org\/{rel}","templated":true}]}}