{"id":134967,"date":"2018-11-14T18:42:53","date_gmt":"2018-11-14T18:42:53","guid":{"rendered":"https:\/\/www.trustedtranslations.com\/?page_id=134967"},"modified":"2024-09-03T11:47:08","modified_gmt":"2024-09-03T14:47:08","slug":"custom-mt","status":"publish","type":"page","link":"https:\/\/www.trustedtranslations.com\/pt-br\/servicos\/automatica\/custom-mt","title":{"rendered":"Cria\u00e7\u00e3o de MT personalizada"},"content":{"rendered":"","protected":false},"excerpt":{"rendered":"","protected":false},"author":1,"featured_media":237572,"parent":134971,"menu_order":2,"comment_status":"closed","ping_status":"closed","template":"","meta":{"site-sidebar-layout":"default","site-content-layout":"default","ast-site-content-layout":"default","site-content-style":"default","site-sidebar-style":"default","ast-global-header-display":"","ast-banner-title-visibility":"","ast-main-header-display":"","ast-hfb-above-header-display":"","ast-hfb-below-header-display":"","ast-hfb-mobile-header-display":"","site-post-title":"disabled","ast-breadcrumbs-content":"","ast-featured-img":"","footer-sml-layout":"","theme-transparent-header-meta":"default","adv-header-id-meta":"","stick-header-meta":"","header-above-stick-meta":"","header-main-stick-meta":"","header-below-stick-meta":"","astra-migrate-meta-layouts":"set","ast-page-background-enabled":"default","ast-page-background-meta":{"desktop":{"background-color":"var(--ast-global-color-4)","background-image":"","background-repeat":"repeat","background-position":"center center","background-size":"auto","background-attachment":"scroll","background-type":"","background-media":"","overlay-type":"","overlay-color":"","overlay-opacity":"","overlay-gradient":""},"tablet":{"background-color":"","background-image":"","background-repeat":"repeat","background-position":"center center","background-size":"auto","background-attachment":"scroll","background-type":"","background-media":"","overlay-type":"","overlay-color":"","overlay-opacity":"","overlay-gradient":""},"mobile":{"background-color":"","background-image":"","background-repeat":"repeat","background-position":"center center","background-size":"auto","background-attachment":"scroll","background-type":"","background-media":"","overlay-type":"","overlay-color":"","overlay-opacity":"","overlay-gradient":""}},"ast-content-background-meta":{"desktop":{"background-color":"var(--ast-global-color-5)","background-image":"","background-repeat":"repeat","background-position":"center center","background-size":"auto","background-attachment":"scroll","background-type":"","background-media":"","overlay-type":"","overlay-color":"","overlay-opacity":"","overlay-gradient":""},"tablet":{"background-color":"var(--ast-global-color-5)","background-image":"","background-repeat":"repeat","background-position":"center center","background-size":"auto","background-attachment":"scroll","background-type":"","background-media":"","overlay-type":"","overlay-color":"","overlay-opacity":"","overlay-gradient":""},"mobile":{"background-color":"var(--ast-global-color-5)","background-image":"","background-repeat":"repeat","background-position":"center center","background-size":"auto","background-attachment":"scroll","background-type":"","background-media":"","overlay-type":"","overlay-color":"","overlay-opacity":"","overlay-gradient":""}},"footnotes":""},"class_list":["post-134967","page","type-page","status-publish","has-post-thumbnail","hentry"],"yoast_head":"<!-- This site is optimized with the Yoast SEO plugin v27.5 - https:\/\/yoast.com\/product\/yoast-seo-wordpress\/ -->\n<title>Processo de desenvolvimento de tradu\u00e7\u00e3o autom\u00e1tica personalizada: Trusted Translations<\/title>\n<meta name=\"description\" content=\"Para lan\u00e7ar um novo Motor de tradu\u00e7\u00e3o autom\u00e1tica personalizado, a Trusted Translations precisa de um treinamento e configura\u00e7\u00e3o iniciais para criar um novo motor de MT.\" \/>\n<meta name=\"robots\" content=\"index, follow, max-snippet:-1, max-image-preview:large, max-video-preview:-1\" \/>\n<link rel=\"canonical\" href=\"https:\/\/www.trustedtranslations.com\/pt-br\/servicos\/automatica\/custom-mt\" \/>\n<meta property=\"og:locale\" content=\"pt_BR\" \/>\n<meta property=\"og:type\" content=\"article\" \/>\n<meta property=\"og:title\" content=\"Processo de desenvolvimento de tradu\u00e7\u00e3o autom\u00e1tica personalizada: Trusted Translations\" \/>\n<meta property=\"og:description\" content=\"Para lan\u00e7ar um novo Motor de tradu\u00e7\u00e3o autom\u00e1tica personalizado, a Trusted Translations precisa de um treinamento e configura\u00e7\u00e3o iniciais para criar um novo motor de MT.\" \/>\n<meta property=\"og:url\" content=\"https:\/\/www.trustedtranslations.com\/pt-br\/servicos\/automatica\/custom-mt\" \/>\n<meta property=\"og:site_name\" content=\"Trusted Translations, Inc.\" \/>\n<meta property=\"article:publisher\" content=\"https:\/\/www.facebook.com\/Trusted.Translations\" \/>\n<meta property=\"article:modified_time\" content=\"2024-09-03T14:47:08+00:00\" \/>\n<meta property=\"og:image\" content=\"https:\/\/static.trustedtranslations.com\/wp-content\/uploads\/2024\/02\/Recurso-16.png\" \/>\n\t<meta property=\"og:image:width\" content=\"150\" \/>\n\t<meta property=\"og:image:height\" content=\"150\" \/>\n\t<meta property=\"og:image:type\" content=\"image\/png\" \/>\n<meta name=\"twitter:card\" content=\"summary_large_image\" \/>\n<meta name=\"twitter:site\" content=\"@TrustedT9ns\" \/>\n<script type=\"application\/ld+json\" class=\"yoast-schema-graph\">{\"@context\":\"https:\\\/\\\/schema.org\",\"@graph\":[{\"@type\":\"WebPage\",\"@id\":\"https:\\\/\\\/www.trustedtranslations.com\\\/pt-br\\\/servicos\\\/automatica\\\/custom-mt\",\"url\":\"https:\\\/\\\/www.trustedtranslations.com\\\/pt-br\\\/servicos\\\/automatica\\\/custom-mt\",\"name\":\"Processo de desenvolvimento de tradu\u00e7\u00e3o autom\u00e1tica personalizada: Trusted Translations\",\"isPartOf\":{\"@id\":\"https:\\\/\\\/www.trustedtranslations.com\\\/pt-br\\\/#website\"},\"primaryImageOfPage\":{\"@id\":\"https:\\\/\\\/www.trustedtranslations.com\\\/pt-br\\\/servicos\\\/automatica\\\/custom-mt#primaryimage\"},\"image\":{\"@id\":\"https:\\\/\\\/www.trustedtranslations.com\\\/pt-br\\\/servicos\\\/automatica\\\/custom-mt#primaryimage\"},\"thumbnailUrl\":\"https:\\\/\\\/www.trustedtranslations.com\\\/wp-content\\\/uploads\\\/2024\\\/02\\\/Recurso-16.png\",\"description\":\"Para lan\u00e7ar um novo Motor de tradu\u00e7\u00e3o autom\u00e1tica personalizado, a Trusted Translations precisa de um treinamento e configura\u00e7\u00e3o iniciais para criar um novo motor de MT.\",\"breadcrumb\":{\"@id\":\"https:\\\/\\\/www.trustedtranslations.com\\\/pt-br\\\/servicos\\\/automatica\\\/custom-mt#breadcrumb\"},\"inLanguage\":\"pt-BR\",\"potentialAction\":[{\"@type\":\"ReadAction\",\"target\":[\"https:\\\/\\\/www.trustedtranslations.com\\\/pt-br\\\/servicos\\\/automatica\\\/custom-mt\"]}]},{\"@type\":\"ImageObject\",\"inLanguage\":\"pt-BR\",\"@id\":\"https:\\\/\\\/www.trustedtranslations.com\\\/pt-br\\\/servicos\\\/automatica\\\/custom-mt#primaryimage\",\"url\":\"https:\\\/\\\/www.trustedtranslations.com\\\/wp-content\\\/uploads\\\/2024\\\/02\\\/Recurso-16.png\",\"contentUrl\":\"https:\\\/\\\/www.trustedtranslations.com\\\/wp-content\\\/uploads\\\/2024\\\/02\\\/Recurso-16.png\",\"width\":150,\"height\":150,\"caption\":\"Recurso 16\"},{\"@type\":\"BreadcrumbList\",\"@id\":\"https:\\\/\\\/www.trustedtranslations.com\\\/pt-br\\\/servicos\\\/automatica\\\/custom-mt#breadcrumb\",\"itemListElement\":[{\"@type\":\"ListItem\",\"position\":1,\"name\":\"Home\",\"item\":\"https:\\\/\\\/www.trustedtranslations.com\\\/pt-br\"},{\"@type\":\"ListItem\",\"position\":2,\"name\":\"Servi\u00e7os\",\"item\":\"https:\\\/\\\/www.trustedtranslations.com\\\/pt-br\\\/servicos\"},{\"@type\":\"ListItem\",\"position\":3,\"name\":\"Tradu\u00e7\u00e3o autom\u00e1tica\",\"item\":\"https:\\\/\\\/www.trustedtranslations.com\\\/pt-br\\\/servicos\\\/automatica\"},{\"@type\":\"ListItem\",\"position\":4,\"name\":\"Cria\u00e7\u00e3o de MT personalizada\"}]},{\"@type\":\"WebSite\",\"@id\":\"https:\\\/\\\/www.trustedtranslations.com\\\/pt-br\\\/#website\",\"url\":\"https:\\\/\\\/www.trustedtranslations.com\\\/pt-br\\\/\",\"name\":\"Trusted Translations, Inc.\",\"description\":\"Leader in translation and interpretation services.\",\"publisher\":{\"@id\":\"https:\\\/\\\/www.trustedtranslations.com\\\/pt-br\\\/#organization\"},\"alternateName\":\"Trusted Translations\",\"potentialAction\":[{\"@type\":\"SearchAction\",\"target\":{\"@type\":\"EntryPoint\",\"urlTemplate\":\"https:\\\/\\\/www.trustedtranslations.com\\\/pt-br\\\/?s={search_term_string}\"},\"query-input\":{\"@type\":\"PropertyValueSpecification\",\"valueRequired\":true,\"valueName\":\"search_term_string\"}}],\"inLanguage\":\"pt-BR\"},{\"@type\":\"Organization\",\"@id\":\"https:\\\/\\\/www.trustedtranslations.com\\\/pt-br\\\/#organization\",\"name\":\"Trusted Translations\",\"alternateName\":\"Trusted Translations, Inc.\",\"url\":\"https:\\\/\\\/www.trustedtranslations.com\\\/pt-br\\\/\",\"logo\":{\"@type\":\"ImageObject\",\"inLanguage\":\"pt-BR\",\"@id\":\"https:\\\/\\\/www.trustedtranslations.com\\\/pt-br\\\/#\\\/schema\\\/logo\\\/image\\\/\",\"url\":\"https:\\\/\\\/static.trustedtranslations.com\\\/wp-content\\\/uploads\\\/2022\\\/01\\\/TT_logo_WSIColors-2.png\",\"contentUrl\":\"https:\\\/\\\/static.trustedtranslations.com\\\/wp-content\\\/uploads\\\/2022\\\/01\\\/TT_logo_WSIColors-2.png\",\"width\":500,\"height\":196,\"caption\":\"Trusted Translations\"},\"image\":{\"@id\":\"https:\\\/\\\/www.trustedtranslations.com\\\/pt-br\\\/#\\\/schema\\\/logo\\\/image\\\/\"},\"sameAs\":[\"https:\\\/\\\/www.facebook.com\\\/Trusted.Translations\",\"https:\\\/\\\/x.com\\\/TrustedT9ns\",\"https:\\\/\\\/www.linkedin.com\\\/company\\\/trusted-translations\"]}]}<\/script>\n<!-- \/ Yoast SEO plugin. -->","yoast_head_json":{"title":"Processo de desenvolvimento de tradu\u00e7\u00e3o autom\u00e1tica personalizada: Trusted Translations","description":"Para lan\u00e7ar um novo Motor de tradu\u00e7\u00e3o autom\u00e1tica personalizado, a Trusted Translations precisa de um treinamento e configura\u00e7\u00e3o iniciais para criar um novo motor de MT.","robots":{"index":"index","follow":"follow","max-snippet":"max-snippet:-1","max-image-preview":"max-image-preview:large","max-video-preview":"max-video-preview:-1"},"canonical":"https:\/\/www.trustedtranslations.com\/pt-br\/servicos\/automatica\/custom-mt","og_locale":"pt_BR","og_type":"article","og_title":"Processo de desenvolvimento de tradu\u00e7\u00e3o autom\u00e1tica personalizada: Trusted Translations","og_description":"Para lan\u00e7ar um novo Motor de tradu\u00e7\u00e3o autom\u00e1tica personalizado, a Trusted Translations precisa de um treinamento e configura\u00e7\u00e3o iniciais para criar um novo motor de MT.","og_url":"https:\/\/www.trustedtranslations.com\/pt-br\/servicos\/automatica\/custom-mt","og_site_name":"Trusted Translations, Inc.","article_publisher":"https:\/\/www.facebook.com\/Trusted.Translations","article_modified_time":"2024-09-03T14:47:08+00:00","og_image":[{"width":150,"height":150,"url":"https:\/\/static.trustedtranslations.com\/wp-content\/uploads\/2024\/02\/Recurso-16.png","type":"image\/png"}],"twitter_card":"summary_large_image","twitter_site":"@TrustedT9ns","schema":{"@context":"https:\/\/schema.org","@graph":[{"@type":"WebPage","@id":"https:\/\/www.trustedtranslations.com\/pt-br\/servicos\/automatica\/custom-mt","url":"https:\/\/www.trustedtranslations.com\/pt-br\/servicos\/automatica\/custom-mt","name":"Processo de desenvolvimento de tradu\u00e7\u00e3o autom\u00e1tica personalizada: Trusted Translations","isPartOf":{"@id":"https:\/\/www.trustedtranslations.com\/pt-br\/#website"},"primaryImageOfPage":{"@id":"https:\/\/www.trustedtranslations.com\/pt-br\/servicos\/automatica\/custom-mt#primaryimage"},"image":{"@id":"https:\/\/www.trustedtranslations.com\/pt-br\/servicos\/automatica\/custom-mt#primaryimage"},"thumbnailUrl":"https:\/\/www.trustedtranslations.com\/wp-content\/uploads\/2024\/02\/Recurso-16.png","description":"Para lan\u00e7ar um novo Motor de tradu\u00e7\u00e3o autom\u00e1tica personalizado, a Trusted Translations precisa de um treinamento e configura\u00e7\u00e3o iniciais para criar um novo motor de MT.","breadcrumb":{"@id":"https:\/\/www.trustedtranslations.com\/pt-br\/servicos\/automatica\/custom-mt#breadcrumb"},"inLanguage":"pt-BR","potentialAction":[{"@type":"ReadAction","target":["https:\/\/www.trustedtranslations.com\/pt-br\/servicos\/automatica\/custom-mt"]}]},{"@type":"ImageObject","inLanguage":"pt-BR","@id":"https:\/\/www.trustedtranslations.com\/pt-br\/servicos\/automatica\/custom-mt#primaryimage","url":"https:\/\/www.trustedtranslations.com\/wp-content\/uploads\/2024\/02\/Recurso-16.png","contentUrl":"https:\/\/www.trustedtranslations.com\/wp-content\/uploads\/2024\/02\/Recurso-16.png","width":150,"height":150,"caption":"Recurso 16"},{"@type":"BreadcrumbList","@id":"https:\/\/www.trustedtranslations.com\/pt-br\/servicos\/automatica\/custom-mt#breadcrumb","itemListElement":[{"@type":"ListItem","position":1,"name":"Home","item":"https:\/\/www.trustedtranslations.com\/pt-br"},{"@type":"ListItem","position":2,"name":"Servi\u00e7os","item":"https:\/\/www.trustedtranslations.com\/pt-br\/servicos"},{"@type":"ListItem","position":3,"name":"Tradu\u00e7\u00e3o autom\u00e1tica","item":"https:\/\/www.trustedtranslations.com\/pt-br\/servicos\/automatica"},{"@type":"ListItem","position":4,"name":"Cria\u00e7\u00e3o de MT personalizada"}]},{"@type":"WebSite","@id":"https:\/\/www.trustedtranslations.com\/pt-br\/#website","url":"https:\/\/www.trustedtranslations.com\/pt-br\/","name":"Trusted Translations, Inc.","description":"Leader in translation and interpretation services.","publisher":{"@id":"https:\/\/www.trustedtranslations.com\/pt-br\/#organization"},"alternateName":"Trusted Translations","potentialAction":[{"@type":"SearchAction","target":{"@type":"EntryPoint","urlTemplate":"https:\/\/www.trustedtranslations.com\/pt-br\/?s={search_term_string}"},"query-input":{"@type":"PropertyValueSpecification","valueRequired":true,"valueName":"search_term_string"}}],"inLanguage":"pt-BR"},{"@type":"Organization","@id":"https:\/\/www.trustedtranslations.com\/pt-br\/#organization","name":"Trusted Translations","alternateName":"Trusted Translations, Inc.","url":"https:\/\/www.trustedtranslations.com\/pt-br\/","logo":{"@type":"ImageObject","inLanguage":"pt-BR","@id":"https:\/\/www.trustedtranslations.com\/pt-br\/#\/schema\/logo\/image\/","url":"https:\/\/static.trustedtranslations.com\/wp-content\/uploads\/2022\/01\/TT_logo_WSIColors-2.png","contentUrl":"https:\/\/static.trustedtranslations.com\/wp-content\/uploads\/2022\/01\/TT_logo_WSIColors-2.png","width":500,"height":196,"caption":"Trusted Translations"},"image":{"@id":"https:\/\/www.trustedtranslations.com\/pt-br\/#\/schema\/logo\/image\/"},"sameAs":["https:\/\/www.facebook.com\/Trusted.Translations","https:\/\/x.com\/TrustedT9ns","https:\/\/www.linkedin.com\/company\/trusted-translations"]}]}},"toolset-meta":{"dyk":{"mensaje-1":{"type":"textfield","raw":"Nosso processo CNMT pode ser integrado diretamente ao seu sistema de gest\u00e3o de conte\u00fado."},"mensaje-2":{"type":"textfield","raw":"A <em>Trusted Translations<\/em> oferece consultoria de TI gratuita para determinar se a CNMT \u00e9 adequada para voc\u00ea."},"mensaje-3":{"type":"textfield","raw":"A personaliza\u00e7\u00e3o ajuda a garantir que as tradu\u00e7\u00f5es correspondam ao setor, ao tom e \u00e0 terminologia da sua empresa."},"mensaje-4":{"type":"textfield","raw":"As solu\u00e7\u00f5es CNMTE da Trusted Translations garantem o mais alto n\u00edvel de seguran\u00e7a para seus projetos."},"mensaje-5":{"type":"textfield","raw":""},"mensaje-6":{"type":"textfield","raw":""}},"single-page-template-fields":{"imgs-temp":{"type":"image","raw":["https:\/\/static.trustedtranslations.com\/wp-content\/uploads\/2024\/07\/machine-ok-3-1-1.webp","https:\/\/static.trustedtranslations.com\/wp-content\/uploads\/2024\/07\/machine-ok-1.webp","https:\/\/static.trustedtranslations.com\/wp-content\/uploads\/2024\/07\/machine-ok-2-1-1.webp"],"repeatable":[{"raw":"https:\/\/static.trustedtranslations.com\/wp-content\/uploads\/2024\/07\/machine-ok-3-1-1.webp"},{"raw":"https:\/\/static.trustedtranslations.com\/wp-content\/uploads\/2024\/07\/machine-ok-1.webp"},{"raw":"https:\/\/static.trustedtranslations.com\/wp-content\/uploads\/2024\/07\/machine-ok-2-1-1.webp"}]},"imgs-temp-cel":{"type":"image","raw":[""],"repeatable":[{"raw":""}]},"img-temp-one-cel":{"type":"image","raw":"https:\/\/static.trustedtranslations.com\/wp-content\/uploads\/2024\/07\/AdobeStock_445707123-2-1.webp","attachment_id":null},"quotes":{"type":"textarea","raw":"<h1 style=\"margin-bottom: 12px;\">Processo de desenvolvimento de tradu\u00e7\u00e3o autom\u00e1tica neural personalizada<\/h1>\r\nCada ambiente \u00e9 diferente. Nosso primeiro passo \u00e9 entender o conte\u00fado e os objetivos do cliente. Quais s\u00e3o as necessidades espec\u00edficas de seu conte\u00fado? Que tipo de fluxo de trabalho \u00e9 bom para seu conte\u00fado e sua organiza\u00e7\u00e3o? Voc\u00ea tem alguma exig\u00eancia de seguran\u00e7a e\/ou de TI que precisamos levar em considera\u00e7\u00e3o? As respostas a esses tipos de perguntas ajudar\u00e3o a definir n\u00e3o apenas a tecnologia apropriada a ser empregada, mas tamb\u00e9m o processo pertinente e os crit\u00e9rios de sucesso para o projeto.\r\n<div style=\"margin-top: 2.5vw;\"><a class=\"tt-btn-main-cta\" href=\"\/pt-br\/solicitud-orcamento\">SOLICITE UM OR\u00c7AMENTO GR\u00c1TIS<\/a><\/div>"},"text-1":{"type":"textarea","raw":"<h2>Sele\u00e7\u00e3o de um motor inicial<\/h2>\r\nO motor inicial \u00e9 a base sobre a qual construiremos o projeto. Existem v\u00e1rias op\u00e7\u00f5es no mercado, como Google, Microsoft, Amazon e at\u00e9 mesmo Apple, al\u00e9m de outros players menores do setor, mas eficazes. Trabalhamos com o cliente para determinar qual motor \u00e9 mais adequado \u00e0s suas necessidades. Para isso, oferecemos uma API m\u00faltipla, bem como um sistema de testagem automatizado, que nos permitir\u00e1 selecionar o motor correto para seu conte\u00fado, dependendo de suas necessidades.\r\n<h2>Sele\u00e7\u00e3o de dados e prepara\u00e7\u00e3o do <i>corpus<\/i><\/h2>\r\nO ponto de partida ideal para qualquer motor de tradu\u00e7\u00e3o autom\u00e1tica neural personalizado (CNMTE) \u00e9 encontrar e utilizar materiais previamente traduzidos, que envolvam conte\u00fado que seja o mais semelhante poss\u00edvel ao que se deseja traduzir. Quanto mais material previamente traduzido \u00e0 disposi\u00e7\u00e3o, mais barato e mais r\u00e1pido ser\u00e1 o processo. Se o texto original e a tradu\u00e7\u00e3o n\u00e3o estiverem associados como unidades de mem\u00f3ria de tradu\u00e7\u00e3o, um alinhamento poder\u00e1 ser realizado para se obter o conte\u00fado bil\u00edngue necess\u00e1rio para aumentar o desempenho do motor.\r\n\r\n<strong>Pr\u00f3xima etapa: conte\u00fado monol\u00edngue (tradu\u00e7\u00e3o)<\/strong>\r\nSe houver quantidades suficientes de conte\u00fado de refer\u00eancia de tradu\u00e7\u00e3o, \u00e9 poss\u00edvel aproveitar tanto o estilo quanto a terminologia, adicionando-os \u00e0 mistura.\r\n<strong>\u00daltima etapa: <i>corpus <\/i>especializado de fontes adicionais<\/strong>\r\nPesquisaremos na web materiais que estejam o m\u00e1ximo poss\u00edvel alinhados com o conte\u00fado que ser\u00e1 executado no motor. Tempo investido na busca dos <i>corpora<\/i> de melhor qualidade sempre vale a pena. O mesmo se aplica a dados bil\u00edngues que podem ser obtidos em mercados de dados."},"shortcode-map":{"type":"textfield","raw":""},"dyk-shortcode":{"type":"textfield","raw":"[elementor-template id=\"147273\"]"},"text-2":{"type":"textarea","raw":"<h2>Reciclagem: novos CNMTE ficam melhores com p\u00f3s-edi\u00e7\u00e3o humana<\/h2>\r\nUma configura\u00e7\u00e3o comum \u00e9 integrar a p\u00f3s-edi\u00e7\u00e3o humana ao processo para melhorar os resultados. Sob este fluxo de trabalho, o resultado do motor de tradu\u00e7\u00e3o autom\u00e1tica neural personalizado \u00e9 editado por nossos linguistas especializados para melhorar sua qualidade e reciclar o motor para tradu\u00e7\u00f5es futuras. \u00c0 medida que o revisor modifica o resultado, o motor se torna mais inteligente, usando um modelo din\u00e2mico adaptativo. Al\u00e9m disso, \u00e0 medida que mais tradu\u00e7\u00f5es fluem pelo motor, ele fica cada vez mais inteligente com o passar do tempo. Em outras palavras, a diferen\u00e7a de qualidade entre uma tradu\u00e7\u00e3o completamente humana e esta solu\u00e7\u00e3o diminui drasticamente, enquanto o tempo de entrega e os custos s\u00e3o significativamente reduzidos. Na nossa opini\u00e3o, esses motores se tornar\u00e3o um ativo e um diferencial de mercado para qualquer cliente com necessidades recorrentes."},"state":{"type":"textfield","raw":""},"city":{"type":"textarea","raw":[]}}},"_links":{"self":[{"href":"https:\/\/www.trustedtranslations.com\/pt-br\/wp-json\/wp\/v2\/pages\/134967","targetHints":{"allow":["GET"]}}],"collection":[{"href":"https:\/\/www.trustedtranslations.com\/pt-br\/wp-json\/wp\/v2\/pages"}],"about":[{"href":"https:\/\/www.trustedtranslations.com\/pt-br\/wp-json\/wp\/v2\/types\/page"}],"author":[{"embeddable":true,"href":"https:\/\/www.trustedtranslations.com\/pt-br\/wp-json\/wp\/v2\/users\/1"}],"replies":[{"embeddable":true,"href":"https:\/\/www.trustedtranslations.com\/pt-br\/wp-json\/wp\/v2\/comments?post=134967"}],"version-history":[{"count":0,"href":"https:\/\/www.trustedtranslations.com\/pt-br\/wp-json\/wp\/v2\/pages\/134967\/revisions"}],"up":[{"embeddable":true,"href":"https:\/\/www.trustedtranslations.com\/pt-br\/wp-json\/wp\/v2\/pages\/134971"}],"wp:featuredmedia":[{"embeddable":true,"href":"https:\/\/www.trustedtranslations.com\/pt-br\/wp-json\/wp\/v2\/media\/237572"}],"wp:attachment":[{"href":"https:\/\/www.trustedtranslations.com\/pt-br\/wp-json\/wp\/v2\/media?parent=134967"}],"curies":[{"name":"wp","href":"https:\/\/api.w.org\/{rel}","templated":true}]}}