{"id":134970,"date":"2018-11-14T18:09:03","date_gmt":"2018-11-14T18:09:03","guid":{"rendered":"https:\/\/www.trustedtranslations.com\/?page_id=134970"},"modified":"2024-09-04T17:59:35","modified_gmt":"2024-09-04T20:59:35","slug":"motores-mt-personalizados","status":"publish","type":"page","link":"https:\/\/www.trustedtranslations.com\/pt-br\/servicos\/automatica\/motores-mt-personalizados","title":{"rendered":"Motores de MT personalizados"},"content":{"rendered":"","protected":false},"excerpt":{"rendered":"","protected":false},"author":1,"featured_media":248027,"parent":134971,"menu_order":1,"comment_status":"closed","ping_status":"closed","template":"","meta":{"site-sidebar-layout":"default","site-content-layout":"default","ast-site-content-layout":"default","site-content-style":"default","site-sidebar-style":"default","ast-global-header-display":"","ast-banner-title-visibility":"","ast-main-header-display":"","ast-hfb-above-header-display":"","ast-hfb-below-header-display":"","ast-hfb-mobile-header-display":"","site-post-title":"disabled","ast-breadcrumbs-content":"","ast-featured-img":"","footer-sml-layout":"","theme-transparent-header-meta":"default","adv-header-id-meta":"","stick-header-meta":"","header-above-stick-meta":"","header-main-stick-meta":"","header-below-stick-meta":"","astra-migrate-meta-layouts":"set","ast-page-background-enabled":"default","ast-page-background-meta":{"desktop":{"background-color":"var(--ast-global-color-4)","background-image":"","background-repeat":"repeat","background-position":"center center","background-size":"auto","background-attachment":"scroll","background-type":"","background-media":"","overlay-type":"","overlay-color":"","overlay-opacity":"","overlay-gradient":""},"tablet":{"background-color":"","background-image":"","background-repeat":"repeat","background-position":"center center","background-size":"auto","background-attachment":"scroll","background-type":"","background-media":"","overlay-type":"","overlay-color":"","overlay-opacity":"","overlay-gradient":""},"mobile":{"background-color":"","background-image":"","background-repeat":"repeat","background-position":"center center","background-size":"auto","background-attachment":"scroll","background-type":"","background-media":"","overlay-type":"","overlay-color":"","overlay-opacity":"","overlay-gradient":""}},"ast-content-background-meta":{"desktop":{"background-color":"var(--ast-global-color-5)","background-image":"","background-repeat":"repeat","background-position":"center center","background-size":"auto","background-attachment":"scroll","background-type":"","background-media":"","overlay-type":"","overlay-color":"","overlay-opacity":"","overlay-gradient":""},"tablet":{"background-color":"var(--ast-global-color-5)","background-image":"","background-repeat":"repeat","background-position":"center center","background-size":"auto","background-attachment":"scroll","background-type":"","background-media":"","overlay-type":"","overlay-color":"","overlay-opacity":"","overlay-gradient":""},"mobile":{"background-color":"var(--ast-global-color-5)","background-image":"","background-repeat":"repeat","background-position":"center center","background-size":"auto","background-attachment":"scroll","background-type":"","background-media":"","overlay-type":"","overlay-color":"","overlay-opacity":"","overlay-gradient":""}},"footnotes":""},"class_list":["post-134970","page","type-page","status-publish","has-post-thumbnail","hentry"],"yoast_head":"<!-- This site is optimized with the Yoast SEO plugin v27.5 - https:\/\/yoast.com\/product\/yoast-seo-wordpress\/ -->\n<title>Motores de tradu\u00e7\u00e3o autom\u00e1tica personalizados: Trusted Translations<\/title>\n<meta name=\"description\" content=\"A Trusted Translations \u00e9 l\u00edder global na implementa\u00e7\u00e3o de Motores de tradu\u00e7\u00e3o autom\u00e1tica personalizados (CMTE) para produzir tradu\u00e7\u00f5es de alta qualidade.\" \/>\n<meta name=\"robots\" content=\"index, follow, max-snippet:-1, max-image-preview:large, max-video-preview:-1\" \/>\n<link rel=\"canonical\" href=\"https:\/\/www.trustedtranslations.com\/pt-br\/servicos\/automatica\/motores-mt-personalizados\" \/>\n<meta property=\"og:locale\" content=\"pt_BR\" \/>\n<meta property=\"og:type\" content=\"article\" \/>\n<meta property=\"og:title\" content=\"Motores de tradu\u00e7\u00e3o autom\u00e1tica personalizados: Trusted Translations\" \/>\n<meta property=\"og:description\" content=\"A Trusted Translations \u00e9 l\u00edder global na implementa\u00e7\u00e3o de Motores de tradu\u00e7\u00e3o autom\u00e1tica personalizados (CMTE) para produzir tradu\u00e7\u00f5es de alta qualidade.\" \/>\n<meta property=\"og:url\" content=\"https:\/\/www.trustedtranslations.com\/pt-br\/servicos\/automatica\/motores-mt-personalizados\" \/>\n<meta property=\"og:site_name\" content=\"Trusted Translations, Inc.\" \/>\n<meta property=\"article:publisher\" content=\"https:\/\/www.facebook.com\/Trusted.Translations\" \/>\n<meta property=\"article:modified_time\" content=\"2024-09-04T20:59:35+00:00\" \/>\n<meta property=\"og:image\" content=\"https:\/\/static.trustedtranslations.com\/wp-content\/uploads\/2024\/02\/Recurso-15-1.png\" \/>\n\t<meta property=\"og:image:width\" content=\"150\" \/>\n\t<meta property=\"og:image:height\" content=\"150\" \/>\n\t<meta property=\"og:image:type\" content=\"image\/png\" \/>\n<meta name=\"twitter:card\" content=\"summary_large_image\" \/>\n<meta name=\"twitter:site\" content=\"@TrustedT9ns\" \/>\n<script type=\"application\/ld+json\" class=\"yoast-schema-graph\">{\"@context\":\"https:\\\/\\\/schema.org\",\"@graph\":[{\"@type\":\"WebPage\",\"@id\":\"https:\\\/\\\/www.trustedtranslations.com\\\/pt-br\\\/servicos\\\/automatica\\\/motores-mt-personalizados\",\"url\":\"https:\\\/\\\/www.trustedtranslations.com\\\/pt-br\\\/servicos\\\/automatica\\\/motores-mt-personalizados\",\"name\":\"Motores de tradu\u00e7\u00e3o autom\u00e1tica personalizados: Trusted Translations\",\"isPartOf\":{\"@id\":\"https:\\\/\\\/www.trustedtranslations.com\\\/pt-br\\\/#website\"},\"primaryImageOfPage\":{\"@id\":\"https:\\\/\\\/www.trustedtranslations.com\\\/pt-br\\\/servicos\\\/automatica\\\/motores-mt-personalizados#primaryimage\"},\"image\":{\"@id\":\"https:\\\/\\\/www.trustedtranslations.com\\\/pt-br\\\/servicos\\\/automatica\\\/motores-mt-personalizados#primaryimage\"},\"thumbnailUrl\":\"https:\\\/\\\/www.trustedtranslations.com\\\/wp-content\\\/uploads\\\/2024\\\/02\\\/Recurso-15-1.png\",\"description\":\"A Trusted Translations \u00e9 l\u00edder global na implementa\u00e7\u00e3o de Motores de tradu\u00e7\u00e3o autom\u00e1tica personalizados (CMTE) para produzir tradu\u00e7\u00f5es de alta qualidade.\",\"breadcrumb\":{\"@id\":\"https:\\\/\\\/www.trustedtranslations.com\\\/pt-br\\\/servicos\\\/automatica\\\/motores-mt-personalizados#breadcrumb\"},\"inLanguage\":\"pt-BR\",\"potentialAction\":[{\"@type\":\"ReadAction\",\"target\":[\"https:\\\/\\\/www.trustedtranslations.com\\\/pt-br\\\/servicos\\\/automatica\\\/motores-mt-personalizados\"]}]},{\"@type\":\"ImageObject\",\"inLanguage\":\"pt-BR\",\"@id\":\"https:\\\/\\\/www.trustedtranslations.com\\\/pt-br\\\/servicos\\\/automatica\\\/motores-mt-personalizados#primaryimage\",\"url\":\"https:\\\/\\\/www.trustedtranslations.com\\\/wp-content\\\/uploads\\\/2024\\\/02\\\/Recurso-15-1.png\",\"contentUrl\":\"https:\\\/\\\/www.trustedtranslations.com\\\/wp-content\\\/uploads\\\/2024\\\/02\\\/Recurso-15-1.png\",\"width\":150,\"height\":150,\"caption\":\"Recurso 15 1\"},{\"@type\":\"BreadcrumbList\",\"@id\":\"https:\\\/\\\/www.trustedtranslations.com\\\/pt-br\\\/servicos\\\/automatica\\\/motores-mt-personalizados#breadcrumb\",\"itemListElement\":[{\"@type\":\"ListItem\",\"position\":1,\"name\":\"Home\",\"item\":\"https:\\\/\\\/www.trustedtranslations.com\\\/pt-br\"},{\"@type\":\"ListItem\",\"position\":2,\"name\":\"Servi\u00e7os\",\"item\":\"https:\\\/\\\/www.trustedtranslations.com\\\/pt-br\\\/servicos\"},{\"@type\":\"ListItem\",\"position\":3,\"name\":\"Tradu\u00e7\u00e3o autom\u00e1tica\",\"item\":\"https:\\\/\\\/www.trustedtranslations.com\\\/pt-br\\\/servicos\\\/automatica\"},{\"@type\":\"ListItem\",\"position\":4,\"name\":\"Motores de MT personalizados\"}]},{\"@type\":\"WebSite\",\"@id\":\"https:\\\/\\\/www.trustedtranslations.com\\\/pt-br\\\/#website\",\"url\":\"https:\\\/\\\/www.trustedtranslations.com\\\/pt-br\\\/\",\"name\":\"Trusted Translations, Inc.\",\"description\":\"Leader in translation and interpretation services.\",\"publisher\":{\"@id\":\"https:\\\/\\\/www.trustedtranslations.com\\\/pt-br\\\/#organization\"},\"alternateName\":\"Trusted Translations\",\"potentialAction\":[{\"@type\":\"SearchAction\",\"target\":{\"@type\":\"EntryPoint\",\"urlTemplate\":\"https:\\\/\\\/www.trustedtranslations.com\\\/pt-br\\\/?s={search_term_string}\"},\"query-input\":{\"@type\":\"PropertyValueSpecification\",\"valueRequired\":true,\"valueName\":\"search_term_string\"}}],\"inLanguage\":\"pt-BR\"},{\"@type\":\"Organization\",\"@id\":\"https:\\\/\\\/www.trustedtranslations.com\\\/pt-br\\\/#organization\",\"name\":\"Trusted Translations\",\"alternateName\":\"Trusted Translations, Inc.\",\"url\":\"https:\\\/\\\/www.trustedtranslations.com\\\/pt-br\\\/\",\"logo\":{\"@type\":\"ImageObject\",\"inLanguage\":\"pt-BR\",\"@id\":\"https:\\\/\\\/www.trustedtranslations.com\\\/pt-br\\\/#\\\/schema\\\/logo\\\/image\\\/\",\"url\":\"https:\\\/\\\/static.trustedtranslations.com\\\/wp-content\\\/uploads\\\/2022\\\/01\\\/TT_logo_WSIColors-2.png\",\"contentUrl\":\"https:\\\/\\\/static.trustedtranslations.com\\\/wp-content\\\/uploads\\\/2022\\\/01\\\/TT_logo_WSIColors-2.png\",\"width\":500,\"height\":196,\"caption\":\"Trusted Translations\"},\"image\":{\"@id\":\"https:\\\/\\\/www.trustedtranslations.com\\\/pt-br\\\/#\\\/schema\\\/logo\\\/image\\\/\"},\"sameAs\":[\"https:\\\/\\\/www.facebook.com\\\/Trusted.Translations\",\"https:\\\/\\\/x.com\\\/TrustedT9ns\",\"https:\\\/\\\/www.linkedin.com\\\/company\\\/trusted-translations\"]}]}<\/script>\n<!-- \/ Yoast SEO plugin. -->","yoast_head_json":{"title":"Motores de tradu\u00e7\u00e3o autom\u00e1tica personalizados: Trusted Translations","description":"A Trusted Translations \u00e9 l\u00edder global na implementa\u00e7\u00e3o de Motores de tradu\u00e7\u00e3o autom\u00e1tica personalizados (CMTE) para produzir tradu\u00e7\u00f5es de alta qualidade.","robots":{"index":"index","follow":"follow","max-snippet":"max-snippet:-1","max-image-preview":"max-image-preview:large","max-video-preview":"max-video-preview:-1"},"canonical":"https:\/\/www.trustedtranslations.com\/pt-br\/servicos\/automatica\/motores-mt-personalizados","og_locale":"pt_BR","og_type":"article","og_title":"Motores de tradu\u00e7\u00e3o autom\u00e1tica personalizados: Trusted Translations","og_description":"A Trusted Translations \u00e9 l\u00edder global na implementa\u00e7\u00e3o de Motores de tradu\u00e7\u00e3o autom\u00e1tica personalizados (CMTE) para produzir tradu\u00e7\u00f5es de alta qualidade.","og_url":"https:\/\/www.trustedtranslations.com\/pt-br\/servicos\/automatica\/motores-mt-personalizados","og_site_name":"Trusted Translations, Inc.","article_publisher":"https:\/\/www.facebook.com\/Trusted.Translations","article_modified_time":"2024-09-04T20:59:35+00:00","og_image":[{"width":150,"height":150,"url":"https:\/\/static.trustedtranslations.com\/wp-content\/uploads\/2024\/02\/Recurso-15-1.png","type":"image\/png"}],"twitter_card":"summary_large_image","twitter_site":"@TrustedT9ns","schema":{"@context":"https:\/\/schema.org","@graph":[{"@type":"WebPage","@id":"https:\/\/www.trustedtranslations.com\/pt-br\/servicos\/automatica\/motores-mt-personalizados","url":"https:\/\/www.trustedtranslations.com\/pt-br\/servicos\/automatica\/motores-mt-personalizados","name":"Motores de tradu\u00e7\u00e3o autom\u00e1tica personalizados: Trusted Translations","isPartOf":{"@id":"https:\/\/www.trustedtranslations.com\/pt-br\/#website"},"primaryImageOfPage":{"@id":"https:\/\/www.trustedtranslations.com\/pt-br\/servicos\/automatica\/motores-mt-personalizados#primaryimage"},"image":{"@id":"https:\/\/www.trustedtranslations.com\/pt-br\/servicos\/automatica\/motores-mt-personalizados#primaryimage"},"thumbnailUrl":"https:\/\/www.trustedtranslations.com\/wp-content\/uploads\/2024\/02\/Recurso-15-1.png","description":"A Trusted Translations \u00e9 l\u00edder global na implementa\u00e7\u00e3o de Motores de tradu\u00e7\u00e3o autom\u00e1tica personalizados (CMTE) para produzir tradu\u00e7\u00f5es de alta qualidade.","breadcrumb":{"@id":"https:\/\/www.trustedtranslations.com\/pt-br\/servicos\/automatica\/motores-mt-personalizados#breadcrumb"},"inLanguage":"pt-BR","potentialAction":[{"@type":"ReadAction","target":["https:\/\/www.trustedtranslations.com\/pt-br\/servicos\/automatica\/motores-mt-personalizados"]}]},{"@type":"ImageObject","inLanguage":"pt-BR","@id":"https:\/\/www.trustedtranslations.com\/pt-br\/servicos\/automatica\/motores-mt-personalizados#primaryimage","url":"https:\/\/www.trustedtranslations.com\/wp-content\/uploads\/2024\/02\/Recurso-15-1.png","contentUrl":"https:\/\/www.trustedtranslations.com\/wp-content\/uploads\/2024\/02\/Recurso-15-1.png","width":150,"height":150,"caption":"Recurso 15 1"},{"@type":"BreadcrumbList","@id":"https:\/\/www.trustedtranslations.com\/pt-br\/servicos\/automatica\/motores-mt-personalizados#breadcrumb","itemListElement":[{"@type":"ListItem","position":1,"name":"Home","item":"https:\/\/www.trustedtranslations.com\/pt-br"},{"@type":"ListItem","position":2,"name":"Servi\u00e7os","item":"https:\/\/www.trustedtranslations.com\/pt-br\/servicos"},{"@type":"ListItem","position":3,"name":"Tradu\u00e7\u00e3o autom\u00e1tica","item":"https:\/\/www.trustedtranslations.com\/pt-br\/servicos\/automatica"},{"@type":"ListItem","position":4,"name":"Motores de MT personalizados"}]},{"@type":"WebSite","@id":"https:\/\/www.trustedtranslations.com\/pt-br\/#website","url":"https:\/\/www.trustedtranslations.com\/pt-br\/","name":"Trusted Translations, Inc.","description":"Leader in translation and interpretation services.","publisher":{"@id":"https:\/\/www.trustedtranslations.com\/pt-br\/#organization"},"alternateName":"Trusted Translations","potentialAction":[{"@type":"SearchAction","target":{"@type":"EntryPoint","urlTemplate":"https:\/\/www.trustedtranslations.com\/pt-br\/?s={search_term_string}"},"query-input":{"@type":"PropertyValueSpecification","valueRequired":true,"valueName":"search_term_string"}}],"inLanguage":"pt-BR"},{"@type":"Organization","@id":"https:\/\/www.trustedtranslations.com\/pt-br\/#organization","name":"Trusted Translations","alternateName":"Trusted Translations, Inc.","url":"https:\/\/www.trustedtranslations.com\/pt-br\/","logo":{"@type":"ImageObject","inLanguage":"pt-BR","@id":"https:\/\/www.trustedtranslations.com\/pt-br\/#\/schema\/logo\/image\/","url":"https:\/\/static.trustedtranslations.com\/wp-content\/uploads\/2022\/01\/TT_logo_WSIColors-2.png","contentUrl":"https:\/\/static.trustedtranslations.com\/wp-content\/uploads\/2022\/01\/TT_logo_WSIColors-2.png","width":500,"height":196,"caption":"Trusted Translations"},"image":{"@id":"https:\/\/www.trustedtranslations.com\/pt-br\/#\/schema\/logo\/image\/"},"sameAs":["https:\/\/www.facebook.com\/Trusted.Translations","https:\/\/x.com\/TrustedT9ns","https:\/\/www.linkedin.com\/company\/trusted-translations"]}]}},"toolset-meta":{"dyk":{"mensaje-1":{"type":"textfield","raw":"O Escrit\u00f3rio Europeu de Patentes usa um motor de tradu\u00e7\u00e3o autom\u00e1tica neural personalizado para traduzir patentes globais."},"mensaje-2":{"type":"textfield","raw":"A tradu\u00e7\u00e3o autom\u00e1tica neural depende do aprendizado profundo para facilitar a tradu\u00e7\u00e3o."},"mensaje-3":{"type":"textfield","raw":"Os MTEs personalizados s\u00e3o mais prefer\u00edveis do que treinar motores gen\u00e9ricos do zero."},"mensaje-4":{"type":"textfield","raw":"Os MTEs neurais \"aprendem\" e melhoram com o passar do tempo, especialmente com projetos de grandes volumes."},"mensaje-5":{"type":"textfield","raw":""},"mensaje-6":{"type":"textfield","raw":""}},"single-page-template-fields":{"imgs-temp":{"type":"image","raw":["https:\/\/static.trustedtranslations.com\/wp-content\/uploads\/2024\/07\/custom-neural-2-1.webp","https:\/\/static.trustedtranslations.com\/wp-content\/uploads\/2024\/07\/custom-neural-1.webp"],"repeatable":[{"raw":"https:\/\/static.trustedtranslations.com\/wp-content\/uploads\/2024\/07\/custom-neural-2-1.webp"},{"raw":"https:\/\/static.trustedtranslations.com\/wp-content\/uploads\/2024\/07\/custom-neural-1.webp"}]},"imgs-temp-cel":{"type":"image","raw":[""],"repeatable":[{"raw":""}]},"img-temp-one-cel":{"type":"image","raw":"https:\/\/static.trustedtranslations.com\/wp-content\/uploads\/2024\/07\/AdobeStock_222912660-2-1.webp","attachment_id":null},"quotes":{"type":"textarea","raw":"<h1 style=\"margin-bottom: 12px;\">Motores de tradu\u00e7\u00e3o autom\u00e1tica neural personalizados on-line<\/h1>\r\nMotores de tradu\u00e7\u00e3o autom\u00e1tica neural personalizados (CNMTE) s\u00e3o criados especificamente para clientes que possuem um grande volume de tradu\u00e7\u00f5es num assunto espec\u00edfico (ou seja, conte\u00fado de nicho). Esses motores personalizados podem ser um recurso significativo para qualquer organiza\u00e7\u00e3o que precise traduzir um grande volume de conte\u00fado altamente especializado.\r\n<div style=\"margin-top: 2.5vw;\"><a class=\"tt-btn-main-cta\" href=\"\/pt-br\/solicitud-orcamento\">SOLICITE UM OR\u00c7AMENTO GR\u00c1TIS<\/a><\/div>"},"text-1":{"type":"textarea","raw":"<h2>Assumindo a lideran\u00e7a em tradu\u00e7\u00f5es de alta qualidade com motores de tradu\u00e7\u00e3o autom\u00e1tica neural personalizados<\/h2>A <em><em><em>Trusted Translations<\/em><\/em><\/em> est\u00e1 na vanguarda dessa tecnologia, sendo uma das l\u00edderes mundiais no fornecimento de tradu\u00e7\u00f5es de alta qualidade utilizando motores de tradu\u00e7\u00e3o autom\u00e1tica neural personalizados. Ao potencializar nossa tecnologia, as empresas podem obter tradu\u00e7\u00f5es seguras, de alta qualidade, de grandes quantidades de informa\u00e7\u00f5es, tudo isso por uma fra\u00e7\u00e3o do custo e do tempo quando comparamos com um processo t\u00edpico de tradu\u00e7\u00e3o humana.\r\nA seguir est\u00e3o algumas das caracter\u00edsticas e objetivos t\u00edpicos de projetos de tradu\u00e7\u00e3o que podem se beneficiar da nossa op\u00e7\u00e3o de tradu\u00e7\u00e3o autom\u00e1tica neural personalizada:\r\n<p style=\"padding-left: 40px;\">\u2022 Grande volume de conte\u00fado\r\n\u2022 Conte\u00fado altamente especializado\r\n\u2022 Necessidade de tempos de entrega r\u00e1pidos\r\n\u2022 Necessidade do maior ROI<\/p>\r\nProjetos que antes eram considerados imposs\u00edveis ou muito caros por utilizar um processo t\u00edpico de tradu\u00e7\u00e3o humana agora s\u00e3o poss\u00edveis, gra\u00e7as \u00e0 implementa\u00e7\u00e3o de uma solu\u00e7\u00e3o de tradu\u00e7\u00e3o autom\u00e1tica neural personalizada. A <em>Trusted Translations<\/em> possui uma equipe de TI dedicada \u00e0 implementa\u00e7\u00e3o dessas solu\u00e7\u00f5es espec\u00edficas para o cliente e est\u00e1 dispon\u00edvel para uma consulta gratuita para ajud\u00e1-lo a determinar se todo o volume de sua tradu\u00e7\u00e3o \u2013 ou talvez apenas partes espec\u00edficas dela \u2013 pode se beneficiar dessa tecnologia.\r\n\r\nBasta ter em mente que um CNMTE n\u00e3o \u00e9 um sonho imposs\u00edvel. Tecnologias aprimoradas, plataformas e servi\u00e7os mais acess\u00edveis e volumes menores de <i>corpora<\/i> s\u00e3o fatores que contribuem para colocar essa poderosa solu\u00e7\u00e3o ao seu alcance.\r\nQuando a seguran\u00e7a \u00e9 uma preocupa\u00e7\u00e3o, o CNMTE oferece a maneira mais segura de traduzir materiais; ele pode ser adaptado para atender as exig\u00eancias mais rigorosas dos setores p\u00fablico e privado. Temos experi\u00eancia na implanta\u00e7\u00e3o dessas solu\u00e7\u00f5es em ambientes governamentais altamente seguros, ao mesmo tempo em que atendemos \u00e0s mais r\u00edgidas regulamenta\u00e7\u00f5es do setor e de TI."},"shortcode-map":{"type":"textfield","raw":""},"dyk-shortcode":{"type":"textfield","raw":"[elementor-template id=\"147273\"]"},"text-2":{"type":"textarea","raw":"<h2>Tradu\u00e7\u00e3o autom\u00e1tica personalizada e fluxo de trabalho de p\u00f3s-edi\u00e7\u00e3o humana<\/h2>\r\n<img class=\"wp-image-7224 size-full alignleft\" src=\"https:\/\/www.trustedtranslations.com\/wp-content\/uploads\/2020\/01\/custom-mt-engines.jpg\" alt=\"\" width=\"535\" height=\"288\" \/>\r\nComo voc\u00ea pode ver na ilustra\u00e7\u00e3o de um exemplo de fluxo de trabalho do motor de tradu\u00e7\u00e3o autom\u00e1tica personalizado, o processo pode ser integrado diretamente no sistema de gest\u00e3o de conte\u00fado (CMS) do cliente. Isso facilita a implementa\u00e7\u00e3o e, no final, produz tempos de entrega mais r\u00e1pidos e entregas sem problemas. Nesse caso, o sistema de gest\u00e3o de tradu\u00e7\u00e3o mescla a tradu\u00e7\u00e3o autom\u00e1tica personalizada e a p\u00f3s-edi\u00e7\u00e3o humana num \u00fanico ambiente. Al\u00e9m disso, as corre\u00e7\u00f5es aplicadas pelo p\u00f3s-editor ao resultado da tradu\u00e7\u00e3o autom\u00e1tica n\u00e3o apenas retornam ao CMS do cliente para publica\u00e7\u00e3o final, mas tamb\u00e9m s\u00e3o devolvidas ao motor de tradu\u00e7\u00e3o autom\u00e1tica neural personalizado para aprendizado de m\u00e1quina e reciclagem incremental, tornando o motor mais \u201cinteligente\u201d. Dessa forma, com o passar do tempo, a qualidade melhora significativamente. Isso \u00e9 especialmente verdadeiro para projetos que envolvem grandes volumes de conte\u00fado do mesmo assunto (nichos do setor).\r\n\r\nA integra\u00e7\u00e3o de terminologia espec\u00edfica para complementar esse processo, como gloss\u00e1rios espec\u00edficos de dom\u00ednio ou do cliente, pode contribuir para aumentar a precis\u00e3o e a consist\u00eancia. Tais integra\u00e7\u00f5es envolvem colocar os termos dentro do contexto adequado, de forma a garantir que eles sejam sempre expressos em sua forma mais precisa, levando em considera\u00e7\u00e3o categorias flexionais protot\u00edpicas, como n\u00famero, tempo, pessoa, caso, g\u00eanero, etc. Essa terminologia aplicada corretamente acaba fazendo parte do processo de reciclagem que garante seu uso preciso em suas tradu\u00e7\u00f5es.\r\n\r\nO desenvolvimento de um motor de tradu\u00e7\u00e3o autom\u00e1tica neural personalizado (CNMTE) melhorar\u00e1 gradualmente a qualidade da tradu\u00e7\u00e3o com o passar do tempo, criando um ativo que o diferenciar\u00e1 de seus concorrentes. O CNMTE utiliza tecnologia de ponta para melhorar o conte\u00fado automatizado com o uso de p\u00f3s-editores, linguistas e engenheiros humanos especializados.\r\nEntre em contato conosco hoje mesmo e agendaremos uma avalia\u00e7\u00e3o gratuita para ajud\u00e1-lo a determinar se esta solu\u00e7\u00e3o \u00e9 adequada para voc\u00ea e para a sua organiza\u00e7\u00e3o."},"state":{"type":"textfield","raw":""},"city":{"type":"textarea","raw":[]}}},"_links":{"self":[{"href":"https:\/\/www.trustedtranslations.com\/pt-br\/wp-json\/wp\/v2\/pages\/134970","targetHints":{"allow":["GET"]}}],"collection":[{"href":"https:\/\/www.trustedtranslations.com\/pt-br\/wp-json\/wp\/v2\/pages"}],"about":[{"href":"https:\/\/www.trustedtranslations.com\/pt-br\/wp-json\/wp\/v2\/types\/page"}],"author":[{"embeddable":true,"href":"https:\/\/www.trustedtranslations.com\/pt-br\/wp-json\/wp\/v2\/users\/1"}],"replies":[{"embeddable":true,"href":"https:\/\/www.trustedtranslations.com\/pt-br\/wp-json\/wp\/v2\/comments?post=134970"}],"version-history":[{"count":0,"href":"https:\/\/www.trustedtranslations.com\/pt-br\/wp-json\/wp\/v2\/pages\/134970\/revisions"}],"up":[{"embeddable":true,"href":"https:\/\/www.trustedtranslations.com\/pt-br\/wp-json\/wp\/v2\/pages\/134971"}],"wp:featuredmedia":[{"embeddable":true,"href":"https:\/\/www.trustedtranslations.com\/pt-br\/wp-json\/wp\/v2\/media\/248027"}],"wp:attachment":[{"href":"https:\/\/www.trustedtranslations.com\/pt-br\/wp-json\/wp\/v2\/media?parent=134970"}],"curies":[{"name":"wp","href":"https:\/\/api.w.org\/{rel}","templated":true}]}}