{"id":134971,"date":"2018-11-14T17:51:24","date_gmt":"2018-11-14T17:51:24","guid":{"rendered":"https:\/\/www.trustedtranslations.com\/?page_id=134971"},"modified":"2024-09-03T11:36:06","modified_gmt":"2024-09-03T14:36:06","slug":"automatica","status":"publish","type":"page","link":"https:\/\/www.trustedtranslations.com\/pt-br\/servicos\/automatica","title":{"rendered":"Tradu\u00e7\u00e3o autom\u00e1tica"},"content":{"rendered":"","protected":false},"excerpt":{"rendered":"","protected":false},"author":1,"featured_media":243691,"parent":135075,"menu_order":0,"comment_status":"closed","ping_status":"closed","template":"","meta":{"site-sidebar-layout":"default","site-content-layout":"default","ast-site-content-layout":"default","site-content-style":"default","site-sidebar-style":"default","ast-global-header-display":"","ast-banner-title-visibility":"","ast-main-header-display":"","ast-hfb-above-header-display":"","ast-hfb-below-header-display":"","ast-hfb-mobile-header-display":"","site-post-title":"disabled","ast-breadcrumbs-content":"","ast-featured-img":"","footer-sml-layout":"","ast-disable-related-posts":"","theme-transparent-header-meta":"default","adv-header-id-meta":"","stick-header-meta":"","header-above-stick-meta":"","header-main-stick-meta":"","header-below-stick-meta":"","astra-migrate-meta-layouts":"set","ast-page-background-enabled":"default","ast-page-background-meta":{"desktop":{"background-color":"var(--ast-global-color-4)","background-image":"","background-repeat":"repeat","background-position":"center center","background-size":"auto","background-attachment":"scroll","background-type":"","background-media":"","overlay-type":"","overlay-color":"","overlay-opacity":"","overlay-gradient":""},"tablet":{"background-color":"","background-image":"","background-repeat":"repeat","background-position":"center center","background-size":"auto","background-attachment":"scroll","background-type":"","background-media":"","overlay-type":"","overlay-color":"","overlay-opacity":"","overlay-gradient":""},"mobile":{"background-color":"","background-image":"","background-repeat":"repeat","background-position":"center center","background-size":"auto","background-attachment":"scroll","background-type":"","background-media":"","overlay-type":"","overlay-color":"","overlay-opacity":"","overlay-gradient":""}},"ast-content-background-meta":{"desktop":{"background-color":"var(--ast-global-color-5)","background-image":"","background-repeat":"repeat","background-position":"center center","background-size":"auto","background-attachment":"scroll","background-type":"","background-media":"","overlay-type":"","overlay-color":"","overlay-opacity":"","overlay-gradient":""},"tablet":{"background-color":"var(--ast-global-color-5)","background-image":"","background-repeat":"repeat","background-position":"center center","background-size":"auto","background-attachment":"scroll","background-type":"","background-media":"","overlay-type":"","overlay-color":"","overlay-opacity":"","overlay-gradient":""},"mobile":{"background-color":"var(--ast-global-color-5)","background-image":"","background-repeat":"repeat","background-position":"center center","background-size":"auto","background-attachment":"scroll","background-type":"","background-media":"","overlay-type":"","overlay-color":"","overlay-opacity":"","overlay-gradient":""}},"footnotes":""},"class_list":["post-134971","page","type-page","status-publish","has-post-thumbnail","hentry"],"yoast_head":"<!-- This site is optimized with the Yoast SEO plugin v27.3 - https:\/\/yoast.com\/product\/yoast-seo-wordpress\/ -->\n<title>Servi\u00e7os de tradu\u00e7\u00e3o autom\u00e1tica oferecidos pela Trusted Translations<\/title>\n<meta name=\"description\" content=\"A Trusted Translations fornece dois tipos distintos de solu\u00e7\u00f5es de tradu\u00e7\u00e3o autom\u00e1tica: Motores de tradu\u00e7\u00e3o autom\u00e1tica gerais (GMTE) e Motores de tradu\u00e7\u00e3o autom\u00e1tica personalizados (CMTE).\" \/>\n<meta name=\"robots\" content=\"index, follow, max-snippet:-1, max-image-preview:large, max-video-preview:-1\" \/>\n<link rel=\"canonical\" href=\"https:\/\/www.trustedtranslations.com\/pt-br\/servicos\/automatica\" \/>\n<meta property=\"og:locale\" content=\"pt_BR\" \/>\n<meta property=\"og:type\" content=\"article\" \/>\n<meta property=\"og:title\" content=\"Servi\u00e7os de tradu\u00e7\u00e3o autom\u00e1tica oferecidos pela Trusted Translations\" \/>\n<meta property=\"og:description\" content=\"A Trusted Translations fornece dois tipos distintos de solu\u00e7\u00f5es de tradu\u00e7\u00e3o autom\u00e1tica: Motores de tradu\u00e7\u00e3o autom\u00e1tica gerais (GMTE) e Motores de tradu\u00e7\u00e3o autom\u00e1tica personalizados (CMTE).\" \/>\n<meta property=\"og:url\" content=\"https:\/\/www.trustedtranslations.com\/pt-br\/servicos\/automatica\" \/>\n<meta property=\"og:site_name\" content=\"Trusted Translations, Inc.\" \/>\n<meta property=\"article:publisher\" content=\"https:\/\/www.facebook.com\/Trusted.Translations\" \/>\n<meta property=\"article:modified_time\" content=\"2024-09-03T14:36:06+00:00\" \/>\n<meta property=\"og:image\" content=\"https:\/\/static.trustedtranslations.com\/wp-content\/uploads\/2022\/08\/TT_NEW_FB-1.png\" \/>\n\t<meta property=\"og:image:width\" content=\"1\" \/>\n\t<meta property=\"og:image:height\" content=\"1\" \/>\n\t<meta property=\"og:image:type\" content=\"image\/jpeg\" \/>\n<meta name=\"twitter:card\" content=\"summary_large_image\" \/>\n<meta name=\"twitter:site\" content=\"@TrustedT9ns\" \/>\n<script type=\"application\/ld+json\" class=\"yoast-schema-graph\">{\"@context\":\"https:\\\/\\\/schema.org\",\"@graph\":[{\"@type\":\"WebPage\",\"@id\":\"https:\\\/\\\/www.trustedtranslations.com\\\/pt-br\\\/servicos\\\/automatica\",\"url\":\"https:\\\/\\\/www.trustedtranslations.com\\\/pt-br\\\/servicos\\\/automatica\",\"name\":\"Servi\u00e7os de tradu\u00e7\u00e3o autom\u00e1tica oferecidos pela Trusted Translations\",\"isPartOf\":{\"@id\":\"https:\\\/\\\/www.trustedtranslations.com\\\/pt-br\\\/#website\"},\"primaryImageOfPage\":{\"@id\":\"https:\\\/\\\/www.trustedtranslations.com\\\/pt-br\\\/servicos\\\/automatica#primaryimage\"},\"image\":{\"@id\":\"https:\\\/\\\/www.trustedtranslations.com\\\/pt-br\\\/servicos\\\/automatica#primaryimage\"},\"thumbnailUrl\":\"https:\\\/\\\/www.trustedtranslations.com\\\/wp-content\\\/uploads\\\/2022\\\/08\\\/TT_NEW_FB-1.png\",\"description\":\"A Trusted Translations fornece dois tipos distintos de solu\u00e7\u00f5es de tradu\u00e7\u00e3o autom\u00e1tica: Motores de tradu\u00e7\u00e3o autom\u00e1tica gerais (GMTE) e Motores de tradu\u00e7\u00e3o autom\u00e1tica personalizados (CMTE).\",\"breadcrumb\":{\"@id\":\"https:\\\/\\\/www.trustedtranslations.com\\\/pt-br\\\/servicos\\\/automatica#breadcrumb\"},\"inLanguage\":\"pt-BR\",\"potentialAction\":[{\"@type\":\"ReadAction\",\"target\":[\"https:\\\/\\\/www.trustedtranslations.com\\\/pt-br\\\/servicos\\\/automatica\"]}]},{\"@type\":\"ImageObject\",\"inLanguage\":\"pt-BR\",\"@id\":\"https:\\\/\\\/www.trustedtranslations.com\\\/pt-br\\\/servicos\\\/automatica#primaryimage\",\"url\":\"https:\\\/\\\/www.trustedtranslations.com\\\/wp-content\\\/uploads\\\/2022\\\/08\\\/TT_NEW_FB-1.png\",\"contentUrl\":\"https:\\\/\\\/www.trustedtranslations.com\\\/wp-content\\\/uploads\\\/2022\\\/08\\\/TT_NEW_FB-1.png\",\"caption\":\"TT NEW FB 1\"},{\"@type\":\"BreadcrumbList\",\"@id\":\"https:\\\/\\\/www.trustedtranslations.com\\\/pt-br\\\/servicos\\\/automatica#breadcrumb\",\"itemListElement\":[{\"@type\":\"ListItem\",\"position\":1,\"name\":\"Home\",\"item\":\"https:\\\/\\\/www.trustedtranslations.com\\\/pt-br\"},{\"@type\":\"ListItem\",\"position\":2,\"name\":\"Servi\u00e7os\",\"item\":\"https:\\\/\\\/www.trustedtranslations.com\\\/pt-br\\\/servicos\"},{\"@type\":\"ListItem\",\"position\":3,\"name\":\"Tradu\u00e7\u00e3o autom\u00e1tica\"}]},{\"@type\":\"WebSite\",\"@id\":\"https:\\\/\\\/www.trustedtranslations.com\\\/pt-br\\\/#website\",\"url\":\"https:\\\/\\\/www.trustedtranslations.com\\\/pt-br\\\/\",\"name\":\"Trusted Translations, Inc.\",\"description\":\"Leader in translation and interpretation services.\",\"publisher\":{\"@id\":\"https:\\\/\\\/www.trustedtranslations.com\\\/pt-br\\\/#organization\"},\"alternateName\":\"Trusted Translations\",\"potentialAction\":[{\"@type\":\"SearchAction\",\"target\":{\"@type\":\"EntryPoint\",\"urlTemplate\":\"https:\\\/\\\/www.trustedtranslations.com\\\/pt-br\\\/?s={search_term_string}\"},\"query-input\":{\"@type\":\"PropertyValueSpecification\",\"valueRequired\":true,\"valueName\":\"search_term_string\"}}],\"inLanguage\":\"pt-BR\"},{\"@type\":\"Organization\",\"@id\":\"https:\\\/\\\/www.trustedtranslations.com\\\/pt-br\\\/#organization\",\"name\":\"Trusted Translations\",\"alternateName\":\"Trusted Translations, Inc.\",\"url\":\"https:\\\/\\\/www.trustedtranslations.com\\\/pt-br\\\/\",\"logo\":{\"@type\":\"ImageObject\",\"inLanguage\":\"pt-BR\",\"@id\":\"https:\\\/\\\/www.trustedtranslations.com\\\/pt-br\\\/#\\\/schema\\\/logo\\\/image\\\/\",\"url\":\"https:\\\/\\\/static.trustedtranslations.com\\\/wp-content\\\/uploads\\\/2022\\\/01\\\/TT_logo_WSIColors-2.png\",\"contentUrl\":\"https:\\\/\\\/static.trustedtranslations.com\\\/wp-content\\\/uploads\\\/2022\\\/01\\\/TT_logo_WSIColors-2.png\",\"width\":500,\"height\":196,\"caption\":\"Trusted Translations\"},\"image\":{\"@id\":\"https:\\\/\\\/www.trustedtranslations.com\\\/pt-br\\\/#\\\/schema\\\/logo\\\/image\\\/\"},\"sameAs\":[\"https:\\\/\\\/www.facebook.com\\\/Trusted.Translations\",\"https:\\\/\\\/x.com\\\/TrustedT9ns\",\"https:\\\/\\\/www.linkedin.com\\\/company\\\/trusted-translations\"]}]}<\/script>\n<!-- \/ Yoast SEO plugin. -->","yoast_head_json":{"title":"Servi\u00e7os de tradu\u00e7\u00e3o autom\u00e1tica oferecidos pela Trusted Translations","description":"A Trusted Translations fornece dois tipos distintos de solu\u00e7\u00f5es de tradu\u00e7\u00e3o autom\u00e1tica: Motores de tradu\u00e7\u00e3o autom\u00e1tica gerais (GMTE) e Motores de tradu\u00e7\u00e3o autom\u00e1tica personalizados (CMTE).","robots":{"index":"index","follow":"follow","max-snippet":"max-snippet:-1","max-image-preview":"max-image-preview:large","max-video-preview":"max-video-preview:-1"},"canonical":"https:\/\/www.trustedtranslations.com\/pt-br\/servicos\/automatica","og_locale":"pt_BR","og_type":"article","og_title":"Servi\u00e7os de tradu\u00e7\u00e3o autom\u00e1tica oferecidos pela Trusted Translations","og_description":"A Trusted Translations fornece dois tipos distintos de solu\u00e7\u00f5es de tradu\u00e7\u00e3o autom\u00e1tica: Motores de tradu\u00e7\u00e3o autom\u00e1tica gerais (GMTE) e Motores de tradu\u00e7\u00e3o autom\u00e1tica personalizados (CMTE).","og_url":"https:\/\/www.trustedtranslations.com\/pt-br\/servicos\/automatica","og_site_name":"Trusted Translations, Inc.","article_publisher":"https:\/\/www.facebook.com\/Trusted.Translations","article_modified_time":"2024-09-03T14:36:06+00:00","og_image":[{"url":"https:\/\/static.trustedtranslations.com\/wp-content\/uploads\/2022\/08\/TT_NEW_FB-1.png","width":1,"height":1,"type":"image\/jpeg"}],"twitter_card":"summary_large_image","twitter_site":"@TrustedT9ns","schema":{"@context":"https:\/\/schema.org","@graph":[{"@type":"WebPage","@id":"https:\/\/www.trustedtranslations.com\/pt-br\/servicos\/automatica","url":"https:\/\/www.trustedtranslations.com\/pt-br\/servicos\/automatica","name":"Servi\u00e7os de tradu\u00e7\u00e3o autom\u00e1tica oferecidos pela Trusted Translations","isPartOf":{"@id":"https:\/\/www.trustedtranslations.com\/pt-br\/#website"},"primaryImageOfPage":{"@id":"https:\/\/www.trustedtranslations.com\/pt-br\/servicos\/automatica#primaryimage"},"image":{"@id":"https:\/\/www.trustedtranslations.com\/pt-br\/servicos\/automatica#primaryimage"},"thumbnailUrl":"https:\/\/www.trustedtranslations.com\/wp-content\/uploads\/2022\/08\/TT_NEW_FB-1.png","description":"A Trusted Translations fornece dois tipos distintos de solu\u00e7\u00f5es de tradu\u00e7\u00e3o autom\u00e1tica: Motores de tradu\u00e7\u00e3o autom\u00e1tica gerais (GMTE) e Motores de tradu\u00e7\u00e3o autom\u00e1tica personalizados (CMTE).","breadcrumb":{"@id":"https:\/\/www.trustedtranslations.com\/pt-br\/servicos\/automatica#breadcrumb"},"inLanguage":"pt-BR","potentialAction":[{"@type":"ReadAction","target":["https:\/\/www.trustedtranslations.com\/pt-br\/servicos\/automatica"]}]},{"@type":"ImageObject","inLanguage":"pt-BR","@id":"https:\/\/www.trustedtranslations.com\/pt-br\/servicos\/automatica#primaryimage","url":"https:\/\/www.trustedtranslations.com\/wp-content\/uploads\/2022\/08\/TT_NEW_FB-1.png","contentUrl":"https:\/\/www.trustedtranslations.com\/wp-content\/uploads\/2022\/08\/TT_NEW_FB-1.png","caption":"TT NEW FB 1"},{"@type":"BreadcrumbList","@id":"https:\/\/www.trustedtranslations.com\/pt-br\/servicos\/automatica#breadcrumb","itemListElement":[{"@type":"ListItem","position":1,"name":"Home","item":"https:\/\/www.trustedtranslations.com\/pt-br"},{"@type":"ListItem","position":2,"name":"Servi\u00e7os","item":"https:\/\/www.trustedtranslations.com\/pt-br\/servicos"},{"@type":"ListItem","position":3,"name":"Tradu\u00e7\u00e3o autom\u00e1tica"}]},{"@type":"WebSite","@id":"https:\/\/www.trustedtranslations.com\/pt-br\/#website","url":"https:\/\/www.trustedtranslations.com\/pt-br\/","name":"Trusted Translations, Inc.","description":"Leader in translation and interpretation services.","publisher":{"@id":"https:\/\/www.trustedtranslations.com\/pt-br\/#organization"},"alternateName":"Trusted Translations","potentialAction":[{"@type":"SearchAction","target":{"@type":"EntryPoint","urlTemplate":"https:\/\/www.trustedtranslations.com\/pt-br\/?s={search_term_string}"},"query-input":{"@type":"PropertyValueSpecification","valueRequired":true,"valueName":"search_term_string"}}],"inLanguage":"pt-BR"},{"@type":"Organization","@id":"https:\/\/www.trustedtranslations.com\/pt-br\/#organization","name":"Trusted Translations","alternateName":"Trusted Translations, Inc.","url":"https:\/\/www.trustedtranslations.com\/pt-br\/","logo":{"@type":"ImageObject","inLanguage":"pt-BR","@id":"https:\/\/www.trustedtranslations.com\/pt-br\/#\/schema\/logo\/image\/","url":"https:\/\/static.trustedtranslations.com\/wp-content\/uploads\/2022\/01\/TT_logo_WSIColors-2.png","contentUrl":"https:\/\/static.trustedtranslations.com\/wp-content\/uploads\/2022\/01\/TT_logo_WSIColors-2.png","width":500,"height":196,"caption":"Trusted Translations"},"image":{"@id":"https:\/\/www.trustedtranslations.com\/pt-br\/#\/schema\/logo\/image\/"},"sameAs":["https:\/\/www.facebook.com\/Trusted.Translations","https:\/\/x.com\/TrustedT9ns","https:\/\/www.linkedin.com\/company\/trusted-translations"]}]}},"toolset-meta":{"dyk":{"mensaje-1":{"type":"textfield","raw":"A tradu\u00e7\u00e3o autom\u00e1tica \u00e9 popular em setores como automotivo, eletr\u00f4nico e de sa\u00fade."},"mensaje-2":{"type":"textfield","raw":""},"mensaje-3":{"type":"textfield","raw":"As primeiras origens da tradu\u00e7\u00e3o autom\u00e1tica remontam \u00e0 criptografia do \u00e1rabe do s\u00e9culo IX."},"mensaje-4":{"type":"textfield","raw":"Conte\u00fados t\u00e9cnicos s\u00e3o o tipo mais comum de conte\u00fado traduzido usando MT."},"mensaje-5":{"type":"textfield","raw":""},"mensaje-6":{"type":"textfield","raw":""}},"single-page-template-fields":{"imgs-temp":{"type":"image","raw":["https:\/\/static.trustedtranslations.com\/wp-content\/uploads\/2024\/01\/Group-79-3-2.webp","https:\/\/static.trustedtranslations.com\/wp-content\/uploads\/2024\/04\/machine-translation-1.webp"],"repeatable":[{"raw":"https:\/\/static.trustedtranslations.com\/wp-content\/uploads\/2024\/01\/Group-79-3-2.webp"},{"raw":"https:\/\/static.trustedtranslations.com\/wp-content\/uploads\/2024\/04\/machine-translation-1.webp"}]},"imgs-temp-cel":{"type":"image","raw":[""],"repeatable":[{"raw":""}]},"img-temp-one-cel":{"type":"image","raw":"https:\/\/static.trustedtranslations.com\/wp-content\/uploads\/2024\/01\/AdobeStock_408659909-1-1.webp","attachment_id":null},"quotes":{"type":"textarea","raw":"<h1 style=\"margin-bottom: 12px;\">Tradu\u00e7\u00e3o autom\u00e1tica<\/h1>A tradu\u00e7\u00e3o autom\u00e1tica (MT) envolve o uso de computadores e programas de software para gerar o resultado traduzido. Essa tecnologia evoluiu para um ponto em que, sob as condi\u00e7\u00f5es certas, ela pode ser um ativo de grande valia e uma ferramenta poderosa.<div style=\"margin-top: 2.5vw;\"><a class=\"tt-btn-main-cta\" href=\"\/pt-br\/solicitud-orcamento\">SOLICITE UM OR\u00c7AMENTO GR\u00c1TIS<\/a><\/div>"},"text-1":{"type":"textarea","raw":"A Trusted Translations possui equipes especializadas, dedicadas \u00e0 implementa\u00e7\u00e3o de solu\u00e7\u00f5es de tradu\u00e7\u00e3o autom\u00e1tica de diferentes tipos. Nossas equipes est\u00e3o na vanguarda das novas tecnologias e entendem exatamente como integrar solu\u00e7\u00f5es MT com outras ferramentas de tradu\u00e7\u00e3o, al\u00e9m de humanos, combinando-as da maneira correta para tirar proveito da velocidade, seguran\u00e7a e precis\u00e3o da m\u00e1quina e da experi\u00eancia humana na p\u00f3s-edi\u00e7\u00e3o e revis\u00e3o. Entendendo completamente os benef\u00edcios e limita\u00e7\u00f5es da mais recente tecnologia de MT, podemos determinar como a MT pode ser usada com efici\u00eancia em praticamente qualquer cen\u00e1rio de tradu\u00e7\u00e3o. Os nossos especialistas atuam como consultores para avaliar se uma solu\u00e7\u00e3o de MT \u00e9 adequada para o escopo de um determinado cliente, dom\u00ednio e projeto. Ap\u00f3s algumas etapas de testagem-amostragem, e assim que o cliente e nossos especialistas determinarem a solu\u00e7\u00e3o e arquitetura de MT corretas, nossas equipes come\u00e7ar\u00e3o a trabalhar para implementar o fluxo de trabalho e a tecnologia corretos. Esse esfor\u00e7o inicial vale o investimento, pois garantir\u00e1 um excelente ROI para nossos clientes enquanto produz uma tradu\u00e7\u00e3o da mais alta qualidade, adaptada \u00e0s necessidades do usu\u00e1rio final. Para clientes valiosos que precisam processar alto volume de conte\u00fado com frequ\u00eancia, nossas equipes analisar\u00e3o todas as etapas para implementar a melhor oferta de servi\u00e7o de MT. Isso inclui uma an\u00e1lise de m\u00e9dio e longo prazo para garantir que as metas de nossos clientes sejam atingidas em todas as etapas. Em outras palavras, diferentes etapas podem exigir um conjunto diferente de ferramentas para se obter o n\u00edvel ideal de consist\u00eancia e confiabilidade.\r\n<h2 style=\"margin-top: -10px; padding-bottom: 10px\">Tradu\u00e7\u00e3o autom\u00e1tica neural<\/h2>A evolu\u00e7\u00e3o da MT envolveu duas tecnologias muito distintas: a MT baseada em regras e a MT estat\u00edstica. Os desenvolvimentos em MT seguiram um caminho l\u00f3gico. No in\u00edcio, especialistas na nova ci\u00eancia da lingu\u00edstica computacional consideravam as regras gramaticais como a base para trabalhar com corpora. Alguns anos depois, estat\u00edsticas e modelos estat\u00edsticos come\u00e7aram a aparecer. Em seguida, veio a fus\u00e3o de ambos os conceitos em modelos h\u00edbridos (baseados em regras e estat\u00edsticos). A lei dos rendimentos decrescentes em vigor come\u00e7ou a se refletir em pequenas melhorias graduais, por\u00e9m muitas pessoas ainda n\u00e3o se convenceram do resultado alcan\u00e7ado.\r\n\r\nJustamente quando muitos dos primeiros usu\u00e1rios de MT estavam come\u00e7ando a perder a confian\u00e7a, um salto qu\u00e2ntico foi alcan\u00e7ado com a aplica\u00e7\u00e3o de conceitos de rede neural e de processamento de linguagem natural. A tradu\u00e7\u00e3o autom\u00e1tica neural (NMT) foi um lan\u00e7amento espetacular no mercado. A NMT mostrou uma vantagem competitiva ao demonstrar que todas as combina\u00e7\u00f5es de idiomas estavam funcionando muito melhor em compara\u00e7\u00e3o com as tecnologias antigas. Outro benef\u00edcio extraordin\u00e1rio foi que ela acabou com a resist\u00eancia que impedia a ado\u00e7\u00e3o da tradu\u00e7\u00e3o autom\u00e1tica por todos os players do mercado, conseguindo, agora, uma \u201cmudan\u00e7a psicol\u00f3gica\u201d bem-sucedida para essa nova tecnologia. Os usu\u00e1rios come\u00e7aram a apreciar a \u201cusabilidade\u201d dessa solu\u00e7\u00e3o mais r\u00e1pida e econ\u00f4mica. Os clientes que adquiriam servi\u00e7os de tradu\u00e7\u00e3o come\u00e7aram a desafiar seus fornecedores com um argumento inacredit\u00e1vel: \u201cA tradu\u00e7\u00e3o autom\u00e1tica est\u00e1 me fornecendo a mesma qualidade ou at\u00e9 melhor do que voc\u00ea vem fornecendo\u201d. Enquanto isso, do outro lado, os linguistas come\u00e7aram a elogiar a tradu\u00e7\u00e3o de m\u00e1quina que recebiam de seus gerentes de projeto para processamento."},"shortcode-map":{"type":"textfield","raw":""},"dyk-shortcode":{"type":"textfield","raw":"[elementor-template id=\"147273\"]"},"text-2":{"type":"textarea","raw":"<h2 style=\"padding-bottom: 10px\">Motores de tradu\u00e7\u00e3o autom\u00e1tica da Trusted Translations<\/h2>As tradu\u00e7\u00f5es autom\u00e1ticas se baseiam em textos previamente traduzidos, geralmente chamados de corpora de texto bil\u00edngue. Para tecnologias mais antigas, um corpus suficientemente grande ajudava a construir um motor de tradu\u00e7\u00e3o autom\u00e1tica que podia ser usado com precis\u00e3o impressionante. Com o advento da NMT, os corpora de alta qualidade s\u00e3o o que realmente importa. Grandes volumes de unidades de tradu\u00e7\u00e3o n\u00e3o s\u00e3o mais necess\u00e1rios, pois j\u00e1 n\u00e3o s\u00e3o os diferenciais reais para os algoritmos. Em resumo, a democratiza\u00e7\u00e3o da MT veio para ficar.\r\n\r\nA Trusted Translations consegue oferecer a voc\u00ea um motor com base em uma MT neural personalizada caso uma MT neural de dom\u00ednio geral n\u00e3o atenda suas necessidades. Nossos especialistas ajudar\u00e3o voc\u00ea a determinar, antes de qualquer coisa, se uma solu\u00e7\u00e3o de MT \u00e9 um caminho vi\u00e1vel para atender suas necessidades. Em seguida, ajudaremos voc\u00ea a definir qual dos dois principais tipos de motor melhor se adapta \u00e0 sua estrat\u00e9gia de globaliza\u00e7\u00e3o: uma solu\u00e7\u00e3o de tradu\u00e7\u00e3o autom\u00e1tica neural de dom\u00ednio geral, baseada no uso de um motor de tradu\u00e7\u00e3o autom\u00e1tica geral (General Machine Translation Engine, GNMTE), ou uma solu\u00e7\u00e3o de tradu\u00e7\u00e3o autom\u00e1tica personalizada, baseada no uso de um motor de tradu\u00e7\u00e3o autom\u00e1tica personalizado (Custom Machine Translation Engine, CNMTE). A principal diferen\u00e7a entre um GNMTE e um CNMTE \u00e9 que um GNMTE geralmente \u00e9 um motor \u201cpronto para uso\u201d, sem nenhuma personaliza\u00e7\u00e3o para as necessidades de um cliente espec\u00edfico. Em contraste, um CNMTE \u00e9 um mecanismo personalizado, constru\u00eddo e adaptado para um cliente espec\u00edfico. Ambas as op\u00e7\u00f5es podem ser complementadas com p\u00f3s-edi\u00e7\u00e3o humana e at\u00e9 mesmo com etapas extras de revis\u00e3o para melhorar a qualidade. Al\u00e9m disso, uma solu\u00e7\u00e3o de tradu\u00e7\u00e3o autom\u00e1tica personalizada permite que o motor em si se torne mais inteligente com o passar do tempo, com base nas necessidades e conte\u00fado espec\u00edficos do cliente. Normalmente, as solu\u00e7\u00f5es gerais de tradu\u00e7\u00e3o autom\u00e1tica podem ser um pouco melhoradas para um cliente espec\u00edfico, sendo complementadas com o uso de um servidor de mem\u00f3ria de tradu\u00e7\u00e3o, mas nunca no mesmo n\u00edvel alcan\u00e7ado com o treinamento dos motores personalizados.\r\n\r\nCom base em suas metas, determinaremos a melhor abordagem, criaremos um plano e implementaremos a solu\u00e7\u00e3o de MT apropriada para voc\u00ea, de A a Z. A Trusted Translations \u00e9 uma das poucas empresas no mundo que entende essa tecnologia e tem o conhecimento para implementar uma solu\u00e7\u00e3o que produza tradu\u00e7\u00f5es autom\u00e1ticas de alta qualidade, que ficam melhores com o passar do tempo gra\u00e7as \u00e0 personaliza\u00e7\u00e3o e p\u00f3s-edi\u00e7\u00e3o humanas. Fale conosco hoje mesmo para receber uma avalia\u00e7\u00e3o gratuita e saber se o seu projeto \u00e9 adequado para uma solu\u00e7\u00e3o de MT.\r\n<h2 style=\"padding-bottom: 10px\"Servidores de mem\u00f3ria de tradu\u00e7\u00e3o e motores de MT de dom\u00ednio geral<\/h2>Como mencionado acima, os servidores de mem\u00f3ria de tradu\u00e7\u00e3o, combinados com os motores de MT neurais de dom\u00ednio geral, podem formar uma solu\u00e7\u00e3o mais simples e de custo mais baixo quando comparados a uma MT neural personalizada de alta qualidade. Isso \u00e9 feito por meio da integra\u00e7\u00e3o de um servidor de mem\u00f3ria de tradu\u00e7\u00e3o com a mem\u00f3ria de tradu\u00e7\u00e3o apropriada no processo de tradu\u00e7\u00e3o. Um \u201cservidor de mem\u00f3ria de tradu\u00e7\u00e3o\u201d (Translation Memory Server, TMS)  refere-se a um servidor que armazena mem\u00f3rias de tradu\u00e7\u00e3o para acesso por outros tradutores. O servidor hospeda a mem\u00f3ria de tradu\u00e7\u00e3o num local centralizado, permitindo que tradutores humanos acessem as tradu\u00e7\u00f5es anteriores e, em alguns casos, tenham a capacidade de modificar e melhorar a mem\u00f3ria de tradu\u00e7\u00e3o. Um TMS n\u00e3o deve ser confundido com um motor de tradu\u00e7\u00e3o autom\u00e1tica neural de dom\u00ednio geral (GNMTE). S\u00e3o duas ferramentas separadas, que podem ser combinadas ou usadas separadamente. Como os resultados dos GNMTE sozinhos geralmente n\u00e3o s\u00e3o t\u00e3o confi\u00e1veis para um assunto espec\u00edfico (mesmo com edi\u00e7\u00e3o humana), geralmente recomendamos a integra\u00e7\u00e3o de um servidor de mem\u00f3ria de tradu\u00e7\u00e3o ao fluxo de trabalho para melhorar a qualidade da tradu\u00e7\u00e3o. A Trusted Translations possui uma das equipes mais experientes do setor quando se trata de implementar mem\u00f3rias de tradu\u00e7\u00e3o e gerenciar servidores de mem\u00f3ria de tradu\u00e7\u00e3o como parte de uma solu\u00e7\u00e3o de MT neural de dom\u00ednio geral."},"state":{"type":"textfield","raw":""},"city":{"type":"textarea","raw":[]}}},"_links":{"self":[{"href":"https:\/\/www.trustedtranslations.com\/pt-br\/wp-json\/wp\/v2\/pages\/134971","targetHints":{"allow":["GET"]}}],"collection":[{"href":"https:\/\/www.trustedtranslations.com\/pt-br\/wp-json\/wp\/v2\/pages"}],"about":[{"href":"https:\/\/www.trustedtranslations.com\/pt-br\/wp-json\/wp\/v2\/types\/page"}],"author":[{"embeddable":true,"href":"https:\/\/www.trustedtranslations.com\/pt-br\/wp-json\/wp\/v2\/users\/1"}],"replies":[{"embeddable":true,"href":"https:\/\/www.trustedtranslations.com\/pt-br\/wp-json\/wp\/v2\/comments?post=134971"}],"version-history":[{"count":0,"href":"https:\/\/www.trustedtranslations.com\/pt-br\/wp-json\/wp\/v2\/pages\/134971\/revisions"}],"up":[{"embeddable":true,"href":"https:\/\/www.trustedtranslations.com\/pt-br\/wp-json\/wp\/v2\/pages\/135075"}],"wp:featuredmedia":[{"embeddable":true,"href":"https:\/\/www.trustedtranslations.com\/pt-br\/wp-json\/wp\/v2\/media\/243691"}],"wp:attachment":[{"href":"https:\/\/www.trustedtranslations.com\/pt-br\/wp-json\/wp\/v2\/media?parent=134971"}],"curies":[{"name":"wp","href":"https:\/\/api.w.org\/{rel}","templated":true}]}}