{"id":134974,"date":"2018-11-14T16:58:58","date_gmt":"2018-11-14T16:58:58","guid":{"rendered":"https:\/\/www.trustedtranslations.com\/?page_id=134974"},"modified":"2024-09-04T17:18:49","modified_gmt":"2024-09-04T20:18:49","slug":"website","status":"publish","type":"page","link":"https:\/\/www.trustedtranslations.com\/pt-br\/servicos\/humana\/website","title":{"rendered":"Website"},"content":{"rendered":"","protected":false},"excerpt":{"rendered":"","protected":false},"author":1,"featured_media":235827,"parent":134978,"menu_order":2,"comment_status":"closed","ping_status":"closed","template":"","meta":{"site-sidebar-layout":"default","site-content-layout":"default","ast-site-content-layout":"default","site-content-style":"default","site-sidebar-style":"default","ast-global-header-display":"","ast-banner-title-visibility":"","ast-main-header-display":"","ast-hfb-above-header-display":"","ast-hfb-below-header-display":"","ast-hfb-mobile-header-display":"","site-post-title":"disabled","ast-breadcrumbs-content":"","ast-featured-img":"","footer-sml-layout":"","theme-transparent-header-meta":"default","adv-header-id-meta":"","stick-header-meta":"","header-above-stick-meta":"","header-main-stick-meta":"","header-below-stick-meta":"","astra-migrate-meta-layouts":"set","ast-page-background-enabled":"default","ast-page-background-meta":{"desktop":{"background-color":"var(--ast-global-color-4)","background-image":"","background-repeat":"repeat","background-position":"center center","background-size":"auto","background-attachment":"scroll","background-type":"","background-media":"","overlay-type":"","overlay-color":"","overlay-opacity":"","overlay-gradient":""},"tablet":{"background-color":"","background-image":"","background-repeat":"repeat","background-position":"center center","background-size":"auto","background-attachment":"scroll","background-type":"","background-media":"","overlay-type":"","overlay-color":"","overlay-opacity":"","overlay-gradient":""},"mobile":{"background-color":"","background-image":"","background-repeat":"repeat","background-position":"center center","background-size":"auto","background-attachment":"scroll","background-type":"","background-media":"","overlay-type":"","overlay-color":"","overlay-opacity":"","overlay-gradient":""}},"ast-content-background-meta":{"desktop":{"background-color":"var(--ast-global-color-5)","background-image":"","background-repeat":"repeat","background-position":"center center","background-size":"auto","background-attachment":"scroll","background-type":"","background-media":"","overlay-type":"","overlay-color":"","overlay-opacity":"","overlay-gradient":""},"tablet":{"background-color":"var(--ast-global-color-5)","background-image":"","background-repeat":"repeat","background-position":"center center","background-size":"auto","background-attachment":"scroll","background-type":"","background-media":"","overlay-type":"","overlay-color":"","overlay-opacity":"","overlay-gradient":""},"mobile":{"background-color":"var(--ast-global-color-5)","background-image":"","background-repeat":"repeat","background-position":"center center","background-size":"auto","background-attachment":"scroll","background-type":"","background-media":"","overlay-type":"","overlay-color":"","overlay-opacity":"","overlay-gradient":""}},"footnotes":""},"class_list":["post-134974","page","type-page","status-publish","has-post-thumbnail","hentry"],"yoast_head":"<!-- This site is optimized with the Yoast SEO plugin v27.5 - https:\/\/yoast.com\/product\/yoast-seo-wordpress\/ -->\n<title>Tradu\u00e7\u00e3o e localiza\u00e7\u00e3o de sites - Trusted Translations, Inc.<\/title>\n<meta name=\"description\" content=\"A Trusted Translations pode ajud\u00e1-lo a desenvolver uma presen\u00e7a verdadeiramente global na internet, traduzindo o seu site inteiro ou apenas as p\u00e1ginas principais.\" \/>\n<meta name=\"robots\" content=\"index, follow, max-snippet:-1, max-image-preview:large, max-video-preview:-1\" \/>\n<link rel=\"canonical\" href=\"https:\/\/www.trustedtranslations.com\/pt-br\/servicos\/humana\/website\" \/>\n<meta property=\"og:locale\" content=\"pt_BR\" \/>\n<meta property=\"og:type\" content=\"article\" \/>\n<meta property=\"og:title\" content=\"Tradu\u00e7\u00e3o e localiza\u00e7\u00e3o de sites - Trusted Translations, Inc.\" \/>\n<meta property=\"og:description\" content=\"A Trusted Translations pode ajud\u00e1-lo a desenvolver uma presen\u00e7a verdadeiramente global na internet, traduzindo o seu site inteiro ou apenas as p\u00e1ginas principais.\" \/>\n<meta property=\"og:url\" content=\"https:\/\/www.trustedtranslations.com\/pt-br\/servicos\/humana\/website\" \/>\n<meta property=\"og:site_name\" content=\"Trusted Translations, Inc.\" \/>\n<meta property=\"article:publisher\" content=\"https:\/\/www.facebook.com\/Trusted.Translations\" \/>\n<meta property=\"article:modified_time\" content=\"2024-09-04T20:18:49+00:00\" \/>\n<meta property=\"og:image\" content=\"https:\/\/static.trustedtranslations.com\/wp-content\/uploads\/2024\/02\/TT-ICON_Human-translation.webp\" \/>\n\t<meta property=\"og:image:width\" content=\"150\" \/>\n\t<meta property=\"og:image:height\" content=\"150\" \/>\n\t<meta property=\"og:image:type\" content=\"image\/webp\" \/>\n<meta name=\"twitter:card\" content=\"summary_large_image\" \/>\n<meta name=\"twitter:site\" content=\"@TrustedT9ns\" \/>\n<script type=\"application\/ld+json\" class=\"yoast-schema-graph\">{\"@context\":\"https:\\\/\\\/schema.org\",\"@graph\":[{\"@type\":\"WebPage\",\"@id\":\"https:\\\/\\\/www.trustedtranslations.com\\\/pt-br\\\/servicos\\\/humana\\\/website\",\"url\":\"https:\\\/\\\/www.trustedtranslations.com\\\/pt-br\\\/servicos\\\/humana\\\/website\",\"name\":\"Tradu\u00e7\u00e3o e localiza\u00e7\u00e3o de sites - Trusted Translations, Inc.\",\"isPartOf\":{\"@id\":\"https:\\\/\\\/www.trustedtranslations.com\\\/pt-br\\\/#website\"},\"primaryImageOfPage\":{\"@id\":\"https:\\\/\\\/www.trustedtranslations.com\\\/pt-br\\\/servicos\\\/humana\\\/website#primaryimage\"},\"image\":{\"@id\":\"https:\\\/\\\/www.trustedtranslations.com\\\/pt-br\\\/servicos\\\/humana\\\/website#primaryimage\"},\"thumbnailUrl\":\"https:\\\/\\\/www.trustedtranslations.com\\\/wp-content\\\/uploads\\\/2024\\\/02\\\/TT-ICON_Human-translation.webp\",\"description\":\"A Trusted Translations pode ajud\u00e1-lo a desenvolver uma presen\u00e7a verdadeiramente global na internet, traduzindo o seu site inteiro ou apenas as p\u00e1ginas principais.\",\"breadcrumb\":{\"@id\":\"https:\\\/\\\/www.trustedtranslations.com\\\/pt-br\\\/servicos\\\/humana\\\/website#breadcrumb\"},\"inLanguage\":\"pt-BR\",\"potentialAction\":[{\"@type\":\"ReadAction\",\"target\":[\"https:\\\/\\\/www.trustedtranslations.com\\\/pt-br\\\/servicos\\\/humana\\\/website\"]}]},{\"@type\":\"ImageObject\",\"inLanguage\":\"pt-BR\",\"@id\":\"https:\\\/\\\/www.trustedtranslations.com\\\/pt-br\\\/servicos\\\/humana\\\/website#primaryimage\",\"url\":\"https:\\\/\\\/www.trustedtranslations.com\\\/wp-content\\\/uploads\\\/2024\\\/02\\\/TT-ICON_Human-translation.webp\",\"contentUrl\":\"https:\\\/\\\/www.trustedtranslations.com\\\/wp-content\\\/uploads\\\/2024\\\/02\\\/TT-ICON_Human-translation.webp\",\"width\":150,\"height\":150,\"caption\":\"TT ICON Human translation\"},{\"@type\":\"BreadcrumbList\",\"@id\":\"https:\\\/\\\/www.trustedtranslations.com\\\/pt-br\\\/servicos\\\/humana\\\/website#breadcrumb\",\"itemListElement\":[{\"@type\":\"ListItem\",\"position\":1,\"name\":\"Home\",\"item\":\"https:\\\/\\\/www.trustedtranslations.com\\\/pt-br\"},{\"@type\":\"ListItem\",\"position\":2,\"name\":\"Servi\u00e7os\",\"item\":\"https:\\\/\\\/www.trustedtranslations.com\\\/pt-br\\\/servicos\"},{\"@type\":\"ListItem\",\"position\":3,\"name\":\"Tradu\u00e7\u00e3o humana\",\"item\":\"https:\\\/\\\/www.trustedtranslations.com\\\/pt-br\\\/servicos\\\/humana\"},{\"@type\":\"ListItem\",\"position\":4,\"name\":\"Website\"}]},{\"@type\":\"WebSite\",\"@id\":\"https:\\\/\\\/www.trustedtranslations.com\\\/pt-br\\\/#website\",\"url\":\"https:\\\/\\\/www.trustedtranslations.com\\\/pt-br\\\/\",\"name\":\"Trusted Translations, Inc.\",\"description\":\"Leader in translation and interpretation services.\",\"publisher\":{\"@id\":\"https:\\\/\\\/www.trustedtranslations.com\\\/pt-br\\\/#organization\"},\"alternateName\":\"Trusted Translations\",\"potentialAction\":[{\"@type\":\"SearchAction\",\"target\":{\"@type\":\"EntryPoint\",\"urlTemplate\":\"https:\\\/\\\/www.trustedtranslations.com\\\/pt-br\\\/?s={search_term_string}\"},\"query-input\":{\"@type\":\"PropertyValueSpecification\",\"valueRequired\":true,\"valueName\":\"search_term_string\"}}],\"inLanguage\":\"pt-BR\"},{\"@type\":\"Organization\",\"@id\":\"https:\\\/\\\/www.trustedtranslations.com\\\/pt-br\\\/#organization\",\"name\":\"Trusted Translations\",\"alternateName\":\"Trusted Translations, Inc.\",\"url\":\"https:\\\/\\\/www.trustedtranslations.com\\\/pt-br\\\/\",\"logo\":{\"@type\":\"ImageObject\",\"inLanguage\":\"pt-BR\",\"@id\":\"https:\\\/\\\/www.trustedtranslations.com\\\/pt-br\\\/#\\\/schema\\\/logo\\\/image\\\/\",\"url\":\"https:\\\/\\\/static.trustedtranslations.com\\\/wp-content\\\/uploads\\\/2022\\\/01\\\/TT_logo_WSIColors-2.png\",\"contentUrl\":\"https:\\\/\\\/static.trustedtranslations.com\\\/wp-content\\\/uploads\\\/2022\\\/01\\\/TT_logo_WSIColors-2.png\",\"width\":500,\"height\":196,\"caption\":\"Trusted Translations\"},\"image\":{\"@id\":\"https:\\\/\\\/www.trustedtranslations.com\\\/pt-br\\\/#\\\/schema\\\/logo\\\/image\\\/\"},\"sameAs\":[\"https:\\\/\\\/www.facebook.com\\\/Trusted.Translations\",\"https:\\\/\\\/x.com\\\/TrustedT9ns\",\"https:\\\/\\\/www.linkedin.com\\\/company\\\/trusted-translations\"]}]}<\/script>\n<!-- \/ Yoast SEO plugin. -->","yoast_head_json":{"title":"Tradu\u00e7\u00e3o e localiza\u00e7\u00e3o de sites - Trusted Translations, Inc.","description":"A Trusted Translations pode ajud\u00e1-lo a desenvolver uma presen\u00e7a verdadeiramente global na internet, traduzindo o seu site inteiro ou apenas as p\u00e1ginas principais.","robots":{"index":"index","follow":"follow","max-snippet":"max-snippet:-1","max-image-preview":"max-image-preview:large","max-video-preview":"max-video-preview:-1"},"canonical":"https:\/\/www.trustedtranslations.com\/pt-br\/servicos\/humana\/website","og_locale":"pt_BR","og_type":"article","og_title":"Tradu\u00e7\u00e3o e localiza\u00e7\u00e3o de sites - Trusted Translations, Inc.","og_description":"A Trusted Translations pode ajud\u00e1-lo a desenvolver uma presen\u00e7a verdadeiramente global na internet, traduzindo o seu site inteiro ou apenas as p\u00e1ginas principais.","og_url":"https:\/\/www.trustedtranslations.com\/pt-br\/servicos\/humana\/website","og_site_name":"Trusted Translations, Inc.","article_publisher":"https:\/\/www.facebook.com\/Trusted.Translations","article_modified_time":"2024-09-04T20:18:49+00:00","og_image":[{"width":150,"height":150,"url":"https:\/\/static.trustedtranslations.com\/wp-content\/uploads\/2024\/02\/TT-ICON_Human-translation.webp","type":"image\/webp"}],"twitter_card":"summary_large_image","twitter_site":"@TrustedT9ns","schema":{"@context":"https:\/\/schema.org","@graph":[{"@type":"WebPage","@id":"https:\/\/www.trustedtranslations.com\/pt-br\/servicos\/humana\/website","url":"https:\/\/www.trustedtranslations.com\/pt-br\/servicos\/humana\/website","name":"Tradu\u00e7\u00e3o e localiza\u00e7\u00e3o de sites - Trusted Translations, Inc.","isPartOf":{"@id":"https:\/\/www.trustedtranslations.com\/pt-br\/#website"},"primaryImageOfPage":{"@id":"https:\/\/www.trustedtranslations.com\/pt-br\/servicos\/humana\/website#primaryimage"},"image":{"@id":"https:\/\/www.trustedtranslations.com\/pt-br\/servicos\/humana\/website#primaryimage"},"thumbnailUrl":"https:\/\/www.trustedtranslations.com\/wp-content\/uploads\/2024\/02\/TT-ICON_Human-translation.webp","description":"A Trusted Translations pode ajud\u00e1-lo a desenvolver uma presen\u00e7a verdadeiramente global na internet, traduzindo o seu site inteiro ou apenas as p\u00e1ginas principais.","breadcrumb":{"@id":"https:\/\/www.trustedtranslations.com\/pt-br\/servicos\/humana\/website#breadcrumb"},"inLanguage":"pt-BR","potentialAction":[{"@type":"ReadAction","target":["https:\/\/www.trustedtranslations.com\/pt-br\/servicos\/humana\/website"]}]},{"@type":"ImageObject","inLanguage":"pt-BR","@id":"https:\/\/www.trustedtranslations.com\/pt-br\/servicos\/humana\/website#primaryimage","url":"https:\/\/www.trustedtranslations.com\/wp-content\/uploads\/2024\/02\/TT-ICON_Human-translation.webp","contentUrl":"https:\/\/www.trustedtranslations.com\/wp-content\/uploads\/2024\/02\/TT-ICON_Human-translation.webp","width":150,"height":150,"caption":"TT ICON Human translation"},{"@type":"BreadcrumbList","@id":"https:\/\/www.trustedtranslations.com\/pt-br\/servicos\/humana\/website#breadcrumb","itemListElement":[{"@type":"ListItem","position":1,"name":"Home","item":"https:\/\/www.trustedtranslations.com\/pt-br"},{"@type":"ListItem","position":2,"name":"Servi\u00e7os","item":"https:\/\/www.trustedtranslations.com\/pt-br\/servicos"},{"@type":"ListItem","position":3,"name":"Tradu\u00e7\u00e3o humana","item":"https:\/\/www.trustedtranslations.com\/pt-br\/servicos\/humana"},{"@type":"ListItem","position":4,"name":"Website"}]},{"@type":"WebSite","@id":"https:\/\/www.trustedtranslations.com\/pt-br\/#website","url":"https:\/\/www.trustedtranslations.com\/pt-br\/","name":"Trusted Translations, Inc.","description":"Leader in translation and interpretation services.","publisher":{"@id":"https:\/\/www.trustedtranslations.com\/pt-br\/#organization"},"alternateName":"Trusted Translations","potentialAction":[{"@type":"SearchAction","target":{"@type":"EntryPoint","urlTemplate":"https:\/\/www.trustedtranslations.com\/pt-br\/?s={search_term_string}"},"query-input":{"@type":"PropertyValueSpecification","valueRequired":true,"valueName":"search_term_string"}}],"inLanguage":"pt-BR"},{"@type":"Organization","@id":"https:\/\/www.trustedtranslations.com\/pt-br\/#organization","name":"Trusted Translations","alternateName":"Trusted Translations, Inc.","url":"https:\/\/www.trustedtranslations.com\/pt-br\/","logo":{"@type":"ImageObject","inLanguage":"pt-BR","@id":"https:\/\/www.trustedtranslations.com\/pt-br\/#\/schema\/logo\/image\/","url":"https:\/\/static.trustedtranslations.com\/wp-content\/uploads\/2022\/01\/TT_logo_WSIColors-2.png","contentUrl":"https:\/\/static.trustedtranslations.com\/wp-content\/uploads\/2022\/01\/TT_logo_WSIColors-2.png","width":500,"height":196,"caption":"Trusted Translations"},"image":{"@id":"https:\/\/www.trustedtranslations.com\/pt-br\/#\/schema\/logo\/image\/"},"sameAs":["https:\/\/www.facebook.com\/Trusted.Translations","https:\/\/x.com\/TrustedT9ns","https:\/\/www.linkedin.com\/company\/trusted-translations"]}]}},"toolset-meta":{"dyk":{"mensaje-1":{"type":"textfield","raw":"Mais da metade de todo o tr\u00e1fego online vem de pa\u00edses onde o ingl\u00eas n\u00e3o \u00e9 um idioma oficial."},"mensaje-2":{"type":"textfield","raw":"Mais de 70% dos consumidores priorizam visitar sites em seu idioma nativo."},"mensaje-3":{"type":"textfield","raw":"Nossos tradutores especializados s\u00e3o familiarizados com scripts HTML, PHP, ASP, JavaScript e CGI."},"mensaje-4":{"type":"textfield","raw":"84% dos consumidores acham que um site profissional mostra credibilidade."},"mensaje-5":{"type":"textfield","raw":""},"mensaje-6":{"type":"textfield","raw":""}},"single-page-template-fields":{"imgs-temp":{"type":"image","raw":["https:\/\/static.trustedtranslations.com\/wp-content\/uploads\/2024\/06\/website-final-1.webp"],"repeatable":[{"raw":"https:\/\/static.trustedtranslations.com\/wp-content\/uploads\/2024\/06\/website-final-1.webp"}]},"imgs-temp-cel":{"type":"image","raw":[""],"repeatable":[{"raw":""}]},"img-temp-one-cel":{"type":"image","raw":"https:\/\/static.trustedtranslations.com\/wp-content\/uploads\/2024\/06\/AdobeStock_115834323-3-1.webp","attachment_id":null},"quotes":{"type":"textarea","raw":"<h1 style=\"margin-bottom: 12px;\">Sites multil\u00edngues<\/h1>\r\nComo um alicerce da nova economia, o seu site \u00e9 uma de suas ferramentas de marketing mais poderosas. Sendo assim, oferecer o seu site em v\u00e1rios idiomas pode ter um efeito exponencial nas suas vendas e presen\u00e7a online. A Trusted Translations trabalha com grandes, m\u00e9dias e pequenas empresas, traduzindo os sites e construindo plataformas multil\u00edngues para essas organiza\u00e7\u00f5es com \u00f3timos resultados.\r\n<div style=\"margin-top: 2.5vw;\"><a class=\"tt-btn-main-cta\" href=\"https:\/\/www.trustedtranslations.com\/pt-br\/solicitud-orcamento\">Solicite um or\u00e7amento gratuito<\/a><\/div>"},"text-1":{"type":"textarea","raw":"<h2>Seu site, multil\u00edngue<\/h2>\r\nPara executar uma tradu\u00e7\u00e3o eficaz do seu site, nossos profissionais de idiomas s\u00e3o especialistas em traduzir conte\u00fado que inclui termos altamente t\u00e9cnicos em \u00e1reas como Engenharia, TI, Maquin\u00e1rio Industrial, Eletr\u00f4nica, Mec\u00e2nica, El\u00e9trica, Manufatura, Automa\u00e7\u00e3o, Marketing, Finan\u00e7as e muitas outras. Mais de 50% de todo o tr\u00e1fego da internet vem de pa\u00edses que n\u00e3o falam ingl\u00eas. Temos uma equipe dedicada que pode ajud\u00e1-lo a desenvolver uma presen\u00e7a verdadeiramente global na internet. O mercado online tem registrado crescimento anual de dois d\u00edgitos recentemente, e provavelmente continuar\u00e1 a crescer.\r\n<h2>Tradu\u00e7\u00e3o de sites em espanhol<\/h2>\r\nA <em>Trusted Translations<\/em> pode traduzir qualquer coisa, de uma \u00fanica p\u00e1gina da web (por exemplo, sua p\u00e1gina inicial) at\u00e9 todo o seu site, de e para espanhol e ingl\u00eas, sem perder nenhuma funcionalidade. Como os nossos especialistas internos lidam diariamente com scripts HTML, PHP, ASP, JavaScript e CGI, podemos garantir que a integridade da sua codifica\u00e7\u00e3o original permane\u00e7a intacta. A tradu\u00e7\u00e3o de sites exige total precis\u00e3o, conhecimento cultural especializado e alto n\u00edvel de organiza\u00e7\u00e3o. Trabalhamos em estreita colabora\u00e7\u00e3o com os nossos clientes para garantir que esses requisitos sejam atendidos. Os clientes da web variam de vendedores de moda a fabricantes de equipamentos. Quer o texto seja t\u00e9cnico, de marketing, orientado para o estilo de vida ou tenha elementos de todos os tr\u00eas, a <em>Trusted Translations<\/em> re\u00fane uma equipe com variedade e quantidade para produzir conte\u00fado preciso e atraente que seja apropriado para o seu mercado-alvo.\r\n<h2>Localiza\u00e7\u00e3o de sites<\/h2>\r\nA localiza\u00e7\u00e3o de sites \u00e9 definida como o processo de converter o formato e o conte\u00fado de um site num formato lingu\u00edstica e culturalmente apropriado para outro mercado de idiomas. \u00c9 a adapta\u00e7\u00e3o de gr\u00e1ficos, sistema de navega\u00e7\u00e3o, otimiza\u00e7\u00e3o e muito mais. A confian\u00e7a \u00e9 muito importante para os clientes da internet e, para isso, seu site precisa ter a apar\u00eancia, o som e a sensa\u00e7\u00e3o adequados ao mercado-alvo espec\u00edfico."},"shortcode-map":{"type":"textfield","raw":""},"dyk-shortcode":{"type":"textfield","raw":"[elementor-template id=\"147273\"]"},"text-2":{"type":"textarea","raw":"<h2>Localize o seu site<\/h2>\r\nQuando voc\u00ea toma a decis\u00e3o de localizar o seu site, h\u00e1 mais coisas envolvidas do que apenas a tradu\u00e7\u00e3o do conte\u00fado. Uma localiza\u00e7\u00e3o para a web requer uma repagina\u00e7\u00e3o do site. Isso pode incluir uma nova abordagem de comunica\u00e7\u00e3o, pois seu p\u00fablico-alvo passar\u00e1 de um grupo espec\u00edfico para outro mais amplo. Nossa equipe de localiza\u00e7\u00e3o pode ajud\u00e1-lo em cada etapa do processo: nossos servi\u00e7os incluem tradu\u00e7\u00f5es de textos escritos, juntamente com as altera\u00e7\u00f5es de formato necess\u00e1rias, a cria\u00e7\u00e3o de links corretos, URLs (endere\u00e7os da web) e, por fim, um cuidado especial com as diferen\u00e7as culturais. Veja a seguir uma lista de produtos de localiza\u00e7\u00e3o comuns:\r\n<ul>\r\n \t<li><a href=\"https:\/\/www.trustedtranslations.com\/pt-br\/servicos\/formatos-arquivos\/wordpress\" target=\"_blank\" rel=\"noopener\">Conte\u00fados de sites<\/a><\/li>\r\n \t<li>Tradu\u00e7\u00f5es simples da web (evitam a codifica\u00e7\u00e3o dupla)<\/li>\r\n \t<li>Localiza\u00e7\u00e3o de gr\u00e1ficos 2D e 3D<\/li>\r\n \t<li>Aplicativos web e multim\u00eddia<\/li>\r\n \t<li>Componentes de \u00e1udio e v\u00eddeo<\/li>\r\n \t<li>Publica\u00e7\u00e3o na web<\/li>\r\n \t<li>Publica\u00e7\u00e3o em XML<\/li>\r\n \t<li>Adapta\u00e7\u00e3o de moedas para lojas online<\/li>\r\n<\/ul>\r\n<h2>Localiza\u00e7\u00e3o de sites em espanhol<\/h2>\r\nComo um dos principais fornecedores de globaliza\u00e7\u00e3o do espanhol, temos a experi\u00eancia para ajudar sua empresa na localiza\u00e7\u00e3o de sua mensagem para focar em qualquer mercado espec\u00edfico de l\u00edngua espanhola, ou em todos os mercados de l\u00edngua espanhola atrav\u00e9s de um \u00fanico site em espanhol apresentado em espanhol neutro."},"state":{"type":"textfield","raw":""},"city":{"type":"textarea","raw":[]}}},"_links":{"self":[{"href":"https:\/\/www.trustedtranslations.com\/pt-br\/wp-json\/wp\/v2\/pages\/134974","targetHints":{"allow":["GET"]}}],"collection":[{"href":"https:\/\/www.trustedtranslations.com\/pt-br\/wp-json\/wp\/v2\/pages"}],"about":[{"href":"https:\/\/www.trustedtranslations.com\/pt-br\/wp-json\/wp\/v2\/types\/page"}],"author":[{"embeddable":true,"href":"https:\/\/www.trustedtranslations.com\/pt-br\/wp-json\/wp\/v2\/users\/1"}],"replies":[{"embeddable":true,"href":"https:\/\/www.trustedtranslations.com\/pt-br\/wp-json\/wp\/v2\/comments?post=134974"}],"version-history":[{"count":0,"href":"https:\/\/www.trustedtranslations.com\/pt-br\/wp-json\/wp\/v2\/pages\/134974\/revisions"}],"up":[{"embeddable":true,"href":"https:\/\/www.trustedtranslations.com\/pt-br\/wp-json\/wp\/v2\/pages\/134978"}],"wp:featuredmedia":[{"embeddable":true,"href":"https:\/\/www.trustedtranslations.com\/pt-br\/wp-json\/wp\/v2\/media\/235827"}],"wp:attachment":[{"href":"https:\/\/www.trustedtranslations.com\/pt-br\/wp-json\/wp\/v2\/media?parent=134974"}],"curies":[{"name":"wp","href":"https:\/\/api.w.org\/{rel}","templated":true}]}}