{"id":134975,"date":"2018-11-14T16:47:18","date_gmt":"2018-11-14T16:47:18","guid":{"rendered":"https:\/\/www.trustedtranslations.com\/?page_id=134975"},"modified":"2025-08-14T13:10:35","modified_gmt":"2025-08-14T16:10:35","slug":"documento","status":"publish","type":"page","link":"https:\/\/www.trustedtranslations.com\/pt-br\/servicos\/humana\/documento","title":{"rendered":"Documentos"},"content":{"rendered":"","protected":false},"excerpt":{"rendered":"","protected":false},"author":1,"featured_media":236275,"parent":134978,"menu_order":1,"comment_status":"closed","ping_status":"closed","template":"","meta":{"site-sidebar-layout":"default","site-content-layout":"default","ast-site-content-layout":"default","site-content-style":"default","site-sidebar-style":"default","ast-global-header-display":"","ast-banner-title-visibility":"","ast-main-header-display":"","ast-hfb-above-header-display":"","ast-hfb-below-header-display":"","ast-hfb-mobile-header-display":"","site-post-title":"disabled","ast-breadcrumbs-content":"","ast-featured-img":"","footer-sml-layout":"","ast-disable-related-posts":"","theme-transparent-header-meta":"default","adv-header-id-meta":"","stick-header-meta":"","header-above-stick-meta":"","header-main-stick-meta":"","header-below-stick-meta":"","astra-migrate-meta-layouts":"set","ast-page-background-enabled":"default","ast-page-background-meta":{"desktop":{"background-color":"var(--ast-global-color-4)","background-image":"","background-repeat":"repeat","background-position":"center center","background-size":"auto","background-attachment":"scroll","background-type":"","background-media":"","overlay-type":"","overlay-color":"","overlay-opacity":"","overlay-gradient":""},"tablet":{"background-color":"","background-image":"","background-repeat":"repeat","background-position":"center center","background-size":"auto","background-attachment":"scroll","background-type":"","background-media":"","overlay-type":"","overlay-color":"","overlay-opacity":"","overlay-gradient":""},"mobile":{"background-color":"","background-image":"","background-repeat":"repeat","background-position":"center center","background-size":"auto","background-attachment":"scroll","background-type":"","background-media":"","overlay-type":"","overlay-color":"","overlay-opacity":"","overlay-gradient":""}},"ast-content-background-meta":{"desktop":{"background-color":"var(--ast-global-color-5)","background-image":"","background-repeat":"repeat","background-position":"center center","background-size":"auto","background-attachment":"scroll","background-type":"","background-media":"","overlay-type":"","overlay-color":"","overlay-opacity":"","overlay-gradient":""},"tablet":{"background-color":"var(--ast-global-color-5)","background-image":"","background-repeat":"repeat","background-position":"center center","background-size":"auto","background-attachment":"scroll","background-type":"","background-media":"","overlay-type":"","overlay-color":"","overlay-opacity":"","overlay-gradient":""},"mobile":{"background-color":"var(--ast-global-color-5)","background-image":"","background-repeat":"repeat","background-position":"center center","background-size":"auto","background-attachment":"scroll","background-type":"","background-media":"","overlay-type":"","overlay-color":"","overlay-opacity":"","overlay-gradient":""}},"footnotes":""},"class_list":["post-134975","page","type-page","status-publish","has-post-thumbnail","hentry"],"yoast_head":"<!-- This site is optimized with the Yoast SEO plugin v27.5 - https:\/\/yoast.com\/product\/yoast-seo-wordpress\/ -->\n<title>Tradu\u00e7\u00f5es de documentos - Trusted Translations, Inc.<\/title>\n<meta name=\"description\" content=\"Procurando o melhor servi\u00e7o de tradu\u00e7\u00e3o de documentos? J\u00e1 encontrou. Somos n\u00f3s! Clique aqui e solicite um or\u00e7amento gratuito.\" \/>\n<meta name=\"robots\" content=\"index, follow, max-snippet:-1, max-image-preview:large, max-video-preview:-1\" \/>\n<link rel=\"canonical\" href=\"https:\/\/www.trustedtranslations.com\/pt-br\/servicos\/humana\/documento\" \/>\n<meta property=\"og:locale\" content=\"pt_BR\" \/>\n<meta property=\"og:type\" content=\"article\" \/>\n<meta property=\"og:title\" content=\"Tradu\u00e7\u00f5es de documentos - Trusted Translations, Inc.\" \/>\n<meta property=\"og:description\" content=\"Procurando o melhor servi\u00e7o de tradu\u00e7\u00e3o de documentos? J\u00e1 encontrou. Somos n\u00f3s! Clique aqui e solicite um or\u00e7amento gratuito.\" \/>\n<meta property=\"og:url\" content=\"https:\/\/www.trustedtranslations.com\/pt-br\/servicos\/humana\/documento\" \/>\n<meta property=\"og:site_name\" content=\"Trusted Translations, Inc.\" \/>\n<meta property=\"article:publisher\" content=\"https:\/\/www.facebook.com\/Trusted.Translations\" \/>\n<meta property=\"article:modified_time\" content=\"2025-08-14T16:10:35+00:00\" \/>\n<meta property=\"og:image\" content=\"https:\/\/static.trustedtranslations.com\/wp-content\/uploads\/2024\/02\/TT-ICON_Document-Translations.webp\" \/>\n\t<meta property=\"og:image:width\" content=\"150\" \/>\n\t<meta property=\"og:image:height\" content=\"151\" \/>\n\t<meta property=\"og:image:type\" content=\"image\/webp\" \/>\n<meta name=\"twitter:card\" content=\"summary_large_image\" \/>\n<meta name=\"twitter:site\" content=\"@TrustedT9ns\" \/>\n<script type=\"application\/ld+json\" class=\"yoast-schema-graph\">{\"@context\":\"https:\\\/\\\/schema.org\",\"@graph\":[{\"@type\":\"WebPage\",\"@id\":\"https:\\\/\\\/www.trustedtranslations.com\\\/pt-br\\\/servicos\\\/humana\\\/documento\",\"url\":\"https:\\\/\\\/www.trustedtranslations.com\\\/pt-br\\\/servicos\\\/humana\\\/documento\",\"name\":\"Tradu\u00e7\u00f5es de documentos - Trusted Translations, Inc.\",\"isPartOf\":{\"@id\":\"https:\\\/\\\/www.trustedtranslations.com\\\/pt-br\\\/#website\"},\"primaryImageOfPage\":{\"@id\":\"https:\\\/\\\/www.trustedtranslations.com\\\/pt-br\\\/servicos\\\/humana\\\/documento#primaryimage\"},\"image\":{\"@id\":\"https:\\\/\\\/www.trustedtranslations.com\\\/pt-br\\\/servicos\\\/humana\\\/documento#primaryimage\"},\"thumbnailUrl\":\"https:\\\/\\\/www.trustedtranslations.com\\\/wp-content\\\/uploads\\\/2024\\\/02\\\/TT-ICON_Document-Translations.webp\",\"description\":\"Procurando o melhor servi\u00e7o de tradu\u00e7\u00e3o de documentos? J\u00e1 encontrou. Somos n\u00f3s! Clique aqui e solicite um or\u00e7amento gratuito.\",\"breadcrumb\":{\"@id\":\"https:\\\/\\\/www.trustedtranslations.com\\\/pt-br\\\/servicos\\\/humana\\\/documento#breadcrumb\"},\"inLanguage\":\"pt-BR\",\"potentialAction\":[{\"@type\":\"ReadAction\",\"target\":[\"https:\\\/\\\/www.trustedtranslations.com\\\/pt-br\\\/servicos\\\/humana\\\/documento\"]}]},{\"@type\":\"ImageObject\",\"inLanguage\":\"pt-BR\",\"@id\":\"https:\\\/\\\/www.trustedtranslations.com\\\/pt-br\\\/servicos\\\/humana\\\/documento#primaryimage\",\"url\":\"https:\\\/\\\/www.trustedtranslations.com\\\/wp-content\\\/uploads\\\/2024\\\/02\\\/TT-ICON_Document-Translations.webp\",\"contentUrl\":\"https:\\\/\\\/www.trustedtranslations.com\\\/wp-content\\\/uploads\\\/2024\\\/02\\\/TT-ICON_Document-Translations.webp\",\"width\":150,\"height\":151,\"caption\":\"TT ICON Document Translations\"},{\"@type\":\"BreadcrumbList\",\"@id\":\"https:\\\/\\\/www.trustedtranslations.com\\\/pt-br\\\/servicos\\\/humana\\\/documento#breadcrumb\",\"itemListElement\":[{\"@type\":\"ListItem\",\"position\":1,\"name\":\"Home\",\"item\":\"https:\\\/\\\/www.trustedtranslations.com\\\/pt-br\"},{\"@type\":\"ListItem\",\"position\":2,\"name\":\"Servi\u00e7os\",\"item\":\"https:\\\/\\\/www.trustedtranslations.com\\\/pt-br\\\/servicos\"},{\"@type\":\"ListItem\",\"position\":3,\"name\":\"Tradu\u00e7\u00e3o humana\",\"item\":\"https:\\\/\\\/www.trustedtranslations.com\\\/pt-br\\\/servicos\\\/humana\"},{\"@type\":\"ListItem\",\"position\":4,\"name\":\"Documentos\"}]},{\"@type\":\"WebSite\",\"@id\":\"https:\\\/\\\/www.trustedtranslations.com\\\/pt-br\\\/#website\",\"url\":\"https:\\\/\\\/www.trustedtranslations.com\\\/pt-br\\\/\",\"name\":\"Trusted Translations, Inc.\",\"description\":\"Leader in translation and interpretation services.\",\"publisher\":{\"@id\":\"https:\\\/\\\/www.trustedtranslations.com\\\/pt-br\\\/#organization\"},\"alternateName\":\"Trusted Translations\",\"potentialAction\":[{\"@type\":\"SearchAction\",\"target\":{\"@type\":\"EntryPoint\",\"urlTemplate\":\"https:\\\/\\\/www.trustedtranslations.com\\\/pt-br\\\/?s={search_term_string}\"},\"query-input\":{\"@type\":\"PropertyValueSpecification\",\"valueRequired\":true,\"valueName\":\"search_term_string\"}}],\"inLanguage\":\"pt-BR\"},{\"@type\":\"Organization\",\"@id\":\"https:\\\/\\\/www.trustedtranslations.com\\\/pt-br\\\/#organization\",\"name\":\"Trusted Translations\",\"alternateName\":\"Trusted Translations, Inc.\",\"url\":\"https:\\\/\\\/www.trustedtranslations.com\\\/pt-br\\\/\",\"logo\":{\"@type\":\"ImageObject\",\"inLanguage\":\"pt-BR\",\"@id\":\"https:\\\/\\\/www.trustedtranslations.com\\\/pt-br\\\/#\\\/schema\\\/logo\\\/image\\\/\",\"url\":\"https:\\\/\\\/static.trustedtranslations.com\\\/wp-content\\\/uploads\\\/2022\\\/01\\\/TT_logo_WSIColors-2.png\",\"contentUrl\":\"https:\\\/\\\/static.trustedtranslations.com\\\/wp-content\\\/uploads\\\/2022\\\/01\\\/TT_logo_WSIColors-2.png\",\"width\":500,\"height\":196,\"caption\":\"Trusted Translations\"},\"image\":{\"@id\":\"https:\\\/\\\/www.trustedtranslations.com\\\/pt-br\\\/#\\\/schema\\\/logo\\\/image\\\/\"},\"sameAs\":[\"https:\\\/\\\/www.facebook.com\\\/Trusted.Translations\",\"https:\\\/\\\/x.com\\\/TrustedT9ns\",\"https:\\\/\\\/www.linkedin.com\\\/company\\\/trusted-translations\"]}]}<\/script>\n<!-- \/ Yoast SEO plugin. -->","yoast_head_json":{"title":"Tradu\u00e7\u00f5es de documentos - Trusted Translations, Inc.","description":"Procurando o melhor servi\u00e7o de tradu\u00e7\u00e3o de documentos? J\u00e1 encontrou. Somos n\u00f3s! Clique aqui e solicite um or\u00e7amento gratuito.","robots":{"index":"index","follow":"follow","max-snippet":"max-snippet:-1","max-image-preview":"max-image-preview:large","max-video-preview":"max-video-preview:-1"},"canonical":"https:\/\/www.trustedtranslations.com\/pt-br\/servicos\/humana\/documento","og_locale":"pt_BR","og_type":"article","og_title":"Tradu\u00e7\u00f5es de documentos - Trusted Translations, Inc.","og_description":"Procurando o melhor servi\u00e7o de tradu\u00e7\u00e3o de documentos? J\u00e1 encontrou. Somos n\u00f3s! Clique aqui e solicite um or\u00e7amento gratuito.","og_url":"https:\/\/www.trustedtranslations.com\/pt-br\/servicos\/humana\/documento","og_site_name":"Trusted Translations, Inc.","article_publisher":"https:\/\/www.facebook.com\/Trusted.Translations","article_modified_time":"2025-08-14T16:10:35+00:00","og_image":[{"width":150,"height":151,"url":"https:\/\/static.trustedtranslations.com\/wp-content\/uploads\/2024\/02\/TT-ICON_Document-Translations.webp","type":"image\/webp"}],"twitter_card":"summary_large_image","twitter_site":"@TrustedT9ns","schema":{"@context":"https:\/\/schema.org","@graph":[{"@type":"WebPage","@id":"https:\/\/www.trustedtranslations.com\/pt-br\/servicos\/humana\/documento","url":"https:\/\/www.trustedtranslations.com\/pt-br\/servicos\/humana\/documento","name":"Tradu\u00e7\u00f5es de documentos - Trusted Translations, Inc.","isPartOf":{"@id":"https:\/\/www.trustedtranslations.com\/pt-br\/#website"},"primaryImageOfPage":{"@id":"https:\/\/www.trustedtranslations.com\/pt-br\/servicos\/humana\/documento#primaryimage"},"image":{"@id":"https:\/\/www.trustedtranslations.com\/pt-br\/servicos\/humana\/documento#primaryimage"},"thumbnailUrl":"https:\/\/www.trustedtranslations.com\/wp-content\/uploads\/2024\/02\/TT-ICON_Document-Translations.webp","description":"Procurando o melhor servi\u00e7o de tradu\u00e7\u00e3o de documentos? J\u00e1 encontrou. Somos n\u00f3s! Clique aqui e solicite um or\u00e7amento gratuito.","breadcrumb":{"@id":"https:\/\/www.trustedtranslations.com\/pt-br\/servicos\/humana\/documento#breadcrumb"},"inLanguage":"pt-BR","potentialAction":[{"@type":"ReadAction","target":["https:\/\/www.trustedtranslations.com\/pt-br\/servicos\/humana\/documento"]}]},{"@type":"ImageObject","inLanguage":"pt-BR","@id":"https:\/\/www.trustedtranslations.com\/pt-br\/servicos\/humana\/documento#primaryimage","url":"https:\/\/www.trustedtranslations.com\/wp-content\/uploads\/2024\/02\/TT-ICON_Document-Translations.webp","contentUrl":"https:\/\/www.trustedtranslations.com\/wp-content\/uploads\/2024\/02\/TT-ICON_Document-Translations.webp","width":150,"height":151,"caption":"TT ICON Document Translations"},{"@type":"BreadcrumbList","@id":"https:\/\/www.trustedtranslations.com\/pt-br\/servicos\/humana\/documento#breadcrumb","itemListElement":[{"@type":"ListItem","position":1,"name":"Home","item":"https:\/\/www.trustedtranslations.com\/pt-br"},{"@type":"ListItem","position":2,"name":"Servi\u00e7os","item":"https:\/\/www.trustedtranslations.com\/pt-br\/servicos"},{"@type":"ListItem","position":3,"name":"Tradu\u00e7\u00e3o humana","item":"https:\/\/www.trustedtranslations.com\/pt-br\/servicos\/humana"},{"@type":"ListItem","position":4,"name":"Documentos"}]},{"@type":"WebSite","@id":"https:\/\/www.trustedtranslations.com\/pt-br\/#website","url":"https:\/\/www.trustedtranslations.com\/pt-br\/","name":"Trusted Translations, Inc.","description":"Leader in translation and interpretation services.","publisher":{"@id":"https:\/\/www.trustedtranslations.com\/pt-br\/#organization"},"alternateName":"Trusted Translations","potentialAction":[{"@type":"SearchAction","target":{"@type":"EntryPoint","urlTemplate":"https:\/\/www.trustedtranslations.com\/pt-br\/?s={search_term_string}"},"query-input":{"@type":"PropertyValueSpecification","valueRequired":true,"valueName":"search_term_string"}}],"inLanguage":"pt-BR"},{"@type":"Organization","@id":"https:\/\/www.trustedtranslations.com\/pt-br\/#organization","name":"Trusted Translations","alternateName":"Trusted Translations, Inc.","url":"https:\/\/www.trustedtranslations.com\/pt-br\/","logo":{"@type":"ImageObject","inLanguage":"pt-BR","@id":"https:\/\/www.trustedtranslations.com\/pt-br\/#\/schema\/logo\/image\/","url":"https:\/\/static.trustedtranslations.com\/wp-content\/uploads\/2022\/01\/TT_logo_WSIColors-2.png","contentUrl":"https:\/\/static.trustedtranslations.com\/wp-content\/uploads\/2022\/01\/TT_logo_WSIColors-2.png","width":500,"height":196,"caption":"Trusted Translations"},"image":{"@id":"https:\/\/www.trustedtranslations.com\/pt-br\/#\/schema\/logo\/image\/"},"sameAs":["https:\/\/www.facebook.com\/Trusted.Translations","https:\/\/x.com\/TrustedT9ns","https:\/\/www.linkedin.com\/company\/trusted-translations"]}]}},"toolset-meta":{"dyk":{"mensaje-1":{"type":"textfield","raw":"A Trusted Translations \u00e9 l\u00edder em tradu\u00e7\u00f5es de documentos com qualidade e pre\u00e7os competitivos."},"mensaje-2":{"type":"textfield","raw":"Prestamos servi\u00e7os aprovados de tradu\u00e7\u00e3o de documentos de e para mais de 150 idiomas."},"mensaje-3":{"type":"textfield","raw":"A Trusted Translations trabalha com todos os tipos de documenta\u00e7\u00e3o para empresas da Fortune 500."},"mensaje-4":{"type":"textfield","raw":"O nosso processo de verifica\u00e7\u00e3o de tr\u00eas etapas garante o mais alto n\u00edvel de qualidade para seus documentos."},"mensaje-5":{"type":"textfield","raw":""},"mensaje-6":{"type":"textfield","raw":""}},"single-page-template-fields":{"imgs-temp":{"type":"image","raw":["https:\/\/static.trustedtranslations.com\/wp-content\/uploads\/2024\/03\/document-final-2-1.webp","https:\/\/static.trustedtranslations.com\/wp-content\/uploads\/2024\/03\/document-final-1-1.webp","https:\/\/static.trustedtranslations.com\/wp-content\/uploads\/2024\/03\/document-final-6.webp"],"repeatable":[{"raw":"https:\/\/static.trustedtranslations.com\/wp-content\/uploads\/2024\/03\/document-final-2-1.webp"},{"raw":"https:\/\/static.trustedtranslations.com\/wp-content\/uploads\/2024\/03\/document-final-1-1.webp"},{"raw":"https:\/\/static.trustedtranslations.com\/wp-content\/uploads\/2024\/03\/document-final-6.webp"}]},"imgs-temp-cel":{"type":"image","raw":[""],"repeatable":[{"raw":""}]},"img-temp-one-cel":{"type":"image","raw":"https:\/\/static.trustedtranslations.com\/wp-content\/uploads\/2024\/03\/document-final-5-1.webp","attachment_id":null},"quotes":{"type":"textarea","raw":"<h1 style=\"margin-bottom: 12px;\">Servi\u00e7os de tradu\u00e7\u00e3o de documentos<\/h1>\r\nNosso foco principal \u00e9 entender seus objetivos para qualquer tradu\u00e7\u00e3o de documentos em particular. Com esse entendimento, adaptamos uma solu\u00e7\u00e3o com pre\u00e7os competitivos, qualidade garantida e prazos de entrega mais r\u00e1pidos.\r\n<div style=\"margin-top: 2.5vw;\"><a class=\"tt-btn-main-cta\" href=\"\/pt-br\/solicitud-orcamento\">SOLICITE UM OR\u00c7AMENTO GR\u00c1TIS<\/a><\/div>"},"text-1":{"type":"textarea","raw":"<div class=\"imgs-flex-template\">\r\n    <div>\r\n        <h2 style=\"margin-bottom: 20px;\">Experi\u00eancia comprovada<\/h2>\r\n        <p>Gra\u00e7as \u00e0 nossa vasta experi\u00eancia neste servi\u00e7o fundamental, somos capazes de fornecer aos nossos clientes:\r\n            <ul>\r\n                 <li>Or\u00e7amentos r\u00e1pidos e precisos para projetos pequenos e grandes.<\/li>\r\n                 <li>Tempos de resposta r\u00e1pidos, mesmo para projetos de grande volume.<\/li>\r\n                 <li>Tradu\u00e7\u00f5es de alta qualidade, realizadas por linguistas qualificados e testados.<\/li>\r\n                 <li>Acesso \u00e0 mais recente tecnologia de mem\u00f3ria de tradu\u00e7\u00e3o e softwares de idiomas.<\/li>\r\n                 <li>Gerentes de contas e de projetos dedicados, para manter nossos clientes atualizados sobre seus projetos e fazer quaisquer altera\u00e7\u00f5es ou acr\u00e9scimos que possam ser exigidos.<\/li>\r\n                 <li>O pre\u00e7o mais baixo do setor para esse n\u00edvel de qualidade.<\/li>\r\n                 <li>Mais de 20 anos de experi\u00eancia no fornecimento de tradu\u00e7\u00e3o de documentos em v\u00e1rios idiomas.<\/li>\r\n            <\/ul><\/p>\r\n    <\/div>\r\n    <img src=\"https:\/\/static.trustedtranslations.com\/wp-content\/uploads\/elementor\/thumbs\/document-qkqfs5dro4ekw18ry8hjl9urjjoxus3w0dki5ixa50.webp\">\r\n<\/div>\r\n\r\n<h2>Principais componentes em um projeto de tradu\u00e7\u00e3o de documentos<\/h2>\r\nCompreender os principais componentes de um projeto de tradu\u00e7\u00e3o de documentos pode ajudar voc\u00ea e sua empresa a planejar e or\u00e7ar adequadamente. A seguir encontram-se os principais elementos que analisamos para cada projeto de tradu\u00e7\u00e3o de documentos.\r\n\r\n<strong>Finalidade e p\u00fablico-alvo da tradu\u00e7\u00e3o:<\/strong> nossa primeira pergunta \u00e9, \u201cQual \u00e9 a finalidade do documento que est\u00e1 sendo traduzido e quem \u00e9 o p\u00fablico-alvo?\u201d Normalmente trabalhamos em conjunto com nossos clientes para avaliarmos o p\u00fablico-alvo e a finalidade da tradu\u00e7\u00e3o do documento. Por exemplo, no caso de processos do governo ou jur\u00eddicos, sabemos, por experi\u00eancia, que esses tipos de tradu\u00e7\u00e3o possuem requisitos de formata\u00e7\u00e3o, prazos de apresenta\u00e7\u00e3o r\u00edgidos e, muitas vezes, exigem um certificado de exatid\u00e3o.\r\n\r\n<strong>Tamanho e prazo:<\/strong> outros dois elementos fundamentais s\u00e3o o tamanho do documento e o prazo da tradu\u00e7\u00e3o. Saber o tamanho do documento e seu prazo de entrega pode ajudar nossos gerentes de projeto especializados a empregar o n\u00famero correto de recursos para que o projeto seja entregue no prazo, com o uso preciso e consistente de terminologia.\r\n\r\n<strong>Par(es) de idiomas:<\/strong> compreender todos os idiomas de destino \u00e9 outro elemento fundamental. Se um projeto exige que um documento seja traduzido para v\u00e1rios idiomas, nossos gerentes de projeto s\u00e3o treinados para utilizar certos fluxos de trabalho que garantem a precis\u00e3o em todos os idiomas de destino.\r\n\r\n<strong>Assunto:<\/strong> identificar o assunto de cada tradu\u00e7\u00e3o \u00e9 essencial para fornecer resultados de alta qualidade para nossos clientes. Enviamos cada tradu\u00e7\u00e3o para um linguista especializado, com experi\u00eancia em traduzir o assunto desse documento. Uma tradu\u00e7\u00e3o m\u00e9dica, por exemplo, muito provavelmente exigir\u00e1 conhecimentos espec\u00edficos para garantir que a terminologia correta seja usada na tradu\u00e7\u00e3o. Dependendo do assunto, nossos gerentes de projeto selecionar\u00e3o a equipe certa para cada projeto.\r\n\r\n<strong>Formato de arquivo:<\/strong> outro elemento a ser levado em considera\u00e7\u00e3o \u00e9 o formato de arquivo do documento original e qual formato de entrega \u00e9 necess\u00e1rio. A <em><em><em><em>Trusted Translations<\/em><\/em><\/em><\/em> tem uma equipe interna e dedicada de programadores, que se concentram exclusivamente na formata\u00e7\u00e3o das tradu\u00e7\u00f5es dos documentos de nossos clientes. De documentos digitalizados a formatos MS Office e Adobe Illustrator, avaliamos antecipadamente o formato de arquivo necess\u00e1rio e entregamos de acordo com nossos clientes.\r\n\r\nN\u00e3o importa o tamanho ou tipo do documento no projeto de tradu\u00e7\u00e3o, a <em><em><em><em>Trusted Translations<\/em><\/em><\/em><\/em> tem a experi\u00eancia para fornecer resultados de alta qualidade com algumas das melhores taxas do mercado. Nossos gerentes de contas especializados podem orientar voc\u00ea com facilidade durante o processo e entregar seu projeto com rapidez. N\u00e3o hesite em <a href=\"https:\/\/www.trustedtranslations.com\/pt-br\/sobre-nos\/contato\">falar conosco<\/a> hoje mesmo para uma consulta e\/ou <a href=\"https:\/\/www.trustedtranslations.com\/pt-br\/solicitud-orcamento\">or\u00e7amento<\/a>."},"shortcode-map":{"type":"textfield","raw":""},"dyk-shortcode":{"type":"textfield","raw":"[elementor-template id=\"147273\"]"},"text-2":{"type":"textarea","raw":"<div class=\"imgs-flex-template\">\r\n    <div>\r\n        <h2 style=\"margin-bottom: 20px;\">Tradu\u00e7\u00f5es de documentos de alta qualidade a pre\u00e7os acess\u00edveis\r\n        <\/h2>\r\n        <p>Os projetos de tradu\u00e7\u00e3o da <em><em><em><em>Trusted Translations<\/em><\/em><\/em><\/em> contam com os profissionais mais qualificados no campo da tradu\u00e7\u00e3o e localiza\u00e7\u00e3o. Um de nossos gerentes de contas atender\u00e1 sua solicita\u00e7\u00e3o de projeto e garantir\u00e1 que sua tradu\u00e7\u00e3o seja entregue no prazo, com o mais alto n\u00edvel de qualidade do setor.\r\n\r\n            Um gerente de projeto dedicado se encarrega do planejamento, conduz a execu\u00e7\u00e3o e supervisiona o controle do projeto. Quando aplic\u00e1vel, um gerente de TI entra em cena para revisar todas as exig\u00eancias t\u00e9cnicas do projeto. O gerente de editora\u00e7\u00e3o eletr\u00f4nica (DTP) garante a conclus\u00e3o de qualquer arte ou formata\u00e7\u00e3o, se necess\u00e1rio, para que o documento traduzido seja o espelho do documento original.\r\n            \r\n            O nosso exclusivo processo de controle de qualidade foi desenvolvido para garantir que cada tradu\u00e7\u00e3o seja verificada por tr\u00eas recursos especializados separados: tradutor, editor e revisor. Com isso, o nosso resultado final atinge o mais alto n\u00edvel de qualidade.<\/p>\r\n    <\/div>\r\n    <img src=\"https:\/\/static.trustedtranslations.com\/wp-content\/uploads\/elementor\/thumbs\/document-1-qkqfsq292c06ackwiib70v8a84qy4pkh78r3wgcaxk.webp\">\r\n<\/div>"},"state":{"type":"textfield","raw":""},"city":{"type":"textarea","raw":[""]}}},"_links":{"self":[{"href":"https:\/\/www.trustedtranslations.com\/pt-br\/wp-json\/wp\/v2\/pages\/134975","targetHints":{"allow":["GET"]}}],"collection":[{"href":"https:\/\/www.trustedtranslations.com\/pt-br\/wp-json\/wp\/v2\/pages"}],"about":[{"href":"https:\/\/www.trustedtranslations.com\/pt-br\/wp-json\/wp\/v2\/types\/page"}],"author":[{"embeddable":true,"href":"https:\/\/www.trustedtranslations.com\/pt-br\/wp-json\/wp\/v2\/users\/1"}],"replies":[{"embeddable":true,"href":"https:\/\/www.trustedtranslations.com\/pt-br\/wp-json\/wp\/v2\/comments?post=134975"}],"version-history":[{"count":0,"href":"https:\/\/www.trustedtranslations.com\/pt-br\/wp-json\/wp\/v2\/pages\/134975\/revisions"}],"up":[{"embeddable":true,"href":"https:\/\/www.trustedtranslations.com\/pt-br\/wp-json\/wp\/v2\/pages\/134978"}],"wp:featuredmedia":[{"embeddable":true,"href":"https:\/\/www.trustedtranslations.com\/pt-br\/wp-json\/wp\/v2\/media\/236275"}],"wp:attachment":[{"href":"https:\/\/www.trustedtranslations.com\/pt-br\/wp-json\/wp\/v2\/media?parent=134975"}],"curies":[{"name":"wp","href":"https:\/\/api.w.org\/{rel}","templated":true}]}}